{"id":554,"date":"2021-12-15T20:20:43","date_gmt":"2021-12-15T19:20:43","guid":{"rendered":"https:\/\/pedagogie.ac-lille.fr\/lv-voiepro\/?page_id=554"},"modified":"2021-12-15T20:23:45","modified_gmt":"2021-12-15T19:23:45","slug":"realisations","status":"publish","type":"page","link":"https:\/\/pedagogie.ac-lille.fr\/lv-voiepro\/realisations\/","title":{"rendered":"R\u00e9alisations d&rsquo;\u00e9l\u00e8ves et de professeurs"},"content":{"rendered":"\n<p>Des exemples d&rsquo;actions et de projets mis en \u0153uvre dans l&rsquo;acad\u00e9mie seront progressivement publi\u00e9s. Vos propositions peuvent \u00eatre adress\u00e9 \u00e0 votre inspectrice ou votre inspecteur.<\/p>\n\n\n\n<h2 class=\"wp-block-heading\">New Horizon<\/h2>\n\n\n\n<p>Les \u00e9l\u00e8ves de premi\u00e8re de baccalaur\u00e9at professionnel Hygi\u00e8ne, propret\u00e9 et st\u00e9rilisation du lyc\u00e9e Ile Jeanty de Dunkerque ont cr\u00e9\u00e9 un espace d\u00e9di\u00e9 aux langues \u00e9trang\u00e8res dans un espace situ\u00e9 au CDI. Ce projet illustre une des mani\u00e8res de rendre les langues pr\u00e9sentes aux \u00e9l\u00e8ves en dehors des heures de cours d\u00e9di\u00e9es. C&rsquo;est \u00e9galement l&rsquo;exemple d&rsquo;une d\u00e9marche permettant l&rsquo;engagement des \u00e9l\u00e8ves \u00e0 travers des initiatives et des choix r\u00e9alis\u00e9s dans le cadre d&rsquo;un projet p\u00e9dagogique.<\/p>\n\n\n\n<div class=\"wp-block-file\"><a href=\"https:\/\/pedagogie.ac-lille.fr\/lv-voiepro\/wp-content\/uploads\/sites\/7\/2021\/12\/New-Horizon.pdf\">New-Horizon<\/a><a href=\"https:\/\/pedagogie.ac-lille.fr\/lv-voiepro\/wp-content\/uploads\/sites\/7\/2021\/12\/New-Horizon.pdf\" class=\"wp-block-file__button\" download>T\u00e9l\u00e9charger<\/a><\/div>\n\n\n\n<p><\/p>\n","protected":false},"excerpt":{"rendered":"<p>Des exemples d&rsquo;actions et de projets mis en \u0153uvre dans l&rsquo;acad\u00e9mie seront progressivement publi\u00e9s. Vos propositions peuvent \u00eatre adress\u00e9 \u00e0 votre inspectrice ou votre inspecteur. New Horizon Les \u00e9l\u00e8ves de premi\u00e8re de baccalaur\u00e9at professionnel Hygi\u00e8ne, propret\u00e9 et st\u00e9rilisation du lyc\u00e9e Ile Jeanty de Dunkerque ont cr\u00e9\u00e9 un espace d\u00e9di\u00e9 aux langues \u00e9trang\u00e8res dans un espace [&hellip;]<\/p>\n","protected":false},"author":16,"featured_media":0,"parent":0,"menu_order":0,"comment_status":"closed","ping_status":"closed","template":"","meta":{"ngg_post_thumbnail":0,"footnotes":""},"class_list":["post-554","page","type-page","status-publish","czr-hentry"],"publishpress_future_action":{"enabled":false,"date":"2026-04-12 19:41:33","action":"change-status","newStatus":"draft","terms":[],"taxonomy":"","extraData":[]},"publishpress_future_workflow_manual_trigger":{"enabledWorkflows":[]},"_links":{"self":[{"href":"https:\/\/pedagogie.ac-lille.fr\/lv-voiepro\/wp-json\/wp\/v2\/pages\/554","targetHints":{"allow":["GET"]}}],"collection":[{"href":"https:\/\/pedagogie.ac-lille.fr\/lv-voiepro\/wp-json\/wp\/v2\/pages"}],"about":[{"href":"https:\/\/pedagogie.ac-lille.fr\/lv-voiepro\/wp-json\/wp\/v2\/types\/page"}],"author":[{"embeddable":true,"href":"https:\/\/pedagogie.ac-lille.fr\/lv-voiepro\/wp-json\/wp\/v2\/users\/16"}],"replies":[{"embeddable":true,"href":"https:\/\/pedagogie.ac-lille.fr\/lv-voiepro\/wp-json\/wp\/v2\/comments?post=554"}],"version-history":[{"count":4,"href":"https:\/\/pedagogie.ac-lille.fr\/lv-voiepro\/wp-json\/wp\/v2\/pages\/554\/revisions"}],"predecessor-version":[{"id":567,"href":"https:\/\/pedagogie.ac-lille.fr\/lv-voiepro\/wp-json\/wp\/v2\/pages\/554\/revisions\/567"}],"wp:attachment":[{"href":"https:\/\/pedagogie.ac-lille.fr\/lv-voiepro\/wp-json\/wp\/v2\/media?parent=554"}],"curies":[{"name":"wp","href":"https:\/\/api.w.org\/{rel}","templated":true}]}}