{"id":583,"date":"2022-02-28T13:35:01","date_gmt":"2022-02-28T12:35:01","guid":{"rendered":"https:\/\/pedagogie.ac-lille.fr\/lv-voiepro\/?page_id=583"},"modified":"2025-03-24T10:11:56","modified_gmt":"2025-03-24T09:11:56","slug":"ouverture-internationale","status":"publish","type":"page","link":"https:\/\/pedagogie.ac-lille.fr\/lv-voiepro\/ouverture-internationale\/","title":{"rendered":"OUVERTURE EUROPEENNE et INTERNATIONALE"},"content":{"rendered":"\n<p>Dans un premier temps, nous vous invitons \u00e0 d\u00e9couvrir, si vous ne le connaissez pas, le portail de la DRAREIC en suivant le lien suivant:<\/p>\n\n\n\n<p><a href=\"https:\/\/www1.ac-lille.fr\/la-delegation-de-region-academique-aux-relations-europeennes-et-internationales-et-a-la-cooperation-121595\">https:\/\/www1.ac-lille.fr\/la-delegation-de-region-academique-aux-relations-europeennes-et-internationales-et-a-la-cooperation-121595<\/a><\/p>\n\n\n\n<p><\/p>\n\n\n\n<p><\/p>\n\n\n\n<h2 class=\"wp-block-heading\"><strong>SECTIONS EUROPEENNES<\/strong>: \u00e9preuve sp\u00e9cifique \u00e0 partir de juin 2025<\/h2>\n\n\n\n<p> L\u2019\u00e9preuve orale s\u2019effectuera dor\u00e9navant en CCF&nbsp;: arr\u00eat\u00e9 du 27 juin 2024 relatif aux conditions d&rsquo;attribution de l&rsquo;indication section europ\u00e9enne sur le dipl\u00f4me du baccalaur\u00e9at professionnel<\/p>\n\n\n\n<p><a href=\"https:\/\/www.legifrance.gouv.fr\/jorf\/id\/JORFTEXT000049871146\">https:\/\/www.legifrance.gouv.fr\/jorf\/id\/JORFTEXT000049871146<\/a><\/p>\n\n\n\n<p><a href=\"Arr\u00eat\u00e9%20du%2027%20juin%202024%20relatif%20aux%20conditions%20d'attribution%20de%20l'indication%20section%20europ\u00e9enne%20sur%20le%20dipl\u00f4me%20du%20brevet%20des%20m\u00e9tiers%20d'art\">Arr\u00eat\u00e9 du 27 juin 2024 relatif aux conditions d&rsquo;attribution de l&rsquo;indication section europ\u00e9enne sur le dipl\u00f4me du brevet des m\u00e9tiers d&rsquo;art<\/a><\/p>\n\n\n\n<p>Ce qui ne change pas&nbsp;:<\/p>\n\n\n\n<p>Les conditions d\u2019obtention<\/p>\n\n\n\n<ul class=\"wp-block-list\">\n<li>Note \u00e9gale ou sup\u00e9rieure \u00e0 12 sur 20 \u00e0 l&rsquo;\u00e9preuve obligatoire de langue vivante, correspondant \u00e0 la langue de la section europ\u00e9enne dont il rel\u00e8ve ;<\/li>\n\n\n\n<li>Note \u00e9gale ou sup\u00e9rieure \u00e0 10 sur 20 \u00e0 une \u00e9valuation sp\u00e9cifique visant \u00e0 appr\u00e9cier le niveau de ma\u00eetrise de la langue acquis au cours de la scolarit\u00e9 en section europ\u00e9enne dans une discipline non linguistique offerte par l&rsquo;\u00e9tablissement scolaire ou le centre de formation d&rsquo;apprentis.<\/li>\n<\/ul>\n\n\n\n<p>L\u2019\u00e9valuation sp\u00e9cifique<\/p>\n\n\n\n<ul class=\"wp-block-list\">\n<li>L\u2019interrogation orale en langue vivante dans la DNL compte pour 80 % de la note globale. Elle est r\u00e9alis\u00e9e par un professeur de la langue vivante, assist\u00e9 par le professeur certifi\u00e9 de la discipline non linguistique.<\/li>\n\n\n\n<li>la note sanctionnant la scolarit\u00e9 de l&rsquo;\u00e9l\u00e8ve dans la discipline non linguistique compte pour 20 % de la note globale et est conjointement attribu\u00e9e par le professeur de langues et le professeur de DNL.<\/li>\n\n\n\n<li>La note attribu\u00e9e \u00e0 cette \u00e9valuation sp\u00e9cifique n&rsquo;est pas prise en compte pour le calcul de la moyenne g\u00e9n\u00e9rale du candidat \u00e0 l&rsquo;examen du baccalaur\u00e9at professionnel ; sauf si le candidat, au moment de son inscription \u00e0 l&rsquo;examen, a choisi, conform\u00e9ment aux dispositions de l&rsquo;article D. 337-86 du code de l&rsquo;\u00e9ducation, de substituer l&rsquo;\u00e9valuation sp\u00e9cifique \u00e0 l&rsquo;\u00e9preuve facultative de langue vivante.<\/li>\n<\/ul>\n\n\n\n<p><strong>Ce qui change&nbsp;:<\/strong><\/p>\n\n\n\n<ul class=\"wp-block-list\">\n<li>L&rsquo;\u00e9valuation sp\u00e9cifique a lieu en CCF au cours de l&rsquo;ann\u00e9e de terminale. Elle se d\u00e9roulera avant le 1<sup>er<\/sup> mai 25.<\/li>\n<\/ul>\n\n\n\n<p>L&rsquo;\u00e9preuve orale sp\u00e9cifique : <\/p>\n\n\n\n<div data-wp-interactive=\"core\/file\" class=\"wp-block-file\"><object data-wp-bind--hidden=\"!state.hasPdfPreview\" hidden class=\"wp-block-file__embed\" data=\"https:\/\/pedagogie.ac-lille.fr\/lv-voiepro\/wp-content\/uploads\/sites\/7\/2025\/03\/DNL-en-CCF-conseils-et-rappels.pdf\" type=\"application\/pdf\" style=\"width:100%;height:600px\" aria-label=\"Contenu embarqu\u00e9 DNL en CCF conseils et rappels.\"><\/object><a id=\"wp-block-file--media-bfd887d4-1da1-45d1-a7c2-7632b11881e6\" href=\"https:\/\/pedagogie.ac-lille.fr\/lv-voiepro\/wp-content\/uploads\/sites\/7\/2025\/03\/DNL-en-CCF-conseils-et-rappels.pdf\">DNL en CCF conseils et rappels<\/a><a href=\"https:\/\/pedagogie.ac-lille.fr\/lv-voiepro\/wp-content\/uploads\/sites\/7\/2025\/03\/DNL-en-CCF-conseils-et-rappels.pdf\" class=\"wp-block-file__button wp-element-button\" download aria-describedby=\"wp-block-file--media-bfd887d4-1da1-45d1-a7c2-7632b11881e6\">T\u00e9l\u00e9charger<\/a><\/div>\n\n\n\n<p><\/p>\n\n\n\n<p><\/p>\n\n\n\n<h2 class=\"wp-block-heading\"><strong>DNL<\/strong> : <strong>Guide pour l&rsquo;enseignement en langue vivante \u00e9trang\u00e8re de l&rsquo;\u00e9cole au lyc\u00e9e<\/strong> :<\/h2>\n\n\n\n<p>Ce guide a pour ambition d&rsquo;<strong>accompagner tr\u00e8s concr\u00e8tement le d\u00e9veloppement de l&rsquo;enseignement en langue<\/strong>,&nbsp;<strong>dans les \u00e9coles, les coll\u00e8ges et les lyc\u00e9es,<\/strong>&nbsp;en France et dans le r\u00e9seau de l&rsquo;enseignement fran\u00e7ais \u00e0 l&rsquo;\u00e9tranger, pour constituer des parcours renforc\u00e9s au b\u00e9n\u00e9fice du plus grand nombre d&rsquo;\u00e9l\u00e8ves.<\/p>\n\n\n\n<p><a href=\"https:\/\/eduscol.education.fr\/366\/guide-pour-l-enseignement-en-langue-vivante-etrangere-de-l-ecole-au-lycee\" data-type=\"link\" data-id=\"https:\/\/eduscol.education.fr\/366\/guide-pour-l-enseignement-en-langue-vivante-etrangere-de-l-ecole-au-lycee\">https:\/\/eduscol.education.fr\/366\/guide-pour-l-enseignement-en-langue-vivante-etrangere-de-l-ecole-au-lycee<\/a><\/p>\n","protected":false},"excerpt":{"rendered":"<p>Dans un premier temps, nous vous invitons \u00e0 d\u00e9couvrir, si vous ne le connaissez pas, le portail de la DRAREIC en suivant le lien suivant: https:\/\/www1.ac-lille.fr\/la-delegation-de-region-academique-aux-relations-europeennes-et-internationales-et-a-la-cooperation-121595 SECTIONS EUROPEENNES: \u00e9preuve sp\u00e9cifique \u00e0 partir de juin 2025 L\u2019\u00e9preuve orale s\u2019effectuera dor\u00e9navant en CCF&nbsp;: arr\u00eat\u00e9 du 27 juin 2024 relatif aux conditions d&rsquo;attribution de l&rsquo;indication section europ\u00e9enne sur [&hellip;]<\/p>\n","protected":false},"author":21,"featured_media":0,"parent":0,"menu_order":0,"comment_status":"closed","ping_status":"closed","template":"","meta":{"ngg_post_thumbnail":0,"footnotes":""},"class_list":["post-583","page","type-page","status-publish","czr-hentry"],"publishpress_future_action":{"enabled":false,"date":"2026-04-12 23:01:13","action":"change-status","newStatus":"draft","terms":[],"taxonomy":"","extraData":[]},"publishpress_future_workflow_manual_trigger":{"enabledWorkflows":[]},"_links":{"self":[{"href":"https:\/\/pedagogie.ac-lille.fr\/lv-voiepro\/wp-json\/wp\/v2\/pages\/583","targetHints":{"allow":["GET"]}}],"collection":[{"href":"https:\/\/pedagogie.ac-lille.fr\/lv-voiepro\/wp-json\/wp\/v2\/pages"}],"about":[{"href":"https:\/\/pedagogie.ac-lille.fr\/lv-voiepro\/wp-json\/wp\/v2\/types\/page"}],"author":[{"embeddable":true,"href":"https:\/\/pedagogie.ac-lille.fr\/lv-voiepro\/wp-json\/wp\/v2\/users\/21"}],"replies":[{"embeddable":true,"href":"https:\/\/pedagogie.ac-lille.fr\/lv-voiepro\/wp-json\/wp\/v2\/comments?post=583"}],"version-history":[{"count":9,"href":"https:\/\/pedagogie.ac-lille.fr\/lv-voiepro\/wp-json\/wp\/v2\/pages\/583\/revisions"}],"predecessor-version":[{"id":867,"href":"https:\/\/pedagogie.ac-lille.fr\/lv-voiepro\/wp-json\/wp\/v2\/pages\/583\/revisions\/867"}],"wp:attachment":[{"href":"https:\/\/pedagogie.ac-lille.fr\/lv-voiepro\/wp-json\/wp\/v2\/media?parent=583"}],"curies":[{"name":"wp","href":"https:\/\/api.w.org\/{rel}","templated":true}]}}