{"id":74,"date":"2020-09-03T08:17:31","date_gmt":"2020-09-03T06:17:31","guid":{"rendered":"http:\/\/pedagogie.ac-lille.fr\/lv-voiepro\/\/?page_id=74"},"modified":"2021-02-24T19:47:48","modified_gmt":"2021-02-24T18:47:48","slug":"cap","status":"publish","type":"page","link":"https:\/\/pedagogie.ac-lille.fr\/lv-voiepro\/examens\/cap\/","title":{"rendered":"CAP"},"content":{"rendered":"\n<h2 class=\"wp-block-heading\">D\u00e9finitions d&rsquo;\u00e9preuves<\/h2>\n\n\n\n<p class=\"has-very-dark-gray-color has-very-light-gray-background-color has-text-color has-background\"><strong>Remarque <\/strong>: le programme de langues vivantes, plus que l&rsquo;\u00e9preuve d&rsquo;examen, doit inspirer les activit\u00e9s propos\u00e9es aux \u00e9l\u00e8ves pour les apprentissages. <\/p>\n\n\n\n<p>Les nouvelles modalit\u00e9s d&rsquo;examen entrent en vigueur pour le CAP \u00e0 la session 2021. Consulter l&rsquo;<a rel=\"noreferrer noopener\" href=\"https:\/\/www.legifrance.gouv.fr\/affichTexte.do?cidTexte=JORFTEXT000039034347\" target=\"_blank\">arr\u00eat\u00e9 du 30 ao\u00fbt 2019<\/a>.<\/p>\n\n\n\n<ul class=\"wp-block-list\"><li>Article 1 : \u00e9preuve de langue vivante obligatoire coefficient 1<\/li><li>Articles 6 et 7 : choix de la langue<\/li><li>Article 8 : possibilit\u00e9 d&rsquo;une \u00e9preuve professionnelle<\/li><li>Annexe V : d\u00e9finition de l&rsquo;\u00e9preuve obligatoire<\/li><li>Annexe VI : d\u00e9finition de l&rsquo;\u00e9preuve facultative<\/li><\/ul>\n\n\n\n<p>Nous vous proposons un tableau synth\u00e9tique ainsi que des supports de pr\u00e9sentation pour accompagner et faciliter la lecture du texte r\u00e9glementaire.<\/p>\n\n\n\n<div class=\"wp-block-file\"><a href=\"http:\/\/pedagogie.ac-lille.fr\/lv-voiepro\/\/wp-content\/uploads\/sites\/7\/2020\/09\/Tableau-\u00e9preuves-CAP-V2.pdf\" target=\"_blank\" rel=\"noreferrer noopener\">Tableau \u00e9preuves CAP<\/a><a href=\"http:\/\/pedagogie.ac-lille.fr\/lv-voiepro\/\/wp-content\/uploads\/sites\/7\/2020\/09\/Tableau-\u00e9preuves-CAP-V2.pdf\" class=\"wp-block-file__button\" download>T\u00e9l\u00e9charger<\/a><\/div>\n\n\n\n<h2 class=\"wp-block-heading\">Supports d&rsquo;\u00e9valuation<\/h2>\n\n\n\n<p>Consulter le <a rel=\"noreferrer noopener\" href=\"https:\/\/www.education.gouv.fr\/bo\/20\/Hebdo26\/MENE2014838N.htm\" target=\"_blank\">Bulletin officiel n\u00b026 du 25 juin 2020<\/a>. <\/p>\n\n\n\n<ul class=\"wp-block-list\"><li>Annexe IV : <a href=\"https:\/\/www.education.gouv.fr\/media\/68974\/download\" target=\"_blank\" rel=\"noreferrer noopener\">grille pour l&rsquo;\u00e9preuve obligatoire<\/a> (contr\u00f4le en cours de formation et \u00e9preuve finale ponctuelle)<\/li><li>Annexe V : <a href=\"https:\/\/www.education.gouv.fr\/media\/68977\/download\" target=\"_blank\" rel=\"noreferrer noopener\">grille pour l&rsquo;\u00e9preuve facultative<\/a><\/li><\/ul>\n\n\n\n<h2 class=\"wp-block-heading\">\u00c9preuve obligatoire ou facultative ?<\/h2>\n\n\n\n<p>L&rsquo;enseignement d&rsquo;une langue vivante \u00e9trang\u00e8re est obligatoire pour toutes les sp\u00e9cialit\u00e9s de CAP, sous statut scolaire et sous statut d&rsquo;apprenti.<\/p>\n\n\n\n<p>A l&rsquo;examen, l&rsquo;\u00e9preuve est obligatoire ou facultative en fonction du r\u00e8glement propre \u00e0 la sp\u00e9cialit\u00e9. Le site Eduscol fournit <a href=\"https:\/\/eduscol.education.fr\/1923\/le-certificat-d-aptitude-professionnelle-cap#summary-item-11\" target=\"_blank\" rel=\"noreferrer noopener\">un r\u00e9f\u00e9rentiel des sp\u00e9cialit\u00e9s de CAP<\/a> (pr\u00e8s de 200), \u00e0 partir duquel vous pouvez effectuer une recherche. Selon les cas, elle retourne un document unique (l&rsquo;arr\u00eat\u00e9 de cr\u00e9ation avec ses annexes) ou des documents s\u00e9par\u00e9s (l&rsquo;arr\u00eat\u00e9 de cr\u00e9ation puis chacune de ses annexes). L&rsquo;une des annexes est le r\u00e8glement d&rsquo;examen.<\/p>\n\n\n\n<p>Dans le r\u00e8glement d&rsquo;examen, la langue vivante appara\u00eet en tant qu&rsquo;unit\u00e9 obligatoire (UG) ou unit\u00e9 facultative (UF).<\/p>\n\n\n\n<p class=\"has-very-dark-gray-color has-very-light-gray-background-color has-text-color has-background\"><strong>Remarque <\/strong>: plusieurs r\u00e8glements d&rsquo;examen comportent d&rsquo;anciennes indications relatives \u00e0 la dur\u00e9e de l&rsquo;\u00e9preuve ou \u00e0 son caract\u00e8re oral. Ces indications, lorsqu&rsquo;elles sont ant\u00e9rieures \u00e0 l&rsquo;arr\u00eat\u00e9 du 30 ao\u00fbt 2019, ne doivent pas \u00eatre prises en compte. Les modalit\u00e9s en vigueur sont celles indiqu\u00e9es sur la pr\u00e9sente page.<\/p>\n\n\n\n<h2 class=\"wp-block-heading\">Forme ponctuelle ou contr\u00f4le en cours de formation ?<\/h2>\n\n\n\n<p>Cette question vaut uniquement pour l&rsquo;\u00e9preuve obligatoire (l&rsquo;\u00e9preuve facultative est ponctuelle). Le contr\u00f4le en cours de formation concerne les candidats qui ont pr\u00e9par\u00e9 le CAP :<\/p>\n\n\n\n<ul class=\"wp-block-list\"><li>par la voie scolaire dans des \u00e9tablissements d&rsquo;enseignement public ou des \u00e9tablissements d&rsquo;enseignement priv\u00e9s sous contrat,<\/li><li>par l&rsquo;apprentissage, dans des centres de formation d&rsquo;apprentis habilit\u00e9s,<\/li><li>ou dans le cadre de la formation professionnelle continue dans un \u00e9tablissement public.<\/li><\/ul>\n\n\n\n<p>Les autres candidats sont \u00e9valu\u00e9s sous forme ponctuelle.<\/p>\n\n\n\n<h2 class=\"wp-block-heading\">Exemples de sujets pour l&rsquo;\u00e9preuve obligatoire<\/h2>\n\n\n\n<p>L&rsquo;\u00e9preuve \u00e9crite commune prend appui sur un sujet. Pour l&rsquo;\u00e9preuve ponctuelle, c&rsquo;est un sujet national. Pour le contr\u00f4le en cours de formation, le sujet est \u00e9labor\u00e9 au sein de l&rsquo;\u00e9tablissement ou du CFA. Vous trouverez des recommandations et des exemples de sujets sur <a href=\"http:\/\/pedagogie.ac-lille.fr\/lv-voiepro\/\/examens\/cap\/sujets-ecrit-cap\/\">note page sp\u00e9cifique consacr\u00e9e \u00e0 la question.<\/a><\/p>\n\n\n\n<p>L&rsquo;\u00e9preuve orale individuelle am\u00e8ne les candidats \u00e0 s&rsquo;exprimer \u00e0 propos d&rsquo;un sujet qui rel\u00e8ve de leur choix. L&rsquo;accompagnement et les conseils des enseignants tout au long du parcours permettent de d\u00e9terminer progressivement le sujet et les contenus de la prise de parole.<\/p>\n","protected":false},"excerpt":{"rendered":"<p>D\u00e9finitions d&rsquo;\u00e9preuves Remarque : le programme de langues vivantes, plus que l&rsquo;\u00e9preuve d&rsquo;examen, doit inspirer les activit\u00e9s propos\u00e9es aux \u00e9l\u00e8ves pour les apprentissages. Les nouvelles modalit\u00e9s d&rsquo;examen entrent en vigueur pour le CAP \u00e0 la session 2021. Consulter l&rsquo;arr\u00eat\u00e9 du 30 ao\u00fbt 2019. Article 1 : \u00e9preuve de langue vivante obligatoire coefficient 1 Articles 6 [&hellip;]<\/p>\n","protected":false},"author":16,"featured_media":0,"parent":78,"menu_order":1,"comment_status":"closed","ping_status":"closed","template":"","meta":{"ngg_post_thumbnail":0,"footnotes":""},"class_list":["post-74","page","type-page","status-publish","czr-hentry"],"publishpress_future_action":{"enabled":false,"date":"2026-04-22 23:50:55","action":"change-status","newStatus":"draft","terms":[],"taxonomy":"","extraData":[]},"publishpress_future_workflow_manual_trigger":{"enabledWorkflows":[]},"_links":{"self":[{"href":"https:\/\/pedagogie.ac-lille.fr\/lv-voiepro\/wp-json\/wp\/v2\/pages\/74","targetHints":{"allow":["GET"]}}],"collection":[{"href":"https:\/\/pedagogie.ac-lille.fr\/lv-voiepro\/wp-json\/wp\/v2\/pages"}],"about":[{"href":"https:\/\/pedagogie.ac-lille.fr\/lv-voiepro\/wp-json\/wp\/v2\/types\/page"}],"author":[{"embeddable":true,"href":"https:\/\/pedagogie.ac-lille.fr\/lv-voiepro\/wp-json\/wp\/v2\/users\/16"}],"replies":[{"embeddable":true,"href":"https:\/\/pedagogie.ac-lille.fr\/lv-voiepro\/wp-json\/wp\/v2\/comments?post=74"}],"version-history":[{"count":17,"href":"https:\/\/pedagogie.ac-lille.fr\/lv-voiepro\/wp-json\/wp\/v2\/pages\/74\/revisions"}],"predecessor-version":[{"id":368,"href":"https:\/\/pedagogie.ac-lille.fr\/lv-voiepro\/wp-json\/wp\/v2\/pages\/74\/revisions\/368"}],"up":[{"embeddable":true,"href":"https:\/\/pedagogie.ac-lille.fr\/lv-voiepro\/wp-json\/wp\/v2\/pages\/78"}],"wp:attachment":[{"href":"https:\/\/pedagogie.ac-lille.fr\/lv-voiepro\/wp-json\/wp\/v2\/media?parent=74"}],"curies":[{"name":"wp","href":"https:\/\/api.w.org\/{rel}","templated":true}]}}