{"id":76,"date":"2020-09-03T08:18:46","date_gmt":"2020-09-03T06:18:46","guid":{"rendered":"http:\/\/pedagogie.ac-lille.fr\/lv-voiepro\/\/?page_id=76"},"modified":"2021-11-24T19:42:08","modified_gmt":"2021-11-24T18:42:08","slug":"bacpro","status":"publish","type":"page","link":"https:\/\/pedagogie.ac-lille.fr\/lv-voiepro\/examens\/bacpro\/","title":{"rendered":"Baccalaur\u00e9at professionnel"},"content":{"rendered":"\n<h2 class=\"wp-block-heading\">A partir de la session 2022<\/h2>\n\n\n\n<p>Les modalit\u00e9s d&rsquo;\u00e9valuation des langues vivantes sont d\u00e9finies par l&rsquo;arr\u00eat\u00e9 du 17 juin 2020, publi\u00e9 au <a rel=\"noreferrer noopener\" href=\"https:\/\/www.education.gouv.fr\/bo\/20\/Hebdo30\/MENE2015195A.htm\" target=\"_blank\">Bulletin officiel n\u00b030 du 23 juillet 2020<\/a>. Il pr\u00e9cise les coefficients et les langues autoris\u00e9es. Les annexes sont accessibles via les liens ci-dessous.<\/p>\n\n\n\n<ul class=\"wp-block-list\"><li><a rel=\"noreferrer noopener\" href=\"https:\/\/www.legifrance.gouv.fr\/loda\/article_lc\/LEGIARTI000042085010\" target=\"_blank\">A<\/a><a href=\"https:\/\/www.legifrance.gouv.fr\/loda\/id\/LEGISCTA000042084965\" target=\"_blank\" rel=\"noreferrer noopener\">nnexe V<\/a> : d\u00e9finition de l&rsquo;\u00e9preuve obligatoire (langue vivante A et B, contr\u00f4le en cours de formation et \u00e9preuve finale ponctuelle)<\/li><li><a href=\"https:\/\/www.legifrance.gouv.fr\/loda\/id\/LEGISCTA000042084971\" target=\"_blank\" rel=\"noreferrer noopener\">Annexe <\/a><a rel=\"noreferrer noopener\" href=\"https:\/\/www.legifrance.gouv.fr\/loda\/article_lc\/LEGIARTI000042085022\" target=\"_blank\">XI<\/a> : d\u00e9finition de l&rsquo;\u00e9preuve facultative<\/li><\/ul>\n\n\n\n<p>Les supports d&rsquo;\u00e9valuation et de notation sont annex\u00e9s \u00e0 la note de service du 22 juin 2021, publi\u00e9e au <a rel=\"noreferrer noopener\" href=\"https:\/\/www.education.gouv.fr\/bo\/21\/Hebdo28\/MENE2119707N.htm\" data-type=\"URL\" data-id=\"https:\/\/www.education.gouv.fr\/bo\/21\/Hebdo28\/MENE2119707N.htm\" target=\"_blank\">Bulletin officiel n\u00b028 du 15 juillet 2021<\/a>. <\/p>\n\n\n\n<ul class=\"wp-block-list\"><li><a href=\"https:\/\/cache.media.education.gouv.fr\/file\/28\/09\/9\/ensel707_annexe4_1416099.pdf\" data-type=\"URL\" data-id=\"https:\/\/cache.media.education.gouv.fr\/file\/28\/09\/9\/ensel707_annexe4_1416099.pdf\">Annexe IV<\/a> : grille nationale d&rsquo;\u00e9valuation de la LVA<\/li><li><a href=\"https:\/\/cache.media.education.gouv.fr\/file\/28\/10\/1\/ensel707_annexe5_1416101.pdf\">Annexe V<\/a> :  grille nationale d&rsquo;\u00e9valuation de la LVB<\/li><li><a href=\"https:\/\/cache.media.education.gouv.fr\/file\/28\/10\/7\/ensel707_annexe8_1416107.pdf\">Annexe VIII<\/a> : grille nationale d&rsquo;\u00e9valuation de l&rsquo;\u00e9preuve facultative de langue vivante<\/li><\/ul>\n\n\n\n<p class=\"has-vivid-green-cyan-background-color has-background\">Vous pouvez \u00e9galement consulter notre document de pr\u00e9sentation ci-dessous.<\/p>\n\n\n\n<figure class=\"wp-block-image size-large\"><img loading=\"lazy\" decoding=\"async\" width=\"724\" height=\"1024\" src=\"https:\/\/pedagogie.ac-lille.fr\/lv-voiepro\/wp-content\/uploads\/sites\/7\/2021\/11\/EPREUVES-DE-LANGUES-VIVANTES-BAC-PRO-SESSION-2022_page-0001-724x1024.jpg\" alt=\"\" class=\"wp-image-544\" srcset=\"https:\/\/pedagogie.ac-lille.fr\/lv-voiepro\/wp-content\/uploads\/sites\/7\/2021\/11\/EPREUVES-DE-LANGUES-VIVANTES-BAC-PRO-SESSION-2022_page-0001-724x1024.jpg 724w, https:\/\/pedagogie.ac-lille.fr\/lv-voiepro\/wp-content\/uploads\/sites\/7\/2021\/11\/EPREUVES-DE-LANGUES-VIVANTES-BAC-PRO-SESSION-2022_page-0001-212x300.jpg 212w, https:\/\/pedagogie.ac-lille.fr\/lv-voiepro\/wp-content\/uploads\/sites\/7\/2021\/11\/EPREUVES-DE-LANGUES-VIVANTES-BAC-PRO-SESSION-2022_page-0001-768x1087.jpg 768w, https:\/\/pedagogie.ac-lille.fr\/lv-voiepro\/wp-content\/uploads\/sites\/7\/2021\/11\/EPREUVES-DE-LANGUES-VIVANTES-BAC-PRO-SESSION-2022_page-0001-1085x1536.jpg 1085w, https:\/\/pedagogie.ac-lille.fr\/lv-voiepro\/wp-content\/uploads\/sites\/7\/2021\/11\/EPREUVES-DE-LANGUES-VIVANTES-BAC-PRO-SESSION-2022_page-0001.jpg 1240w\" sizes=\"auto, (max-width: 724px) 100vw, 724px\" \/><\/figure>\n\n\n\n<figure class=\"wp-block-image size-large\"><img loading=\"lazy\" decoding=\"async\" width=\"724\" height=\"1024\" src=\"https:\/\/pedagogie.ac-lille.fr\/lv-voiepro\/wp-content\/uploads\/sites\/7\/2021\/11\/EPREUVES-DE-LANGUES-VIVANTES-BAC-PRO-SESSION-2022_page-0002-724x1024.jpg\" alt=\"\" class=\"wp-image-545\" srcset=\"https:\/\/pedagogie.ac-lille.fr\/lv-voiepro\/wp-content\/uploads\/sites\/7\/2021\/11\/EPREUVES-DE-LANGUES-VIVANTES-BAC-PRO-SESSION-2022_page-0002-724x1024.jpg 724w, https:\/\/pedagogie.ac-lille.fr\/lv-voiepro\/wp-content\/uploads\/sites\/7\/2021\/11\/EPREUVES-DE-LANGUES-VIVANTES-BAC-PRO-SESSION-2022_page-0002-212x300.jpg 212w, https:\/\/pedagogie.ac-lille.fr\/lv-voiepro\/wp-content\/uploads\/sites\/7\/2021\/11\/EPREUVES-DE-LANGUES-VIVANTES-BAC-PRO-SESSION-2022_page-0002-768x1087.jpg 768w, https:\/\/pedagogie.ac-lille.fr\/lv-voiepro\/wp-content\/uploads\/sites\/7\/2021\/11\/EPREUVES-DE-LANGUES-VIVANTES-BAC-PRO-SESSION-2022_page-0002-1085x1536.jpg 1085w, https:\/\/pedagogie.ac-lille.fr\/lv-voiepro\/wp-content\/uploads\/sites\/7\/2021\/11\/EPREUVES-DE-LANGUES-VIVANTES-BAC-PRO-SESSION-2022_page-0002.jpg 1240w\" sizes=\"auto, (max-width: 724px) 100vw, 724px\" \/><\/figure>\n\n\n\n<div class=\"wp-block-file\"><a href=\"https:\/\/pedagogie.ac-lille.fr\/lv-voiepro\/wp-content\/uploads\/sites\/7\/2021\/11\/EPREUVES-DE-LANGUES-VIVANTES-BAC-PRO-SESSION-2022-4.pdf\">EPREUVES-DE-LANGUES-VIVANTES-BAC-PRO-SESSION-2022-4<\/a><a href=\"https:\/\/pedagogie.ac-lille.fr\/lv-voiepro\/wp-content\/uploads\/sites\/7\/2021\/11\/EPREUVES-DE-LANGUES-VIVANTES-BAC-PRO-SESSION-2022-4.pdf\" class=\"wp-block-file__button\" download>T\u00e9l\u00e9charger<\/a><\/div>\n\n\n\n<h2 class=\"wp-block-heading\">Informations g\u00e9n\u00e9rales sur le contr\u00f4le en cours de formation et la gestion des absences<\/h2>\n\n\n\n<p>Consulter la page d\u00e9di\u00e9e sur le site \u00e9duscol :<\/p>\n\n\n\n<p><a href=\"https:\/\/eduscol.education.fr\/785\/controle-en-cours-de-formation\" target=\"_blank\" rel=\"noreferrer noopener\">https:\/\/eduscol.education.fr\/785\/controle-en-cours-de-formation<\/a><\/p>\n","protected":false},"excerpt":{"rendered":"<p>A partir de la session 2022 Les modalit\u00e9s d&rsquo;\u00e9valuation des langues vivantes sont d\u00e9finies par l&rsquo;arr\u00eat\u00e9 du 17 juin 2020, publi\u00e9 au Bulletin officiel n\u00b030 du 23 juillet 2020. Il pr\u00e9cise les coefficients et les langues autoris\u00e9es. Les annexes sont accessibles via les liens ci-dessous. Annexe V : d\u00e9finition de l&rsquo;\u00e9preuve obligatoire (langue vivante A [&hellip;]<\/p>\n","protected":false},"author":16,"featured_media":0,"parent":78,"menu_order":0,"comment_status":"closed","ping_status":"closed","template":"","meta":{"ngg_post_thumbnail":0,"footnotes":""},"class_list":["post-76","page","type-page","status-publish","czr-hentry"],"publishpress_future_action":{"enabled":false,"date":"2026-04-23 01:45:06","action":"change-status","newStatus":"draft","terms":[],"taxonomy":"","extraData":[]},"publishpress_future_workflow_manual_trigger":{"enabledWorkflows":[]},"_links":{"self":[{"href":"https:\/\/pedagogie.ac-lille.fr\/lv-voiepro\/wp-json\/wp\/v2\/pages\/76","targetHints":{"allow":["GET"]}}],"collection":[{"href":"https:\/\/pedagogie.ac-lille.fr\/lv-voiepro\/wp-json\/wp\/v2\/pages"}],"about":[{"href":"https:\/\/pedagogie.ac-lille.fr\/lv-voiepro\/wp-json\/wp\/v2\/types\/page"}],"author":[{"embeddable":true,"href":"https:\/\/pedagogie.ac-lille.fr\/lv-voiepro\/wp-json\/wp\/v2\/users\/16"}],"replies":[{"embeddable":true,"href":"https:\/\/pedagogie.ac-lille.fr\/lv-voiepro\/wp-json\/wp\/v2\/comments?post=76"}],"version-history":[{"count":23,"href":"https:\/\/pedagogie.ac-lille.fr\/lv-voiepro\/wp-json\/wp\/v2\/pages\/76\/revisions"}],"predecessor-version":[{"id":552,"href":"https:\/\/pedagogie.ac-lille.fr\/lv-voiepro\/wp-json\/wp\/v2\/pages\/76\/revisions\/552"}],"up":[{"embeddable":true,"href":"https:\/\/pedagogie.ac-lille.fr\/lv-voiepro\/wp-json\/wp\/v2\/pages\/78"}],"wp:attachment":[{"href":"https:\/\/pedagogie.ac-lille.fr\/lv-voiepro\/wp-json\/wp\/v2\/media?parent=76"}],"curies":[{"name":"wp","href":"https:\/\/api.w.org\/{rel}","templated":true}]}}