{"id":793,"date":"2024-10-16T22:16:28","date_gmt":"2024-10-16T20:16:28","guid":{"rendered":"http:\/\/pedagogie.ac-lille.fr\/lv-voiepro\/?page_id=793"},"modified":"2024-10-16T22:16:28","modified_gmt":"2024-10-16T20:16:28","slug":"5-reperes-pour-travailler-en-groupe-2","status":"publish","type":"page","link":"https:\/\/pedagogie.ac-lille.fr\/lv-voiepro\/enseigner-les-langues\/5-reperes-pour-travailler-en-groupe-2\/","title":{"rendered":"Co-intervenir"},"content":{"rendered":"\n<p> <\/p>\n\n\n\nL&rsquo;article suivant est issu du monde anglophone. Il ne traite pas de l&rsquo;enseignement d&rsquo;une langue \u00e9trang\u00e8re en co-intervention et renvoie \u00e0 des r\u00e9alit\u00e9s culturelles sp\u00e9cifiques. Cependant il pr\u00e9sente des rep\u00e8res utiles sur la mise en place d&rsquo;une coop\u00e9ration entre plusieurs intervenants dans une m\u00eame classe.\n\n\n\n\n\n<p><a href=\"https:\/\/www.cultofpedagogy.com\/co-teaching-push-in\/\" data-type=\"link\" data-id=\"https:\/\/www.cultofpedagogy.com\/co-teaching-push-in\/\">https:\/\/www.cultofpedagogy.com\/co-teaching-push-in\/<\/a><\/p>\n","protected":false},"excerpt":{"rendered":"<p>L&rsquo;article suivant est issu du monde anglophone. Il ne traite pas de l&rsquo;enseignement d&rsquo;une langue \u00e9trang\u00e8re en co-intervention et renvoie \u00e0 des r\u00e9alit\u00e9s culturelles sp\u00e9cifiques. Cependant il pr\u00e9sente des rep\u00e8res utiles sur la mise en place d&rsquo;une coop\u00e9ration entre plusieurs intervenants dans une m\u00eame classe. https:\/\/www.cultofpedagogy.com\/co-teaching-push-in\/<\/p>\n","protected":false},"author":16,"featured_media":0,"parent":80,"menu_order":0,"comment_status":"closed","ping_status":"closed","template":"","meta":{"ngg_post_thumbnail":0,"footnotes":""},"class_list":["post-793","page","type-page","status-publish","czr-hentry"],"publishpress_future_action":{"enabled":false,"date":"2026-04-12 19:28:48","action":"change-status","newStatus":"draft","terms":[],"taxonomy":"","extraData":[]},"publishpress_future_workflow_manual_trigger":{"enabledWorkflows":[]},"_links":{"self":[{"href":"https:\/\/pedagogie.ac-lille.fr\/lv-voiepro\/wp-json\/wp\/v2\/pages\/793","targetHints":{"allow":["GET"]}}],"collection":[{"href":"https:\/\/pedagogie.ac-lille.fr\/lv-voiepro\/wp-json\/wp\/v2\/pages"}],"about":[{"href":"https:\/\/pedagogie.ac-lille.fr\/lv-voiepro\/wp-json\/wp\/v2\/types\/page"}],"author":[{"embeddable":true,"href":"https:\/\/pedagogie.ac-lille.fr\/lv-voiepro\/wp-json\/wp\/v2\/users\/16"}],"replies":[{"embeddable":true,"href":"https:\/\/pedagogie.ac-lille.fr\/lv-voiepro\/wp-json\/wp\/v2\/comments?post=793"}],"version-history":[{"count":3,"href":"https:\/\/pedagogie.ac-lille.fr\/lv-voiepro\/wp-json\/wp\/v2\/pages\/793\/revisions"}],"predecessor-version":[{"id":796,"href":"https:\/\/pedagogie.ac-lille.fr\/lv-voiepro\/wp-json\/wp\/v2\/pages\/793\/revisions\/796"}],"up":[{"embeddable":true,"href":"https:\/\/pedagogie.ac-lille.fr\/lv-voiepro\/wp-json\/wp\/v2\/pages\/80"}],"wp:attachment":[{"href":"https:\/\/pedagogie.ac-lille.fr\/lv-voiepro\/wp-json\/wp\/v2\/media?parent=793"}],"curies":[{"name":"wp","href":"https:\/\/api.w.org\/{rel}","templated":true}]}}