{"id":80,"date":"2020-09-03T08:19:52","date_gmt":"2020-09-03T06:19:52","guid":{"rendered":"http:\/\/pedagogie.ac-lille.fr\/lv-voiepro\/\/?page_id=80"},"modified":"2025-07-02T10:20:17","modified_gmt":"2025-07-02T08:20:17","slug":"enseigner-les-langues","status":"publish","type":"page","link":"https:\/\/pedagogie.ac-lille.fr\/lv-voiepro\/enseigner-les-langues\/","title":{"rendered":"Enseigner les langues"},"content":{"rendered":"\n<p>Le programme de langue vivante pr\u00e9cise les objectifs et les modalit\u00e9s de l&rsquo;enseignement. Il d\u00e9crit \u00e9galement les contributions attendues de la discipline au sein du lyc\u00e9e professionnel.<\/p>\n\n\n\n<p><strong>EXAMENS ET PROGRAMME EN UN CLIN D&rsquo;OEIL : Langues vivantes en voie professionnelle<\/strong><\/p>\n\n\n\n<p><strong>Cette rubrique rassemble des informations et ressources utiles pour la mise en \u0153uvre du programme de langues vivantes en voie professionnelle. Vous y trouverez \u00e9galement des conseils pour faciliter votre int\u00e9gration dans un \u00e9tablissement, notamment lors de vos d\u00e9buts.<\/strong><\/p>\n\n\n\n<p><strong>Langues Vivantes en Voie Pro : les Cl\u00e9s pour R\u00e9ussir<\/strong><\/p>\n\n\n\n<p><a href=\"https:\/\/digipad.app\/p\/1028035\/c3f42f5a9b57b\">https:\/\/digipad.app\/p\/1028035\/c3f42f5a9b57b<\/a><\/p>\n\n\n\n<figure class=\"wp-block-image size-large\"><img loading=\"lazy\" decoding=\"async\" width=\"1024\" height=\"586\" src=\"https:\/\/pedagogie.ac-lille.fr\/lv-voiepro\/wp-content\/uploads\/sites\/7\/2025\/05\/Digipad-2-1024x586.png\" alt=\"\" class=\"wp-image-907\" srcset=\"https:\/\/pedagogie.ac-lille.fr\/lv-voiepro\/wp-content\/uploads\/sites\/7\/2025\/05\/Digipad-2-1024x586.png 1024w, https:\/\/pedagogie.ac-lille.fr\/lv-voiepro\/wp-content\/uploads\/sites\/7\/2025\/05\/Digipad-2-300x172.png 300w, https:\/\/pedagogie.ac-lille.fr\/lv-voiepro\/wp-content\/uploads\/sites\/7\/2025\/05\/Digipad-2-768x440.png 768w, https:\/\/pedagogie.ac-lille.fr\/lv-voiepro\/wp-content\/uploads\/sites\/7\/2025\/05\/Digipad-2.png 1462w\" sizes=\"auto, (max-width: 1024px) 100vw, 1024px\" \/><\/figure>\n","protected":false},"excerpt":{"rendered":"<p>Le programme de langue vivante pr\u00e9cise les objectifs et les modalit\u00e9s de l&rsquo;enseignement. Il d\u00e9crit \u00e9galement les contributions attendues de la discipline au sein du lyc\u00e9e professionnel. EXAMENS ET PROGRAMME EN UN CLIN D&rsquo;OEIL : Langues vivantes en voie professionnelle Cette rubrique rassemble des informations et ressources utiles pour la mise en \u0153uvre du programme [&hellip;]<\/p>\n","protected":false},"author":16,"featured_media":0,"parent":0,"menu_order":0,"comment_status":"closed","ping_status":"closed","template":"","meta":{"ngg_post_thumbnail":0,"footnotes":""},"class_list":["post-80","page","type-page","status-publish","czr-hentry"],"publishpress_future_action":{"enabled":false,"date":"2026-04-23 03:29:40","action":"change-status","newStatus":"draft","terms":[],"taxonomy":"","extraData":[]},"publishpress_future_workflow_manual_trigger":{"enabledWorkflows":[]},"_links":{"self":[{"href":"https:\/\/pedagogie.ac-lille.fr\/lv-voiepro\/wp-json\/wp\/v2\/pages\/80","targetHints":{"allow":["GET"]}}],"collection":[{"href":"https:\/\/pedagogie.ac-lille.fr\/lv-voiepro\/wp-json\/wp\/v2\/pages"}],"about":[{"href":"https:\/\/pedagogie.ac-lille.fr\/lv-voiepro\/wp-json\/wp\/v2\/types\/page"}],"author":[{"embeddable":true,"href":"https:\/\/pedagogie.ac-lille.fr\/lv-voiepro\/wp-json\/wp\/v2\/users\/16"}],"replies":[{"embeddable":true,"href":"https:\/\/pedagogie.ac-lille.fr\/lv-voiepro\/wp-json\/wp\/v2\/comments?post=80"}],"version-history":[{"count":10,"href":"https:\/\/pedagogie.ac-lille.fr\/lv-voiepro\/wp-json\/wp\/v2\/pages\/80\/revisions"}],"predecessor-version":[{"id":914,"href":"https:\/\/pedagogie.ac-lille.fr\/lv-voiepro\/wp-json\/wp\/v2\/pages\/80\/revisions\/914"}],"wp:attachment":[{"href":"https:\/\/pedagogie.ac-lille.fr\/lv-voiepro\/wp-json\/wp\/v2\/media?parent=80"}],"curies":[{"name":"wp","href":"https:\/\/api.w.org\/{rel}","templated":true}]}}