{"id":3416,"date":"2026-03-20T09:59:18","date_gmt":"2026-03-20T08:59:18","guid":{"rendered":"https:\/\/pedagogie.ac-lille.fr\/mathematiques\/?page_id=3416"},"modified":"2026-03-25T07:42:24","modified_gmt":"2026-03-25T06:42:24","slug":"traam","status":"publish","type":"page","link":"https:\/\/pedagogie.ac-lille.fr\/mathematiques\/traam\/","title":{"rendered":"TraAM"},"content":{"rendered":"\n<p>Les Travaux Acad\u00e9miques Mutualis\u00e9s (TraAM) sont un dispositif national co-pilot\u00e9 par la direction du num\u00e9rique pour l\u2019\u00e9ducation (<a href=\"https:\/\/www.education.gouv.fr\/direction-du-numerique-pour-l-education-dne-9983\" target=\"_blank\" rel=\"noreferrer noopener\">DNE<\/a>) et l\u2019Inspection g\u00e9n\u00e9rale (IGESR). Ils visent \u00e0 mobiliser \u00e0 bon escient le num\u00e9rique dans les usages p\u00e9dagogiques gr\u00e2ce \u00e0 des exp\u00e9rimentations men\u00e9es directement dans les classes, avec les enseignants et leurs \u00e9l\u00e8ves.<\/p>\n\n\n\n<p>Chaque ann\u00e9e, pr\u00e8s de 700 enseignants r\u00e9partis dans toutes les acad\u00e9mies et \u00e0 tous les niveaux (\u00e9cole, coll\u00e8ge, lyc\u00e9e, BTS) s\u2019impliquent dans plus de 100 projets couvrant 19 disciplines. Leurs productions alimentent&nbsp;<a href=\"https:\/\/eduscol.education.gouv.fr\/6750\/edubase-des-scenarios-pour-enseigner-avec-le-numerique\">\u00c9dubase<\/a> sous forme de ressources p\u00e9dagogiques innovantes, et donnent aussi lieu \u00e0 des parcours d\u2019autoformation dans le catalogue de l\u2019offre en libre sur les plateformes <a href=\"https:\/\/eduscol.education.gouv.fr\/6246\/la-plateforme-magistere\">Magist\u00e8re<\/a> et r\u00e9seaux des concepteurs.<\/p>\n\n\n\n<p>Le dispositif suit un calendrier annuel : appel \u00e0 candidature en d\u00e9but d\u2019ann\u00e9e (f\u00e9vrier), s\u00e9lection des projets en juin, travaux de septembre \u00e0 mai. Le pilotage est assur\u00e9 au niveau national par la DNE et l\u2019IGESR, et en acad\u00e9mie par un inspecteur (IA-IPR, IEN-ET, IEN-EG) accompagn\u00e9 de l\u2019Interlocuteur Acad\u00e9mique au Num\u00e9rique (IAN).<\/p>\n\n\n\n<div class=\"wp-block-query is-layout-flow wp-block-query-is-layout-flow\"><ul style=\"border-top-left-radius:0px;border-top-right-radius:0px;border-bottom-left-radius:0px;border-bottom-right-radius:0px;border-style:none;border-width:0px;\" class=\"columns-2 list-style: none !important;  wp-block-post-template is-layout-grid wp-container-core-post-template-is-layout-02493678 wp-block-post-template-is-layout-grid\"><li class=\"wp-block-post post-3422 post type-post status-publish format-standard has-post-thumbnail category-traam czr-hentry\">\n\n<div class=\"wp-block-columns has-background is-layout-flex wp-container-core-columns-is-layout-28f84493 wp-block-columns-is-layout-flex\" style=\"border-width:2px;border-top-left-radius:0px;border-top-right-radius:0px;border-bottom-left-radius:0px;border-bottom-right-radius:0px;background:linear-gradient(321deg,rgb(250,250,250) 0%,rgb(171,171,181) 100%)\">\n<div class=\"wp-block-column is-layout-flow wp-block-column-is-layout-flow\"><figure class=\"wp-block-post-featured-image\"><a href=\"https:\/\/pedagogie.ac-lille.fr\/mathematiques\/traam-mathematiques-2025-2026\/\" target=\"_self\"  ><img loading=\"lazy\" decoding=\"async\" width=\"560\" height=\"315\" src=\"https:\/\/pedagogie.ac-lille.fr\/mathematiques\/wp-content\/uploads\/sites\/51\/2026\/03\/i1-3.png\" class=\"attachment-post-thumbnail size-post-thumbnail no-lazy wp-post-image\" alt=\"TraAM math\u00e9matiques 2025 \u2013 2026\" style=\"object-fit:cover;\" srcset=\"https:\/\/pedagogie.ac-lille.fr\/mathematiques\/wp-content\/uploads\/sites\/51\/2026\/03\/i1-3.png 560w, https:\/\/pedagogie.ac-lille.fr\/mathematiques\/wp-content\/uploads\/sites\/51\/2026\/03\/i1-3-300x169.png 300w, https:\/\/pedagogie.ac-lille.fr\/mathematiques\/wp-content\/uploads\/sites\/51\/2026\/03\/i1-3-528x297.png 528w\" sizes=\"auto, (max-width: 560px) 100vw, 560px\" \/><\/a><\/figure><\/div>\n\n\n\n<div class=\"wp-block-column is-layout-flow wp-block-column-is-layout-flow\"><h2 style=\"border-style:none;border-width:0px;\" class=\"wp-block-post-title has-medium-font-size\"><a href=\"https:\/\/pedagogie.ac-lille.fr\/mathematiques\/traam-mathematiques-2025-2026\/\" target=\"_self\" >TraAM math\u00e9matiques 2025 \u2013 2026<\/a><\/h2><\/div>\n<\/div>\n\n<\/li><li class=\"wp-block-post post-3413 post type-post status-publish format-standard has-post-thumbnail category-traam czr-hentry\">\n\n<div class=\"wp-block-columns has-background is-layout-flex wp-container-core-columns-is-layout-28f84493 wp-block-columns-is-layout-flex\" style=\"border-width:2px;border-top-left-radius:0px;border-top-right-radius:0px;border-bottom-left-radius:0px;border-bottom-right-radius:0px;background:linear-gradient(321deg,rgb(250,250,250) 0%,rgb(171,171,181) 100%)\">\n<div class=\"wp-block-column is-layout-flow wp-block-column-is-layout-flow\"><figure class=\"wp-block-post-featured-image\"><a href=\"https:\/\/pedagogie.ac-lille.fr\/mathematiques\/appel-a-projet-2025-2026\/\" target=\"_self\"  ><img loading=\"lazy\" decoding=\"async\" width=\"588\" height=\"331\" src=\"https:\/\/pedagogie.ac-lille.fr\/mathematiques\/wp-content\/uploads\/sites\/51\/2026\/03\/i1-2.png\" class=\"attachment-post-thumbnail size-post-thumbnail no-lazy wp-post-image\" alt=\"Appel \u00e0 projet 2025 &#8211; 2026\" style=\"object-fit:cover;\" srcset=\"https:\/\/pedagogie.ac-lille.fr\/mathematiques\/wp-content\/uploads\/sites\/51\/2026\/03\/i1-2.png 588w, https:\/\/pedagogie.ac-lille.fr\/mathematiques\/wp-content\/uploads\/sites\/51\/2026\/03\/i1-2-300x169.png 300w, https:\/\/pedagogie.ac-lille.fr\/mathematiques\/wp-content\/uploads\/sites\/51\/2026\/03\/i1-2-528x297.png 528w\" sizes=\"auto, (max-width: 588px) 100vw, 588px\" \/><\/a><\/figure><\/div>\n\n\n\n<div class=\"wp-block-column is-layout-flow wp-block-column-is-layout-flow\"><h2 style=\"border-style:none;border-width:0px;\" class=\"wp-block-post-title has-medium-font-size\"><a href=\"https:\/\/pedagogie.ac-lille.fr\/mathematiques\/appel-a-projet-2025-2026\/\" target=\"_self\" >Appel \u00e0 projet 2025 &#8211; 2026<\/a><\/h2><\/div>\n<\/div>\n\n<\/li><\/ul><\/div>\n\n\n\n<p><\/p>\n","protected":false},"excerpt":{"rendered":"<p>Les Travaux Acad\u00e9miques Mutualis\u00e9s (TraAM) sont un dispositif national co-pilot\u00e9 par la direction du num\u00e9rique pour l\u2019\u00e9ducation (DNE) et l\u2019Inspection g\u00e9n\u00e9rale (IGESR). Ils visent \u00e0 mobiliser \u00e0 bon escient le num\u00e9rique dans les usages p\u00e9dagogiques gr\u00e2ce \u00e0 des exp\u00e9rimentations men\u00e9es directement dans les classes, avec les enseignants et leurs \u00e9l\u00e8ves. Chaque ann\u00e9e, pr\u00e8s de 700 [&hellip;]<\/p>\n","protected":false},"author":117,"featured_media":0,"parent":0,"menu_order":0,"comment_status":"closed","ping_status":"closed","template":"","meta":{"ngg_post_thumbnail":0,"footnotes":""},"class_list":["post-3416","page","type-page","status-publish","czr-hentry"],"publishpress_future_action":{"enabled":false,"date":"2026-04-29 19:40:23","action":"change-status","newStatus":"draft","terms":[],"taxonomy":"","extraData":[]},"publishpress_future_workflow_manual_trigger":{"enabledWorkflows":[]},"_links":{"self":[{"href":"https:\/\/pedagogie.ac-lille.fr\/mathematiques\/wp-json\/wp\/v2\/pages\/3416","targetHints":{"allow":["GET"]}}],"collection":[{"href":"https:\/\/pedagogie.ac-lille.fr\/mathematiques\/wp-json\/wp\/v2\/pages"}],"about":[{"href":"https:\/\/pedagogie.ac-lille.fr\/mathematiques\/wp-json\/wp\/v2\/types\/page"}],"author":[{"embeddable":true,"href":"https:\/\/pedagogie.ac-lille.fr\/mathematiques\/wp-json\/wp\/v2\/users\/117"}],"replies":[{"embeddable":true,"href":"https:\/\/pedagogie.ac-lille.fr\/mathematiques\/wp-json\/wp\/v2\/comments?post=3416"}],"version-history":[{"count":9,"href":"https:\/\/pedagogie.ac-lille.fr\/mathematiques\/wp-json\/wp\/v2\/pages\/3416\/revisions"}],"predecessor-version":[{"id":3445,"href":"https:\/\/pedagogie.ac-lille.fr\/mathematiques\/wp-json\/wp\/v2\/pages\/3416\/revisions\/3445"}],"wp:attachment":[{"href":"https:\/\/pedagogie.ac-lille.fr\/mathematiques\/wp-json\/wp\/v2\/media?parent=3416"}],"curies":[{"name":"wp","href":"https:\/\/api.w.org\/{rel}","templated":true}]}}