{"id":117,"date":"2020-01-22T21:54:25","date_gmt":"2020-01-22T20:54:25","guid":{"rendered":"http:\/\/pedagogie.ac-lille.fr\/mathssciences\/\/?page_id=117"},"modified":"2025-08-31T13:27:16","modified_gmt":"2025-08-31T11:27:16","slug":"inspection","status":"publish","type":"page","link":"https:\/\/pedagogie.ac-lille.fr\/maths-physique-chimie\/inspection\/","title":{"rendered":"Inspection"},"content":{"rendered":"\n<p class=\"has-vivid-cyan-blue-color has-text-color\"><strong>Les bassins de formation<\/strong><\/p>\n\n\n\n<figure class=\"wp-block-image size-large\"><img loading=\"lazy\" decoding=\"async\" width=\"1024\" height=\"300\" src=\"https:\/\/pedagogie.ac-lille.fr\/maths-physique-chimie\/wp-content\/uploads\/sites\/3\/2021\/05\/image-1024x300.jpeg\" alt=\"\" class=\"wp-image-1194\" srcset=\"https:\/\/pedagogie.ac-lille.fr\/maths-physique-chimie\/wp-content\/uploads\/sites\/3\/2021\/05\/image-1024x300.jpeg 1024w, https:\/\/pedagogie.ac-lille.fr\/maths-physique-chimie\/wp-content\/uploads\/sites\/3\/2021\/05\/image-300x88.jpeg 300w, https:\/\/pedagogie.ac-lille.fr\/maths-physique-chimie\/wp-content\/uploads\/sites\/3\/2021\/05\/image-768x225.jpeg 768w, https:\/\/pedagogie.ac-lille.fr\/maths-physique-chimie\/wp-content\/uploads\/sites\/3\/2021\/05\/image.jpeg 1200w\" sizes=\"auto, (max-width: 1024px) 100vw, 1024px\" \/><\/figure>\n\n\n\n<p class=\"has-vivid-cyan-blue-color has-text-color\"><strong>Pour contacter les inspecteurs<\/strong><\/p>\n\n\n\n<figure class=\"wp-block-table\"><table><tbody><tr><td class=\"has-text-align-center\" data-align=\"center\"> <strong>INSPECTEUR<\/strong>  <\/td><td class=\"has-text-align-center\" data-align=\"center\"> <strong>ADRESSE<\/strong> <\/td><\/tr><tr><td class=\"has-text-align-center\" data-align=\"center\"><strong> Christine Banaszyk<\/strong><br>&nbsp;Bassins&nbsp;6 ; 7 ; 8 ; 9  <\/td><td class=\"has-text-align-center\" data-align=\"center\"><a href=\"mailto:christine.banaszyk@ac-lille.fr\">christine.banaszyk@ac-lille.fr<\/a><\/td><\/tr><tr><td class=\"has-text-align-center\" data-align=\"center\"><strong> <\/strong><b>C\u00e9cile<\/b><b> Cudin<\/b><br>\u00a0Bassins 10 ;\u00a011 ; 12<\/td><td class=\"has-text-align-center\" data-align=\"center\"><a href=\"mailto:dimitri.colombo@ac-lille.fr\">Cecile.cudin@ac-lille.fr<\/a><\/td><\/tr><tr><td class=\"has-text-align-center\" data-align=\"center\"><strong>Emelyne De Jaeghere<\/strong><br>Bassins 1 ; 2 ; 3 ; 4<\/td><td class=\"has-text-align-center\" data-align=\"center\"><a href=\"mailto:emelyne.de-jaeghere1@ac-lille.fr\">Emelyne.De-Jaeghere1@ac-lille.fr<\/a><\/td><\/tr><tr><td class=\"has-text-align-center\" data-align=\"center\"><strong> <\/strong><strong>Benoit Patey<\/strong><br>&nbsp;Bassins 5 ; 13 ; 14.<\/td><td class=\"has-text-align-center\" data-align=\"center\"><a href=\"mailto:benoit.patey@ac-lille.fr\">benoit.patey@ac-lille.fr<\/a><\/td><\/tr><\/tbody><\/table><\/figure>\n\n\n\n<p><strong>Si vous avez des suggestions&nbsp;<\/strong>(liens int\u00e9ressants, activit\u00e9s p\u00e9dagogiques, attentes vis \u00e0 vis de ce site&#8230;), merci de nous les envoyer.  <\/p>\n","protected":false},"excerpt":{"rendered":"<p>Les bassins de formation Pour contacter les inspecteurs INSPECTEUR ADRESSE Christine Banaszyk&nbsp;Bassins&nbsp;6 ; 7 ; 8 ; 9 christine.banaszyk@ac-lille.fr C\u00e9cile Cudin\u00a0Bassins 10 ;\u00a011 ; 12 Cecile.cudin@ac-lille.fr Emelyne De JaeghereBassins 1 ; 2 ; 3 ; 4 Emelyne.De-Jaeghere1@ac-lille.fr Benoit Patey&nbsp;Bassins 5 ; 13 ; 14. benoit.patey@ac-lille.fr Si vous avez des suggestions&nbsp;(liens int\u00e9ressants, activit\u00e9s p\u00e9dagogiques, attentes vis [&hellip;]<\/p>\n","protected":false},"author":6,"featured_media":0,"parent":0,"menu_order":0,"comment_status":"closed","ping_status":"closed","template":"","meta":{"_acf_changed":false,"ngg_post_thumbnail":0,"footnotes":""},"class_list":["post-117","page","type-page","status-publish","czr-hentry"],"acf":[],"publishpress_future_action":{"enabled":false,"date":"2026-04-14 11:45:16","action":"change-status","newStatus":"draft","terms":[],"taxonomy":"","extraData":[]},"publishpress_future_workflow_manual_trigger":{"enabledWorkflows":[]},"_links":{"self":[{"href":"https:\/\/pedagogie.ac-lille.fr\/maths-physique-chimie\/wp-json\/wp\/v2\/pages\/117","targetHints":{"allow":["GET"]}}],"collection":[{"href":"https:\/\/pedagogie.ac-lille.fr\/maths-physique-chimie\/wp-json\/wp\/v2\/pages"}],"about":[{"href":"https:\/\/pedagogie.ac-lille.fr\/maths-physique-chimie\/wp-json\/wp\/v2\/types\/page"}],"author":[{"embeddable":true,"href":"https:\/\/pedagogie.ac-lille.fr\/maths-physique-chimie\/wp-json\/wp\/v2\/users\/6"}],"replies":[{"embeddable":true,"href":"https:\/\/pedagogie.ac-lille.fr\/maths-physique-chimie\/wp-json\/wp\/v2\/comments?post=117"}],"version-history":[{"count":16,"href":"https:\/\/pedagogie.ac-lille.fr\/maths-physique-chimie\/wp-json\/wp\/v2\/pages\/117\/revisions"}],"predecessor-version":[{"id":2177,"href":"https:\/\/pedagogie.ac-lille.fr\/maths-physique-chimie\/wp-json\/wp\/v2\/pages\/117\/revisions\/2177"}],"wp:attachment":[{"href":"https:\/\/pedagogie.ac-lille.fr\/maths-physique-chimie\/wp-json\/wp\/v2\/media?parent=117"}],"curies":[{"name":"wp","href":"https:\/\/api.w.org\/{rel}","templated":true}]}}