{"id":676,"date":"2020-04-08T15:12:58","date_gmt":"2020-04-08T13:12:58","guid":{"rendered":"http:\/\/pedagogie.ac-lille.fr\/mathssciences\/\/?page_id=676"},"modified":"2025-09-13T10:09:40","modified_gmt":"2025-09-13T08:09:40","slug":"newsletters","status":"publish","type":"page","link":"https:\/\/pedagogie.ac-lille.fr\/maths-physique-chimie\/newsletters\/","title":{"rendered":"Newsletters"},"content":{"rendered":"\n<p>Consulter les diff\u00e9rentes lettres de diffusions \u00ab\u00a0Info&rsquo; MPC\u00a0\u00bb envoy\u00e9es par l&rsquo;\u00e9quipe de Math\u00e9matiques-Physique-Chimie de l&rsquo;acad\u00e9mie de Lille  \u00e0 partir de la rentr\u00e9e 2019.<\/p>\n\n\n\n<p>Par ordre ant\u00e9chronologique :<\/p>\n\n\n\n<ul class=\"wp-block-list\">\n<li><a href=\"http:\/\/maths-physique-chimie-medias.discipline.ac-lille.fr\/docs\/2026\/Info_MPC_Tests2025.html\">Tests de positionnement 2025<\/a><\/li>\n\n\n\n<li><a href=\"http:\/\/maths-physique-chimie-medias.discipline.ac-lille.fr\/docs\/2026\/Info_MPC_lettreDeRentreeV3.html\">Lettre d&rsquo;informations &#8211; Rentr\u00e9e 2025<\/a><\/li>\n\n\n\n<li><a href=\"http:\/\/maths-physique-chimie-medias.discipline.ac-lille.fr\/docs\/2025\/Info_MPC_BonnesVacancesEte.html\">Bonnes vacances 2025\ud83c\udfd6\ufe0f<\/a><\/li>\n\n\n\n<li><a href=\"http:\/\/maths-physique-chimie-medias.discipline.ac-lille.fr\/docs\/2024\/Info_MPC_SDM24.html\">Semaine des math\u00e9matiques 2024<\/a><\/li>\n\n\n\n<li><a href=\"http:\/\/maths-physique-chimie-medias.discipline.ac-lille.fr\/docs\/2024\/Info_MPC_DC.html\">D\u00e9veloppement de la culture scientifique en voie professionnelle<\/a><\/li>\n\n\n\n<li><a href=\"http:\/\/maths-physique-chimie-medias.discipline.ac-lille.fr\/docs\/2024\/Info' MPC_Bonne ann\u00e9e2024.html\">Bonne ann\u00e9e 2024 ! \ud83c\udf89<\/a><\/li>\n\n\n\n<li><a href=\"http:\/\/maths-physique-chimie-medias.discipline.ac-lille.fr\/docs\/2024\/Info_MPC_BonnesFetes.html\">Bonnes f\u00eates de fin d&rsquo;ann\u00e9e 2023!<\/a><\/li>\n\n\n\n<li><a href=\"http:\/\/maths-physique-chimie-medias.discipline.ac-lille.fr\/docs\/2024\/Info_MPC_Fetedelascience2.html\">F\u00eate de la science 2023<\/a><\/li>\n\n\n\n<li><a href=\"http:\/\/maths-physique-chimie-medias.discipline.ac-lille.fr\/docs\/2024\/Info_MPC_CS.html\">P\u00f4le culture 2023<\/a><\/li>\n\n\n\n<li><a href=\"http:\/\/maths-physique-chimie-medias.discipline.ac-lille.fr\/docs\/InfoMPC_lettrederentree2023.html\">Rentr\u00e9e MPC 2023<\/a><\/li>\n\n\n\n<li><a href=\"http:\/\/maths-physique-chimie-medias.discipline.ac-lille.fr\/docs\/Educfi.html\">EDUCFI<\/a><\/li>\n\n\n\n<li><a href=\"http:\/\/maths-physique-chimie-medias.discipline.ac-lille.fr\/docs\/Info MPC_semaine des maths2023.html\">Semaine des Math\u00e9matiques 2023<\/a><\/li>\n\n\n\n<li><a href=\"http:\/\/maths-physique-chimie-medias.discipline.ac-lille.fr\/docs\/Info MPC EAFC_campagne3.html\">Campagne 3 EAFC<\/a><\/li>\n\n\n\n<li><a href=\"http:\/\/maths-physique-chimie-medias.discipline.ac-lille.fr\/docs\/Info MPC EAFC_campagne2.html\">Campagne 2 EAFC<\/a><\/li>\n\n\n\n<li><a href=\"http:\/\/maths-physique-chimie-medias.discipline.ac-lille.fr\/docs\/Info MPC EAFC_campagne1.html\">Campagne 1 EAFC<\/a><\/li>\n\n\n\n<li><a href=\"http:\/\/maths-physique-chimie-medias.discipline.ac-lille.fr\/docs\/Info' MPC_Bonne ann\u00e9e2023.html\">Bonne ann\u00e9e 2023<\/a><\/li>\n\n\n\n<li><a href=\"http:\/\/maths-physique-chimie-medias.discipline.ac-lille.fr\/docs\/Info_MPC_Bonnes_Fetes.html\">Bonnes f\u00eates de fin d&rsquo;ann\u00e9e !<\/a><\/li>\n\n\n\n<li><a href=\"http:\/\/maths-physique-chimie-medias.discipline.ac-lille.fr\/docs\/Info_MPC_CULTURE2022.html\">P\u00f4le culture 2022<\/a><\/li>\n\n\n\n<li><a href=\"http:\/\/maths-physique-chimie-medias.discipline.ac-lille.fr\/docs\/newsletter_CCF.html\">CCF en Math\u00e9matiques Physique-Chimie<\/a><\/li>\n\n\n\n<li><a href=\"http:\/\/maths-physique-chimie-medias.discipline.ac-lille.fr\/docs\/Info_MPC_Tests2022.html\">Tests de positionnement 2022<\/a><\/li>\n\n\n\n<li><a href=\"http:\/\/maths-physique-chimie-medias.discipline.ac-lille.fr\/docs\/newsletter_clubs2021.html\">P\u00f4le culture 2021<\/a><\/li>\n\n\n\n<li><a href=\"http:\/\/maths-physique-chimie-medias.discipline.ac-lille.fr\/docs\/newsletter_MPC-tests2021.html\">Tests de positionnement<\/a><\/li>\n\n\n\n<li><a href=\"http:\/\/maths-physique-chimie-medias.discipline.ac-lille.fr\/docs\/Informations%20rentr%C3%A9e%202021%202022.pdf\">Informations de rentr\u00e9e 2021<\/a><\/li>\n\n\n\n<li><a href=\"http:\/\/maths-physique-chimie-medias.discipline.ac-lille.fr\/docs\/newsletter_quizzMaths.html\">QUIZ seconde Semaine des Math\u00e9matiques 2021<\/a><\/li>\n\n\n\n<li><a href=\"http:\/\/maths-physique-chimie-medias.discipline.ac-lille.fr\/docs\/newsletter_MPC-ICARRES.html\">D\u00e9veloppement de la culture scientifique en voie professionnelle<\/a><\/li>\n\n\n\n<li><a href=\"http:\/\/maths-physique-chimie-medias.discipline.ac-lille.fr\/docs\/newsletter_MPC-distance.html\">Vers un enseignement \u00e0 distance ?<\/a><\/li>\n\n\n\n<li><a href=\"http:\/\/maths-physique-chimie-medias.discipline.ac-lille.fr\/docs\/newsletter_MPC-CCF-corona.html\">Continuit\u00e9 p\u00e9dagogique<\/a><\/li>\n\n\n\n<li><a href=\"http:\/\/maths-physique-chimie-medias.discipline.ac-lille.fr\/docs\/newsletter_MPC-BA.html\">Meilleurs v\u0153ux !<\/a><\/li>\n\n\n\n<li><a href=\"http:\/\/maths-physique-chimie-medias.discipline.ac-lille.fr\/docs\/newsletter_MPC-CCF-calculatrice.html\">Usage des calculatrices \u00e0 l&rsquo;examen<\/a><\/li>\n\n\n\n<li><a href=\"http:\/\/maths-physique-chimie-medias.discipline.ac-lille.fr\/docs\/newsletter_MPC-CCF-CAP.html\">Modalit\u00e9s d\u2019\u00e9valuation de l\u2019\u00e9preuve en CAP<\/a><\/li>\n\n\n\n<li><a href=\"http:\/\/maths-physique-chimie-medias.discipline.ac-lille.fr\/docs\/newsletter_MPC-FdS.html\">F\u00eate de la science<\/a><\/li>\n\n\n\n<li><a href=\"http:\/\/maths-physique-chimie-medias.discipline.ac-lille.fr\/docs\/newsletter_MPC-clubs.html\">Clubs de Math\u00e9matiques<\/a><\/li>\n\n\n\n<li><a href=\"http:\/\/maths-physique-chimie-medias.discipline.ac-lille.fr\/docs\/newsletter_MPC-ressources.html\">Ressources DGESCO<\/a><\/li>\n\n\n\n<li><a href=\"http:\/\/maths-physique-chimie-medias.discipline.ac-lille.fr\/docs\/newsletter_MPC-anneemaths.html\">Ann\u00e9e des math\u00e9matiques<\/a><\/li>\n\n\n\n<li><a href=\"http:\/\/maths-physique-chimie-medias.discipline.ac-lille.fr\/docs\/newsletter_MPC-tests.html\">Tests de positionnement<\/a><\/li>\n<\/ul>\n\n\n\n<p>\u00c0 noter que les diff\u00e9rents courriels concernant des informations ponctuelles ne sont pas archiv\u00e9s sur cette page.<\/p>\n","protected":false},"excerpt":{"rendered":"<p>Consulter les diff\u00e9rentes lettres de diffusions \u00ab\u00a0Info&rsquo; MPC\u00a0\u00bb envoy\u00e9es par l&rsquo;\u00e9quipe de Math\u00e9matiques-Physique-Chimie de l&rsquo;acad\u00e9mie de Lille \u00e0 partir de la rentr\u00e9e 2019. Par ordre ant\u00e9chronologique : \u00c0 noter que les diff\u00e9rents courriels concernant des informations ponctuelles ne sont pas archiv\u00e9s sur cette page.<\/p>\n","protected":false},"author":6,"featured_media":0,"parent":0,"menu_order":0,"comment_status":"closed","ping_status":"closed","template":"","meta":{"_acf_changed":false,"ngg_post_thumbnail":0,"footnotes":""},"class_list":["post-676","page","type-page","status-publish","czr-hentry"],"acf":[],"publishpress_future_action":{"enabled":false,"date":"2026-04-14 10:09:00","action":"change-status","newStatus":"draft","terms":[],"taxonomy":"","extraData":[]},"publishpress_future_workflow_manual_trigger":{"enabledWorkflows":[]},"_links":{"self":[{"href":"https:\/\/pedagogie.ac-lille.fr\/maths-physique-chimie\/wp-json\/wp\/v2\/pages\/676","targetHints":{"allow":["GET"]}}],"collection":[{"href":"https:\/\/pedagogie.ac-lille.fr\/maths-physique-chimie\/wp-json\/wp\/v2\/pages"}],"about":[{"href":"https:\/\/pedagogie.ac-lille.fr\/maths-physique-chimie\/wp-json\/wp\/v2\/types\/page"}],"author":[{"embeddable":true,"href":"https:\/\/pedagogie.ac-lille.fr\/maths-physique-chimie\/wp-json\/wp\/v2\/users\/6"}],"replies":[{"embeddable":true,"href":"https:\/\/pedagogie.ac-lille.fr\/maths-physique-chimie\/wp-json\/wp\/v2\/comments?post=676"}],"version-history":[{"count":25,"href":"https:\/\/pedagogie.ac-lille.fr\/maths-physique-chimie\/wp-json\/wp\/v2\/pages\/676\/revisions"}],"predecessor-version":[{"id":2187,"href":"https:\/\/pedagogie.ac-lille.fr\/maths-physique-chimie\/wp-json\/wp\/v2\/pages\/676\/revisions\/2187"}],"wp:attachment":[{"href":"https:\/\/pedagogie.ac-lille.fr\/maths-physique-chimie\/wp-json\/wp\/v2\/media?parent=676"}],"curies":[{"name":"wp","href":"https:\/\/api.w.org\/{rel}","templated":true}]}}