{"id":1019,"date":"2021-09-17T15:27:01","date_gmt":"2021-09-17T13:27:01","guid":{"rendered":"https:\/\/pedagogie.ac-lille.fr\/metiers-btp\/?page_id=1019"},"modified":"2022-06-26T18:53:16","modified_gmt":"2022-06-26T16:53:16","slug":"travaux-reglementes","status":"publish","type":"page","link":"https:\/\/pedagogie.ac-lille.fr\/metiers-btp\/travaux-reglementes\/","title":{"rendered":"Travaux r\u00e9glement\u00e9s"},"content":{"rendered":"\n<h2 class=\"has-white-color has-vivid-red-background-color has-text-color has-background has-normal-font-size wp-block-heading\">Les jeunes travailleurs peuvent-ils \u00eatre affect\u00e9s \u00e0 tous les travaux&nbsp;?<\/h2>\n\n\n\n<p>Les jeunes travailleurs peuvent \u00eatre affect\u00e9s \u00e0 des travaux l\u00e9gers (art. D. 4153-4 code du travail). En revanche, il est interdit de les affecter \u00e0 des travaux dangereux mentionn\u00e9s dans le code du travail (art. L. 4153-8 et D. 4153-15). Toutefois, pour les besoins de leur formation professionnelle et sous certaines conditions, les jeunes peuvent \u00eatre affect\u00e9s \u00e0 ces travaux, qui sont alors qualifi\u00e9s de travaux r\u00e9glement\u00e9s (art. L. 4153-9 du code du travail).<\/p>\n\n\n\n<p>Le d\u00e9cret n\u00b0&nbsp;915-2013 du 11 octobre 2013 a actualis\u00e9 la liste des travaux dangereux interdits et r\u00e9glement\u00e9s. Ils sont class\u00e9s par type de risques professionnels (art. D. 4153-16 \u00e0 D. 4153-37 du code du travail). Le d\u00e9cret n\u00b02014-444 du 17 avril 2015 a modifi\u00e9 les articles D. 4153-30 et D.4153-31 du code du travail relatifs aux travaux temporaires en hauteur.<\/p>\n\n\n\n<p class=\"has-vivid-red-color has-text-color\">La proc\u00e9dure de d\u00e9rogation a \u00e9t\u00e9 r\u00e9form\u00e9e par le d\u00e9cret n\u00b0&nbsp;2015-443 du 17 avril 2015.<\/p>\n\n\n\n<p class=\"has-white-color has-vivid-red-background-color has-text-color has-background\">Pour pouvoir affecter des jeunes en formation professionnelle aux travaux interdits, le lieu de formation, qu\u2019il soit une entreprise ou un \u00e9tablissement de formation, doit adresser \u00e0 l\u2019inspection du travail la d\u00e9claration de d\u00e9rogation. Le droit de d\u00e9roger demeure valable trois ans. Une nouvelle d\u00e9claration devra alors \u00eatre renouvel\u00e9e au terme de ce d\u00e9lai. D\u00e9sormais, l\u2019inspecteur ou le contr\u00f4leur du travail peut proc\u00e9der a posteriori \u00e0 un contr\u00f4le.<\/p>\n\n\n\n<p>Cette nouvelle proc\u00e9dure int\u00e8gre une r\u00e9elle d\u00e9marche de pr\u00e9vention des risques professionnels et de formation \u00e0 la s\u00e9curit\u00e9 renforc\u00e9e en vue d\u2019\u00e9viter les atteintes \u00e0 la sant\u00e9 et la s\u00e9curit\u00e9 des jeunes. <\/p>\n\n\n\n<p><a rel=\"noreferrer noopener\" href=\"https:\/\/travail-emploi.gouv.fr\/sante-au-travail\/statut-des-travailleurs-et-dispositions-particulieres\/article\/la-protection-de-la-sante-des-jeunes-travailleurs\" data-type=\"URL\" data-id=\"https:\/\/travail-emploi.gouv.fr\/sante-au-travail\/statut-des-travailleurs-et-dispositions-particulieres\/article\/la-protection-de-la-sante-des-jeunes-travailleurs\" target=\"_blank\">En savoir plus<\/a><\/p>\n\n\n\n<p>Le <strong>D\u00e9cret 82-453 du 28 mai 1982 Art 5-11 \u00e0 5-18<\/strong> (ex\u00e9cution de travaux dits \u00ab\u00a0r\u00e9glement\u00e9s\u00a0\u00bb par des jeunes d&rsquo;au moins quinze ans et de moins de 18 ans en <strong>situation de formation professionnelle<\/strong> modifi\u00e9 par le d\u00e9cret n\u00b02020-647 du 27 mai 2020 Art 24 pr\u00e9cise :<\/p>\n\n\n\n<figure class=\"wp-block-image size-full\"><img loading=\"lazy\" decoding=\"async\" width=\"839\" height=\"555\" src=\"https:\/\/pedagogie.ac-lille.fr\/metiers-btp\/wp-content\/uploads\/sites\/5\/2022\/06\/5-11.png\" alt=\"\" class=\"wp-image-1854\" srcset=\"https:\/\/pedagogie.ac-lille.fr\/metiers-btp\/wp-content\/uploads\/sites\/5\/2022\/06\/5-11.png 839w, https:\/\/pedagogie.ac-lille.fr\/metiers-btp\/wp-content\/uploads\/sites\/5\/2022\/06\/5-11-300x198.png 300w, https:\/\/pedagogie.ac-lille.fr\/metiers-btp\/wp-content\/uploads\/sites\/5\/2022\/06\/5-11-768x508.png 768w\" sizes=\"auto, (max-width: 839px) 100vw, 839px\" \/><\/figure>\n\n\n\n<p>Il est donc n\u00e9cessaire de pouvoir garantir la tra\u00e7abilit\u00e9 de la formation et de l&rsquo;\u00e9valuation \u00e0 la s\u00e9curit\u00e9 pour chaque apprenant.<\/p>\n\n\n\n<p>Des groupes de travail ont \u00e9t\u00e9 constitu\u00e9s sur le plan acad\u00e9mique, groupes de travail compos\u00e9s de directeurs d\u00e9l\u00e9gu\u00e9s aux formations, d&rsquo;enseignants des fili\u00e8res \u00ab\u00a0gros-oeuvre, ouvrages du b\u00e2timent m\u00e9tallerie, travaux publics, menuiserie aluminium verre\u00a0\u00bb et du corps d&rsquo;inspection.<\/p>\n\n\n\n<p>Des ressources ont \u00e9t\u00e9 produites. <a href=\"https:\/\/pedagogie.ac-lille.fr\/metiers-btp\/?page_id=1846&amp;preview=true\" data-type=\"URL\" data-id=\"https:\/\/pedagogie.ac-lille.fr\/metiers-btp\/?page_id=1846&amp;preview=true\" target=\"_blank\" rel=\"noreferrer noopener\">Les d\u00e9couvrir <\/a><\/p>\n","protected":false},"excerpt":{"rendered":"<p>Les jeunes travailleurs peuvent-ils \u00eatre affect\u00e9s \u00e0 tous les travaux&nbsp;? Les jeunes travailleurs peuvent \u00eatre affect\u00e9s \u00e0 des travaux l\u00e9gers (art. D. 4153-4 code du travail). En revanche, il est interdit de les affecter \u00e0 des travaux dangereux mentionn\u00e9s dans le code du travail (art. L. 4153-8 et D. 4153-15). Toutefois, pour les besoins de [&hellip;]<\/p>\n","protected":false},"author":13,"featured_media":0,"parent":0,"menu_order":0,"comment_status":"closed","ping_status":"closed","template":"","meta":{"ngg_post_thumbnail":0,"footnotes":""},"class_list":["post-1019","page","type-page","status-publish","czr-hentry"],"publishpress_future_action":{"enabled":false,"date":"2026-04-28 20:10:29","action":"change-status","newStatus":"draft","terms":[],"taxonomy":"","extraData":[]},"publishpress_future_workflow_manual_trigger":{"enabledWorkflows":[]},"_links":{"self":[{"href":"https:\/\/pedagogie.ac-lille.fr\/metiers-btp\/wp-json\/wp\/v2\/pages\/1019","targetHints":{"allow":["GET"]}}],"collection":[{"href":"https:\/\/pedagogie.ac-lille.fr\/metiers-btp\/wp-json\/wp\/v2\/pages"}],"about":[{"href":"https:\/\/pedagogie.ac-lille.fr\/metiers-btp\/wp-json\/wp\/v2\/types\/page"}],"author":[{"embeddable":true,"href":"https:\/\/pedagogie.ac-lille.fr\/metiers-btp\/wp-json\/wp\/v2\/users\/13"}],"replies":[{"embeddable":true,"href":"https:\/\/pedagogie.ac-lille.fr\/metiers-btp\/wp-json\/wp\/v2\/comments?post=1019"}],"version-history":[{"count":3,"href":"https:\/\/pedagogie.ac-lille.fr\/metiers-btp\/wp-json\/wp\/v2\/pages\/1019\/revisions"}],"predecessor-version":[{"id":1882,"href":"https:\/\/pedagogie.ac-lille.fr\/metiers-btp\/wp-json\/wp\/v2\/pages\/1019\/revisions\/1882"}],"wp:attachment":[{"href":"https:\/\/pedagogie.ac-lille.fr\/metiers-btp\/wp-json\/wp\/v2\/media?parent=1019"}],"curies":[{"name":"wp","href":"https:\/\/api.w.org\/{rel}","templated":true}]}}