{"id":1125,"date":"2021-11-09T21:21:03","date_gmt":"2021-11-09T20:21:03","guid":{"rendered":"https:\/\/pedagogie.ac-lille.fr\/metiers-btp\/?page_id=1125"},"modified":"2026-04-06T12:14:31","modified_gmt":"2026-04-06T10:14:31","slug":"ressources-pedagogiques-pour-la-formation-cap-macon","status":"publish","type":"page","link":"https:\/\/pedagogie.ac-lille.fr\/metiers-btp\/ressources-pedagogiques-pour-la-formation-cap-macon\/","title":{"rendered":"Formation CAP Ma\u00e7on"},"content":{"rendered":"\n<div class=\"wp-block-media-text alignwide is-stacked-on-mobile\" style=\"grid-template-columns:19% auto\"><figure class=\"wp-block-media-text__media\"><img loading=\"lazy\" decoding=\"async\" width=\"384\" height=\"290\" src=\"https:\/\/pedagogie.ac-lille.fr\/metiers-btp\/wp-content\/uploads\/sites\/5\/2021\/11\/MERCI-5.png\" alt=\"\" class=\"wp-image-1172 size-full\" srcset=\"https:\/\/pedagogie.ac-lille.fr\/metiers-btp\/wp-content\/uploads\/sites\/5\/2021\/11\/MERCI-5.png 384w, https:\/\/pedagogie.ac-lille.fr\/metiers-btp\/wp-content\/uploads\/sites\/5\/2021\/11\/MERCI-5-300x227.png 300w\" sizes=\"auto, (max-width: 384px) 100vw, 384px\" \/><\/figure><div class=\"wp-block-media-text__content\">\n<p class=\"has-large-font-size\">Ressources p\u00e9dagogiques <\/p>\n<\/div><\/div>\n\n\n\n<div class=\"wp-block-media-text alignwide is-stacked-on-mobile\" style=\"grid-template-columns:22% auto\"><figure class=\"wp-block-media-text__media\"><img loading=\"lazy\" decoding=\"async\" width=\"956\" height=\"675\" src=\"https:\/\/pedagogie.ac-lille.fr\/metiers-btp\/wp-content\/uploads\/sites\/5\/2021\/11\/projet.png\" alt=\"\" class=\"wp-image-1130 size-full\" srcset=\"https:\/\/pedagogie.ac-lille.fr\/metiers-btp\/wp-content\/uploads\/sites\/5\/2021\/11\/projet.png 956w, https:\/\/pedagogie.ac-lille.fr\/metiers-btp\/wp-content\/uploads\/sites\/5\/2021\/11\/projet-300x212.png 300w, https:\/\/pedagogie.ac-lille.fr\/metiers-btp\/wp-content\/uploads\/sites\/5\/2021\/11\/projet-768x542.png 768w\" sizes=\"auto, (max-width: 956px) 100vw, 956px\" \/><\/figure><div class=\"wp-block-media-text__content\">\n<p style=\"font-size:14px\">Ces ressources produites par Messieurs BENFARES et POUILLE ont \u00e9t\u00e9 \u00e9labor\u00e9es dans le cadre du projet Sankor\u00e9- PRO, collaboration entre le Minist\u00e8re de l&rsquo;\u00e9ducation nationale (pilot\u00e9 par l&rsquo;acad\u00e9mie de Versailles) et l&rsquo;UNESCO (pays francophones).<\/p>\n\n\n\n<p style=\"font-size:14px\">Ce projet s&rsquo;appuie \u00e9galement sur des outils et des supports num\u00e9riques : logiciel TNI \u00ab\u00a0Open Sankor\u00e9\u00a0\u00bb t\u00e9l\u00e9chargeable gratuitement sur le WEB ainsi que des fichiers num\u00e9riques associ\u00e9s \u00e0 chaque le\u00e7on (format UBZ).<\/p>\n<\/div><\/div>\n\n\n\n<h2 class=\"wp-block-heading has-black-color has-pale-cyan-blue-background-color has-text-color has-background\" style=\"font-size:14px\">Les ressources t\u00e9l\u00e9chargeables ci-apr\u00e8s proposent notamment des productions relatives \u00e0 des lancements de s\u00e9quence, des fiches TP \u00e9l\u00e8ves (travail demand\u00e9 et mode op\u00e9ratoire), des cours et fiches synth\u00e8ses associ\u00e9s \u00e0 ces s\u00e9quences, les documents techniques supports ainsi que les comp\u00e9tences \u00e9valu\u00e9es. Les grilles d&rsquo;\u00e9valuation sont \u00e0 \u00e9laborer sous la forme permettant de sp\u00e9cifier les crit\u00e8res d&rsquo;\u00e9valuation et les indicateurs de performance retenus ( voir fiche m\u00e9thodologique A3 synth\u00e8se &#8211; \u00e9valuation &#8211; fiche 1\/3 &#8211;<a rel=\"noreferrer noopener\" href=\"https:\/\/pedagogie.ac-lille.fr\/metiers-btp\/a3-fiches-synthese\/\" data-type=\"URL\" data-id=\"https:\/\/pedagogie.ac-lille.fr\/metiers-btp\/a3-fiches-synthese\/\" target=\"_blank\"> la d\u00e9couvrir<\/a>) .<\/h2>\n\n\n\n<h2 class=\"wp-block-heading has-cyan-bluish-gray-background-color has-background\" style=\"font-size:14px\">Ces ressources ont \u00e9t\u00e9 produites \u00e0 partir du r\u00e9f\u00e9rentiel CAP Ma\u00e7on (derni\u00e8re session 2022). Elles sont \u00e0 adapter au r\u00e9f\u00e9rentiel CAP Ma\u00e7on r\u00e9nov\u00e9 (arr\u00eat\u00e9 du 31 mars 2021). Ces ressources permettront d&rsquo;enrichir la r\u00e9flexion sur la construction de s\u00e9quences d&rsquo;enseignement conformes aux attendus. En compl\u00e9ment de celles-ci, il est conseill\u00e9 de prendre connaissance des fiches m\u00e9thodologiques relatives \u00e0 la formation, la structuration des connaissances et l&rsquo;\u00e9valuation ( <a rel=\"noreferrer noopener\" href=\"https:\/\/pedagogie.ac-lille.fr\/metiers-btp\/a3-fiches-synthese\/\" data-type=\"URL\" data-id=\"https:\/\/pedagogie.ac-lille.fr\/metiers-btp\/a3-fiches-synthese\/\" target=\"_blank\">les d\u00e9couvrir<\/a> ).<\/h2>\n\n\n\n<div class=\"wp-block-media-text alignwide is-stacked-on-mobile\" style=\"grid-template-columns:23% auto\"><figure class=\"wp-block-media-text__media\"><img loading=\"lazy\" decoding=\"async\" width=\"688\" height=\"473\" src=\"https:\/\/pedagogie.ac-lille.fr\/metiers-btp\/wp-content\/uploads\/sites\/5\/2021\/11\/cordeau.png\" alt=\"\" class=\"wp-image-1133 size-full\" srcset=\"https:\/\/pedagogie.ac-lille.fr\/metiers-btp\/wp-content\/uploads\/sites\/5\/2021\/11\/cordeau.png 688w, https:\/\/pedagogie.ac-lille.fr\/metiers-btp\/wp-content\/uploads\/sites\/5\/2021\/11\/cordeau-300x206.png 300w\" sizes=\"auto, (max-width: 688px) 100vw, 688px\" \/><\/figure><div class=\"wp-block-media-text__content\">\n<p style=\"font-size:14px\">Lancement de travail et TP \u00e9l\u00e8ve \u00ab\u00a0Ma\u00e7onner au cordeau\u00a0\u00bb &#8211; fiche de d\u00e9roulement de s\u00e9ance &#8211; cours &#8211; tutoriels, vid\u00e9os,etc.<\/p>\n\n\n\n<p style=\"font-size:14px\"><a href=\"http:\/\/cro-ce-medias.discipline.ac-lille.fr\/acces-restreint\/ORGO\/CORDEAU.7z\" data-type=\"URL\" data-id=\"http:\/\/cro-ce-medias.discipline.ac-lille.fr\/acces-restreint\/ORGO\/CORDEAU.7z\" target=\"_blank\" rel=\"noreferrer noopener\">Les d\u00e9couvrir<\/a><\/p>\n<\/div><\/div>\n\n\n\n<div class=\"wp-block-media-text alignwide is-stacked-on-mobile\" style=\"grid-template-columns:22% auto\"><figure class=\"wp-block-media-text__media\"><img loading=\"lazy\" decoding=\"async\" width=\"681\" height=\"484\" src=\"https:\/\/pedagogie.ac-lille.fr\/metiers-btp\/wp-content\/uploads\/sites\/5\/2021\/11\/appui-de-baie.png\" alt=\"\" class=\"wp-image-1135 size-full\" srcset=\"https:\/\/pedagogie.ac-lille.fr\/metiers-btp\/wp-content\/uploads\/sites\/5\/2021\/11\/appui-de-baie.png 681w, https:\/\/pedagogie.ac-lille.fr\/metiers-btp\/wp-content\/uploads\/sites\/5\/2021\/11\/appui-de-baie-300x213.png 300w\" sizes=\"auto, (max-width: 681px) 100vw, 681px\" \/><\/figure><div class=\"wp-block-media-text__content\">\n<p style=\"font-size:14px\">Lancement de travail et TP \u00e9l\u00e8ve \u00ab\u00a0R\u00e9aliser un appui de baie\u00a0\u00bb &#8211; fiche de d\u00e9roulement de s\u00e9ance &#8211; cours &#8211; tutoriels, vid\u00e9os,etc. <\/p>\n\n\n\n<p style=\"font-size:14px\"><a href=\"http:\/\/cro-ce-medias.discipline.ac-lille.fr\/acces-restreint\/ORGO\/APPUI%20DE%20BAIE.7z\" data-type=\"URL\" data-id=\"http:\/\/cro-ce-medias.discipline.ac-lille.fr\/acces-restreint\/ORGO\/APPUI%20DE%20BAIE.7z\" target=\"_blank\" rel=\"noreferrer noopener\">Les d\u00e9couvrir<\/a><\/p>\n<\/div><\/div>\n\n\n\n<div class=\"wp-block-media-text alignwide is-stacked-on-mobile\" style=\"grid-template-columns:22% auto\"><figure class=\"wp-block-media-text__media\"><img loading=\"lazy\" decoding=\"async\" width=\"685\" height=\"471\" src=\"https:\/\/pedagogie.ac-lille.fr\/metiers-btp\/wp-content\/uploads\/sites\/5\/2021\/11\/chainages-verticaux.png\" alt=\"\" class=\"wp-image-1136 size-full\" srcset=\"https:\/\/pedagogie.ac-lille.fr\/metiers-btp\/wp-content\/uploads\/sites\/5\/2021\/11\/chainages-verticaux.png 685w, https:\/\/pedagogie.ac-lille.fr\/metiers-btp\/wp-content\/uploads\/sites\/5\/2021\/11\/chainages-verticaux-300x206.png 300w\" sizes=\"auto, (max-width: 685px) 100vw, 685px\" \/><\/figure><div class=\"wp-block-media-text__content\">\n<p style=\"font-size:14px\">Lancement de travail et TP \u00e9l\u00e8ve \u00ab\u00a0R\u00e9aliser des cha\u00eenages verticaux et horizontaux\u00a0\u00bb &#8211; fiche de d\u00e9roulement de s\u00e9ance &#8211; cours &#8211; tutoriels, vid\u00e9os,etc. <\/p>\n\n\n\n<p style=\"font-size:14px\"><a href=\"http:\/\/cro-ce-medias.discipline.ac-lille.fr\/acces-restreint\/ORGO\/CHAINAGE.7z\" data-type=\"URL\" data-id=\"http:\/\/cro-ce-medias.discipline.ac-lille.fr\/acces-restreint\/ORGO\/CHAINAGE.7z\" target=\"_blank\" rel=\"noreferrer noopener\">Le d\u00e9couvrir<\/a><\/p>\n<\/div><\/div>\n\n\n\n<div class=\"wp-block-media-text alignwide is-stacked-on-mobile\" style=\"grid-template-columns:22% auto\"><figure class=\"wp-block-media-text__media\"><img loading=\"lazy\" decoding=\"async\" width=\"687\" height=\"484\" src=\"https:\/\/pedagogie.ac-lille.fr\/metiers-btp\/wp-content\/uploads\/sites\/5\/2021\/11\/LINTEAU.png\" alt=\"\" class=\"wp-image-1138 size-full\" srcset=\"https:\/\/pedagogie.ac-lille.fr\/metiers-btp\/wp-content\/uploads\/sites\/5\/2021\/11\/LINTEAU.png 687w, https:\/\/pedagogie.ac-lille.fr\/metiers-btp\/wp-content\/uploads\/sites\/5\/2021\/11\/LINTEAU-300x211.png 300w\" sizes=\"auto, (max-width: 687px) 100vw, 687px\" \/><\/figure><div class=\"wp-block-media-text__content\">\n<p style=\"font-size:14px\">Lancement de travail et TP \u00e9l\u00e8ve \u00ab\u00a0R\u00e9aliser un linteau\u00a0\u00bb &#8211; fiche de d\u00e9roulement de s\u00e9ance &#8211; cours &#8211; tutoriels, vid\u00e9os,etc. <\/p>\n\n\n\n<p style=\"font-size:14px\"><a href=\"http:\/\/cro-ce-medias.discipline.ac-lille.fr\/acces-restreint\/ORGO\/LINTEAU.7z\" data-type=\"URL\" data-id=\"http:\/\/cro-ce-medias.discipline.ac-lille.fr\/acces-restreint\/ORGO\/LINTEAU.7z\" target=\"_blank\" rel=\"noreferrer noopener\">Le d\u00e9couvrir<\/a><\/p>\n<\/div><\/div>\n\n\n\n<div class=\"wp-block-media-text alignwide is-stacked-on-mobile\" style=\"grid-template-columns:15% auto\"><figure class=\"wp-block-media-text__media\"><img loading=\"lazy\" decoding=\"async\" width=\"572\" height=\"794\" src=\"https:\/\/pedagogie.ac-lille.fr\/metiers-btp\/wp-content\/uploads\/sites\/5\/2021\/11\/cordeau-1.png\" alt=\"\" class=\"wp-image-1140 size-full\" srcset=\"https:\/\/pedagogie.ac-lille.fr\/metiers-btp\/wp-content\/uploads\/sites\/5\/2021\/11\/cordeau-1.png 572w, https:\/\/pedagogie.ac-lille.fr\/metiers-btp\/wp-content\/uploads\/sites\/5\/2021\/11\/cordeau-1-216x300.png 216w\" sizes=\"auto, (max-width: 572px) 100vw, 572px\" \/><\/figure><div class=\"wp-block-media-text__content\">\n<p style=\"font-size:14px\">\u00c9l\u00e9ments de r\u00e9flexion pour la construction d&rsquo;une fiche synth\u00e8se portant sur la probl\u00e9matique \u00ab\u00a0Comment ma\u00e7onner au cordeau ? \u00ab\u00a0<\/p>\n\n\n\n<p style=\"font-size:14px\"><a rel=\"noreferrer noopener\" href=\"http:\/\/cro-ce-medias.discipline.ac-lille.fr\/acces-restreint\/ORGO\/Fiche%20Synthese%20Ma%C3%A7onner%20au%20cordeau.pdf\" data-type=\"URL\" data-id=\"http:\/\/cro-ce-medias.discipline.ac-lille.fr\/acces-restreint\/ORGO\/Fiche%20Synthese%20Ma%C3%A7onner%20au%20cordeau.pdf\" target=\"_blank\">La d\u00e9couvrir<\/a><\/p>\n<\/div><\/div>\n\n\n\n<div class=\"wp-block-media-text alignwide is-stacked-on-mobile\" style=\"grid-template-columns:15% auto\"><figure class=\"wp-block-media-text__media\"><img loading=\"lazy\" decoding=\"async\" width=\"422\" height=\"616\" src=\"https:\/\/pedagogie.ac-lille.fr\/metiers-btp\/wp-content\/uploads\/sites\/5\/2021\/11\/implanter.png\" alt=\"\" class=\"wp-image-1141 size-full\" srcset=\"https:\/\/pedagogie.ac-lille.fr\/metiers-btp\/wp-content\/uploads\/sites\/5\/2021\/11\/implanter.png 422w, https:\/\/pedagogie.ac-lille.fr\/metiers-btp\/wp-content\/uploads\/sites\/5\/2021\/11\/implanter-206x300.png 206w\" sizes=\"auto, (max-width: 422px) 100vw, 422px\" \/><\/figure><div class=\"wp-block-media-text__content\">\n<p style=\"font-size:14px\">\u00c9l\u00e9ments de r\u00e9flexion pour la construction d&rsquo;une fiche synth\u00e8se portant sur la probl\u00e9matique \u00ab\u00a0Comment implanter au sol ?\u00a0\u00bb <\/p>\n\n\n\n<p style=\"font-size:14px\"><a rel=\"noreferrer noopener\" href=\"http:\/\/cro-ce-medias.discipline.ac-lille.fr\/acces-restreint\/ORGO\/Fiche%20Synthese%20Implanter%20au%20sol.pdf\" data-type=\"URL\" data-id=\"http:\/\/cro-ce-medias.discipline.ac-lille.fr\/acces-restreint\/ORGO\/Fiche%20Synthese%20Implanter%20au%20sol.pdf\" target=\"_blank\">L<\/a><a href=\"http:\/\/cro-ce-medias.discipline.ac-lille.fr\/acces-restreint\/ORGO\/Fiche%20Synthese%20Implanter%20au%20sol.pdf\" data-type=\"URL\" data-id=\"http:\/\/cro-ce-medias.discipline.ac-lille.fr\/acces-restreint\/ORGO\/Fiche%20Synthese%20Implanter%20au%20sol.pdf\" target=\"_blank\" rel=\"noreferrer noopener\">a<\/a><a rel=\"noreferrer noopener\" href=\"http:\/\/cro-ce-medias.discipline.ac-lille.fr\/acces-restreint\/ORGO\/Fiche%20Synthese%20Implanter%20au%20sol.pdf\" data-type=\"URL\" data-id=\"http:\/\/cro-ce-medias.discipline.ac-lille.fr\/acces-restreint\/ORGO\/Fiche%20Synthese%20Implanter%20au%20sol.pdf\" target=\"_blank\"> d\u00e9couvrir<\/a><\/p>\n<\/div><\/div>\n\n\n\n<div class=\"wp-block-media-text alignwide is-stacked-on-mobile\" style=\"grid-template-columns:15% auto\"><figure class=\"wp-block-media-text__media\"><img loading=\"lazy\" decoding=\"async\" width=\"453\" height=\"601\" src=\"https:\/\/pedagogie.ac-lille.fr\/metiers-btp\/wp-content\/uploads\/sites\/5\/2021\/11\/maconnerie.png\" alt=\"\" class=\"wp-image-1143 size-full\" srcset=\"https:\/\/pedagogie.ac-lille.fr\/metiers-btp\/wp-content\/uploads\/sites\/5\/2021\/11\/maconnerie.png 453w, https:\/\/pedagogie.ac-lille.fr\/metiers-btp\/wp-content\/uploads\/sites\/5\/2021\/11\/maconnerie-226x300.png 226w\" sizes=\"auto, (max-width: 453px) 100vw, 453px\" \/><\/figure><div class=\"wp-block-media-text__content\">\n<p style=\"font-size:14px\">\u00c9l\u00e9ments de r\u00e9flexion pour la construction d&rsquo;une fiche synth\u00e8se portant sur la probl\u00e9matique \u00ab\u00a0Comment r\u00e9aliser un ouvrage en ma\u00e7onnerie?\u00a0\u00bb<\/p>\n\n\n\n<p style=\"font-size:14px\"><a href=\"http:\/\/cro-ce-medias.discipline.ac-lille.fr\/acces-restreint\/ORGO\/Fiche%20Synthese%20Mettre%20en%20oeuvre%20des%20mus%20en%20maconnerie.pdf\" data-type=\"URL\" data-id=\"http:\/\/cro-ce-medias.discipline.ac-lille.fr\/acces-restreint\/ORGO\/Fiche%20Synthese%20Mettre%20en%20oeuvre%20des%20mus%20en%20maconnerie.pdf\" target=\"_blank\" rel=\"noreferrer noopener\">La d\u00e9couvrir<\/a><\/p>\n<\/div><\/div>\n\n\n\n<div class=\"wp-block-media-text alignwide is-stacked-on-mobile\" style=\"grid-template-columns:16% auto\"><figure class=\"wp-block-media-text__media\"><img loading=\"lazy\" decoding=\"async\" width=\"956\" height=\"675\" src=\"https:\/\/pedagogie.ac-lille.fr\/metiers-btp\/wp-content\/uploads\/sites\/5\/2021\/11\/projet-1.png\" alt=\"\" class=\"wp-image-1147 size-full\" srcset=\"https:\/\/pedagogie.ac-lille.fr\/metiers-btp\/wp-content\/uploads\/sites\/5\/2021\/11\/projet-1.png 956w, https:\/\/pedagogie.ac-lille.fr\/metiers-btp\/wp-content\/uploads\/sites\/5\/2021\/11\/projet-1-300x212.png 300w, https:\/\/pedagogie.ac-lille.fr\/metiers-btp\/wp-content\/uploads\/sites\/5\/2021\/11\/projet-1-768x542.png 768w\" sizes=\"auto, (max-width: 956px) 100vw, 956px\" \/><\/figure><div class=\"wp-block-media-text__content\">\n<p style=\"font-size:14px\">Dossier technique de l&rsquo;ensemble des ressources (plans, maquettes num\u00e9riques,etc.)<\/p>\n\n\n\n<p style=\"font-size:14px\"><a rel=\"noreferrer noopener\" href=\"http:\/\/cro-ce-medias.discipline.ac-lille.fr\/acces-restreint\/ORGO\/DOSSIER%20TECHNIQUE.7z\" data-type=\"URL\" data-id=\"http:\/\/cro-ce-medias.discipline.ac-lille.fr\/acces-restreint\/ORGO\/DOSSIER%20TECHNIQUE.7z\" target=\"_blank\">Le d\u00e9couvrir<\/a><\/p>\n<\/div><\/div>\n\n\n\n<p><strong>Les jardins \u00e0 la Fran\u00e7aise: un projet f\u00e9d\u00e9rateur et innovant pour la classe de CAP Ma\u00e7on<\/strong><\/p>\n\n\n\n<div class=\"wp-block-media-text is-stacked-on-mobile\" style=\"grid-template-columns:29% auto\"><figure class=\"wp-block-media-text__media\"><img loading=\"lazy\" decoding=\"async\" width=\"1024\" height=\"520\" src=\"https:\/\/pedagogie.ac-lille.fr\/metiers-btp\/wp-content\/uploads\/sites\/5\/2026\/04\/jardin-2-1024x520.jpg\" alt=\"\" class=\"wp-image-3526 size-full\" srcset=\"https:\/\/pedagogie.ac-lille.fr\/metiers-btp\/wp-content\/uploads\/sites\/5\/2026\/04\/jardin-2-1024x520.jpg 1024w, https:\/\/pedagogie.ac-lille.fr\/metiers-btp\/wp-content\/uploads\/sites\/5\/2026\/04\/jardin-2-300x152.jpg 300w, https:\/\/pedagogie.ac-lille.fr\/metiers-btp\/wp-content\/uploads\/sites\/5\/2026\/04\/jardin-2-768x390.jpg 768w, https:\/\/pedagogie.ac-lille.fr\/metiers-btp\/wp-content\/uploads\/sites\/5\/2026\/04\/jardin-2-1536x780.jpg 1536w, https:\/\/pedagogie.ac-lille.fr\/metiers-btp\/wp-content\/uploads\/sites\/5\/2026\/04\/jardin-2.jpg 1652w\" sizes=\"auto, (max-width: 1024px) 100vw, 1024px\" \/><\/figure><div class=\"wp-block-media-text__content\">\n<p>Merci \u00e0 Monsieur Engrand Guillaume et Monsieur Pecquart Arnaud professeurs au LP N.Niemen de Calais pour le partage de ce projet.<\/p>\n\n\n\n<p>Un projet qui a transform\u00e9 une classe. Un beau travail construction \u00e9conomie et enseignement de sp\u00e9cialit\u00e9. Bravo !<\/p>\n\n\n\n<p><a href=\"https:\/\/cro-ce-medias.discipline.ac-lille.fr\/acces-restreint\/ORGO\/Pr%C3%A9sentation%20jardin%20%C3%A0%20la%20fran%C3%A7aise%281%29.mp4\">Le d\u00e9couvrir<\/a><\/p>\n<\/div><\/div>\n","protected":false},"excerpt":{"rendered":"<p>Ressources p\u00e9dagogiques Ces ressources produites par Messieurs BENFARES et POUILLE ont \u00e9t\u00e9 \u00e9labor\u00e9es dans le cadre du projet Sankor\u00e9- PRO, collaboration entre le Minist\u00e8re de l&rsquo;\u00e9ducation nationale (pilot\u00e9 par l&rsquo;acad\u00e9mie de Versailles) et l&rsquo;UNESCO (pays francophones). Ce projet s&rsquo;appuie \u00e9galement sur des outils et des supports num\u00e9riques : logiciel TNI \u00ab\u00a0Open Sankor\u00e9\u00a0\u00bb t\u00e9l\u00e9chargeable gratuitement sur [&hellip;]<\/p>\n","protected":false},"author":13,"featured_media":0,"parent":0,"menu_order":0,"comment_status":"closed","ping_status":"closed","template":"","meta":{"ngg_post_thumbnail":0,"footnotes":""},"class_list":["post-1125","page","type-page","status-publish","czr-hentry"],"publishpress_future_action":{"enabled":false,"date":"2026-04-28 20:11:07","action":"change-status","newStatus":"draft","terms":[],"taxonomy":"","extraData":[]},"publishpress_future_workflow_manual_trigger":{"enabledWorkflows":[]},"_links":{"self":[{"href":"https:\/\/pedagogie.ac-lille.fr\/metiers-btp\/wp-json\/wp\/v2\/pages\/1125","targetHints":{"allow":["GET"]}}],"collection":[{"href":"https:\/\/pedagogie.ac-lille.fr\/metiers-btp\/wp-json\/wp\/v2\/pages"}],"about":[{"href":"https:\/\/pedagogie.ac-lille.fr\/metiers-btp\/wp-json\/wp\/v2\/types\/page"}],"author":[{"embeddable":true,"href":"https:\/\/pedagogie.ac-lille.fr\/metiers-btp\/wp-json\/wp\/v2\/users\/13"}],"replies":[{"embeddable":true,"href":"https:\/\/pedagogie.ac-lille.fr\/metiers-btp\/wp-json\/wp\/v2\/comments?post=1125"}],"version-history":[{"count":34,"href":"https:\/\/pedagogie.ac-lille.fr\/metiers-btp\/wp-json\/wp\/v2\/pages\/1125\/revisions"}],"predecessor-version":[{"id":3532,"href":"https:\/\/pedagogie.ac-lille.fr\/metiers-btp\/wp-json\/wp\/v2\/pages\/1125\/revisions\/3532"}],"wp:attachment":[{"href":"https:\/\/pedagogie.ac-lille.fr\/metiers-btp\/wp-json\/wp\/v2\/media?parent=1125"}],"curies":[{"name":"wp","href":"https:\/\/api.w.org\/{rel}","templated":true}]}}