{"id":118,"date":"2020-04-27T10:57:44","date_gmt":"2020-04-27T08:57:44","guid":{"rendered":"http:\/\/pedagogie.ac-lille.fr\/cro-ce\/\/?page_id=118"},"modified":"2021-08-27T10:30:54","modified_gmt":"2021-08-27T08:30:54","slug":"famille-des-metiers-des-etudes-et-de-la-modelisation-numerique-du-batiment","status":"publish","type":"page","link":"https:\/\/pedagogie.ac-lille.fr\/metiers-btp\/famille-des-metiers-des-etudes-et-de-la-modelisation-numerique-du-batiment\/","title":{"rendered":"Famille des m\u00e9tiers &#8211; EMNB"},"content":{"rendered":"\n<h5 class=\"has-text-color wp-block-heading\" style=\"color:#075785\"><strong>La famille des m\u00e9tiers des \u00e9tudes et de la mod\u00e9lisation num\u00e9rique du b\u00e2timent est entr\u00e9e en vigueur \u00e0 la rentr\u00e9e 2020!<\/strong><\/h5>\n\n\n\n<div class=\"wp-block-media-text alignwide\" style=\"grid-template-columns:27% auto\"><figure class=\"wp-block-media-text__media\"><img loading=\"lazy\" decoding=\"async\" width=\"341\" height=\"477\" src=\"http:\/\/pedagogie.ac-lille.fr\/cro-ce\/\/wp-content\/uploads\/sites\/5\/2020\/04\/panneaux-3.png\" alt=\"\" class=\"wp-image-119 size-full\" srcset=\"https:\/\/pedagogie.ac-lille.fr\/metiers-btp\/wp-content\/uploads\/sites\/5\/2020\/04\/panneaux-3.png 341w, https:\/\/pedagogie.ac-lille.fr\/metiers-btp\/wp-content\/uploads\/sites\/5\/2020\/04\/panneaux-3-214x300.png 214w\" sizes=\"auto, (max-width: 341px) 100vw, 341px\" \/><\/figure><div class=\"wp-block-media-text__content\">\n<p class=\"has-normal-font-size\">La liste des sp\u00e9cialit\u00e9s qui composent cette famille des m\u00e9tiers est la suivante: <\/p>\n\n\n\n<p class=\"has-normal-font-size\"><strong>BAC PRO Technicien d&rsquo;\u00e9tudes du b\u00e2timent:<\/strong><\/p>\n\n\n\n<ul class=\"wp-block-list\"><li><strong>Option A : \u00e9tudes et \u00e9conomie<\/strong> ,<\/li><li><strong> Option B : assistant en architecture<\/strong>,<\/li><\/ul>\n\n\n\n<p><strong>BAC PRO Technicien g\u00e9om\u00e8tre topographe.<\/strong><\/p>\n<\/div><\/div>\n\n\n\n<h4 class=\"has-text-color wp-block-heading\" style=\"color:#05a1fc\">Un parcours s\u00e9curis\u00e9 et s\u00e9curisant<\/h4>\n\n\n\n<p class=\"has-text-align-left\">L\u2019organisation par famille de m\u00e9tiers en classe de seconde propose un cadre s\u00e9curisant. Celle-ci permet aux \u00e9l\u00e8ves d\u00e9j\u00e0 d\u00e9cid\u00e9s de consolider leur choix et donne \u00e0 ceux qui h\u00e9sitent et aux plus ind\u00e9cis l\u2019opportunit\u00e9 de se diriger vers une sp\u00e9cialit\u00e9 de la famille correspondant le mieux \u00e0 leurs aspirations.<\/p>\n\n\n\n<h4 class=\"has-text-color wp-block-heading\" style=\"color:#069ff8\">Des comp\u00e9tences communes mises en \u0153uvre <\/h4>\n\n\n\n<div class=\"wp-block-image\"><figure class=\"aligncenter size-large is-resized\"><img loading=\"lazy\" decoding=\"async\" src=\"http:\/\/pedagogie.ac-lille.fr\/cro-ce\/\/wp-content\/uploads\/sites\/5\/2020\/04\/competences-communes-1.png\" alt=\"\" class=\"wp-image-142\" width=\"226\" height=\"167\" srcset=\"https:\/\/pedagogie.ac-lille.fr\/metiers-btp\/wp-content\/uploads\/sites\/5\/2020\/04\/competences-communes-1.png 607w, https:\/\/pedagogie.ac-lille.fr\/metiers-btp\/wp-content\/uploads\/sites\/5\/2020\/04\/competences-communes-1-300x222.png 300w\" sizes=\"auto, (max-width: 226px) 100vw, 226px\" \/><\/figure><\/div>\n\n\n\n<h4 class=\"has-text-color wp-block-heading\" style=\"color:#069ef6\">Des enjeux \u00e0 int\u00e9grer dans la formation<\/h4>\n\n\n\n<p class=\"has-text-align-left\">Les enjeux de la famille des m\u00e9tiers des \u00e9tudes et de la mod\u00e9lisation num\u00e9rique du b\u00e2timent porteront notamment sur les transitions \u00e9cologique et num\u00e9rique ainsi que les transformations digitales. En lien avec le d\u00e9veloppement de la d\u00e9marche BIM collaborative, l\u2019utilisation des outils num\u00e9riques et des logiciels professionnels seront privil\u00e9gi\u00e9s. <\/p>\n\n\n\n<h4 class=\"has-text-color wp-block-heading\" style=\"color:#059ff8\">Une d\u00e9marche de projet \u00e0 privil\u00e9gier<\/h4>\n\n\n\n<p>Une organisation par famille de m\u00e9tiers est propice notamment \u00e0 la mise en \u0153uvre de  la d\u00e9marche de projet.<\/p>\n\n\n\n<div class=\"wp-block-image\"><figure class=\"aligncenter size-large is-resized\"><img loading=\"lazy\" decoding=\"async\" src=\"http:\/\/pedagogie.ac-lille.fr\/cro-ce\/\/wp-content\/uploads\/sites\/5\/2020\/04\/TBEE-TGT-2.png\" alt=\"\" class=\"wp-image-127\" width=\"460\" height=\"206\" srcset=\"https:\/\/pedagogie.ac-lille.fr\/metiers-btp\/wp-content\/uploads\/sites\/5\/2020\/04\/TBEE-TGT-2.png 525w, https:\/\/pedagogie.ac-lille.fr\/metiers-btp\/wp-content\/uploads\/sites\/5\/2020\/04\/TBEE-TGT-2-300x134.png 300w\" sizes=\"auto, (max-width: 460px) 100vw, 460px\" \/><figcaption>Des r\u00f4les qui \u00e9voluent en fonction de l&rsquo;avancement du projet et des envies de chacun.<\/figcaption><\/figure><\/div>\n\n\n\n<h4 class=\"has-text-color wp-block-heading\" style=\"color:#039ffa\">Une dynamique acad\u00e9mique !<\/h4>\n\n\n\n<div class=\"wp-block-media-text alignwide\" style=\"grid-template-columns:15% auto\"><figure class=\"wp-block-media-text__media\"><img loading=\"lazy\" decoding=\"async\" width=\"222\" height=\"314\" src=\"http:\/\/pedagogie.ac-lille.fr\/cro-ce\/\/wp-content\/uploads\/sites\/5\/2020\/04\/affiche_concours-1.png\" alt=\"\" class=\"wp-image-129 size-full\" srcset=\"https:\/\/pedagogie.ac-lille.fr\/metiers-btp\/wp-content\/uploads\/sites\/5\/2020\/04\/affiche_concours-1.png 222w, https:\/\/pedagogie.ac-lille.fr\/metiers-btp\/wp-content\/uploads\/sites\/5\/2020\/04\/affiche_concours-1-212x300.png 212w\" sizes=\"auto, (max-width: 222px) 100vw, 222px\" \/><\/figure><div class=\"wp-block-media-text__content\">\n<p style=\"font-size:17px\">Dans l&rsquo;acad\u00e9mie de Lille, a \u00e9t\u00e9 mis en \u0153uvre le concours<em> acad\u00e9mique \u00ab\u00a0Plus belle la vie dans mon lyc\u00e9e &#8211; \u00e9dition 2021\u00a0\u00bb<\/em>. L&rsquo;ensemble des \u00e9tablissements de l&rsquo;acad\u00e9mie concern\u00e9s par la famille des m\u00e9tiers des \u00e9tudes et de la mod\u00e9lisation num\u00e9rique du b\u00e2timent s&rsquo;est inscrit dans cette dynamique. Une centaine d&rsquo;\u00e9l\u00e8ves ont particip\u00e9 \u00e0 celui-ci.<\/p>\n\n\n\n<p><a href=\"https:\/\/pedagogie.ac-lille.fr\/metiers-btp\/?page_id=613&amp;preview=true\" target=\"_blank\" rel=\"noreferrer noopener\">En savoir plus<\/a> sur l&rsquo;\u00e9dition 2021 &#8211; concours \u00ab\u00a0Plus belle la vie dans mon lyc\u00e9e\u00a0\u00bb <\/p>\n<\/div><\/div>\n\n\n\n<h4 class=\"has-vivid-cyan-blue-color has-text-color wp-block-heading\">Le concours acad\u00e9mique \u00ab\u00a0Plus belle la vie dans mon lyc\u00e9e &#8211; \u00e9dition 2021\u00a0\u00bb revient en pleine forme \u00e0 la rentr\u00e9e scolaire 2021 pour une \u00e9dition 2022 et devient \u00ab\u00a0TOP la vie dans  mon lyc\u00e9e\u00a0\u00bb.<\/h4>\n\n\n\n<p class=\"has-white-color has-luminous-vivid-orange-background-color has-text-color has-background\"><a href=\"https:\/\/pedagogie.ac-lille.fr\/metiers-btp\/?page_id=633&amp;preview=true\" target=\"_blank\" rel=\"noreferrer noopener\">En savoir plus<\/a> sur l&rsquo;\u00e9dition 2022 &#8211; concours \u00ab\u00a0TOP la vie dans mon lyc\u00e9e\u00a0\u00bb <\/p>\n\n\n\n<h4 class=\"has-white-color has-black-background-color has-text-color has-background wp-block-heading\">R\u00e9f\u00e9rences r\u00e9glementaires<\/h4>\n\n\n\n<figure class=\"wp-block-table\"><table><tbody><tr><td><a href=\"https:\/\/www.legifrance.gouv.fr\/affichTexte.do;jsessionid=F3FC195D8E52CA2DA1E95F8070419A51.tplgfr23s_1?cidTexte=JORFTEXT000037833273&amp;dateTexte=&amp;oldAction=rechJO&amp;categorieLien=id&amp;idJO=JORFCONT000037832549\" target=\"_blank\" rel=\"noreferrer noopener\" aria-label=\"Arr\u00eat\u00e9 du 21 novembre 2018 relatif aux enseignements dispens\u00e9s dans les   formations sous statut scolaire pr\u00e9parant au baccalaur\u00e9at professionnel (s\u2019ouvre dans un nouvel onglet)\">Arr\u00eat\u00e9 du 21 novembre 2018 relatif aux enseignements dispens\u00e9s dans les   formations sous statut scolaire pr\u00e9parant au baccalaur\u00e9at professionnel<\/a><br>Arr\u00eat\u00e9 du 19 avril 2019 d\u00e9finissant les familles de m\u00e9tiers en classe de   seconde professionnelle mentionn\u00e9es \u00e0 l&rsquo;article D. 333-2 du code de   l&rsquo;\u00e9ducation NOR: MENE1911939A<br>Arr\u00eat\u00e9 du 20   avril 2020 modifiant l&rsquo;annexe de l&rsquo;arr\u00eat\u00e9 du 19 avril 2019 d\u00e9finissant les   familles de m\u00e9tiers en classe de seconde professionnelle mentionn\u00e9es \u00e0   l&rsquo;article D. 333-2 du code de l&rsquo;\u00e9ducation         <\/td><\/tr><\/tbody><\/table><\/figure>\n\n\n\n<h4 class=\"has-white-color has-black-background-color has-text-color has-background wp-block-heading\">Ressources nationales<\/h4>\n\n\n\n<div class=\"wp-block-media-text alignwide\" style=\"grid-template-columns:20% auto\"><figure class=\"wp-block-media-text__media\"><img loading=\"lazy\" decoding=\"async\" width=\"195\" height=\"275\" src=\"http:\/\/pedagogie.ac-lille.fr\/cro-ce\/\/wp-content\/uploads\/sites\/5\/2020\/06\/vademecum.png\" alt=\"\" class=\"wp-image-370 size-full\" \/><\/figure><div class=\"wp-block-media-text__content\">\n<p class=\"has-normal-font-size\"><a href=\"https:\/\/cache.media.eduscol.education.fr\/file\/fam_metiers_et_R_pedagogiques\/32\/0\/Vademecum_seconde_famille-metiers_etudes-et-modelisation-numerique-du-batiment_1258320.pdf\" data-type=\"URL\" data-id=\"https:\/\/cache.media.eduscol.education.fr\/file\/fam_metiers_et_R_pedagogiques\/32\/0\/Vademecum_seconde_famille-metiers_etudes-et-modelisation-numerique-du-batiment_1258320.pdf\" target=\"_blank\" rel=\"noreferrer noopener\">D\u00e9couvrir la ressource.<\/a><\/p>\n<\/div><\/div>\n\n\n\n<h4 class=\"has-white-color has-black-background-color has-text-color has-background wp-block-heading\">Ressources acad\u00e9miques<\/h4>\n\n\n\n<div class=\"wp-block-media-text alignwide\" style=\"grid-template-columns:15% auto\"><figure class=\"wp-block-media-text__media\"><img loading=\"lazy\" decoding=\"async\" width=\"204\" height=\"264\" src=\"http:\/\/pedagogie.ac-lille.fr\/cro-ce\/\/wp-content\/uploads\/sites\/5\/2020\/06\/guide.png\" alt=\"\" class=\"wp-image-363 size-full\" \/><\/figure><div class=\"wp-block-media-text__content\">\n<p class=\"has-normal-font-size\"><a href=\"http:\/\/cro-ce-medias.discipline.ac-lille.fr\/acces-restreint\/FAMILLE_MEMNB\/guide_academie_lille\" data-type=\"URL\" data-id=\"http:\/\/cro-ce-medias.discipline.ac-lille.fr\/acces-restreint\/FAMILLE_MEMNB\/guide_academie_lille\" target=\"_blank\" rel=\"noreferrer noopener\">D\u00e9couvrir le guide acad\u00e9mique<\/a>.<\/p>\n<\/div><\/div>\n\n\n\n<div class=\"wp-block-media-text alignwide\" style=\"grid-template-columns:23% auto\"><figure class=\"wp-block-media-text__media\"><img loading=\"lazy\" decoding=\"async\" width=\"526\" height=\"724\" src=\"http:\/\/pedagogie.ac-lille.fr\/cro-ce\/\/wp-content\/uploads\/sites\/5\/2020\/06\/livrets-emnb.png\" alt=\"\" class=\"wp-image-364 size-full\" srcset=\"https:\/\/pedagogie.ac-lille.fr\/metiers-btp\/wp-content\/uploads\/sites\/5\/2020\/06\/livrets-emnb.png 526w, https:\/\/pedagogie.ac-lille.fr\/metiers-btp\/wp-content\/uploads\/sites\/5\/2020\/06\/livrets-emnb-218x300.png 218w\" sizes=\"auto, (max-width: 526px) 100vw, 526px\" \/><\/figure><div class=\"wp-block-media-text__content\">\n<p class=\"has-text-align-left has-normal-font-size\">Trois livrets d&rsquo;accompagnement de l&rsquo;\u00e9l\u00e8ve en seconde BAC PRO M\u00e9tiers des \u00e9tudes et de la mod\u00e9lisation num\u00e9rique du b\u00e2timent seront mis en \u0153uvre \u00e0 la rentr\u00e9e 2020. Ils sont t\u00e9l\u00e9chargeables \u00e0 partir des liens suivants:<\/p>\n\n\n\n<ul class=\"wp-block-list\"><li><a rel=\"noreferrer noopener\" href=\"http:\/\/cro-ce-medias.discipline.ac-lille.fr\/acces-restreint\/FAMILLE_MEMNB\/Livret_de_suivi\" data-type=\"URL\" data-id=\"http:\/\/cro-ce-medias.discipline.ac-lille.fr\/acces-restreint\/FAMILLE_MEMNB\/Livret_de_suivi\" target=\"_blank\">d\u00e9couvrir le livret de suivi<\/a> ;<\/li><li><a rel=\"noreferrer noopener\" href=\"http:\/\/cro-ce-medias.discipline.ac-lille.fr\/acces-restreint\/FAMILLE_MEMNB\/livret_organisation_formation\" data-type=\"URL\" data-id=\"http:\/\/cro-ce-medias.discipline.ac-lille.fr\/acces-restreint\/FAMILLE_MEMNB\/livret_organisation_formation\" target=\"_blank\">d\u00e9couvrir le livret d\u00e9crivant l&rsquo;organisation de la formation<\/a> ; <\/li><li><a href=\"http:\/\/cro-ce-medias.discipline.ac-lille.fr\/acces-restreint\/FAMILLE_MEMNB\/livret_PFMP\" data-type=\"URL\" data-id=\"http:\/\/cro-ce-medias.discipline.ac-lille.fr\/acces-restreint\/FAMILLE_MEMNB\/livret_PFMP\" target=\"_blank\" rel=\"noreferrer noopener\">d\u00e9couvrir le livret PFMP<\/a><a rel=\"noreferrer noopener\" href=\"http:\/\/cro-ce-medias.discipline.ac-lille.fr\/acces-restreint\/FAMILLE_MEMNB\/livret_PFMP\" target=\"_blank\"> ;<\/a><\/li><\/ul>\n<\/div><\/div>\n","protected":false},"excerpt":{"rendered":"<p>La famille des m\u00e9tiers des \u00e9tudes et de la mod\u00e9lisation num\u00e9rique du b\u00e2timent est entr\u00e9e en vigueur \u00e0 la rentr\u00e9e 2020! La liste des sp\u00e9cialit\u00e9s qui composent cette famille des m\u00e9tiers est la suivante: BAC PRO Technicien d&rsquo;\u00e9tudes du b\u00e2timent: Option A : \u00e9tudes et \u00e9conomie , Option B : assistant en architecture, BAC PRO [&hellip;]<\/p>\n","protected":false},"author":13,"featured_media":0,"parent":0,"menu_order":0,"comment_status":"closed","ping_status":"closed","template":"","meta":{"ngg_post_thumbnail":0,"footnotes":""},"class_list":["post-118","page","type-page","status-publish","czr-hentry"],"publishpress_future_action":{"enabled":false,"date":"2026-04-28 20:19:24","action":"change-status","newStatus":"draft","terms":[],"taxonomy":"","extraData":[]},"publishpress_future_workflow_manual_trigger":{"enabledWorkflows":[]},"_links":{"self":[{"href":"https:\/\/pedagogie.ac-lille.fr\/metiers-btp\/wp-json\/wp\/v2\/pages\/118","targetHints":{"allow":["GET"]}}],"collection":[{"href":"https:\/\/pedagogie.ac-lille.fr\/metiers-btp\/wp-json\/wp\/v2\/pages"}],"about":[{"href":"https:\/\/pedagogie.ac-lille.fr\/metiers-btp\/wp-json\/wp\/v2\/types\/page"}],"author":[{"embeddable":true,"href":"https:\/\/pedagogie.ac-lille.fr\/metiers-btp\/wp-json\/wp\/v2\/users\/13"}],"replies":[{"embeddable":true,"href":"https:\/\/pedagogie.ac-lille.fr\/metiers-btp\/wp-json\/wp\/v2\/comments?post=118"}],"version-history":[{"count":81,"href":"https:\/\/pedagogie.ac-lille.fr\/metiers-btp\/wp-json\/wp\/v2\/pages\/118\/revisions"}],"predecessor-version":[{"id":814,"href":"https:\/\/pedagogie.ac-lille.fr\/metiers-btp\/wp-json\/wp\/v2\/pages\/118\/revisions\/814"}],"wp:attachment":[{"href":"https:\/\/pedagogie.ac-lille.fr\/metiers-btp\/wp-json\/wp\/v2\/media?parent=118"}],"curies":[{"name":"wp","href":"https:\/\/api.w.org\/{rel}","templated":true}]}}