{"id":1191,"date":"2021-11-11T11:52:09","date_gmt":"2021-11-11T10:52:09","guid":{"rendered":"https:\/\/pedagogie.ac-lille.fr\/metiers-btp\/?page_id=1191"},"modified":"2021-11-11T11:53:10","modified_gmt":"2021-11-11T10:53:10","slug":"carte-des-formations","status":"publish","type":"page","link":"https:\/\/pedagogie.ac-lille.fr\/metiers-btp\/carte-des-formations\/","title":{"rendered":"Carte des formations"},"content":{"rendered":"\n<div class=\"wp-block-image\"><figure class=\"aligncenter size-large is-resized\"><img loading=\"lazy\" decoding=\"async\" src=\"https:\/\/pedagogie.ac-lille.fr\/metiers-btp\/wp-content\/uploads\/sites\/5\/2021\/11\/CARTE-1024x728.png\" alt=\"\" class=\"wp-image-1192\" width=\"759\" height=\"540\" srcset=\"https:\/\/pedagogie.ac-lille.fr\/metiers-btp\/wp-content\/uploads\/sites\/5\/2021\/11\/CARTE-1024x728.png 1024w, https:\/\/pedagogie.ac-lille.fr\/metiers-btp\/wp-content\/uploads\/sites\/5\/2021\/11\/CARTE-300x213.png 300w, https:\/\/pedagogie.ac-lille.fr\/metiers-btp\/wp-content\/uploads\/sites\/5\/2021\/11\/CARTE-768x546.png 768w, https:\/\/pedagogie.ac-lille.fr\/metiers-btp\/wp-content\/uploads\/sites\/5\/2021\/11\/CARTE.png 1103w\" sizes=\"auto, (max-width: 759px) 100vw, 759px\" \/><figcaption>Carte des formations de la famille des m\u00e9tiers des \u00e9tudes et de la mod\u00e9lisation num\u00e9rique du b\u00e2timent <br>de l&rsquo;acad\u00e9mie de Lille.<\/figcaption><\/figure><\/div>\n","protected":false},"excerpt":{"rendered":"","protected":false},"author":13,"featured_media":0,"parent":0,"menu_order":0,"comment_status":"closed","ping_status":"closed","template":"","meta":{"ngg_post_thumbnail":0,"footnotes":""},"class_list":["post-1191","page","type-page","status-publish","czr-hentry"],"publishpress_future_action":{"enabled":false,"date":"2026-04-28 20:10:28","action":"change-status","newStatus":"draft","terms":[],"taxonomy":"","extraData":[]},"publishpress_future_workflow_manual_trigger":{"enabledWorkflows":[]},"_links":{"self":[{"href":"https:\/\/pedagogie.ac-lille.fr\/metiers-btp\/wp-json\/wp\/v2\/pages\/1191","targetHints":{"allow":["GET"]}}],"collection":[{"href":"https:\/\/pedagogie.ac-lille.fr\/metiers-btp\/wp-json\/wp\/v2\/pages"}],"about":[{"href":"https:\/\/pedagogie.ac-lille.fr\/metiers-btp\/wp-json\/wp\/v2\/types\/page"}],"author":[{"embeddable":true,"href":"https:\/\/pedagogie.ac-lille.fr\/metiers-btp\/wp-json\/wp\/v2\/users\/13"}],"replies":[{"embeddable":true,"href":"https:\/\/pedagogie.ac-lille.fr\/metiers-btp\/wp-json\/wp\/v2\/comments?post=1191"}],"version-history":[{"count":2,"href":"https:\/\/pedagogie.ac-lille.fr\/metiers-btp\/wp-json\/wp\/v2\/pages\/1191\/revisions"}],"predecessor-version":[{"id":1195,"href":"https:\/\/pedagogie.ac-lille.fr\/metiers-btp\/wp-json\/wp\/v2\/pages\/1191\/revisions\/1195"}],"wp:attachment":[{"href":"https:\/\/pedagogie.ac-lille.fr\/metiers-btp\/wp-json\/wp\/v2\/media?parent=1191"}],"curies":[{"name":"wp","href":"https:\/\/api.w.org\/{rel}","templated":true}]}}