{"id":1199,"date":"2021-11-22T19:14:21","date_gmt":"2021-11-22T18:14:21","guid":{"rendered":"https:\/\/pedagogie.ac-lille.fr\/metiers-btp\/?page_id=1199"},"modified":"2021-11-22T19:14:21","modified_gmt":"2021-11-22T18:14:21","slug":"projet-village-olympique-support-de-formation-en-co-intervention","status":"publish","type":"page","link":"https:\/\/pedagogie.ac-lille.fr\/metiers-btp\/projet-village-olympique-support-de-formation-en-co-intervention\/","title":{"rendered":"Projet village olympique support de formation en co intervention"},"content":{"rendered":"\n<div class=\"wp-block-image\"><figure class=\"aligncenter size-full is-resized\"><img loading=\"lazy\" decoding=\"async\" src=\"https:\/\/pedagogie.ac-lille.fr\/metiers-btp\/wp-content\/uploads\/sites\/5\/2021\/11\/MERCI-5.png\" alt=\"\" class=\"wp-image-1172\" width=\"150\" height=\"114\" srcset=\"https:\/\/pedagogie.ac-lille.fr\/metiers-btp\/wp-content\/uploads\/sites\/5\/2021\/11\/MERCI-5.png 384w, https:\/\/pedagogie.ac-lille.fr\/metiers-btp\/wp-content\/uploads\/sites\/5\/2021\/11\/MERCI-5-300x227.png 300w\" sizes=\"auto, (max-width: 150px) 100vw, 150px\" \/><\/figure><\/div>\n\n\n\n<p class=\"has-black-color has-light-green-cyan-background-color has-text-color has-background\">Un grand merci \u00e0 Monsieur BONVARLET Benjamin enseignant au LP F.Hennebique pour le partage de ressources.<\/p>\n\n\n\n<p>Co intervention enseignement professionnel &#8211; math\u00e9matiques<\/p>\n\n\n\n<p class=\"has-luminous-vivid-orange-color has-text-color\">Comp\u00e9tence commune: mettre en \u0153uvre, r\u00e9aliser &#8211; implanter et tracer un ouvrage<\/p>\n\n\n\n<div class=\"wp-block-media-text alignwide is-stacked-on-mobile\" style=\"grid-template-columns:15% auto\"><figure class=\"wp-block-media-text__media\"><img loading=\"lazy\" decoding=\"async\" width=\"465\" height=\"646\" src=\"https:\/\/pedagogie.ac-lille.fr\/metiers-btp\/wp-content\/uploads\/sites\/5\/2021\/11\/page1.png\" alt=\"\" class=\"wp-image-1202 size-full\" srcset=\"https:\/\/pedagogie.ac-lille.fr\/metiers-btp\/wp-content\/uploads\/sites\/5\/2021\/11\/page1.png 465w, https:\/\/pedagogie.ac-lille.fr\/metiers-btp\/wp-content\/uploads\/sites\/5\/2021\/11\/page1-216x300.png 216w\" sizes=\"auto, (max-width: 465px) 100vw, 465px\" \/><\/figure><div class=\"wp-block-media-text__content\">\n<p style=\"font-size:14px\">Exemple d&rsquo;activit\u00e9s relatives aux distances<\/p>\n\n\n\n<p style=\"font-size:14px\"><a rel=\"noreferrer noopener\" href=\"http:\/\/cro-ce-medias.discipline.ac-lille.fr\/acces-restreint\/COINTERVENTION\/02%20Les%20distances%20version%20%C3%A9l%C3%A8ve.pdf\" data-type=\"URL\" data-id=\"http:\/\/cro-ce-medias.discipline.ac-lille.fr\/acces-restreint\/COINTERVENTION\/02%20Les%20distances%20version%20%C3%A9l%C3%A8ve.pdf\" target=\"_blank\">D\u00e9<\/a><a href=\"http:\/\/cro-ce-medias.discipline.ac-lille.fr\/acces-restreint\/COINTERVENTION\/02%20Les%20distances%20version%20%C3%A9l%C3%A8ve.pdf\" data-type=\"URL\" data-id=\"http:\/\/cro-ce-medias.discipline.ac-lille.fr\/acces-restreint\/COINTERVENTION\/02%20Les%20distances%20version%20%C3%A9l%C3%A8ve.pdf\" target=\"_blank\" rel=\"noreferrer noopener\">couvrir le document \u00e9l\u00e8ve.<\/a><\/p>\n\n\n\n<p style=\"font-size:14px\"><a href=\"http:\/\/cro-ce-medias.discipline.ac-lille.fr\/acces-restreint\/COINTERVENTION\/02%20Les%20distances%20version%20prof-1.pdf\" data-type=\"URL\" data-id=\"http:\/\/cro-ce-medias.discipline.ac-lille.fr\/acces-restreint\/COINTERVENTION\/02%20Les%20distances%20version%20prof-1.pdf\" target=\"_blank\" rel=\"noreferrer noopener\">D\u00e9couvrir le document professeur.<\/a><\/p>\n<\/div><\/div>\n\n\n\n<p class=\"has-luminous-vivid-orange-color has-text-color\">Comp\u00e9tence commune : traiter, d\u00e9cider, communiquer &#8211; quantifier les mat\u00e9riaux et mat\u00e9riels<\/p>\n\n\n\n<div class=\"wp-block-media-text alignwide is-stacked-on-mobile\" style=\"grid-template-columns:15% auto\"><figure class=\"wp-block-media-text__media\"><img loading=\"lazy\" decoding=\"async\" width=\"469\" height=\"652\" src=\"https:\/\/pedagogie.ac-lille.fr\/metiers-btp\/wp-content\/uploads\/sites\/5\/2021\/11\/page3.png\" alt=\"\" class=\"wp-image-1205 size-full\" srcset=\"https:\/\/pedagogie.ac-lille.fr\/metiers-btp\/wp-content\/uploads\/sites\/5\/2021\/11\/page3.png 469w, https:\/\/pedagogie.ac-lille.fr\/metiers-btp\/wp-content\/uploads\/sites\/5\/2021\/11\/page3-216x300.png 216w\" sizes=\"auto, (max-width: 469px) 100vw, 469px\" \/><\/figure><div class=\"wp-block-media-text__content\">\n<p style=\"font-size:14px\">Exemple d&rsquo;activit\u00e9s relatives aux p\u00e9rim\u00e8tres.<\/p>\n\n\n\n<p style=\"font-size:14px\"><a href=\"http:\/\/cro-ce-medias.discipline.ac-lille.fr\/acces-restreint\/COINTERVENTION\/03%20Les%20p%C3%A9rim%C3%A8tres%20version%20%C3%A9l%C3%A8ve.pdf\" data-type=\"URL\" data-id=\"http:\/\/cro-ce-medias.discipline.ac-lille.fr\/acces-restreint\/COINTERVENTION\/03%20Les%20p%C3%A9rim%C3%A8tres%20version%20%C3%A9l%C3%A8ve.pdf\" target=\"_blank\" rel=\"noreferrer noopener\">D\u00e9couvrir le document \u00e9l\u00e8ve.<\/a><\/p>\n\n\n\n<p style=\"font-size:14px\"><a href=\"http:\/\/cro-ce-medias.discipline.ac-lille.fr\/acces-restreint\/COINTERVENTION\/03%20Les%20p%C3%A9rim%C3%A8tres%20version%20prof.pdf\" data-type=\"URL\" data-id=\"http:\/\/cro-ce-medias.discipline.ac-lille.fr\/acces-restreint\/COINTERVENTION\/03%20Les%20p%C3%A9rim%C3%A8tres%20version%20prof.pdf\" target=\"_blank\" rel=\"noreferrer noopener\">D\u00e9couvrir le document professeur.<\/a><\/p>\n<\/div><\/div>\n\n\n\n<p class=\"has-luminous-vivid-orange-color has-text-color\">Comp\u00e9tence commune : traiter, d\u00e9cider, communiquer &#8211; quantifier les besoins<\/p>\n\n\n\n<div class=\"wp-block-media-text alignwide is-stacked-on-mobile\" style=\"grid-template-columns:15% auto\"><figure class=\"wp-block-media-text__media\"><img loading=\"lazy\" decoding=\"async\" width=\"466\" height=\"654\" src=\"https:\/\/pedagogie.ac-lille.fr\/metiers-btp\/wp-content\/uploads\/sites\/5\/2021\/11\/surface.png\" alt=\"\" class=\"wp-image-1206 size-full\" srcset=\"https:\/\/pedagogie.ac-lille.fr\/metiers-btp\/wp-content\/uploads\/sites\/5\/2021\/11\/surface.png 466w, https:\/\/pedagogie.ac-lille.fr\/metiers-btp\/wp-content\/uploads\/sites\/5\/2021\/11\/surface-214x300.png 214w\" sizes=\"auto, (max-width: 466px) 100vw, 466px\" \/><\/figure><div class=\"wp-block-media-text__content\">\n<p style=\"font-size:14px\">Exemple d&rsquo;activit\u00e9s relatives aux surfaces.<\/p>\n\n\n\n<p style=\"font-size:14px\"><a href=\"http:\/\/cro-ce-medias.discipline.ac-lille.fr\/acces-restreint\/COINTERVENTION\/04%20Les%20surfaces%20Version%20%C3%A9l%C3%A8ve.pdf\" data-type=\"URL\" data-id=\"http:\/\/cro-ce-medias.discipline.ac-lille.fr\/acces-restreint\/COINTERVENTION\/04%20Les%20surfaces%20Version%20%C3%A9l%C3%A8ve.pdf\" target=\"_blank\" rel=\"noreferrer noopener\">D\u00e9couvrir le document \u00e9l\u00e8ve.<\/a><\/p>\n\n\n\n<p style=\"font-size:14px\"><a href=\"ftp:\/\/cro-ce-medias@ftp.discipline.ac-lille.fr\/acces-restreint\/COINTERVENTION\/04%20Les%20surfaces%20Version%20prof.pdf\" data-type=\"URL\" data-id=\"ftp:\/\/cro-ce-medias@ftp.discipline.ac-lille.fr\/acces-restreint\/COINTERVENTION\/04%20Les%20surfaces%20Version%20prof.pdf\" target=\"_blank\" rel=\"noreferrer noopener\">D\u00e9couvrir le document professeur.<\/a><\/p>\n<\/div><\/div>\n\n\n\n<p class=\"has-luminous-vivid-orange-color has-text-color\">Comp\u00e9tence commune : traiter, d\u00e9cider, communiquer &#8211; quantifier les mat\u00e9riaux et mat\u00e9riels<\/p>\n\n\n\n<div class=\"wp-block-media-text alignwide is-stacked-on-mobile\" style=\"grid-template-columns:15% auto\"><figure class=\"wp-block-media-text__media\"><img loading=\"lazy\" decoding=\"async\" width=\"470\" height=\"655\" src=\"https:\/\/pedagogie.ac-lille.fr\/metiers-btp\/wp-content\/uploads\/sites\/5\/2021\/11\/volume.png\" alt=\"\" class=\"wp-image-1207 size-full\" srcset=\"https:\/\/pedagogie.ac-lille.fr\/metiers-btp\/wp-content\/uploads\/sites\/5\/2021\/11\/volume.png 470w, https:\/\/pedagogie.ac-lille.fr\/metiers-btp\/wp-content\/uploads\/sites\/5\/2021\/11\/volume-215x300.png 215w\" sizes=\"auto, (max-width: 470px) 100vw, 470px\" \/><\/figure><div class=\"wp-block-media-text__content\">\n<p style=\"font-size:14px\">Exemple d&rsquo;activit\u00e9s relatives aux volumes.<\/p>\n\n\n\n<p style=\"font-size:14px\"><a href=\"http:\/\/cro-ce-medias.discipline.ac-lille.fr\/acces-restreint\/COINTERVENTION\/05%20Les%20volumes%20Version%20%C3%A9l%C3%A8ve.pdf\" data-type=\"URL\" data-id=\"http:\/\/cro-ce-medias.discipline.ac-lille.fr\/acces-restreint\/COINTERVENTION\/05%20Les%20volumes%20Version%20%C3%A9l%C3%A8ve.pdf\" target=\"_blank\" rel=\"noreferrer noopener\">D\u00e9couvrir le document \u00e9l\u00e8ve.<\/a><\/p>\n\n\n\n<p style=\"font-size:14px\"><a href=\"http:\/\/cro-ce-medias.discipline.ac-lille.fr\/acces-restreint\/COINTERVENTION\/05%20Les%20volumes%20Version%20prof.pdf\" data-type=\"URL\" data-id=\"http:\/\/cro-ce-medias.discipline.ac-lille.fr\/acces-restreint\/COINTERVENTION\/05%20Les%20volumes%20Version%20prof.pdf\" target=\"_blank\" rel=\"noreferrer noopener\">D\u00e9couvrir le document professeur.<\/a><\/p>\n<\/div><\/div>\n","protected":false},"excerpt":{"rendered":"<p>Un grand merci \u00e0 Monsieur BONVARLET Benjamin enseignant au LP F.Hennebique pour le partage de ressources. Co intervention enseignement professionnel &#8211; math\u00e9matiques Comp\u00e9tence commune: mettre en \u0153uvre, r\u00e9aliser &#8211; implanter et tracer un ouvrage Exemple d&rsquo;activit\u00e9s relatives aux distances D\u00e9couvrir le document \u00e9l\u00e8ve. D\u00e9couvrir le document professeur. Comp\u00e9tence commune : traiter, d\u00e9cider, communiquer &#8211; quantifier [&hellip;]<\/p>\n","protected":false},"author":13,"featured_media":0,"parent":0,"menu_order":0,"comment_status":"closed","ping_status":"closed","template":"","meta":{"ngg_post_thumbnail":0,"footnotes":""},"class_list":["post-1199","page","type-page","status-publish","czr-hentry"],"publishpress_future_action":{"enabled":false,"date":"2026-04-28 20:10:28","action":"change-status","newStatus":"draft","terms":[],"taxonomy":"","extraData":[]},"publishpress_future_workflow_manual_trigger":{"enabledWorkflows":[]},"_links":{"self":[{"href":"https:\/\/pedagogie.ac-lille.fr\/metiers-btp\/wp-json\/wp\/v2\/pages\/1199","targetHints":{"allow":["GET"]}}],"collection":[{"href":"https:\/\/pedagogie.ac-lille.fr\/metiers-btp\/wp-json\/wp\/v2\/pages"}],"about":[{"href":"https:\/\/pedagogie.ac-lille.fr\/metiers-btp\/wp-json\/wp\/v2\/types\/page"}],"author":[{"embeddable":true,"href":"https:\/\/pedagogie.ac-lille.fr\/metiers-btp\/wp-json\/wp\/v2\/users\/13"}],"replies":[{"embeddable":true,"href":"https:\/\/pedagogie.ac-lille.fr\/metiers-btp\/wp-json\/wp\/v2\/comments?post=1199"}],"version-history":[{"count":14,"href":"https:\/\/pedagogie.ac-lille.fr\/metiers-btp\/wp-json\/wp\/v2\/pages\/1199\/revisions"}],"predecessor-version":[{"id":1219,"href":"https:\/\/pedagogie.ac-lille.fr\/metiers-btp\/wp-json\/wp\/v2\/pages\/1199\/revisions\/1219"}],"wp:attachment":[{"href":"https:\/\/pedagogie.ac-lille.fr\/metiers-btp\/wp-json\/wp\/v2\/media?parent=1199"}],"curies":[{"name":"wp","href":"https:\/\/api.w.org\/{rel}","templated":true}]}}