{"id":1365,"date":"2022-02-28T10:27:10","date_gmt":"2022-02-28T09:27:10","guid":{"rendered":"https:\/\/pedagogie.ac-lille.fr\/metiers-btp\/?page_id=1365"},"modified":"2022-03-17T17:27:30","modified_gmt":"2022-03-17T16:27:30","slug":"les-matinales-de-la-voie-professionnelle","status":"publish","type":"page","link":"https:\/\/pedagogie.ac-lille.fr\/metiers-btp\/les-matinales-de-la-voie-professionnelle\/","title":{"rendered":"Promotion des familles de m\u00e9tiers"},"content":{"rendered":"\n<p class=\"has-text-align-center has-white-color has-vivid-cyan-blue-background-color has-text-color has-background\">En lien avec la DRAFPIC et la DRAIO, les \u00e9tablissements de l&rsquo;acad\u00e9mie de Lille et le corps d&rsquo;inspection ont travaill\u00e9 \u00e0 l&rsquo;\u00e9laboration de ressources afin de pr\u00e9senter et promouvoir les m\u00e9tiers de la famille Construction Durable, du B\u00e2timent et des Travaux Publics ainsi que les m\u00e9tiers de la famille des \u00c9tudes et de la Mod\u00e9lisation Num\u00e9rique du B\u00e2timent.<\/p>\n\n\n\n<p>Un grand merci \u00e0 l&rsquo;ensemble des lyc\u00e9es professionnels de l&rsquo;acad\u00e9mie de Lille qui ont contribu\u00e9 \u00e0 l&rsquo;\u00e9laboration des ressources pr\u00e9sent\u00e9es ci-apr\u00e8s. <\/p>\n\n\n\n<p>Mes remerciements \u00e9galement aux \u00e9quipes des coll\u00e8ges Albert Camus de Lumbres et Monsigny de Fauquembergues pour leur participation \u00e0 la construction de ces ressources.<\/p>\n\n\n\n<p>S.Mykaj IEN ET-STI<\/p>\n\n\n\n<h2 class=\"has-text-align-left has-light-green-cyan-background-color has-background has-medium-font-size wp-block-heading\" id=\"de-cette-collaboration-sont-proposees-sur-le-plan-academique-les-ressources-suivantes\">La mutualisation des ressources, la collaboration et l&rsquo;entraide ont permis de produire les ressources suivantes:<\/h2>\n\n\n\n<h2 class=\"has-text-align-center has-white-color has-vivid-red-background-color has-text-color has-background has-medium-font-size wp-block-heading\" id=\"ressource-n-1\" style=\"text-transform:uppercase\">Ressource n\u00b01<\/h2>\n\n\n\n<div class=\"wp-block-media-text alignwide is-stacked-on-mobile\" style=\"grid-template-columns:19% auto\"><figure class=\"wp-block-media-text__media\"><img loading=\"lazy\" decoding=\"async\" width=\"1024\" height=\"701\" src=\"https:\/\/pedagogie.ac-lille.fr\/metiers-btp\/wp-content\/uploads\/sites\/5\/2022\/02\/FLYER_CDBTP_PAGE1-1024x701.jpg\" alt=\"\" class=\"wp-image-1368 size-full\" srcset=\"https:\/\/pedagogie.ac-lille.fr\/metiers-btp\/wp-content\/uploads\/sites\/5\/2022\/02\/FLYER_CDBTP_PAGE1-1024x701.jpg 1024w, https:\/\/pedagogie.ac-lille.fr\/metiers-btp\/wp-content\/uploads\/sites\/5\/2022\/02\/FLYER_CDBTP_PAGE1-300x205.jpg 300w, https:\/\/pedagogie.ac-lille.fr\/metiers-btp\/wp-content\/uploads\/sites\/5\/2022\/02\/FLYER_CDBTP_PAGE1-768x525.jpg 768w, https:\/\/pedagogie.ac-lille.fr\/metiers-btp\/wp-content\/uploads\/sites\/5\/2022\/02\/FLYER_CDBTP_PAGE1.jpg 1222w\" sizes=\"auto, (max-width: 1024px) 100vw, 1024px\" \/><\/figure><div class=\"wp-block-media-text__content\">\n<p class=\"has-medium-font-size\">Flyer \u00e0 personnaliser en fonction de l&rsquo;offre de formation de l&rsquo;\u00e9tablissement proposant un ou plusieurs dipl\u00f4me(s) de la famille des m\u00e9tiers de la Construction Durable, du B\u00e2timent et des Travaux Publics.<\/p>\n\n\n\n<p class=\"has-medium-font-size\"><a href=\"http:\/\/cro-ce-medias.discipline.ac-lille.fr\/acces-restreint\/MATINALES\/flyer_CDBTP_final.docx\" data-type=\"URL\" data-id=\"http:\/\/cro-ce-medias.discipline.ac-lille.fr\/acces-restreint\/MATINALES\/flyer_CDBTP_final.docx\" target=\"_blank\" rel=\"noreferrer noopener\">Le d\u00e9couvrir<\/a><\/p>\n<\/div><\/div>\n\n\n\n<div class=\"wp-block-media-text alignwide is-stacked-on-mobile\" style=\"grid-template-columns:19% auto\"><figure class=\"wp-block-media-text__media\"><img loading=\"lazy\" decoding=\"async\" width=\"1024\" height=\"722\" src=\"https:\/\/pedagogie.ac-lille.fr\/metiers-btp\/wp-content\/uploads\/sites\/5\/2022\/02\/FLYER_CDBTP_PAGE2-1024x722.jpg\" alt=\"\" class=\"wp-image-1369 size-full\" srcset=\"https:\/\/pedagogie.ac-lille.fr\/metiers-btp\/wp-content\/uploads\/sites\/5\/2022\/02\/FLYER_CDBTP_PAGE2-1024x722.jpg 1024w, https:\/\/pedagogie.ac-lille.fr\/metiers-btp\/wp-content\/uploads\/sites\/5\/2022\/02\/FLYER_CDBTP_PAGE2-300x212.jpg 300w, https:\/\/pedagogie.ac-lille.fr\/metiers-btp\/wp-content\/uploads\/sites\/5\/2022\/02\/FLYER_CDBTP_PAGE2-768x542.jpg 768w, https:\/\/pedagogie.ac-lille.fr\/metiers-btp\/wp-content\/uploads\/sites\/5\/2022\/02\/FLYER_CDBTP_PAGE2.jpg 1171w\" sizes=\"auto, (max-width: 1024px) 100vw, 1024px\" \/><\/figure><div class=\"wp-block-media-text__content\">\n<p class=\"has-medium-font-size\">La page 2 du flyer permet d&rsquo;illustrer le principe de parcours de d\u00e9couverte des m\u00e9tiers au sein de la classe de seconde BAC PRO Famille des m\u00e9tiers CDBTP.<\/p>\n<\/div><\/div>\n\n\n\n<div class=\"wp-block-media-text alignwide has-media-on-the-right is-stacked-on-mobile\" style=\"grid-template-columns:auto 20%\"><figure class=\"wp-block-media-text__media\"><img loading=\"lazy\" decoding=\"async\" width=\"1024\" height=\"720\" src=\"https:\/\/pedagogie.ac-lille.fr\/metiers-btp\/wp-content\/uploads\/sites\/5\/2022\/02\/FLYER_EMNB_PAGE1-1024x720.jpg\" alt=\"\" class=\"wp-image-1371 size-full\" srcset=\"https:\/\/pedagogie.ac-lille.fr\/metiers-btp\/wp-content\/uploads\/sites\/5\/2022\/02\/FLYER_EMNB_PAGE1-1024x720.jpg 1024w, https:\/\/pedagogie.ac-lille.fr\/metiers-btp\/wp-content\/uploads\/sites\/5\/2022\/02\/FLYER_EMNB_PAGE1-300x211.jpg 300w, https:\/\/pedagogie.ac-lille.fr\/metiers-btp\/wp-content\/uploads\/sites\/5\/2022\/02\/FLYER_EMNB_PAGE1-768x540.jpg 768w, https:\/\/pedagogie.ac-lille.fr\/metiers-btp\/wp-content\/uploads\/sites\/5\/2022\/02\/FLYER_EMNB_PAGE1.jpg 1184w\" sizes=\"auto, (max-width: 1024px) 100vw, 1024px\" \/><\/figure><div class=\"wp-block-media-text__content\">\n<p class=\"has-medium-font-size\">Flyer \u00e0 personnaliser en fonction de l&rsquo;offre de formation de l&rsquo;\u00e9tablissement proposant un ou plusieurs dipl\u00f4me(s) de la famille des m\u00e9tiers des \u00e9tudes et de la mod\u00e9lisation num\u00e9rique du b\u00e2timent.<\/p>\n\n\n\n<p class=\"has-medium-font-size\"><a href=\"http:\/\/cro-ce-medias.discipline.ac-lille.fr\/acces-restreint\/MATINALES\/flyer_EMNB_final.docx\" data-type=\"URL\" data-id=\"http:\/\/cro-ce-medias.discipline.ac-lille.fr\/acces-restreint\/MATINALES\/flyer_EMNB_final.docx\" target=\"_blank\" rel=\"noreferrer noopener\">Le d\u00e9couvrir<\/a><\/p>\n<\/div><\/div>\n\n\n\n<div class=\"wp-block-media-text alignwide has-media-on-the-right is-stacked-on-mobile\" style=\"grid-template-columns:auto 20%\"><figure class=\"wp-block-media-text__media\"><img loading=\"lazy\" decoding=\"async\" width=\"1024\" height=\"733\" src=\"https:\/\/pedagogie.ac-lille.fr\/metiers-btp\/wp-content\/uploads\/sites\/5\/2022\/02\/FLYER_EMNB_PAGE2-1024x733.jpg\" alt=\"\" class=\"wp-image-1372 size-full\" srcset=\"https:\/\/pedagogie.ac-lille.fr\/metiers-btp\/wp-content\/uploads\/sites\/5\/2022\/02\/FLYER_EMNB_PAGE2-1024x733.jpg 1024w, https:\/\/pedagogie.ac-lille.fr\/metiers-btp\/wp-content\/uploads\/sites\/5\/2022\/02\/FLYER_EMNB_PAGE2-300x215.jpg 300w, https:\/\/pedagogie.ac-lille.fr\/metiers-btp\/wp-content\/uploads\/sites\/5\/2022\/02\/FLYER_EMNB_PAGE2-768x550.jpg 768w, https:\/\/pedagogie.ac-lille.fr\/metiers-btp\/wp-content\/uploads\/sites\/5\/2022\/02\/FLYER_EMNB_PAGE2.jpg 1168w\" sizes=\"auto, (max-width: 1024px) 100vw, 1024px\" \/><\/figure><div class=\"wp-block-media-text__content\">\n<p class=\"has-medium-font-size\">La page 2 permet d&rsquo;illustrer le principe de parcours de d\u00e9couverte des m\u00e9tiers au sein de la classe de seconde BAC PRO Famille des m\u00e9tiers EMNB.<\/p>\n<\/div><\/div>\n\n\n\n<h2 class=\"has-text-align-center has-white-color has-vivid-red-background-color has-text-color has-background has-medium-font-size wp-block-heading\" id=\"ressource-n-2\" style=\"text-transform:uppercase\">Ressource n\u00b02<\/h2>\n\n\n\n<div class=\"wp-block-media-text alignwide is-stacked-on-mobile\" style=\"grid-template-columns:20% auto\"><figure class=\"wp-block-media-text__media\"><img loading=\"lazy\" decoding=\"async\" width=\"946\" height=\"661\" src=\"https:\/\/pedagogie.ac-lille.fr\/metiers-btp\/wp-content\/uploads\/sites\/5\/2022\/02\/trameCDBTP.jpg\" alt=\"\" class=\"wp-image-1380 size-full\" srcset=\"https:\/\/pedagogie.ac-lille.fr\/metiers-btp\/wp-content\/uploads\/sites\/5\/2022\/02\/trameCDBTP.jpg 946w, https:\/\/pedagogie.ac-lille.fr\/metiers-btp\/wp-content\/uploads\/sites\/5\/2022\/02\/trameCDBTP-300x210.jpg 300w, https:\/\/pedagogie.ac-lille.fr\/metiers-btp\/wp-content\/uploads\/sites\/5\/2022\/02\/trameCDBTP-768x537.jpg 768w\" sizes=\"auto, (max-width: 946px) 100vw, 946px\" \/><\/figure><div class=\"wp-block-media-text__content\">\n<p class=\"has-medium-font-size\">Trame \u00e0 adapter en fonction de l&rsquo;offre de formation de l&rsquo;EPLE. Ce document permet d&rsquo;illustrer le principe de d\u00e9couverte des m\u00e9tiers pr\u00e9sent\u00e9 dans le flyer CDBTP. Il a \u00e9t\u00e9 construit avec les \u00e9quipes de seconde famille des m\u00e9tiers CDBTP du LP Chochoy de Lumbres et du LP F.Hennebique de Li\u00e9vin.           Merci aux deux \u00e9quipes.<\/p>\n\n\n\n<p><\/p>\n\n\n\n<p class=\"has-medium-font-size\"><a href=\"http:\/\/cro-ce-medias.discipline.ac-lille.fr\/acces-restreint\/MATINALES\/trame_application_flyer.docx\" data-type=\"URL\" data-id=\"http:\/\/cro-ce-medias.discipline.ac-lille.fr\/acces-restreint\/MATINALES\/trame_application_flyer.docx\" target=\"_blank\" rel=\"noreferrer noopener\">La d\u00e9couvrir<\/a><\/p>\n<\/div><\/div>\n\n\n\n<div class=\"wp-block-media-text alignwide is-stacked-on-mobile\" style=\"grid-template-columns:20% auto\"><figure class=\"wp-block-media-text__media\"><img loading=\"lazy\" decoding=\"async\" width=\"951\" height=\"667\" src=\"https:\/\/pedagogie.ac-lille.fr\/metiers-btp\/wp-content\/uploads\/sites\/5\/2022\/02\/lumbres.jpg\" alt=\"\" class=\"wp-image-1375 size-full\" srcset=\"https:\/\/pedagogie.ac-lille.fr\/metiers-btp\/wp-content\/uploads\/sites\/5\/2022\/02\/lumbres.jpg 951w, https:\/\/pedagogie.ac-lille.fr\/metiers-btp\/wp-content\/uploads\/sites\/5\/2022\/02\/lumbres-300x210.jpg 300w, https:\/\/pedagogie.ac-lille.fr\/metiers-btp\/wp-content\/uploads\/sites\/5\/2022\/02\/lumbres-768x539.jpg 768w\" sizes=\"auto, (max-width: 951px) 100vw, 951px\" \/><\/figure><div class=\"wp-block-media-text__content\">\n<p class=\"has-medium-font-size\">Exemple de parcours de d\u00e9couverte des m\u00e9tiers de la famille CDBTP au LP Bernard Chochoy de Lumbres. Merci aux \u00e9quipes de l&rsquo;\u00e9tablissement.<\/p>\n\n\n\n<p class=\"has-medium-font-size\"><a href=\"http:\/\/cro-ce-medias.discipline.ac-lille.fr\/acces-restreint\/MATINALES\/trame_application_lumbres.pdf\" data-type=\"URL\" data-id=\"http:\/\/cro-ce-medias.discipline.ac-lille.fr\/acces-restreint\/MATINALES\/trame_application_lumbres.pdf\" target=\"_blank\" rel=\"noreferrer noopener\">Le d\u00e9couvrir<\/a><\/p>\n<\/div><\/div>\n\n\n\n<div class=\"wp-block-media-text alignwide is-stacked-on-mobile\" style=\"grid-template-columns:20% auto\"><figure class=\"wp-block-media-text__media\"><img loading=\"lazy\" decoding=\"async\" width=\"949\" height=\"666\" src=\"https:\/\/pedagogie.ac-lille.fr\/metiers-btp\/wp-content\/uploads\/sites\/5\/2022\/02\/hennebique.jpg\" alt=\"\" class=\"wp-image-1376 size-full\" srcset=\"https:\/\/pedagogie.ac-lille.fr\/metiers-btp\/wp-content\/uploads\/sites\/5\/2022\/02\/hennebique.jpg 949w, https:\/\/pedagogie.ac-lille.fr\/metiers-btp\/wp-content\/uploads\/sites\/5\/2022\/02\/hennebique-300x211.jpg 300w, https:\/\/pedagogie.ac-lille.fr\/metiers-btp\/wp-content\/uploads\/sites\/5\/2022\/02\/hennebique-768x539.jpg 768w\" sizes=\"auto, (max-width: 949px) 100vw, 949px\" \/><\/figure><div class=\"wp-block-media-text__content\">\n<p class=\"has-medium-font-size\">Exemple de parcours de d\u00e9couverte des m\u00e9tiers de la famille CDBTP au LP Fran\u00e7ois Hennebique de Li\u00e9vin. Merci aux \u00e9quipes de l&rsquo;\u00e9tablissement.<\/p>\n\n\n\n<p class=\"has-medium-font-size\"><a href=\"http:\/\/cro-ce-medias.discipline.ac-lille.fr\/acces-restreint\/MATINALES\/trame_application_hennebique.pdf\" data-type=\"URL\" data-id=\"http:\/\/cro-ce-medias.discipline.ac-lille.fr\/acces-restreint\/MATINALES\/trame_application_hennebique.pdf\" target=\"_blank\" rel=\"noreferrer noopener\">Le d\u00e9couvrir<\/a> <\/p>\n<\/div><\/div>\n\n\n\n<div class=\"wp-block-media-text alignwide is-stacked-on-mobile\" style=\"grid-template-columns:20% auto\"><figure class=\"wp-block-media-text__media\"><img loading=\"lazy\" decoding=\"async\" width=\"947\" height=\"666\" src=\"https:\/\/pedagogie.ac-lille.fr\/metiers-btp\/wp-content\/uploads\/sites\/5\/2022\/02\/calais.jpg\" alt=\"\" class=\"wp-image-1378 size-full\" srcset=\"https:\/\/pedagogie.ac-lille.fr\/metiers-btp\/wp-content\/uploads\/sites\/5\/2022\/02\/calais.jpg 947w, https:\/\/pedagogie.ac-lille.fr\/metiers-btp\/wp-content\/uploads\/sites\/5\/2022\/02\/calais-300x211.jpg 300w, https:\/\/pedagogie.ac-lille.fr\/metiers-btp\/wp-content\/uploads\/sites\/5\/2022\/02\/calais-768x540.jpg 768w\" sizes=\"auto, (max-width: 947px) 100vw, 947px\" \/><\/figure><div class=\"wp-block-media-text__content\">\n<p class=\"has-medium-font-size\">Exemple de parcours de d\u00e9couverte des m\u00e9tiers de la famille CDBTP au LP N.Niemen de Calais. Merci aux \u00e9quipes de l&rsquo;\u00e9tablissement.<\/p>\n\n\n\n<p class=\"has-medium-font-size\"><a href=\"http:\/\/cro-ce-medias.discipline.ac-lille.fr\/acces-restreint\/MATINALES\/trame_application_flyer%20CALAIS.pdf\" data-type=\"URL\" data-id=\"http:\/\/cro-ce-medias.discipline.ac-lille.fr\/acces-restreint\/MATINALES\/trame_application_flyer%20CALAIS.pdf\" target=\"_blank\" rel=\"noreferrer noopener\">Le d\u00e9couvrir<\/a><\/p>\n<\/div><\/div>\n\n\n\n<div class=\"wp-block-media-text alignwide is-stacked-on-mobile\" style=\"grid-template-columns:20% auto\"><figure class=\"wp-block-media-text__media\"><img loading=\"lazy\" decoding=\"async\" width=\"1024\" height=\"717\" src=\"https:\/\/pedagogie.ac-lille.fr\/metiers-btp\/wp-content\/uploads\/sites\/5\/2022\/02\/BERTIN-1024x717.jpg\" alt=\"\" class=\"wp-image-1404 size-full\" srcset=\"https:\/\/pedagogie.ac-lille.fr\/metiers-btp\/wp-content\/uploads\/sites\/5\/2022\/02\/BERTIN-1024x717.jpg 1024w, https:\/\/pedagogie.ac-lille.fr\/metiers-btp\/wp-content\/uploads\/sites\/5\/2022\/02\/BERTIN-300x210.jpg 300w, https:\/\/pedagogie.ac-lille.fr\/metiers-btp\/wp-content\/uploads\/sites\/5\/2022\/02\/BERTIN-768x538.jpg 768w, https:\/\/pedagogie.ac-lille.fr\/metiers-btp\/wp-content\/uploads\/sites\/5\/2022\/02\/BERTIN.jpg 1158w\" sizes=\"auto, (max-width: 1024px) 100vw, 1024px\" \/><\/figure><div class=\"wp-block-media-text__content\">\n<p class=\"has-medium-font-size\">Exemple de parcours de d\u00e9couverte des m\u00e9tiers de la famille CDBTP au LP Jean Bertin de Bruay la Buissi\u00e8re. Merci aux \u00e9quipes de l&rsquo;\u00e9tablissement.<\/p>\n\n\n\n<p class=\"has-medium-font-size\"><a href=\"http:\/\/cro-ce-medias.discipline.ac-lille.fr\/acces-restreint\/MATINALES\/trame_application_bertin.pdf\" data-type=\"URL\" data-id=\"http:\/\/cro-ce-medias.discipline.ac-lille.fr\/acces-restreint\/MATINALES\/trame_application_bertin.pdf\" target=\"_blank\" rel=\"noreferrer noopener\">Le d\u00e9couvrir<\/a><\/p>\n<\/div><\/div>\n\n\n\n<h2 class=\"has-text-align-center has-white-color has-vivid-red-background-color has-text-color has-background has-medium-font-size wp-block-heading\" id=\"ressource-n-3\" style=\"text-transform:uppercase\">Ressource n\u00b03<\/h2>\n\n\n\n<div class=\"wp-block-media-text alignwide is-stacked-on-mobile\" style=\"grid-template-columns:19% auto\"><figure class=\"wp-block-media-text__media\"><img loading=\"lazy\" decoding=\"async\" width=\"1024\" height=\"715\" src=\"https:\/\/pedagogie.ac-lille.fr\/metiers-btp\/wp-content\/uploads\/sites\/5\/2022\/02\/cartecdbtp-1024x715.jpg\" alt=\"\" class=\"wp-image-1394 size-full\" srcset=\"https:\/\/pedagogie.ac-lille.fr\/metiers-btp\/wp-content\/uploads\/sites\/5\/2022\/02\/cartecdbtp-1024x715.jpg 1024w, https:\/\/pedagogie.ac-lille.fr\/metiers-btp\/wp-content\/uploads\/sites\/5\/2022\/02\/cartecdbtp-300x210.jpg 300w, https:\/\/pedagogie.ac-lille.fr\/metiers-btp\/wp-content\/uploads\/sites\/5\/2022\/02\/cartecdbtp-768x536.jpg 768w, https:\/\/pedagogie.ac-lille.fr\/metiers-btp\/wp-content\/uploads\/sites\/5\/2022\/02\/cartecdbtp.jpg 1164w\" sizes=\"auto, (max-width: 1024px) 100vw, 1024px\" \/><\/figure><div class=\"wp-block-media-text__content\">\n<p class=\"has-medium-font-size\">Document permettant d&rsquo;appr\u00e9hender la carte des formations de la famille des m\u00e9tiers de la Construction Durable, du B\u00e2timent et des Travaux Publics.<\/p>\n\n\n\n<p class=\"has-medium-font-size\"><a href=\"http:\/\/cro-ce-medias.discipline.ac-lille.fr\/acces-restreint\/MATINALES\/carte_formations_CDBTP.pdf\" data-type=\"URL\" data-id=\"http:\/\/cro-ce-medias.discipline.ac-lille.fr\/acces-restreint\/MATINALES\/carte_formations_CDBTP.pdf\" target=\"_blank\" rel=\"noreferrer noopener\">D\u00e9couvrir la carte<\/a><\/p>\n<\/div><\/div>\n\n\n\n<div class=\"wp-block-media-text alignwide is-stacked-on-mobile\" style=\"grid-template-columns:19% auto\"><figure class=\"wp-block-media-text__media\"><img loading=\"lazy\" decoding=\"async\" width=\"946\" height=\"663\" src=\"https:\/\/pedagogie.ac-lille.fr\/metiers-btp\/wp-content\/uploads\/sites\/5\/2022\/02\/carteemnb.jpg\" alt=\"\" class=\"wp-image-1396 size-full\" srcset=\"https:\/\/pedagogie.ac-lille.fr\/metiers-btp\/wp-content\/uploads\/sites\/5\/2022\/02\/carteemnb.jpg 946w, https:\/\/pedagogie.ac-lille.fr\/metiers-btp\/wp-content\/uploads\/sites\/5\/2022\/02\/carteemnb-300x210.jpg 300w, https:\/\/pedagogie.ac-lille.fr\/metiers-btp\/wp-content\/uploads\/sites\/5\/2022\/02\/carteemnb-768x538.jpg 768w\" sizes=\"auto, (max-width: 946px) 100vw, 946px\" \/><\/figure><div class=\"wp-block-media-text__content\">\n<p class=\"has-medium-font-size\">Document permettant d&rsquo;appr\u00e9hender la carte des formations de la famille des m\u00e9tiers des \u00e9tudes et de la mod\u00e9lisation num\u00e9rique du b\u00e2timent.<\/p>\n\n\n\n<p class=\"has-medium-font-size\"><a href=\"http:\/\/cro-ce-medias.discipline.ac-lille.fr\/acces-restreint\/MATINALES\/carte_formations_EMNB.pdf\" data-type=\"URL\" data-id=\"http:\/\/cro-ce-medias.discipline.ac-lille.fr\/acces-restreint\/MATINALES\/carte_formations_EMNB.pdf\" target=\"_blank\" rel=\"noreferrer noopener\">D\u00e9couvrir la carte<\/a><\/p>\n<\/div><\/div>\n\n\n\n<h2 class=\"has-text-align-center has-white-color has-vivid-red-background-color has-text-color has-background has-medium-font-size wp-block-heading\" id=\"ressource-n-4\" style=\"text-transform:uppercase\">RESSOURCE N\u00b04<\/h2>\n\n\n\n<h2 class=\"alignwide has-medium-font-size wp-block-heading\">Capsule vid\u00e9o pr\u00e9sentant la famille des m\u00e9tiers de la construction durable, du b\u00e2timent et des travaux publics<\/h2>\n\n\n\n<div class=\"wp-block-media-text alignwide is-stacked-on-mobile\" style=\"grid-template-columns:33% auto\"><figure class=\"wp-block-media-text__media\"><img loading=\"lazy\" decoding=\"async\" width=\"1024\" height=\"576\" src=\"https:\/\/pedagogie.ac-lille.fr\/metiers-btp\/wp-content\/uploads\/sites\/5\/2022\/02\/Mon-film24a02_Moment-1024x576.jpg\" alt=\"\" class=\"wp-image-1429 size-full\" srcset=\"https:\/\/pedagogie.ac-lille.fr\/metiers-btp\/wp-content\/uploads\/sites\/5\/2022\/02\/Mon-film24a02_Moment-1024x576.jpg 1024w, https:\/\/pedagogie.ac-lille.fr\/metiers-btp\/wp-content\/uploads\/sites\/5\/2022\/02\/Mon-film24a02_Moment-300x169.jpg 300w, https:\/\/pedagogie.ac-lille.fr\/metiers-btp\/wp-content\/uploads\/sites\/5\/2022\/02\/Mon-film24a02_Moment-768x432.jpg 768w, https:\/\/pedagogie.ac-lille.fr\/metiers-btp\/wp-content\/uploads\/sites\/5\/2022\/02\/Mon-film24a02_Moment-1536x864.jpg 1536w, https:\/\/pedagogie.ac-lille.fr\/metiers-btp\/wp-content\/uploads\/sites\/5\/2022\/02\/Mon-film24a02_Moment-1110x624.jpg 1110w, https:\/\/pedagogie.ac-lille.fr\/metiers-btp\/wp-content\/uploads\/sites\/5\/2022\/02\/Mon-film24a02_Moment-528x297.jpg 528w, https:\/\/pedagogie.ac-lille.fr\/metiers-btp\/wp-content\/uploads\/sites\/5\/2022\/02\/Mon-film24a02_Moment.jpg 1920w\" sizes=\"auto, (max-width: 1024px) 100vw, 1024px\" \/><\/figure><div class=\"wp-block-media-text__content\">\n<p class=\"has-medium-font-size\">La vid\u00e9o propos\u00e9e permet d&rsquo;illustrer la mise en \u0153uvre de comp\u00e9tences communes \u00e0 travers les 6 dipl\u00f4mes de la famille CDBTP.<\/p>\n\n\n\n<p class=\"has-medium-font-size\">Merci aux Directeurs d\u00e9l\u00e9gu\u00e9s aux formations, \u00e9quipes enseignantes et apprenants qui ont particip\u00e9 \u00e0 l&rsquo;\u00e9laboration de cette ressource.<\/p>\n\n\n\n<p class=\"has-medium-font-size\"><a href=\"http:\/\/cro-ce-medias.discipline.ac-lille.fr\/acces-restreint\/MATINALES\/Mon%20film0103.mp4\" data-type=\"URL\" data-id=\"http:\/\/cro-ce-medias.discipline.ac-lille.fr\/acces-restreint\/MATINALES\/Mon%20film0103.mp4\" target=\"_blank\" rel=\"noreferrer noopener\">La d\u00e9couvrir<\/a><\/p>\n<\/div><\/div>\n","protected":false},"excerpt":{"rendered":"<p>En lien avec la DRAFPIC et la DRAIO, les \u00e9tablissements de l&rsquo;acad\u00e9mie de Lille et le corps d&rsquo;inspection ont travaill\u00e9 \u00e0 l&rsquo;\u00e9laboration de ressources afin de pr\u00e9senter et promouvoir les m\u00e9tiers de la famille Construction Durable, du B\u00e2timent et des Travaux Publics ainsi que les m\u00e9tiers de la famille des \u00c9tudes et de la Mod\u00e9lisation [&hellip;]<\/p>\n","protected":false},"author":13,"featured_media":0,"parent":0,"menu_order":0,"comment_status":"closed","ping_status":"closed","template":"","meta":{"ngg_post_thumbnail":0,"footnotes":""},"class_list":["post-1365","page","type-page","status-publish","czr-hentry"],"publishpress_future_action":{"enabled":false,"date":"2026-04-28 20:10:19","action":"change-status","newStatus":"draft","terms":[],"taxonomy":"","extraData":[]},"publishpress_future_workflow_manual_trigger":{"enabledWorkflows":[]},"_links":{"self":[{"href":"https:\/\/pedagogie.ac-lille.fr\/metiers-btp\/wp-json\/wp\/v2\/pages\/1365","targetHints":{"allow":["GET"]}}],"collection":[{"href":"https:\/\/pedagogie.ac-lille.fr\/metiers-btp\/wp-json\/wp\/v2\/pages"}],"about":[{"href":"https:\/\/pedagogie.ac-lille.fr\/metiers-btp\/wp-json\/wp\/v2\/types\/page"}],"author":[{"embeddable":true,"href":"https:\/\/pedagogie.ac-lille.fr\/metiers-btp\/wp-json\/wp\/v2\/users\/13"}],"replies":[{"embeddable":true,"href":"https:\/\/pedagogie.ac-lille.fr\/metiers-btp\/wp-json\/wp\/v2\/comments?post=1365"}],"version-history":[{"count":64,"href":"https:\/\/pedagogie.ac-lille.fr\/metiers-btp\/wp-json\/wp\/v2\/pages\/1365\/revisions"}],"predecessor-version":[{"id":1457,"href":"https:\/\/pedagogie.ac-lille.fr\/metiers-btp\/wp-json\/wp\/v2\/pages\/1365\/revisions\/1457"}],"wp:attachment":[{"href":"https:\/\/pedagogie.ac-lille.fr\/metiers-btp\/wp-json\/wp\/v2\/media?parent=1365"}],"curies":[{"name":"wp","href":"https:\/\/api.w.org\/{rel}","templated":true}]}}