{"id":155,"date":"2020-04-27T10:57:25","date_gmt":"2020-04-27T08:57:25","guid":{"rendered":"http:\/\/pedagogie.ac-lille.fr\/cro-ce\/\/?page_id=155"},"modified":"2021-08-27T11:37:52","modified_gmt":"2021-08-27T09:37:52","slug":"famille-des-metiers-de-la-construction-durable-du-batiment-et-des-travaux-publics","status":"publish","type":"page","link":"https:\/\/pedagogie.ac-lille.fr\/metiers-btp\/famille-des-metiers-de-la-construction-durable-du-batiment-et-des-travaux-publics\/","title":{"rendered":"Famille m\u00e9tiers &#8211; CDBTP"},"content":{"rendered":"\n<h4 class=\"has-text-color wp-block-heading\" style=\"color:#11729b\"> Rentr\u00e9e en vigueur depuis la rentr\u00e9e 2019, la famille des m\u00e9tiers de la construction durable du b\u00e2timent et des travaux publics est compos\u00e9e  des  sp\u00e9cialit\u00e9s suivantes:  <\/h4>\n\n\n\n<ul class=\"wp-block-list\"><li>BAC PRO Travaux Publics (TP) ;<\/li><\/ul>\n\n\n\n<ul class=\"wp-block-list\"><li>BAC PRO Technicien du b\u00e2timent&nbsp;: Organisation et R\u00e9alisation du Gros-\u0152uvre (TB ORGO);<\/li><\/ul>\n\n\n\n<ul class=\"wp-block-list\"><li>BAC PRO Interventions sur le Patrimoine B\u00e2ti&nbsp;(IPB)&nbsp;: Option A Ma\u00e7onnerie, Option B Charpente, Option C Couverture;<\/li><\/ul>\n\n\n\n<ul class=\"wp-block-list\"><li>BAC PRO Menuiserie Aluminium Verre (MAV)&nbsp; ;<\/li><\/ul>\n\n\n\n<ul class=\"wp-block-list\"><li>BAC PRO Am\u00e9nagement et finition du b\u00e2timent (AFB);<\/li><\/ul>\n\n\n\n<ul class=\"wp-block-list\"><li>BAC PRO Ouvrages du B\u00e2timent&nbsp;: M\u00e9tallerie (OBM).<\/li><\/ul>\n\n\n\n<h4 class=\"has-text-color wp-block-heading\" style=\"color:#04acf5\">Une dynamique engag\u00e9e autour des jeux olympiques Paris 2024 : \u00ab\u00a0La m\u00e9tropole de Lille base-avant des J.O &#8211; en route pour la cr\u00e9ation d&rsquo;un village olympique dans nos \u00e9tablissements de l&rsquo;acad\u00e9mie de Lille\u00a0\u00bb<\/h4>\n\n\n\n<figure class=\"wp-block-image size-large\"><img loading=\"lazy\" decoding=\"async\" width=\"1024\" height=\"241\" src=\"http:\/\/pedagogie.ac-lille.fr\/cro-ce\/\/wp-content\/uploads\/sites\/5\/2020\/04\/Capture-Village-stade-1-2-1024x241.jpg\" alt=\"\" class=\"wp-image-175\" srcset=\"https:\/\/pedagogie.ac-lille.fr\/metiers-btp\/wp-content\/uploads\/sites\/5\/2020\/04\/Capture-Village-stade-1-2-1024x241.jpg 1024w, https:\/\/pedagogie.ac-lille.fr\/metiers-btp\/wp-content\/uploads\/sites\/5\/2020\/04\/Capture-Village-stade-1-2-300x70.jpg 300w, https:\/\/pedagogie.ac-lille.fr\/metiers-btp\/wp-content\/uploads\/sites\/5\/2020\/04\/Capture-Village-stade-1-2-768x180.jpg 768w, https:\/\/pedagogie.ac-lille.fr\/metiers-btp\/wp-content\/uploads\/sites\/5\/2020\/04\/Capture-Village-stade-1-2-1536x361.jpg 1536w, https:\/\/pedagogie.ac-lille.fr\/metiers-btp\/wp-content\/uploads\/sites\/5\/2020\/04\/Capture-Village-stade-1-2-2048x481.jpg 2048w\" sizes=\"auto, (max-width: 1024px) 100vw, 1024px\" \/><figcaption> Cr\u00e9ation d&rsquo;un village olympique permettant notamment l&rsquo;h\u00e9bergement, la  restauration et les entra\u00eenements des sportifs des diff\u00e9rentes  d\u00e9l\u00e9gations fran\u00e7aises et \u00e9trang\u00e8res. <\/figcaption><\/figure>\n\n\n\n<h4 class=\"has-text-color wp-block-heading\" style=\"color:#03b1fc\">Une d\u00e9marche de projet privil\u00e9gi\u00e9e : d\u00e9velopper l&rsquo;esprit d&rsquo;\u00e9quipe, l&rsquo;entraide et la collaboration<\/h4>\n\n\n\n<figure class=\"wp-block-image size-large\"><img loading=\"lazy\" decoding=\"async\" width=\"925\" height=\"240\" src=\"http:\/\/pedagogie.ac-lille.fr\/cro-ce\/\/wp-content\/uploads\/sites\/5\/2020\/04\/Strat\u00e9gie.png\" alt=\"\" class=\"wp-image-165\" srcset=\"https:\/\/pedagogie.ac-lille.fr\/metiers-btp\/wp-content\/uploads\/sites\/5\/2020\/04\/Strat\u00e9gie.png 925w, https:\/\/pedagogie.ac-lille.fr\/metiers-btp\/wp-content\/uploads\/sites\/5\/2020\/04\/Strat\u00e9gie-300x78.png 300w, https:\/\/pedagogie.ac-lille.fr\/metiers-btp\/wp-content\/uploads\/sites\/5\/2020\/04\/Strat\u00e9gie-768x199.png 768w\" sizes=\"auto, (max-width: 925px) 100vw, 925px\" \/><figcaption><strong>Strat\u00e9gie acad\u00e9mique retenue: faire travailler plusieurs corps d&rsquo;\u00e9tat ensemble dans un m\u00eame espace p\u00e9dagogique.<\/strong><\/figcaption><\/figure>\n\n\n\n<h4 class=\"has-text-color wp-block-heading\" style=\"color:#04aef6\">M\u00e9thodologie op\u00e9r\u00e9e dans l&rsquo;acad\u00e9mie de Lille<\/h4>\n\n\n\n<ul class=\"wp-block-list\"><li><strong>identifier <\/strong>en fonction de la capacit\u00e9 d&rsquo;accueil de l&rsquo;\u00e9tablissement, <strong>le nombre de projets n\u00e9cessaires <\/strong>\u00e0 la mise en \u0153uvre de la formation. Ce qui am\u00e8ne les \u00e9quipes enseignantes \u00e0 soit <strong>construire un (ou des) \u00ab\u00a0b\u00e2timent(s) \u00e0 r\u00e9nover\u00a0\u00bb <\/strong>l&rsquo;ann\u00e9e scolaire pr\u00e9c\u00e9dente de la rentr\u00e9e des \u00e9l\u00e8ves de seconde famille des m\u00e9tiers de la construction durable, du b\u00e2timent et des travaux publics ou soit <strong>adapter une(ou des) structure(s) existante(s) sur le plateau technique<\/strong>. La construction des \u00ab\u00a0b\u00e2timents \u00e0 r\u00e9nover\u00a0\u00bb peut \u00eatre men\u00e9e par les apprenants de premi\u00e8re et terminale BAC PRO ainsi que premi\u00e8re et terminale CAP en fonction de la progression p\u00e9dagogique programm\u00e9e ;<\/li><\/ul>\n\n\n\n<div class=\"wp-block-media-text alignwide\" style=\"grid-template-columns:42% auto\"><figure class=\"wp-block-media-text__media\"><img loading=\"lazy\" decoding=\"async\" width=\"751\" height=\"690\" src=\"http:\/\/pedagogie.ac-lille.fr\/cro-ce\/\/wp-content\/uploads\/sites\/5\/2020\/04\/log-sportif.png\" alt=\"\" class=\"wp-image-169 size-full\" srcset=\"https:\/\/pedagogie.ac-lille.fr\/metiers-btp\/wp-content\/uploads\/sites\/5\/2020\/04\/log-sportif.png 751w, https:\/\/pedagogie.ac-lille.fr\/metiers-btp\/wp-content\/uploads\/sites\/5\/2020\/04\/log-sportif-300x276.png 300w\" sizes=\"auto, (max-width: 751px) 100vw, 751px\" \/><\/figure><div class=\"wp-block-media-text__content\">\n<ul class=\"wp-block-list\"><li> <strong>proposer<\/strong>, dans l&rsquo;ensemble des projets retenus, <strong>au moins un projet de  r\u00e9novation d&rsquo;un b\u00e2timent pour construire le logement des sportifs<\/strong>.  Ceci permet notamment de <strong><em>favoriser le travail en r\u00e9seau <\/em><\/strong>ainsi que la <strong><em>mutualisation de ressources p\u00e9dagogiques <\/em><\/strong>entre les \u00e9tablissements de l&rsquo;acad\u00e9mie.                            Le logement des sportifs est un support technique riche permettant l&rsquo;intervention de l&rsquo;ensemble des  sp\u00e9cialit\u00e9s de la famille des m\u00e9tiers de la construction durable du  b\u00e2timent et des travaux publics. <\/li><\/ul>\n<\/div><\/div>\n\n\n\n<ul class=\"wp-block-list\"><li><strong>d\u00e9velopper<\/strong> le <strong><em>sentiment d&rsquo;appartenance<\/em><\/strong> et la <strong><em>coh\u00e9sion<\/em><\/strong>;                                                     <\/li><\/ul>\n\n\n\n<div class=\"wp-block-media-text alignwide has-media-on-the-right\" style=\"grid-template-columns:auto 48%\"><figure class=\"wp-block-media-text__media\"><img loading=\"lazy\" decoding=\"async\" width=\"1024\" height=\"539\" src=\"http:\/\/pedagogie.ac-lille.fr\/cro-ce\/\/wp-content\/uploads\/sites\/5\/2020\/04\/appartenance-1024x539.png\" alt=\"\" class=\"wp-image-183 size-full\" srcset=\"https:\/\/pedagogie.ac-lille.fr\/metiers-btp\/wp-content\/uploads\/sites\/5\/2020\/04\/appartenance-1024x539.png 1024w, https:\/\/pedagogie.ac-lille.fr\/metiers-btp\/wp-content\/uploads\/sites\/5\/2020\/04\/appartenance-300x158.png 300w, https:\/\/pedagogie.ac-lille.fr\/metiers-btp\/wp-content\/uploads\/sites\/5\/2020\/04\/appartenance-768x404.png 768w, https:\/\/pedagogie.ac-lille.fr\/metiers-btp\/wp-content\/uploads\/sites\/5\/2020\/04\/appartenance-1536x808.png 1536w, https:\/\/pedagogie.ac-lille.fr\/metiers-btp\/wp-content\/uploads\/sites\/5\/2020\/04\/appartenance-2048x1078.png 2048w\" sizes=\"auto, (max-width: 1024px) 100vw, 1024px\" \/><\/figure><div class=\"wp-block-media-text__content\">\n<p class=\"has-small-font-size\"> <strong>Exemples d&rsquo;initiative d&rsquo;\u00e9tablissements<\/strong> : cr\u00e9ation de flocage des  \u00c9quipements de Protection Individuelle des \u00e9l\u00e8ves personnalis\u00e9s, logos \u00ab\u00a0seconde famille des m\u00e9tiers\u00a0\u00bb.<\/p>\n<\/div><\/div>\n\n\n\n<div class=\"wp-block-media-text alignwide\"><figure class=\"wp-block-media-text__media\"><img loading=\"lazy\" decoding=\"async\" width=\"604\" height=\"465\" src=\"http:\/\/pedagogie.ac-lille.fr\/cro-ce\/\/wp-content\/uploads\/sites\/5\/2020\/04\/plan-de-masse.png\" alt=\"\" class=\"wp-image-185 size-full\" srcset=\"https:\/\/pedagogie.ac-lille.fr\/metiers-btp\/wp-content\/uploads\/sites\/5\/2020\/04\/plan-de-masse.png 604w, https:\/\/pedagogie.ac-lille.fr\/metiers-btp\/wp-content\/uploads\/sites\/5\/2020\/04\/plan-de-masse-300x231.png 300w\" sizes=\"auto, (max-width: 604px) 100vw, 604px\" \/><\/figure><div class=\"wp-block-media-text__content\">\n<p class=\"has-small-font-size\"><strong>Autre exemple d\u2019initiative<\/strong>: identification des rues du village olympique sur le plateau technique o\u00f9 se d\u00e9roule les diff\u00e9rents projets.<\/p>\n<\/div><\/div>\n\n\n\n<ul class=\"wp-block-list\"><li><strong>mettre en \u0153uvre les comp\u00e9tences communes<\/strong> \u00e0 travers la r\u00e9alisation des diff\u00e9rents projets;<\/li><\/ul>\n\n\n\n<ul class=\"wp-block-list\"><li> <strong>exploiter<\/strong> les diff\u00e9rentes maquettes num\u00e9riques des projets tout au long de la formation ;<\/li><\/ul>\n\n\n\n<ul class=\"wp-block-list\"><li><strong>investiguer<\/strong> la r\u00e9alit\u00e9 augment\u00e9e.<\/li><\/ul>\n\n\n\n<div class=\"wp-block-image\"><figure class=\"aligncenter size-large is-resized\"><img loading=\"lazy\" decoding=\"async\" src=\"http:\/\/pedagogie.ac-lille.fr\/cro-ce\/\/wp-content\/uploads\/sites\/5\/2020\/04\/real_aug-1024x576.jpeg\" alt=\"\" class=\"wp-image-192\" width=\"402\" height=\"226\" srcset=\"https:\/\/pedagogie.ac-lille.fr\/metiers-btp\/wp-content\/uploads\/sites\/5\/2020\/04\/real_aug-1024x576.jpeg 1024w, https:\/\/pedagogie.ac-lille.fr\/metiers-btp\/wp-content\/uploads\/sites\/5\/2020\/04\/real_aug-300x169.jpeg 300w, https:\/\/pedagogie.ac-lille.fr\/metiers-btp\/wp-content\/uploads\/sites\/5\/2020\/04\/real_aug-768x432.jpeg 768w, https:\/\/pedagogie.ac-lille.fr\/metiers-btp\/wp-content\/uploads\/sites\/5\/2020\/04\/real_aug-1536x864.jpeg 1536w, https:\/\/pedagogie.ac-lille.fr\/metiers-btp\/wp-content\/uploads\/sites\/5\/2020\/04\/real_aug-2048x1152.jpeg 2048w\" sizes=\"auto, (max-width: 402px) 100vw, 402px\" \/><figcaption>Le logement des sportifs s&rsquo;invite en r\u00e9alit\u00e9 augment\u00e9e sur les plateaux techniques&#8230;.<\/figcaption><\/figure><\/div>\n\n\n\n<div class=\"wp-block-media-text alignwide is-stacked-on-mobile\" style=\"grid-template-columns:21% auto\"><figure class=\"wp-block-media-text__media\"><img loading=\"lazy\" decoding=\"async\" width=\"263\" height=\"348\" src=\"http:\/\/pedagogie.ac-lille.fr\/cro-ce\/\/wp-content\/uploads\/sites\/5\/2020\/09\/livret-article.png\" alt=\"\" class=\"wp-image-505 size-full\" srcset=\"https:\/\/pedagogie.ac-lille.fr\/metiers-btp\/wp-content\/uploads\/sites\/5\/2020\/09\/livret-article.png 263w, https:\/\/pedagogie.ac-lille.fr\/metiers-btp\/wp-content\/uploads\/sites\/5\/2020\/09\/livret-article-227x300.png 227w\" sizes=\"auto, (max-width: 263px) 100vw, 263px\" \/><\/figure><div class=\"wp-block-media-text__content\">\n<p style=\"font-size:14px\">Suite aux retours de la mise en \u0153uvre du livret d&rsquo;accompagnement et aux \u00e9changes constructifs lors des journ\u00e9es de formation dans le cadre du Plan Acad\u00e9mique de Formation 2019-2020, le livret d&rsquo;accompagnement a \u00e9t\u00e9 scind\u00e9 en trois livrets. Ces derniers seront \u00e0 mettre en \u0153uvre d\u00e8s la rentr\u00e9e 2020.<\/p>\n<\/div><\/div>\n\n\n\n<div class=\"wp-block-media-text alignwide is-stacked-on-mobile\" style=\"grid-template-columns:30% auto\"><figure class=\"wp-block-media-text__media\"><img loading=\"lazy\" decoding=\"async\" width=\"639\" height=\"889\" src=\"http:\/\/pedagogie.ac-lille.fr\/cro-ce\/\/wp-content\/uploads\/sites\/5\/2020\/09\/LIVRETS.png\" alt=\"\" class=\"wp-image-507 size-full\" srcset=\"https:\/\/pedagogie.ac-lille.fr\/metiers-btp\/wp-content\/uploads\/sites\/5\/2020\/09\/LIVRETS.png 639w, https:\/\/pedagogie.ac-lille.fr\/metiers-btp\/wp-content\/uploads\/sites\/5\/2020\/09\/LIVRETS-216x300.png 216w\" sizes=\"auto, (max-width: 639px) 100vw, 639px\" \/><\/figure><div class=\"wp-block-media-text__content\">\n<p style=\"font-size:12px\">Un livret intitul\u00e9 <strong>\u00ab\u00a0organisation de la formation<\/strong> : celui-ci est conserv\u00e9 par l&rsquo;apprenant et lui permet notamment de <strong>comprendre l&rsquo;organisation de la formation<\/strong> (s\u00e9quences en centre de formation et en milieu professionnel), <strong>de d\u00e9couvrir la carte des formations<\/strong> de la famille des m\u00e9tiers concern\u00e9e dans l&rsquo;acad\u00e9mie de Lille, d<strong>&lsquo;identifier les comp\u00e9tences communes<\/strong> \u00e0 chacun des m\u00e9tiers de la famille, de <strong>rep\u00e9rer des entreprises dans chaque secteur<\/strong>, de <strong>se familiariser avec les diff\u00e9rents outils de recherche li\u00e9s \u00e0 l&rsquo;orientation<\/strong>. <a href=\"http:\/\/cro-ce-medias.discipline.ac-lille.fr\/acces-restreint\/FAMILLE_MCDBTP\/livret_organisation_formation\" target=\"_blank\" rel=\"noreferrer noopener\">Le d\u00e9couvrir<\/a><\/p>\n\n\n\n<p style=\"font-size:12px\">Un livret intitul\u00e9 <strong>\u00ab\u00a0suivi de la formation\u00a0\u00bb<\/strong> qui est conserv\u00e9 par l&rsquo;\u00e9quipe enseignante et compl\u00e9t\u00e9 de concert \u00e9l\u00e8ve\/professeurs. Celui-ci permet notamment <strong>une tra\u00e7abilit\u00e9 des revues de projet<\/strong> et du <strong>suivi de l&rsquo;\u00e9volution de l&rsquo;acquisition des comp\u00e9tences communes<\/strong> tout au long de la formation, \u00e0 la fois en <strong>centre de formation mais aussi en milieu professionnel<\/strong>, pour chacun des \u00e9l\u00e8ves. <a href=\"http:\/\/cro-ce-medias.discipline.ac-lille.fr\/acces-restreint\/FAMILLE_MCDBTP\/Livret_de_suivi\" target=\"_blank\" rel=\"noreferrer noopener\">Le d\u00e9couvrir<\/a><\/p>\n\n\n\n<p style=\"font-size:12px\">Un livret intitul\u00e9 <strong>\u00ab\u00a0P\u00e9riodes de Formation en Milieu Professionnel\u00a0\u00bb<\/strong> qui est conserv\u00e9 par l&rsquo;\u00e9quipe p\u00e9dagogique et compl\u00e9t\u00e9 de concert tuteur\/\u00e9quipe enseignante. Celui-ci permet notamment \u00e0 <strong>l&rsquo;entreprise d&rsquo;accueil d&rsquo;appr\u00e9hender l&rsquo;organisation et les nouveaux attendus<\/strong> pour un \u00e9l\u00e8ve de seconde famille des m\u00e9tiers de la construction durable, du b\u00e2timent et des travaux publics et de<strong> positionner le stagiaire au regard de la mise en \u0153uvre des comp\u00e9tences communes<\/strong>. <a href=\"http:\/\/cro-ce-medias.discipline.ac-lille.fr\/acces-restreint\/FAMILLE_MCDBTP\/livret_PFMP\" target=\"_blank\" rel=\"noreferrer noopener\">Le d\u00e9couvrir<\/a><\/p>\n<\/div><\/div>\n","protected":false},"excerpt":{"rendered":"<p>Rentr\u00e9e en vigueur depuis la rentr\u00e9e 2019, la famille des m\u00e9tiers de la construction durable du b\u00e2timent et des travaux publics est compos\u00e9e des sp\u00e9cialit\u00e9s suivantes: BAC PRO Travaux Publics (TP) ; BAC PRO Technicien du b\u00e2timent&nbsp;: Organisation et R\u00e9alisation du Gros-\u0152uvre (TB ORGO); BAC PRO Interventions sur le Patrimoine B\u00e2ti&nbsp;(IPB)&nbsp;: Option A Ma\u00e7onnerie, Option [&hellip;]<\/p>\n","protected":false},"author":13,"featured_media":0,"parent":0,"menu_order":0,"comment_status":"closed","ping_status":"closed","template":"","meta":{"ngg_post_thumbnail":0,"footnotes":""},"class_list":["post-155","page","type-page","status-publish","czr-hentry"],"publishpress_future_action":{"enabled":false,"date":"2026-04-28 20:18:55","action":"change-status","newStatus":"draft","terms":[],"taxonomy":"","extraData":[]},"publishpress_future_workflow_manual_trigger":{"enabledWorkflows":[]},"_links":{"self":[{"href":"https:\/\/pedagogie.ac-lille.fr\/metiers-btp\/wp-json\/wp\/v2\/pages\/155","targetHints":{"allow":["GET"]}}],"collection":[{"href":"https:\/\/pedagogie.ac-lille.fr\/metiers-btp\/wp-json\/wp\/v2\/pages"}],"about":[{"href":"https:\/\/pedagogie.ac-lille.fr\/metiers-btp\/wp-json\/wp\/v2\/types\/page"}],"author":[{"embeddable":true,"href":"https:\/\/pedagogie.ac-lille.fr\/metiers-btp\/wp-json\/wp\/v2\/users\/13"}],"replies":[{"embeddable":true,"href":"https:\/\/pedagogie.ac-lille.fr\/metiers-btp\/wp-json\/wp\/v2\/comments?post=155"}],"version-history":[{"count":42,"href":"https:\/\/pedagogie.ac-lille.fr\/metiers-btp\/wp-json\/wp\/v2\/pages\/155\/revisions"}],"predecessor-version":[{"id":849,"href":"https:\/\/pedagogie.ac-lille.fr\/metiers-btp\/wp-json\/wp\/v2\/pages\/155\/revisions\/849"}],"wp:attachment":[{"href":"https:\/\/pedagogie.ac-lille.fr\/metiers-btp\/wp-json\/wp\/v2\/media?parent=155"}],"curies":[{"name":"wp","href":"https:\/\/api.w.org\/{rel}","templated":true}]}}