{"id":1588,"date":"2022-04-11T16:57:18","date_gmt":"2022-04-11T14:57:18","guid":{"rendered":"https:\/\/pedagogie.ac-lille.fr\/metiers-btp\/?page_id=1588"},"modified":"2022-04-14T10:39:06","modified_gmt":"2022-04-14T08:39:06","slug":"j1-journee-de-formation-du-29-mars-2022","status":"publish","type":"page","link":"https:\/\/pedagogie.ac-lille.fr\/metiers-btp\/j1-journee-de-formation-du-29-mars-2022\/","title":{"rendered":"J1 journ\u00e9e de formation du 29 mars 2022"},"content":{"rendered":"\n<p class=\"has-pale-cyan-blue-background-color has-background\"><strong>Probl\u00e9matique soulev\u00e9e<\/strong> : comment accompagner les \u00e9quipes enseignantes \u00e0 s&rsquo;approprier les comp\u00e9tences communes de la seconde BAC PRO Famille des m\u00e9tiers des \u00e9tudes et de la mod\u00e9lisation num\u00e9rique du b\u00e2timent ?<\/p>\n\n\n\n<div class=\"wp-block-media-text alignwide is-stacked-on-mobile\" style=\"grid-template-columns:15% auto\"><figure class=\"wp-block-media-text__media\"><img loading=\"lazy\" decoding=\"async\" width=\"1024\" height=\"768\" src=\"https:\/\/pedagogie.ac-lille.fr\/metiers-btp\/wp-content\/uploads\/sites\/5\/2022\/04\/IMG_4056-1024x768.jpg\" alt=\"\" class=\"wp-image-1591 size-full\" srcset=\"https:\/\/pedagogie.ac-lille.fr\/metiers-btp\/wp-content\/uploads\/sites\/5\/2022\/04\/IMG_4056-1024x768.jpg 1024w, https:\/\/pedagogie.ac-lille.fr\/metiers-btp\/wp-content\/uploads\/sites\/5\/2022\/04\/IMG_4056-300x225.jpg 300w, https:\/\/pedagogie.ac-lille.fr\/metiers-btp\/wp-content\/uploads\/sites\/5\/2022\/04\/IMG_4056-768x576.jpg 768w, https:\/\/pedagogie.ac-lille.fr\/metiers-btp\/wp-content\/uploads\/sites\/5\/2022\/04\/IMG_4056-1536x1152.jpg 1536w, https:\/\/pedagogie.ac-lille.fr\/metiers-btp\/wp-content\/uploads\/sites\/5\/2022\/04\/IMG_4056-2048x1536.jpg 2048w\" sizes=\"auto, (max-width: 1024px) 100vw, 1024px\" \/><\/figure><div class=\"wp-block-media-text__content\">\n<p style=\"font-size:14px\">Avant de r\u00e9fl\u00e9chir, partager nos pratiques p\u00e9dagogiques, construire et produire ensemble apprenons \u00e0 nous conna\u00eetre.<\/p>\n\n\n\n<p style=\"font-size:14px\">Technique d&rsquo;animation \u00ab\u00a0brise-glace\u00a0\u00bb.<\/p>\n<\/div><\/div>\n\n\n\n<div class=\"wp-block-media-text alignwide is-stacked-on-mobile\" style=\"grid-template-columns:15% auto\"><figure class=\"wp-block-media-text__media\"><img loading=\"lazy\" decoding=\"async\" width=\"768\" height=\"1024\" src=\"https:\/\/pedagogie.ac-lille.fr\/metiers-btp\/wp-content\/uploads\/sites\/5\/2022\/04\/Attentes-des-participants-sur-les-apports-du-seminaire-768x1024.jpg\" alt=\"\" class=\"wp-image-1592 size-full\" srcset=\"https:\/\/pedagogie.ac-lille.fr\/metiers-btp\/wp-content\/uploads\/sites\/5\/2022\/04\/Attentes-des-participants-sur-les-apports-du-seminaire-768x1024.jpg 768w, https:\/\/pedagogie.ac-lille.fr\/metiers-btp\/wp-content\/uploads\/sites\/5\/2022\/04\/Attentes-des-participants-sur-les-apports-du-seminaire-225x300.jpg 225w, https:\/\/pedagogie.ac-lille.fr\/metiers-btp\/wp-content\/uploads\/sites\/5\/2022\/04\/Attentes-des-participants-sur-les-apports-du-seminaire-1152x1536.jpg 1152w, https:\/\/pedagogie.ac-lille.fr\/metiers-btp\/wp-content\/uploads\/sites\/5\/2022\/04\/Attentes-des-participants-sur-les-apports-du-seminaire-1536x2048.jpg 1536w, https:\/\/pedagogie.ac-lille.fr\/metiers-btp\/wp-content\/uploads\/sites\/5\/2022\/04\/Attentes-des-participants-sur-les-apports-du-seminaire-scaled.jpg 1920w\" sizes=\"auto, (max-width: 768px) 100vw, 768px\" \/><\/figure><div class=\"wp-block-media-text__content\">\n<p style=\"font-size:14px\">Les \u00e9changes lors de l&rsquo;activit\u00e9 \u00ab\u00a0brise-glace\u00a0\u00bb ont permis de mettre en exergue les attentes des participants.<\/p>\n<\/div><\/div>\n\n\n\n<div class=\"wp-block-media-text alignwide has-media-on-the-right is-stacked-on-mobile\" style=\"grid-template-columns:auto 47%\"><figure class=\"wp-block-media-text__media\"><img loading=\"lazy\" decoding=\"async\" width=\"812\" height=\"577\" src=\"https:\/\/pedagogie.ac-lille.fr\/metiers-btp\/wp-content\/uploads\/sites\/5\/2022\/04\/tableaux.jpg\" alt=\"\" class=\"wp-image-1597 size-full\" srcset=\"https:\/\/pedagogie.ac-lille.fr\/metiers-btp\/wp-content\/uploads\/sites\/5\/2022\/04\/tableaux.jpg 812w, https:\/\/pedagogie.ac-lille.fr\/metiers-btp\/wp-content\/uploads\/sites\/5\/2022\/04\/tableaux-300x213.jpg 300w, https:\/\/pedagogie.ac-lille.fr\/metiers-btp\/wp-content\/uploads\/sites\/5\/2022\/04\/tableaux-768x546.jpg 768w\" sizes=\"auto, (max-width: 812px) 100vw, 812px\" \/><\/figure><div class=\"wp-block-media-text__content\">\n<p class=\"has-vivid-cyan-blue-color has-text-color\" style=\"font-size:14px\"><strong>\u00c9nonc\u00e9 des probl\u00e9matiques d\u00e9finies ci-apr\u00e8s pr\u00e9cis\u00e9es de la comp\u00e9tence commune associ\u00e9e et des r\u00e9ponses \u00e0 celles-ci \u00e0 travers des travaux de groupe.<\/strong><\/p>\n\n\n\n<ul class=\"wp-block-list\" style=\"font-size:14px\"><li>comment positionner l&rsquo;ouvrage dans l&rsquo;environnement existant ?<\/li><li>comment repr\u00e9senter un ouvrage sur le site ?<\/li><li>comment r\u00e9diger une notice architecturale ?<\/li><li>comment obtenir une vision r\u00e9aliste d&rsquo;un projet et en exploiter les donn\u00e9es?<\/li><li>comment remplir une notice de norme ERP ?<\/li><li>comment repr\u00e9senter le relief d&rsquo;un terrain ?<\/li><li>comment produire une maquette d&rsquo;\u00e9tudes ?<\/li><li>comment relever les diff\u00e9rents niveaux ?<\/li><li>comment r\u00e9aliser un avant-m\u00e9tr\u00e9 ?<\/li><li>comment r\u00e9aliser un compte-rendu d&rsquo;un projet avec plusieurs productions ?<\/li><li>comment d\u00e9coder un plan local d&rsquo;urbanisme ?<\/li><li>comment construire un d\u00e9tail de dessin technique ?<\/li><li>comment \u00e9laborer un profil en long ?<\/li><\/ul>\n\n\n\n<h2 class=\"alignwide has-text-align-center wp-block-heading\" style=\"font-size:18px\">R\u00e9partition des probl\u00e9matiques entre les diff\u00e9rents participants : r\u00e9daction des fiches synth\u00e8se<\/h2>\n\n\n\n<h2 class=\"has-vivid-red-color has-cyan-bluish-gray-background-color has-text-color has-background wp-block-heading\" style=\"font-size:16px\">Remarque : le temps contraint de la journ\u00e9e de formation n&rsquo;a pas permis \u00e0 l&rsquo;ensemble des participants de finaliser les documents. Les productions propos\u00e9es ci-apr\u00e8s sont des pistes de travail dont il faut poursuivre l&rsquo;enrichissement.<\/h2>\n<\/div><\/div>\n\n\n\n<div class=\"wp-block-media-text alignwide is-stacked-on-mobile\" style=\"grid-template-columns:17% auto\"><figure class=\"wp-block-media-text__media\"><img loading=\"lazy\" decoding=\"async\" width=\"974\" height=\"701\" src=\"https:\/\/pedagogie.ac-lille.fr\/metiers-btp\/wp-content\/uploads\/sites\/5\/2022\/04\/plan_masse.jpg\" alt=\"\" class=\"wp-image-1603 size-full\" srcset=\"https:\/\/pedagogie.ac-lille.fr\/metiers-btp\/wp-content\/uploads\/sites\/5\/2022\/04\/plan_masse.jpg 974w, https:\/\/pedagogie.ac-lille.fr\/metiers-btp\/wp-content\/uploads\/sites\/5\/2022\/04\/plan_masse-300x216.jpg 300w, https:\/\/pedagogie.ac-lille.fr\/metiers-btp\/wp-content\/uploads\/sites\/5\/2022\/04\/plan_masse-768x553.jpg 768w\" sizes=\"auto, (max-width: 974px) 100vw, 974px\" \/><\/figure><div class=\"wp-block-media-text__content\">\n<p class=\"has-vivid-red-color has-text-color\" style=\"font-size:14px\"><strong>Probl\u00e9matique : comment positionner l&rsquo;ouvrage dans l&rsquo;environnement existant ?<\/strong><\/p>\n\n\n\n<p style=\"font-size:14px\">Pistes de fiche synth\u00e8se. <\/p>\n\n\n\n<p style=\"font-size:14px\"><a href=\"http:\/\/cro-ce-medias.discipline.ac-lille.fr\/acces-restreint\/FAMILLE_MEMNB\/Fiche%20trame%20synth%C3%A8se%20C3.5%20Comment%20positionner%20l%27ouvrage%20dans%20l%27environnement%20existant.docx\" target=\"_blank\" rel=\"noreferrer noopener\">D\u00e9couvrir le document en cours de r\u00e9daction.<\/a><\/p>\n<\/div><\/div>\n\n\n\n<div class=\"wp-block-media-text alignwide is-stacked-on-mobile\" style=\"grid-template-columns:17% auto\"><figure class=\"wp-block-media-text__media\"><img loading=\"lazy\" decoding=\"async\" width=\"937\" height=\"658\" src=\"https:\/\/pedagogie.ac-lille.fr\/metiers-btp\/wp-content\/uploads\/sites\/5\/2022\/04\/site.jpg\" alt=\"\" class=\"wp-image-1606 size-full\" srcset=\"https:\/\/pedagogie.ac-lille.fr\/metiers-btp\/wp-content\/uploads\/sites\/5\/2022\/04\/site.jpg 937w, https:\/\/pedagogie.ac-lille.fr\/metiers-btp\/wp-content\/uploads\/sites\/5\/2022\/04\/site-300x211.jpg 300w, https:\/\/pedagogie.ac-lille.fr\/metiers-btp\/wp-content\/uploads\/sites\/5\/2022\/04\/site-768x539.jpg 768w\" sizes=\"auto, (max-width: 937px) 100vw, 937px\" \/><\/figure><div class=\"wp-block-media-text__content\">\n<p class=\"has-vivid-red-color has-text-color\" style=\"font-size:14px\"><strong>Probl\u00e9matique : comment repr\u00e9senter un ouvrage sur le site ?<\/strong><\/p>\n\n\n\n<p style=\"font-size:14px\">Pistes de fiche synth\u00e8se.<\/p>\n\n\n\n<p style=\"font-size:14px\"><a href=\"http:\/\/cro-ce-medias.discipline.ac-lille.fr\/acces-restreint\/FAMILLE_MEMNB\/Fiche%20synth%C3%A8se_C3.5.3_Plan%20d%27implantation.docx\" target=\"_blank\" rel=\"noreferrer noopener\">D\u00e9couvrir le document en cours de r\u00e9daction.<\/a><\/p>\n<\/div><\/div>\n\n\n\n<div class=\"wp-block-media-text alignwide is-stacked-on-mobile\" style=\"grid-template-columns:17% auto\"><figure class=\"wp-block-media-text__media\"><img loading=\"lazy\" decoding=\"async\" width=\"945\" height=\"665\" src=\"https:\/\/pedagogie.ac-lille.fr\/metiers-btp\/wp-content\/uploads\/sites\/5\/2022\/04\/notice.jpg\" alt=\"\" class=\"wp-image-1607 size-full\" srcset=\"https:\/\/pedagogie.ac-lille.fr\/metiers-btp\/wp-content\/uploads\/sites\/5\/2022\/04\/notice.jpg 945w, https:\/\/pedagogie.ac-lille.fr\/metiers-btp\/wp-content\/uploads\/sites\/5\/2022\/04\/notice-300x211.jpg 300w, https:\/\/pedagogie.ac-lille.fr\/metiers-btp\/wp-content\/uploads\/sites\/5\/2022\/04\/notice-768x540.jpg 768w\" sizes=\"auto, (max-width: 945px) 100vw, 945px\" \/><\/figure><div class=\"wp-block-media-text__content\">\n<p class=\"has-vivid-red-color has-text-color\" style=\"font-size:14px\"><strong>Probl\u00e9matique : comment r\u00e9diger une notice architecturale ?<\/strong><\/p>\n\n\n\n<p style=\"font-size:14px\">Pistes de fiche synth\u00e8se.<\/p>\n\n\n\n<p style=\"font-size:14px\"><a href=\"http:\/\/cro-ce-medias.discipline.ac-lille.fr\/acces-restreint\/FAMILLE_MEMNB\/Fiche%20trame%20synth%C3%A8se%20-%20C3.4.1%20Comment%20r%C3%A9diger%20une%20notice%20architecturale.docx\" target=\"_blank\" rel=\"noreferrer noopener\">D\u00e9couvrir le document en cours de r\u00e9daction.<\/a><\/p>\n<\/div><\/div>\n\n\n\n<div class=\"wp-block-media-text alignwide is-stacked-on-mobile\" style=\"grid-template-columns:17% auto\"><figure class=\"wp-block-media-text__media\"><img loading=\"lazy\" decoding=\"async\" width=\"939\" height=\"673\" src=\"https:\/\/pedagogie.ac-lille.fr\/metiers-btp\/wp-content\/uploads\/sites\/5\/2022\/04\/bim.jpg\" alt=\"\" class=\"wp-image-1611 size-full\" srcset=\"https:\/\/pedagogie.ac-lille.fr\/metiers-btp\/wp-content\/uploads\/sites\/5\/2022\/04\/bim.jpg 939w, https:\/\/pedagogie.ac-lille.fr\/metiers-btp\/wp-content\/uploads\/sites\/5\/2022\/04\/bim-300x215.jpg 300w, https:\/\/pedagogie.ac-lille.fr\/metiers-btp\/wp-content\/uploads\/sites\/5\/2022\/04\/bim-768x550.jpg 768w\" sizes=\"auto, (max-width: 939px) 100vw, 939px\" \/><\/figure><div class=\"wp-block-media-text__content\">\n<p class=\"has-vivid-red-color has-text-color\" style=\"font-size:14px\"><strong>Probl\u00e9matique : comment obtenir une vision r\u00e9aliste d&rsquo;un projet et en exploiter les donn\u00e9es?<\/strong><\/p>\n\n\n\n<p style=\"font-size:14px\">Pistes de fiche synth\u00e8se.<\/p>\n\n\n\n<p style=\"font-size:14px\"><a href=\"http:\/\/cro-ce-medias.discipline.ac-lille.fr\/acces-restreint\/FAMILLE_MEMNB\/Fiche%20trame%20synth%C3%A8se%20Maquette%20BIM.docx\" data-type=\"URL\" data-id=\"http:\/\/cro-ce-medias.discipline.ac-lille.fr\/acces-restreint\/FAMILLE_MEMNB\/Fiche%20trame%20synth%C3%A8se%20Maquette%20BIM.docx\" target=\"_blank\" rel=\"noreferrer noopener\">D\u00e9couvrir le document en cours de r\u00e9daction.<\/a><\/p>\n<\/div><\/div>\n\n\n\n<div class=\"wp-block-media-text alignwide is-stacked-on-mobile\" style=\"grid-template-columns:17% auto\"><figure class=\"wp-block-media-text__media\"><img loading=\"lazy\" decoding=\"async\" width=\"933\" height=\"663\" src=\"https:\/\/pedagogie.ac-lille.fr\/metiers-btp\/wp-content\/uploads\/sites\/5\/2022\/04\/EPRP.jpg\" alt=\"\" class=\"wp-image-1614 size-full\" srcset=\"https:\/\/pedagogie.ac-lille.fr\/metiers-btp\/wp-content\/uploads\/sites\/5\/2022\/04\/EPRP.jpg 933w, https:\/\/pedagogie.ac-lille.fr\/metiers-btp\/wp-content\/uploads\/sites\/5\/2022\/04\/EPRP-300x213.jpg 300w, https:\/\/pedagogie.ac-lille.fr\/metiers-btp\/wp-content\/uploads\/sites\/5\/2022\/04\/EPRP-768x546.jpg 768w\" sizes=\"auto, (max-width: 933px) 100vw, 933px\" \/><\/figure><div class=\"wp-block-media-text__content\">\n<p class=\"has-vivid-red-color has-text-color\" style=\"font-size:14px\"><strong>Probl\u00e9matique : comment remplir une notice de norme ERP ?<\/strong><\/p>\n\n\n\n<p style=\"font-size:14px\">Pistes de fiche synth\u00e8se.<\/p>\n\n\n\n<p style=\"font-size:14px\"><a href=\"http:\/\/cro-ce-medias.discipline.ac-lille.fr\/acces-restreint\/FAMILLE_MEMNB\/Fiche%20trame%20synth%C3%A8se%20-%20comment%20remplir%20une%20notice%20de%20norme%20ERP%20JPM.docx\" target=\"_blank\" rel=\"noreferrer noopener\">D\u00e9couvrir le document en cours de r\u00e9daction.<\/a><\/p>\n<\/div><\/div>\n\n\n\n<div class=\"wp-block-media-text alignwide is-stacked-on-mobile\" style=\"grid-template-columns:17% auto\"><figure class=\"wp-block-media-text__media\"><img loading=\"lazy\" decoding=\"async\" width=\"468\" height=\"667\" src=\"https:\/\/pedagogie.ac-lille.fr\/metiers-btp\/wp-content\/uploads\/sites\/5\/2022\/04\/relief.jpg\" alt=\"\" class=\"wp-image-1618 size-full\" srcset=\"https:\/\/pedagogie.ac-lille.fr\/metiers-btp\/wp-content\/uploads\/sites\/5\/2022\/04\/relief.jpg 468w, https:\/\/pedagogie.ac-lille.fr\/metiers-btp\/wp-content\/uploads\/sites\/5\/2022\/04\/relief-210x300.jpg 210w\" sizes=\"auto, (max-width: 468px) 100vw, 468px\" \/><\/figure><div class=\"wp-block-media-text__content\">\n<p class=\"has-vivid-red-color has-text-color\" style=\"font-size:14px\"><strong>Probl\u00e9matique : comment repr\u00e9senter le relief d&rsquo;un terrain ?<\/strong><\/p>\n\n\n\n<p style=\"font-size:14px\">Pistes de fiche synth\u00e8se.<\/p>\n\n\n\n<p style=\"font-size:14px\"><a href=\"http:\/\/cro-ce-medias.discipline.ac-lille.fr\/acces-restreint\/FAMILLE_MEMNB\/Fiche%20synth%C3%A8se%20-%20Comment%20repr%C3%A9senter%20le%20relief%20d%27un%20terrain..doc\" target=\"_blank\" rel=\"noreferrer noopener\">D\u00e9couvrir le document en cours de r\u00e9daction.<\/a><\/p>\n<\/div><\/div>\n\n\n\n<div class=\"wp-block-media-text alignwide is-stacked-on-mobile\" style=\"grid-template-columns:18% auto\"><figure class=\"wp-block-media-text__media\"><img loading=\"lazy\" decoding=\"async\" width=\"940\" height=\"657\" src=\"https:\/\/pedagogie.ac-lille.fr\/metiers-btp\/wp-content\/uploads\/sites\/5\/2022\/04\/maquette_etudes.jpg\" alt=\"\" class=\"wp-image-1621 size-full\" srcset=\"https:\/\/pedagogie.ac-lille.fr\/metiers-btp\/wp-content\/uploads\/sites\/5\/2022\/04\/maquette_etudes.jpg 940w, https:\/\/pedagogie.ac-lille.fr\/metiers-btp\/wp-content\/uploads\/sites\/5\/2022\/04\/maquette_etudes-300x210.jpg 300w, https:\/\/pedagogie.ac-lille.fr\/metiers-btp\/wp-content\/uploads\/sites\/5\/2022\/04\/maquette_etudes-768x537.jpg 768w\" sizes=\"auto, (max-width: 940px) 100vw, 940px\" \/><\/figure><div class=\"wp-block-media-text__content\">\n<p class=\"has-vivid-red-color has-text-color\" style=\"font-size:14px\"><strong>Probl\u00e9matique : comment produire une maquette d&rsquo;\u00e9tudes ?<\/strong><\/p>\n\n\n\n<p style=\"font-size:14px\">Pistes de fiche synth\u00e8se.<\/p>\n\n\n\n<p style=\"font-size:14px\"><a href=\"http:\/\/cro-ce-medias.discipline.ac-lille.fr\/acces-restreint\/FAMILLE_MEMNB\/Fiche%20trame%20synth%C3%A8se%20-%20Comment%20produire%20une%20maquette%20d%27%C3%A9tudes.docx\" target=\"_blank\" rel=\"noreferrer noopener\">D\u00e9couvrir le document en cours de r\u00e9daction.<\/a><\/p>\n<\/div><\/div>\n\n\n\n<div class=\"wp-block-media-text alignwide is-stacked-on-mobile\" style=\"grid-template-columns:18% auto\"><figure class=\"wp-block-media-text__media\"><img loading=\"lazy\" decoding=\"async\" width=\"937\" height=\"657\" src=\"https:\/\/pedagogie.ac-lille.fr\/metiers-btp\/wp-content\/uploads\/sites\/5\/2022\/04\/niveaux.jpg\" alt=\"\" class=\"wp-image-1624 size-full\" srcset=\"https:\/\/pedagogie.ac-lille.fr\/metiers-btp\/wp-content\/uploads\/sites\/5\/2022\/04\/niveaux.jpg 937w, https:\/\/pedagogie.ac-lille.fr\/metiers-btp\/wp-content\/uploads\/sites\/5\/2022\/04\/niveaux-300x210.jpg 300w, https:\/\/pedagogie.ac-lille.fr\/metiers-btp\/wp-content\/uploads\/sites\/5\/2022\/04\/niveaux-768x539.jpg 768w\" sizes=\"auto, (max-width: 937px) 100vw, 937px\" \/><\/figure><div class=\"wp-block-media-text__content\">\n<p class=\"has-vivid-red-color has-text-color\" style=\"font-size:14px\"><strong>Probl\u00e9matique : comment relever les diff\u00e9rents niveaux ?<\/strong><\/p>\n\n\n\n<p style=\"font-size:14px\">Pistes de fiche synth\u00e8se.<\/p>\n\n\n\n<p style=\"font-size:14px\"><a href=\"http:\/\/cro-ce-medias.discipline.ac-lille.fr\/acces-restreint\/FAMILLE_MEMNB\/FICHE%20SYNTHESE%20COMMENT%20RELEVELES%20DIFFERENTS%20NIVEAUX.docx\" target=\"_blank\" rel=\"noreferrer noopener\">D\u00e9couvrir le document en cours de r\u00e9daction.<\/a><\/p>\n<\/div><\/div>\n\n\n\n<div class=\"wp-block-media-text alignwide is-stacked-on-mobile\" style=\"grid-template-columns:18% auto\"><figure class=\"wp-block-media-text__media\"><img loading=\"lazy\" decoding=\"async\" width=\"943\" height=\"660\" src=\"https:\/\/pedagogie.ac-lille.fr\/metiers-btp\/wp-content\/uploads\/sites\/5\/2022\/04\/avant-metre.jpg\" alt=\"\" class=\"wp-image-1627 size-full\" srcset=\"https:\/\/pedagogie.ac-lille.fr\/metiers-btp\/wp-content\/uploads\/sites\/5\/2022\/04\/avant-metre.jpg 943w, https:\/\/pedagogie.ac-lille.fr\/metiers-btp\/wp-content\/uploads\/sites\/5\/2022\/04\/avant-metre-300x210.jpg 300w, https:\/\/pedagogie.ac-lille.fr\/metiers-btp\/wp-content\/uploads\/sites\/5\/2022\/04\/avant-metre-768x538.jpg 768w\" sizes=\"auto, (max-width: 943px) 100vw, 943px\" \/><\/figure><div class=\"wp-block-media-text__content\">\n<p class=\"has-vivid-red-color has-text-color\" style=\"font-size:14px\"><strong>Probl\u00e9matique : comment r\u00e9aliser un avant-m\u00e9tr\u00e9 ?<\/strong><\/p>\n\n\n\n<p style=\"font-size:14px\">Pistes de fiche synth\u00e8se.<\/p>\n\n\n\n<p style=\"font-size:14px\"><a href=\"http:\/\/cro-ce-medias.discipline.ac-lille.fr\/acces-restreint\/FAMILLE_MEMNB\/Fiche%20trame%20synth%C3%A8se%20-%20Comment%20r%C3%A9aliser%20un%20avant-m%C3%A9tr%C3%A9.docx\" data-type=\"URL\" data-id=\"http:\/\/cro-ce-medias.discipline.ac-lille.fr\/acces-restreint\/FAMILLE_MEMNB\/Fiche%20trame%20synth%C3%A8se%20-%20Comment%20r%C3%A9aliser%20un%20avant-m%C3%A9tr%C3%A9.docx\" target=\"_blank\" rel=\"noreferrer noopener\">D\u00e9couvrir le document en cours de r\u00e9daction.<\/a><\/p>\n<\/div><\/div>\n\n\n\n<div class=\"wp-block-media-text alignwide is-stacked-on-mobile\" style=\"grid-template-columns:18% auto\"><figure class=\"wp-block-media-text__media\"><img loading=\"lazy\" decoding=\"async\" width=\"938\" height=\"659\" src=\"https:\/\/pedagogie.ac-lille.fr\/metiers-btp\/wp-content\/uploads\/sites\/5\/2022\/04\/dessin.jpg\" alt=\"\" class=\"wp-image-1629 size-full\" srcset=\"https:\/\/pedagogie.ac-lille.fr\/metiers-btp\/wp-content\/uploads\/sites\/5\/2022\/04\/dessin.jpg 938w, https:\/\/pedagogie.ac-lille.fr\/metiers-btp\/wp-content\/uploads\/sites\/5\/2022\/04\/dessin-300x211.jpg 300w, https:\/\/pedagogie.ac-lille.fr\/metiers-btp\/wp-content\/uploads\/sites\/5\/2022\/04\/dessin-768x540.jpg 768w\" sizes=\"auto, (max-width: 938px) 100vw, 938px\" \/><\/figure><div class=\"wp-block-media-text__content\">\n<p class=\"has-vivid-red-color has-text-color\" style=\"font-size:14px\"><strong>Probl\u00e9matique : comment construire un d\u00e9tail de dessin technique ?<\/strong><\/p>\n\n\n\n<p style=\"font-size:14px\">Pistes de fiche synth\u00e8se.<\/p>\n\n\n\n<p style=\"font-size:14px\"><a href=\"http:\/\/cro-ce-medias.discipline.ac-lille.fr\/acces-restreint\/FAMILLE_MEMNB\/Fiche%20trame%20synth%C3%A8se%20-%20C3.5.1%20Comment%20construire%20un%20dessin%20de%20d%C3%A9tail%20technique.docx\" target=\"_blank\" rel=\"noreferrer noopener\">D\u00e9couvrir le document en cours de r\u00e9daction.<\/a><\/p>\n<\/div><\/div>\n\n\n\n<div class=\"wp-block-media-text alignwide is-stacked-on-mobile\" style=\"grid-template-columns:18% auto\"><figure class=\"wp-block-media-text__media\"><img loading=\"lazy\" decoding=\"async\" width=\"940\" height=\"654\" src=\"https:\/\/pedagogie.ac-lille.fr\/metiers-btp\/wp-content\/uploads\/sites\/5\/2022\/04\/profilenlong.jpg\" alt=\"\" class=\"wp-image-1632 size-full\" srcset=\"https:\/\/pedagogie.ac-lille.fr\/metiers-btp\/wp-content\/uploads\/sites\/5\/2022\/04\/profilenlong.jpg 940w, https:\/\/pedagogie.ac-lille.fr\/metiers-btp\/wp-content\/uploads\/sites\/5\/2022\/04\/profilenlong-300x209.jpg 300w, https:\/\/pedagogie.ac-lille.fr\/metiers-btp\/wp-content\/uploads\/sites\/5\/2022\/04\/profilenlong-768x534.jpg 768w\" sizes=\"auto, (max-width: 940px) 100vw, 940px\" \/><\/figure><div class=\"wp-block-media-text__content\">\n<p class=\"has-vivid-red-color has-text-color\" style=\"font-size:14px\"><strong>Probl\u00e9matique : comment \u00e9laborer un profil en long ?<\/strong><\/p>\n\n\n\n<p style=\"font-size:14px\">Pistes de fiche synth\u00e8se.<\/p>\n\n\n\n<p style=\"font-size:14px\"><a href=\"http:\/\/cro-ce-medias.discipline.ac-lille.fr\/acces-restreint\/FAMILLE_MEMNB\/Fiche%20trame%20synth%C3%A8se%20Comment%20%C3%A9laborer%20un%20profil%20en%20long.docx\" target=\"_blank\" rel=\"noreferrer noopener\">D\u00e9couvrir le document en cours de r\u00e9daction.<\/a><\/p>\n<\/div><\/div>\n\n\n\n<p class=\"has-luminous-vivid-orange-color has-text-color\" style=\"font-size:14px\"><strong>Probl\u00e9matiques non abord\u00e9es dans le temps imparti:<\/strong><\/p>\n\n\n\n<ul class=\"wp-block-list\" style=\"font-size:14px\"><li>comment r\u00e9aliser un compte-rendu d&rsquo;un projet avec plusieurs productions ?<\/li><li>comment d\u00e9coder un plan local d&rsquo;urbanisme ?<\/li><\/ul>\n\n\n\n<div class=\"wp-block-image\"><figure class=\"aligncenter size-full is-resized\"><img loading=\"lazy\" decoding=\"async\" src=\"https:\/\/pedagogie.ac-lille.fr\/metiers-btp\/wp-content\/uploads\/sites\/5\/2022\/04\/merci.png\" alt=\"\" class=\"wp-image-1634\" width=\"181\" height=\"118\" \/><figcaption>S.MYKAJ IEN ET-STI<\/figcaption><\/figure><\/div>\n","protected":false},"excerpt":{"rendered":"<p>Probl\u00e9matique soulev\u00e9e : comment accompagner les \u00e9quipes enseignantes \u00e0 s&rsquo;approprier les comp\u00e9tences communes de la seconde BAC PRO Famille des m\u00e9tiers des \u00e9tudes et de la mod\u00e9lisation num\u00e9rique du b\u00e2timent ? Avant de r\u00e9fl\u00e9chir, partager nos pratiques p\u00e9dagogiques, construire et produire ensemble apprenons \u00e0 nous conna\u00eetre. Technique d&rsquo;animation \u00ab\u00a0brise-glace\u00a0\u00bb. Les \u00e9changes lors de l&rsquo;activit\u00e9 \u00ab\u00a0brise-glace\u00a0\u00bb [&hellip;]<\/p>\n","protected":false},"author":13,"featured_media":0,"parent":0,"menu_order":0,"comment_status":"closed","ping_status":"closed","template":"","meta":{"ngg_post_thumbnail":0,"footnotes":""},"class_list":["post-1588","page","type-page","status-publish","czr-hentry"],"publishpress_future_action":{"enabled":false,"date":"2026-04-28 20:11:06","action":"change-status","newStatus":"draft","terms":[],"taxonomy":"","extraData":[]},"publishpress_future_workflow_manual_trigger":{"enabledWorkflows":[]},"_links":{"self":[{"href":"https:\/\/pedagogie.ac-lille.fr\/metiers-btp\/wp-json\/wp\/v2\/pages\/1588","targetHints":{"allow":["GET"]}}],"collection":[{"href":"https:\/\/pedagogie.ac-lille.fr\/metiers-btp\/wp-json\/wp\/v2\/pages"}],"about":[{"href":"https:\/\/pedagogie.ac-lille.fr\/metiers-btp\/wp-json\/wp\/v2\/types\/page"}],"author":[{"embeddable":true,"href":"https:\/\/pedagogie.ac-lille.fr\/metiers-btp\/wp-json\/wp\/v2\/users\/13"}],"replies":[{"embeddable":true,"href":"https:\/\/pedagogie.ac-lille.fr\/metiers-btp\/wp-json\/wp\/v2\/comments?post=1588"}],"version-history":[{"count":52,"href":"https:\/\/pedagogie.ac-lille.fr\/metiers-btp\/wp-json\/wp\/v2\/pages\/1588\/revisions"}],"predecessor-version":[{"id":1707,"href":"https:\/\/pedagogie.ac-lille.fr\/metiers-btp\/wp-json\/wp\/v2\/pages\/1588\/revisions\/1707"}],"wp:attachment":[{"href":"https:\/\/pedagogie.ac-lille.fr\/metiers-btp\/wp-json\/wp\/v2\/media?parent=1588"}],"curies":[{"name":"wp","href":"https:\/\/api.w.org\/{rel}","templated":true}]}}