{"id":1673,"date":"2022-04-14T10:39:31","date_gmt":"2022-04-14T08:39:31","guid":{"rendered":"https:\/\/pedagogie.ac-lille.fr\/metiers-btp\/?page_id=1673"},"modified":"2022-04-14T10:39:32","modified_gmt":"2022-04-14T08:39:32","slug":"j2-journee-de-formation-du-30-mars-2022","status":"publish","type":"page","link":"https:\/\/pedagogie.ac-lille.fr\/metiers-btp\/j2-journee-de-formation-du-30-mars-2022\/","title":{"rendered":"J2 journ\u00e9e de formation du 30 mars 2022"},"content":{"rendered":"\n<p class=\"has-black-color has-pale-cyan-blue-background-color has-text-color has-background\">Probl\u00e9matique soulev\u00e9e : comment accompagner les \u00e9quipes enseignantes dans la mise en \u0153uvre des logiciels m\u00e9tiers ?<\/p>\n\n\n\n<p>Les choix op\u00e9r\u00e9s lors de cette journ\u00e9e de formation ont \u00e9t\u00e9 ancr\u00e9s notamment sur les feuilles de route de l&rsquo;acad\u00e9mie pilote du BAC PRO TEB option A et option B.<\/p>\n\n\n\n<div class=\"wp-block-media-text alignwide is-stacked-on-mobile\" style=\"grid-template-columns:15% auto\"><figure class=\"wp-block-media-text__media\"><img loading=\"lazy\" decoding=\"async\" width=\"431\" height=\"616\" src=\"https:\/\/pedagogie.ac-lille.fr\/metiers-btp\/wp-content\/uploads\/sites\/5\/2022\/04\/feuille_route.jpg\" alt=\"\" class=\"wp-image-1675 size-full\" srcset=\"https:\/\/pedagogie.ac-lille.fr\/metiers-btp\/wp-content\/uploads\/sites\/5\/2022\/04\/feuille_route.jpg 431w, https:\/\/pedagogie.ac-lille.fr\/metiers-btp\/wp-content\/uploads\/sites\/5\/2022\/04\/feuille_route-210x300.jpg 210w\" sizes=\"auto, (max-width: 431px) 100vw, 431px\" \/><\/figure><div class=\"wp-block-media-text__content\">\n<p style=\"font-size:16px\">Les feuilles de route permettent d&rsquo;identifier les orientations donn\u00e9es pour la session d&rsquo;examen en cours et celle \u00e0 venir.<\/p>\n\n\n\n<p><a href=\"http:\/\/cro-ce-medias.discipline.ac-lille.fr\/acces-restreint\/FAMILLE_MEMNB\/Feuille%20de%20route%20TEB%20EE%202022.pdf\" data-type=\"URL\" data-id=\"http:\/\/cro-ce-medias.discipline.ac-lille.fr\/acces-restreint\/FAMILLE_MEMNB\/Feuille%20de%20route%20TEB%20EE%202022.pdf\" target=\"_blank\" rel=\"noreferrer noopener\">D\u00e9couvrir la feuille de route du BAC PRO TEB option A session 2002.<\/a><\/p>\n\n\n\n<p><a href=\"http:\/\/cro-ce-medias.discipline.ac-lille.fr\/acces-restreint\/FAMILLE_MEMNB\/Feuille%20de%20route%20TEB%20AA%202022.pdf\" target=\"_blank\" rel=\"noreferrer noopener\">D\u00e9couvrir la feuille de route du BAC PRO TEB option B session 2022.<\/a><\/p>\n<\/div><\/div>\n\n\n\n<p>Les travaux de groupe ont permis de d\u00e9velopper des comp\u00e9tences professionnelles relatives \u00e0 l&rsquo;exploitation des logiciels CYPEPROJECT et TWINMOTION.<\/p>\n\n\n\n<figure class=\"wp-block-image size-full is-resized\"><img loading=\"lazy\" decoding=\"async\" src=\"https:\/\/pedagogie.ac-lille.fr\/metiers-btp\/wp-content\/uploads\/sites\/5\/2022\/04\/30MARS.jpg\" alt=\"\" class=\"wp-image-1678\" width=\"474\" height=\"124\" srcset=\"https:\/\/pedagogie.ac-lille.fr\/metiers-btp\/wp-content\/uploads\/sites\/5\/2022\/04\/30MARS.jpg 739w, https:\/\/pedagogie.ac-lille.fr\/metiers-btp\/wp-content\/uploads\/sites\/5\/2022\/04\/30MARS-300x78.jpg 300w\" sizes=\"auto, (max-width: 474px) 100vw, 474px\" \/><\/figure>\n\n\n\n<div class=\"wp-block-media-text alignwide is-stacked-on-mobile\" style=\"grid-template-columns:34% auto\"><figure class=\"wp-block-media-text__media\"><img loading=\"lazy\" decoding=\"async\" width=\"1024\" height=\"546\" src=\"https:\/\/pedagogie.ac-lille.fr\/metiers-btp\/wp-content\/uploads\/sites\/5\/2022\/04\/CYPE-1024x546.jpg\" alt=\"\" class=\"wp-image-1683 size-full\" srcset=\"https:\/\/pedagogie.ac-lille.fr\/metiers-btp\/wp-content\/uploads\/sites\/5\/2022\/04\/CYPE-1024x546.jpg 1024w, https:\/\/pedagogie.ac-lille.fr\/metiers-btp\/wp-content\/uploads\/sites\/5\/2022\/04\/CYPE-300x160.jpg 300w, https:\/\/pedagogie.ac-lille.fr\/metiers-btp\/wp-content\/uploads\/sites\/5\/2022\/04\/CYPE-768x410.jpg 768w, https:\/\/pedagogie.ac-lille.fr\/metiers-btp\/wp-content\/uploads\/sites\/5\/2022\/04\/CYPE.jpg 1344w\" sizes=\"auto, (max-width: 1024px) 100vw, 1024px\" \/><\/figure><div class=\"wp-block-media-text__content\">\n<p style=\"font-size:16px\">Ressources mises \u00e0 disposition pour r\u00e9aliser les activit\u00e9s \u00e0 partir du logiciel CYPEPROJECT.<\/p>\n\n\n\n<p><a href=\"http:\/\/cro-ce-medias.discipline.ac-lille.fr\/acces-restreint\/FAMILLE_MEMNB\/Tutoriel%20Cypeproject.7z\" data-type=\"URL\" data-id=\"http:\/\/cro-ce-medias.discipline.ac-lille.fr\/acces-restreint\/FAMILLE_MEMNB\/Tutoriel%20Cypeproject.7z\" target=\"_blank\" rel=\"noreferrer noopener\">Les d\u00e9couvrir.<\/a><\/p>\n<\/div><\/div>\n\n\n\n<div class=\"wp-block-media-text alignwide is-stacked-on-mobile\" style=\"grid-template-columns:18% auto\"><figure class=\"wp-block-media-text__media\"><img loading=\"lazy\" decoding=\"async\" width=\"356\" height=\"495\" src=\"https:\/\/pedagogie.ac-lille.fr\/metiers-btp\/wp-content\/uploads\/sites\/5\/2022\/04\/CYPE2.jpg\" alt=\"\" class=\"wp-image-1691 size-full\" srcset=\"https:\/\/pedagogie.ac-lille.fr\/metiers-btp\/wp-content\/uploads\/sites\/5\/2022\/04\/CYPE2.jpg 356w, https:\/\/pedagogie.ac-lille.fr\/metiers-btp\/wp-content\/uploads\/sites\/5\/2022\/04\/CYPE2-216x300.jpg 216w\" sizes=\"auto, (max-width: 356px) 100vw, 356px\" \/><\/figure><div class=\"wp-block-media-text__content\">\n<p style=\"font-size:16px\">Productions \u00e0 l&rsquo;issue des travaux.<\/p>\n\n\n\n<p><a href=\"http:\/\/cro-ce-medias.discipline.ac-lille.fr\/acces-restreint\/FAMILLE_MEMNB\/CYPEPROJECT.7z\" data-type=\"URL\" data-id=\"http:\/\/cro-ce-medias.discipline.ac-lille.fr\/acces-restreint\/FAMILLE_MEMNB\/CYPEPROJECT.7z\" target=\"_blank\" rel=\"noreferrer noopener\">Les d\u00e9couvrir.<\/a><\/p>\n<\/div><\/div>\n\n\n\n<div class=\"wp-block-media-text alignwide is-stacked-on-mobile\" style=\"grid-template-columns:34% auto\"><figure class=\"wp-block-media-text__media\"><img loading=\"lazy\" decoding=\"async\" width=\"716\" height=\"420\" src=\"https:\/\/pedagogie.ac-lille.fr\/metiers-btp\/wp-content\/uploads\/sites\/5\/2022\/04\/TWINMOTION.jpg\" alt=\"\" class=\"wp-image-1685 size-full\" srcset=\"https:\/\/pedagogie.ac-lille.fr\/metiers-btp\/wp-content\/uploads\/sites\/5\/2022\/04\/TWINMOTION.jpg 716w, https:\/\/pedagogie.ac-lille.fr\/metiers-btp\/wp-content\/uploads\/sites\/5\/2022\/04\/TWINMOTION-300x176.jpg 300w\" sizes=\"auto, (max-width: 716px) 100vw, 716px\" \/><\/figure><div class=\"wp-block-media-text__content\">\n<p style=\"font-size:16px\">Ressources mises \u00e0 disposition pour r\u00e9aliser les activit\u00e9s \u00e0 partir du logiciel TWINMOTION.<\/p>\n\n\n\n<p><a href=\"http:\/\/cro-ce-medias.discipline.ac-lille.fr\/acces-restreint\/FAMILLE_MEMNB\/Tutoriel%20Twinmotion.7z\" data-type=\"URL\" data-id=\"http:\/\/cro-ce-medias.discipline.ac-lille.fr\/acces-restreint\/FAMILLE_MEMNB\/Tutoriel%20Twinmotion.7z\" target=\"_blank\" rel=\"noreferrer noopener\">Les d\u00e9couvrir.<\/a><\/p>\n<\/div><\/div>\n\n\n\n<div class=\"wp-block-media-text alignwide is-stacked-on-mobile\" style=\"grid-template-columns:34% auto\"><figure class=\"wp-block-media-text__media\"><img loading=\"lazy\" decoding=\"async\" width=\"1024\" height=\"576\" src=\"https:\/\/pedagogie.ac-lille.fr\/metiers-btp\/wp-content\/uploads\/sites\/5\/2022\/04\/Video4_Moment-1024x576.jpg\" alt=\"\" class=\"wp-image-1690 size-full\" srcset=\"https:\/\/pedagogie.ac-lille.fr\/metiers-btp\/wp-content\/uploads\/sites\/5\/2022\/04\/Video4_Moment-1024x576.jpg 1024w, https:\/\/pedagogie.ac-lille.fr\/metiers-btp\/wp-content\/uploads\/sites\/5\/2022\/04\/Video4_Moment-300x169.jpg 300w, https:\/\/pedagogie.ac-lille.fr\/metiers-btp\/wp-content\/uploads\/sites\/5\/2022\/04\/Video4_Moment-768x432.jpg 768w, https:\/\/pedagogie.ac-lille.fr\/metiers-btp\/wp-content\/uploads\/sites\/5\/2022\/04\/Video4_Moment-1536x864.jpg 1536w, https:\/\/pedagogie.ac-lille.fr\/metiers-btp\/wp-content\/uploads\/sites\/5\/2022\/04\/Video4_Moment-1110x624.jpg 1110w, https:\/\/pedagogie.ac-lille.fr\/metiers-btp\/wp-content\/uploads\/sites\/5\/2022\/04\/Video4_Moment-528x297.jpg 528w, https:\/\/pedagogie.ac-lille.fr\/metiers-btp\/wp-content\/uploads\/sites\/5\/2022\/04\/Video4_Moment.jpg 1920w\" sizes=\"auto, (max-width: 1024px) 100vw, 1024px\" \/><\/figure><div class=\"wp-block-media-text__content\">\n<p style=\"font-size:16px\">Productions \u00e0 l&rsquo;issue des travaux.<\/p>\n\n\n\n<p><a href=\"http:\/\/cro-ce-medias.discipline.ac-lille.fr\/acces-restreint\/FAMILLE_MEMNB\/TWINMOTION.7z\" data-type=\"URL\" data-id=\"http:\/\/cro-ce-medias.discipline.ac-lille.fr\/acces-restreint\/FAMILLE_MEMNB\/TWINMOTION.7z\" target=\"_blank\" rel=\"noreferrer noopener\">Les d\u00e9couvrir<\/a><\/p>\n<\/div><\/div>\n\n\n\n<div class=\"wp-block-image\"><figure class=\"aligncenter size-full is-resized\"><img loading=\"lazy\" decoding=\"async\" src=\"https:\/\/pedagogie.ac-lille.fr\/metiers-btp\/wp-content\/uploads\/sites\/5\/2022\/04\/merci-1.png\" alt=\"\" class=\"wp-image-1687\" width=\"166\" height=\"108\" \/><figcaption>S.MYKAJ IEN ET-STI<\/figcaption><\/figure><\/div>\n","protected":false},"excerpt":{"rendered":"<p>Probl\u00e9matique soulev\u00e9e : comment accompagner les \u00e9quipes enseignantes dans la mise en \u0153uvre des logiciels m\u00e9tiers ? Les choix op\u00e9r\u00e9s lors de cette journ\u00e9e de formation ont \u00e9t\u00e9 ancr\u00e9s notamment sur les feuilles de route de l&rsquo;acad\u00e9mie pilote du BAC PRO TEB option A et option B. Les feuilles de route permettent d&rsquo;identifier les orientations [&hellip;]<\/p>\n","protected":false},"author":13,"featured_media":0,"parent":0,"menu_order":0,"comment_status":"closed","ping_status":"closed","template":"","meta":{"ngg_post_thumbnail":0,"footnotes":""},"class_list":["post-1673","page","type-page","status-publish","czr-hentry"],"publishpress_future_action":{"enabled":false,"date":"2026-04-28 20:10:19","action":"change-status","newStatus":"draft","terms":[],"taxonomy":"","extraData":[]},"publishpress_future_workflow_manual_trigger":{"enabledWorkflows":[]},"_links":{"self":[{"href":"https:\/\/pedagogie.ac-lille.fr\/metiers-btp\/wp-json\/wp\/v2\/pages\/1673","targetHints":{"allow":["GET"]}}],"collection":[{"href":"https:\/\/pedagogie.ac-lille.fr\/metiers-btp\/wp-json\/wp\/v2\/pages"}],"about":[{"href":"https:\/\/pedagogie.ac-lille.fr\/metiers-btp\/wp-json\/wp\/v2\/types\/page"}],"author":[{"embeddable":true,"href":"https:\/\/pedagogie.ac-lille.fr\/metiers-btp\/wp-json\/wp\/v2\/users\/13"}],"replies":[{"embeddable":true,"href":"https:\/\/pedagogie.ac-lille.fr\/metiers-btp\/wp-json\/wp\/v2\/comments?post=1673"}],"version-history":[{"count":18,"href":"https:\/\/pedagogie.ac-lille.fr\/metiers-btp\/wp-json\/wp\/v2\/pages\/1673\/revisions"}],"predecessor-version":[{"id":1709,"href":"https:\/\/pedagogie.ac-lille.fr\/metiers-btp\/wp-json\/wp\/v2\/pages\/1673\/revisions\/1709"}],"wp:attachment":[{"href":"https:\/\/pedagogie.ac-lille.fr\/metiers-btp\/wp-json\/wp\/v2\/media?parent=1673"}],"curies":[{"name":"wp","href":"https:\/\/api.w.org\/{rel}","templated":true}]}}