{"id":1694,"date":"2022-04-18T11:00:29","date_gmt":"2022-04-18T09:00:29","guid":{"rendered":"https:\/\/pedagogie.ac-lille.fr\/metiers-btp\/?page_id=1694"},"modified":"2022-04-18T20:00:55","modified_gmt":"2022-04-18T18:00:55","slug":"j3-journee-de-formation-du-31-mars-2022","status":"publish","type":"page","link":"https:\/\/pedagogie.ac-lille.fr\/metiers-btp\/j3-journee-de-formation-du-31-mars-2022\/","title":{"rendered":"J3 journ\u00e9e de formation du 31 mars 2022"},"content":{"rendered":"\n<p class=\"has-black-color has-pale-cyan-blue-background-color has-text-color has-background\">Probl\u00e9matique soulev\u00e9e : comment accompagner les \u00e9quipes dans la mise en \u0153uvre de la p\u00e9dagogie de projet ? <\/p>\n\n\n\n<p class=\"has-light-green-cyan-background-color has-background\">Les travaux ont port\u00e9 dans un premier temps sur la r\u00e9alisation d&rsquo;une fiche synth\u00e8se de la p\u00e9dagogie de projet \u00e0 partir de la ressource vid\u00e9o vue en distanciel.<\/p>\n\n\n\n<p>Trois groupes ont \u00e9t\u00e9 constitu\u00e9s : un premier groupe formalisant la partie savoir, un second la partie savoir-faire et un troisi\u00e8me la partie savoir-\u00eatre. <\/p>\n\n\n\n<p>Une mise en commun des productions a permis d&rsquo;\u00e9laborer des pistes de travail.<\/p>\n\n\n\n<div class=\"wp-block-media-text alignwide is-stacked-on-mobile\"><figure class=\"wp-block-media-text__media\"><img loading=\"lazy\" decoding=\"async\" width=\"1024\" height=\"277\" src=\"https:\/\/pedagogie.ac-lille.fr\/metiers-btp\/wp-content\/uploads\/sites\/5\/2022\/04\/projet-1024x277.jpg\" alt=\"\" class=\"wp-image-1696 size-full\" srcset=\"https:\/\/pedagogie.ac-lille.fr\/metiers-btp\/wp-content\/uploads\/sites\/5\/2022\/04\/projet-1024x277.jpg 1024w, https:\/\/pedagogie.ac-lille.fr\/metiers-btp\/wp-content\/uploads\/sites\/5\/2022\/04\/projet-300x81.jpg 300w, https:\/\/pedagogie.ac-lille.fr\/metiers-btp\/wp-content\/uploads\/sites\/5\/2022\/04\/projet-768x208.jpg 768w, https:\/\/pedagogie.ac-lille.fr\/metiers-btp\/wp-content\/uploads\/sites\/5\/2022\/04\/projet-1536x415.jpg 1536w, https:\/\/pedagogie.ac-lille.fr\/metiers-btp\/wp-content\/uploads\/sites\/5\/2022\/04\/projet.jpg 1801w\" sizes=\"auto, (max-width: 1024px) 100vw, 1024px\" \/><\/figure><div class=\"wp-block-media-text__content\">\n<p style=\"font-size:16px\">Document en cours de finalisation.<\/p>\n<\/div><\/div>\n\n\n\n<p class=\"has-light-green-cyan-background-color has-background\">La deuxi\u00e8me activit\u00e9 propos\u00e9e portait sur la r\u00e9alisation d&rsquo;une trame de planning pour la mise en \u0153uvre du concours \u00ab\u00a0TOP la vie dans mon lyc\u00e9e\u00a0\u00bb.<\/p>\n\n\n\n<div class=\"wp-block-media-text alignwide has-media-on-the-right is-stacked-on-mobile\"><figure class=\"wp-block-media-text__media\"><img loading=\"lazy\" decoding=\"async\" width=\"1024\" height=\"253\" src=\"https:\/\/pedagogie.ac-lille.fr\/metiers-btp\/wp-content\/uploads\/sites\/5\/2022\/04\/etapes-1024x253.jpg\" alt=\"\" class=\"wp-image-1698 size-full\" srcset=\"https:\/\/pedagogie.ac-lille.fr\/metiers-btp\/wp-content\/uploads\/sites\/5\/2022\/04\/etapes-1024x253.jpg 1024w, https:\/\/pedagogie.ac-lille.fr\/metiers-btp\/wp-content\/uploads\/sites\/5\/2022\/04\/etapes-300x74.jpg 300w, https:\/\/pedagogie.ac-lille.fr\/metiers-btp\/wp-content\/uploads\/sites\/5\/2022\/04\/etapes-768x190.jpg 768w, https:\/\/pedagogie.ac-lille.fr\/metiers-btp\/wp-content\/uploads\/sites\/5\/2022\/04\/etapes.jpg 1390w\" sizes=\"auto, (max-width: 1024px) 100vw, 1024px\" \/><\/figure><div class=\"wp-block-media-text__content\">\n<p style=\"font-size:16px\">Des ressources mises \u00e0 disposition pour r\u00e9aliser l&rsquo;activit\u00e9 demand\u00e9e : <\/p>\n\n\n\n<p style=\"font-size:16px\"><a href=\"http:\/\/cro-ce-medias.discipline.ac-lille.fr\/acces-restreint\/FAMILLE_MEMNB\/%C3%89tapes%20d%27un%20projet%20de%20conception.pdf\" target=\"_blank\" rel=\"noreferrer noopener\">Les \u00e9tapes de conception d&rsquo;un projet.<\/a><\/p>\n<\/div><\/div>\n\n\n\n<div class=\"wp-block-media-text alignwide is-stacked-on-mobile\" style=\"grid-template-columns:15% auto\"><figure class=\"wp-block-media-text__media\"><img loading=\"lazy\" decoding=\"async\" width=\"439\" height=\"636\" src=\"https:\/\/pedagogie.ac-lille.fr\/metiers-btp\/wp-content\/uploads\/sites\/5\/2022\/04\/vadeceum-1.jpg\" alt=\"\" class=\"wp-image-1715 size-full\" srcset=\"https:\/\/pedagogie.ac-lille.fr\/metiers-btp\/wp-content\/uploads\/sites\/5\/2022\/04\/vadeceum-1.jpg 439w, https:\/\/pedagogie.ac-lille.fr\/metiers-btp\/wp-content\/uploads\/sites\/5\/2022\/04\/vadeceum-1-207x300.jpg 207w\" sizes=\"auto, (max-width: 439px) 100vw, 439px\" \/><\/figure><div class=\"wp-block-media-text__content\">\n<p style=\"font-size:16px\"><a href=\"http:\/\/cro-ce-medias.discipline.ac-lille.fr\/acces-restreint\/FAMILLE_MEMNB\/Vade-mecum%202nde%20famille%20des%20m%C3%A9tiers%20EMNB.pdf\" data-type=\"URL\" data-id=\"http:\/\/cro-ce-medias.discipline.ac-lille.fr\/acces-restreint\/FAMILLE_MEMNB\/Vade-mecum%202nde%20famille%20des%20m%C3%A9tiers%20EMNB.pdf\" target=\"_blank\" rel=\"noreferrer noopener\">Le vademecum national.<\/a><\/p>\n<\/div><\/div>\n\n\n\n<div class=\"wp-block-media-text alignwide is-stacked-on-mobile\" style=\"grid-template-columns:42% auto\"><figure class=\"wp-block-media-text__media\"><img loading=\"lazy\" decoding=\"async\" width=\"1024\" height=\"429\" src=\"https:\/\/pedagogie.ac-lille.fr\/metiers-btp\/wp-content\/uploads\/sites\/5\/2022\/04\/canva-1024x429.jpg\" alt=\"\" class=\"wp-image-1718 size-full\" srcset=\"https:\/\/pedagogie.ac-lille.fr\/metiers-btp\/wp-content\/uploads\/sites\/5\/2022\/04\/canva-1024x429.jpg 1024w, https:\/\/pedagogie.ac-lille.fr\/metiers-btp\/wp-content\/uploads\/sites\/5\/2022\/04\/canva-300x126.jpg 300w, https:\/\/pedagogie.ac-lille.fr\/metiers-btp\/wp-content\/uploads\/sites\/5\/2022\/04\/canva-768x322.jpg 768w, https:\/\/pedagogie.ac-lille.fr\/metiers-btp\/wp-content\/uploads\/sites\/5\/2022\/04\/canva-1536x644.jpg 1536w, https:\/\/pedagogie.ac-lille.fr\/metiers-btp\/wp-content\/uploads\/sites\/5\/2022\/04\/canva.jpg 1914w\" sizes=\"auto, (max-width: 1024px) 100vw, 1024px\" \/><\/figure><div class=\"wp-block-media-text__content\">\n<p style=\"font-size:16px\">Le lien vers le <a rel=\"noreferrer noopener\" href=\"https:\/\/www.canva.com\/\" target=\"_blank\">logiciel <\/a>CANVA<\/p>\n<\/div><\/div>\n\n\n\n<p class=\"has-light-green-cyan-background-color has-background\">La troisi\u00e8me activit\u00e9 portait sur un retour d&rsquo;exp\u00e9rience sur la mise en \u0153uvre de la p\u00e9dagogie de projet et notamment \u00e0 travers le concours \u00ab\u00a0TOP la vie dans mon lyc\u00e9e\u00a0\u00bb.<\/p>\n\n\n\n<div class=\"wp-block-media-text alignwide has-media-on-the-right is-stacked-on-mobile\" style=\"grid-template-columns:auto 17%\"><figure class=\"wp-block-media-text__media\"><img loading=\"lazy\" decoding=\"async\" width=\"456\" height=\"646\" src=\"https:\/\/pedagogie.ac-lille.fr\/metiers-btp\/wp-content\/uploads\/sites\/5\/2022\/04\/questionnaire.jpg\" alt=\"\" class=\"wp-image-1699 size-full\" srcset=\"https:\/\/pedagogie.ac-lille.fr\/metiers-btp\/wp-content\/uploads\/sites\/5\/2022\/04\/questionnaire.jpg 456w, https:\/\/pedagogie.ac-lille.fr\/metiers-btp\/wp-content\/uploads\/sites\/5\/2022\/04\/questionnaire-212x300.jpg 212w\" sizes=\"auto, (max-width: 456px) 100vw, 456px\" \/><\/figure><div class=\"wp-block-media-text__content\">\n<p style=\"font-size:16px\"><a href=\"http:\/\/cro-ce-medias.discipline.ac-lille.fr\/acces-restreint\/FAMILLE_MEMNB\/Questionnaire%20relecture%20de%20pratique.pdf\" target=\"_blank\" rel=\"noreferrer noopener\">Un retour d&rsquo;exp\u00e9rience&#8230;<\/a><\/p>\n<\/div><\/div>\n\n\n\n<div class=\"wp-block-media-text alignwide is-stacked-on-mobile has-vivid-cyan-blue-color has-text-color\" style=\"grid-template-columns:29% auto\"><figure class=\"wp-block-media-text__media\"><img loading=\"lazy\" decoding=\"async\" width=\"1024\" height=\"784\" src=\"https:\/\/pedagogie.ac-lille.fr\/metiers-btp\/wp-content\/uploads\/sites\/5\/2022\/04\/Nuage-1024x784.png\" alt=\"\" class=\"wp-image-1746 size-full\" srcset=\"https:\/\/pedagogie.ac-lille.fr\/metiers-btp\/wp-content\/uploads\/sites\/5\/2022\/04\/Nuage-1024x784.png 1024w, https:\/\/pedagogie.ac-lille.fr\/metiers-btp\/wp-content\/uploads\/sites\/5\/2022\/04\/Nuage-300x230.png 300w, https:\/\/pedagogie.ac-lille.fr\/metiers-btp\/wp-content\/uploads\/sites\/5\/2022\/04\/Nuage-768x588.png 768w, https:\/\/pedagogie.ac-lille.fr\/metiers-btp\/wp-content\/uploads\/sites\/5\/2022\/04\/Nuage.png 1160w\" sizes=\"auto, (max-width: 1024px) 100vw, 1024px\" \/><\/figure><div class=\"wp-block-media-text__content\">\n<p class=\"has-vivid-red-color has-text-color\" style=\"font-size:16px\"><strong>La journ\u00e9e de formation a \u00e9t\u00e9 cl\u00f4tur\u00e9e par un questionnaire de satisfaction.<\/strong><\/p>\n\n\n\n<p><strong>Un nuage de mots pour en exprimer une synth\u00e8se.<\/strong><\/p>\n<\/div><\/div>\n\n\n\n<div class=\"wp-block-image\"><figure class=\"aligncenter size-full is-resized\"><img loading=\"lazy\" decoding=\"async\" src=\"https:\/\/pedagogie.ac-lille.fr\/metiers-btp\/wp-content\/uploads\/sites\/5\/2022\/04\/merci-2.png\" alt=\"\" class=\"wp-image-1720\" width=\"148\" height=\"96\" \/><figcaption>S.Mykaj  IEN ET-STI<\/figcaption><\/figure><\/div>\n","protected":false},"excerpt":{"rendered":"<p>Probl\u00e9matique soulev\u00e9e : comment accompagner les \u00e9quipes dans la mise en \u0153uvre de la p\u00e9dagogie de projet ? Les travaux ont port\u00e9 dans un premier temps sur la r\u00e9alisation d&rsquo;une fiche synth\u00e8se de la p\u00e9dagogie de projet \u00e0 partir de la ressource vid\u00e9o vue en distanciel. Trois groupes ont \u00e9t\u00e9 constitu\u00e9s : un premier groupe [&hellip;]<\/p>\n","protected":false},"author":13,"featured_media":0,"parent":0,"menu_order":0,"comment_status":"closed","ping_status":"closed","template":"","meta":{"ngg_post_thumbnail":0,"footnotes":""},"class_list":["post-1694","page","type-page","status-publish","czr-hentry"],"publishpress_future_action":{"enabled":false,"date":"2026-04-28 20:10:29","action":"change-status","newStatus":"draft","terms":[],"taxonomy":"","extraData":[]},"publishpress_future_workflow_manual_trigger":{"enabledWorkflows":[]},"_links":{"self":[{"href":"https:\/\/pedagogie.ac-lille.fr\/metiers-btp\/wp-json\/wp\/v2\/pages\/1694","targetHints":{"allow":["GET"]}}],"collection":[{"href":"https:\/\/pedagogie.ac-lille.fr\/metiers-btp\/wp-json\/wp\/v2\/pages"}],"about":[{"href":"https:\/\/pedagogie.ac-lille.fr\/metiers-btp\/wp-json\/wp\/v2\/types\/page"}],"author":[{"embeddable":true,"href":"https:\/\/pedagogie.ac-lille.fr\/metiers-btp\/wp-json\/wp\/v2\/users\/13"}],"replies":[{"embeddable":true,"href":"https:\/\/pedagogie.ac-lille.fr\/metiers-btp\/wp-json\/wp\/v2\/comments?post=1694"}],"version-history":[{"count":15,"href":"https:\/\/pedagogie.ac-lille.fr\/metiers-btp\/wp-json\/wp\/v2\/pages\/1694\/revisions"}],"predecessor-version":[{"id":1751,"href":"https:\/\/pedagogie.ac-lille.fr\/metiers-btp\/wp-json\/wp\/v2\/pages\/1694\/revisions\/1751"}],"wp:attachment":[{"href":"https:\/\/pedagogie.ac-lille.fr\/metiers-btp\/wp-json\/wp\/v2\/media?parent=1694"}],"curies":[{"name":"wp","href":"https:\/\/api.w.org\/{rel}","templated":true}]}}