{"id":1796,"date":"2022-05-27T16:55:20","date_gmt":"2022-05-27T14:55:20","guid":{"rendered":"https:\/\/pedagogie.ac-lille.fr\/metiers-btp\/?page_id=1796"},"modified":"2022-05-27T16:55:21","modified_gmt":"2022-05-27T14:55:21","slug":"finale-academique-concours-top-la-vie-dans-mon-lycee","status":"publish","type":"page","link":"https:\/\/pedagogie.ac-lille.fr\/metiers-btp\/finale-academique-concours-top-la-vie-dans-mon-lycee\/","title":{"rendered":"Finale acad\u00e9mique &#8211; Concours \u00ab\u00a0TOP la vie dans mon lyc\u00e9e\u00a0\u00bb"},"content":{"rendered":"\n<p>Jeudi 19 mai 2022<\/p>\n\n\n\n<div class=\"wp-block-image\"><figure class=\"aligncenter size-full is-resized\"><img loading=\"lazy\" decoding=\"async\" src=\"https:\/\/pedagogie.ac-lille.fr\/metiers-btp\/wp-content\/uploads\/sites\/5\/2022\/05\/INTRO.jpg\" alt=\"\" class=\"wp-image-1804\" width=\"295\" height=\"169\" srcset=\"https:\/\/pedagogie.ac-lille.fr\/metiers-btp\/wp-content\/uploads\/sites\/5\/2022\/05\/INTRO.jpg 656w, https:\/\/pedagogie.ac-lille.fr\/metiers-btp\/wp-content\/uploads\/sites\/5\/2022\/05\/INTRO-300x172.jpg 300w\" sizes=\"auto, (max-width: 295px) 100vw, 295px\" \/><figcaption>Finale acad\u00e9mique &#8211; \u00e9dition 2022<\/figcaption><\/figure><\/div>\n\n\n\n<div class=\"wp-block-media-text alignwide is-stacked-on-mobile\" style=\"grid-template-columns:41% auto\"><figure class=\"wp-block-media-text__media\"><img loading=\"lazy\" decoding=\"async\" width=\"1024\" height=\"356\" src=\"https:\/\/pedagogie.ac-lille.fr\/metiers-btp\/wp-content\/uploads\/sites\/5\/2022\/05\/FFB-1024x356.png\" alt=\"\" class=\"wp-image-1798 size-full\" srcset=\"https:\/\/pedagogie.ac-lille.fr\/metiers-btp\/wp-content\/uploads\/sites\/5\/2022\/05\/FFB-1024x356.png 1024w, https:\/\/pedagogie.ac-lille.fr\/metiers-btp\/wp-content\/uploads\/sites\/5\/2022\/05\/FFB-300x104.png 300w, https:\/\/pedagogie.ac-lille.fr\/metiers-btp\/wp-content\/uploads\/sites\/5\/2022\/05\/FFB-768x267.png 768w, https:\/\/pedagogie.ac-lille.fr\/metiers-btp\/wp-content\/uploads\/sites\/5\/2022\/05\/FFB.png 1199w\" sizes=\"auto, (max-width: 1024px) 100vw, 1024px\" \/><\/figure><div class=\"wp-block-media-text__content\">\n<p class=\"has-background\" style=\"background-color:#cbf7f8;font-size:14px\">La finale du concours s&rsquo;est tenue au si\u00e8ge de la FFB, 270 boulevard Cl\u00e9menceau \u00e0 Marcq-en-Baroeul.<\/p>\n\n\n\n<p style=\"font-size:14px\">Un grand MERCI \u00e0 Madame VANOVERBERGHE et son \u00e9quipe pour l&rsquo;accueil et l&rsquo;organisation qui nous ont \u00e9t\u00e9 r\u00e9serv\u00e9s.<\/p>\n<\/div><\/div>\n\n\n\n<div class=\"wp-block-media-text alignwide has-media-on-the-right is-stacked-on-mobile\" style=\"grid-template-columns:auto 17%\"><figure class=\"wp-block-media-text__media\"><img loading=\"lazy\" decoding=\"async\" width=\"1024\" height=\"768\" src=\"https:\/\/pedagogie.ac-lille.fr\/metiers-btp\/wp-content\/uploads\/sites\/5\/2022\/05\/101_2863-1024x768.jpg\" alt=\"\" class=\"wp-image-1802 size-full\" srcset=\"https:\/\/pedagogie.ac-lille.fr\/metiers-btp\/wp-content\/uploads\/sites\/5\/2022\/05\/101_2863-1024x768.jpg 1024w, https:\/\/pedagogie.ac-lille.fr\/metiers-btp\/wp-content\/uploads\/sites\/5\/2022\/05\/101_2863-300x225.jpg 300w, https:\/\/pedagogie.ac-lille.fr\/metiers-btp\/wp-content\/uploads\/sites\/5\/2022\/05\/101_2863-768x576.jpg 768w, https:\/\/pedagogie.ac-lille.fr\/metiers-btp\/wp-content\/uploads\/sites\/5\/2022\/05\/101_2863-1536x1152.jpg 1536w, https:\/\/pedagogie.ac-lille.fr\/metiers-btp\/wp-content\/uploads\/sites\/5\/2022\/05\/101_2863-2048x1536.jpg 2048w\" sizes=\"auto, (max-width: 1024px) 100vw, 1024px\" \/><\/figure><div class=\"wp-block-media-text__content\">\n<p style=\"font-size:14px\">Les \u00e9quipes d&rsquo;\u00e9l\u00e8ves des \u00e9tablissements participants ont pu pr\u00e9senter au jury acad\u00e9mique leur projet qui les a mobilis\u00e9s durant une ann\u00e9e scolaire.<\/p>\n\n\n\n<p style=\"font-size:14px\">Le jury acad\u00e9mique a beaucoup appr\u00e9ci\u00e9 la qualit\u00e9 des productions \u00e9crites, de la pr\u00e9sentation des \u00e9quipes ainsi que des \u00e9changes.<\/p>\n\n\n\n<p class=\"has-background\" style=\"background-color:#f8f8cd;font-size:14px\">Les \u00e9l\u00e8ves peuvent \u00eatre fiers de leur prestation.<\/p>\n<\/div><\/div>\n\n\n\n<div class=\"wp-block-media-text alignwide is-stacked-on-mobile\" style=\"grid-template-columns:42% auto\"><figure class=\"wp-block-media-text__media\"><img loading=\"lazy\" decoding=\"async\" width=\"648\" height=\"344\" src=\"https:\/\/pedagogie.ac-lille.fr\/metiers-btp\/wp-content\/uploads\/sites\/5\/2022\/05\/TROPHEES.jpg\" alt=\"\" class=\"wp-image-1806 size-full\" srcset=\"https:\/\/pedagogie.ac-lille.fr\/metiers-btp\/wp-content\/uploads\/sites\/5\/2022\/05\/TROPHEES.jpg 648w, https:\/\/pedagogie.ac-lille.fr\/metiers-btp\/wp-content\/uploads\/sites\/5\/2022\/05\/TROPHEES-300x159.jpg 300w\" sizes=\"auto, (max-width: 648px) 100vw, 648px\" \/><\/figure><div class=\"wp-block-media-text__content\">\n<p style=\"font-size:14px\">Un grand MERCI \u00e9galement aux deux \u00e9tablissements qui ont r\u00e9alis\u00e9 les troph\u00e9es du concours :<\/p>\n\n\n\n<p class=\"has-light-green-cyan-background-color has-background\" style=\"font-size:14px\">le lyc\u00e9e professionnel Jules Verne d\u2019\u00c9taples et le lyc\u00e9e professionnel Auguste B\u00e9hal de Lens.  <\/p>\n<\/div><\/div>\n\n\n\n<div class=\"wp-block-media-text alignwide has-media-on-the-right is-stacked-on-mobile\" style=\"grid-template-columns:auto 15%\"><figure class=\"wp-block-media-text__media\"><img loading=\"lazy\" decoding=\"async\" width=\"169\" height=\"174\" src=\"https:\/\/pedagogie.ac-lille.fr\/metiers-btp\/wp-content\/uploads\/sites\/5\/2022\/05\/TROUSSE.png\" alt=\"\" class=\"wp-image-1810 size-full\" \/><\/figure><div class=\"wp-block-media-text__content\">\n<p style=\"font-size:14px\">Un grand MERCI \u00e9galement \u00e0 la cellule IDEE de la DRAFPIC et plus particuli\u00e8rement Madame CLERBOUT charg\u00e9 de suivi de projet IEE et Monsieur POULIQUEN Chef de projet IDEE.<\/p>\n\n\n\n<p class=\"has-pale-cyan-blue-background-color has-background\" style=\"font-size:14px\">La labellisation du concours \u00ab\u00a0TOP la vie dans mon lyc\u00e9e\u00a0\u00bb a permis \u00e0 chacun des participants de se voir offrir un sac, un cl\u00e9 USB et une trousse.<\/p>\n\n\n\n<p style=\"font-size:14px\">Les trajets \u00e9tablissements\/FFB ont \u00e9t\u00e9 pris en charge par le rectorat.<\/p>\n<\/div><\/div>\n\n\n\n<div class=\"wp-block-media-text alignwide is-stacked-on-mobile\" style=\"grid-template-columns:15% auto\"><figure class=\"wp-block-media-text__media\"><img loading=\"lazy\" decoding=\"async\" width=\"1024\" height=\"768\" src=\"https:\/\/pedagogie.ac-lille.fr\/metiers-btp\/wp-content\/uploads\/sites\/5\/2022\/05\/101_2857-1024x768.jpg\" alt=\"\" class=\"wp-image-1812 size-full\" srcset=\"https:\/\/pedagogie.ac-lille.fr\/metiers-btp\/wp-content\/uploads\/sites\/5\/2022\/05\/101_2857-1024x768.jpg 1024w, https:\/\/pedagogie.ac-lille.fr\/metiers-btp\/wp-content\/uploads\/sites\/5\/2022\/05\/101_2857-300x225.jpg 300w, https:\/\/pedagogie.ac-lille.fr\/metiers-btp\/wp-content\/uploads\/sites\/5\/2022\/05\/101_2857-768x576.jpg 768w, https:\/\/pedagogie.ac-lille.fr\/metiers-btp\/wp-content\/uploads\/sites\/5\/2022\/05\/101_2857-1536x1152.jpg 1536w, https:\/\/pedagogie.ac-lille.fr\/metiers-btp\/wp-content\/uploads\/sites\/5\/2022\/05\/101_2857-2048x1536.jpg 2048w\" sizes=\"auto, (max-width: 1024px) 100vw, 1024px\" \/><\/figure><div class=\"wp-block-media-text__content\">\n<p class=\"has-background\" style=\"background-color:#f7bbbb;font-size:14px\">Un grand MERCI au jury acad\u00e9mique !<\/p>\n\n\n\n<p style=\"font-size:14px\">Une \u00e9quipe dynamique et tr\u00e8s impliqu\u00e9e !<\/p>\n<\/div><\/div>\n\n\n\n<div class=\"wp-block-media-text alignwide has-media-on-the-right is-stacked-on-mobile has-white-color has-blush-bordeaux-gradient-background has-text-color has-background\" style=\"grid-template-columns:auto 15%\"><figure class=\"wp-block-media-text__media\"><img loading=\"lazy\" decoding=\"async\" width=\"1024\" height=\"768\" src=\"https:\/\/pedagogie.ac-lille.fr\/metiers-btp\/wp-content\/uploads\/sites\/5\/2022\/05\/101_2879-1-1024x768.jpg\" alt=\"\" class=\"wp-image-1814 size-full\" srcset=\"https:\/\/pedagogie.ac-lille.fr\/metiers-btp\/wp-content\/uploads\/sites\/5\/2022\/05\/101_2879-1-1024x768.jpg 1024w, https:\/\/pedagogie.ac-lille.fr\/metiers-btp\/wp-content\/uploads\/sites\/5\/2022\/05\/101_2879-1-300x225.jpg 300w, https:\/\/pedagogie.ac-lille.fr\/metiers-btp\/wp-content\/uploads\/sites\/5\/2022\/05\/101_2879-1-768x576.jpg 768w, https:\/\/pedagogie.ac-lille.fr\/metiers-btp\/wp-content\/uploads\/sites\/5\/2022\/05\/101_2879-1-1536x1152.jpg 1536w, https:\/\/pedagogie.ac-lille.fr\/metiers-btp\/wp-content\/uploads\/sites\/5\/2022\/05\/101_2879-1-2048x1536.jpg 2048w\" sizes=\"auto, (max-width: 1024px) 100vw, 1024px\" \/><\/figure><div class=\"wp-block-media-text__content\">\n<p style=\"font-size:14px\">La remise des troph\u00e9es s&rsquo;est d\u00e9roul\u00e9e dans la salle CARONI. Tr\u00e8s beau cadre pour la finale acad\u00e9mique !<\/p>\n<\/div><\/div>\n\n\n\n<div class=\"wp-block-media-text alignwide is-stacked-on-mobile\" style=\"grid-template-columns:15% auto\"><figure class=\"wp-block-media-text__media\"><img loading=\"lazy\" decoding=\"async\" width=\"1024\" height=\"768\" src=\"https:\/\/pedagogie.ac-lille.fr\/metiers-btp\/wp-content\/uploads\/sites\/5\/2022\/05\/101_2881-1024x768.jpg\" alt=\"\" class=\"wp-image-1817 size-full\" srcset=\"https:\/\/pedagogie.ac-lille.fr\/metiers-btp\/wp-content\/uploads\/sites\/5\/2022\/05\/101_2881-1024x768.jpg 1024w, https:\/\/pedagogie.ac-lille.fr\/metiers-btp\/wp-content\/uploads\/sites\/5\/2022\/05\/101_2881-300x225.jpg 300w, https:\/\/pedagogie.ac-lille.fr\/metiers-btp\/wp-content\/uploads\/sites\/5\/2022\/05\/101_2881-768x576.jpg 768w, https:\/\/pedagogie.ac-lille.fr\/metiers-btp\/wp-content\/uploads\/sites\/5\/2022\/05\/101_2881-1536x1152.jpg 1536w, https:\/\/pedagogie.ac-lille.fr\/metiers-btp\/wp-content\/uploads\/sites\/5\/2022\/05\/101_2881-2048x1536.jpg 2048w\" sizes=\"auto, (max-width: 1024px) 100vw, 1024px\" \/><\/figure><div class=\"wp-block-media-text__content\">\n<p class=\"has-background\" style=\"background-color:#d2e5e3;font-size:14px\">Un grand MERCI \u00e0 Monsieur Mathis DEBUY parrain du concours, \u00e9tudiant en MASTER Ing\u00e9nierie Num\u00e9rique Collaborative pour la Construction (IN2C) et Monsieur Laurent GIBELLO, Directeur g\u00e9n\u00e9ral d\u00e9l\u00e9gu\u00e9 de chez RAMERY qui ont remis les troph\u00e9es aux \u00e9quipes d&rsquo;\u00e9l\u00e8ves.<\/p>\n\n\n\n<p> <\/p>\n<\/div><\/div>\n\n\n\n<figure class=\"wp-block-image size-large is-resized\"><img loading=\"lazy\" decoding=\"async\" src=\"https:\/\/pedagogie.ac-lille.fr\/metiers-btp\/wp-content\/uploads\/sites\/5\/2022\/05\/realisme-1024x585.png\" alt=\"\" class=\"wp-image-1822\" width=\"405\" height=\"231\" srcset=\"https:\/\/pedagogie.ac-lille.fr\/metiers-btp\/wp-content\/uploads\/sites\/5\/2022\/05\/realisme-1024x585.png 1024w, https:\/\/pedagogie.ac-lille.fr\/metiers-btp\/wp-content\/uploads\/sites\/5\/2022\/05\/realisme-300x171.png 300w, https:\/\/pedagogie.ac-lille.fr\/metiers-btp\/wp-content\/uploads\/sites\/5\/2022\/05\/realisme-768x439.png 768w, https:\/\/pedagogie.ac-lille.fr\/metiers-btp\/wp-content\/uploads\/sites\/5\/2022\/05\/realisme.png 1050w\" sizes=\"auto, (max-width: 405px) 100vw, 405px\" \/><\/figure>\n\n\n\n<figure class=\"wp-block-image size-large is-resized\"><img loading=\"lazy\" decoding=\"async\" src=\"https:\/\/pedagogie.ac-lille.fr\/metiers-btp\/wp-content\/uploads\/sites\/5\/2022\/05\/TropheeS-TOP3-DOSSIER-PRO-1-1-1024x585.png\" alt=\"\" class=\"wp-image-1830\" width=\"404\" height=\"230\" srcset=\"https:\/\/pedagogie.ac-lille.fr\/metiers-btp\/wp-content\/uploads\/sites\/5\/2022\/05\/TropheeS-TOP3-DOSSIER-PRO-1-1-1024x585.png 1024w, https:\/\/pedagogie.ac-lille.fr\/metiers-btp\/wp-content\/uploads\/sites\/5\/2022\/05\/TropheeS-TOP3-DOSSIER-PRO-1-1-300x171.png 300w, https:\/\/pedagogie.ac-lille.fr\/metiers-btp\/wp-content\/uploads\/sites\/5\/2022\/05\/TropheeS-TOP3-DOSSIER-PRO-1-1-768x439.png 768w, https:\/\/pedagogie.ac-lille.fr\/metiers-btp\/wp-content\/uploads\/sites\/5\/2022\/05\/TropheeS-TOP3-DOSSIER-PRO-1-1.png 1050w\" sizes=\"auto, (max-width: 404px) 100vw, 404px\" \/><\/figure>\n\n\n\n<figure class=\"wp-block-image size-large is-resized\"><img loading=\"lazy\" decoding=\"async\" src=\"https:\/\/pedagogie.ac-lille.fr\/metiers-btp\/wp-content\/uploads\/sites\/5\/2022\/05\/Trophee-FAMILLE-Metiers-1024x585.png\" alt=\"\" class=\"wp-image-1826\" width=\"404\" height=\"230\" srcset=\"https:\/\/pedagogie.ac-lille.fr\/metiers-btp\/wp-content\/uploads\/sites\/5\/2022\/05\/Trophee-FAMILLE-Metiers-1024x585.png 1024w, https:\/\/pedagogie.ac-lille.fr\/metiers-btp\/wp-content\/uploads\/sites\/5\/2022\/05\/Trophee-FAMILLE-Metiers-300x171.png 300w, https:\/\/pedagogie.ac-lille.fr\/metiers-btp\/wp-content\/uploads\/sites\/5\/2022\/05\/Trophee-FAMILLE-Metiers-768x439.png 768w, https:\/\/pedagogie.ac-lille.fr\/metiers-btp\/wp-content\/uploads\/sites\/5\/2022\/05\/Trophee-FAMILLE-Metiers.png 1050w\" sizes=\"auto, (max-width: 404px) 100vw, 404px\" \/><\/figure>\n\n\n\n<figure class=\"wp-block-image size-large is-resized\"><img loading=\"lazy\" decoding=\"async\" src=\"https:\/\/pedagogie.ac-lille.fr\/metiers-btp\/wp-content\/uploads\/sites\/5\/2022\/05\/Trophee-COUP-DE-COEUR-DU-JURY-1024x585.png\" alt=\"\" class=\"wp-image-1828\" width=\"403\" height=\"229\" srcset=\"https:\/\/pedagogie.ac-lille.fr\/metiers-btp\/wp-content\/uploads\/sites\/5\/2022\/05\/Trophee-COUP-DE-COEUR-DU-JURY-1024x585.png 1024w, https:\/\/pedagogie.ac-lille.fr\/metiers-btp\/wp-content\/uploads\/sites\/5\/2022\/05\/Trophee-COUP-DE-COEUR-DU-JURY-300x171.png 300w, https:\/\/pedagogie.ac-lille.fr\/metiers-btp\/wp-content\/uploads\/sites\/5\/2022\/05\/Trophee-COUP-DE-COEUR-DU-JURY-768x439.png 768w, https:\/\/pedagogie.ac-lille.fr\/metiers-btp\/wp-content\/uploads\/sites\/5\/2022\/05\/Trophee-COUP-DE-COEUR-DU-JURY.png 1050w\" sizes=\"auto, (max-width: 403px) 100vw, 403px\" \/><\/figure>\n\n\n\n<figure class=\"wp-block-image size-large is-resized\"><img loading=\"lazy\" decoding=\"async\" src=\"https:\/\/pedagogie.ac-lille.fr\/metiers-btp\/wp-content\/uploads\/sites\/5\/2022\/05\/Les-equipes-lp-F.TRISTAN-LP-LE-CARON-1024x585.png\" alt=\"\" class=\"wp-image-1831\" width=\"402\" height=\"229\" srcset=\"https:\/\/pedagogie.ac-lille.fr\/metiers-btp\/wp-content\/uploads\/sites\/5\/2022\/05\/Les-equipes-lp-F.TRISTAN-LP-LE-CARON-1024x585.png 1024w, https:\/\/pedagogie.ac-lille.fr\/metiers-btp\/wp-content\/uploads\/sites\/5\/2022\/05\/Les-equipes-lp-F.TRISTAN-LP-LE-CARON-300x171.png 300w, https:\/\/pedagogie.ac-lille.fr\/metiers-btp\/wp-content\/uploads\/sites\/5\/2022\/05\/Les-equipes-lp-F.TRISTAN-LP-LE-CARON-768x439.png 768w, https:\/\/pedagogie.ac-lille.fr\/metiers-btp\/wp-content\/uploads\/sites\/5\/2022\/05\/Les-equipes-lp-F.TRISTAN-LP-LE-CARON.png 1050w\" sizes=\"auto, (max-width: 402px) 100vw, 402px\" \/><\/figure>\n\n\n\n<h2 class=\"has-text-align-center wp-block-heading\">Bravo \u00e0 tous<\/h2>\n\n\n\n<p><\/p>\n","protected":false},"excerpt":{"rendered":"<p>Jeudi 19 mai 2022 La finale du concours s&rsquo;est tenue au si\u00e8ge de la FFB, 270 boulevard Cl\u00e9menceau \u00e0 Marcq-en-Baroeul. Un grand MERCI \u00e0 Madame VANOVERBERGHE et son \u00e9quipe pour l&rsquo;accueil et l&rsquo;organisation qui nous ont \u00e9t\u00e9 r\u00e9serv\u00e9s. Les \u00e9quipes d&rsquo;\u00e9l\u00e8ves des \u00e9tablissements participants ont pu pr\u00e9senter au jury acad\u00e9mique leur projet qui les a [&hellip;]<\/p>\n","protected":false},"author":13,"featured_media":0,"parent":0,"menu_order":0,"comment_status":"closed","ping_status":"closed","template":"","meta":{"ngg_post_thumbnail":0,"footnotes":""},"class_list":["post-1796","page","type-page","status-publish","czr-hentry"],"publishpress_future_action":{"enabled":false,"date":"2026-04-28 20:10:29","action":"change-status","newStatus":"draft","terms":[],"taxonomy":"","extraData":[]},"publishpress_future_workflow_manual_trigger":{"enabledWorkflows":[]},"_links":{"self":[{"href":"https:\/\/pedagogie.ac-lille.fr\/metiers-btp\/wp-json\/wp\/v2\/pages\/1796","targetHints":{"allow":["GET"]}}],"collection":[{"href":"https:\/\/pedagogie.ac-lille.fr\/metiers-btp\/wp-json\/wp\/v2\/pages"}],"about":[{"href":"https:\/\/pedagogie.ac-lille.fr\/metiers-btp\/wp-json\/wp\/v2\/types\/page"}],"author":[{"embeddable":true,"href":"https:\/\/pedagogie.ac-lille.fr\/metiers-btp\/wp-json\/wp\/v2\/users\/13"}],"replies":[{"embeddable":true,"href":"https:\/\/pedagogie.ac-lille.fr\/metiers-btp\/wp-json\/wp\/v2\/comments?post=1796"}],"version-history":[{"count":20,"href":"https:\/\/pedagogie.ac-lille.fr\/metiers-btp\/wp-json\/wp\/v2\/pages\/1796\/revisions"}],"predecessor-version":[{"id":1833,"href":"https:\/\/pedagogie.ac-lille.fr\/metiers-btp\/wp-json\/wp\/v2\/pages\/1796\/revisions\/1833"}],"wp:attachment":[{"href":"https:\/\/pedagogie.ac-lille.fr\/metiers-btp\/wp-json\/wp\/v2\/media?parent=1796"}],"curies":[{"name":"wp","href":"https:\/\/api.w.org\/{rel}","templated":true}]}}