{"id":1937,"date":"2022-09-12T16:15:41","date_gmt":"2022-09-12T14:15:41","guid":{"rendered":"https:\/\/pedagogie.ac-lille.fr\/metiers-btp\/?page_id=1937"},"modified":"2023-05-28T18:54:42","modified_gmt":"2023-05-28T16:54:42","slug":"emnb-concours-edition-2023","status":"publish","type":"page","link":"https:\/\/pedagogie.ac-lille.fr\/metiers-btp\/emnb-concours-edition-2023\/","title":{"rendered":"EMNB &#8211; Concours &#8211; \u00e9dition 2023"},"content":{"rendered":"\n<p style=\"font-size:16px\">J&rsquo;ai le plaisir de reconduire le concours \u00ab\u00a0TOP la vie dans mon lyc\u00e9e\u00a0\u00bb pour une \u00e9dition 2023. Que cette ann\u00e9e soit empreinte d&rsquo;\u00e9changes, d&rsquo;esprit d&rsquo;\u00e9quipe, d&rsquo;innovation et de dynamisme acad\u00e9mique.<\/p>\n\n\n\n<p style=\"font-size:16px\">Mes remerciements \u00e0 Monsieur Thierry Koscielniak Directeur national du num\u00e9rique du Conservatoire National des Arts et M\u00e9tiers \u00e0 Paris qui parraine l&rsquo;\u00e9dition 2023. <\/p>\n\n\n\n<p class=\"has-pale-cyan-blue-background-color has-background\" style=\"font-size:16px\">Monsieur Koscielniak a tenu particuli\u00e8rement \u00e0 adresser un mot \u00e0 l&rsquo;ensemble des participants :<\/p>\n\n\n\n<p class=\"has-pale-cyan-blue-background-color has-background\" style=\"font-size:16px\">\u00ab Parrainer ce challenge de l&rsquo;Acad\u00e9mie de Lille, r\u00e9gion des Hauts de France, me rappelle les excellents souvenirs de ma premi\u00e8re ann\u00e9e de professeur stagiaire \u00e0 Douai.&nbsp;<\/p>\n\n\n\n<p class=\"has-pale-cyan-blue-background-color has-background\" style=\"font-size:16px\">Je suivrai avec attention les projets d\u00e9pos\u00e9s et serai au rendez vous du 11 mai pour rencontrer les \u00e9quipes participantes. D\u2019ici l\u00e0, je souhaite un tr\u00e8s bon travail d\u2019\u00e9quipe \u00e0 tous. \u00bb<\/p>\n\n\n\n<p style=\"font-size:16px\">Mes remerciements \u00e9galement aux diff\u00e9rents partenaires qui concourent \u00e0 favoriser la r\u00e9ussite de l&rsquo;action : le LPP Sainte Marie de Bailleul pour l&rsquo;accueil de la finale acad\u00e9mique, les \u00e9tablissements des fili\u00e8res professionnelles de la menuiserie aluminium verre et de l&rsquo;ouvrage du b\u00e2timent m\u00e9tallerie pour la r\u00e9alisation des troph\u00e9es, la DRAFPIC pour le label IDEE qui permet d&rsquo;accompagner les \u00e9tablissements dans le transport et l&rsquo;attribution de r\u00e9compenses ainsi que les branches professionnelles pour leur soutien.<\/p>\n\n\n\n<p style=\"font-size:16px\">Au plaisir de d\u00e9couvrir les projets de l&rsquo;\u00e9dition 2023.<\/p>\n\n\n\n<p style=\"font-size:16px\">Sandrine Mykaj &#8211; IEN ET STI<\/p>\n\n\n\n<p><\/p>\n\n\n\n<div class=\"wp-block-media-text alignwide is-stacked-on-mobile is-vertically-aligned-center\" style=\"grid-template-columns:27% auto\"><figure class=\"wp-block-media-text__media\"><img loading=\"lazy\" decoding=\"async\" width=\"345\" height=\"484\" src=\"https:\/\/pedagogie.ac-lille.fr\/metiers-btp\/wp-content\/uploads\/sites\/5\/2022\/09\/JUMEAU-NUMERIQUE.jpg\" alt=\"\" class=\"wp-image-1973 size-full\" srcset=\"https:\/\/pedagogie.ac-lille.fr\/metiers-btp\/wp-content\/uploads\/sites\/5\/2022\/09\/JUMEAU-NUMERIQUE.jpg 345w, https:\/\/pedagogie.ac-lille.fr\/metiers-btp\/wp-content\/uploads\/sites\/5\/2022\/09\/JUMEAU-NUMERIQUE-214x300.jpg 214w\" sizes=\"auto, (max-width: 345px) 100vw, 345px\" \/><\/figure><div class=\"wp-block-media-text__content\">\n<p style=\"font-size:14px\">D\u00e9couvrir <a href=\"http:\/\/cro-ce-medias.discipline.ac-lille.fr\/acces-restreint\/FAMILLE_MEMNB\/CONCOURS\/AFFICHE%202023%20PARRAIN.pdf\" data-type=\"URL\" data-id=\"http:\/\/cro-ce-medias.discipline.ac-lille.fr\/acces-restreint\/FAMILLE_MEMNB\/CONCOURS\/AFFICHE%202023%20PARRAIN.pdf\" target=\"_blank\" rel=\"noreferrer noopener\">l&rsquo;affiche \u00ab\u00a0TOP la vie dans mon lyc\u00e9e &#8211; \u00e9dition 2023\u00a0\u00bb<\/a><\/p>\n\n\n\n<p><\/p>\n<\/div><\/div>\n\n\n\n<div class=\"wp-block-media-text alignwide is-stacked-on-mobile\" style=\"grid-template-columns:35% auto\"><figure class=\"wp-block-media-text__media\"><img loading=\"lazy\" decoding=\"async\" width=\"1024\" height=\"720\" src=\"https:\/\/pedagogie.ac-lille.fr\/metiers-btp\/wp-content\/uploads\/sites\/5\/2022\/09\/reglement_page1-1024x720.jpg\" alt=\"\" class=\"wp-image-1940 size-full\" srcset=\"https:\/\/pedagogie.ac-lille.fr\/metiers-btp\/wp-content\/uploads\/sites\/5\/2022\/09\/reglement_page1-1024x720.jpg 1024w, https:\/\/pedagogie.ac-lille.fr\/metiers-btp\/wp-content\/uploads\/sites\/5\/2022\/09\/reglement_page1-300x211.jpg 300w, https:\/\/pedagogie.ac-lille.fr\/metiers-btp\/wp-content\/uploads\/sites\/5\/2022\/09\/reglement_page1-768x540.jpg 768w, https:\/\/pedagogie.ac-lille.fr\/metiers-btp\/wp-content\/uploads\/sites\/5\/2022\/09\/reglement_page1.jpg 1155w\" sizes=\"auto, (max-width: 1024px) 100vw, 1024px\" \/><\/figure><div class=\"wp-block-media-text__content\">\n<p style=\"font-size:14px\">D\u00e9couvrir <a href=\"http:\/\/cro-ce-medias.discipline.ac-lille.fr\/acces-restreint\/FAMILLE_MEMNB\/CONCOURS\/r%C3%A8glement_edition2023.pdf\" data-type=\"URL\" data-id=\"http:\/\/cro-ce-medias.discipline.ac-lille.fr\/acces-restreint\/FAMILLE_MEMNB\/CONCOURS\/r%C3%A8glement_edition2023.pdf\" target=\"_blank\" rel=\"noreferrer noopener\">le r\u00e8glement du concours \u00e9dition 2023.<\/a> <\/p>\n\n\n\n<p style=\"font-size:14px\">Les fondements du concours sont r\u00e9affirm\u00e9s mais des nouveaut\u00e9s sont introduites.<\/p>\n<\/div><\/div>\n\n\n\n<div class=\"wp-block-media-text alignwide is-stacked-on-mobile\" style=\"grid-template-columns:35% auto\"><figure class=\"wp-block-media-text__media\"><img loading=\"lazy\" decoding=\"async\" width=\"1024\" height=\"706\" src=\"https:\/\/pedagogie.ac-lille.fr\/metiers-btp\/wp-content\/uploads\/sites\/5\/2022\/09\/ANNEXE-2023-1024x706.jpg\" alt=\"\" class=\"wp-image-1943 size-full\" srcset=\"https:\/\/pedagogie.ac-lille.fr\/metiers-btp\/wp-content\/uploads\/sites\/5\/2022\/09\/ANNEXE-2023-1024x706.jpg 1024w, https:\/\/pedagogie.ac-lille.fr\/metiers-btp\/wp-content\/uploads\/sites\/5\/2022\/09\/ANNEXE-2023-300x207.jpg 300w, https:\/\/pedagogie.ac-lille.fr\/metiers-btp\/wp-content\/uploads\/sites\/5\/2022\/09\/ANNEXE-2023-768x530.jpg 768w, https:\/\/pedagogie.ac-lille.fr\/metiers-btp\/wp-content\/uploads\/sites\/5\/2022\/09\/ANNEXE-2023.jpg 1163w\" sizes=\"auto, (max-width: 1024px) 100vw, 1024px\" \/><\/figure><div class=\"wp-block-media-text__content\">\n<p style=\"font-size:14px\">D\u00e9couvrir <a href=\"http:\/\/cro-ce-medias.discipline.ac-lille.fr\/acces-restreint\/FAMILLE_MEMNB\/CONCOURS\/annexe_reglement_concours_edition%202023.pdf\" target=\"_blank\" rel=\"noreferrer noopener\">l&rsquo;annexe du concours \u00e9dition 2023<\/a>.<\/p>\n<\/div><\/div>\n\n\n<div class=\"wp-block-image\">\n<figure class=\"aligncenter size-large is-resized\"><img loading=\"lazy\" decoding=\"async\" src=\"https:\/\/pedagogie.ac-lille.fr\/metiers-btp\/wp-content\/uploads\/sites\/5\/2022\/09\/a-vos-crayons-1-1-724x1024.png\" alt=\"\" class=\"wp-image-1963\" width=\"229\" height=\"323\" srcset=\"https:\/\/pedagogie.ac-lille.fr\/metiers-btp\/wp-content\/uploads\/sites\/5\/2022\/09\/a-vos-crayons-1-1-724x1024.png 724w, https:\/\/pedagogie.ac-lille.fr\/metiers-btp\/wp-content\/uploads\/sites\/5\/2022\/09\/a-vos-crayons-1-1-212x300.png 212w, https:\/\/pedagogie.ac-lille.fr\/metiers-btp\/wp-content\/uploads\/sites\/5\/2022\/09\/a-vos-crayons-1-1-768x1086.png 768w, https:\/\/pedagogie.ac-lille.fr\/metiers-btp\/wp-content\/uploads\/sites\/5\/2022\/09\/a-vos-crayons-1-1-1086x1536.png 1086w, https:\/\/pedagogie.ac-lille.fr\/metiers-btp\/wp-content\/uploads\/sites\/5\/2022\/09\/a-vos-crayons-1-1-1448x2048.png 1448w, https:\/\/pedagogie.ac-lille.fr\/metiers-btp\/wp-content\/uploads\/sites\/5\/2022\/09\/a-vos-crayons-1-1.png 1587w\" sizes=\"auto, (max-width: 229px) 100vw, 229px\" \/><\/figure>\n<\/div>\n\n\n<h5 class=\"wp-block-heading has-text-align-center\">Une ann\u00e9e scolaire \u00e0 travailler sur le projet et nous voici le jour de la finale &#8230;<\/h5>\n\n\n<div class=\"wp-block-image\">\n<figure class=\"aligncenter size-large is-resized\"><img loading=\"lazy\" decoding=\"async\" src=\"https:\/\/pedagogie.ac-lille.fr\/metiers-btp\/wp-content\/uploads\/sites\/5\/2023\/05\/affiche_RVB-1_pages-to-jpg-0001-724x1024.jpg\" alt=\"\" class=\"wp-image-2536\" width=\"287\" height=\"406\" srcset=\"https:\/\/pedagogie.ac-lille.fr\/metiers-btp\/wp-content\/uploads\/sites\/5\/2023\/05\/affiche_RVB-1_pages-to-jpg-0001-724x1024.jpg 724w, https:\/\/pedagogie.ac-lille.fr\/metiers-btp\/wp-content\/uploads\/sites\/5\/2023\/05\/affiche_RVB-1_pages-to-jpg-0001-212x300.jpg 212w, https:\/\/pedagogie.ac-lille.fr\/metiers-btp\/wp-content\/uploads\/sites\/5\/2023\/05\/affiche_RVB-1_pages-to-jpg-0001-768x1086.jpg 768w, https:\/\/pedagogie.ac-lille.fr\/metiers-btp\/wp-content\/uploads\/sites\/5\/2023\/05\/affiche_RVB-1_pages-to-jpg-0001-1086x1536.jpg 1086w, https:\/\/pedagogie.ac-lille.fr\/metiers-btp\/wp-content\/uploads\/sites\/5\/2023\/05\/affiche_RVB-1_pages-to-jpg-0001-1448x2048.jpg 1448w, https:\/\/pedagogie.ac-lille.fr\/metiers-btp\/wp-content\/uploads\/sites\/5\/2023\/05\/affiche_RVB-1_pages-to-jpg-0001.jpg 1754w\" sizes=\"auto, (max-width: 287px) 100vw, 287px\" \/><\/figure>\n<\/div>\n\n\n<p class=\"has-text-align-center\">REMERCIEMENTS<\/p>\n\n\n\n<p class=\"has-text-align-center\">Mes vifs remerciements \u00e0 Monsieur DOUBLET Directeur du LPP Sainte Marie de Bailleul et son \u00e9quipe de direction d&rsquo;avoir accueilli la finale acad\u00e9mique \u00ab\u00a0TOP la vie dans mon lyc\u00e9e &#8211; \u00e9dition 2023\u00a0\u00bb et plus particuli\u00e8rement \u00e0 Monsieur NISON Matthieu enseignant pour le travail consid\u00e9rable men\u00e9.<\/p>\n\n\n\n<p class=\"has-text-align-center\">Merci et bravo aux \u00e9quipes enseignantes et d&rsquo;\u00e9l\u00e8ves des fili\u00e8res professionnelles des m\u00e9tiers de l&rsquo;accueil, d&rsquo;art floral, des arts graphiques et signal\u00e9tiques, menuiserie et h\u00f4tellerie-restauration du LPP Sainte Marie qui ont permis d&rsquo;accueillir les participants dans un cadre chaleureux et professionnel. <\/p>\n\n\n\n<p class=\"has-text-align-center\">Merci \u00e0 Monsieur COUSQUER Christian, Chef de projet et ing\u00e9nieur pour l&rsquo;enseignement du num\u00e9rique \u00e0 la direction des usages du num\u00e9rique au CNAM de Paris repr\u00e9sentant de Monsieur KOCIELNIAK, de nous avoir fait l&rsquo;honneur de parrainer le concours et de participer \u00e0 la finale.<\/p>\n\n\n\n<p class=\"has-text-align-center\">Merci et bravo aux \u00e9quipes enseignantes et d&rsquo;\u00e9l\u00e8ves de la fili\u00e8re \u00ab\u00a0ouvrages du b\u00e2timent : m\u00e9tallerie\u00a0\u00bb de l&rsquo;acad\u00e9mie qui ont r\u00e9alis\u00e9 les troph\u00e9es.<br>Troph\u00e9es \u00ab\u00a0Famille des m\u00e9tiers\u00a0\u00bb, \u00ab\u00a0Meilleur r\u00e9alisme\u00a0\u00bb et les 3 \u00ab\u00a0TOP dossier PRO\u00a0\u00bb r\u00e9alis\u00e9s par le LP J.Curie de Oignies, le troph\u00e9e \u00a0\u00bb TOP la vie dans mon lyc\u00e9e\u00a0\u00bb r\u00e9alis\u00e9 par le LP Voltaire de Wingles et le troph\u00e9e \u00ab\u00a0Coup de coeur\u00a0\u00bb r\u00e9alis\u00e9 par le LP P.J.Laurent d&rsquo;Aniche.<\/p>\n\n\n\n<p class=\"has-text-align-center\">Merci au dispositif IDEE pour le financement des goodies et la logistique des transports.<\/p>\n\n\n\n<p class=\"has-text-align-center\">Merci au jury acad\u00e9mique qui s&rsquo;implique \u00e0 mes c\u00f4t\u00e9s sur le concours depuis 3 ans.<\/p>\n\n\n\n<p class=\"has-text-align-center\">Merci \u00e0 l&rsquo;ensemble des \u00e9tablissements participants qui ont montr\u00e9 des productions \u00e9crites, num\u00e9riques et physiques de grande qualit\u00e9. <\/p>\n\n\n\n<p class=\"has-text-align-center\">Un comit\u00e9 de pilotage, un \u00e9tablissement d&rsquo;accueil de la finale, des \u00e9quipes enseignantes et d&rsquo;\u00e9l\u00e8ves, un jury acad\u00e9mique et un appui logistique, tous impliqu\u00e9s et avec la volont\u00e9 de partager, \u00e9changer, s&rsquo;entraider et pr\u00e9senter son savoir-faire, en r\u00e9sum\u00e9 : UNE TRES BELLE JOURNEE !<\/p>\n\n\n\n<p class=\"has-text-align-center\"><br>Au plaisir de vous retrouver pour l&rsquo;\u00e9dition 2024<br>Avec mes cordiales salutations<\/p>\n\n\n\n<p class=\"has-text-align-center\">S.Mykaj &#8211; IEN ET STI<\/p>\n\n\n<div class=\"wp-block-image\">\n<figure class=\"aligncenter size-large is-resized\"><img loading=\"lazy\" decoding=\"async\" src=\"https:\/\/pedagogie.ac-lille.fr\/metiers-btp\/wp-content\/uploads\/sites\/5\/2023\/05\/finale_11_mai_retrospective_pages-to-jpg-0001-1-1024x724.jpg\" alt=\"\" class=\"wp-image-2533\" width=\"662\" height=\"468\" srcset=\"https:\/\/pedagogie.ac-lille.fr\/metiers-btp\/wp-content\/uploads\/sites\/5\/2023\/05\/finale_11_mai_retrospective_pages-to-jpg-0001-1-1024x724.jpg 1024w, https:\/\/pedagogie.ac-lille.fr\/metiers-btp\/wp-content\/uploads\/sites\/5\/2023\/05\/finale_11_mai_retrospective_pages-to-jpg-0001-1-300x212.jpg 300w, https:\/\/pedagogie.ac-lille.fr\/metiers-btp\/wp-content\/uploads\/sites\/5\/2023\/05\/finale_11_mai_retrospective_pages-to-jpg-0001-1-768x543.jpg 768w, https:\/\/pedagogie.ac-lille.fr\/metiers-btp\/wp-content\/uploads\/sites\/5\/2023\/05\/finale_11_mai_retrospective_pages-to-jpg-0001-1-1536x1087.jpg 1536w, https:\/\/pedagogie.ac-lille.fr\/metiers-btp\/wp-content\/uploads\/sites\/5\/2023\/05\/finale_11_mai_retrospective_pages-to-jpg-0001-1-2048x1449.jpg 2048w\" sizes=\"auto, (max-width: 662px) 100vw, 662px\" \/><\/figure>\n<\/div>\n\n<div class=\"wp-block-image\">\n<figure class=\"aligncenter size-large is-resized\"><img loading=\"lazy\" decoding=\"async\" src=\"https:\/\/pedagogie.ac-lille.fr\/metiers-btp\/wp-content\/uploads\/sites\/5\/2023\/05\/finale_11_mai_retrospective_pages-to-jpg-0002-1-1024x724.jpg\" alt=\"\" class=\"wp-image-2534\" width=\"664\" height=\"468\" srcset=\"https:\/\/pedagogie.ac-lille.fr\/metiers-btp\/wp-content\/uploads\/sites\/5\/2023\/05\/finale_11_mai_retrospective_pages-to-jpg-0002-1-1024x724.jpg 1024w, https:\/\/pedagogie.ac-lille.fr\/metiers-btp\/wp-content\/uploads\/sites\/5\/2023\/05\/finale_11_mai_retrospective_pages-to-jpg-0002-1-300x212.jpg 300w, https:\/\/pedagogie.ac-lille.fr\/metiers-btp\/wp-content\/uploads\/sites\/5\/2023\/05\/finale_11_mai_retrospective_pages-to-jpg-0002-1-768x543.jpg 768w\" sizes=\"auto, (max-width: 664px) 100vw, 664px\" \/><\/figure>\n<\/div>","protected":false},"excerpt":{"rendered":"<p>J&rsquo;ai le plaisir de reconduire le concours \u00ab\u00a0TOP la vie dans mon lyc\u00e9e\u00a0\u00bb pour une \u00e9dition 2023. Que cette ann\u00e9e soit empreinte d&rsquo;\u00e9changes, d&rsquo;esprit d&rsquo;\u00e9quipe, d&rsquo;innovation et de dynamisme acad\u00e9mique. Mes remerciements \u00e0 Monsieur Thierry Koscielniak Directeur national du num\u00e9rique du Conservatoire National des Arts et M\u00e9tiers \u00e0 Paris qui parraine l&rsquo;\u00e9dition 2023. Monsieur Koscielniak [&hellip;]<\/p>\n","protected":false},"author":13,"featured_media":0,"parent":0,"menu_order":0,"comment_status":"closed","ping_status":"closed","template":"","meta":{"ngg_post_thumbnail":0,"footnotes":""},"class_list":["post-1937","page","type-page","status-publish","czr-hentry"],"publishpress_future_action":{"enabled":false,"date":"2026-04-28 20:10:29","action":"change-status","newStatus":"draft","terms":[],"taxonomy":"","extraData":[]},"publishpress_future_workflow_manual_trigger":{"enabledWorkflows":[]},"_links":{"self":[{"href":"https:\/\/pedagogie.ac-lille.fr\/metiers-btp\/wp-json\/wp\/v2\/pages\/1937","targetHints":{"allow":["GET"]}}],"collection":[{"href":"https:\/\/pedagogie.ac-lille.fr\/metiers-btp\/wp-json\/wp\/v2\/pages"}],"about":[{"href":"https:\/\/pedagogie.ac-lille.fr\/metiers-btp\/wp-json\/wp\/v2\/types\/page"}],"author":[{"embeddable":true,"href":"https:\/\/pedagogie.ac-lille.fr\/metiers-btp\/wp-json\/wp\/v2\/users\/13"}],"replies":[{"embeddable":true,"href":"https:\/\/pedagogie.ac-lille.fr\/metiers-btp\/wp-json\/wp\/v2\/comments?post=1937"}],"version-history":[{"count":32,"href":"https:\/\/pedagogie.ac-lille.fr\/metiers-btp\/wp-json\/wp\/v2\/pages\/1937\/revisions"}],"predecessor-version":[{"id":2556,"href":"https:\/\/pedagogie.ac-lille.fr\/metiers-btp\/wp-json\/wp\/v2\/pages\/1937\/revisions\/2556"}],"wp:attachment":[{"href":"https:\/\/pedagogie.ac-lille.fr\/metiers-btp\/wp-json\/wp\/v2\/media?parent=1937"}],"curies":[{"name":"wp","href":"https:\/\/api.w.org\/{rel}","templated":true}]}}