{"id":2213,"date":"2022-11-18T15:24:27","date_gmt":"2022-11-18T14:24:27","guid":{"rendered":"https:\/\/pedagogie.ac-lille.fr\/metiers-btp\/?page_id=2213"},"modified":"2022-11-23T16:47:30","modified_gmt":"2022-11-23T15:47:30","slug":"relation-ecole-entreprise","status":"publish","type":"page","link":"https:\/\/pedagogie.ac-lille.fr\/metiers-btp\/relation-ecole-entreprise\/","title":{"rendered":"Relation \u00e9cole\/entreprise"},"content":{"rendered":"\n<p class=\"has-white-color has-black-background-color has-text-color has-background\" style=\"font-size:18px\">Journ\u00e9es techniques<\/p>\n\n\n\n<p>Le maintien et l&rsquo;actualisation des connaissances et des comp\u00e9tences des professeurs de lyc\u00e9e professionnel s&rsquo;appuient sur notamment les formations du <strong>Plan Acad\u00e9mique de Formation<\/strong>, les stages propos\u00e9es par le <strong>Centre d\u2019Etudes et de Formation en Partenariat avec les Entreprises et les Professions (CEFPEP)<\/strong> mais aussi sur les <strong>temps de formation en entreprise \u00e0 l&rsquo;initiative de nos \u00e9tablissements en acad\u00e9mie<\/strong>.<\/p>\n\n\n\n<p class=\"has-black-color has-text-color has-background\" style=\"background-color:#f19595;font-size:16px\">Entreprise partenaire : PERI<\/p>\n\n\n\n<p class=\"has-luminous-vivid-orange-color has-text-color\" style=\"font-size:16px\"><strong>Date : <\/strong><\/p>\n\n\n\n<p style=\"font-size:16px\">jeudi 17 novembre 2022<\/p>\n\n\n\n<p class=\"has-luminous-vivid-orange-color has-text-color\" style=\"font-size:16px\"><strong>Lieu : <\/strong><\/p>\n\n\n\n<p class=\"has-black-color has-text-color\" style=\"font-size:16px\">PERI France &#8211; Zone Industrielle Nord, 34-36 Rue des Fr\u00e8res Lumi\u00e8re, 77100 Meaux<\/p>\n\n\n\n<p class=\"has-luminous-vivid-orange-color has-text-color\" style=\"font-size:16px\"><strong>Programme de la journ\u00e9e :<\/strong><\/p>\n\n\n\n<p style=\"font-size:16px\">Le programme de la journ\u00e9e reposait sur les probl\u00e9matiques suivantes : comment l\u2019entreprise PERI France int\u00e8gre dans sa politique de d\u00e9veloppement les enjeux de la transition num\u00e9rique&nbsp;? comment l\u2019entreprise PERI France int\u00e8gre dans sa politique de d\u00e9veloppement les enjeux environnementaux&nbsp;? comment l\u2019entreprise PERI France s\u2019engage-t-elle pour la sant\u00e9 et la s\u00e9curit\u00e9 des travailleurs de la fili\u00e8re gros-\u0153uvre&nbsp;?<\/p>\n\n\n\n<p class=\"has-luminous-vivid-orange-color has-text-color\" style=\"font-size:16px\"><strong>\u00c9tablissement support de l&rsquo;action :<\/strong> <\/p>\n\n\n\n<figure class=\"wp-block-image size-full\"><img loading=\"lazy\" decoding=\"async\" width=\"207\" height=\"79\" src=\"https:\/\/pedagogie.ac-lille.fr\/metiers-btp\/wp-content\/uploads\/sites\/5\/2022\/11\/CAMBRAI-1.jpg\" alt=\"\" class=\"wp-image-2223\" \/><\/figure>\n\n\n\n<p class=\"has-luminous-vivid-orange-color has-text-color\" style=\"font-size:16px\"><strong>Comit\u00e9 d&rsquo;organisation de l&rsquo;action : <\/strong><\/p>\n\n\n\n<p style=\"font-size:16px\">Ludovic POIRRIER Directeur D\u00e9l\u00e9gu\u00e9 aux Formations LP L.Bl\u00e9riot Cambrai, C\u00e9dric DELCOURT Technico-commercial Hauts-de-France et Ardennes \u2013 Soci\u00e9t\u00e9 PERI &#8211; Sandrine MYKAJ Inspectrice de l&rsquo;\u00e9ducation nationale Enseignement technique Sciences et Technique Industrielles<\/p>\n\n\n\n<p class=\"has-luminous-vivid-orange-color has-text-color\" style=\"font-size:16px\"><strong>Participants :<\/strong><\/p>\n\n\n\n<p style=\"font-size:16px\">Repr\u00e9sentants des \u00e9quipes enseignantes, directeurs d\u00e9l\u00e9gu\u00e9s aux formations, chefs d&rsquo;\u00e9tablissement et corps d&rsquo;inspection des acad\u00e9mies de Lille et d&rsquo;Amiens<\/p>\n\n\n\n<p class=\"has-luminous-vivid-orange-color has-text-color\" style=\"font-size:16px\"><strong>Soutien financier de l&rsquo;action :<\/strong><\/p>\n\n\n\n<figure class=\"wp-block-image size-full is-resized\"><img loading=\"lazy\" decoding=\"async\" src=\"https:\/\/pedagogie.ac-lille.fr\/metiers-btp\/wp-content\/uploads\/sites\/5\/2022\/11\/PERI-CAMPUS.jpg\" alt=\"\" class=\"wp-image-2225\" width=\"289\" height=\"108\" srcset=\"https:\/\/pedagogie.ac-lille.fr\/metiers-btp\/wp-content\/uploads\/sites\/5\/2022\/11\/PERI-CAMPUS.jpg 856w, https:\/\/pedagogie.ac-lille.fr\/metiers-btp\/wp-content\/uploads\/sites\/5\/2022\/11\/PERI-CAMPUS-300x112.jpg 300w, https:\/\/pedagogie.ac-lille.fr\/metiers-btp\/wp-content\/uploads\/sites\/5\/2022\/11\/PERI-CAMPUS-768x287.jpg 768w\" sizes=\"auto, (max-width: 289px) 100vw, 289px\" \/><\/figure>\n\n\n\n<p style=\"font-size:16px\">Un grand MERCI aux diff\u00e9rents acteurs de l&rsquo;organisation ainsi qu&rsquo;\u00e0 l&rsquo;ensemble des participants.<\/p>\n\n\n\n<p style=\"font-size:16px\"><a href=\"https:\/\/pedagogie.ac-lille.fr\/metiers-btp\/journee-technique-peri-france\/\" data-type=\"URL\" data-id=\"https:\/\/pedagogie.ac-lille.fr\/metiers-btp\/journee-technique-peri-france\/\" target=\"_blank\" rel=\"noreferrer noopener\">D\u00e9couvrir la journ\u00e9e technique<\/a><\/p>\n","protected":false},"excerpt":{"rendered":"<p>Journ\u00e9es techniques Le maintien et l&rsquo;actualisation des connaissances et des comp\u00e9tences des professeurs de lyc\u00e9e professionnel s&rsquo;appuient sur notamment les formations du Plan Acad\u00e9mique de Formation, les stages propos\u00e9es par le Centre d\u2019Etudes et de Formation en Partenariat avec les Entreprises et les Professions (CEFPEP) mais aussi sur les temps de formation en entreprise \u00e0 [&hellip;]<\/p>\n","protected":false},"author":13,"featured_media":0,"parent":0,"menu_order":0,"comment_status":"closed","ping_status":"closed","template":"","meta":{"ngg_post_thumbnail":0,"footnotes":""},"class_list":["post-2213","page","type-page","status-publish","czr-hentry"],"publishpress_future_action":{"enabled":false,"date":"2026-04-28 20:10:29","action":"change-status","newStatus":"draft","terms":[],"taxonomy":"","extraData":[]},"publishpress_future_workflow_manual_trigger":{"enabledWorkflows":[]},"_links":{"self":[{"href":"https:\/\/pedagogie.ac-lille.fr\/metiers-btp\/wp-json\/wp\/v2\/pages\/2213","targetHints":{"allow":["GET"]}}],"collection":[{"href":"https:\/\/pedagogie.ac-lille.fr\/metiers-btp\/wp-json\/wp\/v2\/pages"}],"about":[{"href":"https:\/\/pedagogie.ac-lille.fr\/metiers-btp\/wp-json\/wp\/v2\/types\/page"}],"author":[{"embeddable":true,"href":"https:\/\/pedagogie.ac-lille.fr\/metiers-btp\/wp-json\/wp\/v2\/users\/13"}],"replies":[{"embeddable":true,"href":"https:\/\/pedagogie.ac-lille.fr\/metiers-btp\/wp-json\/wp\/v2\/comments?post=2213"}],"version-history":[{"count":21,"href":"https:\/\/pedagogie.ac-lille.fr\/metiers-btp\/wp-json\/wp\/v2\/pages\/2213\/revisions"}],"predecessor-version":[{"id":2279,"href":"https:\/\/pedagogie.ac-lille.fr\/metiers-btp\/wp-json\/wp\/v2\/pages\/2213\/revisions\/2279"}],"wp:attachment":[{"href":"https:\/\/pedagogie.ac-lille.fr\/metiers-btp\/wp-json\/wp\/v2\/media?parent=2213"}],"curies":[{"name":"wp","href":"https:\/\/api.w.org\/{rel}","templated":true}]}}