{"id":227,"date":"2020-05-06T14:55:37","date_gmt":"2020-05-06T12:55:37","guid":{"rendered":"http:\/\/pedagogie.ac-lille.fr\/cro-ce\/\/?page_id=227"},"modified":"2023-09-12T16:01:20","modified_gmt":"2023-09-12T14:01:20","slug":"la-filiere-technicien-detudes-du-batiment","status":"publish","type":"page","link":"https:\/\/pedagogie.ac-lille.fr\/metiers-btp\/la-filiere-technicien-detudes-du-batiment\/","title":{"rendered":"Fili\u00e8re \u00ab\u00a0TEB EE &amp; AA\u00a0\u00bb"},"content":{"rendered":"\n<p class=\"has-white-color has-black-background-color has-text-color has-background has-normal-font-size\">Ressources nationales<\/p>\n\n\n\n<p class=\"has-luminous-vivid-orange-color has-text-color\">R\u00e9f\u00e9rentiels de formation<\/p>\n\n\n\n<p><a href=\"https:\/\/eduscol.education.fr\/sti\/formations\/bac-pro-technicien-detudes-du-batiment-etudes-et-economie\" data-type=\"URL\" data-id=\"https:\/\/eduscol.education.fr\/sti\/formations\/bac-pro-technicien-detudes-du-batiment-etudes-et-economie\" target=\"_blank\" rel=\"noreferrer noopener\">Les d\u00e9couvrir<\/a><\/p>\n\n\n\n<div class=\"wp-block-media-text alignwide is-stacked-on-mobile\" style=\"grid-template-columns:15% auto\"><figure class=\"wp-block-media-text__media\"><img loading=\"lazy\" decoding=\"async\" width=\"445\" height=\"641\" src=\"https:\/\/pedagogie.ac-lille.fr\/metiers-btp\/wp-content\/uploads\/sites\/5\/2021\/08\/FEUILLE.png\" alt=\"\" class=\"wp-image-777 size-full\" srcset=\"https:\/\/pedagogie.ac-lille.fr\/metiers-btp\/wp-content\/uploads\/sites\/5\/2021\/08\/FEUILLE.png 445w, https:\/\/pedagogie.ac-lille.fr\/metiers-btp\/wp-content\/uploads\/sites\/5\/2021\/08\/FEUILLE-208x300.png 208w\" sizes=\"auto, (max-width: 445px) 100vw, 445px\" \/><\/figure><div class=\"wp-block-media-text__content\">\n<p class=\"has-luminous-vivid-orange-color has-text-color has-normal-font-size\">Feuilles de route de l&rsquo;acad\u00e9mie pilote<\/p>\n\n\n\n<p>Les d\u00e9couvrir : <a href=\"http:\/\/cro-ce-medias.discipline.ac-lille.fr\/acces-restreint\/TBEEAA\/Feuille_de_route_BIM%20EE%202020%20%20v2.pdf\" data-type=\"URL\" data-id=\"cro-ce-medias.discipline.ac-lille.fr\/acces-restreint\/TBEEAA\/Feuille_de_route_BIM%20EE%202020%20%20v2.pdf\" target=\"_blank\" rel=\"noreferrer noopener\">document 1\/3<\/a>, <a href=\"http:\/\/cro-ce-medias.discipline.ac-lille.fr\/acces-restreint\/TBEEAA\/feuille_de_route_BIM%20AA%202020%20v2.pdf\" data-type=\"URL\" data-id=\"cro-ce-medias.discipline.ac-lille.fr\/acces-restreint\/TBEEAA\/feuille_de_route_BIM%20AA%202020%20v2.pdf\" target=\"_blank\" rel=\"noreferrer noopener\">document 2\/3<\/a> et <a href=\"http:\/\/cro-ce-medias.discipline.ac-lille.fr\/acces-restreint\/TBEEAA\/Feuille_de_route_BIM%20EE%202020%20Complt%20Cype-1.pdf\" data-type=\"URL\" data-id=\"cro-ce-medias.discipline.ac-lille.fr\/acces-restreint\/TBEEAA\/Feuille_de_route_BIM%20EE%202020%20Complt%20Cype-1.pdf\" target=\"_blank\" rel=\"noreferrer noopener\">document 3\/3<\/a><\/p>\n<\/div><\/div>\n\n\n\n<div class=\"wp-block-media-text alignwide is-stacked-on-mobile\" style=\"grid-template-columns:21% auto\"><figure class=\"wp-block-media-text__media\"><img loading=\"lazy\" decoding=\"async\" width=\"562\" height=\"807\" src=\"https:\/\/pedagogie.ac-lille.fr\/metiers-btp\/wp-content\/uploads\/sites\/5\/2023\/09\/arrete-20-avril-2023.png\" alt=\"\" class=\"wp-image-2605 size-full\" srcset=\"https:\/\/pedagogie.ac-lille.fr\/metiers-btp\/wp-content\/uploads\/sites\/5\/2023\/09\/arrete-20-avril-2023.png 562w, https:\/\/pedagogie.ac-lille.fr\/metiers-btp\/wp-content\/uploads\/sites\/5\/2023\/09\/arrete-20-avril-2023-209x300.png 209w\" sizes=\"auto, (max-width: 562px) 100vw, 562px\" \/><\/figure><div class=\"wp-block-media-text__content\">\n<p><strong>Arr\u00eat\u00e9 du 20 avril 2023<\/strong><\/p>\n\n\n\n<p>Pour rappel :<\/p>\n\n\n\n<p>L&rsquo;arr\u00eat\u00e9 du 4 mars 2020 rend obligatoire la mise en place d\u2019un livret scolaire d\u00e9mat\u00e9rialis\u00e9 et organis\u00e9 par comp\u00e9tences \u00ab LSL-Pro \u00bb, pour chaque candidat de la voie scolaire au dipl\u00f4me du baccalaur\u00e9at professionnel \u00e0 compter de la session 2021. Les mod\u00e8les de \u00ab LSL-Pro \u00bb par sp\u00e9cialit\u00e9 de BAC PRO pr\u00e9sent\u00e9s en annexe de l\u2019arr\u00eat\u00e9 du 4 mars 2020 ne comportaient que 15 comp\u00e9tences \u00e9valu\u00e9es. Pour le BAC PRO TEB, seul le LSL-Pro pour l\u2019option A : \u00e9tudes et \u00e9conomie avait \u00e9t\u00e9 sp\u00e9cifi\u00e9. Le nombre de comp\u00e9tences limit\u00e9 \u00e0 15, certaines comp\u00e9tences du r\u00e9f\u00e9rentiel du BAC PRO TEB ont d\u00fb \u00eatre regroup\u00e9es.<\/p>\n\n\n\n<p>L&rsquo;acad\u00e9mie de Dijon, pilote du dipl\u00f4me, a fait remonter la situation rencontr\u00e9e. La g\u00eane a \u00e9t\u00e9 prise en compte. Ce qui am\u00e8ne \u00e0 la publication de l&rsquo;arr\u00eat\u00e9 du 20 avril 2023.<\/p>\n\n\n\n<p>L\u2019arr\u00eat\u00e9 du 20 avril 2023 publi\u00e9 au JOE du 23 ao\u00fbt 2023 pr\u00e9cise, dans son annexe, la liste des 15 comp\u00e9tences \u00e0 retenir pour chaque option BAC PRO Technicien d&rsquo;\u00e9tudes du B\u00e2timent. La liste des 15 comp\u00e9tences \u00e0 \u00e9valuer pour l\u2019option A du BAC PRO TEB est inchang\u00e9e, celle de l&rsquo;option B est maintenant communiqu\u00e9e. Ce LSL-Pro adapt\u00e9 \u00e0 chaque option du BAC PRO TEB est \u00e0 utiliser \u00e0 compter de la session 2024.<\/p>\n\n\n\n<p><a href=\"https:\/\/www.legifrance.gouv.fr\/jorf\/id\/JORFTEXT000047986530\">D\u00e9couvrir l&rsquo;arr\u00eat\u00e9 du 20 avril 2023.<\/a><\/p>\n<\/div><\/div>\n\n\n\n<h2 class=\"wp-block-heading has-white-color has-black-background-color has-text-color has-background has-normal-font-size\">Ressources acad\u00e9miques<\/h2>\n\n\n\n<div class=\"wp-block-media-text alignwide is-stacked-on-mobile\" style=\"grid-template-columns:20% auto\"><figure class=\"wp-block-media-text__media\"><img loading=\"lazy\" decoding=\"async\" width=\"341\" height=\"477\" src=\"https:\/\/pedagogie.ac-lille.fr\/metiers-btp\/wp-content\/uploads\/sites\/5\/2020\/05\/panneaux.png\" alt=\"\" class=\"wp-image-263 size-full\" srcset=\"https:\/\/pedagogie.ac-lille.fr\/metiers-btp\/wp-content\/uploads\/sites\/5\/2020\/05\/panneaux.png 341w, https:\/\/pedagogie.ac-lille.fr\/metiers-btp\/wp-content\/uploads\/sites\/5\/2020\/05\/panneaux-214x300.png 214w\" sizes=\"auto, (max-width: 341px) 100vw, 341px\" \/><\/figure><div class=\"wp-block-media-text__content\">\n<p class=\"has-normal-font-size\">Ressources acad\u00e9miques relatives \u00e0 la seconde BAC PRO Famille des m\u00e9tiers des \u00e9tudes et de la mod\u00e9lisation num\u00e9rique du b\u00e2timent<\/p>\n\n\n\n<p><a href=\"https:\/\/pedagogie.ac-lille.fr\/metiers-btp\/famille-des-metiers-des-etudes-et-de-la-modelisation-numerique-du-batiment\/\" data-type=\"URL\" data-id=\"https:\/\/pedagogie.ac-lille.fr\/metiers-btp\/famille-des-metiers-des-etudes-et-de-la-modelisation-numerique-du-batiment\/\" target=\"_blank\" rel=\"noreferrer noopener\">Les d\u00e9couvrir<\/a><\/p>\n<\/div><\/div>\n\n\n\n<div class=\"wp-block-media-text alignwide is-stacked-on-mobile\" style=\"grid-template-columns:15% auto\"><figure class=\"wp-block-media-text__media\"><img loading=\"lazy\" decoding=\"async\" width=\"481\" height=\"692\" src=\"https:\/\/pedagogie.ac-lille.fr\/metiers-btp\/wp-content\/uploads\/sites\/5\/2021\/08\/cype.png\" alt=\"\" class=\"wp-image-798 size-full\" srcset=\"https:\/\/pedagogie.ac-lille.fr\/metiers-btp\/wp-content\/uploads\/sites\/5\/2021\/08\/cype.png 481w, https:\/\/pedagogie.ac-lille.fr\/metiers-btp\/wp-content\/uploads\/sites\/5\/2021\/08\/cype-209x300.png 209w\" sizes=\"auto, (max-width: 481px) 100vw, 481px\" \/><\/figure><div class=\"wp-block-media-text__content\">\n<p class=\"has-black-color has-light-green-cyan-background-color has-text-color has-background has-normal-font-size\">Proc\u00e9dure permettant d&rsquo;installer le compl\u00e9ment CYPE dans le logiciel REVIT.<\/p>\n\n\n\n<p>Merci \u00e0 Monsieur Lecat Marc &#8211; enseignant au LP F.Hennebique pour ce partage de ressources.<\/p>\n\n\n\n<p><a href=\"http:\/\/cro-ce-medias.discipline.ac-lille.fr\/acces-restreint\/TBEEAA\/installer%20complement%20CYPE.pdf\" data-type=\"URL\" data-id=\"cro-ce-medias.discipline.ac-lille.fr\/acces-restreint\/TBEEAA\/installer%20complement%20CYPE.pdf\" target=\"_blank\" rel=\"noreferrer noopener\">D\u00e9couvrir la proc\u00e9dure<\/a><\/p>\n<\/div><\/div>\n\n\n\n<h4 class=\"wp-block-heading\"> <\/h4>\n\n\n\n<div class=\"wp-block-media-text alignwide is-stacked-on-mobile\" style=\"grid-template-columns:27% auto\"><figure class=\"wp-block-media-text__media\"><img loading=\"lazy\" decoding=\"async\" width=\"1024\" height=\"730\" src=\"https:\/\/pedagogie.ac-lille.fr\/metiers-btp\/wp-content\/uploads\/sites\/5\/2021\/08\/reglement_2022-Copie-1024x730.png\" alt=\"\" class=\"wp-image-803 size-full\" srcset=\"https:\/\/pedagogie.ac-lille.fr\/metiers-btp\/wp-content\/uploads\/sites\/5\/2021\/08\/reglement_2022-Copie-1024x730.png 1024w, https:\/\/pedagogie.ac-lille.fr\/metiers-btp\/wp-content\/uploads\/sites\/5\/2021\/08\/reglement_2022-Copie-300x214.png 300w, https:\/\/pedagogie.ac-lille.fr\/metiers-btp\/wp-content\/uploads\/sites\/5\/2021\/08\/reglement_2022-Copie-768x548.png 768w, https:\/\/pedagogie.ac-lille.fr\/metiers-btp\/wp-content\/uploads\/sites\/5\/2021\/08\/reglement_2022-Copie.png 1070w\" sizes=\"auto, (max-width: 1024px) 100vw, 1024px\" \/><\/figure><div class=\"wp-block-media-text__content\">\n<p class=\"has-black-color has-light-green-cyan-background-color has-text-color has-background has-normal-font-size\">Concours \u00ab\u00a0TOP la vie dans mon lyc\u00e9e\u00a0\u00bb<\/p>\n\n\n\n<p style=\"font-size:14px\"><a rel=\"noreferrer noopener\" href=\"https:\/\/pedagogie.ac-lille.fr\/metiers-btp\/concours-academique-top-la-vie-dans-mon-lycee-edition-2022\/\" data-type=\"URL\" data-id=\"https:\/\/pedagogie.ac-lille.fr\/metiers-btp\/concours-academique-top-la-vie-dans-mon-lycee-edition-2022\/\" target=\"_blank\">En savoir plus<\/a> sur l&rsquo;\u00e9dition 2022<\/p>\n\n\n\n<p style=\"font-size:14px\"><a href=\"https:\/\/pedagogie.ac-lille.fr\/metiers-btp\/emnb-concours-edition-2023\/\" data-type=\"URL\" data-id=\"https:\/\/pedagogie.ac-lille.fr\/metiers-btp\/emnb-concours-edition-2023\/\" target=\"_blank\" rel=\"noreferrer noopener\">En savoir plus<\/a> sur l&rsquo;\u00e9dition 2023<\/p>\n<\/div><\/div>\n\n\n\n<div class=\"wp-block-media-text alignwide is-stacked-on-mobile\" style=\"grid-template-columns:16% auto\"><figure class=\"wp-block-media-text__media\"><img loading=\"lazy\" decoding=\"async\" width=\"571\" height=\"796\" src=\"https:\/\/pedagogie.ac-lille.fr\/metiers-btp\/wp-content\/uploads\/sites\/5\/2021\/08\/livret.png\" alt=\"\" class=\"wp-image-807 size-full\" srcset=\"https:\/\/pedagogie.ac-lille.fr\/metiers-btp\/wp-content\/uploads\/sites\/5\/2021\/08\/livret.png 571w, https:\/\/pedagogie.ac-lille.fr\/metiers-btp\/wp-content\/uploads\/sites\/5\/2021\/08\/livret-215x300.png 215w\" sizes=\"auto, (max-width: 571px) 100vw, 571px\" \/><\/figure><div class=\"wp-block-media-text__content\">\n<p class=\"has-black-color has-light-green-cyan-background-color has-text-color has-background has-normal-font-size\">Harmonisation des pratiques d&rsquo;\u00e9valuation certificative pour les \u00e9preuves professionnelles en contr\u00f4le en cours de formation : livret de certification pour les \u00e9l\u00e8ves en BAC PRO TEB option A<\/p>\n\n\n\n<p><a href=\"http:\/\/cro-ce-medias.discipline.ac-lille.fr\/acces-restreint\/TBEEAA\/livret%20de%20certification%20BAC%20PRO%20TB%20EE.xlsx\" data-type=\"URL\" data-id=\"cro-ce-medias.discipline.ac-lille.fr\/acces-restreint\/TBEEAA\/livret%20de%20certification%20BAC%20PRO%20TB%20EE.xlsx\" target=\"_blank\" rel=\"noreferrer noopener\">Le d\u00e9couvrir<\/a><\/p>\n<\/div><\/div>\n","protected":false},"excerpt":{"rendered":"<p>Ressources nationales R\u00e9f\u00e9rentiels de formation Les d\u00e9couvrir Feuilles de route de l&rsquo;acad\u00e9mie pilote Les d\u00e9couvrir : document 1\/3, document 2\/3 et document 3\/3 Arr\u00eat\u00e9 du 20 avril 2023 Pour rappel : L&rsquo;arr\u00eat\u00e9 du 4 mars 2020 rend obligatoire la mise en place d\u2019un livret scolaire d\u00e9mat\u00e9rialis\u00e9 et organis\u00e9 par comp\u00e9tences \u00ab LSL-Pro \u00bb, pour chaque [&hellip;]<\/p>\n","protected":false},"author":13,"featured_media":0,"parent":0,"menu_order":0,"comment_status":"closed","ping_status":"closed","template":"","meta":{"ngg_post_thumbnail":0,"footnotes":""},"class_list":["post-227","page","type-page","status-publish","czr-hentry"],"publishpress_future_action":{"enabled":false,"date":"2026-04-28 20:10:19","action":"change-status","newStatus":"draft","terms":[],"taxonomy":"","extraData":[]},"publishpress_future_workflow_manual_trigger":{"enabledWorkflows":[]},"_links":{"self":[{"href":"https:\/\/pedagogie.ac-lille.fr\/metiers-btp\/wp-json\/wp\/v2\/pages\/227","targetHints":{"allow":["GET"]}}],"collection":[{"href":"https:\/\/pedagogie.ac-lille.fr\/metiers-btp\/wp-json\/wp\/v2\/pages"}],"about":[{"href":"https:\/\/pedagogie.ac-lille.fr\/metiers-btp\/wp-json\/wp\/v2\/types\/page"}],"author":[{"embeddable":true,"href":"https:\/\/pedagogie.ac-lille.fr\/metiers-btp\/wp-json\/wp\/v2\/users\/13"}],"replies":[{"embeddable":true,"href":"https:\/\/pedagogie.ac-lille.fr\/metiers-btp\/wp-json\/wp\/v2\/comments?post=227"}],"version-history":[{"count":35,"href":"https:\/\/pedagogie.ac-lille.fr\/metiers-btp\/wp-json\/wp\/v2\/pages\/227\/revisions"}],"predecessor-version":[{"id":2607,"href":"https:\/\/pedagogie.ac-lille.fr\/metiers-btp\/wp-json\/wp\/v2\/pages\/227\/revisions\/2607"}],"wp:attachment":[{"href":"https:\/\/pedagogie.ac-lille.fr\/metiers-btp\/wp-json\/wp\/v2\/media?parent=227"}],"curies":[{"name":"wp","href":"https:\/\/api.w.org\/{rel}","templated":true}]}}