{"id":2608,"date":"2023-09-20T12:01:02","date_gmt":"2023-09-20T10:01:02","guid":{"rendered":"https:\/\/pedagogie.ac-lille.fr\/metiers-btp\/?page_id=2608"},"modified":"2023-11-19T20:16:02","modified_gmt":"2023-11-19T19:16:02","slug":"emnb-concours-edition-2024","status":"publish","type":"page","link":"https:\/\/pedagogie.ac-lille.fr\/metiers-btp\/emnb-concours-edition-2024\/","title":{"rendered":"EMNB &#8211; Concours &#8211; \u00e9dition 2024"},"content":{"rendered":"\n<p>J&rsquo;ai grand plaisir \u00e0 vous annoncer la reconduction du concours \u00ab\u00a0TOP la vie dans mon lyc\u00e9e\u00a0\u00bb pour l&rsquo;\u00e9dition 2024.<\/p>\n\n\n\n<p><\/p>\n\n\n\n<div class=\"wp-block-media-text is-stacked-on-mobile\" style=\"grid-template-columns:27% auto\"><figure class=\"wp-block-media-text__media\"><img loading=\"lazy\" decoding=\"async\" width=\"445\" height=\"642\" src=\"https:\/\/pedagogie.ac-lille.fr\/metiers-btp\/wp-content\/uploads\/sites\/5\/2023\/09\/2024-1.png\" alt=\"\" class=\"wp-image-2628 size-full\" srcset=\"https:\/\/pedagogie.ac-lille.fr\/metiers-btp\/wp-content\/uploads\/sites\/5\/2023\/09\/2024-1.png 445w, https:\/\/pedagogie.ac-lille.fr\/metiers-btp\/wp-content\/uploads\/sites\/5\/2023\/09\/2024-1-208x300.png 208w\" sizes=\"auto, (max-width: 445px) 100vw, 445px\" \/><\/figure><div class=\"wp-block-media-text__content\">\n<p><a href=\"http:\/\/cro-ce-medias.discipline.ac-lille.fr\/acces-restreint\/FAMILLE_MEMNB\/CONCOURS\/affiche_edition_2024.pdf\">D\u00e9couvrir l&rsquo;affiche du concours \u00ab\u00a0\u00e9dition 2024\u00a0\u00bb.<\/a><\/p>\n<\/div><\/div>\n\n\n\n<div class=\"wp-block-media-text is-stacked-on-mobile\" style=\"grid-template-columns:29% auto\"><figure class=\"wp-block-media-text__media\"><img loading=\"lazy\" decoding=\"async\" width=\"504\" height=\"725\" src=\"https:\/\/pedagogie.ac-lille.fr\/metiers-btp\/wp-content\/uploads\/sites\/5\/2023\/09\/REG.png\" alt=\"\" class=\"wp-image-2629 size-full\" srcset=\"https:\/\/pedagogie.ac-lille.fr\/metiers-btp\/wp-content\/uploads\/sites\/5\/2023\/09\/REG.png 504w, https:\/\/pedagogie.ac-lille.fr\/metiers-btp\/wp-content\/uploads\/sites\/5\/2023\/09\/REG-209x300.png 209w\" sizes=\"auto, (max-width: 504px) 100vw, 504px\" \/><\/figure><div class=\"wp-block-media-text__content\">\n<p><a href=\"http:\/\/cro-ce-medias.discipline.ac-lille.fr\/acces-restreint\/FAMILLE_MEMNB\/CONCOURS\/r%C3%A8glement_edition2024.pdf\">D\u00e9couvrir le r\u00e8glement du concours \u00ab\u00a0\u00e9dition 2024\u00a0\u00bb<\/a>.<\/p>\n<\/div><\/div>\n\n\n\n<h3 class=\"wp-block-heading has-text-align-center\">Le TOP d\u00e9part de l&rsquo;aventure est lanc\u00e9 ! bon travail en \u00e9quipe<\/h3>\n\n\n\n<h2 class=\"wp-block-heading alignwide\">PARRAIN DU CONCOURS &#8211; \u00e9dition 2024<\/h2>\n\n\n\n<div class=\"wp-block-media-text is-stacked-on-mobile\" style=\"grid-template-columns:16% auto\"><figure class=\"wp-block-media-text__media\"><img loading=\"lazy\" decoding=\"async\" width=\"461\" height=\"1024\" src=\"https:\/\/pedagogie.ac-lille.fr\/metiers-btp\/wp-content\/uploads\/sites\/5\/2023\/11\/HECP3928-1-461x1024.jpg\" alt=\"\" class=\"wp-image-2698 size-full\" srcset=\"https:\/\/pedagogie.ac-lille.fr\/metiers-btp\/wp-content\/uploads\/sites\/5\/2023\/11\/HECP3928-1-461x1024.jpg 461w, https:\/\/pedagogie.ac-lille.fr\/metiers-btp\/wp-content\/uploads\/sites\/5\/2023\/11\/HECP3928-1-135x300.jpg 135w, https:\/\/pedagogie.ac-lille.fr\/metiers-btp\/wp-content\/uploads\/sites\/5\/2023\/11\/HECP3928-1-691x1536.jpg 691w, https:\/\/pedagogie.ac-lille.fr\/metiers-btp\/wp-content\/uploads\/sites\/5\/2023\/11\/HECP3928-1.jpg 720w\" sizes=\"auto, (max-width: 461px) 100vw, 461px\" \/><\/figure><div class=\"wp-block-media-text__content\">\n<p>Monsieur LECUPPRE Thomas nous fait l&rsquo;honneur de parrainer le concours acad\u00e9mique \u00ab\u00a0TOP la vie dans mon lyc\u00e9e &#8211; \u00e9dition 2024\u00a0\u00bb.<\/p>\n\n\n\n<p>Dipl\u00f4m\u00e9 d&rsquo;un Master Ing\u00e9nierie Num\u00e9rique Collaborative pour la Construction, monsieur LECUPPRE est BIM Modeleur -programmeur dans l&rsquo;entreprise \u00ab\u00a0Let it BIM\u00a0\u00bb.<\/p>\n\n\n\n<p><a href=\"https:\/\/thomas-lecuppre.fr\/\">D\u00e9couvrir son parcours et ses r\u00e9alisations.<\/a><\/p>\n<\/div><\/div>\n\n\n\n<p>Il est venu rencontrer ce vendredi 17 novembre, des \u00e9l\u00e8ves impliqu\u00e9s dans le concours acad\u00e9mique \u00ab\u00a0TOP la vie dans mon lyc\u00e9e\u00a0\u00bb. Allons d\u00e9couvrir le reportage photos de cette journ\u00e9e.<\/p>\n\n\n\n<div class=\"wp-block-media-text is-stacked-on-mobile\" style=\"grid-template-columns:36% auto\"><figure class=\"wp-block-media-text__media\"><img loading=\"lazy\" decoding=\"async\" width=\"1024\" height=\"461\" src=\"https:\/\/pedagogie.ac-lille.fr\/metiers-btp\/wp-content\/uploads\/sites\/5\/2023\/11\/XLIY2929-2-1024x461.jpg\" alt=\"\" class=\"wp-image-2707 size-full\" srcset=\"https:\/\/pedagogie.ac-lille.fr\/metiers-btp\/wp-content\/uploads\/sites\/5\/2023\/11\/XLIY2929-2-1024x461.jpg 1024w, https:\/\/pedagogie.ac-lille.fr\/metiers-btp\/wp-content\/uploads\/sites\/5\/2023\/11\/XLIY2929-2-300x135.jpg 300w, https:\/\/pedagogie.ac-lille.fr\/metiers-btp\/wp-content\/uploads\/sites\/5\/2023\/11\/XLIY2929-2-768x346.jpg 768w, https:\/\/pedagogie.ac-lille.fr\/metiers-btp\/wp-content\/uploads\/sites\/5\/2023\/11\/XLIY2929-2-1536x691.jpg 1536w, https:\/\/pedagogie.ac-lille.fr\/metiers-btp\/wp-content\/uploads\/sites\/5\/2023\/11\/XLIY2929-2-1110x500.jpg 1110w, https:\/\/pedagogie.ac-lille.fr\/metiers-btp\/wp-content\/uploads\/sites\/5\/2023\/11\/XLIY2929-2.jpg 1598w\" sizes=\"auto, (max-width: 1024px) 100vw, 1024px\" \/><\/figure><div class=\"wp-block-media-text__content\">\n<p><strong>Vendredi matin : visite au Lyc\u00e9e Professionnel Flora Tristan de Lillers<\/strong><\/p>\n\n\n\n<p class=\"has-text-align-center\">Les \u00e9l\u00e8ves de la classe de seconde BAC PRO Famille des m\u00e9tiers des \u00e9tudes et de la mod\u00e9lisation num\u00e9rique du b\u00e2timent de l&rsquo;\u00e9tablissement ont pu \u00e9changer avec Monsieur LECUPPRE sur notamment son parcours de formation ainsi que les diff\u00e9rents projets men\u00e9s au sein de son entreprise.<\/p>\n\n\n\n<p class=\"has-text-align-center\">Cela a \u00e9galement \u00e9t\u00e9 l&rsquo;occasion pour les apprenants de lui pr\u00e9senter le projet men\u00e9 pour le concours acad\u00e9mique de l&rsquo;\u00e9dition 2024.<\/p>\n<\/div><\/div>\n\n\n\n<p>Monsieur LECUPPRE a ensuite repris la route et s&rsquo;est rendu en d\u00e9but d&rsquo;apr\u00e8s-midi <strong>au Lyc\u00e9e professionnel priv\u00e9 Sainte Marie de Bailleul.<\/strong><\/p>\n\n\n\n<div class=\"wp-block-media-text has-media-on-the-right is-stacked-on-mobile\" style=\"grid-template-columns:auto 27%\"><div class=\"wp-block-media-text__content\">\n<p>Monsieur LECUPPRE a pu \u00e9galement partager ses parcours universitaire et professionnel avec la classe de seconde BAC PRO Famille des m\u00e9tiers des \u00e9tudes et de la mod\u00e9lisation num\u00e9rique du b\u00e2timent de l&rsquo;\u00e9tablissement. Les activit\u00e9s professionnelles ainsi que les projets men\u00e9s par notre parrain du concours ont \u00e9t\u00e9 entre autres au c\u0153ur des \u00e9changes.<\/p>\n<\/div><figure class=\"wp-block-media-text__media\"><img loading=\"lazy\" decoding=\"async\" width=\"1024\" height=\"771\" src=\"https:\/\/pedagogie.ac-lille.fr\/metiers-btp\/wp-content\/uploads\/sites\/5\/2023\/11\/XGBW6556-1024x771.jpg\" alt=\"\" class=\"wp-image-2709 size-full\" srcset=\"https:\/\/pedagogie.ac-lille.fr\/metiers-btp\/wp-content\/uploads\/sites\/5\/2023\/11\/XGBW6556-1024x771.jpg 1024w, https:\/\/pedagogie.ac-lille.fr\/metiers-btp\/wp-content\/uploads\/sites\/5\/2023\/11\/XGBW6556-300x226.jpg 300w, https:\/\/pedagogie.ac-lille.fr\/metiers-btp\/wp-content\/uploads\/sites\/5\/2023\/11\/XGBW6556-768x578.jpg 768w, https:\/\/pedagogie.ac-lille.fr\/metiers-btp\/wp-content\/uploads\/sites\/5\/2023\/11\/XGBW6556-1536x1157.jpg 1536w, https:\/\/pedagogie.ac-lille.fr\/metiers-btp\/wp-content\/uploads\/sites\/5\/2023\/11\/XGBW6556.jpg 1599w\" sizes=\"auto, (max-width: 1024px) 100vw, 1024px\" \/><\/figure><\/div>\n\n\n\n<p class=\"has-text-align-center\">Une journ\u00e9e riche sur le plan humain et professionnel.<\/p>\n\n\n\n<p class=\"has-text-align-center\">Des \u00e9quipes d&rsquo;enseignants et d&rsquo;\u00e9l\u00e8ves ravies de cette journ\u00e9e !<\/p>\n\n\n\n<p class=\"has-text-align-center\"><strong>Un GRAND MERCI \u00e0 Monsieur LECUPPRE qui s&rsquo;est mobilis\u00e9 sur son temps personnel pour  la formation de nos jeunes. <\/strong><\/p>\n\n\n\n<p class=\"has-text-align-center\"><strong>Ceci contribuera n\u00e9cessairement \u00e0 favoriser leur motivation et l&rsquo;envie d&rsquo;apprendre.<\/strong><\/p>\n","protected":false},"excerpt":{"rendered":"<p>J&rsquo;ai grand plaisir \u00e0 vous annoncer la reconduction du concours \u00ab\u00a0TOP la vie dans mon lyc\u00e9e\u00a0\u00bb pour l&rsquo;\u00e9dition 2024. D\u00e9couvrir l&rsquo;affiche du concours \u00ab\u00a0\u00e9dition 2024\u00a0\u00bb. D\u00e9couvrir le r\u00e8glement du concours \u00ab\u00a0\u00e9dition 2024\u00a0\u00bb. Le TOP d\u00e9part de l&rsquo;aventure est lanc\u00e9 ! bon travail en \u00e9quipe PARRAIN DU CONCOURS &#8211; \u00e9dition 2024 Monsieur LECUPPRE Thomas nous fait [&hellip;]<\/p>\n","protected":false},"author":13,"featured_media":0,"parent":0,"menu_order":0,"comment_status":"closed","ping_status":"closed","template":"","meta":{"ngg_post_thumbnail":0,"footnotes":""},"class_list":["post-2608","page","type-page","status-publish","czr-hentry"],"publishpress_future_action":{"enabled":false,"date":"2026-04-28 20:10:28","action":"change-status","newStatus":"draft","terms":[],"taxonomy":"","extraData":[]},"publishpress_future_workflow_manual_trigger":{"enabledWorkflows":[]},"_links":{"self":[{"href":"https:\/\/pedagogie.ac-lille.fr\/metiers-btp\/wp-json\/wp\/v2\/pages\/2608","targetHints":{"allow":["GET"]}}],"collection":[{"href":"https:\/\/pedagogie.ac-lille.fr\/metiers-btp\/wp-json\/wp\/v2\/pages"}],"about":[{"href":"https:\/\/pedagogie.ac-lille.fr\/metiers-btp\/wp-json\/wp\/v2\/types\/page"}],"author":[{"embeddable":true,"href":"https:\/\/pedagogie.ac-lille.fr\/metiers-btp\/wp-json\/wp\/v2\/users\/13"}],"replies":[{"embeddable":true,"href":"https:\/\/pedagogie.ac-lille.fr\/metiers-btp\/wp-json\/wp\/v2\/comments?post=2608"}],"version-history":[{"count":18,"href":"https:\/\/pedagogie.ac-lille.fr\/metiers-btp\/wp-json\/wp\/v2\/pages\/2608\/revisions"}],"predecessor-version":[{"id":2717,"href":"https:\/\/pedagogie.ac-lille.fr\/metiers-btp\/wp-json\/wp\/v2\/pages\/2608\/revisions\/2717"}],"wp:attachment":[{"href":"https:\/\/pedagogie.ac-lille.fr\/metiers-btp\/wp-json\/wp\/v2\/media?parent=2608"}],"curies":[{"name":"wp","href":"https:\/\/api.w.org\/{rel}","templated":true}]}}