{"id":2762,"date":"2023-12-09T17:20:19","date_gmt":"2023-12-09T16:20:19","guid":{"rendered":"https:\/\/pedagogie.ac-lille.fr\/metiers-btp\/?page_id=2762"},"modified":"2023-12-14T10:16:46","modified_gmt":"2023-12-14T09:16:46","slug":"journee-technique-vandersanden","status":"publish","type":"page","link":"https:\/\/pedagogie.ac-lille.fr\/metiers-btp\/journee-technique-vandersanden\/","title":{"rendered":"Journ\u00e9e technique &#8211; VANDERSANDEN"},"content":{"rendered":"\n<div class=\"wp-block-media-text is-stacked-on-mobile\" style=\"grid-template-columns:43% auto\"><figure class=\"wp-block-media-text__media\"><img loading=\"lazy\" decoding=\"async\" width=\"314\" height=\"125\" src=\"https:\/\/pedagogie.ac-lille.fr\/metiers-btp\/wp-content\/uploads\/sites\/5\/2023\/12\/LOGO.png\" alt=\"\" class=\"wp-image-2765 size-full\" srcset=\"https:\/\/pedagogie.ac-lille.fr\/metiers-btp\/wp-content\/uploads\/sites\/5\/2023\/12\/LOGO.png 314w, https:\/\/pedagogie.ac-lille.fr\/metiers-btp\/wp-content\/uploads\/sites\/5\/2023\/12\/LOGO-300x119.png 300w\" sizes=\"auto, (max-width: 314px) 100vw, 314px\" \/><\/figure><div class=\"wp-block-media-text__content\">\n<p>Partenaire professionnel de la journ\u00e9e technique : entreprise VANDERSANDEN &#8211; ZAC&nbsp;de&nbsp;la&nbsp;Cavale&nbsp;Rouge,&nbsp;  14&nbsp;Avenue&nbsp;de&nbsp;Machelen,&nbsp;FR\u201159250&nbsp;Halluin<\/p>\n\n\n\n<p> Support de l&rsquo;action : Campus des m\u00e9tiers et des qualifications BSEI 3.0<\/p>\n\n\n\n<p>Organisateurs de l&rsquo;entreprise VANDERSANDEN : <\/p>\n\n\n\n<p>Madame MARIS Sara coordonnatrice de la formation technique et Messieurs DELOUVROY Laurent directeur des ventes, FRANCHOIS Baptiste responsable commercial nord, BEGUIN Christian technico-commercial<\/p>\n\n\n\n<p>Ludovic POIRRIER Directeur d\u00e9l\u00e9gu\u00e9 aux formations LP L.Bl\u00e9riot de Cambrai <\/p>\n\n\n\n<p>Sandrine MYKAJ Inspectrice de l&rsquo;\u00e9ducation nationale &#8211; ET STI<\/p>\n<\/div><\/div>\n\n\n\n<p class=\"has-text-align-center\">Le vendredi 24 novembre 2023, l&rsquo;entreprise nous a accueillis dans un espace moderne et lumineux avec beaucoup de professionnalisme dans un esprit de convivialit\u00e9 et de partage. Quarante personnes on pu appr\u00e9cier cette journ\u00e9e technique tant sur le plan humain que professionnel.<\/p>\n\n\n\n<div class=\"wp-block-media-text is-stacked-on-mobile\" style=\"grid-template-columns:15% auto\"><figure class=\"wp-block-media-text__media\"><img loading=\"lazy\" decoding=\"async\" width=\"768\" height=\"1024\" src=\"https:\/\/pedagogie.ac-lille.fr\/metiers-btp\/wp-content\/uploads\/sites\/5\/2023\/12\/7819153691013275786-768x1024.jpg\" alt=\"\" class=\"wp-image-2783 size-full\" srcset=\"https:\/\/pedagogie.ac-lille.fr\/metiers-btp\/wp-content\/uploads\/sites\/5\/2023\/12\/7819153691013275786-768x1024.jpg 768w, https:\/\/pedagogie.ac-lille.fr\/metiers-btp\/wp-content\/uploads\/sites\/5\/2023\/12\/7819153691013275786-225x300.jpg 225w, https:\/\/pedagogie.ac-lille.fr\/metiers-btp\/wp-content\/uploads\/sites\/5\/2023\/12\/7819153691013275786.jpg 1080w\" sizes=\"auto, (max-width: 768px) 100vw, 768px\" \/><\/figure><div class=\"wp-block-media-text__content\">\n<p>Un temps d&rsquo;\u00e9changes autour d&rsquo;un caf\u00e9 accompagn\u00e9 de viennoiseries.<\/p>\n\n\n<div class=\"wp-block-image\">\n<figure class=\"aligncenter size-large is-resized\"><img loading=\"lazy\" decoding=\"async\" width=\"1024\" height=\"768\" src=\"https:\/\/pedagogie.ac-lille.fr\/metiers-btp\/wp-content\/uploads\/sites\/5\/2023\/12\/5996140051737310071-1024x768.jpg\" alt=\"\" class=\"wp-image-2784\" style=\"width:160px;height:auto\" srcset=\"https:\/\/pedagogie.ac-lille.fr\/metiers-btp\/wp-content\/uploads\/sites\/5\/2023\/12\/5996140051737310071-1024x768.jpg 1024w, https:\/\/pedagogie.ac-lille.fr\/metiers-btp\/wp-content\/uploads\/sites\/5\/2023\/12\/5996140051737310071-300x225.jpg 300w, https:\/\/pedagogie.ac-lille.fr\/metiers-btp\/wp-content\/uploads\/sites\/5\/2023\/12\/5996140051737310071-768x576.jpg 768w, https:\/\/pedagogie.ac-lille.fr\/metiers-btp\/wp-content\/uploads\/sites\/5\/2023\/12\/5996140051737310071.jpg 1440w\" sizes=\"auto, (max-width: 1024px) 100vw, 1024px\" \/><\/figure>\n<\/div><\/div><\/div>\n\n\n\n<p>Suivi d&rsquo;un mot d&rsquo;accueil et de remerciements<\/p>\n\n\n<div class=\"wp-block-image\">\n<figure class=\"aligncenter size-large is-resized\"><img loading=\"lazy\" decoding=\"async\" width=\"1024\" height=\"768\" src=\"https:\/\/pedagogie.ac-lille.fr\/metiers-btp\/wp-content\/uploads\/sites\/5\/2023\/12\/goupe-1024x768.jpg\" alt=\"\" class=\"wp-image-2769\" style=\"width:266px;height:auto\" srcset=\"https:\/\/pedagogie.ac-lille.fr\/metiers-btp\/wp-content\/uploads\/sites\/5\/2023\/12\/goupe-1024x768.jpg 1024w, https:\/\/pedagogie.ac-lille.fr\/metiers-btp\/wp-content\/uploads\/sites\/5\/2023\/12\/goupe-300x225.jpg 300w, https:\/\/pedagogie.ac-lille.fr\/metiers-btp\/wp-content\/uploads\/sites\/5\/2023\/12\/goupe-768x576.jpg 768w, https:\/\/pedagogie.ac-lille.fr\/metiers-btp\/wp-content\/uploads\/sites\/5\/2023\/12\/goupe-1536x1152.jpg 1536w, https:\/\/pedagogie.ac-lille.fr\/metiers-btp\/wp-content\/uploads\/sites\/5\/2023\/12\/goupe-2048x1536.jpg 2048w\" sizes=\"auto, (max-width: 1024px) 100vw, 1024px\" \/><\/figure>\n<\/div>\n\n\n<p class=\"has-text-align-center\">L&rsquo;<a href=\"https:\/\/www.vandersanden.com\/fr-fr?gad_source=1&amp;gclid=CjwKCAiAmsurBhBvEiwA6e-WPC1syLD4GbthwWt89ka7-HIG4JMBZaJ-Am93BTwBk1-BL3yJc8HOjRoCtmgQAvD_BwE\">entreprise VANDERSANDEN<\/a> est une entreprise familiale. Elle est l&rsquo;une des plus grandes entreprises de production de briques en EUROPE et fabrique des briques de parement, des pav\u00e9s en terre cuite, des plaquettes de parement et des solutions de fa\u00e7ade et de voirie. Des valeurs fortes comme la co-cr\u00e9ation, l&rsquo;innovation et la durabilit\u00e9 sont au c\u0153ur de l&rsquo;entreprise.<\/p>\n\n\n\n<figure class=\"wp-block-image size-large\"><img loading=\"lazy\" decoding=\"async\" width=\"1024\" height=\"151\" src=\"https:\/\/pedagogie.ac-lille.fr\/metiers-btp\/wp-content\/uploads\/sites\/5\/2023\/12\/fabrication-1024x151.png\" alt=\"\" class=\"wp-image-2767\" srcset=\"https:\/\/pedagogie.ac-lille.fr\/metiers-btp\/wp-content\/uploads\/sites\/5\/2023\/12\/fabrication-1024x151.png 1024w, https:\/\/pedagogie.ac-lille.fr\/metiers-btp\/wp-content\/uploads\/sites\/5\/2023\/12\/fabrication-300x44.png 300w, https:\/\/pedagogie.ac-lille.fr\/metiers-btp\/wp-content\/uploads\/sites\/5\/2023\/12\/fabrication-768x113.png 768w, https:\/\/pedagogie.ac-lille.fr\/metiers-btp\/wp-content\/uploads\/sites\/5\/2023\/12\/fabrication-1536x227.png 1536w, https:\/\/pedagogie.ac-lille.fr\/metiers-btp\/wp-content\/uploads\/sites\/5\/2023\/12\/fabrication.png 1768w\" sizes=\"auto, (max-width: 1024px) 100vw, 1024px\" \/><\/figure>\n\n\n\n<p class=\"has-text-align-center\">Chacun et chacune ont pu d\u00e9couvrir en parcourant le showroom les produits et solutions techniques de l&rsquo;entreprise.<\/p>\n\n\n<div class=\"wp-block-image\">\n<figure class=\"aligncenter size-large is-resized\"><img loading=\"lazy\" decoding=\"async\" width=\"1024\" height=\"768\" src=\"https:\/\/pedagogie.ac-lille.fr\/metiers-btp\/wp-content\/uploads\/sites\/5\/2023\/12\/20231124_114420-1024x768.jpg\" alt=\"\" class=\"wp-image-2774\" style=\"width:202px;height:auto\" srcset=\"https:\/\/pedagogie.ac-lille.fr\/metiers-btp\/wp-content\/uploads\/sites\/5\/2023\/12\/20231124_114420-1024x768.jpg 1024w, https:\/\/pedagogie.ac-lille.fr\/metiers-btp\/wp-content\/uploads\/sites\/5\/2023\/12\/20231124_114420-300x225.jpg 300w, https:\/\/pedagogie.ac-lille.fr\/metiers-btp\/wp-content\/uploads\/sites\/5\/2023\/12\/20231124_114420-768x576.jpg 768w, https:\/\/pedagogie.ac-lille.fr\/metiers-btp\/wp-content\/uploads\/sites\/5\/2023\/12\/20231124_114420-1536x1152.jpg 1536w, https:\/\/pedagogie.ac-lille.fr\/metiers-btp\/wp-content\/uploads\/sites\/5\/2023\/12\/20231124_114420-2048x1536.jpg 2048w\" sizes=\"auto, (max-width: 1024px) 100vw, 1024px\" \/><\/figure>\n<\/div>\n\n\n<p class=\"has-text-align-center\">Diff\u00e9rents ateliers avaient \u00e9t\u00e9 pr\u00e9par\u00e9s. A travers ces ateliers, l&rsquo;entreprise a pu pr\u00e9senter \u00e0 la fois l&rsquo;historique de l&rsquo;entreprise mais aussi son savoir-faire : syst\u00e8me d&rsquo;isolation de fa\u00e7ades ext\u00e9rieures E-Board, les \u00e9co-plaquettes, le pavage en terre cuite, la pose robotis\u00e9e de plaquettes de parement,etc. Un partenaire de l&rsquo;entreprise VANDERSANDEN s&rsquo;est \u00e9galement mobilis\u00e9 pour nous apporter son expertise et son exp\u00e9rience. En effet, l&rsquo;entreprise PAREXLANKO acteur dans le domaine des mortiers industriels depuis pr\u00e8s de 40 ans nous a pr\u00e9sent\u00e9 son savoir-faire qui int\u00e8gre \u00e9galement une d\u00e9marche volontaire et collective de d\u00e9veloppement durable. <\/p>\n\n\n\n<figure class=\"wp-block-image size-large is-resized\"><img loading=\"lazy\" decoding=\"async\" width=\"1024\" height=\"521\" src=\"https:\/\/pedagogie.ac-lille.fr\/metiers-btp\/wp-content\/uploads\/sites\/5\/2023\/12\/tout-1024x521.png\" alt=\"\" class=\"wp-image-2779\" style=\"width:626px;height:auto\" srcset=\"https:\/\/pedagogie.ac-lille.fr\/metiers-btp\/wp-content\/uploads\/sites\/5\/2023\/12\/tout-1024x521.png 1024w, https:\/\/pedagogie.ac-lille.fr\/metiers-btp\/wp-content\/uploads\/sites\/5\/2023\/12\/tout-300x153.png 300w, https:\/\/pedagogie.ac-lille.fr\/metiers-btp\/wp-content\/uploads\/sites\/5\/2023\/12\/tout-768x391.png 768w, https:\/\/pedagogie.ac-lille.fr\/metiers-btp\/wp-content\/uploads\/sites\/5\/2023\/12\/tout.png 1157w\" sizes=\"auto, (max-width: 1024px) 100vw, 1024px\" \/><\/figure>\n\n\n\n<div class=\"wp-block-media-text is-stacked-on-mobile\" style=\"grid-template-columns:15% auto\"><figure class=\"wp-block-media-text__media\"><img loading=\"lazy\" decoding=\"async\" width=\"581\" height=\"1024\" src=\"https:\/\/pedagogie.ac-lille.fr\/metiers-btp\/wp-content\/uploads\/sites\/5\/2023\/12\/3744405562208100934-1.jpg\" alt=\"\" class=\"wp-image-2789 size-full\" srcset=\"https:\/\/pedagogie.ac-lille.fr\/metiers-btp\/wp-content\/uploads\/sites\/5\/2023\/12\/3744405562208100934-1.jpg 581w, https:\/\/pedagogie.ac-lille.fr\/metiers-btp\/wp-content\/uploads\/sites\/5\/2023\/12\/3744405562208100934-1-170x300.jpg 170w\" sizes=\"auto, (max-width: 581px) 100vw, 581px\" \/><\/figure><div class=\"wp-block-media-text__content\">\n<p class=\"has-text-align-center\">Une pause d\u00e9jeuner remarquable a enchant\u00e9 <\/p>\n\n\n\n<p class=\"has-text-align-center\">l&rsquo;ensemble des participants.<\/p>\n<\/div><\/div>\n\n\n\n<div class=\"wp-block-media-text has-media-on-the-right is-stacked-on-mobile\" style=\"grid-template-columns:auto 28%\"><div class=\"wp-block-media-text__content\">\n<p>Avec chacun des groupes, nous avons pu \u00e9galement \u00e9changer sur les travaux r\u00e9glement\u00e9s ainsi que sur les modules de formation propos\u00e9s au Plan Acad\u00e9mique de Formation. <\/p>\n\n\n\n<p>En savoir plus sur <a href=\"http:\/\/cro-ce-medias.discipline.ac-lille.fr\/acces-restreint\/JOURNEETECH\/FLYER_24_novembre.pdf\">le document support <\/a>des \u00e9changes de l&rsquo;atelier.<\/p>\n<\/div><figure class=\"wp-block-media-text__media\"><img loading=\"lazy\" decoding=\"async\" width=\"1024\" height=\"709\" src=\"https:\/\/pedagogie.ac-lille.fr\/metiers-btp\/wp-content\/uploads\/sites\/5\/2023\/12\/flyer-1024x709.png\" alt=\"\" class=\"wp-image-2775 size-full\" srcset=\"https:\/\/pedagogie.ac-lille.fr\/metiers-btp\/wp-content\/uploads\/sites\/5\/2023\/12\/flyer-1024x709.png 1024w, https:\/\/pedagogie.ac-lille.fr\/metiers-btp\/wp-content\/uploads\/sites\/5\/2023\/12\/flyer-300x208.png 300w, https:\/\/pedagogie.ac-lille.fr\/metiers-btp\/wp-content\/uploads\/sites\/5\/2023\/12\/flyer-768x532.png 768w, https:\/\/pedagogie.ac-lille.fr\/metiers-btp\/wp-content\/uploads\/sites\/5\/2023\/12\/flyer.png 1144w\" sizes=\"auto, (max-width: 1024px) 100vw, 1024px\" \/><\/figure><\/div>\n\n\n\n<p class=\"has-text-align-center\">La journ\u00e9e s&rsquo;est termin\u00e9e par un rassemblement de l&rsquo;ensemble du groupe avec l&rsquo;\u00e9quipe de l&rsquo;entreprise VANDERSANDEN sous les applaudissements et les remerciements.<\/p>\n\n\n\n<p class=\"has-text-align-center\">Merci \u00e0 tous les organisateurs et \u00e9galement \u00e0 Monsieur COLPIN S\u00e9bastien enseignant g\u00e9nie civil construction et \u00e9conomie au LP L.Bl\u00e9riot de Cambrai qui nous a permis de b\u00e9n\u00e9ficier de la relation \u00e9cole\/entreprise qu&rsquo;il a cr\u00e9\u00e9e avec l&rsquo;entreprise. Merci \u00e9galement \u00e0 Monsieur PERRIN Gr\u00e9gory et Monsieur GOULAOUIC Emeric enseignants en g\u00e9nie civil construction et r\u00e9alisation des ouvrages pour leur investissement et implication sur cette journ\u00e9e.<\/p>\n\n\n<div class=\"wp-block-image\">\n<figure class=\"aligncenter size-large is-resized\"><img loading=\"lazy\" decoding=\"async\" width=\"1024\" height=\"713\" src=\"https:\/\/pedagogie.ac-lille.fr\/metiers-btp\/wp-content\/uploads\/sites\/5\/2023\/12\/photo-de-groupe-1024x713.png\" alt=\"\" class=\"wp-image-2794\" style=\"width:394px;height:auto\" srcset=\"https:\/\/pedagogie.ac-lille.fr\/metiers-btp\/wp-content\/uploads\/sites\/5\/2023\/12\/photo-de-groupe-1024x713.png 1024w, https:\/\/pedagogie.ac-lille.fr\/metiers-btp\/wp-content\/uploads\/sites\/5\/2023\/12\/photo-de-groupe-300x209.png 300w, https:\/\/pedagogie.ac-lille.fr\/metiers-btp\/wp-content\/uploads\/sites\/5\/2023\/12\/photo-de-groupe-768x535.png 768w, https:\/\/pedagogie.ac-lille.fr\/metiers-btp\/wp-content\/uploads\/sites\/5\/2023\/12\/photo-de-groupe.png 1127w\" sizes=\"auto, (max-width: 1024px) 100vw, 1024px\" \/><\/figure>\n<\/div>\n\n\n<p class=\"has-text-align-center\">Avec mes sinc\u00e8res remerciements.<\/p>\n\n\n\n<p class=\"has-text-align-center\">Cordialement. Sandrine MYKAJ<\/p>\n","protected":false},"excerpt":{"rendered":"<p>Partenaire professionnel de la journ\u00e9e technique : entreprise VANDERSANDEN &#8211; ZAC&nbsp;de&nbsp;la&nbsp;Cavale&nbsp;Rouge,&nbsp; 14&nbsp;Avenue&nbsp;de&nbsp;Machelen,&nbsp;FR\u201159250&nbsp;Halluin Support de l&rsquo;action : Campus des m\u00e9tiers et des qualifications BSEI 3.0 Organisateurs de l&rsquo;entreprise VANDERSANDEN : Madame MARIS Sara coordonnatrice de la formation technique et Messieurs DELOUVROY Laurent directeur des ventes, FRANCHOIS Baptiste responsable commercial nord, BEGUIN Christian technico-commercial Ludovic POIRRIER Directeur [&hellip;]<\/p>\n","protected":false},"author":13,"featured_media":0,"parent":0,"menu_order":0,"comment_status":"closed","ping_status":"closed","template":"","meta":{"ngg_post_thumbnail":0,"footnotes":""},"class_list":["post-2762","page","type-page","status-publish","czr-hentry"],"publishpress_future_action":{"enabled":false,"date":"2026-04-28 20:10:29","action":"change-status","newStatus":"draft","terms":[],"taxonomy":"","extraData":[]},"publishpress_future_workflow_manual_trigger":{"enabledWorkflows":[]},"_links":{"self":[{"href":"https:\/\/pedagogie.ac-lille.fr\/metiers-btp\/wp-json\/wp\/v2\/pages\/2762","targetHints":{"allow":["GET"]}}],"collection":[{"href":"https:\/\/pedagogie.ac-lille.fr\/metiers-btp\/wp-json\/wp\/v2\/pages"}],"about":[{"href":"https:\/\/pedagogie.ac-lille.fr\/metiers-btp\/wp-json\/wp\/v2\/types\/page"}],"author":[{"embeddable":true,"href":"https:\/\/pedagogie.ac-lille.fr\/metiers-btp\/wp-json\/wp\/v2\/users\/13"}],"replies":[{"embeddable":true,"href":"https:\/\/pedagogie.ac-lille.fr\/metiers-btp\/wp-json\/wp\/v2\/comments?post=2762"}],"version-history":[{"count":35,"href":"https:\/\/pedagogie.ac-lille.fr\/metiers-btp\/wp-json\/wp\/v2\/pages\/2762\/revisions"}],"predecessor-version":[{"id":2823,"href":"https:\/\/pedagogie.ac-lille.fr\/metiers-btp\/wp-json\/wp\/v2\/pages\/2762\/revisions\/2823"}],"wp:attachment":[{"href":"https:\/\/pedagogie.ac-lille.fr\/metiers-btp\/wp-json\/wp\/v2\/media?parent=2762"}],"curies":[{"name":"wp","href":"https:\/\/api.w.org\/{rel}","templated":true}]}}