{"id":2970,"date":"2024-04-28T21:27:05","date_gmt":"2024-04-28T19:27:05","guid":{"rendered":"https:\/\/pedagogie.ac-lille.fr\/metiers-btp\/?page_id=2970"},"modified":"2024-05-07T07:27:59","modified_gmt":"2024-05-07T05:27:59","slug":"transition-energetique-et-ecologique","status":"publish","type":"page","link":"https:\/\/pedagogie.ac-lille.fr\/metiers-btp\/transition-energetique-et-ecologique\/","title":{"rendered":"Transition \u00e9nerg\u00e9tique et \u00e9cologique"},"content":{"rendered":"\n<p>Ressources relatives \u00e0 la transition \u00e9nerg\u00e9tique et \u00e9cologique<\/p>\n\n\n\n<h2 class=\"wp-block-heading\">Construire en b\u00e9ton de chanvre<\/h2>\n\n\n\n<div class=\"wp-block-media-text is-stacked-on-mobile\" style=\"grid-template-columns:30% auto\"><figure class=\"wp-block-media-text__media\"><img loading=\"lazy\" decoding=\"async\" width=\"1005\" height=\"721\" src=\"https:\/\/pedagogie.ac-lille.fr\/metiers-btp\/wp-content\/uploads\/sites\/5\/2024\/04\/chanvre.png\" alt=\"\" class=\"wp-image-2971 size-full\" srcset=\"https:\/\/pedagogie.ac-lille.fr\/metiers-btp\/wp-content\/uploads\/sites\/5\/2024\/04\/chanvre.png 1005w, https:\/\/pedagogie.ac-lille.fr\/metiers-btp\/wp-content\/uploads\/sites\/5\/2024\/04\/chanvre-300x215.png 300w, https:\/\/pedagogie.ac-lille.fr\/metiers-btp\/wp-content\/uploads\/sites\/5\/2024\/04\/chanvre-768x551.png 768w\" sizes=\"auto, (max-width: 1005px) 100vw, 1005px\" \/><\/figure><div class=\"wp-block-media-text__content\">\n<p>Dans le cadre du Plan Acad\u00e9mique de Formation 2023-2024, une formation en distanciel s&rsquo;est tenue sur la th\u00e9matique de la construction en b\u00e9ton de chanvre.<\/p>\n\n\n\n<p>Un GRAND MERCI \u00e0 Monsieur Jean-Luc ROULIN, professeur de lyc\u00e9e professionnel en g\u00e9nie civil construction et r\u00e9alisation des ouvrages et pr\u00e9sident de l&rsquo;association Bourgogne Franche-Comt\u00e9 chanvre, pour la grande qualit\u00e9 de son intervention ainsi que pour les ressources transmises.<\/p>\n<\/div><\/div>\n\n\n\n<p>Des ressources r\u00e9glementaires, techniques et p\u00e9dagogiques ont \u00e9t\u00e9 transmises \u00e0 l&rsquo;ensemble des directeurs d\u00e9l\u00e9gu\u00e9s aux formations pour diffusion aux \u00e9quipes concern\u00e9es ainsi qu&rsquo;aux professeurs qui ont particip\u00e9 \u00e0 la formation. Parmi ces ressources, figurent les ressources suivantes :<\/p>\n\n\n\n<div class=\"wp-block-media-text is-stacked-on-mobile\" style=\"grid-template-columns:35% auto\"><figure class=\"wp-block-media-text__media\"><img loading=\"lazy\" decoding=\"async\" width=\"1024\" height=\"469\" src=\"https:\/\/pedagogie.ac-lille.fr\/metiers-btp\/wp-content\/uploads\/sites\/5\/2024\/04\/tomes-1024x469.png\" alt=\"\" class=\"wp-image-2975 size-full\" srcset=\"https:\/\/pedagogie.ac-lille.fr\/metiers-btp\/wp-content\/uploads\/sites\/5\/2024\/04\/tomes-1024x469.png 1024w, https:\/\/pedagogie.ac-lille.fr\/metiers-btp\/wp-content\/uploads\/sites\/5\/2024\/04\/tomes-300x138.png 300w, https:\/\/pedagogie.ac-lille.fr\/metiers-btp\/wp-content\/uploads\/sites\/5\/2024\/04\/tomes-768x352.png 768w, https:\/\/pedagogie.ac-lille.fr\/metiers-btp\/wp-content\/uploads\/sites\/5\/2024\/04\/tomes.png 1152w\" sizes=\"auto, (max-width: 1024px) 100vw, 1024px\" \/><\/figure><div class=\"wp-block-media-text__content\">\n<p>Guide des bonnes pratiques Tomes <a href=\"https:\/\/www.construire-en-chanvre.fr\/documents\/pdf\/documentation\/CenC_Bonnes_Pratiques_Tome_1.pdf\">1<\/a>, <a href=\"https:\/\/www.construire-en-chanvre.fr\/documents\/pdf\/documentation\/CenC_Bonnes_Pratiques_Tome_3.pdf\">2<\/a> et <a href=\"https:\/\/www.construire-en-chanvre.fr\/documents\/pdf\/documentation\/CenC_Bonnes_Pratiques_Tome_3.pdf\">3<\/a><\/p>\n<\/div><\/div>\n\n\n\n<div class=\"wp-block-media-text has-media-on-the-right is-stacked-on-mobile\" style=\"grid-template-columns:auto 15%\"><div class=\"wp-block-media-text__content\">\n<p>Des exemples de projets p\u00e9dagogiques : quantitatifs mat\u00e9riaux, estimatifs, mat\u00e9riels,etc.<\/p>\n<\/div><figure class=\"wp-block-media-text__media\"><img loading=\"lazy\" decoding=\"async\" width=\"768\" height=\"1024\" src=\"https:\/\/pedagogie.ac-lille.fr\/metiers-btp\/wp-content\/uploads\/sites\/5\/2024\/04\/20220518_120431-768x1024.jpg\" alt=\"\" class=\"wp-image-2977 size-full\" srcset=\"https:\/\/pedagogie.ac-lille.fr\/metiers-btp\/wp-content\/uploads\/sites\/5\/2024\/04\/20220518_120431-768x1024.jpg 768w, https:\/\/pedagogie.ac-lille.fr\/metiers-btp\/wp-content\/uploads\/sites\/5\/2024\/04\/20220518_120431-225x300.jpg 225w, https:\/\/pedagogie.ac-lille.fr\/metiers-btp\/wp-content\/uploads\/sites\/5\/2024\/04\/20220518_120431-1152x1536.jpg 1152w, https:\/\/pedagogie.ac-lille.fr\/metiers-btp\/wp-content\/uploads\/sites\/5\/2024\/04\/20220518_120431-1536x2048.jpg 1536w, https:\/\/pedagogie.ac-lille.fr\/metiers-btp\/wp-content\/uploads\/sites\/5\/2024\/04\/20220518_120431-scaled.jpg 1920w\" sizes=\"auto, (max-width: 768px) 100vw, 768px\" \/><\/figure><\/div>\n\n\n\n<div class=\"wp-block-media-text is-stacked-on-mobile\" style=\"grid-template-columns:15% auto\"><figure class=\"wp-block-media-text__media\"><img loading=\"lazy\" decoding=\"async\" width=\"580\" height=\"811\" src=\"https:\/\/pedagogie.ac-lille.fr\/metiers-btp\/wp-content\/uploads\/sites\/5\/2024\/04\/synthes.png\" alt=\"\" class=\"wp-image-2978 size-full\" srcset=\"https:\/\/pedagogie.ac-lille.fr\/metiers-btp\/wp-content\/uploads\/sites\/5\/2024\/04\/synthes.png 580w, https:\/\/pedagogie.ac-lille.fr\/metiers-btp\/wp-content\/uploads\/sites\/5\/2024\/04\/synthes-215x300.png 215w\" sizes=\"auto, (max-width: 580px) 100vw, 580px\" \/><\/figure><div class=\"wp-block-media-text__content\">\n<p>Un exemple de fiche synth\u00e8se relatives \u00e0 la probl\u00e9matique professionnelle : comment construire en b\u00e9ton de chanvre? <\/p>\n\n\n\n<p>D\u00e9couvrir la <a href=\"https:\/\/cro-ce-medias.discipline.ac-lille.fr\/acces-restreint\/ECOLOGIE\/Fiche%20synth%C3%A8se_beton_chanvre.pdf\">fiche synth\u00e8se<\/a>.<\/p>\n<\/div><\/div>\n\n\n\n<p>L&rsquo;ensemble des ressources exploit\u00e9es par Monsieur ROULIN lors de son intervention, ont \u00e9t\u00e9 transmises \u00e0 l&rsquo;ensemble des Directeurs d\u00e9l\u00e9gu\u00e9s aux formations des \u00e9tablissements de la fili\u00e8re gros-oeuvre pour diffusion aux enseignants du g\u00e9nie civil construction et \u00e9conomie et du g\u00e9nie civil construction et r\u00e9alisation des ouvrages.<\/p>\n\n\n\n<p>Des \u00e9v\u00e9nements \u00e0 venir dans notre r\u00e9gion : <\/p>\n\n\n\n<div class=\"wp-block-media-text is-stacked-on-mobile\" style=\"grid-template-columns:35% auto\"><figure class=\"wp-block-media-text__media\"><img loading=\"lazy\" decoding=\"async\" width=\"1024\" height=\"523\" src=\"https:\/\/pedagogie.ac-lille.fr\/metiers-btp\/wp-content\/uploads\/sites\/5\/2024\/04\/hts-1024x523.png\" alt=\"\" class=\"wp-image-2981 size-full\" srcset=\"https:\/\/pedagogie.ac-lille.fr\/metiers-btp\/wp-content\/uploads\/sites\/5\/2024\/04\/hts-1024x523.png 1024w, https:\/\/pedagogie.ac-lille.fr\/metiers-btp\/wp-content\/uploads\/sites\/5\/2024\/04\/hts-300x153.png 300w, https:\/\/pedagogie.ac-lille.fr\/metiers-btp\/wp-content\/uploads\/sites\/5\/2024\/04\/hts-768x392.png 768w, https:\/\/pedagogie.ac-lille.fr\/metiers-btp\/wp-content\/uploads\/sites\/5\/2024\/04\/hts.png 1269w\" sizes=\"auto, (max-width: 1024px) 100vw, 1024px\" \/><\/figure><div class=\"wp-block-media-text__content\">\n<p>11 juin 2024 &#8211; Journ\u00e9e du biosourc\u00e9 et du g\u00e9osourc\u00e9<\/p>\n\n\n\n<p><a href=\"https:\/\/biosource-batiment-hdf.batlab.fr\/\">En savoir plus<\/a><\/p>\n<\/div><\/div>\n\n\n\n<h3 class=\"wp-block-heading\">Mutualisation de ressources en acad\u00e9mie<\/h3>\n\n\n\n<div class=\"wp-block-media-text is-stacked-on-mobile\" style=\"grid-template-columns:15% auto\"><figure class=\"wp-block-media-text__media\"><img loading=\"lazy\" decoding=\"async\" width=\"973\" height=\"600\" src=\"https:\/\/pedagogie.ac-lille.fr\/metiers-btp\/wp-content\/uploads\/sites\/5\/2024\/05\/MR-CABARET.png\" alt=\"\" class=\"wp-image-2995 size-full\" srcset=\"https:\/\/pedagogie.ac-lille.fr\/metiers-btp\/wp-content\/uploads\/sites\/5\/2024\/05\/MR-CABARET.png 973w, https:\/\/pedagogie.ac-lille.fr\/metiers-btp\/wp-content\/uploads\/sites\/5\/2024\/05\/MR-CABARET-300x185.png 300w, https:\/\/pedagogie.ac-lille.fr\/metiers-btp\/wp-content\/uploads\/sites\/5\/2024\/05\/MR-CABARET-768x474.png 768w, https:\/\/pedagogie.ac-lille.fr\/metiers-btp\/wp-content\/uploads\/sites\/5\/2024\/05\/MR-CABARET-570x350.png 570w\" sizes=\"auto, (max-width: 973px) 100vw, 973px\" \/><\/figure><div class=\"wp-block-media-text__content\">\n<p>Monsieur CABARET J\u00e9r\u00f4me professeur de lyc\u00e9e professionnel en g\u00e9nie civil construction et r\u00e9alisation des ouvrages au LP B.Chochoy de Lumbres partage avec les coll\u00e8gues de la fili\u00e8re les \u00e9l\u00e9ments de formation, issus de la d\u00e9monstration de pose de blocs de chanvre en isolation. La d\u00e9monstration \u00e9tait \u00e0 destination des \u00e9l\u00e8ves de seconde famille des m\u00e9tiers CDBTP et anim\u00e9e par l&rsquo;architecte du parc des Caps et marais d&rsquo;Opale ainsi que par un artisan. L&rsquo;objectif \u00e9tait de r\u00e9nover le laboratoire de l&rsquo;\u00e9tablissement en utilisant cette technique de construction. Il est \u00e0 noter qu&rsquo;\u00e0 ce jour, l&rsquo;isolation est termin\u00e9e. Les apprenants entament les enduits.<\/p>\n\n\n\n<p>MERCI \u00e0 Monsieur CABARET pour le partage et bravo \u00e0 l&rsquo;\u00e9quipe enseignante et \u00e0 l&rsquo;\u00e9quipe d&rsquo;\u00e9l\u00e8ves.<\/p>\n\n\n\n<p>D\u00e9couvrir le <a href=\"http:\/\/cro-ce-medias.discipline.ac-lille.fr\/acces-restreint\/ECOLOGIE\/chanvrefmcd-compress%C3%A9-1.pdf\">diaporama ressources<\/a>.<\/p>\n<\/div><\/div>\n","protected":false},"excerpt":{"rendered":"<p>Ressources relatives \u00e0 la transition \u00e9nerg\u00e9tique et \u00e9cologique Construire en b\u00e9ton de chanvre Dans le cadre du Plan Acad\u00e9mique de Formation 2023-2024, une formation en distanciel s&rsquo;est tenue sur la th\u00e9matique de la construction en b\u00e9ton de chanvre. Un GRAND MERCI \u00e0 Monsieur Jean-Luc ROULIN, professeur de lyc\u00e9e professionnel en g\u00e9nie civil construction et r\u00e9alisation [&hellip;]<\/p>\n","protected":false},"author":13,"featured_media":0,"parent":0,"menu_order":0,"comment_status":"closed","ping_status":"closed","template":"","meta":{"ngg_post_thumbnail":0,"footnotes":""},"class_list":["post-2970","page","type-page","status-publish","czr-hentry"],"publishpress_future_action":{"enabled":false,"date":"2026-04-28 20:10:30","action":"change-status","newStatus":"draft","terms":[],"taxonomy":"","extraData":[]},"publishpress_future_workflow_manual_trigger":{"enabledWorkflows":[]},"_links":{"self":[{"href":"https:\/\/pedagogie.ac-lille.fr\/metiers-btp\/wp-json\/wp\/v2\/pages\/2970","targetHints":{"allow":["GET"]}}],"collection":[{"href":"https:\/\/pedagogie.ac-lille.fr\/metiers-btp\/wp-json\/wp\/v2\/pages"}],"about":[{"href":"https:\/\/pedagogie.ac-lille.fr\/metiers-btp\/wp-json\/wp\/v2\/types\/page"}],"author":[{"embeddable":true,"href":"https:\/\/pedagogie.ac-lille.fr\/metiers-btp\/wp-json\/wp\/v2\/users\/13"}],"replies":[{"embeddable":true,"href":"https:\/\/pedagogie.ac-lille.fr\/metiers-btp\/wp-json\/wp\/v2\/comments?post=2970"}],"version-history":[{"count":15,"href":"https:\/\/pedagogie.ac-lille.fr\/metiers-btp\/wp-json\/wp\/v2\/pages\/2970\/revisions"}],"predecessor-version":[{"id":3001,"href":"https:\/\/pedagogie.ac-lille.fr\/metiers-btp\/wp-json\/wp\/v2\/pages\/2970\/revisions\/3001"}],"wp:attachment":[{"href":"https:\/\/pedagogie.ac-lille.fr\/metiers-btp\/wp-json\/wp\/v2\/media?parent=2970"}],"curies":[{"name":"wp","href":"https:\/\/api.w.org\/{rel}","templated":true}]}}