{"id":3034,"date":"2024-06-27T15:43:43","date_gmt":"2024-06-27T13:43:43","guid":{"rendered":"https:\/\/pedagogie.ac-lille.fr\/metiers-btp\/?page_id=3034"},"modified":"2024-06-27T16:51:51","modified_gmt":"2024-06-27T14:51:51","slug":"accompagnement-pedagogique","status":"publish","type":"page","link":"https:\/\/pedagogie.ac-lille.fr\/metiers-btp\/accompagnement-pedagogique\/","title":{"rendered":"Accompagnement sp\u00e9cifique"},"content":{"rendered":"\n<p>Les pages qui vont suivre proposent des recommandations p\u00e9dagogiques, des exemples inspirants de mises en \u0153uvre de dispositifs, etc. relatives aux dispositifs nouvellement introduits ou modifi\u00e9s par les r\u00e9formes.<\/p>\n\n\n\n<ul class=\"wp-block-list\">\n<li>les options en \u00e9tablissement<\/li>\n<\/ul>\n\n\n\n<div class=\"wp-block-media-text is-stacked-on-mobile\" style=\"grid-template-columns:19% auto\"><figure class=\"wp-block-media-text__media\"><img loading=\"lazy\" decoding=\"async\" width=\"673\" height=\"468\" src=\"https:\/\/pedagogie.ac-lille.fr\/metiers-btp\/wp-content\/uploads\/sites\/5\/2024\/06\/3D-2.png\" alt=\"\" class=\"wp-image-3038 size-full\" srcset=\"https:\/\/pedagogie.ac-lille.fr\/metiers-btp\/wp-content\/uploads\/sites\/5\/2024\/06\/3D-2.png 673w, https:\/\/pedagogie.ac-lille.fr\/metiers-btp\/wp-content\/uploads\/sites\/5\/2024\/06\/3D-2-300x209.png 300w\" sizes=\"auto, (max-width: 673px) 100vw, 673px\" \/><\/figure><div class=\"wp-block-media-text__content\">\n<p>Ressources relatives \u00e0 la mise en \u0153uvre des options.<\/p>\n\n\n\n<p><a href=\"https:\/\/pedagogie.ac-lille.fr\/metiers-btp\/les-options\/\">En savoir plus<\/a><\/p>\n<\/div><\/div>\n\n\n\n<ul class=\"wp-block-list\">\n<li>le projet<\/li>\n<\/ul>\n\n\n\n<div class=\"wp-block-media-text is-stacked-on-mobile\" style=\"grid-template-columns:34% auto\"><figure class=\"wp-block-media-text__media\"><img loading=\"lazy\" decoding=\"async\" width=\"1024\" height=\"711\" src=\"https:\/\/pedagogie.ac-lille.fr\/metiers-btp\/wp-content\/uploads\/sites\/5\/2024\/06\/165112-1024x711.jpg\" alt=\"\" class=\"wp-image-3065 size-full\" srcset=\"https:\/\/pedagogie.ac-lille.fr\/metiers-btp\/wp-content\/uploads\/sites\/5\/2024\/06\/165112-1024x711.jpg 1024w, https:\/\/pedagogie.ac-lille.fr\/metiers-btp\/wp-content\/uploads\/sites\/5\/2024\/06\/165112-300x208.jpg 300w, https:\/\/pedagogie.ac-lille.fr\/metiers-btp\/wp-content\/uploads\/sites\/5\/2024\/06\/165112-768x533.jpg 768w, https:\/\/pedagogie.ac-lille.fr\/metiers-btp\/wp-content\/uploads\/sites\/5\/2024\/06\/165112.jpg 1164w\" sizes=\"auto, (max-width: 1024px) 100vw, 1024px\" \/><\/figure><div class=\"wp-block-media-text__content\">\n<p>Ressources relatives \u00e0 la mise en \u0153uvre du projet.<\/p>\n\n\n\n<p><a href=\"https:\/\/pedagogie.ac-lille.fr\/metiers-btp\/le-projet-en-premiere-et-terminale-bac-pro\/\">En savoir plus<\/a><\/p>\n<\/div><\/div>\n","protected":false},"excerpt":{"rendered":"<p>Les pages qui vont suivre proposent des recommandations p\u00e9dagogiques, des exemples inspirants de mises en \u0153uvre de dispositifs, etc. relatives aux dispositifs nouvellement introduits ou modifi\u00e9s par les r\u00e9formes. Ressources relatives \u00e0 la mise en \u0153uvre des options. En savoir plus Ressources relatives \u00e0 la mise en \u0153uvre du projet. En savoir plus<\/p>\n","protected":false},"author":13,"featured_media":0,"parent":0,"menu_order":0,"comment_status":"closed","ping_status":"closed","template":"","meta":{"ngg_post_thumbnail":0,"footnotes":""},"class_list":["post-3034","page","type-page","status-publish","czr-hentry"],"publishpress_future_action":{"enabled":false,"date":"2026-04-28 20:10:19","action":"change-status","newStatus":"draft","terms":[],"taxonomy":"","extraData":[]},"publishpress_future_workflow_manual_trigger":{"enabledWorkflows":[]},"_links":{"self":[{"href":"https:\/\/pedagogie.ac-lille.fr\/metiers-btp\/wp-json\/wp\/v2\/pages\/3034","targetHints":{"allow":["GET"]}}],"collection":[{"href":"https:\/\/pedagogie.ac-lille.fr\/metiers-btp\/wp-json\/wp\/v2\/pages"}],"about":[{"href":"https:\/\/pedagogie.ac-lille.fr\/metiers-btp\/wp-json\/wp\/v2\/types\/page"}],"author":[{"embeddable":true,"href":"https:\/\/pedagogie.ac-lille.fr\/metiers-btp\/wp-json\/wp\/v2\/users\/13"}],"replies":[{"embeddable":true,"href":"https:\/\/pedagogie.ac-lille.fr\/metiers-btp\/wp-json\/wp\/v2\/comments?post=3034"}],"version-history":[{"count":8,"href":"https:\/\/pedagogie.ac-lille.fr\/metiers-btp\/wp-json\/wp\/v2\/pages\/3034\/revisions"}],"predecessor-version":[{"id":3066,"href":"https:\/\/pedagogie.ac-lille.fr\/metiers-btp\/wp-json\/wp\/v2\/pages\/3034\/revisions\/3066"}],"wp:attachment":[{"href":"https:\/\/pedagogie.ac-lille.fr\/metiers-btp\/wp-json\/wp\/v2\/media?parent=3034"}],"curies":[{"name":"wp","href":"https:\/\/api.w.org\/{rel}","templated":true}]}}