{"id":3059,"date":"2024-06-27T16:46:58","date_gmt":"2024-06-27T14:46:58","guid":{"rendered":"https:\/\/pedagogie.ac-lille.fr\/metiers-btp\/?page_id=3059"},"modified":"2024-07-01T13:12:08","modified_gmt":"2024-07-01T11:12:08","slug":"le-projet-en-premiere-et-terminale-bac-pro","status":"publish","type":"page","link":"https:\/\/pedagogie.ac-lille.fr\/metiers-btp\/le-projet-en-premiere-et-terminale-bac-pro\/","title":{"rendered":"Le projet en premi\u00e8re et terminale BAC PRO"},"content":{"rendered":"\n<p>Cadre r\u00e9glementaire : D\u00e9cret n\u00b0 2024-542 du 13 juin 2024 &#8211; <a href=\"https:\/\/www.legifrance.gouv.fr\/jorf\/id\/JORFTEXT000049722032\">consulter le texte<\/a><\/p>\n\n\n\n<p id=\"JORFARTI000049722037-1\">Extrait : <a href=\"https:\/\/www.legifrance.gouv.fr\/jorf\/article_jo\/JORFARTI000049722037\">Article 1<\/a><\/p>\n\n\n\n<p><br>La <a href=\"https:\/\/www.legifrance.gouv.fr\/affichCode.do?cidTexte=LEGITEXT000006071191&amp;idSectionTA=LEGISCTA000006166836&amp;dateTexte=&amp;categorieLien=cid\">section 3 du chapitre VII du titre III du livre III de la partie r\u00e9glementaire du code de l&rsquo;\u00e9ducation <\/a>est ainsi modifi\u00e9e :<br>1\u00b0 Au premier alin\u00e9a de l&rsquo;article D. 337-65, apr\u00e8s les mots : \u00ab milieu professionnel \u00bb, sont ins\u00e9r\u00e9s les mots : \u00ab exig\u00e9e pour se pr\u00e9senter \u00e0 l&rsquo;examen \u00bb ;<br>2\u00b0 L&rsquo;article D. 337-66-1 est ainsi modifi\u00e9 :<br>a) A la premi\u00e8re phrase des premier et deuxi\u00e8me alin\u00e9as, <strong>le mot : \u00ab chef-d&rsquo;\u0153uvre \u00bb est remplac\u00e9 par le mot : \u00ab projet \u00bb ;<\/strong><br>b) La seconde phrase du premier alin\u00e9a est remplac\u00e9e par les dispositions suivantes : <strong>\u00ab Le candidat mobilise \u00e0 travers ce projet, dont la pr\u00e9paration peut \u00eatre individuelle ou collective, des comp\u00e9tences acquises dans le cadre d&rsquo;un ou plusieurs enseignements. \u00bb<\/strong> ;<br>3\u00b0 Le deuxi\u00e8me alin\u00e9a de l&rsquo;article D. 337-69 et le dernier alin\u00e9a de l&rsquo;article D. 337-82 sont compl\u00e9t\u00e9s par les mots : \u00ab exig\u00e9e pour se pr\u00e9senter \u00e0 l&rsquo;examen \u00bb.<\/p>\n\n\n\n<p><strong>Remarque<\/strong> : les modalit\u00e9s d&rsquo;\u00e9valuation du projet sont identiques \u00e0 celles mises en \u0153uvre jusqu&rsquo;alors pour l&rsquo;\u00e9valuation du chef-d\u2019\u0153uvre en BAC PRO. <\/p>\n\n\n\n<p>Ci-apr\u00e8s les documents d&rsquo;accompagnement mis \u00e0 jour :<\/p>\n\n\n\n<div class=\"wp-block-media-text is-stacked-on-mobile\" style=\"grid-template-columns:21% auto\"><figure class=\"wp-block-media-text__media\"><img loading=\"lazy\" decoding=\"async\" width=\"1024\" height=\"711\" src=\"https:\/\/pedagogie.ac-lille.fr\/metiers-btp\/wp-content\/uploads\/sites\/5\/2024\/06\/165112-2-1024x711.jpg\" alt=\"\" class=\"wp-image-3072 size-full\" srcset=\"https:\/\/pedagogie.ac-lille.fr\/metiers-btp\/wp-content\/uploads\/sites\/5\/2024\/06\/165112-2-1024x711.jpg 1024w, https:\/\/pedagogie.ac-lille.fr\/metiers-btp\/wp-content\/uploads\/sites\/5\/2024\/06\/165112-2-300x208.jpg 300w, https:\/\/pedagogie.ac-lille.fr\/metiers-btp\/wp-content\/uploads\/sites\/5\/2024\/06\/165112-2-768x533.jpg 768w, https:\/\/pedagogie.ac-lille.fr\/metiers-btp\/wp-content\/uploads\/sites\/5\/2024\/06\/165112-2.jpg 1164w\" sizes=\"auto, (max-width: 1024px) 100vw, 1024px\" \/><\/figure><div class=\"wp-block-media-text__content\">\n<p><a href=\"http:\/\/cro-ce-medias.discipline.ac-lille.fr\/acces-restreint\/OPTIONS\/A3_chef_d_oeuvre_juin2024.pdf\">D\u00e9couvrir le document.<\/a><\/p>\n<\/div><\/div>\n\n\n\n<div class=\"wp-block-media-text is-stacked-on-mobile\" style=\"grid-template-columns:21% auto\"><figure class=\"wp-block-media-text__media\"><img loading=\"lazy\" decoding=\"async\" width=\"1024\" height=\"719\" src=\"https:\/\/pedagogie.ac-lille.fr\/metiers-btp\/wp-content\/uploads\/sites\/5\/2024\/06\/170204-1024x719.jpg\" alt=\"\" class=\"wp-image-3075 size-full\" srcset=\"https:\/\/pedagogie.ac-lille.fr\/metiers-btp\/wp-content\/uploads\/sites\/5\/2024\/06\/170204-1024x719.jpg 1024w, https:\/\/pedagogie.ac-lille.fr\/metiers-btp\/wp-content\/uploads\/sites\/5\/2024\/06\/170204-300x211.jpg 300w, https:\/\/pedagogie.ac-lille.fr\/metiers-btp\/wp-content\/uploads\/sites\/5\/2024\/06\/170204-768x539.jpg 768w, https:\/\/pedagogie.ac-lille.fr\/metiers-btp\/wp-content\/uploads\/sites\/5\/2024\/06\/170204.jpg 1162w\" sizes=\"auto, (max-width: 1024px) 100vw, 1024px\" \/><\/figure><div class=\"wp-block-media-text__content\">\n<p><a href=\"http:\/\/cro-ce-medias.discipline.ac-lille.fr\/acces-restreint\/PROJET\/A3_BACPRO_projet.pdf\">D\u00e9couvrir le document.<\/a><\/p>\n<\/div><\/div>\n","protected":false},"excerpt":{"rendered":"<p>Cadre r\u00e9glementaire : D\u00e9cret n\u00b0 2024-542 du 13 juin 2024 &#8211; consulter le texte Extrait : Article 1 La section 3 du chapitre VII du titre III du livre III de la partie r\u00e9glementaire du code de l&rsquo;\u00e9ducation est ainsi modifi\u00e9e :1\u00b0 Au premier alin\u00e9a de l&rsquo;article D. 337-65, apr\u00e8s les mots : \u00ab milieu [&hellip;]<\/p>\n","protected":false},"author":13,"featured_media":0,"parent":0,"menu_order":0,"comment_status":"closed","ping_status":"closed","template":"","meta":{"ngg_post_thumbnail":0,"footnotes":""},"class_list":["post-3059","page","type-page","status-publish","czr-hentry"],"publishpress_future_action":{"enabled":false,"date":"2026-04-28 20:10:29","action":"change-status","newStatus":"draft","terms":[],"taxonomy":"","extraData":[]},"publishpress_future_workflow_manual_trigger":{"enabledWorkflows":[]},"_links":{"self":[{"href":"https:\/\/pedagogie.ac-lille.fr\/metiers-btp\/wp-json\/wp\/v2\/pages\/3059","targetHints":{"allow":["GET"]}}],"collection":[{"href":"https:\/\/pedagogie.ac-lille.fr\/metiers-btp\/wp-json\/wp\/v2\/pages"}],"about":[{"href":"https:\/\/pedagogie.ac-lille.fr\/metiers-btp\/wp-json\/wp\/v2\/types\/page"}],"author":[{"embeddable":true,"href":"https:\/\/pedagogie.ac-lille.fr\/metiers-btp\/wp-json\/wp\/v2\/users\/13"}],"replies":[{"embeddable":true,"href":"https:\/\/pedagogie.ac-lille.fr\/metiers-btp\/wp-json\/wp\/v2\/comments?post=3059"}],"version-history":[{"count":5,"href":"https:\/\/pedagogie.ac-lille.fr\/metiers-btp\/wp-json\/wp\/v2\/pages\/3059\/revisions"}],"predecessor-version":[{"id":3079,"href":"https:\/\/pedagogie.ac-lille.fr\/metiers-btp\/wp-json\/wp\/v2\/pages\/3059\/revisions\/3079"}],"wp:attachment":[{"href":"https:\/\/pedagogie.ac-lille.fr\/metiers-btp\/wp-json\/wp\/v2\/media?parent=3059"}],"curies":[{"name":"wp","href":"https:\/\/api.w.org\/{rel}","templated":true}]}}