{"id":3183,"date":"2024-09-06T13:19:16","date_gmt":"2024-09-06T11:19:16","guid":{"rendered":"https:\/\/pedagogie.ac-lille.fr\/metiers-btp\/?page_id=3183"},"modified":"2024-09-06T14:28:24","modified_gmt":"2024-09-06T12:28:24","slug":"caprev","status":"publish","type":"page","link":"https:\/\/pedagogie.ac-lille.fr\/metiers-btp\/caprev\/","title":{"rendered":"CAP&rsquo;REV"},"content":{"rendered":"\n<p><strong>POURQUOI CAP&rsquo;REV ?<\/strong><\/p>\n\n\n\n<p class=\"has-text-align-center\">L\u2019\u00c9tat a lanc\u00e9 un plan d\u2019acc\u00e9l\u00e9ration massif de la transformation et de l\u2019hybridation de la formation professionnelle qui fait suite, entre autres, aux diff\u00e9rentes crises sanitaires ayant n\u00e9cessit\u00e9 une avanc\u00e9e rapide de la formation \u00e0 distance.L\u2019enjeu est donc d\u2019accompagner les acteurs de la formation dans la transformation et l\u2019\u00e9volution des pratiques.<\/p>\n\n\n\n<p><strong>QUOI ?<\/strong><\/p>\n\n\n\n<p class=\"has-text-align-center\">Pour r\u00e9pondre aux orientations donn\u00e9es par le Minist\u00e8re de la Sant\u00e9 et de la Pr\u00e9vention, le Minist\u00e8re de la Transition \u00e9cologique et le Minist\u00e8re du travail, du plein emploi et de l\u2019insertion ainsi qu&rsquo;aux enjeux de la fili\u00e8re du b\u00e2timent et des travaux publics, une volont\u00e9 a ainsi \u00e9merg\u00e9 au Lyc\u00e9e Professionnel Jules Verne d\u2019\u00c9taples de cr\u00e9er une synergie autour d\u2019un projet de mise \u00e0 disposition de modules de formation immersifs. Le projet soutenu organisationnellement et financi\u00e8rement par le GIP-FCIP a \u00e9t\u00e9 lanc\u00e9 en juillet 2022. Des groupes de travail rassemblant l&rsquo;ensemble des partenaires ont permis de d\u00e9finir des axes de travail :<\/p>\n\n\n<div class=\"wp-block-image\">\n<figure class=\"aligncenter size-full is-resized\"><img loading=\"lazy\" decoding=\"async\" width=\"1018\" height=\"589\" src=\"https:\/\/pedagogie.ac-lille.fr\/metiers-btp\/wp-content\/uploads\/sites\/5\/2024\/08\/axes.jpg\" alt=\"\" class=\"wp-image-3195\" style=\"width:466px;height:auto\" srcset=\"https:\/\/pedagogie.ac-lille.fr\/metiers-btp\/wp-content\/uploads\/sites\/5\/2024\/08\/axes.jpg 1018w, https:\/\/pedagogie.ac-lille.fr\/metiers-btp\/wp-content\/uploads\/sites\/5\/2024\/08\/axes-300x174.jpg 300w, https:\/\/pedagogie.ac-lille.fr\/metiers-btp\/wp-content\/uploads\/sites\/5\/2024\/08\/axes-768x444.jpg 768w\" sizes=\"auto, (max-width: 1018px) 100vw, 1018px\" \/><\/figure>\n<\/div>\n\n\n<p><strong>QUI ?<\/strong><\/p>\n\n\n\n<div class=\"wp-block-media-text is-stacked-on-mobile\"><figure class=\"wp-block-media-text__media\"><img loading=\"lazy\" decoding=\"async\" width=\"449\" height=\"167\" src=\"https:\/\/pedagogie.ac-lille.fr\/metiers-btp\/wp-content\/uploads\/sites\/5\/2024\/08\/chefferie.jpg\" alt=\"\" class=\"wp-image-3191 size-full\" srcset=\"https:\/\/pedagogie.ac-lille.fr\/metiers-btp\/wp-content\/uploads\/sites\/5\/2024\/08\/chefferie.jpg 449w, https:\/\/pedagogie.ac-lille.fr\/metiers-btp\/wp-content\/uploads\/sites\/5\/2024\/08\/chefferie-300x112.jpg 300w\" sizes=\"auto, (max-width: 449px) 100vw, 449px\" \/><\/figure><div class=\"wp-block-media-text__content\">\n<p>Support du projet : Lyc\u00e9e Professionnel Jules VERNE d&rsquo;Etaples.<\/p>\n\n\n\n<p>Le projet CAP\u2019REV s&rsquo;appuie sur un comit\u00e9 de pilotage (chefferie de projet), une \u00e9quipe enseignante experte sur le plan disciplinaire et p\u00e9dagogique, des experts de la RV RA, des experts du service juridique du GIP FCIP et en lien avec les branches professionnelles concern\u00e9es.<\/p>\n<\/div><\/div>\n\n\n\n<p>Il mobilise diff\u00e9rents acteurs du b\u00e2timent et des travaux publics (acteurs du public, du priv\u00e9, du monde associatif et de tiers-lieux).<\/p>\n\n\n\n<figure class=\"wp-block-image size-full\"><img loading=\"lazy\" decoding=\"async\" width=\"690\" height=\"78\" src=\"https:\/\/pedagogie.ac-lille.fr\/metiers-btp\/wp-content\/uploads\/sites\/5\/2024\/08\/partenaire-1.jpg\" alt=\"\" class=\"wp-image-3197\" srcset=\"https:\/\/pedagogie.ac-lille.fr\/metiers-btp\/wp-content\/uploads\/sites\/5\/2024\/08\/partenaire-1.jpg 690w, https:\/\/pedagogie.ac-lille.fr\/metiers-btp\/wp-content\/uploads\/sites\/5\/2024\/08\/partenaire-1-300x34.jpg 300w\" sizes=\"auto, (max-width: 690px) 100vw, 690px\" \/><\/figure>\n\n\n\n<p><strong>O\u00f9 ?<\/strong><\/p>\n\n\n\n<p>sur le territoire de l&rsquo;acad\u00e9mie de Lille<\/p>\n\n\n\n<figure class=\"wp-block-image size-full is-resized\"><img loading=\"lazy\" decoding=\"async\" width=\"226\" height=\"226\" src=\"https:\/\/pedagogie.ac-lille.fr\/metiers-btp\/wp-content\/uploads\/sites\/5\/2024\/08\/logo.jpg\" alt=\"\" class=\"wp-image-3217\" style=\"width:91px;height:auto\" srcset=\"https:\/\/pedagogie.ac-lille.fr\/metiers-btp\/wp-content\/uploads\/sites\/5\/2024\/08\/logo.jpg 226w, https:\/\/pedagogie.ac-lille.fr\/metiers-btp\/wp-content\/uploads\/sites\/5\/2024\/08\/logo-150x150.jpg 150w\" sizes=\"auto, (max-width: 226px) 100vw, 226px\" \/><\/figure>\n\n\n\n<p><strong>COMMENT <\/strong>?<\/p>\n\n\n\n<p>Une acculturation \u00e0 la RV, RA et mixte des \u00e9quipes enseignantes a \u00e9t\u00e9 men\u00e9e. <\/p>\n\n\n\n<div class=\"wp-block-media-text is-stacked-on-mobile\" style=\"grid-template-columns:69% auto\"><figure class=\"wp-block-media-text__media\"><img loading=\"lazy\" decoding=\"async\" width=\"1003\" height=\"166\" src=\"https:\/\/pedagogie.ac-lille.fr\/metiers-btp\/wp-content\/uploads\/sites\/5\/2024\/08\/phases.jpg\" alt=\"\" class=\"wp-image-3202 size-full\" srcset=\"https:\/\/pedagogie.ac-lille.fr\/metiers-btp\/wp-content\/uploads\/sites\/5\/2024\/08\/phases.jpg 1003w, https:\/\/pedagogie.ac-lille.fr\/metiers-btp\/wp-content\/uploads\/sites\/5\/2024\/08\/phases-300x50.jpg 300w, https:\/\/pedagogie.ac-lille.fr\/metiers-btp\/wp-content\/uploads\/sites\/5\/2024\/08\/phases-768x127.jpg 768w\" sizes=\"auto, (max-width: 1003px) 100vw, 1003px\" \/><\/figure><div class=\"wp-block-media-text__content\">\n<p>Une m\u00e9thodologie de travail qui respecte le cadre r\u00e9glementaire des appels d&rsquo;offre publics a \u00e9t\u00e9 mise en place.<\/p>\n<\/div><\/div>\n\n\n\n<p><\/p>\n\n\n\n<div class=\"wp-block-media-text is-stacked-on-mobile\" style=\"grid-template-columns:40% auto\"><figure class=\"wp-block-media-text__media\"><img loading=\"lazy\" decoding=\"async\" width=\"771\" height=\"409\" src=\"https:\/\/pedagogie.ac-lille.fr\/metiers-btp\/wp-content\/uploads\/sites\/5\/2024\/08\/support.jpg\" alt=\"\" class=\"wp-image-3199 size-full\" srcset=\"https:\/\/pedagogie.ac-lille.fr\/metiers-btp\/wp-content\/uploads\/sites\/5\/2024\/08\/support.jpg 771w, https:\/\/pedagogie.ac-lille.fr\/metiers-btp\/wp-content\/uploads\/sites\/5\/2024\/08\/support-300x159.jpg 300w, https:\/\/pedagogie.ac-lille.fr\/metiers-btp\/wp-content\/uploads\/sites\/5\/2024\/08\/support-768x407.jpg 768w\" sizes=\"auto, (max-width: 771px) 100vw, 771px\" \/><\/figure><div class=\"wp-block-media-text__content\">\n<p>Un support technique issu de la mutualisation acad\u00e9mique des journ\u00e9es de formation du Plan Acad\u00e9mique de Formation a \u00e9t\u00e9 retenu comme environnement des modules de formation.<\/p>\n<\/div><\/div>\n\n\n\n<div class=\"wp-block-media-text is-stacked-on-mobile\" style=\"grid-template-columns:55% auto\"><figure class=\"wp-block-media-text__media\"><img loading=\"lazy\" decoding=\"async\" width=\"1024\" height=\"257\" src=\"https:\/\/pedagogie.ac-lille.fr\/metiers-btp\/wp-content\/uploads\/sites\/5\/2024\/08\/strategie-1024x257.jpg\" alt=\"\" class=\"wp-image-3201 size-full\" srcset=\"https:\/\/pedagogie.ac-lille.fr\/metiers-btp\/wp-content\/uploads\/sites\/5\/2024\/08\/strategie-1024x257.jpg 1024w, https:\/\/pedagogie.ac-lille.fr\/metiers-btp\/wp-content\/uploads\/sites\/5\/2024\/08\/strategie-300x75.jpg 300w, https:\/\/pedagogie.ac-lille.fr\/metiers-btp\/wp-content\/uploads\/sites\/5\/2024\/08\/strategie-768x193.jpg 768w, https:\/\/pedagogie.ac-lille.fr\/metiers-btp\/wp-content\/uploads\/sites\/5\/2024\/08\/strategie.jpg 1042w\" sizes=\"auto, (max-width: 1024px) 100vw, 1024px\" \/><\/figure><div class=\"wp-block-media-text__content\">\n<p>Une strat\u00e9gie p\u00e9dagogique appliqu\u00e9e pour l&rsquo;\u00e9laboration des modules de formation<\/p>\n<\/div><\/div>\n\n\n\n<div class=\"wp-block-media-text is-stacked-on-mobile\" style=\"grid-template-columns:40% auto\"><figure class=\"wp-block-media-text__media\"><img loading=\"lazy\" decoding=\"async\" width=\"412\" height=\"184\" src=\"https:\/\/pedagogie.ac-lille.fr\/metiers-btp\/wp-content\/uploads\/sites\/5\/2024\/08\/scenarios.jpg\" alt=\"\" class=\"wp-image-3204 size-full\" srcset=\"https:\/\/pedagogie.ac-lille.fr\/metiers-btp\/wp-content\/uploads\/sites\/5\/2024\/08\/scenarios.jpg 412w, https:\/\/pedagogie.ac-lille.fr\/metiers-btp\/wp-content\/uploads\/sites\/5\/2024\/08\/scenarios-300x134.jpg 300w\" sizes=\"auto, (max-width: 412px) 100vw, 412px\" \/><\/figure><div class=\"wp-block-media-text__content\">\n<p>Des sc\u00e9narios p\u00e9dagogiques r\u00e9pondant aux probl\u00e9matiques professionnelles relatives aux 3 axes de travail.<\/p>\n<\/div><\/div>\n\n\n\n<div class=\"wp-block-media-text is-stacked-on-mobile\" style=\"grid-template-columns:25% auto\"><figure class=\"wp-block-media-text__media\"><img loading=\"lazy\" decoding=\"async\" width=\"388\" height=\"199\" src=\"https:\/\/pedagogie.ac-lille.fr\/metiers-btp\/wp-content\/uploads\/sites\/5\/2024\/08\/prestataires.jpg\" alt=\"\" class=\"wp-image-3206 size-full\" srcset=\"https:\/\/pedagogie.ac-lille.fr\/metiers-btp\/wp-content\/uploads\/sites\/5\/2024\/08\/prestataires.jpg 388w, https:\/\/pedagogie.ac-lille.fr\/metiers-btp\/wp-content\/uploads\/sites\/5\/2024\/08\/prestataires-300x154.jpg 300w\" sizes=\"auto, (max-width: 388px) 100vw, 388px\" \/><\/figure><div class=\"wp-block-media-text__content\">\n<p>Des prestataires retenus suite \u00e0 l&rsquo;ouverture des plis.<\/p>\n<\/div><\/div>\n\n\n\n<div class=\"wp-block-media-text is-stacked-on-mobile\" style=\"grid-template-columns:38% auto\"><figure class=\"wp-block-media-text__media\"><img loading=\"lazy\" decoding=\"async\" width=\"414\" height=\"210\" src=\"https:\/\/pedagogie.ac-lille.fr\/metiers-btp\/wp-content\/uploads\/sites\/5\/2024\/08\/production.jpg\" alt=\"\" class=\"wp-image-3208 size-full\" srcset=\"https:\/\/pedagogie.ac-lille.fr\/metiers-btp\/wp-content\/uploads\/sites\/5\/2024\/08\/production.jpg 414w, https:\/\/pedagogie.ac-lille.fr\/metiers-btp\/wp-content\/uploads\/sites\/5\/2024\/08\/production-300x152.jpg 300w\" sizes=\"auto, (max-width: 414px) 100vw, 414px\" \/><\/figure><div class=\"wp-block-media-text__content\">\n<p>Une collaboration efficace entre les diff\u00e9rents acteurs : acteurs du projet CAP&rsquo;REV et prestataires retenus.<\/p>\n\n\n\n<p>R\u00e9alisation du module RV, valorisation du parcours de formation sous la forme d&rsquo;un open badge et retour d&rsquo;exp\u00e9rience \u00e0 travers un livret.<\/p>\n\n\n\n<figure class=\"wp-block-image size-large is-resized\"><img loading=\"lazy\" decoding=\"async\" width=\"1024\" height=\"768\" src=\"https:\/\/pedagogie.ac-lille.fr\/metiers-btp\/wp-content\/uploads\/sites\/5\/2024\/08\/IMG_7310-1-1024x768.jpg\" alt=\"\" class=\"wp-image-3215\" style=\"width:243px;height:auto\" srcset=\"https:\/\/pedagogie.ac-lille.fr\/metiers-btp\/wp-content\/uploads\/sites\/5\/2024\/08\/IMG_7310-1-1024x768.jpg 1024w, https:\/\/pedagogie.ac-lille.fr\/metiers-btp\/wp-content\/uploads\/sites\/5\/2024\/08\/IMG_7310-1-300x225.jpg 300w, https:\/\/pedagogie.ac-lille.fr\/metiers-btp\/wp-content\/uploads\/sites\/5\/2024\/08\/IMG_7310-1-768x576.jpg 768w, https:\/\/pedagogie.ac-lille.fr\/metiers-btp\/wp-content\/uploads\/sites\/5\/2024\/08\/IMG_7310-1-1536x1152.jpg 1536w, https:\/\/pedagogie.ac-lille.fr\/metiers-btp\/wp-content\/uploads\/sites\/5\/2024\/08\/IMG_7310-1-2048x1536.jpg 2048w\" sizes=\"auto, (max-width: 1024px) 100vw, 1024px\" \/><\/figure>\n<\/div><\/div>\n\n\n\n<div class=\"wp-block-media-text is-stacked-on-mobile\" style=\"grid-template-columns:30% auto\"><figure class=\"wp-block-media-text__media\"><img loading=\"lazy\" decoding=\"async\" width=\"1024\" height=\"768\" src=\"https:\/\/pedagogie.ac-lille.fr\/metiers-btp\/wp-content\/uploads\/sites\/5\/2024\/08\/IMG_9514-1024x768.jpg\" alt=\"\" class=\"wp-image-3210 size-full\" srcset=\"https:\/\/pedagogie.ac-lille.fr\/metiers-btp\/wp-content\/uploads\/sites\/5\/2024\/08\/IMG_9514-1024x768.jpg 1024w, https:\/\/pedagogie.ac-lille.fr\/metiers-btp\/wp-content\/uploads\/sites\/5\/2024\/08\/IMG_9514-300x225.jpg 300w, https:\/\/pedagogie.ac-lille.fr\/metiers-btp\/wp-content\/uploads\/sites\/5\/2024\/08\/IMG_9514-768x576.jpg 768w, https:\/\/pedagogie.ac-lille.fr\/metiers-btp\/wp-content\/uploads\/sites\/5\/2024\/08\/IMG_9514-1536x1152.jpg 1536w, https:\/\/pedagogie.ac-lille.fr\/metiers-btp\/wp-content\/uploads\/sites\/5\/2024\/08\/IMG_9514-2048x1536.jpg 2048w\" sizes=\"auto, (max-width: 1024px) 100vw, 1024px\" \/><\/figure><div class=\"wp-block-media-text__content\">\n<p>Une communication progressive sur le projet CAP&rsquo;REV : salon WE TECH &#8211; Le Touquet Paris Plage en d\u00e9cembre 2023, salon LAVAL virtual -en mars 2024, s\u00e9minaire d&rsquo;\u00e9t\u00e9 juillet 2024.<\/p>\n\n\n\n<figure class=\"wp-block-image size-large is-resized\"><img loading=\"lazy\" decoding=\"async\" width=\"1024\" height=\"768\" src=\"https:\/\/pedagogie.ac-lille.fr\/metiers-btp\/wp-content\/uploads\/sites\/5\/2024\/08\/IMG_8859-1024x768.jpg\" alt=\"\" class=\"wp-image-3219\" style=\"width:231px;height:auto\" srcset=\"https:\/\/pedagogie.ac-lille.fr\/metiers-btp\/wp-content\/uploads\/sites\/5\/2024\/08\/IMG_8859-1024x768.jpg 1024w, https:\/\/pedagogie.ac-lille.fr\/metiers-btp\/wp-content\/uploads\/sites\/5\/2024\/08\/IMG_8859-300x225.jpg 300w, https:\/\/pedagogie.ac-lille.fr\/metiers-btp\/wp-content\/uploads\/sites\/5\/2024\/08\/IMG_8859-768x576.jpg 768w, https:\/\/pedagogie.ac-lille.fr\/metiers-btp\/wp-content\/uploads\/sites\/5\/2024\/08\/IMG_8859-1536x1152.jpg 1536w, https:\/\/pedagogie.ac-lille.fr\/metiers-btp\/wp-content\/uploads\/sites\/5\/2024\/08\/IMG_8859-2048x1536.jpg 2048w\" sizes=\"auto, (max-width: 1024px) 100vw, 1024px\" \/><\/figure>\n\n\n\n<figure class=\"wp-block-image size-large is-resized\"><img loading=\"lazy\" decoding=\"async\" width=\"1024\" height=\"768\" src=\"https:\/\/pedagogie.ac-lille.fr\/metiers-btp\/wp-content\/uploads\/sites\/5\/2024\/08\/IMG_8861-1024x768.jpg\" alt=\"\" class=\"wp-image-3220\" style=\"width:231px;height:auto\" srcset=\"https:\/\/pedagogie.ac-lille.fr\/metiers-btp\/wp-content\/uploads\/sites\/5\/2024\/08\/IMG_8861-1024x768.jpg 1024w, https:\/\/pedagogie.ac-lille.fr\/metiers-btp\/wp-content\/uploads\/sites\/5\/2024\/08\/IMG_8861-300x225.jpg 300w, https:\/\/pedagogie.ac-lille.fr\/metiers-btp\/wp-content\/uploads\/sites\/5\/2024\/08\/IMG_8861-768x576.jpg 768w, https:\/\/pedagogie.ac-lille.fr\/metiers-btp\/wp-content\/uploads\/sites\/5\/2024\/08\/IMG_8861-1536x1152.jpg 1536w, https:\/\/pedagogie.ac-lille.fr\/metiers-btp\/wp-content\/uploads\/sites\/5\/2024\/08\/IMG_8861-2048x1536.jpg 2048w\" sizes=\"auto, (max-width: 1024px) 100vw, 1024px\" \/><\/figure>\n<\/div><\/div>\n\n\n\n<p><strong>QUAND ?<\/strong><\/p>\n\n\n\n<p>Lancement du projet : juillet 2022<\/p>\n\n\n\n<p>\u00c9laboration des sc\u00e9narios p\u00e9dagogiques, des CCTP,etc. &#8211; publication &#8211; ouverture des plis &#8211; construction et livraison du premier module de formation de l&rsquo;axe de travail n\u00b01 ( module \u00ab\u00a0circuler en toute s\u00e9curit\u00e9\u00a0\u00bb) : septembre 2022 \u00e0 juin 2024.<\/p>\n\n\n\n<div class=\"wp-block-media-text is-stacked-on-mobile\" style=\"grid-template-columns:30% auto\"><figure class=\"wp-block-media-text__media\"><img loading=\"lazy\" decoding=\"async\" width=\"418\" height=\"247\" src=\"https:\/\/pedagogie.ac-lille.fr\/metiers-btp\/wp-content\/uploads\/sites\/5\/2024\/08\/reseau.jpg\" alt=\"\" class=\"wp-image-3223 size-full\" srcset=\"https:\/\/pedagogie.ac-lille.fr\/metiers-btp\/wp-content\/uploads\/sites\/5\/2024\/08\/reseau.jpg 418w, https:\/\/pedagogie.ac-lille.fr\/metiers-btp\/wp-content\/uploads\/sites\/5\/2024\/08\/reseau-300x177.jpg 300w\" sizes=\"auto, (max-width: 418px) 100vw, 418px\" \/><\/figure><div class=\"wp-block-media-text__content\">\n<p>D\u00e9ploiement en phase de tests sur 5 \u00e9tablissements de l&rsquo;acad\u00e9mie avec mise \u00e0 disposition de mat\u00e9riels : rentr\u00e9e 2024.<\/p>\n<\/div><\/div>\n\n\n\n<p><strong>TRAVAUX EN COURS ET PERSPECTIVES<\/strong><\/p>\n\n\n\n<div class=\"wp-block-media-text is-stacked-on-mobile\" style=\"grid-template-columns:24% auto\"><figure class=\"wp-block-media-text__media\"><img loading=\"lazy\" decoding=\"async\" width=\"589\" height=\"583\" src=\"https:\/\/pedagogie.ac-lille.fr\/metiers-btp\/wp-content\/uploads\/sites\/5\/2024\/09\/C.jpg\" alt=\"\" class=\"wp-image-3272 size-full\" srcset=\"https:\/\/pedagogie.ac-lille.fr\/metiers-btp\/wp-content\/uploads\/sites\/5\/2024\/09\/C.jpg 589w, https:\/\/pedagogie.ac-lille.fr\/metiers-btp\/wp-content\/uploads\/sites\/5\/2024\/09\/C-300x297.jpg 300w\" sizes=\"auto, (max-width: 589px) 100vw, 589px\" \/><\/figure><div class=\"wp-block-media-text__content\">\n<p>Am\u00e9nagement des classes.<\/p>\n\n\n\n<figure class=\"wp-block-image size-full is-resized\"><img loading=\"lazy\" decoding=\"async\" width=\"581\" height=\"276\" src=\"https:\/\/pedagogie.ac-lille.fr\/metiers-btp\/wp-content\/uploads\/sites\/5\/2024\/09\/Sans-titre.jpg\" alt=\"\" class=\"wp-image-3273\" style=\"width:259px;height:auto\" srcset=\"https:\/\/pedagogie.ac-lille.fr\/metiers-btp\/wp-content\/uploads\/sites\/5\/2024\/09\/Sans-titre.jpg 581w, https:\/\/pedagogie.ac-lille.fr\/metiers-btp\/wp-content\/uploads\/sites\/5\/2024\/09\/Sans-titre-300x143.jpg 300w\" sizes=\"auto, (max-width: 581px) 100vw, 581px\" \/><\/figure>\n<\/div><\/div>\n\n\n\n<p>Poursuite de l&rsquo;\u00e9laboration de modules de formation \u00ab\u00a0\u00e9lectrotechnique\u00a0\u00bb, \u00ab\u00a0couverture\u00a0\u00bb, \u00ab\u00a0ex\u00e9cuter une t\u00e2che en toute s\u00e9curit\u00e9\u00a0\u00bb, \u00ab\u00a0alerter\u00a0\u00bb, \u00ab\u00a0module France travail\u00a0\u00bb en lien avec les 3 partenaires MIMBUS, HACHETTE et TREZORIUM.<\/p>\n\n\n\n<p>Une convention de partenariat a \u00e9t\u00e9 sign\u00e9e entre l&rsquo;acad\u00e9mie de Lille et l&rsquo;acad\u00e9mie de Nice. La collaboration porte sur l&rsquo;int\u00e9gration dans la formation des apprenants, de l&rsquo;exploitation des jumeaux num\u00e9riques et le soutien apport\u00e9 par l&rsquo;Intelligence Artificielle.<\/p>\n\n\n\n<p>\u00e0 d\u00e9couvrir prochainement &#8230;<\/p>\n\n\n<div class=\"wp-block-image\">\n<figure class=\"aligncenter size-full is-resized\"><img loading=\"lazy\" decoding=\"async\" width=\"486\" height=\"412\" src=\"https:\/\/pedagogie.ac-lille.fr\/metiers-btp\/wp-content\/uploads\/sites\/5\/2024\/08\/fin.jpg\" alt=\"\" class=\"wp-image-3227\" style=\"width:180px;height:auto\" srcset=\"https:\/\/pedagogie.ac-lille.fr\/metiers-btp\/wp-content\/uploads\/sites\/5\/2024\/08\/fin.jpg 486w, https:\/\/pedagogie.ac-lille.fr\/metiers-btp\/wp-content\/uploads\/sites\/5\/2024\/08\/fin-300x254.jpg 300w\" sizes=\"auto, (max-width: 486px) 100vw, 486px\" \/><\/figure>\n<\/div>","protected":false},"excerpt":{"rendered":"<p>POURQUOI CAP&rsquo;REV ? L\u2019\u00c9tat a lanc\u00e9 un plan d\u2019acc\u00e9l\u00e9ration massif de la transformation et de l\u2019hybridation de la formation professionnelle qui fait suite, entre autres, aux diff\u00e9rentes crises sanitaires ayant n\u00e9cessit\u00e9 une avanc\u00e9e rapide de la formation \u00e0 distance.L\u2019enjeu est donc d\u2019accompagner les acteurs de la formation dans la transformation et l\u2019\u00e9volution des pratiques. QUOI [&hellip;]<\/p>\n","protected":false},"author":13,"featured_media":0,"parent":0,"menu_order":0,"comment_status":"closed","ping_status":"closed","template":"","meta":{"ngg_post_thumbnail":0,"footnotes":""},"class_list":["post-3183","page","type-page","status-publish","czr-hentry"],"publishpress_future_action":{"enabled":false,"date":"2026-04-28 20:10:20","action":"change-status","newStatus":"draft","terms":[],"taxonomy":"","extraData":[]},"publishpress_future_workflow_manual_trigger":{"enabledWorkflows":[]},"_links":{"self":[{"href":"https:\/\/pedagogie.ac-lille.fr\/metiers-btp\/wp-json\/wp\/v2\/pages\/3183","targetHints":{"allow":["GET"]}}],"collection":[{"href":"https:\/\/pedagogie.ac-lille.fr\/metiers-btp\/wp-json\/wp\/v2\/pages"}],"about":[{"href":"https:\/\/pedagogie.ac-lille.fr\/metiers-btp\/wp-json\/wp\/v2\/types\/page"}],"author":[{"embeddable":true,"href":"https:\/\/pedagogie.ac-lille.fr\/metiers-btp\/wp-json\/wp\/v2\/users\/13"}],"replies":[{"embeddable":true,"href":"https:\/\/pedagogie.ac-lille.fr\/metiers-btp\/wp-json\/wp\/v2\/comments?post=3183"}],"version-history":[{"count":37,"href":"https:\/\/pedagogie.ac-lille.fr\/metiers-btp\/wp-json\/wp\/v2\/pages\/3183\/revisions"}],"predecessor-version":[{"id":3277,"href":"https:\/\/pedagogie.ac-lille.fr\/metiers-btp\/wp-json\/wp\/v2\/pages\/3183\/revisions\/3277"}],"wp:attachment":[{"href":"https:\/\/pedagogie.ac-lille.fr\/metiers-btp\/wp-json\/wp\/v2\/media?parent=3183"}],"curies":[{"name":"wp","href":"https:\/\/api.w.org\/{rel}","templated":true}]}}