{"id":3230,"date":"2024-09-02T12:52:34","date_gmt":"2024-09-02T10:52:34","guid":{"rendered":"https:\/\/pedagogie.ac-lille.fr\/metiers-btp\/?page_id=3230"},"modified":"2024-09-06T07:46:35","modified_gmt":"2024-09-06T05:46:35","slug":"emnb-concours-edition-2025","status":"publish","type":"page","link":"https:\/\/pedagogie.ac-lille.fr\/metiers-btp\/emnb-concours-edition-2025\/","title":{"rendered":"EMNB &#8211; concours &#8211; \u00e9dition 2025"},"content":{"rendered":"\n<p>J&rsquo;ai de nouveau plaisir \u00e0 annoncer le lancement du concours acad\u00e9mique \u00ab\u00a0TOP la vie dans mon lyc\u00e9e &#8211; \u00e9dition 2025\u00a0\u00bb.<\/p>\n\n\n\n<div class=\"wp-block-media-text is-stacked-on-mobile\" style=\"grid-template-columns:21% auto\"><figure class=\"wp-block-media-text__media\"><img loading=\"lazy\" decoding=\"async\" width=\"724\" height=\"1024\" src=\"https:\/\/pedagogie.ac-lille.fr\/metiers-btp\/wp-content\/uploads\/sites\/5\/2024\/09\/affiche-724x1024.jpg\" alt=\"\" class=\"wp-image-3231 size-full\" srcset=\"https:\/\/pedagogie.ac-lille.fr\/metiers-btp\/wp-content\/uploads\/sites\/5\/2024\/09\/affiche-724x1024.jpg 724w, https:\/\/pedagogie.ac-lille.fr\/metiers-btp\/wp-content\/uploads\/sites\/5\/2024\/09\/affiche-212x300.jpg 212w, https:\/\/pedagogie.ac-lille.fr\/metiers-btp\/wp-content\/uploads\/sites\/5\/2024\/09\/affiche-768x1086.jpg 768w, https:\/\/pedagogie.ac-lille.fr\/metiers-btp\/wp-content\/uploads\/sites\/5\/2024\/09\/affiche-1086x1536.jpg 1086w, https:\/\/pedagogie.ac-lille.fr\/metiers-btp\/wp-content\/uploads\/sites\/5\/2024\/09\/affiche.jpg 1241w\" sizes=\"auto, (max-width: 724px) 100vw, 724px\" \/><\/figure><div class=\"wp-block-media-text__content\">\n<p><a href=\"https:\/\/cro-ce-medias.discipline.ac-lille.fr\/acces-restreint\/FAMILLE_MEMNB\/CONCOURS\/EDITION2025\/affiche_edition_2025.pdf\">D\u00e9couvrir l&rsquo;affiche de communication <\/a>de la session 2025.<\/p>\n<\/div><\/div>\n\n\n\n<div class=\"wp-block-media-text is-stacked-on-mobile\" style=\"grid-template-columns:32% auto\"><figure class=\"wp-block-media-text__media\"><img loading=\"lazy\" decoding=\"async\" width=\"567\" height=\"396\" src=\"https:\/\/pedagogie.ac-lille.fr\/metiers-btp\/wp-content\/uploads\/sites\/5\/2024\/09\/REGLEMENT.jpg\" alt=\"\" class=\"wp-image-3233 size-full\" srcset=\"https:\/\/pedagogie.ac-lille.fr\/metiers-btp\/wp-content\/uploads\/sites\/5\/2024\/09\/REGLEMENT.jpg 567w, https:\/\/pedagogie.ac-lille.fr\/metiers-btp\/wp-content\/uploads\/sites\/5\/2024\/09\/REGLEMENT-300x210.jpg 300w\" sizes=\"auto, (max-width: 567px) 100vw, 567px\" \/><\/figure><div class=\"wp-block-media-text__content\">\n<p>D\u00e9couvrir l<a href=\"https:\/\/cro-ce-medias.discipline.ac-lille.fr\/acces-restreint\/FAMILLE_MEMNB\/CONCOURS\/EDITION2025\/r%C3%A8glement_edition2025.pdf\">e r\u00e8glement du concours acad\u00e9mique \u00e9dition 2025.<\/a><\/p>\n<\/div><\/div>\n\n\n\n<p>Monsieur LECUPPRE Thomas, dipl\u00f4m\u00e9 d\u2019un Master Ing\u00e9nierie Num\u00e9rique Collaborative pour la Construction, parrain du concours \u00e9dition 2024,  nous fait l&rsquo;honneur de parrainer de nouveau l&rsquo;\u00e9dition 2025. Comme pour l&rsquo;\u00e9dition derni\u00e8re, il se tient \u00e0 disposition des \u00e9quipes participantes pour \u00e9changer notamment sur le m\u00e9tier de BIM Modeleur -programmeur mais aussi apporter des conseils sur le projet d\u00e9velopp\u00e9 par les \u00e9quipes. Monsieur LECUPPRE souhaite vivement participer \u00e0 l&rsquo;accompagnement des jeunes dans leur futur choix d&rsquo;orientation.<\/p>\n\n\n\n<p>Un grand MERCI \u00e0 lui.<\/p>\n\n\n\n<p class=\"has-text-align-center\"><strong>Au plaisir de vous retrouver tous lors de la finale \u00e9dition 2025 !<\/strong><\/p>\n","protected":false},"excerpt":{"rendered":"<p>J&rsquo;ai de nouveau plaisir \u00e0 annoncer le lancement du concours acad\u00e9mique \u00ab\u00a0TOP la vie dans mon lyc\u00e9e &#8211; \u00e9dition 2025\u00a0\u00bb. D\u00e9couvrir l&rsquo;affiche de communication de la session 2025. D\u00e9couvrir le r\u00e8glement du concours acad\u00e9mique \u00e9dition 2025. Monsieur LECUPPRE Thomas, dipl\u00f4m\u00e9 d\u2019un Master Ing\u00e9nierie Num\u00e9rique Collaborative pour la Construction, parrain du concours \u00e9dition 2024, nous fait [&hellip;]<\/p>\n","protected":false},"author":13,"featured_media":0,"parent":0,"menu_order":0,"comment_status":"closed","ping_status":"closed","template":"","meta":{"ngg_post_thumbnail":0,"footnotes":""},"class_list":["post-3230","page","type-page","status-publish","czr-hentry"],"publishpress_future_action":{"enabled":false,"date":"2026-04-28 20:10:20","action":"change-status","newStatus":"draft","terms":[],"taxonomy":"","extraData":[]},"publishpress_future_workflow_manual_trigger":{"enabledWorkflows":[]},"_links":{"self":[{"href":"https:\/\/pedagogie.ac-lille.fr\/metiers-btp\/wp-json\/wp\/v2\/pages\/3230","targetHints":{"allow":["GET"]}}],"collection":[{"href":"https:\/\/pedagogie.ac-lille.fr\/metiers-btp\/wp-json\/wp\/v2\/pages"}],"about":[{"href":"https:\/\/pedagogie.ac-lille.fr\/metiers-btp\/wp-json\/wp\/v2\/types\/page"}],"author":[{"embeddable":true,"href":"https:\/\/pedagogie.ac-lille.fr\/metiers-btp\/wp-json\/wp\/v2\/users\/13"}],"replies":[{"embeddable":true,"href":"https:\/\/pedagogie.ac-lille.fr\/metiers-btp\/wp-json\/wp\/v2\/comments?post=3230"}],"version-history":[{"count":11,"href":"https:\/\/pedagogie.ac-lille.fr\/metiers-btp\/wp-json\/wp\/v2\/pages\/3230\/revisions"}],"predecessor-version":[{"id":3254,"href":"https:\/\/pedagogie.ac-lille.fr\/metiers-btp\/wp-json\/wp\/v2\/pages\/3230\/revisions\/3254"}],"wp:attachment":[{"href":"https:\/\/pedagogie.ac-lille.fr\/metiers-btp\/wp-json\/wp\/v2\/media?parent=3230"}],"curies":[{"name":"wp","href":"https:\/\/api.w.org\/{rel}","templated":true}]}}