{"id":3417,"date":"2025-09-28T11:35:23","date_gmt":"2025-09-28T09:35:23","guid":{"rendered":"https:\/\/pedagogie.ac-lille.fr\/metiers-btp\/?page_id=3417"},"modified":"2025-09-28T11:40:46","modified_gmt":"2025-09-28T09:40:46","slug":"emnb-concours-edition-2026","status":"publish","type":"page","link":"https:\/\/pedagogie.ac-lille.fr\/metiers-btp\/emnb-concours-edition-2026\/","title":{"rendered":"EMNB &#8211; Concours &#8211; \u00e9dition 2026"},"content":{"rendered":"\n<p>C&rsquo;est avec la plus grande joie que le concours \u00ab\u00a0TOP la vie dans mon lyc\u00e9e\u00a0\u00bb voit le lancement de l&rsquo;\u00e9dition 2026. Le concours est de nouveau labellis\u00e9 IDEE.<\/p>\n\n\n\n<p>Vous trouverez ci-apr\u00e8s le r\u00e9glement du concours.<\/p>\n\n\n\n<div class=\"wp-block-media-text is-stacked-on-mobile\" style=\"grid-template-columns:25% auto\"><figure class=\"wp-block-media-text__media\"><img loading=\"lazy\" decoding=\"async\" width=\"592\" height=\"824\" src=\"https:\/\/pedagogie.ac-lille.fr\/metiers-btp\/wp-content\/uploads\/sites\/5\/2025\/09\/AFFICHE.jpg\" alt=\"\" class=\"wp-image-3418 size-full\" srcset=\"https:\/\/pedagogie.ac-lille.fr\/metiers-btp\/wp-content\/uploads\/sites\/5\/2025\/09\/AFFICHE.jpg 592w, https:\/\/pedagogie.ac-lille.fr\/metiers-btp\/wp-content\/uploads\/sites\/5\/2025\/09\/AFFICHE-216x300.jpg 216w\" sizes=\"auto, (max-width: 592px) 100vw, 592px\" \/><\/figure><div class=\"wp-block-media-text__content\">\n<p>D\u00e9couvrir le <a href=\"https:\/\/cro-ce-medias.discipline.ac-lille.fr\/acces-restreint\/FAMILLE_MEMNB\/r%C3%A8glement_edition_2026.pdf\">r\u00e9glement du concours \u00ab\u00a0TOP la vie dans mon lyc\u00e9e &#8211; \u00e9dition 2026<\/a>\u00ab\u00a0.<\/p>\n\n\n\n<p>Cl\u00f4ture des inscriptions le 15 octobre 2025<\/p>\n<\/div><\/div>\n\n\n\n<p>La finale acad\u00e9mique se d\u00e9roulera au LPP Sainte Marie de Bailleul. Un grand merci \u00e0 l&rsquo;\u00e9tablissement.<\/p>\n\n\n\n<p>Au plaisir de vous retrouver<\/p>\n","protected":false},"excerpt":{"rendered":"<p>C&rsquo;est avec la plus grande joie que le concours \u00ab\u00a0TOP la vie dans mon lyc\u00e9e\u00a0\u00bb voit le lancement de l&rsquo;\u00e9dition 2026. Le concours est de nouveau labellis\u00e9 IDEE. Vous trouverez ci-apr\u00e8s le r\u00e9glement du concours. D\u00e9couvrir le r\u00e9glement du concours \u00ab\u00a0TOP la vie dans mon lyc\u00e9e &#8211; \u00e9dition 2026\u00ab\u00a0. Cl\u00f4ture des inscriptions le 15 octobre [&hellip;]<\/p>\n","protected":false},"author":13,"featured_media":0,"parent":0,"menu_order":0,"comment_status":"closed","ping_status":"closed","template":"","meta":{"ngg_post_thumbnail":0,"footnotes":""},"class_list":["post-3417","page","type-page","status-publish","czr-hentry"],"publishpress_future_action":{"enabled":false,"date":"2026-04-28 20:10:29","action":"change-status","newStatus":"draft","terms":[],"taxonomy":"","extraData":[]},"publishpress_future_workflow_manual_trigger":{"enabledWorkflows":[]},"_links":{"self":[{"href":"https:\/\/pedagogie.ac-lille.fr\/metiers-btp\/wp-json\/wp\/v2\/pages\/3417","targetHints":{"allow":["GET"]}}],"collection":[{"href":"https:\/\/pedagogie.ac-lille.fr\/metiers-btp\/wp-json\/wp\/v2\/pages"}],"about":[{"href":"https:\/\/pedagogie.ac-lille.fr\/metiers-btp\/wp-json\/wp\/v2\/types\/page"}],"author":[{"embeddable":true,"href":"https:\/\/pedagogie.ac-lille.fr\/metiers-btp\/wp-json\/wp\/v2\/users\/13"}],"replies":[{"embeddable":true,"href":"https:\/\/pedagogie.ac-lille.fr\/metiers-btp\/wp-json\/wp\/v2\/comments?post=3417"}],"version-history":[{"count":4,"href":"https:\/\/pedagogie.ac-lille.fr\/metiers-btp\/wp-json\/wp\/v2\/pages\/3417\/revisions"}],"predecessor-version":[{"id":3427,"href":"https:\/\/pedagogie.ac-lille.fr\/metiers-btp\/wp-json\/wp\/v2\/pages\/3417\/revisions\/3427"}],"wp:attachment":[{"href":"https:\/\/pedagogie.ac-lille.fr\/metiers-btp\/wp-json\/wp\/v2\/media?parent=3417"}],"curies":[{"name":"wp","href":"https:\/\/api.w.org\/{rel}","templated":true}]}}