{"id":345,"date":"2020-06-12T15:51:07","date_gmt":"2020-06-12T13:51:07","guid":{"rendered":"http:\/\/pedagogie.ac-lille.fr\/cro-ce\/\/?page_id=345"},"modified":"2025-11-23T16:52:21","modified_gmt":"2025-11-23T15:52:21","slug":"travail-en-hauteur","status":"publish","type":"page","link":"https:\/\/pedagogie.ac-lille.fr\/metiers-btp\/travail-en-hauteur\/","title":{"rendered":"Travail en hauteur"},"content":{"rendered":"\n<p class=\"has-text-align-center has-very-light-gray-color has-vivid-green-cyan-background-color has-text-color has-background\"><strong>Montage, d\u00e9montage, utilisation et r\u00e9ception d&rsquo;un \u00e9chafaudage de pied fixe selon la recommandation R408<\/strong><\/p>\n\n\n\n<h4 class=\"wp-block-heading has-vivid-cyan-blue-color has-text-color\">Textes r\u00e9glementaires relatifs au travail en hauteur dans le cadre du montage, d\u00e9montage, de l&rsquo;utilisation et de la r\u00e9ception d&rsquo;un \u00e9chafaudage de pied fixe <\/h4>\n\n\n<div class=\"wp-block-image\">\n<figure class=\"aligncenter size-large\"><img loading=\"lazy\" decoding=\"async\" width=\"388\" height=\"134\" src=\"http:\/\/pedagogie.ac-lille.fr\/cro-ce\/\/wp-content\/uploads\/sites\/5\/2020\/06\/legifrance-1.png\" alt=\"\" class=\"wp-image-348\" srcset=\"https:\/\/pedagogie.ac-lille.fr\/metiers-btp\/wp-content\/uploads\/sites\/5\/2020\/06\/legifrance-1.png 388w, https:\/\/pedagogie.ac-lille.fr\/metiers-btp\/wp-content\/uploads\/sites\/5\/2020\/06\/legifrance-1-300x104.png 300w\" sizes=\"auto, (max-width: 388px) 100vw, 388px\" \/><\/figure>\n<\/div>\n\n<div class=\"wp-block-image is-style-rounded\">\n<figure class=\"aligncenter size-large is-resized\"><img loading=\"lazy\" decoding=\"async\" width=\"1024\" height=\"768\" src=\"https:\/\/pedagogie.ac-lille.fr\/metiers-btp\/wp-content\/uploads\/sites\/5\/2021\/07\/IMG_3012-1024x768.jpg\" alt=\"\" class=\"wp-image-713\" style=\"width:228px;height:171px\" srcset=\"https:\/\/pedagogie.ac-lille.fr\/metiers-btp\/wp-content\/uploads\/sites\/5\/2021\/07\/IMG_3012-1024x768.jpg 1024w, https:\/\/pedagogie.ac-lille.fr\/metiers-btp\/wp-content\/uploads\/sites\/5\/2021\/07\/IMG_3012-300x225.jpg 300w, https:\/\/pedagogie.ac-lille.fr\/metiers-btp\/wp-content\/uploads\/sites\/5\/2021\/07\/IMG_3012-768x576.jpg 768w, https:\/\/pedagogie.ac-lille.fr\/metiers-btp\/wp-content\/uploads\/sites\/5\/2021\/07\/IMG_3012-1536x1152.jpg 1536w, https:\/\/pedagogie.ac-lille.fr\/metiers-btp\/wp-content\/uploads\/sites\/5\/2021\/07\/IMG_3012-2048x1536.jpg 2048w\" sizes=\"auto, (max-width: 1024px) 100vw, 1024px\" \/><\/figure>\n<\/div>\n\n\n<h2 class=\"wp-block-heading has-white-color has-black-background-color has-text-color has-background has-normal-font-size\">R\u00e9f\u00e9rences r\u00e9glementaires<\/h2>\n\n\n\n<div class=\"wp-block-media-text is-stacked-on-mobile\" style=\"grid-template-columns:24% auto\"><figure class=\"wp-block-media-text__media\"><img loading=\"lazy\" decoding=\"async\" width=\"657\" height=\"790\" src=\"https:\/\/pedagogie.ac-lille.fr\/metiers-btp\/wp-content\/uploads\/sites\/5\/2024\/04\/arrete-15-MARS-1.png\" alt=\"\" class=\"wp-image-2942 size-full\" srcset=\"https:\/\/pedagogie.ac-lille.fr\/metiers-btp\/wp-content\/uploads\/sites\/5\/2024\/04\/arrete-15-MARS-1.png 657w, https:\/\/pedagogie.ac-lille.fr\/metiers-btp\/wp-content\/uploads\/sites\/5\/2024\/04\/arrete-15-MARS-1-249x300.png 249w\" sizes=\"auto, (max-width: 657px) 100vw, 657px\" \/><\/figure><div class=\"wp-block-media-text__content\">\n<h4 class=\"wp-block-heading\">Arr\u00eat\u00e9 du 15 mars 2024 relatif aux dipl\u00f4mes professionnels relevant des dispositions du code du travail relatives \u00e0 l&rsquo;utilisation des \u00e9quipements de travail mis \u00e0 disposition pour des travaux temporaires en hauteur<\/h4>\n\n\n\n<p>NOR : MENE2408054A<br>ELI : https:\/\/www.legifrance.gouv.fr\/eli\/arrete\/2024\/3\/15\/MENE2408054A\/jo\/texte<br><a href=\"https:\/\/www.legifrance.gouv.fr\/jorf\/jo\/2024\/04\/12\/0086\">JORF n\u00b00086 du 12 avril 2024<br><\/a>Texte n\u00b0 17<\/p>\n\n\n\n<p><a href=\"https:\/\/www.legifrance.gouv.fr\/jorf\/id\/JORFTEXT000049405530\">Consulter le texte.<\/a><\/p>\n\n\n\n<p><a href=\"http:\/\/cro-ce-medias.discipline.ac-lille.fr\/acces-restreint\/R408\/arrete_15_mar_2024.pdf\">T\u00e9l\u00e9charger le texte.<\/a><\/p>\n<\/div><\/div>\n\n\n\n<h2 class=\"wp-block-heading has-white-color has-black-background-color has-text-color has-background\" style=\"font-size:16px\">Groupe de formateurs acad\u00e9mique<\/h2>\n\n\n\n<p>Le groupe de formateurs acad\u00e9mique est compos\u00e9 de 4 formateurs : <\/p>\n\n\n\n<ul class=\"wp-block-list\">\n<li>Monsieur BONVARLET Benjamin LP Fran\u00e7ois Hennebique de Li\u00e9vin<\/li>\n\n\n\n<li>Monsieur BONVARLET Christophe r\u00e9f\u00e9rent du groupe &#8211; LP Ren\u00e9 Cassin de Montigny en Ostrevent<\/li>\n\n\n\n<li>Monsieur DE COSTER Dominique &#8211; LP Le Caron Arras<\/li>\n\n\n\n<li>Monsieur FAUQUEMBERGUE Marc &#8211; LP Bernard Chochoy de Lumbres<\/li>\n\n\n\n<li>Monsieur HADDOUCHE Mehdi &#8211; LP Le Caron \u00e0 Arras<\/li>\n<\/ul>\n\n\n\n<h2 class=\"wp-block-heading has-white-color has-black-background-color has-text-color has-background has-normal-font-size\">Ressources acad\u00e9miques<\/h2>\n\n\n\n<div class=\"wp-block-media-text alignwide\" style=\"grid-template-columns:18% auto\"><figure class=\"wp-block-media-text__media\"><a href=\"http:\/\/cro-ce-medias.discipline.ac-lille.fr\/acces-restreint\/R408\/Guide_maj_2020\" target=\"_blank\" rel=\"noopener noreferrer\"><img loading=\"lazy\" decoding=\"async\" width=\"584\" height=\"832\" src=\"https:\/\/pedagogie.ac-lille.fr\/metiers-btp\/wp-content\/uploads\/sites\/5\/2025\/11\/NOV.jpg\" alt=\"\" class=\"wp-image-3440 size-full\" srcset=\"https:\/\/pedagogie.ac-lille.fr\/metiers-btp\/wp-content\/uploads\/sites\/5\/2025\/11\/NOV.jpg 584w, https:\/\/pedagogie.ac-lille.fr\/metiers-btp\/wp-content\/uploads\/sites\/5\/2025\/11\/NOV-211x300.jpg 211w\" sizes=\"auto, (max-width: 584px) 100vw, 584px\" \/><\/a><\/figure><div class=\"wp-block-media-text__content\">\n<p class=\"has-luminous-vivid-orange-color has-text-color has-normal-font-size\">Le guide acad\u00e9mique (mise \u00e0 jour septembre 25) permet entre autres d&rsquo;aborder les \u00e9l\u00e9ments ci-apr\u00e8s :<\/p>\n\n\n\n<ul class=\"wp-block-list\">\n<li>d\u00e9clinaison des textes r\u00e9glementaires;<\/li>\n\n\n\n<li>pr\u00e9conisations relatives \u00e0 la mise en \u0153uvre des formations \u00ab\u00a0travail en hauteur\u00a0\u00bb pour les enseignants et les \u00e9l\u00e8ves;<\/li>\n\n\n\n<li>liste des formateurs de formateurs;<\/li>\n\n\n\n<li>liste des plateaux techniques habilit\u00e9s \u00e0 la formation des enseignants;<\/li>\n\n\n\n<li>exemple d&rsquo;organisation et de planification de la formation \u00ab\u00a0travail en hauteur\u00a0\u00bb;<\/li>\n\n\n\n<li>grille d&rsquo;\u00e9valuation des comp\u00e9tences mises en \u0153uvre \u00e0 travers les diff\u00e9rentes annexes.<\/li>\n<\/ul>\n\n\n\n<p><a href=\"http:\/\/cro-ce-medias.discipline.ac-lille.fr\/acces-restreint\/R408\/Guide_nov_2025.pdf\">Le d\u00e9couvrir<\/a><\/p>\n<\/div><\/div>\n\n\n\n<div class=\"wp-block-media-text alignwide has-media-on-the-right\" style=\"grid-template-columns:auto 15%\"><div class=\"wp-block-media-text__content\">\n<p class=\"has-luminous-vivid-orange-color has-text-color has-normal-font-size\"> Au guide acad\u00e9mique est associ\u00e9 un outil permettant d&rsquo;\u00e9valuer les comp\u00e9tences attendues relatives aux annexes 1,2 et 3. <\/p>\n\n\n\n<p><a href=\"http:\/\/cro-ce-medias.discipline.ac-lille.fr\/acces-restreint\/R408\/grille.xlsm\" data-type=\"URL\" data-id=\"cro-ce-medias.discipline.ac-lille.fr\/acces-restreint\/R408\/grille.xlsm\" target=\"_blank\" rel=\"noreferrer noopener\">Le d\u00e9couvrir<\/a><\/p>\n<\/div><figure class=\"wp-block-media-text__media\"><a href=\"http:\/\/cro-ce-medias.discipline.ac-lille.fr\/acces-restreint\/R408\/grille\" target=\"_blank\" rel=\"noopener noreferrer\"><img loading=\"lazy\" decoding=\"async\" width=\"368\" height=\"460\" src=\"http:\/\/pedagogie.ac-lille.fr\/cro-ce\/\/wp-content\/uploads\/sites\/5\/2020\/06\/grille_R408.png\" alt=\"\" class=\"wp-image-350 size-full\" srcset=\"https:\/\/pedagogie.ac-lille.fr\/metiers-btp\/wp-content\/uploads\/sites\/5\/2020\/06\/grille_R408.png 368w, https:\/\/pedagogie.ac-lille.fr\/metiers-btp\/wp-content\/uploads\/sites\/5\/2020\/06\/grille_R408-240x300.png 240w\" sizes=\"auto, (max-width: 368px) 100vw, 368px\" \/><\/a><\/figure><\/div>\n\n\n\n<div class=\"wp-block-media-text alignwide is-stacked-on-mobile\" style=\"grid-template-columns:28% auto\"><figure class=\"wp-block-media-text__media\"><img loading=\"lazy\" decoding=\"async\" width=\"1024\" height=\"478\" src=\"https:\/\/pedagogie.ac-lille.fr\/metiers-btp\/wp-content\/uploads\/sites\/5\/2021\/08\/OUTIL-1024x478.png\" alt=\"\" class=\"wp-image-954 size-full\" srcset=\"https:\/\/pedagogie.ac-lille.fr\/metiers-btp\/wp-content\/uploads\/sites\/5\/2021\/08\/OUTIL-1024x478.png 1024w, https:\/\/pedagogie.ac-lille.fr\/metiers-btp\/wp-content\/uploads\/sites\/5\/2021\/08\/OUTIL-300x140.png 300w, https:\/\/pedagogie.ac-lille.fr\/metiers-btp\/wp-content\/uploads\/sites\/5\/2021\/08\/OUTIL-768x358.png 768w, https:\/\/pedagogie.ac-lille.fr\/metiers-btp\/wp-content\/uploads\/sites\/5\/2021\/08\/OUTIL-1536x716.png 1536w, https:\/\/pedagogie.ac-lille.fr\/metiers-btp\/wp-content\/uploads\/sites\/5\/2021\/08\/OUTIL.png 1754w\" sizes=\"auto, (max-width: 1024px) 100vw, 1024px\" \/><\/figure><div class=\"wp-block-media-text__content\">\n<p class=\"has-normal-font-size\">Outil relatif \u00e0 la formation \u00ab\u00a0Travail en hauteur\u00a0\u00bb.<\/p>\n\n\n\n<p>Merci \u00e0 M.David Dachicourt &#8211; LP J.Verne Etaples pour ce partage de ressources.<\/p>\n\n\n\n<p><a href=\"http:\/\/cro-ce-medias.discipline.ac-lille.fr\/acces-restreint\/R408\/R408%20EVAL%20CAP.zip\" data-type=\"URL\" data-id=\"cro-ce-medias.discipline.ac-lille.fr\/acces-restreint\/R408\/R408%20EVAL%20CAP.zip\" target=\"_blank\" rel=\"noreferrer noopener\">Le d\u00e9couvrir<\/a><\/p>\n<\/div><\/div>\n\n\n\n<p><\/p>\n\n\n\n<div class=\"wp-block-media-text alignwide is-stacked-on-mobile\" style=\"grid-template-columns:28% auto\"><figure class=\"wp-block-media-text__media\"><img loading=\"lazy\" decoding=\"async\" width=\"1024\" height=\"709\" src=\"https:\/\/pedagogie.ac-lille.fr\/metiers-btp\/wp-content\/uploads\/sites\/5\/2022\/10\/A3fiche-1024x709.jpg\" alt=\"\" class=\"wp-image-2000 size-full\" srcset=\"https:\/\/pedagogie.ac-lille.fr\/metiers-btp\/wp-content\/uploads\/sites\/5\/2022\/10\/A3fiche-1024x709.jpg 1024w, https:\/\/pedagogie.ac-lille.fr\/metiers-btp\/wp-content\/uploads\/sites\/5\/2022\/10\/A3fiche-300x208.jpg 300w, https:\/\/pedagogie.ac-lille.fr\/metiers-btp\/wp-content\/uploads\/sites\/5\/2022\/10\/A3fiche-768x532.jpg 768w, https:\/\/pedagogie.ac-lille.fr\/metiers-btp\/wp-content\/uploads\/sites\/5\/2022\/10\/A3fiche.jpg 1161w\" sizes=\"auto, (max-width: 1024px) 100vw, 1024px\" \/><\/figure><div class=\"wp-block-media-text__content\">\n<p>Fiche synth\u00e8se des savoirs, savoir-faire et savoir-\u00eatre attendus pour les annexes 3,4 et 5 de la recommandation R408.<\/p>\n\n\n\n<p><a href=\"http:\/\/cro-ce-medias.discipline.ac-lille.fr\/acces-restreint\/R408\/A3_travail_hauteur.pdf\" data-type=\"URL\" data-id=\"http:\/\/cro-ce-medias.discipline.ac-lille.fr\/acces-restreint\/R408\/A3_travail_hauteur.pdf\" target=\"_blank\" rel=\"noreferrer noopener\">La d\u00e9couvrir<\/a><\/p>\n<\/div><\/div>\n","protected":false},"excerpt":{"rendered":"<p>Montage, d\u00e9montage, utilisation et r\u00e9ception d&rsquo;un \u00e9chafaudage de pied fixe selon la recommandation R408 Textes r\u00e9glementaires relatifs au travail en hauteur dans le cadre du montage, d\u00e9montage, de l&rsquo;utilisation et de la r\u00e9ception d&rsquo;un \u00e9chafaudage de pied fixe R\u00e9f\u00e9rences r\u00e9glementaires Arr\u00eat\u00e9 du 15 mars 2024 relatif aux dipl\u00f4mes professionnels relevant des dispositions du code du [&hellip;]<\/p>\n","protected":false},"author":13,"featured_media":0,"parent":0,"menu_order":0,"comment_status":"closed","ping_status":"closed","template":"","meta":{"ngg_post_thumbnail":0,"footnotes":""},"class_list":["post-345","page","type-page","status-publish","czr-hentry"],"publishpress_future_action":{"enabled":false,"date":"2026-04-28 20:10:19","action":"change-status","newStatus":"draft","terms":[],"taxonomy":"","extraData":[]},"publishpress_future_workflow_manual_trigger":{"enabledWorkflows":[]},"_links":{"self":[{"href":"https:\/\/pedagogie.ac-lille.fr\/metiers-btp\/wp-json\/wp\/v2\/pages\/345","targetHints":{"allow":["GET"]}}],"collection":[{"href":"https:\/\/pedagogie.ac-lille.fr\/metiers-btp\/wp-json\/wp\/v2\/pages"}],"about":[{"href":"https:\/\/pedagogie.ac-lille.fr\/metiers-btp\/wp-json\/wp\/v2\/types\/page"}],"author":[{"embeddable":true,"href":"https:\/\/pedagogie.ac-lille.fr\/metiers-btp\/wp-json\/wp\/v2\/users\/13"}],"replies":[{"embeddable":true,"href":"https:\/\/pedagogie.ac-lille.fr\/metiers-btp\/wp-json\/wp\/v2\/comments?post=345"}],"version-history":[{"count":43,"href":"https:\/\/pedagogie.ac-lille.fr\/metiers-btp\/wp-json\/wp\/v2\/pages\/345\/revisions"}],"predecessor-version":[{"id":3445,"href":"https:\/\/pedagogie.ac-lille.fr\/metiers-btp\/wp-json\/wp\/v2\/pages\/345\/revisions\/3445"}],"wp:attachment":[{"href":"https:\/\/pedagogie.ac-lille.fr\/metiers-btp\/wp-json\/wp\/v2\/media?parent=345"}],"curies":[{"name":"wp","href":"https:\/\/api.w.org\/{rel}","templated":true}]}}