{"id":3473,"date":"2026-01-12T18:08:10","date_gmt":"2026-01-12T17:08:10","guid":{"rendered":"https:\/\/pedagogie.ac-lille.fr\/metiers-btp\/?page_id=3473"},"modified":"2026-01-12T18:08:11","modified_gmt":"2026-01-12T17:08:11","slug":"soutien-au-parcours-ressources","status":"publish","type":"page","link":"https:\/\/pedagogie.ac-lille.fr\/metiers-btp\/soutien-au-parcours-ressources\/","title":{"rendered":"Soutien au parcours &#8211; ressources"},"content":{"rendered":"\n<p>Liste non exhaustive de ressources pour la mise en \u0153uvre du soutien au parcours :<\/p>\n\n\n\n<p><\/p>\n\n\n\n<div class=\"wp-block-media-text is-stacked-on-mobile\" style=\"grid-template-columns:17% auto\"><figure class=\"wp-block-media-text__media\"><img loading=\"lazy\" decoding=\"async\" width=\"181\" height=\"41\" src=\"https:\/\/pedagogie.ac-lille.fr\/metiers-btp\/wp-content\/uploads\/sites\/5\/2026\/01\/eduscol.jpg\" alt=\"\" class=\"wp-image-3477 size-full\" \/><\/figure><div class=\"wp-block-media-text__content\">\n<p><strong>Le soutien au parcours<\/strong><\/p>\n\n\n\n<p><a href=\"https:\/\/eduscol.education.fr\/658\/soutien-au-parcours-en-baccalaureat-professionnel\">https:\/\/eduscol.education.fr\/658\/soutien-au-parcours-en-baccalaureat-professionnel<\/a><\/p>\n\n\n\n<p><strong>Le parcours personnalis\u00e9 en terminale BAC PRO<\/strong><\/p>\n\n\n\n<p><a href=\"https:\/\/eduscol.education.fr\/3215\/le-parcours-personnalise-en-terminale-professionnelle\">https:\/\/eduscol.education.fr\/3215\/le-parcours-personnalise-en-terminale-professionnelle<\/a><\/p>\n\n\n\n<p><strong>Vademecum \u00ab&nbsp;L\u2019accompagnement en lyc\u00e9e professionnel&nbsp;\u00bb<\/strong><\/p>\n\n\n\n<p><a href=\"https:\/\/eduscol.education.fr\/document\/3165\/download\">https:\/\/eduscol.education.fr\/document\/3165\/download<\/a><\/p>\n\n\n\n<p><strong>AvenirPro et Avenir Pro+<\/strong><\/p>\n\n\n\n<p><a href=\"https:\/\/eduscol.education.fr\/4214\/avenirpro-et-avenirpro-accompagner-les-lyceens-professionnels-vers-l-emploi\">https:\/\/eduscol.education.fr\/4214\/avenirpro-et-avenirpro-accompagner-les-lyceens-professionnels-vers-l-emploi<\/a><\/p>\n<\/div><\/div>\n\n\n\n<div class=\"wp-block-media-text is-stacked-on-mobile\" style=\"grid-template-columns:17% auto\"><figure class=\"wp-block-media-text__media\"><img loading=\"lazy\" decoding=\"async\" width=\"137\" height=\"72\" src=\"https:\/\/pedagogie.ac-lille.fr\/metiers-btp\/wp-content\/uploads\/sites\/5\/2026\/01\/msante.jpg\" alt=\"\" class=\"wp-image-3478 size-full\" \/><\/figure><div class=\"wp-block-media-text__content\">\n<p><strong>Comp\u00e9tences psychosociales<\/strong><\/p>\n\n\n\n<p><a href=\"https:\/\/www.santepubliquefrance.fr\/competences-psychosociales\">https:\/\/www.santepubliquefrance.fr\/competences-psychosociales<\/a><\/p>\n<\/div><\/div>\n\n\n\n<div class=\"wp-block-media-text is-stacked-on-mobile\" style=\"grid-template-columns:17% auto\"><figure class=\"wp-block-media-text__media\"><img loading=\"lazy\" decoding=\"async\" width=\"210\" height=\"60\" src=\"https:\/\/pedagogie.ac-lille.fr\/metiers-btp\/wp-content\/uploads\/sites\/5\/2026\/01\/onisep.jpg\" alt=\"\" class=\"wp-image-3479 size-full\" \/><\/figure><div class=\"wp-block-media-text__content\">\n<p><strong>R\u00e9f\u00e9rentiel des comp\u00e9tences \u00e0 s\u2019orienter<\/strong><\/p>\n\n\n\n<p><a href=\"\/Users\/sduez1\/Downloads\/r-f-rentiel-des-comp-tences-s-orienter-63361.pdf\">file:\/\/\/C:\/Users\/sduez1\/Downloads\/r-f-rentiel-des-comp-tences-s-orienter-63361.pdf<\/a><\/p>\n\n\n\n<p><strong>Plateforme Avenir<\/strong><\/p>\n\n\n\n<p><a href=\"https:\/\/www.onisep.fr\/avenir-s\">https:\/\/www.onisep.fr\/avenir-s<\/a><\/p>\n<\/div><\/div>\n\n\n\n<div class=\"wp-block-media-text is-stacked-on-mobile\" style=\"grid-template-columns:18% auto\"><figure class=\"wp-block-media-text__media\"><img loading=\"lazy\" decoding=\"async\" width=\"188\" height=\"61\" src=\"https:\/\/pedagogie.ac-lille.fr\/metiers-btp\/wp-content\/uploads\/sites\/5\/2026\/01\/france.jpg\" alt=\"\" class=\"wp-image-3481 size-full\" \/><\/figure><div class=\"wp-block-media-text__content\">\n<p><strong>AvenirPro<\/strong><\/p>\n\n\n\n<p><a href=\"https:\/\/www.francetravail.org\/regions\/centre-val-de-loire\/acteurs-de-lemploi\/partenariat\/avenir-pro.html?type=article\">https:\/\/www.francetravail.org\/regions\/centre-val-de-loire\/acteurs-de-lemploi\/partenariat\/avenir-pro.html?type=article<\/a> <\/p>\n<\/div><\/div>\n\n\n\n<p><\/p>\n","protected":false},"excerpt":{"rendered":"<p>Liste non exhaustive de ressources pour la mise en \u0153uvre du soutien au parcours : Le soutien au parcours https:\/\/eduscol.education.fr\/658\/soutien-au-parcours-en-baccalaureat-professionnel Le parcours personnalis\u00e9 en terminale BAC PRO https:\/\/eduscol.education.fr\/3215\/le-parcours-personnalise-en-terminale-professionnelle Vademecum \u00ab&nbsp;L\u2019accompagnement en lyc\u00e9e professionnel&nbsp;\u00bb https:\/\/eduscol.education.fr\/document\/3165\/download AvenirPro et Avenir Pro+ https:\/\/eduscol.education.fr\/4214\/avenirpro-et-avenirpro-accompagner-les-lyceens-professionnels-vers-l-emploi Comp\u00e9tences psychosociales https:\/\/www.santepubliquefrance.fr\/competences-psychosociales R\u00e9f\u00e9rentiel des comp\u00e9tences \u00e0 s\u2019orienter file:\/\/\/C:\/Users\/sduez1\/Downloads\/r-f-rentiel-des-comp-tences-s-orienter-63361.pdf Plateforme Avenir https:\/\/www.onisep.fr\/avenir-s AvenirPro https:\/\/www.francetravail.org\/regions\/centre-val-de-loire\/acteurs-de-lemploi\/partenariat\/avenir-pro.html?type=article<\/p>\n","protected":false},"author":13,"featured_media":0,"parent":0,"menu_order":0,"comment_status":"closed","ping_status":"closed","template":"","meta":{"ngg_post_thumbnail":0,"footnotes":""},"class_list":["post-3473","page","type-page","status-publish","czr-hentry"],"publishpress_future_action":{"enabled":false,"date":"2026-04-28 20:09:18","action":"change-status","newStatus":"draft","terms":[],"taxonomy":"","extraData":[]},"publishpress_future_workflow_manual_trigger":{"enabledWorkflows":[]},"_links":{"self":[{"href":"https:\/\/pedagogie.ac-lille.fr\/metiers-btp\/wp-json\/wp\/v2\/pages\/3473","targetHints":{"allow":["GET"]}}],"collection":[{"href":"https:\/\/pedagogie.ac-lille.fr\/metiers-btp\/wp-json\/wp\/v2\/pages"}],"about":[{"href":"https:\/\/pedagogie.ac-lille.fr\/metiers-btp\/wp-json\/wp\/v2\/types\/page"}],"author":[{"embeddable":true,"href":"https:\/\/pedagogie.ac-lille.fr\/metiers-btp\/wp-json\/wp\/v2\/users\/13"}],"replies":[{"embeddable":true,"href":"https:\/\/pedagogie.ac-lille.fr\/metiers-btp\/wp-json\/wp\/v2\/comments?post=3473"}],"version-history":[{"count":6,"href":"https:\/\/pedagogie.ac-lille.fr\/metiers-btp\/wp-json\/wp\/v2\/pages\/3473\/revisions"}],"predecessor-version":[{"id":3484,"href":"https:\/\/pedagogie.ac-lille.fr\/metiers-btp\/wp-json\/wp\/v2\/pages\/3473\/revisions\/3484"}],"wp:attachment":[{"href":"https:\/\/pedagogie.ac-lille.fr\/metiers-btp\/wp-json\/wp\/v2\/media?parent=3473"}],"curies":[{"name":"wp","href":"https:\/\/api.w.org\/{rel}","templated":true}]}}