{"id":387,"date":"2020-08-29T14:48:07","date_gmt":"2020-08-29T12:48:07","guid":{"rendered":"http:\/\/pedagogie.ac-lille.fr\/cro-ce\/\/?page_id=387"},"modified":"2024-04-23T13:38:04","modified_gmt":"2024-04-23T11:38:04","slug":"filiere-geometre-topographe","status":"publish","type":"page","link":"https:\/\/pedagogie.ac-lille.fr\/metiers-btp\/filiere-geometre-topographe\/","title":{"rendered":"Fili\u00e8re \u00a0\u00bb TGT \u00ab\u00a0"},"content":{"rendered":"\n<p class=\"has-white-color has-black-background-color has-text-color has-background has-normal-font-size\">Ressources acad\u00e9miques<\/p>\n\n\n\n<div class=\"wp-block-media-text alignwide is-stacked-on-mobile\" style=\"grid-template-columns:18% auto\"><figure class=\"wp-block-media-text__media\"><img loading=\"lazy\" decoding=\"async\" width=\"341\" height=\"477\" src=\"https:\/\/pedagogie.ac-lille.fr\/metiers-btp\/wp-content\/uploads\/sites\/5\/2020\/05\/panneaux.png\" alt=\"\" class=\"wp-image-263 size-full\" srcset=\"https:\/\/pedagogie.ac-lille.fr\/metiers-btp\/wp-content\/uploads\/sites\/5\/2020\/05\/panneaux.png 341w, https:\/\/pedagogie.ac-lille.fr\/metiers-btp\/wp-content\/uploads\/sites\/5\/2020\/05\/panneaux-214x300.png 214w\" sizes=\"auto, (max-width: 341px) 100vw, 341px\" \/><\/figure><div class=\"wp-block-media-text__content\">\n<p class=\"has-luminous-vivid-orange-color has-text-color has-normal-font-size\">Ressources acad\u00e9miques relatives \u00e0 la seconde BAC PRO Famille des m\u00e9tiers des \u00e9tudes et de la mod\u00e9lisation num\u00e9rique du b\u00e2timent <\/p>\n\n\n\n<p><a href=\"https:\/\/pedagogie.ac-lille.fr\/metiers-btp\/famille-des-metiers-des-etudes-et-de-la-modelisation-numerique-du-batiment\/\" data-type=\"URL\" data-id=\"https:\/\/pedagogie.ac-lille.fr\/metiers-btp\/famille-des-metiers-des-etudes-et-de-la-modelisation-numerique-du-batiment\/\" target=\"_blank\" rel=\"noreferrer noopener\">Les d\u00e9couvrir<\/a> <\/p>\n<\/div><\/div>\n\n\n\n<h2 class=\"wp-block-heading has-white-color has-black-background-color has-text-color has-background has-normal-font-size\">Ressources nationales<\/h2>\n\n\n\n<div class=\"wp-block-media-text alignwide is-stacked-on-mobile\" style=\"grid-template-columns:31% auto\"><figure class=\"wp-block-media-text__media\"><img loading=\"lazy\" decoding=\"async\" width=\"1024\" height=\"368\" src=\"https:\/\/pedagogie.ac-lille.fr\/metiers-btp\/wp-content\/uploads\/sites\/5\/2021\/08\/REF-1-1024x368.png\" alt=\"\" class=\"wp-image-828 size-full\" srcset=\"https:\/\/pedagogie.ac-lille.fr\/metiers-btp\/wp-content\/uploads\/sites\/5\/2021\/08\/REF-1-1024x368.png 1024w, https:\/\/pedagogie.ac-lille.fr\/metiers-btp\/wp-content\/uploads\/sites\/5\/2021\/08\/REF-1-300x108.png 300w, https:\/\/pedagogie.ac-lille.fr\/metiers-btp\/wp-content\/uploads\/sites\/5\/2021\/08\/REF-1-768x276.png 768w, https:\/\/pedagogie.ac-lille.fr\/metiers-btp\/wp-content\/uploads\/sites\/5\/2021\/08\/REF-1.png 1107w\" sizes=\"auto, (max-width: 1024px) 100vw, 1024px\" \/><\/figure><div class=\"wp-block-media-text__content\">\n<p class=\"has-normal-font-size\">R\u00e9f\u00e9rentiel BAC PRO Technicien g\u00e9om\u00e8tre topographe ( en vigueur jusqu&rsquo;\u00e0 la session 2026 &#8211; article 12 de l&rsquo;arr\u00eat\u00e9 du 7 mars 2024).<\/p>\n\n\n\n<p><a href=\"http:\/\/cro-ce-medias.discipline.ac-lille.fr\/acces-restreint\/TGT\/6090-referentiel-bacpro-topo.pdf\" data-type=\"URL\" data-id=\"cro-ce-medias.discipline.ac-lille.fr\/acces-restreint\/TGT\/6090-referentiel-bacpro-topo.pdf\" target=\"_blank\" rel=\"noreferrer noopener\">Le d\u00e9couvrir<\/a><\/p>\n<\/div><\/div>\n\n\n\n<div class=\"wp-block-media-text alignwide is-stacked-on-mobile\" style=\"grid-template-columns:36% auto\"><figure class=\"wp-block-media-text__media\"><img loading=\"lazy\" decoding=\"async\" width=\"910\" height=\"628\" src=\"https:\/\/pedagogie.ac-lille.fr\/metiers-btp\/wp-content\/uploads\/sites\/5\/2024\/04\/7-MARS.png\" alt=\"\" class=\"wp-image-2961 size-full\" srcset=\"https:\/\/pedagogie.ac-lille.fr\/metiers-btp\/wp-content\/uploads\/sites\/5\/2024\/04\/7-MARS.png 910w, https:\/\/pedagogie.ac-lille.fr\/metiers-btp\/wp-content\/uploads\/sites\/5\/2024\/04\/7-MARS-300x207.png 300w, https:\/\/pedagogie.ac-lille.fr\/metiers-btp\/wp-content\/uploads\/sites\/5\/2024\/04\/7-MARS-768x530.png 768w\" sizes=\"auto, (max-width: 910px) 100vw, 910px\" \/><\/figure><div class=\"wp-block-media-text__content\">\n<p>Arr\u00eat\u00e9 du 7 mars 2024 &#8211; R\u00e9f\u00e9rentiel BAC PRO G\u00e9om\u00e8tre<\/p>\n\n\n\n<p><a href=\"http:\/\/cro-ce-medias.discipline.ac-lille.fr\/acces-restreint\/TGT\/referentiel_bcp_geometre.pdf\">Le d\u00e9couvrir<\/a><\/p>\n<\/div><\/div>\n","protected":false},"excerpt":{"rendered":"<p>Ressources acad\u00e9miques Ressources acad\u00e9miques relatives \u00e0 la seconde BAC PRO Famille des m\u00e9tiers des \u00e9tudes et de la mod\u00e9lisation num\u00e9rique du b\u00e2timent Les d\u00e9couvrir Ressources nationales R\u00e9f\u00e9rentiel BAC PRO Technicien g\u00e9om\u00e8tre topographe ( en vigueur jusqu&rsquo;\u00e0 la session 2026 &#8211; article 12 de l&rsquo;arr\u00eat\u00e9 du 7 mars 2024). Le d\u00e9couvrir Arr\u00eat\u00e9 du 7 mars 2024 [&hellip;]<\/p>\n","protected":false},"author":13,"featured_media":0,"parent":0,"menu_order":0,"comment_status":"closed","ping_status":"closed","template":"","meta":{"ngg_post_thumbnail":0,"footnotes":""},"class_list":["post-387","page","type-page","status-publish","czr-hentry"],"publishpress_future_action":{"enabled":false,"date":"2026-04-28 20:10:19","action":"change-status","newStatus":"draft","terms":[],"taxonomy":"","extraData":[]},"publishpress_future_workflow_manual_trigger":{"enabledWorkflows":[]},"_links":{"self":[{"href":"https:\/\/pedagogie.ac-lille.fr\/metiers-btp\/wp-json\/wp\/v2\/pages\/387","targetHints":{"allow":["GET"]}}],"collection":[{"href":"https:\/\/pedagogie.ac-lille.fr\/metiers-btp\/wp-json\/wp\/v2\/pages"}],"about":[{"href":"https:\/\/pedagogie.ac-lille.fr\/metiers-btp\/wp-json\/wp\/v2\/types\/page"}],"author":[{"embeddable":true,"href":"https:\/\/pedagogie.ac-lille.fr\/metiers-btp\/wp-json\/wp\/v2\/users\/13"}],"replies":[{"embeddable":true,"href":"https:\/\/pedagogie.ac-lille.fr\/metiers-btp\/wp-json\/wp\/v2\/comments?post=387"}],"version-history":[{"count":22,"href":"https:\/\/pedagogie.ac-lille.fr\/metiers-btp\/wp-json\/wp\/v2\/pages\/387\/revisions"}],"predecessor-version":[{"id":2964,"href":"https:\/\/pedagogie.ac-lille.fr\/metiers-btp\/wp-json\/wp\/v2\/pages\/387\/revisions\/2964"}],"wp:attachment":[{"href":"https:\/\/pedagogie.ac-lille.fr\/metiers-btp\/wp-json\/wp\/v2\/media?parent=387"}],"curies":[{"name":"wp","href":"https:\/\/api.w.org\/{rel}","templated":true}]}}