{"id":613,"date":"2021-08-26T14:00:22","date_gmt":"2021-08-26T12:00:22","guid":{"rendered":"https:\/\/pedagogie.ac-lille.fr\/metiers-btp\/?page_id=613"},"modified":"2021-08-27T11:36:36","modified_gmt":"2021-08-27T09:36:36","slug":"concours-plus-belle-la-vie-dans-mon-lycee-edition-2021","status":"publish","type":"page","link":"https:\/\/pedagogie.ac-lille.fr\/metiers-btp\/concours-plus-belle-la-vie-dans-mon-lycee-edition-2021\/","title":{"rendered":"EMNB &#8211; concours &#8211; \u00e9dition 2021"},"content":{"rendered":"\n<div class=\"wp-block-media-text alignwide is-stacked-on-mobile\" style=\"grid-template-columns:15% auto\"><figure class=\"wp-block-media-text__media\"><img loading=\"lazy\" decoding=\"async\" width=\"222\" height=\"314\" src=\"https:\/\/pedagogie.ac-lille.fr\/metiers-btp\/wp-content\/uploads\/sites\/5\/2021\/07\/affiche_concours.png\" alt=\"\" class=\"wp-image-614 size-full\" srcset=\"https:\/\/pedagogie.ac-lille.fr\/metiers-btp\/wp-content\/uploads\/sites\/5\/2021\/07\/affiche_concours.png 222w, https:\/\/pedagogie.ac-lille.fr\/metiers-btp\/wp-content\/uploads\/sites\/5\/2021\/07\/affiche_concours-212x300.png 212w\" sizes=\"auto, (max-width: 222px) 100vw, 222px\" \/><\/figure><div class=\"wp-block-media-text__content\">\n<figure class=\"wp-block-pullquote\" style=\"border-color:#ff6900\"><blockquote class=\"has-text-color has-black-color\"><p><span class=\"has-inline-color has-vivid-cyan-blue-color\">F\u00e9licitations \u00e0 la centaine d&rsquo;\u00e9l\u00e8ves qui ont particip\u00e9 au concours \u00ab\u00a0Plus belle la vie dans mon lyc\u00e9e &#8211; \u00e9dition 2021\u00a0\u00bb<\/span>.<\/p><p>Lors de la finale acad\u00e9mique qui s&rsquo;est d\u00e9roul\u00e9e le jeudi 20 mai 2021, le jury a particuli\u00e8rement appr\u00e9ci\u00e9 le travail d&rsquo;\u00e9quipe, les productions de qualit\u00e9 pr\u00e9sent\u00e9es ainsi que l&rsquo;accompagnement men\u00e9 par les \u00e9quipes enseignantes.<\/p><\/blockquote><\/figure>\n\n\n\n<div class=\"wp-block-image is-style-default\"><figure class=\"aligncenter size-medium\"><img loading=\"lazy\" decoding=\"async\" width=\"300\" height=\"190\" src=\"https:\/\/pedagogie.ac-lille.fr\/metiers-btp\/wp-content\/uploads\/sites\/5\/2021\/07\/parrain-300x190.png\" alt=\"\" class=\"wp-image-623\" srcset=\"https:\/\/pedagogie.ac-lille.fr\/metiers-btp\/wp-content\/uploads\/sites\/5\/2021\/07\/parrain-300x190.png 300w, https:\/\/pedagogie.ac-lille.fr\/metiers-btp\/wp-content\/uploads\/sites\/5\/2021\/07\/parrain.png 538w\" sizes=\"auto, (max-width: 300px) 100vw, 300px\" \/><figcaption><span class=\"has-inline-color has-black-color\">Un grand merci \u00e0 Madame ALONSO Jade du cabinet d&rsquo;architectes SNA de Lille, parrain du concours \u00e9dition 2021<\/span><\/figcaption><\/figure><\/div>\n\n\n\n<p>Un grand merci \u00e9galement aux \u00e9l\u00e9ves et \u00e9quipes enseignantes du  LP Auguste B\u00e9hal de LENS qui ont r\u00e9alis\u00e9 les troph\u00e9es aux \u00e9quipes gagnantes.<\/p>\n<\/div><\/div>\n\n\n\n<div class=\"wp-block-media-text alignwide is-stacked-on-mobile\" style=\"grid-template-columns:15% auto\"><figure class=\"wp-block-media-text__media\"><img loading=\"lazy\" decoding=\"async\" width=\"433\" height=\"323\" src=\"https:\/\/pedagogie.ac-lille.fr\/metiers-btp\/wp-content\/uploads\/sites\/5\/2021\/07\/BIM.png\" alt=\"\" class=\"wp-image-619 size-full\" srcset=\"https:\/\/pedagogie.ac-lille.fr\/metiers-btp\/wp-content\/uploads\/sites\/5\/2021\/07\/BIM.png 433w, https:\/\/pedagogie.ac-lille.fr\/metiers-btp\/wp-content\/uploads\/sites\/5\/2021\/07\/BIM-300x224.png 300w\" sizes=\"auto, (max-width: 433px) 100vw, 433px\" \/><\/figure><div class=\"wp-block-media-text__content\">\n<p style=\"font-size:17px\">Les trois troph\u00e9es \u00ab\u00a0BIM\u00a0\u00bb ont \u00e9t\u00e9 d\u00e9cern\u00e9s aux \u00e9tablissements suivants:<\/p>\n\n\n\n<ul class=\"has-white-color has-luminous-vivid-orange-background-color has-text-color has-background wp-block-list\"><li>LP Maurice Duhamel LOOS<\/li><li>LP Sainte Marie BAILLEUL<\/li><li>LP Fran\u00e7ois Hennebique LIEVIN.<\/li><\/ul>\n\n\n\n<p><\/p>\n<\/div><\/div>\n\n\n\n<div class=\"wp-block-media-text alignwide is-stacked-on-mobile\" style=\"grid-template-columns:15% auto\"><figure class=\"wp-block-media-text__media\"><img loading=\"lazy\" decoding=\"async\" width=\"185\" height=\"340\" src=\"https:\/\/pedagogie.ac-lille.fr\/metiers-btp\/wp-content\/uploads\/sites\/5\/2021\/07\/realisme.png\" alt=\"\" class=\"wp-image-620 size-full\" srcset=\"https:\/\/pedagogie.ac-lille.fr\/metiers-btp\/wp-content\/uploads\/sites\/5\/2021\/07\/realisme.png 185w, https:\/\/pedagogie.ac-lille.fr\/metiers-btp\/wp-content\/uploads\/sites\/5\/2021\/07\/realisme-163x300.png 163w\" sizes=\"auto, (max-width: 185px) 100vw, 185px\" \/><\/figure><div class=\"wp-block-media-text__content\">\n<p style=\"font-size:17px\">Le troph\u00e9e \u00ab\u00a0meilleur r\u00e9alisme\u00a0\u00bb a \u00e9t\u00e9 d\u00e9cern\u00e9 \u00e0 l&rsquo;\u00e9tablissement suivant:<\/p>\n\n\n\n<ul class=\"has-white-color has-vivid-cyan-blue-background-color has-text-color has-background wp-block-list\"><li>LP Flora Tristan LILLERS<\/li><\/ul>\n<\/div><\/div>\n\n\n\n<div class=\"wp-block-media-text alignwide is-stacked-on-mobile has-vivid-green-cyan-color has-text-color\" style=\"grid-template-columns:15% auto\"><figure class=\"wp-block-media-text__media\"><img loading=\"lazy\" decoding=\"async\" width=\"238\" height=\"336\" src=\"https:\/\/pedagogie.ac-lille.fr\/metiers-btp\/wp-content\/uploads\/sites\/5\/2021\/07\/COEUR.png\" alt=\"\" class=\"wp-image-621 size-full\" srcset=\"https:\/\/pedagogie.ac-lille.fr\/metiers-btp\/wp-content\/uploads\/sites\/5\/2021\/07\/COEUR.png 238w, https:\/\/pedagogie.ac-lille.fr\/metiers-btp\/wp-content\/uploads\/sites\/5\/2021\/07\/COEUR-213x300.png 213w\" sizes=\"auto, (max-width: 238px) 100vw, 238px\" \/><\/figure><div class=\"wp-block-media-text__content\">\n<p class=\"has-black-color has-text-color\" style=\"font-size:17px\">Le troph\u00e9e \u00ab\u00a0coup de c\u0153ur\u00a0\u00bb a \u00e9t\u00e9 d\u00e9cern\u00e9 \u00e0 l&rsquo;\u00e9tablissement suivant:<\/p>\n\n\n\n<ul class=\"has-white-color has-light-green-cyan-background-color has-text-color has-background wp-block-list\"><li>LP Louis Pasteur HENIN-BEAUMONT<\/li><\/ul>\n<\/div><\/div>\n\n\n\n<div class=\"wp-block-media-text alignwide is-stacked-on-mobile\" style=\"grid-template-columns:23% auto\"><figure class=\"wp-block-media-text__media\"><img loading=\"lazy\" decoding=\"async\" width=\"524\" height=\"432\" src=\"https:\/\/pedagogie.ac-lille.fr\/metiers-btp\/wp-content\/uploads\/sites\/5\/2021\/07\/recompenses.png\" alt=\"\" class=\"wp-image-625 size-full\" srcset=\"https:\/\/pedagogie.ac-lille.fr\/metiers-btp\/wp-content\/uploads\/sites\/5\/2021\/07\/recompenses.png 524w, https:\/\/pedagogie.ac-lille.fr\/metiers-btp\/wp-content\/uploads\/sites\/5\/2021\/07\/recompenses-300x247.png 300w\" sizes=\"auto, (max-width: 524px) 100vw, 524px\" \/><\/figure><div class=\"wp-block-media-text__content\">\n<p class=\"has-large-font-size\">Des r\u00e9compenses pour tous!<\/p>\n\n\n\n<p class=\"has-white-color has-pale-pink-background-color has-text-color has-background\">Un grand merci \u00e9galement \u00e0 la DRAFPIC qui a permis le financement de r\u00e9compenses pour toutes les \u00e9quipes d&rsquo;\u00e9l\u00e8ves participantes (un carnet de notes muni d&rsquo;un crayon, une cl\u00e9 USB et un tote bag).<\/p>\n<\/div><\/div>\n\n\n\n<div class=\"wp-block-media-text alignwide is-stacked-on-mobile\" style=\"grid-template-columns:23% auto\"><figure class=\"wp-block-media-text__media\"><img loading=\"lazy\" decoding=\"async\" width=\"1024\" height=\"723\" src=\"https:\/\/pedagogie.ac-lille.fr\/metiers-btp\/wp-content\/uploads\/sites\/5\/2021\/08\/retrospective-1024x723.png\" alt=\"\" class=\"wp-image-738 size-full\" srcset=\"https:\/\/pedagogie.ac-lille.fr\/metiers-btp\/wp-content\/uploads\/sites\/5\/2021\/08\/retrospective-1024x723.png 1024w, https:\/\/pedagogie.ac-lille.fr\/metiers-btp\/wp-content\/uploads\/sites\/5\/2021\/08\/retrospective-300x212.png 300w, https:\/\/pedagogie.ac-lille.fr\/metiers-btp\/wp-content\/uploads\/sites\/5\/2021\/08\/retrospective-768x543.png 768w, https:\/\/pedagogie.ac-lille.fr\/metiers-btp\/wp-content\/uploads\/sites\/5\/2021\/08\/retrospective.png 1049w\" sizes=\"auto, (max-width: 1024px) 100vw, 1024px\" \/><\/figure><div class=\"wp-block-media-text__content\">\n<p class=\"has-white-color has-luminous-vivid-orange-background-color has-text-color has-background has-normal-font-size\">Affiche r\u00e9trospective du concours \u00ab\u00a0Plus belle la vie &#8211; \u00e9dition 2021\u00a0\u00bb &#8211; <a href=\"http:\/\/cro-ce-medias.discipline.ac-lille.fr\/acces-restreint\/A3fiches\/A3_retrospective.pdf\" data-type=\"URL\" data-id=\"cro-ce-medias.discipline.ac-lille.fr\/acces-restreint\/A3fiches\/A3_retrospective.pdf\" target=\"_blank\" rel=\"noreferrer noopener\">La d\u00e9couvrir<\/a><\/p>\n<\/div><\/div>\n","protected":false},"excerpt":{"rendered":"<p>Les trois troph\u00e9es \u00ab\u00a0BIM\u00a0\u00bb ont \u00e9t\u00e9 d\u00e9cern\u00e9s aux \u00e9tablissements suivants: LP Maurice Duhamel LOOS LP Sainte Marie BAILLEUL LP Fran\u00e7ois Hennebique LIEVIN. Le troph\u00e9e \u00ab\u00a0meilleur r\u00e9alisme\u00a0\u00bb a \u00e9t\u00e9 d\u00e9cern\u00e9 \u00e0 l&rsquo;\u00e9tablissement suivant: LP Flora Tristan LILLERS Le troph\u00e9e \u00ab\u00a0coup de c\u0153ur\u00a0\u00bb a \u00e9t\u00e9 d\u00e9cern\u00e9 \u00e0 l&rsquo;\u00e9tablissement suivant: LP Louis Pasteur HENIN-BEAUMONT Des r\u00e9compenses pour tous! [&hellip;]<\/p>\n","protected":false},"author":13,"featured_media":0,"parent":0,"menu_order":0,"comment_status":"closed","ping_status":"closed","template":"","meta":{"ngg_post_thumbnail":0,"footnotes":""},"class_list":["post-613","page","type-page","status-publish","czr-hentry"],"publishpress_future_action":{"enabled":false,"date":"2026-04-28 20:09:19","action":"change-status","newStatus":"draft","terms":[],"taxonomy":"","extraData":[]},"publishpress_future_workflow_manual_trigger":{"enabledWorkflows":[]},"_links":{"self":[{"href":"https:\/\/pedagogie.ac-lille.fr\/metiers-btp\/wp-json\/wp\/v2\/pages\/613","targetHints":{"allow":["GET"]}}],"collection":[{"href":"https:\/\/pedagogie.ac-lille.fr\/metiers-btp\/wp-json\/wp\/v2\/pages"}],"about":[{"href":"https:\/\/pedagogie.ac-lille.fr\/metiers-btp\/wp-json\/wp\/v2\/types\/page"}],"author":[{"embeddable":true,"href":"https:\/\/pedagogie.ac-lille.fr\/metiers-btp\/wp-json\/wp\/v2\/users\/13"}],"replies":[{"embeddable":true,"href":"https:\/\/pedagogie.ac-lille.fr\/metiers-btp\/wp-json\/wp\/v2\/comments?post=613"}],"version-history":[{"count":12,"href":"https:\/\/pedagogie.ac-lille.fr\/metiers-btp\/wp-json\/wp\/v2\/pages\/613\/revisions"}],"predecessor-version":[{"id":848,"href":"https:\/\/pedagogie.ac-lille.fr\/metiers-btp\/wp-json\/wp\/v2\/pages\/613\/revisions\/848"}],"wp:attachment":[{"href":"https:\/\/pedagogie.ac-lille.fr\/metiers-btp\/wp-json\/wp\/v2\/media?parent=613"}],"curies":[{"name":"wp","href":"https:\/\/api.w.org\/{rel}","templated":true}]}}