{"id":633,"date":"2021-08-26T14:39:39","date_gmt":"2021-08-26T12:39:39","guid":{"rendered":"https:\/\/pedagogie.ac-lille.fr\/metiers-btp\/?page_id=633"},"modified":"2022-05-27T17:00:24","modified_gmt":"2022-05-27T15:00:24","slug":"concours-academique-top-la-vie-dans-mon-lycee-edition-2022","status":"publish","type":"page","link":"https:\/\/pedagogie.ac-lille.fr\/metiers-btp\/concours-academique-top-la-vie-dans-mon-lycee-edition-2022\/","title":{"rendered":"EMNB- concours &#8211; \u00e9dition 2022"},"content":{"rendered":"\n<div class=\"wp-block-image\"><figure class=\"aligncenter size-large is-resized\"><img loading=\"lazy\" decoding=\"async\" src=\"https:\/\/pedagogie.ac-lille.fr\/metiers-btp\/wp-content\/uploads\/sites\/5\/2021\/07\/reglement_2022-1024x730.png\" alt=\"\" class=\"wp-image-634\" width=\"377\" height=\"269\" srcset=\"https:\/\/pedagogie.ac-lille.fr\/metiers-btp\/wp-content\/uploads\/sites\/5\/2021\/07\/reglement_2022-1024x730.png 1024w, https:\/\/pedagogie.ac-lille.fr\/metiers-btp\/wp-content\/uploads\/sites\/5\/2021\/07\/reglement_2022-300x214.png 300w, https:\/\/pedagogie.ac-lille.fr\/metiers-btp\/wp-content\/uploads\/sites\/5\/2021\/07\/reglement_2022-768x548.png 768w, https:\/\/pedagogie.ac-lille.fr\/metiers-btp\/wp-content\/uploads\/sites\/5\/2021\/07\/reglement_2022.png 1070w\" sizes=\"auto, (max-width: 377px) 100vw, 377px\" \/><\/figure><\/div>\n\n\n\n<h2 class=\"has-text-align-center wp-block-heading\" style=\"font-size:14px\">Poursuivons la dynamique acad\u00e9mique engag\u00e9e, participez au concours acad\u00e9mique\u00a0\u00bbTOP la vie dans mon lyc\u00e9e\u00a0\u00bb dont le r\u00e8glement et l&rsquo;annexe associ\u00e9e sont t\u00e9l\u00e9chargeables \u00e0 partir des liens ci-apr\u00e8s:<\/h2>\n\n\n\n<div class=\"wp-block-media-text alignwide is-stacked-on-mobile\" style=\"grid-template-columns:15% auto\"><figure class=\"wp-block-media-text__media\"><img loading=\"lazy\" decoding=\"async\" width=\"1024\" height=\"730\" src=\"https:\/\/pedagogie.ac-lille.fr\/metiers-btp\/wp-content\/uploads\/sites\/5\/2021\/08\/reglement_2022-1024x730.png\" alt=\"\" class=\"wp-image-746 size-full\" srcset=\"https:\/\/pedagogie.ac-lille.fr\/metiers-btp\/wp-content\/uploads\/sites\/5\/2021\/08\/reglement_2022-1024x730.png 1024w, https:\/\/pedagogie.ac-lille.fr\/metiers-btp\/wp-content\/uploads\/sites\/5\/2021\/08\/reglement_2022-300x214.png 300w, https:\/\/pedagogie.ac-lille.fr\/metiers-btp\/wp-content\/uploads\/sites\/5\/2021\/08\/reglement_2022-768x548.png 768w, https:\/\/pedagogie.ac-lille.fr\/metiers-btp\/wp-content\/uploads\/sites\/5\/2021\/08\/reglement_2022.png 1070w\" sizes=\"auto, (max-width: 1024px) 100vw, 1024px\" \/><\/figure><div class=\"wp-block-media-text__content\">\n<p class=\"has-pale-cyan-blue-background-color has-background has-normal-font-size\">Affiche de communication et r\u00e9glement du concours. <a rel=\"noreferrer noopener\" href=\"http:\/\/cro-ce-medias.discipline.ac-lille.fr\/acces-restreint\/FAMILLE_MEMNB\/affiche_top_edition2022.pdf\" data-type=\"URL\" target=\"_blank\">Le<\/a><a href=\"http:\/\/cro-ce-medias.discipline.ac-lille.fr\/acces-restreint\/FAMILLE_MEMNB\/affiche_top_edition2022.pdf\" data-type=\"URL\" data-id=\"cro-ce-medias.discipline.ac-lille.fr\/acces-restreint\/FAMILLE_MEMNB\/affiche_top_edition2022.pdf\" target=\"_blank\" rel=\"noreferrer noopener\">s d\u00e9couvrir<\/a><\/p>\n<\/div><\/div>\n\n\n\n<div class=\"wp-block-media-text alignwide is-stacked-on-mobile\" style=\"grid-template-columns:15% auto\"><figure class=\"wp-block-media-text__media\"><img loading=\"lazy\" decoding=\"async\" width=\"1024\" height=\"726\" src=\"https:\/\/pedagogie.ac-lille.fr\/metiers-btp\/wp-content\/uploads\/sites\/5\/2021\/08\/annexe_reglement_2022-1024x726.png\" alt=\"\" class=\"wp-image-747 size-full\" srcset=\"https:\/\/pedagogie.ac-lille.fr\/metiers-btp\/wp-content\/uploads\/sites\/5\/2021\/08\/annexe_reglement_2022-1024x726.png 1024w, https:\/\/pedagogie.ac-lille.fr\/metiers-btp\/wp-content\/uploads\/sites\/5\/2021\/08\/annexe_reglement_2022-300x213.png 300w, https:\/\/pedagogie.ac-lille.fr\/metiers-btp\/wp-content\/uploads\/sites\/5\/2021\/08\/annexe_reglement_2022-768x544.png 768w, https:\/\/pedagogie.ac-lille.fr\/metiers-btp\/wp-content\/uploads\/sites\/5\/2021\/08\/annexe_reglement_2022.png 1058w\" sizes=\"auto, (max-width: 1024px) 100vw, 1024px\" \/><\/figure><div class=\"wp-block-media-text__content\">\n<p class=\"has-pale-cyan-blue-background-color has-background has-normal-font-size\">Annexe du r\u00e9glement &#8211; <a href=\"http:\/\/cro-ce-medias.discipline.ac-lille.fr\/acces-restreint\/FAMILLE_MEMNB\/annexe_reglement_concours_edition%202022.pdf\" data-type=\"URL\" target=\"_blank\" rel=\"noreferrer noopener\">La d\u00e9couvrir<\/a><\/p>\n<\/div><\/div>\n\n\n\n<div class=\"wp-block-media-text alignwide is-stacked-on-mobile\" style=\"grid-template-columns:15% auto\"><figure class=\"wp-block-media-text__media\"><img loading=\"lazy\" decoding=\"async\" width=\"324\" height=\"325\" src=\"https:\/\/pedagogie.ac-lille.fr\/metiers-btp\/wp-content\/uploads\/sites\/5\/2022\/04\/MATHIS.jpg\" alt=\"\" class=\"wp-image-1723 size-full\" srcset=\"https:\/\/pedagogie.ac-lille.fr\/metiers-btp\/wp-content\/uploads\/sites\/5\/2022\/04\/MATHIS.jpg 324w, https:\/\/pedagogie.ac-lille.fr\/metiers-btp\/wp-content\/uploads\/sites\/5\/2022\/04\/MATHIS-300x300.jpg 300w, https:\/\/pedagogie.ac-lille.fr\/metiers-btp\/wp-content\/uploads\/sites\/5\/2022\/04\/MATHIS-150x150.jpg 150w\" sizes=\"auto, (max-width: 324px) 100vw, 324px\" \/><\/figure><div class=\"wp-block-media-text__content\">\n<p class=\"has-light-green-cyan-background-color has-background has-medium-font-size\">Un grand MERCI \u00e0 Mathis DEBUY, parrain de l&rsquo;\u00e9dition 2022 !<\/p>\n\n\n\n<p>21 ans, \u00e9tudiant en <strong>MASTER IN2C \u00ab\u00a0Ing\u00e9nierie Num\u00e9rique Collaborative pour la Construction\u00a0\u00bb<\/strong> en alternance. <\/p>\n\n\n\n<p>Un parcours de formation remarquable : titulaire d&rsquo;un BAC PRO Technicien d&rsquo;\u00e9tudes du b\u00e2timent, d&rsquo;un BTS \u00e9tudes et \u00e9conomie de la construction et d&rsquo;une licence g\u00e9n\u00e9rale G\u00e9nie civil parcours \u00e9conomie de la construction<\/p>\n<\/div><\/div>\n\n\n\n<div class=\"wp-block-media-text alignwide has-media-on-the-right is-stacked-on-mobile\" style=\"grid-template-columns:auto 36%\"><figure class=\"wp-block-media-text__media\"><img loading=\"lazy\" decoding=\"async\" width=\"1024\" height=\"576\" src=\"https:\/\/pedagogie.ac-lille.fr\/metiers-btp\/wp-content\/uploads\/sites\/5\/2022\/04\/INTERVIEW_MATHIS-1024x576.jpg\" alt=\"\" class=\"wp-image-1724 size-full\" srcset=\"https:\/\/pedagogie.ac-lille.fr\/metiers-btp\/wp-content\/uploads\/sites\/5\/2022\/04\/INTERVIEW_MATHIS-1024x576.jpg 1024w, https:\/\/pedagogie.ac-lille.fr\/metiers-btp\/wp-content\/uploads\/sites\/5\/2022\/04\/INTERVIEW_MATHIS-300x169.jpg 300w, https:\/\/pedagogie.ac-lille.fr\/metiers-btp\/wp-content\/uploads\/sites\/5\/2022\/04\/INTERVIEW_MATHIS-768x432.jpg 768w, https:\/\/pedagogie.ac-lille.fr\/metiers-btp\/wp-content\/uploads\/sites\/5\/2022\/04\/INTERVIEW_MATHIS-1536x864.jpg 1536w, https:\/\/pedagogie.ac-lille.fr\/metiers-btp\/wp-content\/uploads\/sites\/5\/2022\/04\/INTERVIEW_MATHIS-1110x624.jpg 1110w, https:\/\/pedagogie.ac-lille.fr\/metiers-btp\/wp-content\/uploads\/sites\/5\/2022\/04\/INTERVIEW_MATHIS-528x297.jpg 528w, https:\/\/pedagogie.ac-lille.fr\/metiers-btp\/wp-content\/uploads\/sites\/5\/2022\/04\/INTERVIEW_MATHIS.jpg 1920w\" sizes=\"auto, (max-width: 1024px) 100vw, 1024px\" \/><\/figure><div class=\"wp-block-media-text__content\">\n<p style=\"font-size:16px\">D\u00e9couvrir <a href=\"http:\/\/cro-ce-medias.discipline.ac-lille.fr\/acces-restreint\/FAMILLE_MEMNB\/video_lancement_concours2022.mp4\" data-type=\"URL\" data-id=\"http:\/\/cro-ce-medias.discipline.ac-lille.fr\/acces-restreint\/FAMILLE_MEMNB\/video_lancement_concours2022.mp4\" target=\"_blank\" rel=\"noreferrer noopener\">l&rsquo;interview<\/a> de notre parrain de l&rsquo;action et la vid\u00e9o de lancement du concours \u00ab\u00a0TOP la vie dans mon lyc\u00e9e &#8211; \u00e9dition 2022 \u00ab\u00a0.<\/p>\n<\/div><\/div>\n\n\n\n<div class=\"wp-block-media-text alignwide is-stacked-on-mobile\" style=\"grid-template-columns:20% auto\"><figure class=\"wp-block-media-text__media\"><img loading=\"lazy\" decoding=\"async\" width=\"278\" height=\"145\" src=\"https:\/\/pedagogie.ac-lille.fr\/metiers-btp\/wp-content\/uploads\/sites\/5\/2022\/04\/IDEE.jpg\" alt=\"\" class=\"wp-image-1730 size-full\" \/><\/figure><div class=\"wp-block-media-text__content\">\n<p style=\"font-size:16px\">Le concours \u00ab\u00a0TOP la vie dans mon lyc\u00e9e est labellis\u00e9 IDEE pour 3 ans !<\/p>\n\n\n\n<p><a href=\"https:\/\/idee.region-academique-hauts-de-france.fr\/labelliser-une-action\/\" data-type=\"URL\" data-id=\"https:\/\/idee.region-academique-hauts-de-france.fr\/labelliser-une-action\/\" target=\"_blank\" rel=\"noreferrer noopener\">En savoir plus.<\/a><\/p>\n<\/div><\/div>\n\n\n\n<div class=\"wp-block-media-text alignwide is-stacked-on-mobile\" style=\"grid-template-columns:40% auto\"><figure class=\"wp-block-media-text__media\"><img loading=\"lazy\" decoding=\"async\" width=\"935\" height=\"448\" src=\"https:\/\/pedagogie.ac-lille.fr\/metiers-btp\/wp-content\/uploads\/sites\/5\/2022\/04\/ffb.jpg\" alt=\"\" class=\"wp-image-1733 size-full\" srcset=\"https:\/\/pedagogie.ac-lille.fr\/metiers-btp\/wp-content\/uploads\/sites\/5\/2022\/04\/ffb.jpg 935w, https:\/\/pedagogie.ac-lille.fr\/metiers-btp\/wp-content\/uploads\/sites\/5\/2022\/04\/ffb-300x144.jpg 300w, https:\/\/pedagogie.ac-lille.fr\/metiers-btp\/wp-content\/uploads\/sites\/5\/2022\/04\/ffb-768x368.jpg 768w\" sizes=\"auto, (max-width: 935px) 100vw, 935px\" \/><\/figure><div class=\"wp-block-media-text__content\">\n<p style=\"font-size:16px\">La finale acad\u00e9mique du concours se d\u00e9roulera sur le site de la FFB \u00e0 Marcq en Baroeul. Un grand MERCI \u00e0 la f\u00e9d\u00e9ration !<\/p>\n<\/div><\/div>\n\n\n\n<div class=\"wp-block-media-text alignwide has-media-on-the-right is-stacked-on-mobile\" style=\"grid-template-columns:auto 31%\"><figure class=\"wp-block-media-text__media\"><img loading=\"lazy\" decoding=\"async\" width=\"1024\" height=\"772\" src=\"https:\/\/pedagogie.ac-lille.fr\/metiers-btp\/wp-content\/uploads\/sites\/5\/2022\/04\/FINALE-1-1024x772.jpg\" alt=\"\" class=\"wp-image-1760 size-full\" srcset=\"https:\/\/pedagogie.ac-lille.fr\/metiers-btp\/wp-content\/uploads\/sites\/5\/2022\/04\/FINALE-1-1024x772.jpg 1024w, https:\/\/pedagogie.ac-lille.fr\/metiers-btp\/wp-content\/uploads\/sites\/5\/2022\/04\/FINALE-1-300x226.jpg 300w, https:\/\/pedagogie.ac-lille.fr\/metiers-btp\/wp-content\/uploads\/sites\/5\/2022\/04\/FINALE-1-768x579.jpg 768w, https:\/\/pedagogie.ac-lille.fr\/metiers-btp\/wp-content\/uploads\/sites\/5\/2022\/04\/FINALE-1.jpg 1097w\" sizes=\"auto, (max-width: 1024px) 100vw, 1024px\" \/><\/figure><div class=\"wp-block-media-text__content\">\n<p style=\"font-size:16px\">Flyer de la finale acad\u00e9mique du concours TOP la vie dans mon lyc\u00e9e.<\/p>\n\n\n\n<p>L<a href=\"http:\/\/cro-ce-medias.discipline.ac-lille.fr\/acces-restreint\/FAMILLE_MEMNB\/flyer_finale_edition2022.pdf\" data-type=\"URL\" data-id=\"http:\/\/cro-ce-medias.discipline.ac-lille.fr\/acces-restreint\/FAMILLE_MEMNB\/flyer_finale_edition2022.pdf\" target=\"_blank\" rel=\"noreferrer noopener\">e d\u00e9couvrir<\/a><\/p>\n<\/div><\/div>\n\n\n\n<div class=\"wp-block-media-text alignwide is-stacked-on-mobile\" style=\"grid-template-columns:25% auto\"><figure class=\"wp-block-media-text__media\"><img loading=\"lazy\" decoding=\"async\" width=\"1024\" height=\"768\" src=\"https:\/\/pedagogie.ac-lille.fr\/metiers-btp\/wp-content\/uploads\/sites\/5\/2022\/05\/101_2879-2-1024x768.jpg\" alt=\"\" class=\"wp-image-1835 size-full\" srcset=\"https:\/\/pedagogie.ac-lille.fr\/metiers-btp\/wp-content\/uploads\/sites\/5\/2022\/05\/101_2879-2-1024x768.jpg 1024w, https:\/\/pedagogie.ac-lille.fr\/metiers-btp\/wp-content\/uploads\/sites\/5\/2022\/05\/101_2879-2-300x225.jpg 300w, https:\/\/pedagogie.ac-lille.fr\/metiers-btp\/wp-content\/uploads\/sites\/5\/2022\/05\/101_2879-2-768x576.jpg 768w, https:\/\/pedagogie.ac-lille.fr\/metiers-btp\/wp-content\/uploads\/sites\/5\/2022\/05\/101_2879-2-1536x1152.jpg 1536w, https:\/\/pedagogie.ac-lille.fr\/metiers-btp\/wp-content\/uploads\/sites\/5\/2022\/05\/101_2879-2-2048x1536.jpg 2048w\" sizes=\"auto, (max-width: 1024px) 100vw, 1024px\" \/><\/figure><div class=\"wp-block-media-text__content\">\n<p class=\"has-medium-font-size\">R\u00e9trospective de la finale &#8211; <a href=\"https:\/\/pedagogie.ac-lille.fr\/metiers-btp\/finale-academique-concours-top-la-vie-dans-mon-lycee\/\" data-type=\"URL\" data-id=\"https:\/\/pedagogie.ac-lille.fr\/metiers-btp\/finale-academique-concours-top-la-vie-dans-mon-lycee\/\" target=\"_blank\" rel=\"noreferrer noopener\">La d\u00e9couvrir<\/a><\/p>\n<\/div><\/div>\n","protected":false},"excerpt":{"rendered":"<p>Poursuivons la dynamique acad\u00e9mique engag\u00e9e, participez au concours acad\u00e9mique\u00a0\u00bbTOP la vie dans mon lyc\u00e9e\u00a0\u00bb dont le r\u00e8glement et l&rsquo;annexe associ\u00e9e sont t\u00e9l\u00e9chargeables \u00e0 partir des liens ci-apr\u00e8s: Affiche de communication et r\u00e9glement du concours. Les d\u00e9couvrir Annexe du r\u00e9glement &#8211; La d\u00e9couvrir Un grand MERCI \u00e0 Mathis DEBUY, parrain de l&rsquo;\u00e9dition 2022 ! 21 ans, [&hellip;]<\/p>\n","protected":false},"author":13,"featured_media":0,"parent":0,"menu_order":0,"comment_status":"closed","ping_status":"closed","template":"","meta":{"ngg_post_thumbnail":0,"footnotes":""},"class_list":["post-633","page","type-page","status-publish","czr-hentry"],"publishpress_future_action":{"enabled":false,"date":"2026-04-28 20:10:20","action":"change-status","newStatus":"draft","terms":[],"taxonomy":"","extraData":[]},"publishpress_future_workflow_manual_trigger":{"enabledWorkflows":[]},"_links":{"self":[{"href":"https:\/\/pedagogie.ac-lille.fr\/metiers-btp\/wp-json\/wp\/v2\/pages\/633","targetHints":{"allow":["GET"]}}],"collection":[{"href":"https:\/\/pedagogie.ac-lille.fr\/metiers-btp\/wp-json\/wp\/v2\/pages"}],"about":[{"href":"https:\/\/pedagogie.ac-lille.fr\/metiers-btp\/wp-json\/wp\/v2\/types\/page"}],"author":[{"embeddable":true,"href":"https:\/\/pedagogie.ac-lille.fr\/metiers-btp\/wp-json\/wp\/v2\/users\/13"}],"replies":[{"embeddable":true,"href":"https:\/\/pedagogie.ac-lille.fr\/metiers-btp\/wp-json\/wp\/v2\/comments?post=633"}],"version-history":[{"count":20,"href":"https:\/\/pedagogie.ac-lille.fr\/metiers-btp\/wp-json\/wp\/v2\/pages\/633\/revisions"}],"predecessor-version":[{"id":1837,"href":"https:\/\/pedagogie.ac-lille.fr\/metiers-btp\/wp-json\/wp\/v2\/pages\/633\/revisions\/1837"}],"wp:attachment":[{"href":"https:\/\/pedagogie.ac-lille.fr\/metiers-btp\/wp-json\/wp\/v2\/media?parent=633"}],"curies":[{"name":"wp","href":"https:\/\/api.w.org\/{rel}","templated":true}]}}