{"id":705,"date":"2021-07-13T16:17:58","date_gmt":"2021-07-13T14:17:58","guid":{"rendered":"https:\/\/pedagogie.ac-lille.fr\/metiers-btp\/?page_id=705"},"modified":"2025-11-23T17:10:05","modified_gmt":"2025-11-23T16:10:05","slug":"travaux-publics","status":"publish","type":"page","link":"https:\/\/pedagogie.ac-lille.fr\/metiers-btp\/travaux-publics\/","title":{"rendered":"Fili\u00e8re \u00ab\u00a0Travaux Publics\u00a0\u00bb"},"content":{"rendered":"<div class=\"wp-block-image\">\n<figure class=\"aligncenter size-full is-resized\"><img loading=\"lazy\" decoding=\"async\" width=\"541\" height=\"405\" src=\"https:\/\/pedagogie.ac-lille.fr\/metiers-btp\/wp-content\/uploads\/sites\/5\/2021\/08\/pelleteuse.png\" alt=\"\" class=\"wp-image-865\" style=\"width:258px;height:193px\" srcset=\"https:\/\/pedagogie.ac-lille.fr\/metiers-btp\/wp-content\/uploads\/sites\/5\/2021\/08\/pelleteuse.png 541w, https:\/\/pedagogie.ac-lille.fr\/metiers-btp\/wp-content\/uploads\/sites\/5\/2021\/08\/pelleteuse-300x225.png 300w\" sizes=\"auto, (max-width: 541px) 100vw, 541px\" \/><\/figure>\n<\/div>\n\n\n<p class=\"has-white-color has-black-background-color has-text-color has-background has-normal-font-size\">Ressources nationales<\/p>\n\n\n\n<div class=\"wp-block-media-text alignwide is-stacked-on-mobile\" style=\"grid-template-columns:39% auto\"><figure class=\"wp-block-media-text__media\"><img loading=\"lazy\" decoding=\"async\" width=\"989\" height=\"365\" src=\"https:\/\/pedagogie.ac-lille.fr\/metiers-btp\/wp-content\/uploads\/sites\/5\/2021\/08\/coba.png\" alt=\"\" class=\"wp-image-872 size-full\" srcset=\"https:\/\/pedagogie.ac-lille.fr\/metiers-btp\/wp-content\/uploads\/sites\/5\/2021\/08\/coba.png 989w, https:\/\/pedagogie.ac-lille.fr\/metiers-btp\/wp-content\/uploads\/sites\/5\/2021\/08\/coba-300x111.png 300w, https:\/\/pedagogie.ac-lille.fr\/metiers-btp\/wp-content\/uploads\/sites\/5\/2021\/08\/coba-768x283.png 768w\" sizes=\"auto, (max-width: 989px) 100vw, 989px\" \/><\/figure><div class=\"wp-block-media-text__content\">\n<p class=\"has-white-color has-light-green-cyan-background-color has-text-color has-background\" style=\"font-size:14px\">R\u00e9f\u00e9rentiel CAP Constructeur d&rsquo;ouvrages en b\u00e9ton arm\u00e9<\/p>\n\n\n\n<p style=\"font-size:14px\"><a href=\"http:\/\/cro-ce-medias.discipline.ac-lille.fr\/acces-restreint\/TP\/referentiel_coba.pdf\" data-type=\"URL\" data-id=\"cro-ce-medias.discipline.ac-lille.fr\/acces-restreint\/TP\/referentiel_coba.pdf\" target=\"_blank\" rel=\"noreferrer noopener\">Le d\u00e9couvrir<\/a><\/p>\n\n\n\n<p>La derni\u00e8re session de ce r\u00e9f\u00e9rentiel sera en 2026. Celui-ci est abrog\u00e9 et remplac\u00e9 \u00e0 la rentr\u00e9e 2025 par le r\u00e9f\u00e9rentiel d\u00e9crit dans l&rsquo;arr\u00eat\u00e9 du 13 d\u00e9cembre 2024.<\/p>\n\n\n\n<p><a href=\"https:\/\/www.legifrance.gouv.fr\/jorf\/id\/JORFTEXT000050830375\">Le d\u00e9couvrir <\/a><\/p>\n<\/div><\/div>\n\n\n\n<div class=\"wp-block-media-text alignwide is-stacked-on-mobile\" style=\"grid-template-columns:39% auto\"><figure class=\"wp-block-media-text__media\"><img loading=\"lazy\" decoding=\"async\" width=\"1024\" height=\"394\" src=\"https:\/\/pedagogie.ac-lille.fr\/metiers-btp\/wp-content\/uploads\/sites\/5\/2021\/08\/const_route-1024x394.png\" alt=\"\" class=\"wp-image-867 size-full\" srcset=\"https:\/\/pedagogie.ac-lille.fr\/metiers-btp\/wp-content\/uploads\/sites\/5\/2021\/08\/const_route-1024x394.png 1024w, https:\/\/pedagogie.ac-lille.fr\/metiers-btp\/wp-content\/uploads\/sites\/5\/2021\/08\/const_route-300x115.png 300w, https:\/\/pedagogie.ac-lille.fr\/metiers-btp\/wp-content\/uploads\/sites\/5\/2021\/08\/const_route-768x295.png 768w, https:\/\/pedagogie.ac-lille.fr\/metiers-btp\/wp-content\/uploads\/sites\/5\/2021\/08\/const_route.png 1046w\" sizes=\"auto, (max-width: 1024px) 100vw, 1024px\" \/><\/figure><div class=\"wp-block-media-text__content\">\n<p class=\"has-vivid-red-color has-light-green-cyan-background-color has-text-color has-background\" style=\"font-size:14px\">R\u00e9f\u00e9rentiel CAP Constructeur de routes et d&rsquo;am\u00e9nagements urbains &#8211; entr\u00e9e en vigueur septembre 2021<\/p>\n\n\n\n<p style=\"font-size:14px\"><a href=\"http:\/\/cro-ce-medias.discipline.ac-lille.fr\/acces-restreint\/TP\/constructeur_de_routes.pdf\" data-type=\"URL\" data-id=\"cro-ce-medias.discipline.ac-lille.fr\/acces-restreint\/TP\/constructeur_de_routes.pdf\" target=\"_blank\" rel=\"noreferrer noopener\">Le d\u00e9couvrir<\/a><\/p>\n\n\n\n<p>La derni\u00e8re session de ce r\u00e9f\u00e9rentiel sera en 2026. Celui-ci est abrog\u00e9 et remplac\u00e9 \u00e0 la rentr\u00e9e 2025 par le r\u00e9f\u00e9rentiel d\u00e9crit dans l&rsquo;arr\u00eat\u00e9 du 13 d\u00e9cembre 2024.<\/p>\n\n\n\n<p><a href=\"https:\/\/www.legifrance.gouv.fr\/jorf\/id\/JORFTEXT000051041755\">Le d\u00e9couvrir<\/a><\/p>\n<\/div><\/div>\n\n\n\n<div class=\"wp-block-media-text alignwide is-stacked-on-mobile\" style=\"grid-template-columns:39% auto\"><figure class=\"wp-block-media-text__media\"><img loading=\"lazy\" decoding=\"async\" width=\"1024\" height=\"389\" src=\"https:\/\/pedagogie.ac-lille.fr\/metiers-btp\/wp-content\/uploads\/sites\/5\/2021\/08\/const_reseaux-1024x389.png\" alt=\"\" class=\"wp-image-869 size-full\" srcset=\"https:\/\/pedagogie.ac-lille.fr\/metiers-btp\/wp-content\/uploads\/sites\/5\/2021\/08\/const_reseaux-1024x389.png 1024w, https:\/\/pedagogie.ac-lille.fr\/metiers-btp\/wp-content\/uploads\/sites\/5\/2021\/08\/const_reseaux-300x114.png 300w, https:\/\/pedagogie.ac-lille.fr\/metiers-btp\/wp-content\/uploads\/sites\/5\/2021\/08\/const_reseaux-768x291.png 768w, https:\/\/pedagogie.ac-lille.fr\/metiers-btp\/wp-content\/uploads\/sites\/5\/2021\/08\/const_reseaux.png 1041w\" sizes=\"auto, (max-width: 1024px) 100vw, 1024px\" \/><\/figure><div class=\"wp-block-media-text__content\">\n<p class=\"has-white-color has-light-green-cyan-background-color has-text-color has-background\" style=\"font-size:14px\">R\u00e9f\u00e9rentiel CAP Constructeur de r\u00e9seaux de canalisations de travaux publics<\/p>\n\n\n\n<p style=\"font-size:14px\"><a href=\"http:\/\/cro-ce-medias.discipline.ac-lille.fr\/acces-restreint\/TP\/referentiel_cap_const_reseaux.pdf\" data-type=\"URL\" data-id=\"cro-ce-medias.discipline.ac-lille.fr\/acces-restreint\/TP\/referentiel_cap_const_reseaux.pdf\" target=\"_blank\" rel=\"noreferrer noopener\">Le d\u00e9couvrir<\/a><\/p>\n\n\n\n<p>La derni\u00e8re session de ce r\u00e9f\u00e9rentiel sera en 2026. Celui-ci est abrog\u00e9 et remplac\u00e9 \u00e0 la rentr\u00e9e 2025 par le r\u00e9f\u00e9rentiel d\u00e9crit dans l&rsquo;arr\u00eat\u00e9 du 13 d\u00e9cembre 2024.<\/p>\n\n\n\n<p>La derni\u00e8re session de ce r\u00e9f\u00e9rentiel sera en 2026. Celui-ci est abrog\u00e9 et remplac\u00e9 \u00e0 la rentr\u00e9e 2025 par le r\u00e9f\u00e9rentiel d\u00e9crit dans l&rsquo;arr\u00eat\u00e9 du 13 d\u00e9cembre 2024.<\/p>\n\n\n\n<p><a href=\"https:\/\/www.legifrance.gouv.fr\/jorf\/id\/JORFTEXT000051041755\">Le d\u00e9couvrir<\/a><\/p>\n<\/div><\/div>\n\n\n\n<div class=\"wp-block-media-text alignwide is-stacked-on-mobile\" style=\"grid-template-columns:22% auto\"><figure class=\"wp-block-media-text__media\"><img loading=\"lazy\" decoding=\"async\" width=\"634\" height=\"576\" src=\"https:\/\/pedagogie.ac-lille.fr\/metiers-btp\/wp-content\/uploads\/sites\/5\/2024\/04\/ref.png\" alt=\"\" class=\"wp-image-2950 size-full\" srcset=\"https:\/\/pedagogie.ac-lille.fr\/metiers-btp\/wp-content\/uploads\/sites\/5\/2024\/04\/ref.png 634w, https:\/\/pedagogie.ac-lille.fr\/metiers-btp\/wp-content\/uploads\/sites\/5\/2024\/04\/ref-300x273.png 300w\" sizes=\"auto, (max-width: 634px) 100vw, 634px\" \/><\/figure><div class=\"wp-block-media-text__content\">\n<p class=\"has-white-color has-light-green-cyan-background-color has-text-color has-background\" style=\"font-size:14px\">R\u00e9f\u00e9rentiel CAP Conducteur d&rsquo;engins : travaux publics et carri\u00e8res<\/p>\n\n\n\n<p style=\"font-size:14px\">L&rsquo;arr\u00eat\u00e9 du 24 mars 2006 est abrog\u00e9.<\/p>\n\n\n\n<p>R\u00e9novation du dipl\u00f4me. <a href=\"http:\/\/cro-ce-medias.discipline.ac-lille.fr\/acces-restreint\/TP\/referentiel_cap_conducteur_engins.pdf\">D\u00e9couvrir le nouveau r\u00e9f\u00e9rentiel<\/a> relatif \u00e0 l&rsquo;arr\u00eat\u00e9 du 29 ao\u00fbt 2022.<\/p>\n\n\n\n<p><strong>La derni\u00e8re session de ce r\u00e9f\u00e9rentiel sera en 2026. Celui-ci est abrog\u00e9 et remplac\u00e9 \u00e0 la rentr\u00e9e 2025 par le r\u00e9f\u00e9rentiel d\u00e9crit dans l&rsquo;arr\u00eat\u00e9 du 13 d\u00e9cembre 2024.<\/strong><\/p>\n\n\n\n<p><\/p>\n\n\n\n<p>L<a href=\"https:\/\/www.legifrance.gouv.fr\/jorf\/id\/JORFTEXT000050988895\">e d\u00e9couvrir <\/a><\/p>\n<\/div><\/div>\n\n\n\n<h4 class=\"wp-block-heading\">Ces 4 dipl\u00f4mes ont fait l&rsquo;objet d&rsquo;une r\u00e9novation. Les enjeux et objectifs sont explicit\u00e9s dans la pr\u00e9sentation disponible \u00e0 partir du <a href=\"https:\/\/sti.eduscol.education.fr\/formations\/cap\/cap-conducteur-dengins-de-travaux-publics-et-carrieres-2027\">lien suivant<\/a>.<\/h4>\n\n\n\n<div class=\"wp-block-media-text alignwide is-stacked-on-mobile\"><figure class=\"wp-block-media-text__media\"><img loading=\"lazy\" decoding=\"async\" width=\"1024\" height=\"109\" src=\"https:\/\/pedagogie.ac-lille.fr\/metiers-btp\/wp-content\/uploads\/sites\/5\/2021\/08\/bacprotp-1024x109.png\" alt=\"\" class=\"wp-image-934 size-full\" srcset=\"https:\/\/pedagogie.ac-lille.fr\/metiers-btp\/wp-content\/uploads\/sites\/5\/2021\/08\/bacprotp-1024x109.png 1024w, https:\/\/pedagogie.ac-lille.fr\/metiers-btp\/wp-content\/uploads\/sites\/5\/2021\/08\/bacprotp-300x32.png 300w, https:\/\/pedagogie.ac-lille.fr\/metiers-btp\/wp-content\/uploads\/sites\/5\/2021\/08\/bacprotp-768x82.png 768w, https:\/\/pedagogie.ac-lille.fr\/metiers-btp\/wp-content\/uploads\/sites\/5\/2021\/08\/bacprotp-1536x163.png 1536w, https:\/\/pedagogie.ac-lille.fr\/metiers-btp\/wp-content\/uploads\/sites\/5\/2021\/08\/bacprotp.png 1591w\" sizes=\"auto, (max-width: 1024px) 100vw, 1024px\" \/><\/figure><div class=\"wp-block-media-text__content\">\n<p class=\"has-white-color has-light-green-cyan-background-color has-text-color has-background\" style=\"font-size:14px\">R\u00e9f\u00e9rentiel BAC PRO Travaux publics<\/p>\n\n\n\n<p style=\"font-size:14px\"><a href=\"https:\/\/eduscol.education.fr\/referentiels-professionnels\/a056.html\" data-type=\"URL\" data-id=\"https:\/\/eduscol.education.fr\/referentiels-professionnels\/a056.html\" target=\"_blank\" rel=\"noreferrer noopener\">Le d\u00e9couvrir<\/a><\/p>\n<\/div><\/div>\n\n\n\n<p style=\"font-size:14px\">La derni\u00e8re session d&rsquo;examen de la sp\u00e9cialit\u00e9 \u00ab travaux publics \u00bb du baccalaur\u00e9at professionnel organis\u00e9e conform\u00e9ment aux dispositions de l&rsquo;arr\u00eat\u00e9 du 11 juillet 2005 modifi\u00e9 par l&rsquo;arr\u00eat\u00e9 du 17 janvier 2023 aura lieu en 2025. A l&rsquo;issue de cette derni\u00e8re session qui se terminera le 31 d\u00e9cembre 2025, cet arr\u00eat\u00e9 est abrog\u00e9.<\/p>\n\n\n\n<p style=\"font-size:14px\">Conform\u00e9ment \u00e0 l&rsquo;arr\u00eat\u00e9 du 17 janvier 2023, la premi\u00e8re session d&rsquo;examen de la sp\u00e9cialit\u00e9 \u00ab travaux publics \u00bb de baccalaur\u00e9at professionnel, organis\u00e9e conform\u00e9ment aux dispositions du pr\u00e9sent arr\u00eat\u00e9, aura lieu en 2026.<\/p>\n\n\n\n<p class=\"has-white-color has-light-green-cyan-background-color has-text-color has-background\" style=\"font-size:14px\">D\u00e9couvrir le nouveau r\u00e9f\u00e9rentiel BAC PRO Travaux Publics<\/p>\n\n\n\n<p style=\"font-size:14px\"><a href=\"https:\/\/www.legifrance.gouv.fr\/jorf\/id\/JORFTEXT000047111233\">https:\/\/www.legifrance.gouv.fr\/jorf\/id\/JORFTEXT000047111233<\/a><\/p>\n\n\n\n<p class=\"has-white-color has-black-background-color has-text-color has-background has-normal-font-size\">Ressources acad\u00e9miques<\/p>\n\n\n\n<div class=\"wp-block-media-text alignwide is-stacked-on-mobile\" style=\"grid-template-columns:19% auto\"><figure class=\"wp-block-media-text__media\"><img loading=\"lazy\" decoding=\"async\" width=\"752\" height=\"684\" src=\"https:\/\/pedagogie.ac-lille.fr\/metiers-btp\/wp-content\/uploads\/sites\/5\/2021\/08\/log-sportif-1.png\" alt=\"\" class=\"wp-image-977 size-full\" srcset=\"https:\/\/pedagogie.ac-lille.fr\/metiers-btp\/wp-content\/uploads\/sites\/5\/2021\/08\/log-sportif-1.png 752w, https:\/\/pedagogie.ac-lille.fr\/metiers-btp\/wp-content\/uploads\/sites\/5\/2021\/08\/log-sportif-1-300x273.png 300w\" sizes=\"auto, (max-width: 752px) 100vw, 752px\" \/><\/figure><div class=\"wp-block-media-text__content\">\n<p class=\"has-white-color has-light-green-cyan-background-color has-text-color has-background\" style=\"font-size:14px\">Ressources acad\u00e9miques d\u00e9velopp\u00e9es dans le cadre de la mise en \u0153uvre de la seconde BAC PRO Famille des m\u00e9tiers de la construction durable, du b\u00e2timent et des travaux publics.<\/p>\n\n\n\n<p style=\"font-size:14px\"><a href=\"https:\/\/pedagogie.ac-lille.fr\/metiers-btp\/famille-des-metiers-de-la-construction-durable-du-batiment-et-des-travaux-publics\/\" data-type=\"URL\" data-id=\"https:\/\/pedagogie.ac-lille.fr\/metiers-btp\/famille-des-metiers-de-la-construction-durable-du-batiment-et-des-travaux-publics\/\" target=\"_blank\" rel=\"noreferrer noopener\">Les d\u00e9couvrir<\/a><\/p>\n<\/div><\/div>\n\n\n\n<div class=\"wp-block-media-text alignwide is-stacked-on-mobile\" style=\"grid-template-columns:29% auto\"><figure class=\"wp-block-media-text__media\"><img loading=\"lazy\" decoding=\"async\" width=\"693\" height=\"365\" src=\"https:\/\/pedagogie.ac-lille.fr\/metiers-btp\/wp-content\/uploads\/sites\/5\/2021\/11\/mensura.png\" alt=\"\" class=\"wp-image-1111 size-full\" srcset=\"https:\/\/pedagogie.ac-lille.fr\/metiers-btp\/wp-content\/uploads\/sites\/5\/2021\/11\/mensura.png 693w, https:\/\/pedagogie.ac-lille.fr\/metiers-btp\/wp-content\/uploads\/sites\/5\/2021\/11\/mensura-300x158.png 300w\" sizes=\"auto, (max-width: 693px) 100vw, 693px\" \/><\/figure><div class=\"wp-block-media-text__content\">\n<p class=\"has-white-color has-light-green-cyan-background-color has-text-color has-background\" style=\"font-size:14px\">Tutoriel de cr\u00e9ation d&rsquo;un projet routier avec le logiciel \u00ab\u00a0MENSURA\u00a0\u00bb.<\/p>\n\n\n\n<p class=\"has-white-color has-vivid-red-background-color has-text-color has-background\" style=\"font-size:14px\"><strong>Un GRAND MERCI \u00e0 Monsieur LEROUX Michel, enseignant au LP Bertin de Bruay la Buissi\u00e8re, pour ce partage de ressources.<\/strong><\/p>\n\n\n\n<p style=\"font-size:14px\"><a href=\"http:\/\/cro-ce-medias.discipline.ac-lille.fr\/acces-restreint\/TP\/Procedure_de_creation_projet_routier.pdf\" target=\"_blank\" rel=\"noreferrer noopener\">D\u00e9couvrir le tutoriel<\/a><\/p>\n\n\n\n<p style=\"font-size:14px\"><a href=\"http:\/\/cro-ce-medias.discipline.ac-lille.fr\/acces-restreint\/TP\/TN.txt\" target=\"_blank\" rel=\"noreferrer noopener\">Fichier TN<\/a> &#8211; <a href=\"http:\/\/cro-ce-medias.discipline.ac-lille.fr\/acces-restreint\/TP\/axe%20en%20plan.txt\" target=\"_blank\" rel=\"noreferrer noopener\">Fichier axe plan<\/a><\/p>\n<\/div><\/div>\n\n\n\n<p><strong>Pl\u00e9ni\u00e8re du 3 mai 2023 &#8211; R\u00e9novation du BAC PRO Travaux<\/strong> <strong>Publics<\/strong><\/p>\n\n\n\n<div class=\"wp-block-media-text alignwide is-stacked-on-mobile\" style=\"grid-template-columns:34% auto\"><figure class=\"wp-block-media-text__media\"><img loading=\"lazy\" decoding=\"async\" width=\"1024\" height=\"579\" src=\"https:\/\/pedagogie.ac-lille.fr\/metiers-btp\/wp-content\/uploads\/sites\/5\/2023\/05\/pleniere-1024x579.png\" alt=\"\" class=\"wp-image-2499 size-full\" srcset=\"https:\/\/pedagogie.ac-lille.fr\/metiers-btp\/wp-content\/uploads\/sites\/5\/2023\/05\/pleniere-1024x579.png 1024w, https:\/\/pedagogie.ac-lille.fr\/metiers-btp\/wp-content\/uploads\/sites\/5\/2023\/05\/pleniere-300x170.png 300w, https:\/\/pedagogie.ac-lille.fr\/metiers-btp\/wp-content\/uploads\/sites\/5\/2023\/05\/pleniere-768x434.png 768w, https:\/\/pedagogie.ac-lille.fr\/metiers-btp\/wp-content\/uploads\/sites\/5\/2023\/05\/pleniere.png 1316w\" sizes=\"auto, (max-width: 1024px) 100vw, 1024px\" \/><\/figure><div class=\"wp-block-media-text__content\">\n<p>Pr\u00e9sentation des enjeux de la r\u00e9novation du BAC PRO Travaux Publics ainsi que les nouveaux contenus.<\/p>\n\n\n\n<p>Un GRAND MERCI \u00e0 Monsieur LEROUX Michel pour son investissement dans l&rsquo;\u00e9laboration d&rsquo;outils p\u00e9dagogiques.<\/p>\n\n\n\n<p><a rel=\"noreferrer noopener\" href=\"http:\/\/cro-ce-medias.discipline.ac-lille.fr\/acces-restreint\/TP\/seminaire_3_mai_bacpro_tp.pdf\" data-type=\"URL\" data-id=\"http:\/\/cro-ce-medias.discipline.ac-lille.fr\/acces-restreint\/TP\/seminaire_3_mai_bacpro_tp.pdf\" target=\"_blank\">D\u00e9couvrir la ressource<\/a>.<\/p>\n<\/div><\/div>\n\n\n\n<div class=\"wp-block-media-text alignwide is-stacked-on-mobile\" style=\"grid-template-columns:35% auto\"><figure class=\"wp-block-media-text__media\"><img loading=\"lazy\" decoding=\"async\" width=\"938\" height=\"653\" src=\"https:\/\/pedagogie.ac-lille.fr\/metiers-btp\/wp-content\/uploads\/sites\/5\/2023\/05\/U31.png\" alt=\"\" class=\"wp-image-2502 size-full\" srcset=\"https:\/\/pedagogie.ac-lille.fr\/metiers-btp\/wp-content\/uploads\/sites\/5\/2023\/05\/U31.png 938w, https:\/\/pedagogie.ac-lille.fr\/metiers-btp\/wp-content\/uploads\/sites\/5\/2023\/05\/U31-300x209.png 300w, https:\/\/pedagogie.ac-lille.fr\/metiers-btp\/wp-content\/uploads\/sites\/5\/2023\/05\/U31-768x535.png 768w\" sizes=\"auto, (max-width: 938px) 100vw, 938px\" \/><\/figure><div class=\"wp-block-media-text__content\">\n<p>Mise en relation des attendus de la nouvelle sous-\u00e9preuve E31 avec les pratiques p\u00e9dagogiques dans l&rsquo;acad\u00e9mie de Lille.<\/p>\n\n\n\n<p><a href=\"http:\/\/cro-ce-medias.discipline.ac-lille.fr\/acces-restreint\/TP\/U31.pdf\" data-type=\"URL\" data-id=\"http:\/\/cro-ce-medias.discipline.ac-lille.fr\/acces-restreint\/TP\/U31.pdf\" target=\"_blank\" rel=\"noreferrer noopener\">D\u00e9couvrir le document d&rsquo;accompagnement.<\/a><\/p>\n<\/div><\/div>\n\n\n\n<div class=\"wp-block-media-text alignwide is-stacked-on-mobile\" style=\"grid-template-columns:35% auto\"><figure class=\"wp-block-media-text__media\"><img loading=\"lazy\" decoding=\"async\" width=\"938\" height=\"661\" src=\"https:\/\/pedagogie.ac-lille.fr\/metiers-btp\/wp-content\/uploads\/sites\/5\/2023\/05\/orga-tp.png\" alt=\"\" class=\"wp-image-2507 size-full\" srcset=\"https:\/\/pedagogie.ac-lille.fr\/metiers-btp\/wp-content\/uploads\/sites\/5\/2023\/05\/orga-tp.png 938w, https:\/\/pedagogie.ac-lille.fr\/metiers-btp\/wp-content\/uploads\/sites\/5\/2023\/05\/orga-tp-300x211.png 300w, https:\/\/pedagogie.ac-lille.fr\/metiers-btp\/wp-content\/uploads\/sites\/5\/2023\/05\/orga-tp-768x541.png 768w\" sizes=\"auto, (max-width: 938px) 100vw, 938px\" \/><\/figure><div class=\"wp-block-media-text__content\">\n<p>Synth\u00e8se des enjeux, contenus de formation et outils p\u00e9dagogiques \u00e0 d\u00e9ployer au regard de la r\u00e9novation du BAC  PRO Travaux Publics<\/p>\n\n\n\n<p><a href=\"http:\/\/cro-ce-medias.discipline.ac-lille.fr\/acces-restreint\/TP\/organisation_bac_pro_tp.pdf\" data-type=\"URL\" data-id=\"http:\/\/cro-ce-medias.discipline.ac-lille.fr\/acces-restreint\/TP\/organisation_bac_pro_tp.pdf\" target=\"_blank\" rel=\"noreferrer noopener\">D\u00e9couvrir le document d&rsquo;accompagnement.<\/a><\/p>\n<\/div><\/div>\n\n\n\n<div class=\"wp-block-media-text is-stacked-on-mobile\" style=\"grid-template-columns:20% auto\"><figure class=\"wp-block-media-text__media\"><img loading=\"lazy\" decoding=\"async\" width=\"536\" height=\"827\" src=\"https:\/\/pedagogie.ac-lille.fr\/metiers-btp\/wp-content\/uploads\/sites\/5\/2025\/11\/mr_leroux.jpg\" alt=\"\" class=\"wp-image-3446 size-full\" srcset=\"https:\/\/pedagogie.ac-lille.fr\/metiers-btp\/wp-content\/uploads\/sites\/5\/2025\/11\/mr_leroux.jpg 536w, https:\/\/pedagogie.ac-lille.fr\/metiers-btp\/wp-content\/uploads\/sites\/5\/2025\/11\/mr_leroux-194x300.jpg 194w\" sizes=\"auto, (max-width: 536px) 100vw, 536px\" \/><\/figure><div class=\"wp-block-media-text__content\">\n<p>Un GRAND MERCI \u00e0 Monsieur LEROUX Michel du LP J.Bertin de Bruay la Buissi\u00e8re qui a souhait\u00e9 partager avec les coll\u00e8gues les fichiers suivants. Ceux-ci permettent \u00e0 partir de menus d\u00e9roulants, d\u00e9finir les comp\u00e9tences \u00e9valu\u00e9es et en d\u00e9duire les activit\u00e9s\/t\u00e2ches professionnelles induites. La fiche permet \u00e9galement de pr\u00e9senter la probl\u00e9matique soulev\u00e9e, le travail demand\u00e9 ainsi que les connaissances mobilis\u00e9es.<\/p>\n\n\n\n<p>Ce travail est propos\u00e9 pour les dipl\u00f4mes CAP Constructeur de routes, Conducteurs d&rsquo;engins et Canalisateurs.<\/p>\n\n\n\n<p>D\u00e9couvrir la fiche de pr\u00e9sentation du TP \u00ab\u00a0automatis\u00e9e\u00a0\u00bb :<\/p>\n\n\n\n<ul class=\"wp-block-list\">\n<li>pour le <a href=\"http:\/\/cro-ce-medias.discipline.ac-lille.fr\/acces-restreint\/TP\/GRILLE%20FICHE%20CAP%20CE%202025.xlsm\">CAP Conducteur d&rsquo;engins<\/a> ;<\/li>\n\n\n\n<li>pour le <a href=\"http:\/\/cro-ce-medias.discipline.ac-lille.fr\/acces-restreint\/TP\/GRILLE%20FICHE%20CAP%20Constructeur%20de%20routes%202024.xlsm\">CAP Constructeur de routes<\/a> ;<\/li>\n\n\n\n<li>pour le <a href=\"http:\/\/cro-ce-medias.discipline.ac-lille.fr\/acces-restreint\/TP\/GRILLE%20FICHE%20CAP%20CANA%202025.xlsm\">CAP Constructeur de r\u00e9seaux de canalisation<\/a>s.<\/li>\n<\/ul>\n<\/div><\/div>\n\n\n\n<p>Un travail remarquable qui va aider de nombreux coll\u00e8gues de la fili\u00e8re \u00a0\u00bb Travaux publics\u00a0\u00bb.<\/p>\n\n\n\n<p><\/p>\n","protected":false},"excerpt":{"rendered":"<p>Ressources nationales R\u00e9f\u00e9rentiel CAP Constructeur d&rsquo;ouvrages en b\u00e9ton arm\u00e9 Le d\u00e9couvrir La derni\u00e8re session de ce r\u00e9f\u00e9rentiel sera en 2026. Celui-ci est abrog\u00e9 et remplac\u00e9 \u00e0 la rentr\u00e9e 2025 par le r\u00e9f\u00e9rentiel d\u00e9crit dans l&rsquo;arr\u00eat\u00e9 du 13 d\u00e9cembre 2024. Le d\u00e9couvrir R\u00e9f\u00e9rentiel CAP Constructeur de routes et d&rsquo;am\u00e9nagements urbains &#8211; entr\u00e9e en vigueur septembre 2021 [&hellip;]<\/p>\n","protected":false},"author":13,"featured_media":0,"parent":0,"menu_order":0,"comment_status":"closed","ping_status":"closed","template":"","meta":{"ngg_post_thumbnail":0,"footnotes":""},"class_list":["post-705","page","type-page","status-publish","czr-hentry"],"publishpress_future_action":{"enabled":false,"date":"2026-04-28 18:39:18","action":"change-status","newStatus":"draft","terms":[],"taxonomy":"","extraData":[]},"publishpress_future_workflow_manual_trigger":{"enabledWorkflows":[]},"_links":{"self":[{"href":"https:\/\/pedagogie.ac-lille.fr\/metiers-btp\/wp-json\/wp\/v2\/pages\/705","targetHints":{"allow":["GET"]}}],"collection":[{"href":"https:\/\/pedagogie.ac-lille.fr\/metiers-btp\/wp-json\/wp\/v2\/pages"}],"about":[{"href":"https:\/\/pedagogie.ac-lille.fr\/metiers-btp\/wp-json\/wp\/v2\/types\/page"}],"author":[{"embeddable":true,"href":"https:\/\/pedagogie.ac-lille.fr\/metiers-btp\/wp-json\/wp\/v2\/users\/13"}],"replies":[{"embeddable":true,"href":"https:\/\/pedagogie.ac-lille.fr\/metiers-btp\/wp-json\/wp\/v2\/comments?post=705"}],"version-history":[{"count":44,"href":"https:\/\/pedagogie.ac-lille.fr\/metiers-btp\/wp-json\/wp\/v2\/pages\/705\/revisions"}],"predecessor-version":[{"id":3452,"href":"https:\/\/pedagogie.ac-lille.fr\/metiers-btp\/wp-json\/wp\/v2\/pages\/705\/revisions\/3452"}],"wp:attachment":[{"href":"https:\/\/pedagogie.ac-lille.fr\/metiers-btp\/wp-json\/wp\/v2\/media?parent=705"}],"curies":[{"name":"wp","href":"https:\/\/api.w.org\/{rel}","templated":true}]}}