{"id":840,"date":"2021-08-27T11:30:57","date_gmt":"2021-08-27T09:30:57","guid":{"rendered":"https:\/\/pedagogie.ac-lille.fr\/metiers-btp\/?page_id=840"},"modified":"2021-09-03T08:31:10","modified_gmt":"2021-09-03T06:31:10","slug":"mav","status":"publish","type":"page","link":"https:\/\/pedagogie.ac-lille.fr\/metiers-btp\/mav\/","title":{"rendered":"Fili\u00e8re \u00ab\u00a0Menuiserie Aluminium Verre\u00a0\u00bb"},"content":{"rendered":"\n<div class=\"wp-block-image\"><figure class=\"aligncenter size-large is-resized\"><img loading=\"lazy\" decoding=\"async\" src=\"https:\/\/pedagogie.ac-lille.fr\/metiers-btp\/wp-content\/uploads\/sites\/5\/2021\/09\/Logo-06-1-1024x548.png\" alt=\"\" class=\"wp-image-1007\" width=\"226\" height=\"120\" srcset=\"https:\/\/pedagogie.ac-lille.fr\/metiers-btp\/wp-content\/uploads\/sites\/5\/2021\/09\/Logo-06-1-1024x548.png 1024w, https:\/\/pedagogie.ac-lille.fr\/metiers-btp\/wp-content\/uploads\/sites\/5\/2021\/09\/Logo-06-1-300x160.png 300w, https:\/\/pedagogie.ac-lille.fr\/metiers-btp\/wp-content\/uploads\/sites\/5\/2021\/09\/Logo-06-1-768x411.png 768w, https:\/\/pedagogie.ac-lille.fr\/metiers-btp\/wp-content\/uploads\/sites\/5\/2021\/09\/Logo-06-1-1536x821.png 1536w, https:\/\/pedagogie.ac-lille.fr\/metiers-btp\/wp-content\/uploads\/sites\/5\/2021\/09\/Logo-06-1-2048x1095.png 2048w\" sizes=\"auto, (max-width: 226px) 100vw, 226px\" \/><\/figure><\/div>\n\n\n\n<p class=\"has-white-color has-black-background-color has-text-color has-background\">Ressources nationales<\/p>\n\n\n\n<div class=\"wp-block-media-text alignwide is-stacked-on-mobile\"><figure class=\"wp-block-media-text__media\"><img loading=\"lazy\" decoding=\"async\" width=\"1024\" height=\"289\" src=\"https:\/\/pedagogie.ac-lille.fr\/metiers-btp\/wp-content\/uploads\/sites\/5\/2021\/08\/REF-2-1024x289.png\" alt=\"\" class=\"wp-image-855 size-full\" srcset=\"https:\/\/pedagogie.ac-lille.fr\/metiers-btp\/wp-content\/uploads\/sites\/5\/2021\/08\/REF-2-1024x289.png 1024w, https:\/\/pedagogie.ac-lille.fr\/metiers-btp\/wp-content\/uploads\/sites\/5\/2021\/08\/REF-2-300x85.png 300w, https:\/\/pedagogie.ac-lille.fr\/metiers-btp\/wp-content\/uploads\/sites\/5\/2021\/08\/REF-2-768x217.png 768w, https:\/\/pedagogie.ac-lille.fr\/metiers-btp\/wp-content\/uploads\/sites\/5\/2021\/08\/REF-2.png 1259w\" sizes=\"auto, (max-width: 1024px) 100vw, 1024px\" \/><\/figure><div class=\"wp-block-media-text__content\">\n<p style=\"font-size:14px\">R\u00e9f\u00e9rentiel BAC PRO Menuiserie aluminium verre<\/p>\n\n\n\n<p style=\"font-size:14px\"><a href=\"https:\/\/eduscol.education.fr\/sti\/textes\/referentiel-du-bac-pro-menuiserie-aluminium-verre-version-consolidee-au-24-mai-2017\" data-type=\"URL\" data-id=\"https:\/\/eduscol.education.fr\/sti\/textes\/referentiel-du-bac-pro-menuiserie-aluminium-verre-version-consolidee-au-24-mai-2017\" target=\"_blank\" rel=\"noreferrer noopener\">Le d\u00e9couvrir<\/a><\/p>\n<\/div><\/div>\n\n\n\n<div class=\"wp-block-media-text alignwide is-stacked-on-mobile\"><figure class=\"wp-block-media-text__media\"><img loading=\"lazy\" decoding=\"async\" width=\"1024\" height=\"157\" src=\"https:\/\/pedagogie.ac-lille.fr\/metiers-btp\/wp-content\/uploads\/sites\/5\/2021\/08\/REFCAP-1024x157.png\" alt=\"\" class=\"wp-image-940 size-full\" srcset=\"https:\/\/pedagogie.ac-lille.fr\/metiers-btp\/wp-content\/uploads\/sites\/5\/2021\/08\/REFCAP-1024x157.png 1024w, https:\/\/pedagogie.ac-lille.fr\/metiers-btp\/wp-content\/uploads\/sites\/5\/2021\/08\/REFCAP-300x46.png 300w, https:\/\/pedagogie.ac-lille.fr\/metiers-btp\/wp-content\/uploads\/sites\/5\/2021\/08\/REFCAP-768x118.png 768w, https:\/\/pedagogie.ac-lille.fr\/metiers-btp\/wp-content\/uploads\/sites\/5\/2021\/08\/REFCAP.png 1211w\" sizes=\"auto, (max-width: 1024px) 100vw, 1024px\" \/><\/figure><div class=\"wp-block-media-text__content\">\n<p style=\"font-size:14px\">R\u00e9f\u00e9rentiel CAP Menuiserie aluminium verre<\/p>\n\n\n\n<p style=\"font-size:14px\"><a href=\"https:\/\/eduscol.education.fr\/sti\/sites\/eduscol.education.fr.sti\/files\/textes\/cap\/cap-menuisier-aluminium-verre\/5981-referentiel-version-1-juillet-2016.pdf\" data-type=\"URL\" data-id=\"https:\/\/eduscol.education.fr\/sti\/sites\/eduscol.education.fr.sti\/files\/textes\/cap\/cap-menuisier-aluminium-verre\/5981-referentiel-version-1-juillet-2016.pdf\" target=\"_blank\" rel=\"noreferrer noopener\">Le d\u00e9couvrir<\/a><\/p>\n<\/div><\/div>\n\n\n\n<h2 class=\"has-white-color has-black-background-color has-text-color has-background has-normal-font-size wp-block-heading\">Ressources acad\u00e9miques<\/h2>\n\n\n\n<div class=\"wp-block-media-text alignwide is-stacked-on-mobile\" style=\"grid-template-columns:26% auto\"><figure class=\"wp-block-media-text__media\"><img loading=\"lazy\" decoding=\"async\" width=\"752\" height=\"684\" src=\"https:\/\/pedagogie.ac-lille.fr\/metiers-btp\/wp-content\/uploads\/sites\/5\/2021\/08\/log-sportif-2.png\" alt=\"\" class=\"wp-image-980 size-full\" srcset=\"https:\/\/pedagogie.ac-lille.fr\/metiers-btp\/wp-content\/uploads\/sites\/5\/2021\/08\/log-sportif-2.png 752w, https:\/\/pedagogie.ac-lille.fr\/metiers-btp\/wp-content\/uploads\/sites\/5\/2021\/08\/log-sportif-2-300x273.png 300w\" sizes=\"auto, (max-width: 752px) 100vw, 752px\" \/><\/figure><div class=\"wp-block-media-text__content\">\n<p class=\"has-luminous-vivid-orange-color has-text-color\" style=\"font-size:14px\"> Ressources acad\u00e9miques d\u00e9velopp\u00e9es dans le cadre de la mise en \u0153uvre de la seconde BAC PRO Famille des m\u00e9tiers de la construction durable, du b\u00e2timent et des travaux publics.  <\/p>\n\n\n\n<p><a href=\"https:\/\/pedagogie.ac-lille.fr\/metiers-btp\/famille-des-metiers-de-la-construction-durable-du-batiment-et-des-travaux-publics\/\" data-type=\"URL\" data-id=\"https:\/\/pedagogie.ac-lille.fr\/metiers-btp\/famille-des-metiers-de-la-construction-durable-du-batiment-et-des-travaux-publics\/\" target=\"_blank\" rel=\"noreferrer noopener\">Les d\u00e9couvrir<\/a><\/p>\n<\/div><\/div>\n\n\n","protected":false},"excerpt":{"rendered":"<p>Ressources nationales R\u00e9f\u00e9rentiel BAC PRO Menuiserie aluminium verre Le d\u00e9couvrir R\u00e9f\u00e9rentiel CAP Menuiserie aluminium verre Le d\u00e9couvrir Ressources acad\u00e9miques Ressources acad\u00e9miques d\u00e9velopp\u00e9es dans le cadre de la mise en \u0153uvre de la seconde BAC PRO Famille des m\u00e9tiers de la construction durable, du b\u00e2timent et des travaux publics. Les d\u00e9couvrir<\/p>\n","protected":false},"author":13,"featured_media":0,"parent":0,"menu_order":0,"comment_status":"closed","ping_status":"closed","template":"","meta":{"ngg_post_thumbnail":0,"footnotes":""},"class_list":["post-840","page","type-page","status-publish","czr-hentry"],"publishpress_future_action":{"enabled":false,"date":"2026-04-28 20:10:30","action":"change-status","newStatus":"draft","terms":[],"taxonomy":"","extraData":[]},"publishpress_future_workflow_manual_trigger":{"enabledWorkflows":[]},"_links":{"self":[{"href":"https:\/\/pedagogie.ac-lille.fr\/metiers-btp\/wp-json\/wp\/v2\/pages\/840","targetHints":{"allow":["GET"]}}],"collection":[{"href":"https:\/\/pedagogie.ac-lille.fr\/metiers-btp\/wp-json\/wp\/v2\/pages"}],"about":[{"href":"https:\/\/pedagogie.ac-lille.fr\/metiers-btp\/wp-json\/wp\/v2\/types\/page"}],"author":[{"embeddable":true,"href":"https:\/\/pedagogie.ac-lille.fr\/metiers-btp\/wp-json\/wp\/v2\/users\/13"}],"replies":[{"embeddable":true,"href":"https:\/\/pedagogie.ac-lille.fr\/metiers-btp\/wp-json\/wp\/v2\/comments?post=840"}],"version-history":[{"count":9,"href":"https:\/\/pedagogie.ac-lille.fr\/metiers-btp\/wp-json\/wp\/v2\/pages\/840\/revisions"}],"predecessor-version":[{"id":1008,"href":"https:\/\/pedagogie.ac-lille.fr\/metiers-btp\/wp-json\/wp\/v2\/pages\/840\/revisions\/1008"}],"wp:attachment":[{"href":"https:\/\/pedagogie.ac-lille.fr\/metiers-btp\/wp-json\/wp\/v2\/media?parent=840"}],"curies":[{"name":"wp","href":"https:\/\/api.w.org\/{rel}","templated":true}]}}