{"id":860,"date":"2021-08-27T12:50:46","date_gmt":"2021-08-27T10:50:46","guid":{"rendered":"https:\/\/pedagogie.ac-lille.fr\/metiers-btp\/?page_id=860"},"modified":"2023-03-02T13:09:27","modified_gmt":"2023-03-02T12:09:27","slug":"filiere-obm","status":"publish","type":"page","link":"https:\/\/pedagogie.ac-lille.fr\/metiers-btp\/filiere-obm\/","title":{"rendered":"Fili\u00e8re \u00ab\u00a0OBM\u00a0\u00bb"},"content":{"rendered":"\n<h2 class=\"has-white-color has-black-background-color has-text-color has-background has-normal-font-size wp-block-heading\">R\u00e9f\u00e9rences r\u00e9glementaires<\/h2>\n\n\n\n<div class=\"wp-block-media-text alignwide is-stacked-on-mobile\" style=\"grid-template-columns:40% auto\"><figure class=\"wp-block-media-text__media\"><img loading=\"lazy\" decoding=\"async\" width=\"1024\" height=\"318\" src=\"https:\/\/pedagogie.ac-lille.fr\/metiers-btp\/wp-content\/uploads\/sites\/5\/2021\/08\/REF-BAC-1024x318.png\" alt=\"\" class=\"wp-image-994 size-full\" srcset=\"https:\/\/pedagogie.ac-lille.fr\/metiers-btp\/wp-content\/uploads\/sites\/5\/2021\/08\/REF-BAC-1024x318.png 1024w, https:\/\/pedagogie.ac-lille.fr\/metiers-btp\/wp-content\/uploads\/sites\/5\/2021\/08\/REF-BAC-300x93.png 300w, https:\/\/pedagogie.ac-lille.fr\/metiers-btp\/wp-content\/uploads\/sites\/5\/2021\/08\/REF-BAC-768x238.png 768w, https:\/\/pedagogie.ac-lille.fr\/metiers-btp\/wp-content\/uploads\/sites\/5\/2021\/08\/REF-BAC.png 1138w\" sizes=\"auto, (max-width: 1024px) 100vw, 1024px\" \/><\/figure><div class=\"wp-block-media-text__content\">\n<p class=\"has-luminous-vivid-orange-color has-text-color\" style=\"font-size:14px\">R\u00e9f\u00e9rentiel BAC PRO Ouvrages du b\u00e2timent m\u00e9tallerie<\/p>\n\n\n\n<p style=\"font-size:14px\"><a href=\"https:\/\/eduscol.education.fr\/sti\/sites\/eduscol.education.fr.sti\/files\/textes\/bac-pro\/bac-pro-ouvrages-du-batiment-option-metallerie\/6131-referentiel-bac-pro-metallerie.pdf\" data-type=\"URL\" data-id=\"https:\/\/eduscol.education.fr\/sti\/sites\/eduscol.education.fr.sti\/files\/textes\/bac-pro\/bac-pro-ouvrages-du-batiment-option-metallerie\/6131-referentiel-bac-pro-metallerie.pdf\" target=\"_blank\" rel=\"noreferrer noopener\">Le d\u00e9couvrir<\/a><\/p>\n<\/div><\/div>\n\n\n\n<div class=\"wp-block-media-text alignwide is-stacked-on-mobile\" style=\"grid-template-columns:40% auto\"><figure class=\"wp-block-media-text__media\"><img loading=\"lazy\" decoding=\"async\" width=\"978\" height=\"352\" src=\"https:\/\/pedagogie.ac-lille.fr\/metiers-btp\/wp-content\/uploads\/sites\/5\/2021\/08\/REF-3.png\" alt=\"\" class=\"wp-image-991 size-full\" srcset=\"https:\/\/pedagogie.ac-lille.fr\/metiers-btp\/wp-content\/uploads\/sites\/5\/2021\/08\/REF-3.png 978w, https:\/\/pedagogie.ac-lille.fr\/metiers-btp\/wp-content\/uploads\/sites\/5\/2021\/08\/REF-3-300x108.png 300w, https:\/\/pedagogie.ac-lille.fr\/metiers-btp\/wp-content\/uploads\/sites\/5\/2021\/08\/REF-3-768x276.png 768w\" sizes=\"auto, (max-width: 978px) 100vw, 978px\" \/><\/figure><div class=\"wp-block-media-text__content\">\n<p class=\"has-luminous-vivid-orange-color has-text-color\" style=\"font-size:14px\">R\u00e9f\u00e9rentiel CAP M\u00e9tallier<\/p>\n\n\n\n<p style=\"font-size:14px\"><a href=\"https:\/\/www.legifrance.gouv.fr\/download\/pdf?id=AmdNcE-RHWd05CnlGzAUyEY0JMRNZGyVDKF_N-r7shY=\" data-type=\"URL\" data-id=\"https:\/\/www.legifrance.gouv.fr\/download\/pdf?id=AmdNcE-RHWd05CnlGzAUyEY0JMRNZGyVDKF_N-r7shY=\" target=\"_blank\" rel=\"noreferrer noopener\">Le d\u00e9couvrir<\/a><\/p>\n<\/div><\/div>\n\n\n\n<h2 class=\"has-white-color has-black-background-color has-text-color has-background has-normal-font-size wp-block-heading\">Seconde BAC PRO Famille des m\u00e9tiers de la construction durable, du b\u00e2timent et des travaux publics<\/h2>\n\n\n\n<div class=\"wp-block-media-text alignwide is-stacked-on-mobile\" style=\"grid-template-columns:24% auto\"><figure class=\"wp-block-media-text__media\"><img loading=\"lazy\" decoding=\"async\" width=\"752\" height=\"684\" src=\"https:\/\/pedagogie.ac-lille.fr\/metiers-btp\/wp-content\/uploads\/sites\/5\/2021\/08\/log-sportif-3.png\" alt=\"\" class=\"wp-image-984 size-full\" srcset=\"https:\/\/pedagogie.ac-lille.fr\/metiers-btp\/wp-content\/uploads\/sites\/5\/2021\/08\/log-sportif-3.png 752w, https:\/\/pedagogie.ac-lille.fr\/metiers-btp\/wp-content\/uploads\/sites\/5\/2021\/08\/log-sportif-3-300x273.png 300w\" sizes=\"auto, (max-width: 752px) 100vw, 752px\" \/><\/figure><div class=\"wp-block-media-text__content\">\n<p class=\"has-luminous-vivid-orange-color has-text-color\" style=\"font-size:14px\"> Ressources acad\u00e9miques d\u00e9velopp\u00e9es dans le cadre de la mise en \u0153uvre de la seconde BAC PRO Famille des m\u00e9tiers de la construction durable, du b\u00e2timent et des travaux publics. <\/p>\n\n\n\n<p style=\"font-size:14px\">L<a href=\"https:\/\/pedagogie.ac-lille.fr\/metiers-btp\/famille-des-metiers-de-la-construction-durable-du-batiment-et-des-travaux-publics\/\" data-type=\"URL\" data-id=\"https:\/\/pedagogie.ac-lille.fr\/metiers-btp\/famille-des-metiers-de-la-construction-durable-du-batiment-et-des-travaux-publics\/\" target=\"_blank\" rel=\"noreferrer noopener\">es d\u00e9couvrir<\/a><\/p>\n<\/div><\/div>\n\n\n\n<div class=\"wp-block-media-text alignwide is-stacked-on-mobile\" style=\"grid-template-columns:24% auto\"><figure class=\"wp-block-media-text__media\"><img loading=\"lazy\" decoding=\"async\" width=\"947\" height=\"666\" src=\"https:\/\/pedagogie.ac-lille.fr\/metiers-btp\/wp-content\/uploads\/sites\/5\/2023\/02\/calais.jpg\" alt=\"\" class=\"wp-image-2414 size-full\" srcset=\"https:\/\/pedagogie.ac-lille.fr\/metiers-btp\/wp-content\/uploads\/sites\/5\/2023\/02\/calais.jpg 947w, https:\/\/pedagogie.ac-lille.fr\/metiers-btp\/wp-content\/uploads\/sites\/5\/2023\/02\/calais-300x211.jpg 300w, https:\/\/pedagogie.ac-lille.fr\/metiers-btp\/wp-content\/uploads\/sites\/5\/2023\/02\/calais-768x540.jpg 768w\" sizes=\"auto, (max-width: 947px) 100vw, 947px\" \/><\/figure><div class=\"wp-block-media-text__content\">\n<p class=\"has-luminous-vivid-orange-color has-text-color\" style=\"font-size:14px\">Ressources acad\u00e9miques d\u00e9velopp\u00e9es dans le cadre des matinales de la voie professionnelle : communication vers les coll\u00e8ges.<\/p>\n\n\n\n<p style=\"font-size:14px\"><a href=\"https:\/\/pedagogie.ac-lille.fr\/metiers-btp\/les-matinales-de-la-voie-professionnelle\/\" data-type=\"URL\" data-id=\"https:\/\/pedagogie.ac-lille.fr\/metiers-btp\/les-matinales-de-la-voie-professionnelle\/\" target=\"_blank\" rel=\"noreferrer noopener\">Les d\u00e9couvrir<\/a><\/p>\n<\/div><\/div>\n\n\n\n<h2 class=\"has-white-color has-black-background-color has-text-color has-background wp-block-heading\" style=\"font-size:16px\">\u00c9v\u00e9nements dans la fili\u00e8re \u00ab\u00a0OBM\u00a0\u00bb <\/h2>\n\n\n\n<h2 class=\"has-cyan-bluish-gray-background-color has-background wp-block-heading\" style=\"font-size:14px\">Regroupement des \u00e9tablissements de la fili\u00e8re OBM &#8211; s\u00e9minaire<\/h2>\n\n\n\n<h2 class=\"wp-block-heading\" style=\"font-size:14px\">Regroupement du mercredi 1er mars 2023 &#8211; Lieu LP N.Niemen Calais<\/h2>\n\n\n\n<p style=\"font-size:14px\">Merci \u00e0 l&rsquo;ensemble des acteurs de l&rsquo;\u00e9tablissement d&rsquo;accueil<\/p>\n\n\n<div class=\"wp-block-image\">\n<figure class=\"aligncenter size-large is-resized\"><img loading=\"lazy\" decoding=\"async\" src=\"https:\/\/pedagogie.ac-lille.fr\/metiers-btp\/wp-content\/uploads\/sites\/5\/2023\/02\/ordre-du-jour-seminaire-1-1024x581.png\" alt=\"\" class=\"wp-image-2423\" width=\"478\" height=\"271\" srcset=\"https:\/\/pedagogie.ac-lille.fr\/metiers-btp\/wp-content\/uploads\/sites\/5\/2023\/02\/ordre-du-jour-seminaire-1-1024x581.png 1024w, https:\/\/pedagogie.ac-lille.fr\/metiers-btp\/wp-content\/uploads\/sites\/5\/2023\/02\/ordre-du-jour-seminaire-1-300x170.png 300w, https:\/\/pedagogie.ac-lille.fr\/metiers-btp\/wp-content\/uploads\/sites\/5\/2023\/02\/ordre-du-jour-seminaire-1-768x436.png 768w, https:\/\/pedagogie.ac-lille.fr\/metiers-btp\/wp-content\/uploads\/sites\/5\/2023\/02\/ordre-du-jour-seminaire-1.png 1308w\" sizes=\"auto, (max-width: 478px) 100vw, 478px\" \/><\/figure>\n<\/div>\n\n\n<div class=\"wp-block-media-text alignwide is-stacked-on-mobile\" style=\"grid-template-columns:27% auto\"><figure class=\"wp-block-media-text__media\"><img loading=\"lazy\" decoding=\"async\" width=\"513\" height=\"714\" src=\"https:\/\/pedagogie.ac-lille.fr\/metiers-btp\/wp-content\/uploads\/sites\/5\/2023\/02\/diaporama-presentation.png\" alt=\"\" class=\"wp-image-2424 size-full\" srcset=\"https:\/\/pedagogie.ac-lille.fr\/metiers-btp\/wp-content\/uploads\/sites\/5\/2023\/02\/diaporama-presentation.png 513w, https:\/\/pedagogie.ac-lille.fr\/metiers-btp\/wp-content\/uploads\/sites\/5\/2023\/02\/diaporama-presentation-216x300.png 216w\" sizes=\"auto, (max-width: 513px) 100vw, 513px\" \/><\/figure><div class=\"wp-block-media-text__content\">\n<p style=\"font-size:14px\"><a href=\"http:\/\/cro-ce-medias.discipline.ac-lille.fr\/acces-restreint\/OBM\/s%C3%A9minaire_OBM_1ermars.pdf\" data-type=\"URL\" data-id=\"http:\/\/cro-ce-medias.discipline.ac-lille.fr\/acces-restreint\/OBM\/s%C3%A9minaire_OBM_1ermars.pdf\" target=\"_blank\" rel=\"noreferrer noopener\">Diaporama de pr\u00e9sentation<\/a> de la journ\u00e9e de formation du 1er mars 2023.<\/p>\n<\/div><\/div>\n\n\n\n<p style=\"font-size:14px\">La journ\u00e9e de formation a permis d&rsquo;aborder diff\u00e9rentes th\u00e9matiques et pr\u00e9senter de nombreuses ressources. Ces ressources (livret s\u00e9curit\u00e9, m\u00e9thodologie de r\u00e9daction d&rsquo;un TP, livret d&rsquo;accueil \u00e9l\u00e8ves de seconde famille des m\u00e9tiers BAC PRO CDBTP,etc.) sont mises \u00e0 disposition sur ce pr\u00e9sent site notamment \u00e0 partir des onglets \u00ab\u00a0Travaux r\u00e9glement\u00e9s\u00a0\u00bb, \u00ab\u00a0Famille des m\u00e9tiers CDBTP\u00a0\u00bb, \u00ab\u00a0Promotion des familles des m\u00e9tiers\u00a0\u00bb,etc.<\/p>\n\n\n\n<p style=\"font-size:14px\">Ci-apr\u00e8s les ressources sp\u00e9cifiques \u00e0 la fili\u00e8re m\u00e9tallerie :<\/p>\n\n\n\n<p> <\/p>\n\n\n\n<div class=\"wp-block-media-text alignwide is-stacked-on-mobile\" style=\"grid-template-columns:22% auto\"><figure class=\"wp-block-media-text__media\"><img loading=\"lazy\" decoding=\"async\" width=\"1024\" height=\"701\" src=\"https:\/\/pedagogie.ac-lille.fr\/metiers-btp\/wp-content\/uploads\/sites\/5\/2023\/02\/ep1-ep2-ep3-1024x701.png\" alt=\"\" class=\"wp-image-2427 size-full\" srcset=\"https:\/\/pedagogie.ac-lille.fr\/metiers-btp\/wp-content\/uploads\/sites\/5\/2023\/02\/ep1-ep2-ep3-1024x701.png 1024w, https:\/\/pedagogie.ac-lille.fr\/metiers-btp\/wp-content\/uploads\/sites\/5\/2023\/02\/ep1-ep2-ep3-300x205.png 300w, https:\/\/pedagogie.ac-lille.fr\/metiers-btp\/wp-content\/uploads\/sites\/5\/2023\/02\/ep1-ep2-ep3-768x526.png 768w, https:\/\/pedagogie.ac-lille.fr\/metiers-btp\/wp-content\/uploads\/sites\/5\/2023\/02\/ep1-ep2-ep3.png 1168w\" sizes=\"auto, (max-width: 1024px) 100vw, 1024px\" \/><\/figure><div class=\"wp-block-media-text__content\">\n<p style=\"font-size:14px\">Fiche descriptive des \u00e9preuves EP1, EP2 et EP3 du r\u00e9f\u00e9rentiel de formation CAP M\u00e9tallier.<\/p>\n\n\n\n<p style=\"font-size:14px\"><a href=\"http:\/\/cro-ce-medias.discipline.ac-lille.fr\/acces-restreint\/OBM\/EP1_EP2_EP3_CAP_m%C3%A9tallier.pdf\" data-type=\"URL\" data-id=\"http:\/\/cro-ce-medias.discipline.ac-lille.fr\/acces-restreint\/OBM\/EP1_EP2_EP3_CAP_m%C3%A9tallier.pdf\" target=\"_blank\" rel=\"noreferrer noopener\">La d\u00e9couvrir<\/a><\/p>\n<\/div><\/div>\n\n\n\n<div class=\"wp-block-media-text alignwide is-stacked-on-mobile\" style=\"grid-template-columns:22% auto\"><figure class=\"wp-block-media-text__media\"><img loading=\"lazy\" decoding=\"async\" width=\"1024\" height=\"722\" src=\"https:\/\/pedagogie.ac-lille.fr\/metiers-btp\/wp-content\/uploads\/sites\/5\/2023\/03\/general2-1024x722.jpg\" alt=\"\" class=\"wp-image-2459 size-full\" srcset=\"https:\/\/pedagogie.ac-lille.fr\/metiers-btp\/wp-content\/uploads\/sites\/5\/2023\/03\/general2-1024x722.jpg 1024w, https:\/\/pedagogie.ac-lille.fr\/metiers-btp\/wp-content\/uploads\/sites\/5\/2023\/03\/general2-300x212.jpg 300w, https:\/\/pedagogie.ac-lille.fr\/metiers-btp\/wp-content\/uploads\/sites\/5\/2023\/03\/general2-768x542.jpg 768w, https:\/\/pedagogie.ac-lille.fr\/metiers-btp\/wp-content\/uploads\/sites\/5\/2023\/03\/general2.jpg 1153w\" sizes=\"auto, (max-width: 1024px) 100vw, 1024px\" \/><\/figure><div class=\"wp-block-media-text__content\">\n<p style=\"font-size:14px\">M\u00e9thodologie de r\u00e9daction des documents de formation<\/p>\n\n\n\n<p style=\"font-size:14px\"><a href=\"http:\/\/cro-ce-medias.discipline.ac-lille.fr\/acces-restreint\/A3fiches\/synth%C3%A8se_strat%C3%A9gie_TP_s%C3%A9curit%C3%A9.pdf\" data-type=\"URL\" data-id=\"http:\/\/cro-ce-medias.discipline.ac-lille.fr\/acces-restreint\/A3fiches\/synth%C3%A8se_strat%C3%A9gie_TP_s%C3%A9curit%C3%A9.pdf\" target=\"_blank\" rel=\"noreferrer noopener\">D\u00e9couvrir le document<\/a><\/p>\n<\/div><\/div>\n\n\n\n<div class=\"wp-block-media-text alignwide is-stacked-on-mobile\" style=\"grid-template-columns:22% auto\"><figure class=\"wp-block-media-text__media\"><img loading=\"lazy\" decoding=\"async\" width=\"1024\" height=\"688\" src=\"https:\/\/pedagogie.ac-lille.fr\/metiers-btp\/wp-content\/uploads\/sites\/5\/2023\/02\/excel-1024x688.png\" alt=\"\" class=\"wp-image-2435 size-full\" srcset=\"https:\/\/pedagogie.ac-lille.fr\/metiers-btp\/wp-content\/uploads\/sites\/5\/2023\/02\/excel-1024x688.png 1024w, https:\/\/pedagogie.ac-lille.fr\/metiers-btp\/wp-content\/uploads\/sites\/5\/2023\/02\/excel-300x201.png 300w, https:\/\/pedagogie.ac-lille.fr\/metiers-btp\/wp-content\/uploads\/sites\/5\/2023\/02\/excel-768x516.png 768w, https:\/\/pedagogie.ac-lille.fr\/metiers-btp\/wp-content\/uploads\/sites\/5\/2023\/02\/excel.png 1391w\" sizes=\"auto, (max-width: 1024px) 100vw, 1024px\" \/><\/figure><div class=\"wp-block-media-text__content\">\n<p style=\"font-size:14px\">Grilles nationales d&rsquo;\u00e9valuation des \u00e9preuves en contr\u00f4le en cours de formation pour le CAP M\u00e9tallier.<\/p>\n\n\n\n<p style=\"font-size:14px\"><\/p>\n<\/div><\/div>\n\n\n\n<div class=\"wp-block-media-text alignwide is-stacked-on-mobile\" style=\"grid-template-columns:21% auto\"><figure class=\"wp-block-media-text__media\"><img loading=\"lazy\" decoding=\"async\" width=\"446\" height=\"668\" src=\"https:\/\/pedagogie.ac-lille.fr\/metiers-btp\/wp-content\/uploads\/sites\/5\/2023\/03\/GRILLE.png\" alt=\"\" class=\"wp-image-2440 size-full\" srcset=\"https:\/\/pedagogie.ac-lille.fr\/metiers-btp\/wp-content\/uploads\/sites\/5\/2023\/03\/GRILLE.png 446w, https:\/\/pedagogie.ac-lille.fr\/metiers-btp\/wp-content\/uploads\/sites\/5\/2023\/03\/GRILLE-200x300.png 200w\" sizes=\"auto, (max-width: 446px) 100vw, 446px\" \/><\/figure><div class=\"wp-block-media-text__content\">\n<p style=\"font-size:14px\">Exemple de grille d&rsquo;\u00e9valuation \u00e0 exploiter dans le cadre de l&rsquo;\u00e9valuation formative et sommative des apprenants.<\/p>\n\n\n\n<p style=\"font-size:14px\"><a rel=\"noreferrer noopener\" href=\"http:\/\/cro-ce-medias.discipline.ac-lille.fr\/acces-restreint\/OBM\/trame_grille_eval.xlsx\" data-type=\"URL\" data-id=\"http:\/\/cro-ce-medias.discipline.ac-lille.fr\/acces-restreint\/OBM\/trame_grille_eval.xlsx\" target=\"_blank\">La d\u00e9couvrir<\/a><\/p>\n<\/div><\/div>\n\n\n\n<h2 class=\"has-text-align-center has-light-green-cyan-background-color has-background wp-block-heading\" style=\"font-size:16px\">Synth\u00e8se des travaux de groupe<\/h2>\n\n\n\n<div class=\"wp-block-media-text alignwide is-stacked-on-mobile\" style=\"grid-template-columns:25% auto\"><figure class=\"wp-block-media-text__media\"><img loading=\"lazy\" decoding=\"async\" width=\"1024\" height=\"709\" src=\"https:\/\/pedagogie.ac-lille.fr\/metiers-btp\/wp-content\/uploads\/sites\/5\/2023\/03\/travaux-1024x709.png\" alt=\"\" class=\"wp-image-2446 size-full\" srcset=\"https:\/\/pedagogie.ac-lille.fr\/metiers-btp\/wp-content\/uploads\/sites\/5\/2023\/03\/travaux-1024x709.png 1024w, https:\/\/pedagogie.ac-lille.fr\/metiers-btp\/wp-content\/uploads\/sites\/5\/2023\/03\/travaux-300x208.png 300w, https:\/\/pedagogie.ac-lille.fr\/metiers-btp\/wp-content\/uploads\/sites\/5\/2023\/03\/travaux-768x532.png 768w, https:\/\/pedagogie.ac-lille.fr\/metiers-btp\/wp-content\/uploads\/sites\/5\/2023\/03\/travaux.png 1127w\" sizes=\"auto, (max-width: 1024px) 100vw, 1024px\" \/><\/figure><div class=\"wp-block-media-text__content\">\n<p style=\"font-size:14px\">Groupe de travail : r\u00e9flexion sur les travaux r\u00e9glement\u00e9s dans la fili\u00e8re m\u00e9tallerie.<\/p>\n\n\n\n<p style=\"font-size:14px\"><a href=\"http:\/\/cro-ce-medias.discipline.ac-lille.fr\/acces-restreint\/OBM\/GROUPE%202.pdf\" data-type=\"URL\" data-id=\"http:\/\/cro-ce-medias.discipline.ac-lille.fr\/acces-restreint\/OBM\/GROUPE%202.pdf\" target=\"_blank\" rel=\"noreferrer noopener\">Le d\u00e9couvrir<\/a><\/p>\n<\/div><\/div>\n\n\n\n<div class=\"wp-block-media-text alignwide is-stacked-on-mobile\" style=\"grid-template-columns:15% auto\"><figure class=\"wp-block-media-text__media\"><img loading=\"lazy\" decoding=\"async\" width=\"461\" height=\"652\" src=\"https:\/\/pedagogie.ac-lille.fr\/metiers-btp\/wp-content\/uploads\/sites\/5\/2023\/03\/EP1-EP2.png\" alt=\"\" class=\"wp-image-2447 size-full\" srcset=\"https:\/\/pedagogie.ac-lille.fr\/metiers-btp\/wp-content\/uploads\/sites\/5\/2023\/03\/EP1-EP2.png 461w, https:\/\/pedagogie.ac-lille.fr\/metiers-btp\/wp-content\/uploads\/sites\/5\/2023\/03\/EP1-EP2-212x300.png 212w\" sizes=\"auto, (max-width: 461px) 100vw, 461px\" \/><\/figure><div class=\"wp-block-media-text__content\">\n<p style=\"font-size:14px\">Groupe de travail : r\u00e9flexion sur les \u00e9preuves professionnelles.<\/p>\n\n\n\n<p style=\"font-size:14px\"><a href=\"http:\/\/cro-ce-medias.discipline.ac-lille.fr\/acces-restreint\/OBM\/GROUPE%202.pdf\" data-type=\"URL\" data-id=\"http:\/\/cro-ce-medias.discipline.ac-lille.fr\/acces-restreint\/OBM\/GROUPE%202.pdf\" target=\"_blank\" rel=\"noreferrer noopener\">Le d\u00e9couvrir<\/a><\/p>\n<\/div><\/div>\n\n\n\n<p style=\"font-size:14px\">Les \u00e9changes ont \u00e9galement port\u00e9 sur les diff\u00e9rents logiciels professionnels exploit\u00e9s dans le cadre de la pr\u00e9paration de la formation des apprenants.<\/p>\n\n\n\n<p class=\"has-text-align-center has-pale-cyan-blue-background-color has-background\">Un GRAND MERCI \u00e0 tous les participants<\/p>\n","protected":false},"excerpt":{"rendered":"<p>R\u00e9f\u00e9rences r\u00e9glementaires R\u00e9f\u00e9rentiel BAC PRO Ouvrages du b\u00e2timent m\u00e9tallerie Le d\u00e9couvrir R\u00e9f\u00e9rentiel CAP M\u00e9tallier Le d\u00e9couvrir Seconde BAC PRO Famille des m\u00e9tiers de la construction durable, du b\u00e2timent et des travaux publics Ressources acad\u00e9miques d\u00e9velopp\u00e9es dans le cadre de la mise en \u0153uvre de la seconde BAC PRO Famille des m\u00e9tiers de la construction durable, [&hellip;]<\/p>\n","protected":false},"author":13,"featured_media":0,"parent":0,"menu_order":0,"comment_status":"closed","ping_status":"closed","template":"","meta":{"ngg_post_thumbnail":0,"footnotes":""},"class_list":["post-860","page","type-page","status-publish","czr-hentry"],"publishpress_future_action":{"enabled":false,"date":"2026-04-28 20:10:29","action":"change-status","newStatus":"draft","terms":[],"taxonomy":"","extraData":[]},"publishpress_future_workflow_manual_trigger":{"enabledWorkflows":[]},"_links":{"self":[{"href":"https:\/\/pedagogie.ac-lille.fr\/metiers-btp\/wp-json\/wp\/v2\/pages\/860","targetHints":{"allow":["GET"]}}],"collection":[{"href":"https:\/\/pedagogie.ac-lille.fr\/metiers-btp\/wp-json\/wp\/v2\/pages"}],"about":[{"href":"https:\/\/pedagogie.ac-lille.fr\/metiers-btp\/wp-json\/wp\/v2\/types\/page"}],"author":[{"embeddable":true,"href":"https:\/\/pedagogie.ac-lille.fr\/metiers-btp\/wp-json\/wp\/v2\/users\/13"}],"replies":[{"embeddable":true,"href":"https:\/\/pedagogie.ac-lille.fr\/metiers-btp\/wp-json\/wp\/v2\/comments?post=860"}],"version-history":[{"count":35,"href":"https:\/\/pedagogie.ac-lille.fr\/metiers-btp\/wp-json\/wp\/v2\/pages\/860\/revisions"}],"predecessor-version":[{"id":2466,"href":"https:\/\/pedagogie.ac-lille.fr\/metiers-btp\/wp-json\/wp\/v2\/pages\/860\/revisions\/2466"}],"wp:attachment":[{"href":"https:\/\/pedagogie.ac-lille.fr\/metiers-btp\/wp-json\/wp\/v2\/media?parent=860"}],"curies":[{"name":"wp","href":"https:\/\/api.w.org\/{rel}","templated":true}]}}