{"id":891,"date":"2021-08-27T14:54:10","date_gmt":"2021-08-27T12:54:10","guid":{"rendered":"https:\/\/pedagogie.ac-lille.fr\/metiers-btp\/?page_id=891"},"modified":"2021-09-24T14:49:38","modified_gmt":"2021-09-24T12:49:38","slug":"filieres-du-batiment-et-des-travaux-publics","status":"publish","type":"page","link":"https:\/\/pedagogie.ac-lille.fr\/metiers-btp\/filieres-du-batiment-et-des-travaux-publics\/","title":{"rendered":"Fili\u00e8res du b\u00e2timent et des travaux publics"},"content":{"rendered":"\n<p class=\"has-white-color has-vivid-cyan-blue-background-color has-text-color has-background\">Bienvenue dans le menu qui va vous permettre de d\u00e9couvrir les diff\u00e9rentes ressources relatives aux fili\u00e8res du b\u00e2timent et des travaux publics<\/p>\n\n\n\n<div class=\"wp-block-media-text alignwide is-stacked-on-mobile\" style=\"grid-template-columns:36% auto\"><figure class=\"wp-block-media-text__media\"><img loading=\"lazy\" decoding=\"async\" width=\"1024\" height=\"683\" src=\"https:\/\/pedagogie.ac-lille.fr\/metiers-btp\/wp-content\/uploads\/sites\/5\/2021\/09\/EPC-SMCD-24-09-2019-1-1024x683.png\" alt=\"\" class=\"wp-image-1034 size-full\" srcset=\"https:\/\/pedagogie.ac-lille.fr\/metiers-btp\/wp-content\/uploads\/sites\/5\/2021\/09\/EPC-SMCD-24-09-2019-1-1024x683.png 1024w, https:\/\/pedagogie.ac-lille.fr\/metiers-btp\/wp-content\/uploads\/sites\/5\/2021\/09\/EPC-SMCD-24-09-2019-1-300x200.png 300w, https:\/\/pedagogie.ac-lille.fr\/metiers-btp\/wp-content\/uploads\/sites\/5\/2021\/09\/EPC-SMCD-24-09-2019-1-768x512.png 768w, https:\/\/pedagogie.ac-lille.fr\/metiers-btp\/wp-content\/uploads\/sites\/5\/2021\/09\/EPC-SMCD-24-09-2019-1.png 1184w\" sizes=\"auto, (max-width: 1024px) 100vw, 1024px\" \/><\/figure><div class=\"wp-block-media-text__content\">\n<p class=\"has-normal-font-size\">Les ressources mises \u00e0 disposition sont de plusieurs natures:<\/p>\n\n\n\n<ul class=\"has-small-font-size wp-block-list\"><li>ressources nationales : textes r\u00e9glementaires, r\u00e9f\u00e9rentiels de formation,etc.<\/li><li>ressources acad\u00e9miques : guide d&rsquo;accompagnement des \u00e9quipes enseignantes, outils d&rsquo;\u00e9valuation, fiches m\u00e9thodologiques, mutualisation de productions individuelles, r\u00e9glement des concours acad\u00e9miques, etc.<\/li><li>actualit\u00e9s de la fili\u00e8re concern\u00e9e. <\/li><\/ul>\n\n\n\n<p><\/p>\n<\/div><\/div>\n\n\n\n<h2 class=\"has-white-color has-black-background-color has-text-color has-background has-normal-font-size wp-block-heading\">Un GRAND MERCI \u00e0 chacun des coll\u00e8gues qui contribuent \u00e0 la production des diff\u00e9rentes ressources mises \u00e0 disposition.<\/h2>\n","protected":false},"excerpt":{"rendered":"<p>Bienvenue dans le menu qui va vous permettre de d\u00e9couvrir les diff\u00e9rentes ressources relatives aux fili\u00e8res du b\u00e2timent et des travaux publics Les ressources mises \u00e0 disposition sont de plusieurs natures: ressources nationales : textes r\u00e9glementaires, r\u00e9f\u00e9rentiels de formation,etc. ressources acad\u00e9miques : guide d&rsquo;accompagnement des \u00e9quipes enseignantes, outils d&rsquo;\u00e9valuation, fiches m\u00e9thodologiques, mutualisation de productions individuelles, [&hellip;]<\/p>\n","protected":false},"author":13,"featured_media":0,"parent":0,"menu_order":0,"comment_status":"closed","ping_status":"closed","template":"","meta":{"ngg_post_thumbnail":0,"footnotes":""},"class_list":["post-891","page","type-page","status-publish","czr-hentry"],"publishpress_future_action":{"enabled":false,"date":"2026-04-28 20:10:19","action":"change-status","newStatus":"draft","terms":[],"taxonomy":"","extraData":[]},"publishpress_future_workflow_manual_trigger":{"enabledWorkflows":[]},"_links":{"self":[{"href":"https:\/\/pedagogie.ac-lille.fr\/metiers-btp\/wp-json\/wp\/v2\/pages\/891","targetHints":{"allow":["GET"]}}],"collection":[{"href":"https:\/\/pedagogie.ac-lille.fr\/metiers-btp\/wp-json\/wp\/v2\/pages"}],"about":[{"href":"https:\/\/pedagogie.ac-lille.fr\/metiers-btp\/wp-json\/wp\/v2\/types\/page"}],"author":[{"embeddable":true,"href":"https:\/\/pedagogie.ac-lille.fr\/metiers-btp\/wp-json\/wp\/v2\/users\/13"}],"replies":[{"embeddable":true,"href":"https:\/\/pedagogie.ac-lille.fr\/metiers-btp\/wp-json\/wp\/v2\/comments?post=891"}],"version-history":[{"count":4,"href":"https:\/\/pedagogie.ac-lille.fr\/metiers-btp\/wp-json\/wp\/v2\/pages\/891\/revisions"}],"predecessor-version":[{"id":1035,"href":"https:\/\/pedagogie.ac-lille.fr\/metiers-btp\/wp-json\/wp\/v2\/pages\/891\/revisions\/1035"}],"wp:attachment":[{"href":"https:\/\/pedagogie.ac-lille.fr\/metiers-btp\/wp-json\/wp\/v2\/media?parent=891"}],"curies":[{"name":"wp","href":"https:\/\/api.w.org\/{rel}","templated":true}]}}