{"id":92,"date":"2020-04-18T19:35:34","date_gmt":"2020-04-18T17:35:34","guid":{"rendered":"http:\/\/pedagogie.ac-lille.fr\/cro-ce\/\/?page_id=92"},"modified":"2026-02-10T09:11:20","modified_gmt":"2026-02-10T08:11:20","slug":"la-filiere-gros-oeuvre-dans-lacademie-de-lille","status":"publish","type":"page","link":"https:\/\/pedagogie.ac-lille.fr\/metiers-btp\/la-filiere-gros-oeuvre-dans-lacademie-de-lille\/","title":{"rendered":"Fili\u00e8re \u00ab\u00a0Gros-oeuvre\u00a0\u00bb"},"content":{"rendered":"\n<h5 class=\"wp-block-heading has-white-color has-black-background-color has-text-color has-background has-normal-font-size\">Ressources acad\u00e9miques<\/h5>\n\n\n\n<div class=\"wp-block-media-text is-stacked-on-mobile\" style=\"grid-template-columns:19% auto\"><figure class=\"wp-block-media-text__media\"><img loading=\"lazy\" decoding=\"async\" width=\"543\" height=\"774\" src=\"https:\/\/pedagogie.ac-lille.fr\/metiers-btp\/wp-content\/uploads\/sites\/5\/2026\/02\/referentiel.jpg\" alt=\"\" class=\"wp-image-3512 size-full\" srcset=\"https:\/\/pedagogie.ac-lille.fr\/metiers-btp\/wp-content\/uploads\/sites\/5\/2026\/02\/referentiel.jpg 543w, https:\/\/pedagogie.ac-lille.fr\/metiers-btp\/wp-content\/uploads\/sites\/5\/2026\/02\/referentiel-210x300.jpg 210w\" sizes=\"auto, (max-width: 543px) 100vw, 543px\" \/><\/figure><div class=\"wp-block-media-text__content\">\n<p>R\u00e9f\u00e9rentiel BAC PRO Organisation et R\u00e9alisation du Gros \u0152uvre<\/p>\n\n\n\n<p>Il rentre en vigueur \u00e0 la rentr\u00e9e 2026. Premi\u00e8re session 2029<\/p>\n\n\n\n<p><a href=\"https:\/\/www.legifrance.gouv.fr\/jorf\/id\/JORFTEXT000053443467\">Le d\u00e9couvrir<\/a><\/p>\n<\/div><\/div>\n\n\n\n<h4 class=\"wp-block-heading has-luminous-vivid-orange-color has-text-color has-normal-font-size\">Harmonisation des pratiques certificatives acad\u00e9miques dans le cadre des \u00e9preuves professionnelles en contr\u00f4le en cours de formation <\/h4>\n\n\n\n<h2 class=\"wp-block-heading has-text-align-center has-white-color has-vivid-cyan-blue-background-color has-text-color has-background\" style=\"font-size:18px\">BAC PRO Technicien du b\u00e2timent : Organisation et R\u00e9alisation du Gros-Oeuvre (derni\u00e8re session 2028)<\/h2>\n\n\n\n<div class=\"wp-block-media-text alignwide is-stacked-on-mobile\" style=\"grid-template-columns:15% auto\"><figure class=\"wp-block-media-text__media\"><img loading=\"lazy\" decoding=\"async\" width=\"322\" height=\"425\" src=\"http:\/\/pedagogie.ac-lille.fr\/cro-ce\/\/wp-content\/uploads\/sites\/5\/2020\/09\/livret-tb-orgo.png\" alt=\"\" class=\"wp-image-491 size-full\" srcset=\"https:\/\/pedagogie.ac-lille.fr\/metiers-btp\/wp-content\/uploads\/sites\/5\/2020\/09\/livret-tb-orgo.png 322w, https:\/\/pedagogie.ac-lille.fr\/metiers-btp\/wp-content\/uploads\/sites\/5\/2020\/09\/livret-tb-orgo-227x300.png 227w\" sizes=\"auto, (max-width: 322px) 100vw, 322px\" \/><\/figure><div class=\"wp-block-media-text__content\">\n<p style=\"font-size:16px\">Livret  de certification BAC PRO TB ORGO &#8211; mise \u00e0 jour septembre 2020 ( prochainement publication de la mise \u00e0 jour prenant en compte le chef-d\u2019\u0153uvre)<\/p>\n\n\n\n<p style=\"font-size:16px\"><a href=\"http:\/\/cro-ce-medias.discipline.ac-lille.fr\/acces-restreint\/ORGO\/LIVRET_BAC_TBORGO.xlsx\" data-type=\"URL\" data-id=\"cro-ce-medias.discipline.ac-lille.fr\/acces-restreint\/ORGO\/LIVRET_BAC_TBORGO.xlsx\" target=\"_blank\" rel=\"noreferrer noopener\">Le d\u00e9couvrir<\/a><\/p>\n<\/div><\/div>\n\n\n\n<div class=\"wp-block-media-text alignwide is-stacked-on-mobile\" style=\"grid-template-columns:18% auto\"><figure class=\"wp-block-media-text__media\"><img loading=\"lazy\" decoding=\"async\" width=\"1024\" height=\"521\" src=\"https:\/\/pedagogie.ac-lille.fr\/metiers-btp\/wp-content\/uploads\/sites\/5\/2021\/08\/PFMPBAC-1024x521.png\" alt=\"\" class=\"wp-image-946 size-full\" srcset=\"https:\/\/pedagogie.ac-lille.fr\/metiers-btp\/wp-content\/uploads\/sites\/5\/2021\/08\/PFMPBAC-1024x521.png 1024w, https:\/\/pedagogie.ac-lille.fr\/metiers-btp\/wp-content\/uploads\/sites\/5\/2021\/08\/PFMPBAC-300x153.png 300w, https:\/\/pedagogie.ac-lille.fr\/metiers-btp\/wp-content\/uploads\/sites\/5\/2021\/08\/PFMPBAC-768x391.png 768w, https:\/\/pedagogie.ac-lille.fr\/metiers-btp\/wp-content\/uploads\/sites\/5\/2021\/08\/PFMPBAC-1536x781.png 1536w, https:\/\/pedagogie.ac-lille.fr\/metiers-btp\/wp-content\/uploads\/sites\/5\/2021\/08\/PFMPBAC.png 1864w\" sizes=\"auto, (max-width: 1024px) 100vw, 1024px\" \/><\/figure><div class=\"wp-block-media-text__content\">\n<p class=\"has-normal-font-size\"> Outil permettant le suivi des apprenants en classe de BAC PRO. <\/p>\n\n\n\n<p>Un grand merci \u00e0 M.Dachicourt David &#8211; LP J.Verne Etaples pour ce partage de ressources.<\/p>\n\n\n\n<p style=\"font-size:16px\"><a href=\"http:\/\/cro-ce-medias.discipline.ac-lille.fr\/acces-restreint\/ORGO\/LIVRET%20PFMP_BAC%20ACADEMIQUE.xlsm\" data-type=\"URL\" data-id=\"cro-ce-medias.discipline.ac-lille.fr\/acces-restreint\/ORGO\/LIVRET%20PFMP_BAC%20ACADEMIQUE.xlsm\" target=\"_blank\" rel=\"noreferrer noopener\">Le d\u00e9couvrir<\/a><\/p>\n<\/div><\/div>\n\n\n\n<h2 class=\"wp-block-heading has-text-align-center has-white-color has-vivid-cyan-blue-background-color has-text-color has-background\" style=\"font-size:18px\">CAP Ma\u00e7on<\/h2>\n\n\n\n<div class=\"wp-block-media-text alignwide is-stacked-on-mobile\" style=\"grid-template-columns:20% auto\"><figure class=\"wp-block-media-text__media\"><img loading=\"lazy\" decoding=\"async\" width=\"1024\" height=\"537\" src=\"https:\/\/pedagogie.ac-lille.fr\/metiers-btp\/wp-content\/uploads\/sites\/5\/2022\/11\/PFMPCAP-1024x537.png\" alt=\"\" class=\"wp-image-2154 size-full\" srcset=\"https:\/\/pedagogie.ac-lille.fr\/metiers-btp\/wp-content\/uploads\/sites\/5\/2022\/11\/PFMPCAP-1024x537.png 1024w, https:\/\/pedagogie.ac-lille.fr\/metiers-btp\/wp-content\/uploads\/sites\/5\/2022\/11\/PFMPCAP-300x157.png 300w, https:\/\/pedagogie.ac-lille.fr\/metiers-btp\/wp-content\/uploads\/sites\/5\/2022\/11\/PFMPCAP-768x402.png 768w, https:\/\/pedagogie.ac-lille.fr\/metiers-btp\/wp-content\/uploads\/sites\/5\/2022\/11\/PFMPCAP-1536x805.png 1536w, https:\/\/pedagogie.ac-lille.fr\/metiers-btp\/wp-content\/uploads\/sites\/5\/2022\/11\/PFMPCAP.png 1878w\" sizes=\"auto, (max-width: 1024px) 100vw, 1024px\" \/><\/figure><div class=\"wp-block-media-text__content\">\n<p style=\"font-size:16px\">Outil permettant le suivi des apprenants en classe de CAP.<\/p>\n\n\n\n<p style=\"font-size:16px\">Un grand merci \u00e0 M.Dachicourt David &#8211; LP J.Verne Etaples pour ce partage de ressources.<\/p>\n\n\n\n<p><a rel=\"noreferrer noopener\" href=\"http:\/\/cro-ce-medias.discipline.ac-lille.fr\/acces-restreint\/ORGO\/LIVRET%20PFMP_CAP_ACADEMIQUE.xlsm\" target=\"_blank\">Le d\u00e9couvrir<\/a><\/p>\n<\/div><\/div>\n\n\n\n<div class=\"wp-block-media-text alignwide is-stacked-on-mobile\" style=\"grid-template-columns:19% auto\"><figure class=\"wp-block-media-text__media\"><img loading=\"lazy\" decoding=\"async\" width=\"681\" height=\"484\" src=\"https:\/\/pedagogie.ac-lille.fr\/metiers-btp\/wp-content\/uploads\/sites\/5\/2021\/11\/appui-de-baie-1.png\" alt=\"\" class=\"wp-image-1164 size-full\" srcset=\"https:\/\/pedagogie.ac-lille.fr\/metiers-btp\/wp-content\/uploads\/sites\/5\/2021\/11\/appui-de-baie-1.png 681w, https:\/\/pedagogie.ac-lille.fr\/metiers-btp\/wp-content\/uploads\/sites\/5\/2021\/11\/appui-de-baie-1-300x213.png 300w\" sizes=\"auto, (max-width: 681px) 100vw, 681px\" \/><\/figure><div class=\"wp-block-media-text__content\">\n<p class=\"has-normal-font-size\">Ressources p\u00e9dagogiques pour la formation CAP Ma\u00e7on<\/p>\n\n\n\n<p class=\"has-normal-font-size\">Un grand merci \u00e0 Monsieur Benfares Youcef &#8211; LP M.Duhamel Loos et Monsieur Pouille Adrien &#8211; LP B.Chochoy Lumbres pour ce partage de ressources.<\/p>\n\n\n\n<p><a href=\"https:\/\/pedagogie.ac-lille.fr\/metiers-btp\/?page_id=1125\" data-type=\"URL\" data-id=\"https:\/\/pedagogie.ac-lille.fr\/metiers-btp\/?page_id=1125\" target=\"_blank\" rel=\"noreferrer noopener\">Les d\u00e9couvrir<\/a><\/p>\n<\/div><\/div>\n\n\n\n<div class=\"wp-block-media-text alignwide is-stacked-on-mobile\" style=\"grid-template-columns:15% auto\"><figure class=\"wp-block-media-text__media\"><img loading=\"lazy\" decoding=\"async\" width=\"570\" height=\"805\" src=\"https:\/\/pedagogie.ac-lille.fr\/metiers-btp\/wp-content\/uploads\/sites\/5\/2022\/11\/livret_CAP.png\" alt=\"\" class=\"wp-image-2153 size-full\" srcset=\"https:\/\/pedagogie.ac-lille.fr\/metiers-btp\/wp-content\/uploads\/sites\/5\/2022\/11\/livret_CAP.png 570w, https:\/\/pedagogie.ac-lille.fr\/metiers-btp\/wp-content\/uploads\/sites\/5\/2022\/11\/livret_CAP-212x300.png 212w\" sizes=\"auto, (max-width: 570px) 100vw, 570px\" \/><\/figure><div class=\"wp-block-media-text__content\">\n<p style=\"font-size:16px\">Livret de certification CAP ma\u00e7on &#8211; mise \u00e0 jour septembre 2021 &#8211; derni\u00e8re session 2022<\/p>\n\n\n\n<p style=\"font-size:16px\">Le d\u00e9couvrir.<\/p>\n\n\n\n<p class=\"has-luminous-vivid-orange-color has-text-color\" style=\"font-size:16px\">Merci aux coll\u00e8gues qui ont particip\u00e9 \u00e0 l&rsquo;\u00e9laboration de ce livret  &#8211; Il est abrog\u00e9 au regard de la r\u00e9novation du dipl\u00f4me.<\/p>\n<\/div><\/div>\n\n\n\n<div class=\"wp-block-media-text alignwide is-stacked-on-mobile\" style=\"grid-template-columns:24% auto\"><figure class=\"wp-block-media-text__media\"><img loading=\"lazy\" decoding=\"async\" width=\"1024\" height=\"498\" src=\"https:\/\/pedagogie.ac-lille.fr\/metiers-btp\/wp-content\/uploads\/sites\/5\/2021\/08\/ref-1024x498.png\" alt=\"\" class=\"wp-image-763 size-full\" srcset=\"https:\/\/pedagogie.ac-lille.fr\/metiers-btp\/wp-content\/uploads\/sites\/5\/2021\/08\/ref-1024x498.png 1024w, https:\/\/pedagogie.ac-lille.fr\/metiers-btp\/wp-content\/uploads\/sites\/5\/2021\/08\/ref-300x146.png 300w, https:\/\/pedagogie.ac-lille.fr\/metiers-btp\/wp-content\/uploads\/sites\/5\/2021\/08\/ref-768x374.png 768w, https:\/\/pedagogie.ac-lille.fr\/metiers-btp\/wp-content\/uploads\/sites\/5\/2021\/08\/ref.png 1155w\" sizes=\"auto, (max-width: 1024px) 100vw, 1024px\" \/><\/figure><div class=\"wp-block-media-text__content\">\n<p style=\"font-size:16px\">Le r\u00e9f\u00e9rentiel CAP Ma\u00e7on r\u00e9nov\u00e9 est entr\u00e9 en vigueur \u00e0 la rentr\u00e9e 2021.  <\/p>\n\n\n\n<p style=\"font-size:16px\"><a rel=\"noreferrer noopener\" href=\"http:\/\/cro-ce-medias.discipline.ac-lille.fr\/acces-restreint\/ORGO\/referentiel_cap_ma%C3%A7on.pdf\" data-type=\"URL\" data-id=\"cro-ce-medias.discipline.ac-lille.fr\/acces-restreint\/ORGO\/referentiel_cap_ma%C3%A7on.pdf\" target=\"_blank\">Le d\u00e9couvrir<\/a><\/p>\n<\/div><\/div>\n\n\n\n<div class=\"wp-block-media-text alignwide is-stacked-on-mobile\" style=\"grid-template-columns:24% auto\"><figure class=\"wp-block-media-text__media\"><img loading=\"lazy\" decoding=\"async\" width=\"1024\" height=\"720\" src=\"https:\/\/pedagogie.ac-lille.fr\/metiers-btp\/wp-content\/uploads\/sites\/5\/2021\/08\/renov1-1024x720.png\" alt=\"\" class=\"wp-image-767 size-full\" srcset=\"https:\/\/pedagogie.ac-lille.fr\/metiers-btp\/wp-content\/uploads\/sites\/5\/2021\/08\/renov1-1024x720.png 1024w, https:\/\/pedagogie.ac-lille.fr\/metiers-btp\/wp-content\/uploads\/sites\/5\/2021\/08\/renov1-300x211.png 300w, https:\/\/pedagogie.ac-lille.fr\/metiers-btp\/wp-content\/uploads\/sites\/5\/2021\/08\/renov1-768x540.png 768w, https:\/\/pedagogie.ac-lille.fr\/metiers-btp\/wp-content\/uploads\/sites\/5\/2021\/08\/renov1.png 1162w\" sizes=\"auto, (max-width: 1024px) 100vw, 1024px\" \/><\/figure><div class=\"wp-block-media-text__content\">\n<p style=\"font-size:16px\">Document d&rsquo;accompagnement &#8211; structure du r\u00e9f\u00e9rentiel &#8211; feuille 1\/2<\/p>\n\n\n\n<p style=\"font-size:16px\"><a href=\"http:\/\/cro-ce-medias.discipline.ac-lille.fr\/acces-restreint\/ORGO\/A3_renovation_CAP_feuille1.pdf\" data-type=\"URL\" data-id=\"cro-ce-medias.discipline.ac-lille.fr\/acces-restreint\/ORGO\/A3_renovation_CAP_feuille1.pdf\" target=\"_blank\" rel=\"noreferrer noopener\">Le d\u00e9couvrir<\/a><\/p>\n<\/div><\/div>\n\n\n\n<div class=\"wp-block-media-text alignwide is-stacked-on-mobile\" style=\"grid-template-columns:24% auto\"><figure class=\"wp-block-media-text__media\"><img loading=\"lazy\" decoding=\"async\" width=\"1024\" height=\"723\" src=\"https:\/\/pedagogie.ac-lille.fr\/metiers-btp\/wp-content\/uploads\/sites\/5\/2021\/08\/renov2-1024x723.png\" alt=\"\" class=\"wp-image-768 size-full\" srcset=\"https:\/\/pedagogie.ac-lille.fr\/metiers-btp\/wp-content\/uploads\/sites\/5\/2021\/08\/renov2-1024x723.png 1024w, https:\/\/pedagogie.ac-lille.fr\/metiers-btp\/wp-content\/uploads\/sites\/5\/2021\/08\/renov2-300x212.png 300w, https:\/\/pedagogie.ac-lille.fr\/metiers-btp\/wp-content\/uploads\/sites\/5\/2021\/08\/renov2-768x542.png 768w, https:\/\/pedagogie.ac-lille.fr\/metiers-btp\/wp-content\/uploads\/sites\/5\/2021\/08\/renov2.png 1168w\" sizes=\"auto, (max-width: 1024px) 100vw, 1024px\" \/><\/figure><div class=\"wp-block-media-text__content\">\n<p style=\"font-size:16px\">Document d&rsquo;accompagnement &#8211; structure du r\u00e9f\u00e9rentiel &#8211; feuille 2\/2<\/p>\n\n\n\n<p style=\"font-size:16px\"><a href=\"http:\/\/cro-ce-medias.discipline.ac-lille.fr\/acces-restreint\/ORGO\/A3_renovation_CAP_feuille2.pdf\" data-type=\"URL\" data-id=\"cro-ce-medias.discipline.ac-lille.fr\/acces-restreint\/ORGO\/A3_renovation_CAP_feuille2.pdf\" target=\"_blank\" rel=\"noreferrer noopener\">Le d\u00e9couvrir<\/a><\/p>\n<\/div><\/div>\n\n\n\n<div class=\"wp-block-media-text alignwide is-stacked-on-mobile\" style=\"grid-template-columns:24% auto\"><figure class=\"wp-block-media-text__media\"><img loading=\"lazy\" decoding=\"async\" width=\"773\" height=\"538\" src=\"https:\/\/pedagogie.ac-lille.fr\/metiers-btp\/wp-content\/uploads\/sites\/5\/2021\/08\/cap_renov_detaille-1.png\" alt=\"\" class=\"wp-image-769 size-full\" srcset=\"https:\/\/pedagogie.ac-lille.fr\/metiers-btp\/wp-content\/uploads\/sites\/5\/2021\/08\/cap_renov_detaille-1.png 773w, https:\/\/pedagogie.ac-lille.fr\/metiers-btp\/wp-content\/uploads\/sites\/5\/2021\/08\/cap_renov_detaille-1-300x209.png 300w, https:\/\/pedagogie.ac-lille.fr\/metiers-btp\/wp-content\/uploads\/sites\/5\/2021\/08\/cap_renov_detaille-1-768x535.png 768w\" sizes=\"auto, (max-width: 773px) 100vw, 773px\" \/><\/figure><div class=\"wp-block-media-text__content\">\n<p style=\"font-size:16px\">Document d&rsquo;accompagnement &#8211;  nouveaut\u00e9s sp\u00e9cifiques<\/p>\n\n\n\n<p style=\"font-size:16px\"><a href=\"http:\/\/cro-ce-medias.discipline.ac-lille.fr\/acces-restreint\/ORGO\/A3d%C3%A9taill%C3%A9_renov_CAP_ma%C3%A7on.pdf\" data-type=\"URL\" data-id=\"cro-ce-medias.discipline.ac-lille.fr\/acces-restreint\/ORGO\/A3d%C3%A9taill%C3%A9_renov_CAP_ma%C3%A7on.pdf\" target=\"_blank\" rel=\"noreferrer noopener\">Le d\u00e9couvrir<\/a><\/p>\n<\/div><\/div>\n\n\n\n<div class=\"wp-block-media-text alignwide is-stacked-on-mobile\" style=\"grid-template-columns:24% auto\"><figure class=\"wp-block-media-text__media\"><img loading=\"lazy\" decoding=\"async\" width=\"900\" height=\"626\" src=\"https:\/\/pedagogie.ac-lille.fr\/metiers-btp\/wp-content\/uploads\/sites\/5\/2022\/11\/cap.jpg\" alt=\"\" class=\"wp-image-2166 size-full\" srcset=\"https:\/\/pedagogie.ac-lille.fr\/metiers-btp\/wp-content\/uploads\/sites\/5\/2022\/11\/cap.jpg 900w, https:\/\/pedagogie.ac-lille.fr\/metiers-btp\/wp-content\/uploads\/sites\/5\/2022\/11\/cap-300x209.jpg 300w, https:\/\/pedagogie.ac-lille.fr\/metiers-btp\/wp-content\/uploads\/sites\/5\/2022\/11\/cap-768x534.jpg 768w\" sizes=\"auto, (max-width: 900px) 100vw, 900px\" \/><\/figure><div class=\"wp-block-media-text__content\">\n<p style=\"font-size:16px\">Document d&rsquo;accompagnement &#8211; descriptif des \u00e9preuves EP1, EP2 et EP3<\/p>\n\n\n\n<p style=\"font-size:16px\"><a href=\"http:\/\/cro-ce-medias.discipline.ac-lille.fr\/acces-restreint\/ORGO\/EP1_EP2_EP3_CAP_ma%C3%A7on.pdf\" data-type=\"URL\" data-id=\"http:\/\/cro-ce-medias.discipline.ac-lille.fr\/acces-restreint\/ORGO\/EP1_EP2_EP3_CAP_ma%C3%A7on.pdf\" target=\"_blank\" rel=\"noreferrer noopener\">Le d\u00e9couvrir<\/a><\/p>\n<\/div><\/div>\n\n\n\n<p style=\"font-size:16px\">L&rsquo;\u00e9laboration des situations d&rsquo;\u00e9valuation en EP1, EP2 et EP3 s&rsquo;appuiera \u00e0 la fois non seulement sur le respect des attendus des \u00e9preuves d\u00e9finis dans le r\u00e9f\u00e9rentiel de formation en vigueur mais aussi sur les fiches m\u00e9thodologiques de construction d&rsquo;un TP en enseignement de sp\u00e9cialit\u00e9 et en enseignement de la construction \u00e9conomie (<a rel=\"noreferrer noopener\" href=\"https:\/\/pedagogie.ac-lille.fr\/metiers-btp\/a3-fiches-synthese\/\" data-type=\"URL\" data-id=\"https:\/\/pedagogie.ac-lille.fr\/metiers-btp\/a3-fiches-synthese\/\" target=\"_blank\">revoir les fiches<\/a>).<\/p>\n\n\n<div class=\"wp-block-image\">\n<figure class=\"aligncenter size-large is-resized\"><img loading=\"lazy\" decoding=\"async\" width=\"1024\" height=\"723\" src=\"https:\/\/pedagogie.ac-lille.fr\/metiers-btp\/wp-content\/uploads\/sites\/5\/2022\/11\/TPCONS-1024x723.png\" alt=\"\" class=\"wp-image-2173\" style=\"width:271px;height:190px\" srcset=\"https:\/\/pedagogie.ac-lille.fr\/metiers-btp\/wp-content\/uploads\/sites\/5\/2022\/11\/TPCONS-1024x723.png 1024w, https:\/\/pedagogie.ac-lille.fr\/metiers-btp\/wp-content\/uploads\/sites\/5\/2022\/11\/TPCONS-300x212.png 300w, https:\/\/pedagogie.ac-lille.fr\/metiers-btp\/wp-content\/uploads\/sites\/5\/2022\/11\/TPCONS-768x543.png 768w, https:\/\/pedagogie.ac-lille.fr\/metiers-btp\/wp-content\/uploads\/sites\/5\/2022\/11\/TPCONS.png 1257w\" sizes=\"auto, (max-width: 1024px) 100vw, 1024px\" \/><\/figure>\n<\/div>\n\n<div class=\"wp-block-image\">\n<figure class=\"aligncenter size-full is-resized\"><img loading=\"lazy\" decoding=\"async\" width=\"984\" height=\"680\" src=\"https:\/\/pedagogie.ac-lille.fr\/metiers-btp\/wp-content\/uploads\/sites\/5\/2022\/11\/TP.png\" alt=\"\" class=\"wp-image-2185\" style=\"width:268px;height:185px\" srcset=\"https:\/\/pedagogie.ac-lille.fr\/metiers-btp\/wp-content\/uploads\/sites\/5\/2022\/11\/TP.png 984w, https:\/\/pedagogie.ac-lille.fr\/metiers-btp\/wp-content\/uploads\/sites\/5\/2022\/11\/TP-300x207.png 300w, https:\/\/pedagogie.ac-lille.fr\/metiers-btp\/wp-content\/uploads\/sites\/5\/2022\/11\/TP-768x531.png 768w\" sizes=\"auto, (max-width: 984px) 100vw, 984px\" \/><\/figure>\n<\/div>\n\n\n<div class=\"wp-block-media-text alignwide is-stacked-on-mobile\" style=\"grid-template-columns:37% auto\"><figure class=\"wp-block-media-text__media\"><img loading=\"lazy\" decoding=\"async\" width=\"1024\" height=\"530\" src=\"https:\/\/pedagogie.ac-lille.fr\/metiers-btp\/wp-content\/uploads\/sites\/5\/2022\/11\/LIVRET-1024x530.jpg\" alt=\"\" class=\"wp-image-2178 size-full\" srcset=\"https:\/\/pedagogie.ac-lille.fr\/metiers-btp\/wp-content\/uploads\/sites\/5\/2022\/11\/LIVRET-1024x530.jpg 1024w, https:\/\/pedagogie.ac-lille.fr\/metiers-btp\/wp-content\/uploads\/sites\/5\/2022\/11\/LIVRET-300x155.jpg 300w, https:\/\/pedagogie.ac-lille.fr\/metiers-btp\/wp-content\/uploads\/sites\/5\/2022\/11\/LIVRET-768x397.jpg 768w, https:\/\/pedagogie.ac-lille.fr\/metiers-btp\/wp-content\/uploads\/sites\/5\/2022\/11\/LIVRET-1536x795.jpg 1536w, https:\/\/pedagogie.ac-lille.fr\/metiers-btp\/wp-content\/uploads\/sites\/5\/2022\/11\/LIVRET.jpg 1884w\" sizes=\"auto, (max-width: 1024px) 100vw, 1024px\" \/><\/figure><div class=\"wp-block-media-text__content\">\n<p style=\"font-size:16px\">Afin d&rsquo;harmoniser les pratiques d&rsquo;\u00e9valuation certificative, le poids des comp\u00e9tences \u00e9valu\u00e9es lors des \u00e9preuves EP1,EP2 et EP3 a \u00e9t\u00e9 d\u00e9fini nationalement.<\/p>\n\n\n\n<p style=\"font-size:16px\">Sur le territoire de l&rsquo;acad\u00e9mie de Lille, un outil permettant de g\u00e9n\u00e9rer les grilles d&rsquo;\u00e9valuation par comp\u00e9tences des \u00e9preuves et d&rsquo;\u00e9diter la synth\u00e8se des \u00e9valuations sous forme de livret est propos\u00e9. Celui-ci respecte le poids des comp\u00e9tences d\u00e9fini nationalement.<\/p>\n\n\n\n<h4 class=\"wp-block-heading\">Version d\u00e9velopp\u00e9e du livret de certification<\/h4>\n\n\n\n<p class=\"has-light-green-cyan-background-color has-background\" style=\"font-size:16px\">Un GRAND MERCI \u00e0 Monsieur DACHICOURT David Directeur D\u00e9l\u00e9gu\u00e9 aux Formations du LP des deux Caps de Marquise pour l&rsquo;\u00e9laboration et le partage de cet outil.<\/p>\n\n\n\n<p style=\"font-size:16px\"><a href=\"http:\/\/cro-ce-medias.discipline.ac-lille.fr\/acces-restreint\/ORGO\/LIVRET%20DE%20CERTIFICATION%20NOV%202022%20finalis%C3%A9.zip\" target=\"_blank\" rel=\"noreferrer noopener\">D\u00e9couvrir le livret. (livret actualis\u00e9 mars 2023).<\/a><\/p>\n\n\n\n<p class=\"has-small-font-size\">Modification apport\u00e9 au livret : ajout d&rsquo;une fonction afin de cr\u00e9er individuellement les livrets, correction de probl\u00e8me de mise en page au niveau de l&rsquo;impression en PDF, correction de liens vers les grilles certificatives.<\/p>\n<\/div><\/div>\n\n\n\n<p><\/p>\n\n\n\n<h2 class=\"wp-block-heading\" style=\"font-size:16px\"><strong>Recommandations p\u00e9dagogiques relatives \u00e0 l&rsquo;outil d\u00e9ploy\u00e9 sur le territoire acad\u00e9mique :<\/strong><\/h2>\n\n\n\n<p style=\"font-size:16px\">L&rsquo;outil ne se substitue pas \u00e0 d&rsquo;\u00e9ventuels livrets mis en \u0153uvre dans les \u00e9tablissements relatifs au cadre administratif et au suivi des PFMP (par exemple renseignement sur les coordonn\u00e9es de l&rsquo;entreprise), l&rsquo;assiduit\u00e9 de l&rsquo;apprenant, etc. L&rsquo;outil acad\u00e9mique cadre l&rsquo;\u00e9valuation certificative.<\/p>\n\n\n\n<p style=\"font-size:16px\"><strong>Recommandations relatives \u00e0 l&rsquo;utilisation de l&rsquo;outil :<\/strong><\/p>\n\n\n\n<p style=\"font-size:16px\"><a href=\"http:\/\/cro-ce-medias.discipline.ac-lille.fr\/acces-restreint\/ORGO\/Quelques%20recommandations.pdf\" data-type=\"URL\" data-id=\"http:\/\/cro-ce-medias.discipline.ac-lille.fr\/acces-restreint\/ORGO\/Quelques%20recommandations.pdf\" target=\"_blank\" rel=\"noreferrer noopener\">Les d\u00e9couvrir<\/a><\/p>\n\n\n\n<h4 class=\"wp-block-heading\">Version simplifi\u00e9e\/adapt\u00e9e \u00e0 diff\u00e9rents contextes d&rsquo;\u00e9tablissement du livret de certification<\/h4>\n\n\n\n<p>Il est \u00e0 remercier les \u00e9quipes enseignantes pour leur retour sur l&rsquo;exploitation du livret de certification et \u00e0 constater sur le plan acad\u00e9mique, qu&rsquo;un certain nombre de coll\u00e8gues d\u00e9butant dans l&rsquo;exercice du m\u00e9tier d&rsquo;enseignant interviennent sur les classes en formation CAP Ma\u00e7on. Aussi, afin notamment de les accompagner dans la d\u00e9couverte des grilles d&rsquo;\u00e9valuation par comp\u00e9tences, le livret de certification est propos\u00e9 ci-apr\u00e8s dans une version simplifi\u00e9e. Le principe ainsi que les modalit\u00e9s de mise en \u0153uvre de l&rsquo;\u00e9valuation par comp\u00e9tence sont bien entendu conserv\u00e9s. Seule la mise en forme et l&rsquo;interactivit\u00e9 entre les diff\u00e9rentes pages du livret ont \u00e9t\u00e9 simplifi\u00e9es.<\/p>\n\n\n\n<p>Remarque : le livret doit \u00eatre exploit\u00e9 \u00e0 partir d&rsquo;une version r\u00e9cente du logiciel EXCEL.<\/p>\n\n\n\n<div class=\"wp-block-media-text is-stacked-on-mobile\" style=\"grid-template-columns:35% auto\"><figure class=\"wp-block-media-text__media\"><img loading=\"lazy\" decoding=\"async\" width=\"606\" height=\"259\" src=\"https:\/\/pedagogie.ac-lille.fr\/metiers-btp\/wp-content\/uploads\/sites\/5\/2024\/02\/livret-1.png\" alt=\"\" class=\"wp-image-2916 size-full\" srcset=\"https:\/\/pedagogie.ac-lille.fr\/metiers-btp\/wp-content\/uploads\/sites\/5\/2024\/02\/livret-1.png 606w, https:\/\/pedagogie.ac-lille.fr\/metiers-btp\/wp-content\/uploads\/sites\/5\/2024\/02\/livret-1-300x128.png 300w\" sizes=\"auto, (max-width: 606px) 100vw, 606px\" \/><\/figure><div class=\"wp-block-media-text__content\">\n<p>D\u00e9couvrir la<a href=\"http:\/\/cro-ce-medias.discipline.ac-lille.fr\/acces-restreint\/ORGO\/LIVRET%20CERTIF%20SIMPLIFIE%20CAP%20MACON.xlsm\"> version \u00ab\u00a0simplifi\u00e9e\u00a0\u00bb.<\/a><\/p>\n\n\n\n<p>Un grand merci \u00e0 Monsieur Dachicourt David Directeur d\u00e9l\u00e9gu\u00e9 aux formations du LP Pierre Mend\u00e8s France de Saint Pol Sur Ternoise.<\/p>\n<\/div><\/div>\n","protected":false},"excerpt":{"rendered":"<p>Ressources acad\u00e9miques R\u00e9f\u00e9rentiel BAC PRO Organisation et R\u00e9alisation du Gros \u0152uvre Il rentre en vigueur \u00e0 la rentr\u00e9e 2026. Premi\u00e8re session 2029 Le d\u00e9couvrir Harmonisation des pratiques certificatives acad\u00e9miques dans le cadre des \u00e9preuves professionnelles en contr\u00f4le en cours de formation BAC PRO Technicien du b\u00e2timent : Organisation et R\u00e9alisation du Gros-Oeuvre (derni\u00e8re session 2028) [&hellip;]<\/p>\n","protected":false},"author":13,"featured_media":0,"parent":0,"menu_order":0,"comment_status":"closed","ping_status":"closed","template":"","meta":{"ngg_post_thumbnail":0,"footnotes":""},"class_list":["post-92","page","type-page","status-publish","czr-hentry"],"publishpress_future_action":{"enabled":false,"date":"2026-04-28 20:27:57","action":"change-status","newStatus":"draft","terms":[],"taxonomy":"","extraData":[]},"publishpress_future_workflow_manual_trigger":{"enabledWorkflows":[]},"_links":{"self":[{"href":"https:\/\/pedagogie.ac-lille.fr\/metiers-btp\/wp-json\/wp\/v2\/pages\/92","targetHints":{"allow":["GET"]}}],"collection":[{"href":"https:\/\/pedagogie.ac-lille.fr\/metiers-btp\/wp-json\/wp\/v2\/pages"}],"about":[{"href":"https:\/\/pedagogie.ac-lille.fr\/metiers-btp\/wp-json\/wp\/v2\/types\/page"}],"author":[{"embeddable":true,"href":"https:\/\/pedagogie.ac-lille.fr\/metiers-btp\/wp-json\/wp\/v2\/users\/13"}],"replies":[{"embeddable":true,"href":"https:\/\/pedagogie.ac-lille.fr\/metiers-btp\/wp-json\/wp\/v2\/comments?post=92"}],"version-history":[{"count":113,"href":"https:\/\/pedagogie.ac-lille.fr\/metiers-btp\/wp-json\/wp\/v2\/pages\/92\/revisions"}],"predecessor-version":[{"id":3513,"href":"https:\/\/pedagogie.ac-lille.fr\/metiers-btp\/wp-json\/wp\/v2\/pages\/92\/revisions\/3513"}],"wp:attachment":[{"href":"https:\/\/pedagogie.ac-lille.fr\/metiers-btp\/wp-json\/wp\/v2\/media?parent=92"}],"curies":[{"name":"wp","href":"https:\/\/api.w.org\/{rel}","templated":true}]}}