{"id":1308,"date":"2025-12-07T07:57:13","date_gmt":"2025-12-07T06:57:13","guid":{"rendered":"https:\/\/pedagogie.ac-lille.fr\/numerique-et-sciences-informatiques\/?page_id=1308"},"modified":"2025-12-08T09:38:10","modified_gmt":"2025-12-08T08:38:10","slug":"organisation-des-epreuves-du-baccalaureat","status":"publish","type":"page","link":"https:\/\/pedagogie.ac-lille.fr\/numerique-et-sciences-informatiques\/organisation-des-epreuves-du-baccalaureat\/","title":{"rendered":"Organisation des \u00e9preuves du baccalaur\u00e9at"},"content":{"rendered":"\n<p>Vous trouverez sur cette page les informations extraites des bulletins officiels relatives aux \u00e9preuves du baccalaur\u00e9at de la session en cours.<\/p>\n\n\n\n<div style=\"height:40px\" aria-hidden=\"true\" class=\"wp-block-spacer\"><\/div>\n\n\n\n<h3 class=\"wp-block-heading\">Bulletin Officiel du 4 d\u00e9cembre 2025 :<\/h3>\n\n\n\n<p><a href=\"https:\/\/www.education.gouv.fr\/bo\/2025\/Hebdo46\/MENE2529540N\">Partie pratique de l&rsquo;\u00e9preuve de l\u2019enseignement de sp\u00e9cialit\u00e9 num\u00e9rique et sciences informatiques de la session 2026<\/a><\/p>\n\n\n\n<div style=\"height:20px\" aria-hidden=\"true\" class=\"wp-block-spacer\"><\/div>\n\n\n\n<h3 class=\"wp-block-heading\">Bulletin Officiel du 25 septembre 2025 :<\/h3>\n\n\n\n<p><a href=\"https:\/\/www.education.gouv.fr\/bo\/2025\/Hebdo36\/MENE2525995N\">Calendrier 2026 des \u00e9preuves du dipl\u00f4me national du brevet, du baccalaur\u00e9at<\/a><\/p>\n\n\n\n<div style=\"height:20px\" aria-hidden=\"true\" class=\"wp-block-spacer\"><\/div>\n\n\n\n<h3 class=\"wp-block-heading\">Bulletin Officiel du 25 ao\u00fbt 2025 :<\/h3>\n\n\n\n<p><a href=\"https:\/\/www.education.gouv.fr\/bo\/2025\/Hebdo31\/MENE2516123N\">\u00c9preuve de l&rsquo;enseignement de sp\u00e9cialit\u00e9 num\u00e9rique et sciences informatiques de la classe de terminale de la voie g\u00e9n\u00e9rale \u00e0 compter de la session 2026 de l&rsquo;examen du baccalaur\u00e9at<\/a><\/p>\n\n\n\n<p>3 sujets z\u00e9ros sont mis \u00e0 disposition :<\/p>\n\n\n\n<ul class=\"wp-block-list\">\n<li><a href=\"http:\/\/pedagogie.ac-lille.fr\/numerique-et-sciences-informatiques\/wp-content\/uploads\/sites\/45\/2025\/12\/ep-bac-nsi-sujet1-1.zip\">sujet1<\/a><\/li>\n\n\n\n<li><a href=\"https:\/\/eduscol.education.fr\/document\/67784\/download\">sujet2<\/a><\/li>\n\n\n\n<li><a href=\"https:\/\/eduscol.education.fr\/document\/67787\/download\">sujet3<\/a><\/li>\n<\/ul>\n","protected":false},"excerpt":{"rendered":"<p>Vous trouverez sur cette page les informations extraites des bulletins officiels relatives aux \u00e9preuves du baccalaur\u00e9at de la session en cours. Bulletin Officiel du 4 d\u00e9cembre 2025 : Partie pratique de l&rsquo;\u00e9preuve de l\u2019enseignement de sp\u00e9cialit\u00e9 num\u00e9rique et sciences informatiques de la session 2026 Bulletin Officiel du 25 septembre 2025 : Calendrier 2026 des \u00e9preuves [&hellip;]<\/p>\n","protected":false},"author":73,"featured_media":0,"parent":0,"menu_order":0,"comment_status":"closed","ping_status":"closed","template":"","meta":{"ngg_post_thumbnail":0,"footnotes":""},"class_list":["post-1308","page","type-page","status-publish","czr-hentry"],"publishpress_future_action":{"enabled":false,"date":"2026-05-01 23:29:14","action":"change-status","newStatus":"draft","terms":[],"taxonomy":"","extraData":[]},"publishpress_future_workflow_manual_trigger":{"enabledWorkflows":[]},"_links":{"self":[{"href":"https:\/\/pedagogie.ac-lille.fr\/numerique-et-sciences-informatiques\/wp-json\/wp\/v2\/pages\/1308","targetHints":{"allow":["GET"]}}],"collection":[{"href":"https:\/\/pedagogie.ac-lille.fr\/numerique-et-sciences-informatiques\/wp-json\/wp\/v2\/pages"}],"about":[{"href":"https:\/\/pedagogie.ac-lille.fr\/numerique-et-sciences-informatiques\/wp-json\/wp\/v2\/types\/page"}],"author":[{"embeddable":true,"href":"https:\/\/pedagogie.ac-lille.fr\/numerique-et-sciences-informatiques\/wp-json\/wp\/v2\/users\/73"}],"replies":[{"embeddable":true,"href":"https:\/\/pedagogie.ac-lille.fr\/numerique-et-sciences-informatiques\/wp-json\/wp\/v2\/comments?post=1308"}],"version-history":[{"count":17,"href":"https:\/\/pedagogie.ac-lille.fr\/numerique-et-sciences-informatiques\/wp-json\/wp\/v2\/pages\/1308\/revisions"}],"predecessor-version":[{"id":1357,"href":"https:\/\/pedagogie.ac-lille.fr\/numerique-et-sciences-informatiques\/wp-json\/wp\/v2\/pages\/1308\/revisions\/1357"}],"wp:attachment":[{"href":"https:\/\/pedagogie.ac-lille.fr\/numerique-et-sciences-informatiques\/wp-json\/wp\/v2\/media?parent=1308"}],"curies":[{"name":"wp","href":"https:\/\/api.w.org\/{rel}","templated":true}]}}