{"id":298,"date":"2021-09-19T16:27:02","date_gmt":"2021-09-19T14:27:02","guid":{"rendered":"https:\/\/pedagogie.ac-lille.fr\/numerique-et-sciences-informatiques\/?page_id=298"},"modified":"2021-10-03T16:09:26","modified_gmt":"2021-10-03T14:09:26","slug":"nsi-en-premiere","status":"publish","type":"page","link":"https:\/\/pedagogie.ac-lille.fr\/numerique-et-sciences-informatiques\/nsi-en-premiere\/","title":{"rendered":"NSI en Premi\u00e8re"},"content":{"rendered":"\n<p>Ressources Eduscol pour l&rsquo;enseignement de la NSI en classe de Premi\u00e8re g\u00e9n\u00e9rale.<\/p>\n\n\n\n<p>De nombreuses autres ressources sont disponibles sur les <a href=\"https:\/\/pedagogie.ac-lille.fr\/numerique-et-sciences-informatiques\/category\/sites-utiles\/\" data-type=\"URL\" data-id=\"https:\/\/pedagogie.ac-lille.fr\/numerique-et-sciences-informatiques\/category\/sites-utiles\/\">sites des enseignants<\/a> qui partagent leurs cours.<\/p>\n\n\n\n<h2 class=\"wp-block-heading\"> Bulletin Officiel <\/h2>\n\n\n\n<div class=\"wp-block-file\"><a href=\"https:\/\/pedagogie.ac-lille.fr\/numerique-et-sciences-informatiques\/wp-content\/uploads\/sites\/45\/2021\/09\/spe633_annexe_1063268-1.pdf\">BO du 22 janvier 2019<\/a><a href=\"https:\/\/pedagogie.ac-lille.fr\/numerique-et-sciences-informatiques\/wp-content\/uploads\/sites\/45\/2021\/09\/spe633_annexe_1063268-1.pdf\" class=\"wp-block-file__button\" download>T\u00e9l\u00e9charger<\/a><\/div>\n\n\n\n<h2 class=\"wp-block-heading\">Repr\u00e9sentation des donn\u00e9es<\/h2>\n\n\n\n<div class=\"wp-block-file\"><a href=\"https:\/\/pedagogie.ac-lille.fr\/numerique-et-sciences-informatiques\/wp-content\/uploads\/sites\/45\/2021\/10\/RA_Lycee_G_NSI_repd-entiers-naturels_1170774.pdf\">Repr\u00e9sentation des entiers naturels<\/a><a href=\"https:\/\/pedagogie.ac-lille.fr\/numerique-et-sciences-informatiques\/wp-content\/uploads\/sites\/45\/2021\/10\/RA_Lycee_G_NSI_repd-entiers-naturels_1170774.pdf\" class=\"wp-block-file__button\" download>T\u00e9l\u00e9charger<\/a><\/div>\n\n\n\n<div class=\"wp-block-file\"><a href=\"https:\/\/pedagogie.ac-lille.fr\/numerique-et-sciences-informatiques\/wp-content\/uploads\/sites\/45\/2021\/10\/RA_Lycee_G_NSI_repd-entiers-relatifs_1170775.pdf\">Repr\u00e9sentation des entiers relatifs<\/a><a href=\"https:\/\/pedagogie.ac-lille.fr\/numerique-et-sciences-informatiques\/wp-content\/uploads\/sites\/45\/2021\/10\/RA_Lycee_G_NSI_repd-entiers-relatifs_1170775.pdf\" class=\"wp-block-file__button\" download>T\u00e9l\u00e9charger<\/a><\/div>\n\n\n\n<div class=\"wp-block-file\"><a href=\"https:\/\/pedagogie.ac-lille.fr\/numerique-et-sciences-informatiques\/wp-content\/uploads\/sites\/45\/2021\/10\/RA_Lycee_G_NSI_repd_types_construits_1170777.pdf\">Types construits en Python<\/a><a href=\"https:\/\/pedagogie.ac-lille.fr\/numerique-et-sciences-informatiques\/wp-content\/uploads\/sites\/45\/2021\/10\/RA_Lycee_G_NSI_repd_types_construits_1170777.pdf\" class=\"wp-block-file__button\" download>T\u00e9l\u00e9charger<\/a><\/div>\n\n\n\n<div class=\"wp-block-file\"><a href=\"https:\/\/pedagogie.ac-lille.fr\/numerique-et-sciences-informatiques\/wp-content\/uploads\/sites\/45\/2021\/10\/RA_Lycee_G_NSI_repd_dicos_1170776.pdf\">p-uplets nomm\u00e9s et dictionnaires<\/a><a href=\"https:\/\/pedagogie.ac-lille.fr\/numerique-et-sciences-informatiques\/wp-content\/uploads\/sites\/45\/2021\/10\/RA_Lycee_G_NSI_repd_dicos_1170776.pdf\" class=\"wp-block-file__button\" download>T\u00e9l\u00e9charger<\/a><\/div>\n\n\n\n<div class=\"wp-block-file\"><a href=\"https:\/\/pedagogie.ac-lille.fr\/numerique-et-sciences-informatiques\/wp-content\/uploads\/sites\/45\/2021\/10\/RA_Lycee_G_NSI_repd_types_mutables_1170778.pdf\">Types mutables et probl\u00e8mes associ\u00e9s<\/a><a href=\"https:\/\/pedagogie.ac-lille.fr\/numerique-et-sciences-informatiques\/wp-content\/uploads\/sites\/45\/2021\/10\/RA_Lycee_G_NSI_repd_types_mutables_1170778.pdf\" class=\"wp-block-file__button\" download>T\u00e9l\u00e9charger<\/a><\/div>\n\n\n\n<h2 class=\"wp-block-heading\">Traitement des donn\u00e9es<\/h2>\n\n\n\n<div class=\"wp-block-file\"><a href=\"https:\/\/pedagogie.ac-lille.fr\/numerique-et-sciences-informatiques\/wp-content\/uploads\/sites\/45\/2021\/10\/RA20_NSI_G_T_structures-donnees_1298638.pdf\">Structures de donn\u00e9es<\/a><a href=\"https:\/\/pedagogie.ac-lille.fr\/numerique-et-sciences-informatiques\/wp-content\/uploads\/sites\/45\/2021\/10\/RA20_NSI_G_T_structures-donnees_1298638.pdf\" class=\"wp-block-file__button\" download>T\u00e9l\u00e9charger<\/a><\/div>\n\n\n\n<div class=\"wp-block-file\"><a href=\"https:\/\/pedagogie.ac-lille.fr\/numerique-et-sciences-informatiques\/wp-content\/uploads\/sites\/45\/2021\/10\/RA_Lycee_G_NSI_trtd_tables_1170781.pdf\">Manipulation des tables<\/a><a href=\"https:\/\/pedagogie.ac-lille.fr\/numerique-et-sciences-informatiques\/wp-content\/uploads\/sites\/45\/2021\/10\/RA_Lycee_G_NSI_trtd_tables_1170781.pdf\" class=\"wp-block-file__button\" download>T\u00e9l\u00e9charger<\/a><\/div>\n\n\n\n<div class=\"wp-block-file\"><a href=\"https:\/\/pedagogie.ac-lille.fr\/numerique-et-sciences-informatiques\/wp-content\/uploads\/sites\/45\/2021\/10\/RA_Lycee_G_NSI_trtd_pandas_1170780.pdf\">Manipulation de tables avec la biblioth\u00e8que Pandas<\/a><a href=\"https:\/\/pedagogie.ac-lille.fr\/numerique-et-sciences-informatiques\/wp-content\/uploads\/sites\/45\/2021\/10\/RA_Lycee_G_NSI_trtd_pandas_1170780.pdf\" class=\"wp-block-file__button\" download>T\u00e9l\u00e9charger<\/a><\/div>\n\n\n\n<h2 class=\"wp-block-heading\">Interactions entre l&rsquo;homme et la machine sur le Web<\/h2>\n\n\n\n<div class=\"wp-block-file\"><a href=\"https:\/\/pedagogie.ac-lille.fr\/numerique-et-sciences-informatiques\/wp-content\/uploads\/sites\/45\/2021\/10\/RA_Lycee_G_NSI_ihm_interaction_client_serveur_1170771.pdf\">Interaction client-serveur<\/a><a href=\"https:\/\/pedagogie.ac-lille.fr\/numerique-et-sciences-informatiques\/wp-content\/uploads\/sites\/45\/2021\/10\/RA_Lycee_G_NSI_ihm_interaction_client_serveur_1170771.pdf\" class=\"wp-block-file__button\" download>T\u00e9l\u00e9charger<\/a><\/div>\n\n\n\n<div class=\"wp-block-file\"><a href=\"https:\/\/pedagogie.ac-lille.fr\/numerique-et-sciences-informatiques\/wp-content\/uploads\/sites\/45\/2021\/10\/RA_Lycee_G_NSI_ihm_evenements_1170770.pdf\">Ev\u00e8nements<\/a><a href=\"https:\/\/pedagogie.ac-lille.fr\/numerique-et-sciences-informatiques\/wp-content\/uploads\/sites\/45\/2021\/10\/RA_Lycee_G_NSI_ihm_evenements_1170770.pdf\" class=\"wp-block-file__button\" download>T\u00e9l\u00e9charger<\/a><\/div>\n\n\n\n<h2 class=\"wp-block-heading\">Architectures mat\u00e9rielles et syst\u00e8mes d&rsquo;exploitation<\/h2>\n\n\n\n<div class=\"wp-block-file\"><a href=\"https:\/\/pedagogie.ac-lille.fr\/numerique-et-sciences-informatiques\/wp-content\/uploads\/sites\/45\/2021\/10\/RA_Lycee_G_NSI_arch_von_neu_1170769.pdf\">Mod\u00e8le d&rsquo;architecture de von Neumann<\/a><a href=\"https:\/\/pedagogie.ac-lille.fr\/numerique-et-sciences-informatiques\/wp-content\/uploads\/sites\/45\/2021\/10\/RA_Lycee_G_NSI_arch_von_neu_1170769.pdf\" class=\"wp-block-file__button\" download>T\u00e9l\u00e9charger<\/a><\/div>\n\n\n\n<div class=\"wp-block-file\"><a href=\"https:\/\/pedagogie.ac-lille.fr\/numerique-et-sciences-informatiques\/wp-content\/uploads\/sites\/45\/2021\/10\/RA_Lycee_G_NSI_arch_systemes_utilisateurs_1170768.pdf\">Syst\u00e8mes de type UNIX : le point de vue utilisateur<\/a><a href=\"https:\/\/pedagogie.ac-lille.fr\/numerique-et-sciences-informatiques\/wp-content\/uploads\/sites\/45\/2021\/10\/RA_Lycee_G_NSI_arch_systemes_utilisateurs_1170768.pdf\" class=\"wp-block-file__button\" download>T\u00e9l\u00e9charger<\/a><\/div>\n\n\n\n<div class=\"wp-block-file\"><a href=\"https:\/\/pedagogie.ac-lille.fr\/numerique-et-sciences-informatiques\/wp-content\/uploads\/sites\/45\/2021\/10\/RA_Lycee_G_NSI_arch_systemes_approfondis_1170767.pdf\">Syst\u00e8me de type UNIX : structure de donn\u00e9es et algorithmes<\/a><a href=\"https:\/\/pedagogie.ac-lille.fr\/numerique-et-sciences-informatiques\/wp-content\/uploads\/sites\/45\/2021\/10\/RA_Lycee_G_NSI_arch_systemes_approfondis_1170767.pdf\" class=\"wp-block-file__button\" download>T\u00e9l\u00e9charger<\/a><\/div>\n\n\n\n<h2 class=\"wp-block-heading\">Langages et programmation<\/h2>\n\n\n\n<div class=\"wp-block-file\"><a href=\"https:\/\/pedagogie.ac-lille.fr\/numerique-et-sciences-informatiques\/wp-content\/uploads\/sites\/45\/2021\/10\/RA_Lycee_G_NSI_lang_diversite_1170772.pdf\">Diversit\u00e9 et unit\u00e9 des langages de programmation<\/a><a href=\"https:\/\/pedagogie.ac-lille.fr\/numerique-et-sciences-informatiques\/wp-content\/uploads\/sites\/45\/2021\/10\/RA_Lycee_G_NSI_lang_diversite_1170772.pdf\" class=\"wp-block-file__button\" download>T\u00e9l\u00e9charger<\/a><\/div>\n\n\n\n<div class=\"wp-block-file\"><a href=\"https:\/\/pedagogie.ac-lille.fr\/numerique-et-sciences-informatiques\/wp-content\/uploads\/sites\/45\/2021\/10\/RA_Lycee_G_NSI_lang_tests_1170773.pdf\">Mise au point de langages test\u00e9s<\/a><a href=\"https:\/\/pedagogie.ac-lille.fr\/numerique-et-sciences-informatiques\/wp-content\/uploads\/sites\/45\/2021\/10\/RA_Lycee_G_NSI_lang_tests_1170773.pdf\" class=\"wp-block-file__button\" download>T\u00e9l\u00e9charger<\/a><\/div>\n\n\n\n<h2 class=\"wp-block-heading\">Algorithmique<\/h2>\n\n\n\n<div class=\"wp-block-file\"><a href=\"https:\/\/pedagogie.ac-lille.fr\/numerique-et-sciences-informatiques\/wp-content\/uploads\/sites\/45\/2021\/10\/RA_Lycee_G_NSI_algo_knn_1170766.pdf\">Algorithme des k plus proches voisins<\/a><a href=\"https:\/\/pedagogie.ac-lille.fr\/numerique-et-sciences-informatiques\/wp-content\/uploads\/sites\/45\/2021\/10\/RA_Lycee_G_NSI_algo_knn_1170766.pdf\" class=\"wp-block-file__button\" download>T\u00e9l\u00e9charger<\/a><\/div>\n\n\n\n<div class=\"wp-block-file\"><a href=\"https:\/\/pedagogie.ac-lille.fr\/numerique-et-sciences-informatiques\/wp-content\/uploads\/sites\/45\/2021\/10\/RA_Lycee_G_NSI_algo-sac-a-dos_1170765.pdf\">Le probl\u00e8me du sac \u00e0 dos<\/a><a href=\"https:\/\/pedagogie.ac-lille.fr\/numerique-et-sciences-informatiques\/wp-content\/uploads\/sites\/45\/2021\/10\/RA_Lycee_G_NSI_algo-sac-a-dos_1170765.pdf\" class=\"wp-block-file__button\" download>T\u00e9l\u00e9charger<\/a><\/div>\n\n\n\n<div class=\"wp-block-file\"><a href=\"https:\/\/pedagogie.ac-lille.fr\/numerique-et-sciences-informatiques\/wp-content\/uploads\/sites\/45\/2021\/10\/RA_Lycee_G_NSI_algo-gloutons_1170764.pdf\">Algorithmes gloutons<\/a><a href=\"https:\/\/pedagogie.ac-lille.fr\/numerique-et-sciences-informatiques\/wp-content\/uploads\/sites\/45\/2021\/10\/RA_Lycee_G_NSI_algo-gloutons_1170764.pdf\" class=\"wp-block-file__button\" download>T\u00e9l\u00e9charger<\/a><\/div>\n\n\n\n<div class=\"wp-block-file\"><a href=\"https:\/\/pedagogie.ac-lille.fr\/numerique-et-sciences-informatiques\/wp-content\/uploads\/sites\/45\/2021\/10\/RA_Lycee_G_NSI_algo-dichoto_1170763.pdf\">Recherche dichotomique<\/a><a href=\"https:\/\/pedagogie.ac-lille.fr\/numerique-et-sciences-informatiques\/wp-content\/uploads\/sites\/45\/2021\/10\/RA_Lycee_G_NSI_algo-dichoto_1170763.pdf\" class=\"wp-block-file__button\" download>T\u00e9l\u00e9charger<\/a><\/div>\n\n\n\n<p><\/p>\n","protected":false},"excerpt":{"rendered":"<p>Ressources Eduscol pour l&rsquo;enseignement de la NSI en classe de Premi\u00e8re g\u00e9n\u00e9rale. De nombreuses autres ressources sont disponibles sur les sites des enseignants qui partagent leurs cours. Bulletin Officiel Repr\u00e9sentation des donn\u00e9es Traitement des donn\u00e9es Interactions entre l&rsquo;homme et la machine sur le Web Architectures mat\u00e9rielles et syst\u00e8mes d&rsquo;exploitation Langages et programmation Algorithmique<\/p>\n","protected":false},"author":73,"featured_media":0,"parent":0,"menu_order":0,"comment_status":"closed","ping_status":"closed","template":"","meta":{"ngg_post_thumbnail":0,"footnotes":""},"class_list":["post-298","page","type-page","status-publish","czr-hentry"],"publishpress_future_action":{"enabled":false,"date":"2026-05-01 21:54:34","action":"change-status","newStatus":"draft","terms":[],"taxonomy":"","extraData":[]},"publishpress_future_workflow_manual_trigger":{"enabledWorkflows":[]},"_links":{"self":[{"href":"https:\/\/pedagogie.ac-lille.fr\/numerique-et-sciences-informatiques\/wp-json\/wp\/v2\/pages\/298","targetHints":{"allow":["GET"]}}],"collection":[{"href":"https:\/\/pedagogie.ac-lille.fr\/numerique-et-sciences-informatiques\/wp-json\/wp\/v2\/pages"}],"about":[{"href":"https:\/\/pedagogie.ac-lille.fr\/numerique-et-sciences-informatiques\/wp-json\/wp\/v2\/types\/page"}],"author":[{"embeddable":true,"href":"https:\/\/pedagogie.ac-lille.fr\/numerique-et-sciences-informatiques\/wp-json\/wp\/v2\/users\/73"}],"replies":[{"embeddable":true,"href":"https:\/\/pedagogie.ac-lille.fr\/numerique-et-sciences-informatiques\/wp-json\/wp\/v2\/comments?post=298"}],"version-history":[{"count":8,"href":"https:\/\/pedagogie.ac-lille.fr\/numerique-et-sciences-informatiques\/wp-json\/wp\/v2\/pages\/298\/revisions"}],"predecessor-version":[{"id":454,"href":"https:\/\/pedagogie.ac-lille.fr\/numerique-et-sciences-informatiques\/wp-json\/wp\/v2\/pages\/298\/revisions\/454"}],"wp:attachment":[{"href":"https:\/\/pedagogie.ac-lille.fr\/numerique-et-sciences-informatiques\/wp-json\/wp\/v2\/media?parent=298"}],"curies":[{"name":"wp","href":"https:\/\/api.w.org\/{rel}","templated":true}]}}