{"id":324,"date":"2021-09-19T20:42:43","date_gmt":"2021-09-19T18:42:43","guid":{"rendered":"https:\/\/pedagogie.ac-lille.fr\/numerique-et-sciences-informatiques\/?page_id=324"},"modified":"2022-10-01T07:45:55","modified_gmt":"2022-10-01T05:45:55","slug":"nsi-en-terminale","status":"publish","type":"page","link":"https:\/\/pedagogie.ac-lille.fr\/numerique-et-sciences-informatiques\/nsi-en-terminale\/","title":{"rendered":"NSI en Terminale"},"content":{"rendered":"\n<p>Ressources pour l&rsquo;enseignement de la NSI en Terminale g\u00e9n\u00e9rale.<\/p>\n\n\n\n<p>De nombreuses autres ressources sont disponibles sur les&nbsp;<a href=\"https:\/\/pedagogie.ac-lille.fr\/numerique-et-sciences-informatiques\/category\/sites-utiles\/\">sites des enseignants<\/a>&nbsp;qui partagent leurs cours.<\/p>\n\n\n\n<h2 class=\"wp-block-heading\">Bulletin Officiel<\/h2>\n\n\n\n<div class=\"wp-block-file\"><a id=\"wp-block-file--media-a6c626e7-82e2-4e1e-868f-dec6c33a1240\" href=\"https:\/\/pedagogie.ac-lille.fr\/numerique-et-sciences-informatiques\/wp-content\/uploads\/sites\/45\/2021\/09\/spe247_annexe_1158933.pdf\">Programme<\/a><a href=\"https:\/\/pedagogie.ac-lille.fr\/numerique-et-sciences-informatiques\/wp-content\/uploads\/sites\/45\/2021\/09\/spe247_annexe_1158933.pdf\" class=\"wp-block-file__button\" download aria-describedby=\"wp-block-file--media-a6c626e7-82e2-4e1e-868f-dec6c33a1240\">T\u00e9l\u00e9charger<\/a><\/div>\n\n\n\n<p><a href=\"https:\/\/pedagogie.ac-lille.fr\/numerique-et-sciences-informatiques\/modifications-concernant-lepreuve-ecrite-du-baccalaureat\/\" data-type=\"post\" data-id=\"814\">Changements concernant l&rsquo;\u00e9preuve \u00e9crite<\/a><\/p>\n\n\n\n<p><a rel=\"noreferrer noopener\" href=\"https:\/\/eduscol.education.fr\/2661\/banque-des-epreuves-pratiques-de-specialite-nsi?menu_id=3324\" data-type=\"URL\" data-id=\"https:\/\/eduscol.education.fr\/2661\/banque-des-epreuves-pratiques-de-specialite-nsi?menu_id=3324\" target=\"_blank\">Banque des \u00e9preuves pratiques<\/a><\/p>\n\n\n\n<h2 class=\"wp-block-heading\">Structures de donn\u00e9es<\/h2>\n\n\n\n<div class=\"wp-block-file\"><a id=\"wp-block-file--media-0fd3f446-5170-4b4d-bb26-c0bbb5b50617\" href=\"https:\/\/pedagogie.ac-lille.fr\/numerique-et-sciences-informatiques\/wp-content\/uploads\/sites\/45\/2021\/10\/ra21_lycee_g_t_nsi_types-abstraits_presentation.pdf\">Types abstraits de donn\u00e9es &#8211; pr\u00e9sentation<\/a><a href=\"https:\/\/pedagogie.ac-lille.fr\/numerique-et-sciences-informatiques\/wp-content\/uploads\/sites\/45\/2021\/10\/ra21_lycee_g_t_nsi_types-abstraits_presentation.pdf\" class=\"wp-block-file__button\" download aria-describedby=\"wp-block-file--media-0fd3f446-5170-4b4d-bb26-c0bbb5b50617\">T\u00e9l\u00e9charger<\/a><\/div>\n\n\n\n<div class=\"wp-block-file\"><a id=\"wp-block-file--media-f169d251-e5c1-4513-b181-d252188175a6\" href=\"https:\/\/pedagogie.ac-lille.fr\/numerique-et-sciences-informatiques\/wp-content\/uploads\/sites\/45\/2021\/10\/ra21_lycee_g_t_nsi_types-abstraits_mise-en-oeuvre.pdf\">Types abstraits de donn\u00e9es &#8211; implantations et propositions de mise en \u0153uvre <\/a><a href=\"https:\/\/pedagogie.ac-lille.fr\/numerique-et-sciences-informatiques\/wp-content\/uploads\/sites\/45\/2021\/10\/ra21_lycee_g_t_nsi_types-abstraits_mise-en-oeuvre.pdf\" class=\"wp-block-file__button\" download aria-describedby=\"wp-block-file--media-f169d251-e5c1-4513-b181-d252188175a6\">T\u00e9l\u00e9charger<\/a><\/div>\n\n\n\n<div class=\"wp-block-file\"><a id=\"wp-block-file--media-904abfe1-58e7-4d92-a317-28c677e5e64c\" href=\"https:\/\/pedagogie.ac-lille.fr\/numerique-et-sciences-informatiques\/wp-content\/uploads\/sites\/45\/2021\/10\/ra21_lycee_g_t_nsi_generalites-arbres.pdf\">G\u00e9n\u00e9ralit\u00e9s sur les arbres<\/a><a href=\"https:\/\/pedagogie.ac-lille.fr\/numerique-et-sciences-informatiques\/wp-content\/uploads\/sites\/45\/2021\/10\/ra21_lycee_g_t_nsi_generalites-arbres.pdf\" class=\"wp-block-file__button\" download aria-describedby=\"wp-block-file--media-904abfe1-58e7-4d92-a317-28c677e5e64c\">T\u00e9l\u00e9charger<\/a><\/div>\n\n\n\n<div class=\"wp-block-file\"><a id=\"wp-block-file--media-5cdd53b4-2029-45bf-9c69-b96fa762b80f\" href=\"https:\/\/pedagogie.ac-lille.fr\/numerique-et-sciences-informatiques\/wp-content\/uploads\/sites\/45\/2021\/10\/ra21_lycee_g_t_nsi_arbres-binaires-recherche.pdf\">Arbres binaires de recherche<\/a><a href=\"https:\/\/pedagogie.ac-lille.fr\/numerique-et-sciences-informatiques\/wp-content\/uploads\/sites\/45\/2021\/10\/ra21_lycee_g_t_nsi_arbres-binaires-recherche.pdf\" class=\"wp-block-file__button\" download aria-describedby=\"wp-block-file--media-5cdd53b4-2029-45bf-9c69-b96fa762b80f\">T\u00e9l\u00e9charger<\/a><\/div>\n\n\n\n<div class=\"wp-block-file\"><a id=\"wp-block-file--media-a4b87eda-623e-457b-a634-945d371061e0\" href=\"https:\/\/pedagogie.ac-lille.fr\/numerique-et-sciences-informatiques\/wp-content\/uploads\/sites\/45\/2021\/10\/ra21_lycee_g_t_nsi_arbresbinairesderecherche.pdf\">Implantation des arbres binaires de recherche \u00e0 l&rsquo;aide de la P.O.O.<\/a><a href=\"https:\/\/pedagogie.ac-lille.fr\/numerique-et-sciences-informatiques\/wp-content\/uploads\/sites\/45\/2021\/10\/ra21_lycee_g_t_nsi_arbresbinairesderecherche.pdf\" class=\"wp-block-file__button\" download aria-describedby=\"wp-block-file--media-a4b87eda-623e-457b-a634-945d371061e0\">T\u00e9l\u00e9charger<\/a><\/div>\n\n\n\n<div class=\"wp-block-file\"><a id=\"wp-block-file--media-a6dca2da-6e4a-4f90-ac1e-61fb68120260\" href=\"https:\/\/pedagogie.ac-lille.fr\/numerique-et-sciences-informatiques\/wp-content\/uploads\/sites\/45\/2021\/10\/ra21_lycee_g_t_nsi_generalites-graphes.pdf\">G\u00e9n\u00e9ralit\u00e9s sur les graphes<\/a><a href=\"https:\/\/pedagogie.ac-lille.fr\/numerique-et-sciences-informatiques\/wp-content\/uploads\/sites\/45\/2021\/10\/ra21_lycee_g_t_nsi_generalites-graphes.pdf\" class=\"wp-block-file__button\" download aria-describedby=\"wp-block-file--media-a6dca2da-6e4a-4f90-ac1e-61fb68120260\">T\u00e9l\u00e9charger<\/a><\/div>\n\n\n\n<div class=\"wp-block-file\"><a id=\"wp-block-file--media-b482dfc8-4b66-453f-9efd-a11a0dfdb839\" href=\"https:\/\/pedagogie.ac-lille.fr\/numerique-et-sciences-informatiques\/wp-content\/uploads\/sites\/45\/2021\/10\/ra21_lycee_g_t_nsi_representation-graphes.pdf\">Repr\u00e9sentation des graphes<\/a><a href=\"https:\/\/pedagogie.ac-lille.fr\/numerique-et-sciences-informatiques\/wp-content\/uploads\/sites\/45\/2021\/10\/ra21_lycee_g_t_nsi_representation-graphes.pdf\" class=\"wp-block-file__button\" download aria-describedby=\"wp-block-file--media-b482dfc8-4b66-453f-9efd-a11a0dfdb839\">T\u00e9l\u00e9charger<\/a><\/div>\n\n\n\n<div class=\"wp-block-file\"><a id=\"wp-block-file--media-49202196-845c-40e9-92be-823efb66f967\" href=\"https:\/\/pedagogie.ac-lille.fr\/numerique-et-sciences-informatiques\/wp-content\/uploads\/sites\/45\/2021\/10\/RA20_NSI_G_T_plus-court-chemin_1307008.pdf\">Plus court chemin dans un graphe<\/a><a href=\"https:\/\/pedagogie.ac-lille.fr\/numerique-et-sciences-informatiques\/wp-content\/uploads\/sites\/45\/2021\/10\/RA20_NSI_G_T_plus-court-chemin_1307008.pdf\" class=\"wp-block-file__button\" download aria-describedby=\"wp-block-file--media-49202196-845c-40e9-92be-823efb66f967\">T\u00e9l\u00e9charger<\/a><\/div>\n\n\n\n<h2 class=\"wp-block-heading\">Bases de donn\u00e9es<\/h2>\n\n\n\n<h2 class=\"wp-block-heading\">Architectures mat\u00e9rielles, syst\u00e8mes d&rsquo;exploitation et r\u00e9seaux<\/h2>\n\n\n\n<div class=\"wp-block-file\"><a id=\"wp-block-file--media-e6c6ee19-6ef5-446b-9b68-181e88f20a5a\" href=\"https:\/\/pedagogie.ac-lille.fr\/numerique-et-sciences-informatiques\/wp-content\/uploads\/sites\/45\/2021\/10\/ra21_lycee_g_t_nsi_circuits-integres.pdf\">Les circuits<\/a><a href=\"https:\/\/pedagogie.ac-lille.fr\/numerique-et-sciences-informatiques\/wp-content\/uploads\/sites\/45\/2021\/10\/ra21_lycee_g_t_nsi_circuits-integres.pdf\" class=\"wp-block-file__button\" download aria-describedby=\"wp-block-file--media-e6c6ee19-6ef5-446b-9b68-181e88f20a5a\">T\u00e9l\u00e9charger<\/a><\/div>\n\n\n\n<div class=\"wp-block-file\"><a id=\"wp-block-file--media-66912dcd-32ed-46c2-b762-e9e897cbb0a5\" href=\"https:\/\/pedagogie.ac-lille.fr\/numerique-et-sciences-informatiques\/wp-content\/uploads\/sites\/45\/2021\/10\/ra21_lycee_g_t_nsi_annexe_circuits-aux-systemes-sur-puces.pdf\">Des circuits aux syst\u00e8mes sur puces &#8211; questionnaire<\/a><a href=\"https:\/\/pedagogie.ac-lille.fr\/numerique-et-sciences-informatiques\/wp-content\/uploads\/sites\/45\/2021\/10\/ra21_lycee_g_t_nsi_annexe_circuits-aux-systemes-sur-puces.pdf\" class=\"wp-block-file__button\" download aria-describedby=\"wp-block-file--media-66912dcd-32ed-46c2-b762-e9e897cbb0a5\">T\u00e9l\u00e9charger<\/a><\/div>\n\n\n\n<div class=\"wp-block-file\"><a id=\"wp-block-file--media-91ef2327-6dfb-4a73-8aba-528edc9ec79c\" href=\"https:\/\/pedagogie.ac-lille.fr\/numerique-et-sciences-informatiques\/wp-content\/uploads\/sites\/45\/2021\/10\/ra21_lycee_g_t_nsi_annexe_circuits-aux-systemes-sur-puces-corrige.pdf\"> Des circuits aux syst\u00e8mes sur puces &#8211; corrige <\/a><a href=\"https:\/\/pedagogie.ac-lille.fr\/numerique-et-sciences-informatiques\/wp-content\/uploads\/sites\/45\/2021\/10\/ra21_lycee_g_t_nsi_annexe_circuits-aux-systemes-sur-puces-corrige.pdf\" class=\"wp-block-file__button\" download aria-describedby=\"wp-block-file--media-91ef2327-6dfb-4a73-8aba-528edc9ec79c\">T\u00e9l\u00e9charger<\/a><\/div>\n\n\n\n<div class=\"wp-block-file\"><a id=\"wp-block-file--media-5c7d26ae-e7c8-4d3d-beb4-089257e71aea\" href=\"https:\/\/pedagogie.ac-lille.fr\/numerique-et-sciences-informatiques\/wp-content\/uploads\/sites\/45\/2021\/10\/ra21_lycee_g_t_nsi_securisation-communications.pdf\">S\u00e9curisation des communications<\/a><a href=\"https:\/\/pedagogie.ac-lille.fr\/numerique-et-sciences-informatiques\/wp-content\/uploads\/sites\/45\/2021\/10\/ra21_lycee_g_t_nsi_securisation-communications.pdf\" class=\"wp-block-file__button\" download aria-describedby=\"wp-block-file--media-5c7d26ae-e7c8-4d3d-beb4-089257e71aea\">T\u00e9l\u00e9charger<\/a><\/div>\n\n\n\n<h2 class=\"wp-block-heading\">Langages et programmation<\/h2>\n\n\n\n<div class=\"wp-block-file\"><a id=\"wp-block-file--media-6918070c-5142-45f1-8cf9-7a623a76c5f2\" href=\"https:\/\/pedagogie.ac-lille.fr\/numerique-et-sciences-informatiques\/wp-content\/uploads\/sites\/45\/2021\/10\/ra21_lycee_g_t_nsi_recursivite.pdf\">R\u00e9cursivit\u00e9<\/a><a href=\"https:\/\/pedagogie.ac-lille.fr\/numerique-et-sciences-informatiques\/wp-content\/uploads\/sites\/45\/2021\/10\/ra21_lycee_g_t_nsi_recursivite.pdf\" class=\"wp-block-file__button\" download aria-describedby=\"wp-block-file--media-6918070c-5142-45f1-8cf9-7a623a76c5f2\">T\u00e9l\u00e9charger<\/a><\/div>\n\n\n\n<div class=\"wp-block-file\"><a id=\"wp-block-file--media-d67e57e6-a8a4-4763-aa96-3ebebc8e2dd7\" href=\"https:\/\/pedagogie.ac-lille.fr\/numerique-et-sciences-informatiques\/wp-content\/uploads\/sites\/45\/2021\/10\/ra21_lycee_g_t_nsi_vocabulaire_programmation_objet.pdf\">vocabulaire de la programmation objet<\/a><a href=\"https:\/\/pedagogie.ac-lille.fr\/numerique-et-sciences-informatiques\/wp-content\/uploads\/sites\/45\/2021\/10\/ra21_lycee_g_t_nsi_vocabulaire_programmation_objet.pdf\" class=\"wp-block-file__button\" download aria-describedby=\"wp-block-file--media-d67e57e6-a8a4-4763-aa96-3ebebc8e2dd7\">T\u00e9l\u00e9charger<\/a><\/div>\n\n\n\n<div class=\"wp-block-file\"><a id=\"wp-block-file--media-b9a1c7fb-42ad-4fb1-8742-2be3cef4e43c\" href=\"https:\/\/pedagogie.ac-lille.fr\/numerique-et-sciences-informatiques\/wp-content\/uploads\/sites\/45\/2021\/10\/ra21_lycee_g_t_nsi_paradigmefonctionnel.pdf\">Le paradigme fonctionnel<\/a><a href=\"https:\/\/pedagogie.ac-lille.fr\/numerique-et-sciences-informatiques\/wp-content\/uploads\/sites\/45\/2021\/10\/ra21_lycee_g_t_nsi_paradigmefonctionnel.pdf\" class=\"wp-block-file__button\" download aria-describedby=\"wp-block-file--media-b9a1c7fb-42ad-4fb1-8742-2be3cef4e43c\">T\u00e9l\u00e9charger<\/a><\/div>\n\n\n\n<div class=\"wp-block-file\"><a id=\"wp-block-file--media-e588403b-1251-4631-8631-d39e4e6f5fdb\" href=\"https:\/\/pedagogie.ac-lille.fr\/numerique-et-sciences-informatiques\/wp-content\/uploads\/sites\/45\/2021\/10\/ra21_lycee_g_t_nsi_ecrituredetests.pdf\">Ecriture de tests<\/a><a href=\"https:\/\/pedagogie.ac-lille.fr\/numerique-et-sciences-informatiques\/wp-content\/uploads\/sites\/45\/2021\/10\/ra21_lycee_g_t_nsi_ecrituredetests.pdf\" class=\"wp-block-file__button\" download aria-describedby=\"wp-block-file--media-e588403b-1251-4631-8631-d39e4e6f5fdb\">T\u00e9l\u00e9charger<\/a><\/div>\n\n\n\n<div class=\"wp-block-file\"><a id=\"wp-block-file--media-3dda95aa-fee8-4542-8c5c-770ecfe56f50\" href=\"https:\/\/pedagogie.ac-lille.fr\/numerique-et-sciences-informatiques\/wp-content\/uploads\/sites\/45\/2021\/10\/ra21_lycee_g_t_nsi_gestiondesbugs.pdf\">Mise au point de programme, gestion des bugs<\/a><a href=\"https:\/\/pedagogie.ac-lille.fr\/numerique-et-sciences-informatiques\/wp-content\/uploads\/sites\/45\/2021\/10\/ra21_lycee_g_t_nsi_gestiondesbugs.pdf\" class=\"wp-block-file__button\" download aria-describedby=\"wp-block-file--media-3dda95aa-fee8-4542-8c5c-770ecfe56f50\">T\u00e9l\u00e9charger<\/a><\/div>\n\n\n\n<div class=\"wp-block-file\"><a id=\"wp-block-file--media-77656ce5-bf07-4afd-bb47-e8521eca6f62\" href=\"https:\/\/pedagogie.ac-lille.fr\/numerique-et-sciences-informatiques\/wp-content\/uploads\/sites\/45\/2021\/10\/ra21_lycee_g_t_nsi_modularite-api.pdf\">Modularit\u00e9 et A.P.I.<\/a><a href=\"https:\/\/pedagogie.ac-lille.fr\/numerique-et-sciences-informatiques\/wp-content\/uploads\/sites\/45\/2021\/10\/ra21_lycee_g_t_nsi_modularite-api.pdf\" class=\"wp-block-file__button\" download aria-describedby=\"wp-block-file--media-77656ce5-bf07-4afd-bb47-e8521eca6f62\">T\u00e9l\u00e9charger<\/a><\/div>\n\n\n\n<div class=\"wp-block-file\"><a id=\"wp-block-file--media-d4c28bbb-597d-467f-9f74-2b7ab4397945\" href=\"https:\/\/pedagogie.ac-lille.fr\/numerique-et-sciences-informatiques\/wp-content\/uploads\/sites\/45\/2021\/10\/RA20_NSI_G_T_calculabilite_1298636.pdf\">Calculabilit\u00e9 et d\u00e9cidabilit\u00e9<\/a><a href=\"https:\/\/pedagogie.ac-lille.fr\/numerique-et-sciences-informatiques\/wp-content\/uploads\/sites\/45\/2021\/10\/RA20_NSI_G_T_calculabilite_1298636.pdf\" class=\"wp-block-file__button\" download aria-describedby=\"wp-block-file--media-d4c28bbb-597d-467f-9f74-2b7ab4397945\">T\u00e9l\u00e9charger<\/a><\/div>\n\n\n\n<h2 class=\"wp-block-heading\">Algorithmique<\/h2>\n\n\n\n<div class=\"wp-block-file\"><a id=\"wp-block-file--media-8403e594-70ef-4cbb-aa76-df1f914ff21f\" href=\"https:\/\/pedagogie.ac-lille.fr\/numerique-et-sciences-informatiques\/wp-content\/uploads\/sites\/45\/2021\/10\/RA20_NSI_G_T_boyer-moore_1298635.pdf\">L&rsquo;algorithme de Boyer et Moore<\/a><a href=\"https:\/\/pedagogie.ac-lille.fr\/numerique-et-sciences-informatiques\/wp-content\/uploads\/sites\/45\/2021\/10\/RA20_NSI_G_T_boyer-moore_1298635.pdf\" class=\"wp-block-file__button\" download aria-describedby=\"wp-block-file--media-8403e594-70ef-4cbb-aa76-df1f914ff21f\">T\u00e9l\u00e9charger<\/a><\/div>\n\n\n\n<div class=\"wp-block-file\"><a id=\"wp-block-file--media-21780442-be39-4f5f-a6dd-1cda3dd7dadb\" href=\"https:\/\/pedagogie.ac-lille.fr\/numerique-et-sciences-informatiques\/wp-content\/uploads\/sites\/45\/2021\/10\/RA20_NSI_G_T_progdyn_1298637.pdf\">Programmation dynamique<\/a><a href=\"https:\/\/pedagogie.ac-lille.fr\/numerique-et-sciences-informatiques\/wp-content\/uploads\/sites\/45\/2021\/10\/RA20_NSI_G_T_progdyn_1298637.pdf\" class=\"wp-block-file__button\" download aria-describedby=\"wp-block-file--media-21780442-be39-4f5f-a6dd-1cda3dd7dadb\">T\u00e9l\u00e9charger<\/a><\/div>\n\n\n\n<div class=\"wp-block-file\"><a id=\"wp-block-file--media-092a689d-7644-48ba-b5ec-63b5c2c25e90\" href=\"https:\/\/pedagogie.ac-lille.fr\/numerique-et-sciences-informatiques\/wp-content\/uploads\/sites\/45\/2021\/10\/ra21_lycee_g_t_nsi_diviser-pour-regner.pdf\">Diviser pour r\u00e9gner<\/a><a href=\"https:\/\/pedagogie.ac-lille.fr\/numerique-et-sciences-informatiques\/wp-content\/uploads\/sites\/45\/2021\/10\/ra21_lycee_g_t_nsi_diviser-pour-regner.pdf\" class=\"wp-block-file__button\" download aria-describedby=\"wp-block-file--media-092a689d-7644-48ba-b5ec-63b5c2c25e90\">T\u00e9l\u00e9charger<\/a><\/div>\n\n\n\n<p><\/p>\n","protected":false},"excerpt":{"rendered":"<p>Ressources pour l&rsquo;enseignement de la NSI en Terminale g\u00e9n\u00e9rale. De nombreuses autres ressources sont disponibles sur les&nbsp;sites des enseignants&nbsp;qui partagent leurs cours. Bulletin Officiel Changements concernant l&rsquo;\u00e9preuve \u00e9crite Banque des \u00e9preuves pratiques Structures de donn\u00e9es Bases de donn\u00e9es Architectures mat\u00e9rielles, syst\u00e8mes d&rsquo;exploitation et r\u00e9seaux Langages et programmation Algorithmique<\/p>\n","protected":false},"author":73,"featured_media":0,"parent":0,"menu_order":0,"comment_status":"closed","ping_status":"closed","template":"","meta":{"ngg_post_thumbnail":0,"footnotes":""},"class_list":["post-324","page","type-page","status-publish","czr-hentry"],"publishpress_future_action":{"enabled":false,"date":"2026-05-01 21:54:35","action":"change-status","newStatus":"draft","terms":[],"taxonomy":"","extraData":[]},"publishpress_future_workflow_manual_trigger":{"enabledWorkflows":[]},"_links":{"self":[{"href":"https:\/\/pedagogie.ac-lille.fr\/numerique-et-sciences-informatiques\/wp-json\/wp\/v2\/pages\/324","targetHints":{"allow":["GET"]}}],"collection":[{"href":"https:\/\/pedagogie.ac-lille.fr\/numerique-et-sciences-informatiques\/wp-json\/wp\/v2\/pages"}],"about":[{"href":"https:\/\/pedagogie.ac-lille.fr\/numerique-et-sciences-informatiques\/wp-json\/wp\/v2\/types\/page"}],"author":[{"embeddable":true,"href":"https:\/\/pedagogie.ac-lille.fr\/numerique-et-sciences-informatiques\/wp-json\/wp\/v2\/users\/73"}],"replies":[{"embeddable":true,"href":"https:\/\/pedagogie.ac-lille.fr\/numerique-et-sciences-informatiques\/wp-json\/wp\/v2\/comments?post=324"}],"version-history":[{"count":7,"href":"https:\/\/pedagogie.ac-lille.fr\/numerique-et-sciences-informatiques\/wp-json\/wp\/v2\/pages\/324\/revisions"}],"predecessor-version":[{"id":821,"href":"https:\/\/pedagogie.ac-lille.fr\/numerique-et-sciences-informatiques\/wp-json\/wp\/v2\/pages\/324\/revisions\/821"}],"wp:attachment":[{"href":"https:\/\/pedagogie.ac-lille.fr\/numerique-et-sciences-informatiques\/wp-json\/wp\/v2\/media?parent=324"}],"curies":[{"name":"wp","href":"https:\/\/api.w.org\/{rel}","templated":true}]}}