{"id":328,"date":"2021-09-19T20:49:48","date_gmt":"2021-09-19T18:49:48","guid":{"rendered":"https:\/\/pedagogie.ac-lille.fr\/numerique-et-sciences-informatiques\/?page_id=328"},"modified":"2021-10-04T20:52:32","modified_gmt":"2021-10-04T18:52:32","slug":"snt-en-seconde","status":"publish","type":"page","link":"https:\/\/pedagogie.ac-lille.fr\/numerique-et-sciences-informatiques\/snt-en-seconde\/","title":{"rendered":"SNT en Seconde"},"content":{"rendered":"\n<p>Ressources pour l&rsquo;enseignement de la SNT en classe de Seconde g\u00e9n\u00e9rale et Technologique.<\/p>\n\n\n\n<p>De nombreuses autres ressources sont disponibles sur les&nbsp;<a href=\"https:\/\/pedagogie.ac-lille.fr\/numerique-et-sciences-informatiques\/category\/sites-utiles\/\">sites des enseignants<\/a>&nbsp;qui partagent leurs cours.<\/p>\n\n\n\n<p>Sans oublier l&rsquo;excellent exerciseur : <a href=\"https:\/\/pedagogie.ac-lille.fr\/numerique-et-sciences-informatiques\/parcours-algorea\/\" data-type=\"URL\" data-id=\"https:\/\/pedagogie.ac-lille.fr\/numerique-et-sciences-informatiques\/parcours-algorea\/\">Parcours Algorea<\/a> et la formation tr\u00e8s compl\u00e8te  : <a href=\"https:\/\/www.fun-mooc.fr\/fr\/cours\/sinitier-a-lenseignement-en-sciences-numeriques-et-technologie\/\">MOOC &#8211; S&rsquo;initier \u00e0 l&rsquo;enseignement en SNT<\/a><\/p>\n\n\n\n<h2 class=\"wp-block-heading\">Bulletin Officiel<\/h2>\n\n\n\n<div class=\"wp-block-file\"><a href=\"https:\/\/pedagogie.ac-lille.fr\/numerique-et-sciences-informatiques\/wp-content\/uploads\/sites\/45\/2021\/09\/spe641_annexe_1063085.pdf\">BO du 22 janvier 2019<\/a><a href=\"https:\/\/pedagogie.ac-lille.fr\/numerique-et-sciences-informatiques\/wp-content\/uploads\/sites\/45\/2021\/09\/spe641_annexe_1063085.pdf\" class=\"wp-block-file__button\" download>T\u00e9l\u00e9charger<\/a><\/div>\n\n\n\n<h2 class=\"wp-block-heading\">Internet<\/h2>\n\n\n\n<p><a href=\"http:\/\/fe.fil.univ-lille1.fr\/sntinternet\/\">Internet &#8211; Supports de Formation SNT de l&rsquo;acad\u00e9mie de Lille<\/a><\/p>\n\n\n\n<div class=\"wp-block-file\"><a href=\"https:\/\/pedagogie.ac-lille.fr\/numerique-et-sciences-informatiques\/wp-content\/uploads\/sites\/45\/2021\/10\/RA19_Lycee_G_SNT_2nd_internetreseauxsociaux_1156202.pdf\">Adressage IP<\/a><a href=\"https:\/\/pedagogie.ac-lille.fr\/numerique-et-sciences-informatiques\/wp-content\/uploads\/sites\/45\/2021\/10\/RA19_Lycee_G_SNT_2nd_internetreseauxsociaux_1156202.pdf\" class=\"wp-block-file__button\" download>T\u00e9l\u00e9charger<\/a><\/div>\n\n\n\n<div class=\"wp-block-file\"><a href=\"https:\/\/pedagogie.ac-lille.fr\/numerique-et-sciences-informatiques\/wp-content\/uploads\/sites\/45\/2021\/10\/RA19_Lycee_G_SNT_2nd_Routagepostal_1150598.pdf\">Routage postal<\/a><a href=\"https:\/\/pedagogie.ac-lille.fr\/numerique-et-sciences-informatiques\/wp-content\/uploads\/sites\/45\/2021\/10\/RA19_Lycee_G_SNT_2nd_Routagepostal_1150598.pdf\" class=\"wp-block-file__button\" download>T\u00e9l\u00e9charger<\/a><\/div>\n\n\n\n<div class=\"wp-block-file\"><a href=\"https:\/\/pedagogie.ac-lille.fr\/numerique-et-sciences-informatiques\/wp-content\/uploads\/sites\/45\/2021\/10\/RA19_Lycee_G_SNT_2nd_routage_calculs_itineraires_1150596.pdf\">Routage et calculs d&rsquo;itin\u00e9raires<\/a><a href=\"https:\/\/pedagogie.ac-lille.fr\/numerique-et-sciences-informatiques\/wp-content\/uploads\/sites\/45\/2021\/10\/RA19_Lycee_G_SNT_2nd_routage_calculs_itineraires_1150596.pdf\" class=\"wp-block-file__button\" download>T\u00e9l\u00e9charger<\/a><\/div>\n\n\n\n<div class=\"wp-block-file\"><a href=\"https:\/\/pedagogie.ac-lille.fr\/numerique-et-sciences-informatiques\/wp-content\/uploads\/sites\/45\/2021\/10\/RA19_Lycee_G_SNT_2nd_protocoleTCP_1156206.pdf\">Protocole TCP<\/a><a href=\"https:\/\/pedagogie.ac-lille.fr\/numerique-et-sciences-informatiques\/wp-content\/uploads\/sites\/45\/2021\/10\/RA19_Lycee_G_SNT_2nd_protocoleTCP_1156206.pdf\" class=\"wp-block-file__button\" download>T\u00e9l\u00e9charger<\/a><\/div>\n\n\n\n<h2 class=\"wp-block-heading\">Le Web<\/h2>\n\n\n\n<p><a href=\"http:\/\/fe.fil.univ-lille1.fr\/sntweb\/\">Le Web &#8211; Supports de Formation SNT de l&rsquo;acad\u00e9mie de Lille<\/a><\/p>\n\n\n\n<div class=\"wp-block-file\"><a href=\"https:\/\/pedagogie.ac-lille.fr\/numerique-et-sciences-informatiques\/wp-content\/uploads\/sites\/45\/2021\/10\/RA19_Lycee_G_SNT_2nd_fond_forme_1150600.pdf\">Le fond et la forme<\/a><a href=\"https:\/\/pedagogie.ac-lille.fr\/numerique-et-sciences-informatiques\/wp-content\/uploads\/sites\/45\/2021\/10\/RA19_Lycee_G_SNT_2nd_fond_forme_1150600.pdf\" class=\"wp-block-file__button\" download>T\u00e9l\u00e9charger<\/a><\/div>\n\n\n\n<div class=\"wp-block-file\"><a href=\"https:\/\/pedagogie.ac-lille.fr\/numerique-et-sciences-informatiques\/wp-content\/uploads\/sites\/45\/2021\/10\/RA19_Lycee_G_SNT_2nd_Frisechrono_1182206.pdf\">Frise chronologique<\/a><a href=\"https:\/\/pedagogie.ac-lille.fr\/numerique-et-sciences-informatiques\/wp-content\/uploads\/sites\/45\/2021\/10\/RA19_Lycee_G_SNT_2nd_Frisechrono_1182206.pdf\" class=\"wp-block-file__button\" download>T\u00e9l\u00e9charger<\/a><\/div>\n\n\n\n<div class=\"wp-block-file\"><a href=\"https:\/\/pedagogie.ac-lille.fr\/numerique-et-sciences-informatiques\/wp-content\/uploads\/sites\/45\/2021\/10\/RA19_Lycee_G_SNT_2nd_Pagerank_1156204.pdf\">Moteur de recherche<\/a><a href=\"https:\/\/pedagogie.ac-lille.fr\/numerique-et-sciences-informatiques\/wp-content\/uploads\/sites\/45\/2021\/10\/RA19_Lycee_G_SNT_2nd_Pagerank_1156204.pdf\" class=\"wp-block-file__button\" download>T\u00e9l\u00e9charger<\/a><\/div>\n\n\n\n<h2 class=\"wp-block-heading\">Les r\u00e9seaux sociaux<\/h2>\n\n\n\n<p><a href=\"http:\/\/fe.fil.univ-lille1.fr\/sntrsociaux\/\">Les r\u00e9seaux sociaux &#8211; Supports de Formation SNT de l&rsquo;acad\u00e9mie de Lille <\/a><\/p>\n\n\n\n<div class=\"wp-block-file\"><a href=\"https:\/\/pedagogie.ac-lille.fr\/numerique-et-sciences-informatiques\/wp-content\/uploads\/sites\/45\/2021\/10\/RA19_Lycee_G_SNT_2nd_internetreseauxsociaux_1156202.pdf\">Adressage IP<\/a><a href=\"https:\/\/pedagogie.ac-lille.fr\/numerique-et-sciences-informatiques\/wp-content\/uploads\/sites\/45\/2021\/10\/RA19_Lycee_G_SNT_2nd_internetreseauxsociaux_1156202.pdf\" class=\"wp-block-file__button\" download>T\u00e9l\u00e9charger<\/a><\/div>\n\n\n\n<div class=\"wp-block-file\"><a href=\"https:\/\/pedagogie.ac-lille.fr\/numerique-et-sciences-informatiques\/wp-content\/uploads\/sites\/45\/2021\/10\/RA19_Lycee_G_SNT_2nd_activites_historiques_reseausocial_1161099.pdf\">Rep\u00e8res historiques sur les r\u00e9seaux sociaux<\/a><a href=\"https:\/\/pedagogie.ac-lille.fr\/numerique-et-sciences-informatiques\/wp-content\/uploads\/sites\/45\/2021\/10\/RA19_Lycee_G_SNT_2nd_activites_historiques_reseausocial_1161099.pdf\" class=\"wp-block-file__button\" download>T\u00e9l\u00e9charger<\/a><\/div>\n\n\n\n<div class=\"wp-block-file\"><a href=\"https:\/\/pedagogie.ac-lille.fr\/numerique-et-sciences-informatiques\/wp-content\/uploads\/sites\/45\/2021\/10\/RA19_Lycee_G_SNT_2nd_Activites_reseaux_sociaux_1161101.pdf\">Activit\u00e9s sur les r\u00e9seaux sociaux<\/a><a href=\"https:\/\/pedagogie.ac-lille.fr\/numerique-et-sciences-informatiques\/wp-content\/uploads\/sites\/45\/2021\/10\/RA19_Lycee_G_SNT_2nd_Activites_reseaux_sociaux_1161101.pdf\" class=\"wp-block-file__button\" download>T\u00e9l\u00e9charger<\/a><\/div>\n\n\n\n<div class=\"wp-block-file\"><a href=\"https:\/\/pedagogie.ac-lille.fr\/numerique-et-sciences-informatiques\/wp-content\/uploads\/sites\/45\/2021\/10\/RA19_Lycee_G_SNT_2nd_cyberviolence_1161103.pdf\">La cyberviolence<\/a><a href=\"https:\/\/pedagogie.ac-lille.fr\/numerique-et-sciences-informatiques\/wp-content\/uploads\/sites\/45\/2021\/10\/RA19_Lycee_G_SNT_2nd_cyberviolence_1161103.pdf\" class=\"wp-block-file__button\" download>T\u00e9l\u00e9charger<\/a><\/div>\n\n\n\n<div class=\"wp-block-file\"><a href=\"https:\/\/pedagogie.ac-lille.fr\/numerique-et-sciences-informatiques\/wp-content\/uploads\/sites\/45\/2021\/10\/RA19_Lycee_G_SNT_2nd_Milgram_graphe_1161105.pdf\">Notion de \u00ab\u00a0petit monde\u00a0\u00bb<\/a><a href=\"https:\/\/pedagogie.ac-lille.fr\/numerique-et-sciences-informatiques\/wp-content\/uploads\/sites\/45\/2021\/10\/RA19_Lycee_G_SNT_2nd_Milgram_graphe_1161105.pdf\" class=\"wp-block-file__button\" download>T\u00e9l\u00e9charger<\/a><\/div>\n\n\n\n<h2 class=\"wp-block-heading\">Les donn\u00e9es structur\u00e9es et leur traitement<\/h2>\n\n\n\n<p><a href=\"http:\/\/fe.fil.univ-lille1.fr\/sntdata\/\">Les donn\u00e9es structur\u00e9es et leur traitement &#8211; Supports de Formation SNT de l&rsquo;acad\u00e9mie de Lille<\/a> <\/p>\n\n\n\n<div class=\"wp-block-file\"><a href=\"https:\/\/pedagogie.ac-lille.fr\/numerique-et-sciences-informatiques\/wp-content\/uploads\/sites\/45\/2021\/10\/RA19_Lycee_G_SNT_2nd_vocabulaire_donnees_1151938.pdf\">Vocabulaire<\/a><a href=\"https:\/\/pedagogie.ac-lille.fr\/numerique-et-sciences-informatiques\/wp-content\/uploads\/sites\/45\/2021\/10\/RA19_Lycee_G_SNT_2nd_vocabulaire_donnees_1151938.pdf\" class=\"wp-block-file__button\" download>T\u00e9l\u00e9charger<\/a><\/div>\n\n\n\n<div class=\"wp-block-file\"><a href=\"https:\/\/pedagogie.ac-lille.fr\/numerique-et-sciences-informatiques\/wp-content\/uploads\/sites\/45\/2021\/10\/RA19_Lycee_G_SNT_2nd_donnees_tableur_eleves_1160707.pdf\">Les \u00e9l\u00e8ves de l&rsquo;\u00e9tablissement<\/a><a href=\"https:\/\/pedagogie.ac-lille.fr\/numerique-et-sciences-informatiques\/wp-content\/uploads\/sites\/45\/2021\/10\/RA19_Lycee_G_SNT_2nd_donnees_tableur_eleves_1160707.pdf\" class=\"wp-block-file__button\" download>T\u00e9l\u00e9charger<\/a><\/div>\n\n\n\n<div class=\"wp-block-file\"><a href=\"https:\/\/pedagogie.ac-lille.fr\/numerique-et-sciences-informatiques\/wp-content\/uploads\/sites\/45\/2021\/10\/RA19_Lycee_G_SNT_2nd_salles_cinema_1151934.pdf\">Donn\u00e9es des salles de cin\u00e9ma en \u00cele-de-France<\/a><a href=\"https:\/\/pedagogie.ac-lille.fr\/numerique-et-sciences-informatiques\/wp-content\/uploads\/sites\/45\/2021\/10\/RA19_Lycee_G_SNT_2nd_salles_cinema_1151934.pdf\" class=\"wp-block-file__button\" download>T\u00e9l\u00e9charger<\/a><\/div>\n\n\n\n<div class=\"wp-block-file\"><a href=\"https:\/\/pedagogie.ac-lille.fr\/numerique-et-sciences-informatiques\/wp-content\/uploads\/sites\/45\/2021\/10\/RA19_Lycee_G_SNT_2nd_donnees_structurees_vcard2_1160705.pdf\">Les fichiers Vcard<\/a><a href=\"https:\/\/pedagogie.ac-lille.fr\/numerique-et-sciences-informatiques\/wp-content\/uploads\/sites\/45\/2021\/10\/RA19_Lycee_G_SNT_2nd_donnees_structurees_vcard2_1160705.pdf\" class=\"wp-block-file__button\" download>T\u00e9l\u00e9charger<\/a><\/div>\n\n\n\n<h2 class=\"wp-block-heading\">Localisation, cartographie et mobilit\u00e9<\/h2>\n\n\n\n<p><a href=\"http:\/\/fe.fil.univ-lille1.fr\/sntcarto\/\">Localisation, cartographie et mobilit\u00e9 &#8211; Supports de Formation SNT de l&rsquo;acad\u00e9mie de Lille<\/a> <\/p>\n\n\n\n<div class=\"wp-block-file\"><a href=\"https:\/\/pedagogie.ac-lille.fr\/numerique-et-sciences-informatiques\/wp-content\/uploads\/sites\/45\/2021\/10\/RA19_Lycee_G_SNT_2nd_intro_geoloc_1160794.pdf\">Introduction \u00e0 la g\u00e9olocalisation<\/a><a href=\"https:\/\/pedagogie.ac-lille.fr\/numerique-et-sciences-informatiques\/wp-content\/uploads\/sites\/45\/2021\/10\/RA19_Lycee_G_SNT_2nd_intro_geoloc_1160794.pdf\" class=\"wp-block-file__button\" download>T\u00e9l\u00e9charger<\/a><\/div>\n\n\n\n<div class=\"wp-block-file\"><a href=\"https:\/\/pedagogie.ac-lille.fr\/numerique-et-sciences-informatiques\/wp-content\/uploads\/sites\/45\/2021\/10\/RA19_Lycee_G_SNT_2nd_reperes_histo_geoloc_1160798.pdf\">Rep\u00e8res historiques li\u00e9s \u00e0 la g\u00e9olocalisation<\/a><a href=\"https:\/\/pedagogie.ac-lille.fr\/numerique-et-sciences-informatiques\/wp-content\/uploads\/sites\/45\/2021\/10\/RA19_Lycee_G_SNT_2nd_reperes_histo_geoloc_1160798.pdf\" class=\"wp-block-file__button\" download>T\u00e9l\u00e9charger<\/a><\/div>\n\n\n\n<div class=\"wp-block-file\"><a href=\"https:\/\/pedagogie.ac-lille.fr\/numerique-et-sciences-informatiques\/wp-content\/uploads\/sites\/45\/2021\/10\/RA19_Lycee_G_SNT_2nd_fonctionnement_geoloc_1160792.pdf\">Principe de fonctionnement de la g\u00e9olocalisation<\/a><a href=\"https:\/\/pedagogie.ac-lille.fr\/numerique-et-sciences-informatiques\/wp-content\/uploads\/sites\/45\/2021\/10\/RA19_Lycee_G_SNT_2nd_fonctionnement_geoloc_1160792.pdf\" class=\"wp-block-file__button\" download>T\u00e9l\u00e9charger<\/a><\/div>\n\n\n\n<div class=\"wp-block-file\"><a href=\"https:\/\/pedagogie.ac-lille.fr\/numerique-et-sciences-informatiques\/wp-content\/uploads\/sites\/45\/2021\/10\/RA19_Lycee_G_SNT_2nd_zoom_1160800.pdf\">Le zoom<\/a><a href=\"https:\/\/pedagogie.ac-lille.fr\/numerique-et-sciences-informatiques\/wp-content\/uploads\/sites\/45\/2021\/10\/RA19_Lycee_G_SNT_2nd_zoom_1160800.pdf\" class=\"wp-block-file__button\" download>T\u00e9l\u00e9charger<\/a><\/div>\n\n\n\n<div class=\"wp-block-file\"><a href=\"https:\/\/pedagogie.ac-lille.fr\/numerique-et-sciences-informatiques\/wp-content\/uploads\/sites\/45\/2021\/10\/RA19_Lycee_G_SNT_2nd_routage_calculs_itineraires_1150596.pdf\">Routage et calculs d&rsquo;itin\u00e9raires<\/a><a href=\"https:\/\/pedagogie.ac-lille.fr\/numerique-et-sciences-informatiques\/wp-content\/uploads\/sites\/45\/2021\/10\/RA19_Lycee_G_SNT_2nd_routage_calculs_itineraires_1150596.pdf\" class=\"wp-block-file__button\" download>T\u00e9l\u00e9charger<\/a><\/div>\n\n\n\n<h2 class=\"wp-block-heading\">Informatique embarqu\u00e9e et objets connect\u00e9s<\/h2>\n\n\n\n<div class=\"wp-block-file\"><a href=\"https:\/\/pedagogie.ac-lille.fr\/numerique-et-sciences-informatiques\/wp-content\/uploads\/sites\/45\/2021\/10\/RA19_Lycee_G_SNT_2nd_objetsconnectes_activite1_1201662.pdf\">Frise chronologique<\/a><a href=\"https:\/\/pedagogie.ac-lille.fr\/numerique-et-sciences-informatiques\/wp-content\/uploads\/sites\/45\/2021\/10\/RA19_Lycee_G_SNT_2nd_objetsconnectes_activite1_1201662.pdf\" class=\"wp-block-file__button\" download>T\u00e9l\u00e9charger<\/a><\/div>\n\n\n\n<div class=\"wp-block-file\"><a href=\"https:\/\/pedagogie.ac-lille.fr\/numerique-et-sciences-informatiques\/wp-content\/uploads\/sites\/45\/2021\/10\/RA19_Lycee_G_SNT_2nd_objetsconnectes_activite2_1201663.pdf\">Impact et importance de l&rsquo;informatisation des objets<\/a><a href=\"https:\/\/pedagogie.ac-lille.fr\/numerique-et-sciences-informatiques\/wp-content\/uploads\/sites\/45\/2021\/10\/RA19_Lycee_G_SNT_2nd_objetsconnectes_activite2_1201663.pdf\" class=\"wp-block-file__button\" download>T\u00e9l\u00e9charger<\/a><\/div>\n\n\n\n<div class=\"wp-block-file\"><a href=\"https:\/\/pedagogie.ac-lille.fr\/numerique-et-sciences-informatiques\/wp-content\/uploads\/sites\/45\/2021\/10\/RA19_Lycee_G_SNT_2nd_objetsconnectes_activite3_1201664.pdf\">R\u00e9alisation d&rsquo;une IHM simple d&rsquo;un objet connect\u00e9<\/a><a href=\"https:\/\/pedagogie.ac-lille.fr\/numerique-et-sciences-informatiques\/wp-content\/uploads\/sites\/45\/2021\/10\/RA19_Lycee_G_SNT_2nd_objetsconnectes_activite3_1201664.pdf\" class=\"wp-block-file__button\" download>T\u00e9l\u00e9charger<\/a><\/div>\n\n\n\n<div class=\"wp-block-file\"><a href=\"https:\/\/pedagogie.ac-lille.fr\/numerique-et-sciences-informatiques\/wp-content\/uploads\/sites\/45\/2021\/10\/RA19_Lycee_G_SNT_2nd_objetsconnectes_activite4_1201665.pdf\">Le robot thymio<\/a><a href=\"https:\/\/pedagogie.ac-lille.fr\/numerique-et-sciences-informatiques\/wp-content\/uploads\/sites\/45\/2021\/10\/RA19_Lycee_G_SNT_2nd_objetsconnectes_activite4_1201665.pdf\" class=\"wp-block-file__button\" download>T\u00e9l\u00e9charger<\/a><\/div>\n\n\n\n<h2 class=\"wp-block-heading\">La photographie num\u00e9rique<\/h2>\n\n\n\n<p><a href=\"http:\/\/fe.fil.univ-lille1.fr\/sntphoto\/\">La photographie num\u00e9rique &#8211; Supports de Formation SNT de l&rsquo;acad\u00e9mie de Lille <\/a><\/p>\n\n\n\n<div class=\"wp-block-file\"><a href=\"https:\/\/pedagogie.ac-lille.fr\/numerique-et-sciences-informatiques\/wp-content\/uploads\/sites\/45\/2021\/10\/RA19_Lycee_G_SNT_2nd_Photo_apprendre_manipuler_image_1161111.pdf\">Apprendre \u00e0 manipuler une image<\/a><a href=\"https:\/\/pedagogie.ac-lille.fr\/numerique-et-sciences-informatiques\/wp-content\/uploads\/sites\/45\/2021\/10\/RA19_Lycee_G_SNT_2nd_Photo_apprendre_manipuler_image_1161111.pdf\" class=\"wp-block-file__button\" download>T\u00e9l\u00e9charger<\/a><\/div>\n\n\n\n<div class=\"wp-block-file\"><a href=\"https:\/\/pedagogie.ac-lille.fr\/numerique-et-sciences-informatiques\/wp-content\/uploads\/sites\/45\/2021\/10\/RA19_Lycee_G_SNT_2nd_Photo_traitement_images_1161115.pdf\">Traitement d&rsquo;images<\/a><a href=\"https:\/\/pedagogie.ac-lille.fr\/numerique-et-sciences-informatiques\/wp-content\/uploads\/sites\/45\/2021\/10\/RA19_Lycee_G_SNT_2nd_Photo_traitement_images_1161115.pdf\" class=\"wp-block-file__button\" download>T\u00e9l\u00e9charger<\/a><\/div>\n\n\n\n<div class=\"wp-block-file\"><a href=\"https:\/\/pedagogie.ac-lille.fr\/numerique-et-sciences-informatiques\/wp-content\/uploads\/sites\/45\/2021\/10\/RA19_Lycee_G_SNT_2nd_Photo_python_1161113.pdf\">La photographie num\u00e9rique Python<\/a><a href=\"https:\/\/pedagogie.ac-lille.fr\/numerique-et-sciences-informatiques\/wp-content\/uploads\/sites\/45\/2021\/10\/RA19_Lycee_G_SNT_2nd_Photo_python_1161113.pdf\" class=\"wp-block-file__button\" download>T\u00e9l\u00e9charger<\/a><\/div>\n\n\n\n<div class=\"wp-block-file\"><a href=\"https:\/\/pedagogie.ac-lille.fr\/numerique-et-sciences-informatiques\/wp-content\/uploads\/sites\/45\/2021\/10\/RA19_Lycee_G_SNT_2nd_Photo_activite1_1161107.pdf\">De l&rsquo;acquisition \u00e0 l&rsquo;image<\/a><a href=\"https:\/\/pedagogie.ac-lille.fr\/numerique-et-sciences-informatiques\/wp-content\/uploads\/sites\/45\/2021\/10\/RA19_Lycee_G_SNT_2nd_Photo_activite1_1161107.pdf\" class=\"wp-block-file__button\" download>T\u00e9l\u00e9charger<\/a><\/div>\n\n\n\n<div class=\"wp-block-file\"><a href=\"https:\/\/pedagogie.ac-lille.fr\/numerique-et-sciences-informatiques\/wp-content\/uploads\/sites\/45\/2021\/10\/RA19_Lycee_G_SNT_2nd_Photo_activite2_1161109.pdf\">L&rsquo;image num\u00e9rique<\/a><a href=\"https:\/\/pedagogie.ac-lille.fr\/numerique-et-sciences-informatiques\/wp-content\/uploads\/sites\/45\/2021\/10\/RA19_Lycee_G_SNT_2nd_Photo_activite2_1161109.pdf\" class=\"wp-block-file__button\" download>T\u00e9l\u00e9charger<\/a><\/div>\n","protected":false},"excerpt":{"rendered":"<p>Ressources pour l&rsquo;enseignement de la SNT en classe de Seconde g\u00e9n\u00e9rale et Technologique. De nombreuses autres ressources sont disponibles sur les&nbsp;sites des enseignants&nbsp;qui partagent leurs cours. Sans oublier l&rsquo;excellent exerciseur : Parcours Algorea et la formation tr\u00e8s compl\u00e8te : MOOC &#8211; S&rsquo;initier \u00e0 l&rsquo;enseignement en SNT Bulletin Officiel Internet Internet &#8211; Supports de Formation SNT [&hellip;]<\/p>\n","protected":false},"author":73,"featured_media":0,"parent":0,"menu_order":0,"comment_status":"closed","ping_status":"closed","template":"","meta":{"ngg_post_thumbnail":0,"footnotes":""},"class_list":["post-328","page","type-page","status-publish","czr-hentry"],"publishpress_future_action":{"enabled":false,"date":"2026-05-01 21:46:29","action":"change-status","newStatus":"draft","terms":[],"taxonomy":"","extraData":[]},"publishpress_future_workflow_manual_trigger":{"enabledWorkflows":[]},"_links":{"self":[{"href":"https:\/\/pedagogie.ac-lille.fr\/numerique-et-sciences-informatiques\/wp-json\/wp\/v2\/pages\/328","targetHints":{"allow":["GET"]}}],"collection":[{"href":"https:\/\/pedagogie.ac-lille.fr\/numerique-et-sciences-informatiques\/wp-json\/wp\/v2\/pages"}],"about":[{"href":"https:\/\/pedagogie.ac-lille.fr\/numerique-et-sciences-informatiques\/wp-json\/wp\/v2\/types\/page"}],"author":[{"embeddable":true,"href":"https:\/\/pedagogie.ac-lille.fr\/numerique-et-sciences-informatiques\/wp-json\/wp\/v2\/users\/73"}],"replies":[{"embeddable":true,"href":"https:\/\/pedagogie.ac-lille.fr\/numerique-et-sciences-informatiques\/wp-json\/wp\/v2\/comments?post=328"}],"version-history":[{"count":7,"href":"https:\/\/pedagogie.ac-lille.fr\/numerique-et-sciences-informatiques\/wp-json\/wp\/v2\/pages\/328\/revisions"}],"predecessor-version":[{"id":577,"href":"https:\/\/pedagogie.ac-lille.fr\/numerique-et-sciences-informatiques\/wp-json\/wp\/v2\/pages\/328\/revisions\/577"}],"wp:attachment":[{"href":"https:\/\/pedagogie.ac-lille.fr\/numerique-et-sciences-informatiques\/wp-json\/wp\/v2\/media?parent=328"}],"curies":[{"name":"wp","href":"https:\/\/api.w.org\/{rel}","templated":true}]}}