{"id":340,"date":"2021-09-20T07:49:40","date_gmt":"2021-09-20T05:49:40","guid":{"rendered":"https:\/\/pedagogie.ac-lille.fr\/numerique-et-sciences-informatiques\/?page_id=340"},"modified":"2024-10-10T14:44:54","modified_gmt":"2024-10-10T12:44:54","slug":"inspection","status":"publish","type":"page","link":"https:\/\/pedagogie.ac-lille.fr\/numerique-et-sciences-informatiques\/inspection\/","title":{"rendered":"Inspection"},"content":{"rendered":"\n<h2 class=\"wp-block-heading\">Lettre de rentr\u00e9e<\/h2>\n\n\n\n<div data-wp-interactive=\"core\/file\" class=\"wp-block-file\"><object data-wp-bind--hidden=\"!state.hasPdfPreview\" hidden class=\"wp-block-file__embed\" data=\"https:\/\/pedagogie.ac-lille.fr\/numerique-et-sciences-informatiques\/wp-content\/uploads\/sites\/45\/2024\/10\/lettre-de-rentree-2024_SNT-NSI.pdf\" type=\"application\/pdf\" style=\"width:100%;height:1200px\" aria-label=\"Contenu embarqu\u00e9 lettre de rentr\u00e9e 2024_SNT-NSI.\"><\/object><a id=\"wp-block-file--media-618f75c2-1bb7-4862-a7fa-f4021c8d1aa7\" href=\"https:\/\/pedagogie.ac-lille.fr\/numerique-et-sciences-informatiques\/wp-content\/uploads\/sites\/45\/2024\/10\/lettre-de-rentree-2024_SNT-NSI.pdf\">lettre de rentr\u00e9e 2024_SNT-NSI<\/a><a href=\"https:\/\/pedagogie.ac-lille.fr\/numerique-et-sciences-informatiques\/wp-content\/uploads\/sites\/45\/2024\/10\/lettre-de-rentree-2024_SNT-NSI.pdf\" class=\"wp-block-file__button wp-element-button\" download aria-describedby=\"wp-block-file--media-618f75c2-1bb7-4862-a7fa-f4021c8d1aa7\">T\u00e9l\u00e9charger<\/a><\/div>\n\n\n\n<h2 class=\"wp-block-heading\">Les r\u00e9f\u00e9rents<\/h2>\n\n\n\n<figure class=\"wp-block-table is-style-stripes\"><table><tbody><tr><td>Regis LECLERCQ<\/td><td><a href=\"mailto:regis-jules.leclercq@ac-lille.fr\" data-type=\"mailto\" data-id=\"mailto:regis-jules.leclercq@ac-lille.fr\">regis-jules.leclercq@ac-lille.fr<\/a><\/td><td>IA-IPR<\/td><\/tr><tr><td>Laurent MOUTET<\/td><td><a href=\"mailto:genevieve.ponsonnet@ac-lille.fr\" data-type=\"mailto\" data-id=\"mailto:herve.ancelet@ac-lille.fr\">Laurent.moutet@ac-lille.fr<\/a><\/td><td>IA-IPR<\/td><\/tr><tr><td>Christophe DELATTRE<\/td><td><a href=\"mailto:christophe.delattre@ac-lille.fr\" data-type=\"mailto\" data-id=\"mailto:christophe.delattre@ac-lille.fr\">christophe.delattre@ac-lille.fr<\/a><\/td><td>IA-IPR<\/td><\/tr><tr><td>Jean-Marie CHESNEAUX<\/td><td><a href=\"mailto:jean-marie.chesneaux@igesr.gouv.fr\" data-type=\"mailto\" data-id=\"mailto:jean-marie.chesneaux@igesr.gouv.fr\">jean-marie.chesneaux@igesr.gouv.fr<\/a><\/td><td>IGESR<\/td><\/tr><\/tbody><\/table><\/figure>\n\n\n\n<p><\/p>\n","protected":false},"excerpt":{"rendered":"<p>Lettre de rentr\u00e9e Les r\u00e9f\u00e9rents Regis LECLERCQ regis-jules.leclercq@ac-lille.fr IA-IPR Laurent MOUTET Laurent.moutet@ac-lille.fr IA-IPR Christophe DELATTRE christophe.delattre@ac-lille.fr IA-IPR Jean-Marie CHESNEAUX jean-marie.chesneaux@igesr.gouv.fr IGESR<\/p>\n","protected":false},"author":73,"featured_media":0,"parent":0,"menu_order":0,"comment_status":"closed","ping_status":"closed","template":"","meta":{"ngg_post_thumbnail":0,"footnotes":""},"class_list":["post-340","page","type-page","status-publish","czr-hentry"],"publishpress_future_action":{"enabled":false,"date":"2026-05-01 21:46:31","action":"change-status","newStatus":"draft","terms":[],"taxonomy":"","extraData":[]},"publishpress_future_workflow_manual_trigger":{"enabledWorkflows":[]},"_links":{"self":[{"href":"https:\/\/pedagogie.ac-lille.fr\/numerique-et-sciences-informatiques\/wp-json\/wp\/v2\/pages\/340","targetHints":{"allow":["GET"]}}],"collection":[{"href":"https:\/\/pedagogie.ac-lille.fr\/numerique-et-sciences-informatiques\/wp-json\/wp\/v2\/pages"}],"about":[{"href":"https:\/\/pedagogie.ac-lille.fr\/numerique-et-sciences-informatiques\/wp-json\/wp\/v2\/types\/page"}],"author":[{"embeddable":true,"href":"https:\/\/pedagogie.ac-lille.fr\/numerique-et-sciences-informatiques\/wp-json\/wp\/v2\/users\/73"}],"replies":[{"embeddable":true,"href":"https:\/\/pedagogie.ac-lille.fr\/numerique-et-sciences-informatiques\/wp-json\/wp\/v2\/comments?post=340"}],"version-history":[{"count":11,"href":"https:\/\/pedagogie.ac-lille.fr\/numerique-et-sciences-informatiques\/wp-json\/wp\/v2\/pages\/340\/revisions"}],"predecessor-version":[{"id":1055,"href":"https:\/\/pedagogie.ac-lille.fr\/numerique-et-sciences-informatiques\/wp-json\/wp\/v2\/pages\/340\/revisions\/1055"}],"wp:attachment":[{"href":"https:\/\/pedagogie.ac-lille.fr\/numerique-et-sciences-informatiques\/wp-json\/wp\/v2\/media?parent=340"}],"curies":[{"name":"wp","href":"https:\/\/api.w.org\/{rel}","templated":true}]}}