{"id":5422,"date":"2024-07-27T15:25:55","date_gmt":"2024-07-27T13:25:55","guid":{"rendered":"https:\/\/pedagogie.ac-lille.fr\/philosophie\/?page_id=5422"},"modified":"2025-06-11T11:05:55","modified_gmt":"2025-06-11T09:05:55","slug":"%cf%86-math","status":"publish","type":"page","link":"https:\/\/pedagogie.ac-lille.fr\/philosophie\/%cf%86-math\/","title":{"rendered":"\u03c6 &amp; maths (option)"},"content":{"rendered":"\n<p>Un enseignement optionnel \u00ab&nbsp;Math\u00e9matiques et philosophie&nbsp;\u00bb est exp\u00e9riment\u00e9 en classe de 3<sup>e<\/sup> dans l\u2019acad\u00e9mie de Lille. &nbsp;Il mobilise un ou plusieurs professeurs de math\u00e9matiques des coll\u00e8ges volontaires, porteurs r\u00e9guliers associ\u00e9s \u00e0 un professeur de philosophie dont les interventions sont plus ponctuelles<strong>.<\/strong> Le but de cette option est de renforcer les comp\u00e9tences logiques et de raisonnement des coll\u00e9giens,&nbsp;de d\u00e9velopper l&rsquo;esprit critique, la culture scientifique et g\u00e9n\u00e9rale. Elle prend appui sur des activit\u00e9s math\u00e9matiques en lien avec le programme du cycle 4, en visant, au-del\u00e0 des savoirs et techniques strictement math\u00e9matiques, \u00e0 \u00e9veiller et nourrir des questionnements \u00e0 enjeux philosophiques. Elle contribue \u00e0 soutenir les projets d&rsquo;orientation des filles vers les \u00e9tudes scientifiques, \u00e0 accompagner la liaison coll\u00e8ge-lyc\u00e9e.<\/p>\n\n\n\n<p>Les professeurs int\u00e9ress\u00e9s par une participation \u00e0 cette option sont invit\u00e9s \u00e0 se rapprocher de l\u2019inspection p\u00e9dagogique r\u00e9gionale de philosophie pour davantage de pr\u00e9cisions.<\/p>\n\n\n\n<figure class=\"wp-block-gallery has-nested-images columns-6 is-cropped wp-block-gallery-1 is-layout-flex wp-block-gallery-is-layout-flex\">\n<figure class=\"wp-block-image size-full\"><a href=\"https:\/\/tube-arts-lettres-sciences-humaines.apps.education.fr\/w\/1aqpJ3jCVJ4Ufcnhp5q6MR\"><img loading=\"lazy\" decoding=\"async\" width=\"492\" height=\"609\" data-id=\"5427\" src=\"https:\/\/pedagogie.ac-lille.fr\/philosophie\/wp-content\/uploads\/sites\/58\/2024\/07\/demonstration.png\" alt=\"\" class=\"wp-image-5427\" srcset=\"https:\/\/pedagogie.ac-lille.fr\/philosophie\/wp-content\/uploads\/sites\/58\/2024\/07\/demonstration.png 492w, https:\/\/pedagogie.ac-lille.fr\/philosophie\/wp-content\/uploads\/sites\/58\/2024\/07\/demonstration-242x300.png 242w\" sizes=\"auto, (max-width: 492px) 100vw, 492px\" \/><\/a><figcaption class=\"wp-element-caption\">capsule<br>\u00ab\u00a0d\u00e9monstration\u00a0\u00bb<\/figcaption><\/figure>\n\n\n\n<figure class=\"wp-block-image size-full\"><a href=\"https:\/\/tube-arts-lettres-sciences-humaines.apps.education.fr\/w\/kvSnQV7R77joaiwcpq6EKR\"><img loading=\"lazy\" decoding=\"async\" width=\"491\" height=\"672\" data-id=\"5431\" src=\"https:\/\/pedagogie.ac-lille.fr\/philosophie\/wp-content\/uploads\/sites\/58\/2024\/07\/demonstration-2.png\" alt=\"\" class=\"wp-image-5431\" srcset=\"https:\/\/pedagogie.ac-lille.fr\/philosophie\/wp-content\/uploads\/sites\/58\/2024\/07\/demonstration-2.png 491w, https:\/\/pedagogie.ac-lille.fr\/philosophie\/wp-content\/uploads\/sites\/58\/2024\/07\/demonstration-2-219x300.png 219w\" sizes=\"auto, (max-width: 491px) 100vw, 491px\" \/><\/a><figcaption class=\"wp-element-caption\">capsule<br>\u00ab\u00a0infini\u00a0\u00bb<\/figcaption><\/figure>\n\n\n\n<figure class=\"wp-block-image size-large\"><img loading=\"lazy\" decoding=\"async\" width=\"731\" height=\"1024\" data-id=\"3799\" src=\"https:\/\/pedagogie.ac-lille.fr\/philosophie\/wp-content\/uploads\/sites\/58\/2023\/12\/page-blanche-2-2-731x1024.png\" alt=\"\" class=\"wp-image-3799\" srcset=\"https:\/\/pedagogie.ac-lille.fr\/philosophie\/wp-content\/uploads\/sites\/58\/2023\/12\/page-blanche-2-2-731x1024.png 731w, https:\/\/pedagogie.ac-lille.fr\/philosophie\/wp-content\/uploads\/sites\/58\/2023\/12\/page-blanche-2-2-214x300.png 214w, https:\/\/pedagogie.ac-lille.fr\/philosophie\/wp-content\/uploads\/sites\/58\/2023\/12\/page-blanche-2-2-768x1076.png 768w, https:\/\/pedagogie.ac-lille.fr\/philosophie\/wp-content\/uploads\/sites\/58\/2023\/12\/page-blanche-2-2.png 910w\" sizes=\"auto, (max-width: 731px) 100vw, 731px\" \/><\/figure>\n\n\n\n<figure class=\"wp-block-image size-large\"><img loading=\"lazy\" decoding=\"async\" width=\"731\" height=\"1024\" data-id=\"3800\" src=\"https:\/\/pedagogie.ac-lille.fr\/philosophie\/wp-content\/uploads\/sites\/58\/2023\/12\/page-blanche-3-1-731x1024.png\" alt=\"\" class=\"wp-image-3800\" srcset=\"https:\/\/pedagogie.ac-lille.fr\/philosophie\/wp-content\/uploads\/sites\/58\/2023\/12\/page-blanche-3-1-731x1024.png 731w, https:\/\/pedagogie.ac-lille.fr\/philosophie\/wp-content\/uploads\/sites\/58\/2023\/12\/page-blanche-3-1-214x300.png 214w, https:\/\/pedagogie.ac-lille.fr\/philosophie\/wp-content\/uploads\/sites\/58\/2023\/12\/page-blanche-3-1-768x1076.png 768w, https:\/\/pedagogie.ac-lille.fr\/philosophie\/wp-content\/uploads\/sites\/58\/2023\/12\/page-blanche-3-1.png 910w\" sizes=\"auto, (max-width: 731px) 100vw, 731px\" \/><\/figure>\n\n\n\n<figure class=\"wp-block-image size-large\"><img loading=\"lazy\" decoding=\"async\" width=\"724\" height=\"1024\" data-id=\"3784\" src=\"https:\/\/pedagogie.ac-lille.fr\/philosophie\/wp-content\/uploads\/sites\/58\/2023\/12\/page-blanche-1-1-724x1024.png\" alt=\"\" class=\"wp-image-3784\" srcset=\"https:\/\/pedagogie.ac-lille.fr\/philosophie\/wp-content\/uploads\/sites\/58\/2023\/12\/page-blanche-1-1-724x1024.png 724w, https:\/\/pedagogie.ac-lille.fr\/philosophie\/wp-content\/uploads\/sites\/58\/2023\/12\/page-blanche-1-1-212x300.png 212w, https:\/\/pedagogie.ac-lille.fr\/philosophie\/wp-content\/uploads\/sites\/58\/2023\/12\/page-blanche-1-1-768x1086.png 768w, https:\/\/pedagogie.ac-lille.fr\/philosophie\/wp-content\/uploads\/sites\/58\/2023\/12\/page-blanche-1-1.png 1086w\" sizes=\"auto, (max-width: 724px) 100vw, 724px\" \/><\/figure>\n\n\n\n<figure class=\"wp-block-image size-large\"><img loading=\"lazy\" decoding=\"async\" width=\"724\" height=\"1024\" data-id=\"3784\" src=\"https:\/\/pedagogie.ac-lille.fr\/philosophie\/wp-content\/uploads\/sites\/58\/2023\/12\/page-blanche-1-1-724x1024.png\" alt=\"\" class=\"wp-image-3784\" srcset=\"https:\/\/pedagogie.ac-lille.fr\/philosophie\/wp-content\/uploads\/sites\/58\/2023\/12\/page-blanche-1-1-724x1024.png 724w, https:\/\/pedagogie.ac-lille.fr\/philosophie\/wp-content\/uploads\/sites\/58\/2023\/12\/page-blanche-1-1-212x300.png 212w, https:\/\/pedagogie.ac-lille.fr\/philosophie\/wp-content\/uploads\/sites\/58\/2023\/12\/page-blanche-1-1-768x1086.png 768w, https:\/\/pedagogie.ac-lille.fr\/philosophie\/wp-content\/uploads\/sites\/58\/2023\/12\/page-blanche-1-1.png 1086w\" sizes=\"auto, (max-width: 724px) 100vw, 724px\" \/><\/figure>\n\n\n\n<figure class=\"wp-block-image size-large\"><img loading=\"lazy\" decoding=\"async\" width=\"724\" height=\"1024\" data-id=\"3768\" src=\"https:\/\/pedagogie.ac-lille.fr\/philosophie\/wp-content\/uploads\/sites\/58\/2023\/12\/page-blanche-1-724x1024.png\" alt=\"\" class=\"wp-image-3768\" srcset=\"https:\/\/pedagogie.ac-lille.fr\/philosophie\/wp-content\/uploads\/sites\/58\/2023\/12\/page-blanche-1-724x1024.png 724w, https:\/\/pedagogie.ac-lille.fr\/philosophie\/wp-content\/uploads\/sites\/58\/2023\/12\/page-blanche-1-212x300.png 212w, https:\/\/pedagogie.ac-lille.fr\/philosophie\/wp-content\/uploads\/sites\/58\/2023\/12\/page-blanche-1-768x1086.png 768w, https:\/\/pedagogie.ac-lille.fr\/philosophie\/wp-content\/uploads\/sites\/58\/2023\/12\/page-blanche-1-1086x1536.png 1086w, https:\/\/pedagogie.ac-lille.fr\/philosophie\/wp-content\/uploads\/sites\/58\/2023\/12\/page-blanche-1-1448x2048.png 1448w, https:\/\/pedagogie.ac-lille.fr\/philosophie\/wp-content\/uploads\/sites\/58\/2023\/12\/page-blanche-1.png 1654w\" sizes=\"auto, (max-width: 724px) 100vw, 724px\" \/><\/figure>\n\n\n\n<figure class=\"wp-block-image size-large\"><img loading=\"lazy\" decoding=\"async\" width=\"724\" height=\"1024\" data-id=\"3767\" src=\"https:\/\/pedagogie.ac-lille.fr\/philosophie\/wp-content\/uploads\/sites\/58\/2023\/12\/page-blanche-3-724x1024.png\" alt=\"\" class=\"wp-image-3767\" srcset=\"https:\/\/pedagogie.ac-lille.fr\/philosophie\/wp-content\/uploads\/sites\/58\/2023\/12\/page-blanche-3-724x1024.png 724w, https:\/\/pedagogie.ac-lille.fr\/philosophie\/wp-content\/uploads\/sites\/58\/2023\/12\/page-blanche-3-212x300.png 212w, https:\/\/pedagogie.ac-lille.fr\/philosophie\/wp-content\/uploads\/sites\/58\/2023\/12\/page-blanche-3-768x1086.png 768w, https:\/\/pedagogie.ac-lille.fr\/philosophie\/wp-content\/uploads\/sites\/58\/2023\/12\/page-blanche-3-1086x1536.png 1086w, https:\/\/pedagogie.ac-lille.fr\/philosophie\/wp-content\/uploads\/sites\/58\/2023\/12\/page-blanche-3-1448x2048.png 1448w, https:\/\/pedagogie.ac-lille.fr\/philosophie\/wp-content\/uploads\/sites\/58\/2023\/12\/page-blanche-3.png 1654w\" sizes=\"auto, (max-width: 724px) 100vw, 724px\" \/><\/figure>\n\n\n\n<figure class=\"wp-block-image size-large\"><img loading=\"lazy\" decoding=\"async\" width=\"724\" height=\"1024\" data-id=\"3744\" src=\"https:\/\/pedagogie.ac-lille.fr\/philosophie\/wp-content\/uploads\/sites\/58\/2023\/12\/Sujets-Bac-4-724x1024.png\" alt=\"\" class=\"wp-image-3744\" srcset=\"https:\/\/pedagogie.ac-lille.fr\/philosophie\/wp-content\/uploads\/sites\/58\/2023\/12\/Sujets-Bac-4-724x1024.png 724w, https:\/\/pedagogie.ac-lille.fr\/philosophie\/wp-content\/uploads\/sites\/58\/2023\/12\/Sujets-Bac-4-212x300.png 212w, https:\/\/pedagogie.ac-lille.fr\/philosophie\/wp-content\/uploads\/sites\/58\/2023\/12\/Sujets-Bac-4-768x1087.png 768w, https:\/\/pedagogie.ac-lille.fr\/philosophie\/wp-content\/uploads\/sites\/58\/2023\/12\/Sujets-Bac-4-1085x1536.png 1085w, https:\/\/pedagogie.ac-lille.fr\/philosophie\/wp-content\/uploads\/sites\/58\/2023\/12\/Sujets-Bac-4-1447x2048.png 1447w, https:\/\/pedagogie.ac-lille.fr\/philosophie\/wp-content\/uploads\/sites\/58\/2023\/12\/Sujets-Bac-4.png 1818w\" sizes=\"auto, (max-width: 724px) 100vw, 724px\" \/><\/figure>\n\n\n\n<figure class=\"wp-block-image size-large\"><img loading=\"lazy\" decoding=\"async\" width=\"724\" height=\"1024\" data-id=\"3743\" src=\"https:\/\/pedagogie.ac-lille.fr\/philosophie\/wp-content\/uploads\/sites\/58\/2023\/12\/Sujets-Bac-5-724x1024.png\" alt=\"\" class=\"wp-image-3743\" srcset=\"https:\/\/pedagogie.ac-lille.fr\/philosophie\/wp-content\/uploads\/sites\/58\/2023\/12\/Sujets-Bac-5-724x1024.png 724w, https:\/\/pedagogie.ac-lille.fr\/philosophie\/wp-content\/uploads\/sites\/58\/2023\/12\/Sujets-Bac-5-212x300.png 212w, https:\/\/pedagogie.ac-lille.fr\/philosophie\/wp-content\/uploads\/sites\/58\/2023\/12\/Sujets-Bac-5-768x1087.png 768w, https:\/\/pedagogie.ac-lille.fr\/philosophie\/wp-content\/uploads\/sites\/58\/2023\/12\/Sujets-Bac-5-1085x1536.png 1085w, https:\/\/pedagogie.ac-lille.fr\/philosophie\/wp-content\/uploads\/sites\/58\/2023\/12\/Sujets-Bac-5-1447x2048.png 1447w, https:\/\/pedagogie.ac-lille.fr\/philosophie\/wp-content\/uploads\/sites\/58\/2023\/12\/Sujets-Bac-5.png 1818w\" sizes=\"auto, (max-width: 724px) 100vw, 724px\" \/><\/figure>\n\n\n\n<figure class=\"wp-block-image size-large\"><img loading=\"lazy\" decoding=\"async\" width=\"715\" height=\"1024\" data-id=\"3690\" src=\"https:\/\/pedagogie.ac-lille.fr\/philosophie\/wp-content\/uploads\/sites\/58\/2023\/12\/zhlp4-715x1024.png\" alt=\"\" class=\"wp-image-3690\" srcset=\"https:\/\/pedagogie.ac-lille.fr\/philosophie\/wp-content\/uploads\/sites\/58\/2023\/12\/zhlp4-715x1024.png 715w, https:\/\/pedagogie.ac-lille.fr\/philosophie\/wp-content\/uploads\/sites\/58\/2023\/12\/zhlp4-210x300.png 210w, https:\/\/pedagogie.ac-lille.fr\/philosophie\/wp-content\/uploads\/sites\/58\/2023\/12\/zhlp4-768x1099.png 768w, https:\/\/pedagogie.ac-lille.fr\/philosophie\/wp-content\/uploads\/sites\/58\/2023\/12\/zhlp4-1073x1536.png 1073w, https:\/\/pedagogie.ac-lille.fr\/philosophie\/wp-content\/uploads\/sites\/58\/2023\/12\/zhlp4.png 1340w\" sizes=\"auto, (max-width: 715px) 100vw, 715px\" \/><\/figure>\n<\/figure>\n","protected":false},"excerpt":{"rendered":"<p>Un enseignement optionnel \u00ab&nbsp;Math\u00e9matiques et philosophie&nbsp;\u00bb est exp\u00e9riment\u00e9 en classe de 3e dans l\u2019acad\u00e9mie de Lille. &nbsp;Il mobilise un ou plusieurs professeurs de math\u00e9matiques des coll\u00e8ges volontaires, porteurs r\u00e9guliers associ\u00e9s \u00e0 un professeur de philosophie dont les interventions sont plus ponctuelles. Le but de cette option est de renforcer les comp\u00e9tences logiques et de raisonnement [&hellip;]<\/p>\n","protected":false},"author":131,"featured_media":0,"parent":0,"menu_order":0,"comment_status":"closed","ping_status":"closed","template":"","meta":{"ngg_post_thumbnail":0,"footnotes":""},"class_list":["post-5422","page","type-page","status-publish","czr-hentry"],"publishpress_future_action":{"enabled":false,"date":"2026-04-22 06:28:26","action":"change-status","newStatus":"draft","terms":[],"taxonomy":"","extraData":[]},"publishpress_future_workflow_manual_trigger":{"enabledWorkflows":[]},"_links":{"self":[{"href":"https:\/\/pedagogie.ac-lille.fr\/philosophie\/wp-json\/wp\/v2\/pages\/5422","targetHints":{"allow":["GET"]}}],"collection":[{"href":"https:\/\/pedagogie.ac-lille.fr\/philosophie\/wp-json\/wp\/v2\/pages"}],"about":[{"href":"https:\/\/pedagogie.ac-lille.fr\/philosophie\/wp-json\/wp\/v2\/types\/page"}],"author":[{"embeddable":true,"href":"https:\/\/pedagogie.ac-lille.fr\/philosophie\/wp-json\/wp\/v2\/users\/131"}],"replies":[{"embeddable":true,"href":"https:\/\/pedagogie.ac-lille.fr\/philosophie\/wp-json\/wp\/v2\/comments?post=5422"}],"version-history":[{"count":11,"href":"https:\/\/pedagogie.ac-lille.fr\/philosophie\/wp-json\/wp\/v2\/pages\/5422\/revisions"}],"predecessor-version":[{"id":6079,"href":"https:\/\/pedagogie.ac-lille.fr\/philosophie\/wp-json\/wp\/v2\/pages\/5422\/revisions\/6079"}],"wp:attachment":[{"href":"https:\/\/pedagogie.ac-lille.fr\/philosophie\/wp-json\/wp\/v2\/media?parent=5422"}],"curies":[{"name":"wp","href":"https:\/\/api.w.org\/{rel}","templated":true}]}}