{"id":1268,"date":"2023-08-25T15:01:25","date_gmt":"2023-08-25T13:01:25","guid":{"rendered":"https:\/\/pedagogie.ac-lille.fr\/prof-doc\/?page_id=1268"},"modified":"2025-03-30T17:57:09","modified_gmt":"2025-03-30T15:57:09","slug":"traam-doc-2019-2020","status":"publish","type":"page","link":"https:\/\/pedagogie.ac-lille.fr\/prof-doc\/traam-doc-2019-2020\/","title":{"rendered":"TRaAM DOC 2019-2020"},"content":{"rendered":"\n<p>L&rsquo;acad\u00e9mie de Lille a \u00e9t\u00e9 retenue pour participer aux TRaAM en documentation avec 4 autres acad\u00e9mies (Rennes, La Guyane, Limoges et Nantes).<\/p>\n\n\n\n<p>Apr\u00e8s un appel \u00e0 projet, 6 professeurs documentalistes travaillent sur des sujets vari\u00e9s. Vous pouvez en savoir plus en cliquant sur les \u00e9l\u00e9ments interactifs de l&rsquo;infographie :&nbsp;<\/p>\n\n\n<style>\n       .errordiv { padding:10px; margin:10px; border: 1px solid #555555;color: #000000;background-color: #f8f8f8; width:500px; }#advanced_iframe {visibility:visible;opacity:1;vertical-align:top;}.ai-info-bottom-iframe { position: fixed; z-index: 10000; bottom:0; left: 0; margin: 0px; text-align: center; width: 100%; background-color: #ff9999; padding-left: 5px;padding-bottom: 5px; border-top: 1px solid #aaa } a.ai-bold {font-weight: bold;}#ai-layer-div-advanced_iframe p {height:100%;margin:0;padding:0}<\/style><script type=\"text\/javascript\">var ai_iframe_width_advanced_iframe = 0;var ai_iframe_height_advanced_iframe = 0;function aiReceiveMessageadvanced_iframe(event) {  aiProcessMessage(event,\"advanced_iframe\", \"true\",\"\",\"false\",\"false\");}if (window.addEventListener) {  window.addEventListener(\"message\", aiReceiveMessageadvanced_iframe);} else if (el.attachEvent)  {  el.attachEvent(\"message\", aiReceiveMessageadvanced_iframe);}var aiOnloadScrollTop=\"true\";var aiShowDebug=false;\n\t\tif (typeof aiReadyCallbacks === 'undefined') {\n\t\t\tvar aiReadyCallbacks = [];\n\t\t} else if (!(aiReadyCallbacks instanceof Array)) {\n\t\t\tvar aiReadyCallbacks = [];\n\t\t}    function aiShowIframeId(id_iframe) { jQuery(\"#\"+id_iframe).css(\"visibility\", \"visible\");    }    function aiResizeIframeHeight(height) { aiResizeIframeHeight(height,advanced_iframe); }    function aiResizeIframeHeightId(height,width,id) {aiResizeIframeHeightById(id,height);}<\/script><a href=\"https:\/\/view.genial.ly\/5df0fba12d3ddd0f8235f5bd\" target=\"_blank\" rel=\"noopener\">Contenu embarqu\u00e9 non autoris\u00e9<\/a><script type=\"text\/javascript\">var ifrm_advanced_iframe = document.getElementById(\"advanced_iframe\");var hiddenTabsDoneadvanced_iframe = false;\nfunction resizeCallbackadvanced_iframe() {}<\/script><script type=\"text\/javascript\"><\/script><p style=\"display:block !important; visibility:visible !important;margin: -18px 14px 0 0;padding-left: 3px;padding-top:3px;background: white; overflow: hidden; position: relative; line-height:15px;width: fit-content;\"><small style=\"display:block !important;visibility:visible !important\">powered by Advanced iFrame<\/small><\/p>\n\n\n<p><strong>Production nationale sur les SNT :&nbsp;<\/strong><\/p>\n\n\n<style>\n       .errordiv { padding:10px; margin:10px; border: 1px solid #555555;color: #000000;background-color: #f8f8f8; width:500px; }#advanced_iframe_2 {visibility:visible;opacity:1;vertical-align:top;}.ai-info-bottom-iframe { position: fixed; z-index: 10000; bottom:0; left: 0; margin: 0px; text-align: center; width: 100%; background-color: #ff9999; padding-left: 5px;padding-bottom: 5px; border-top: 1px solid #aaa } a.ai-bold {font-weight: bold;}#ai-layer-div-advanced_iframe_2 p {height:100%;margin:0;padding:0}<\/style><script type=\"text\/javascript\">var ai_iframe_width_advanced_iframe_2 = 0;var ai_iframe_height_advanced_iframe_2 = 0;function aiReceiveMessageadvanced_iframe_2(event) {  aiProcessMessage(event,\"advanced_iframe_2\", \"true\",\"\",\"false\",\"false\");}if (window.addEventListener) {  window.addEventListener(\"message\", aiReceiveMessageadvanced_iframe_2);} else if (el.attachEvent)  {  el.attachEvent(\"message\", aiReceiveMessageadvanced_iframe_2);}var aiOnloadScrollTop=\"true\";var aiShowDebug=false;\n\t\tif (typeof aiReadyCallbacks === 'undefined') {\n\t\t\tvar aiReadyCallbacks = [];\n\t\t} else if (!(aiReadyCallbacks instanceof Array)) {\n\t\t\tvar aiReadyCallbacks = [];\n\t\t}    function aiShowIframeId(id_iframe) { jQuery(\"#\"+id_iframe).css(\"visibility\", \"visible\");    }    function aiResizeIframeHeight(height) { aiResizeIframeHeight(height,advanced_iframe_2); }    function aiResizeIframeHeightId(height,width,id) {aiResizeIframeHeightById(id,height);}<\/script><a href=\"https:\/\/view.genial.ly\/5e31d85d35ef460490dc1b5e\" target=\"_blank\" rel=\"noopener\">Contenu embarqu\u00e9 non autoris\u00e9<\/a><script type=\"text\/javascript\">var ifrm_advanced_iframe_2 = document.getElementById(\"advanced_iframe_2\");var hiddenTabsDoneadvanced_iframe_2 = false;\nfunction resizeCallbackadvanced_iframe_2() {}<\/script><script type=\"text\/javascript\"><\/script><p style=\"display:block !important; visibility:visible !important;margin: -18px 14px 0 0;padding-left: 3px;padding-top:3px;background: white; overflow: hidden; position: relative; line-height:15px;width: fit-content;\"><small style=\"display:block !important;visibility:visible !important\">powered by Advanced iFrame<\/small><\/p>\n\n\n<h2 class=\"wp-block-heading\"><strong>S\u00e9ances\/s\u00e9quences propos\u00e9es dans le cadre des TraAM :&nbsp;<\/strong><\/h2>\n\n\n\n<p><strong>Axe 1 :&nbsp;encourager l\u2019interaction entre les cycles par l\u2019interm\u00e9diaire des lieux ressources et de la lecture.<\/strong><\/p>\n\n\n\n<p>Cet axe a \u00e9t\u00e9 travaill\u00e9 via la cr\u00e9ation d&rsquo;un prix litt\u00e9raire, d&rsquo;un kamishibai ou d&rsquo;escape game.<\/p>\n\n\n\n<p><strong>Axe 2&nbsp;: accompagner la construction de la culture num\u00e9rique des \u00e9l\u00e8ves.<\/strong><\/p>\n\n\n\n<p>Cet axe a \u00e9t\u00e9 travaill\u00e9 principalement sous la forme de cr\u00e9ation de s\u00e9quences ou s\u00e9ances en SNT.<\/p>\n\n\n\n<p><strong>Axe 4 :&nbsp;d\u00e9velopper des comp\u00e9tences transversales chez les \u00e9l\u00e8ves pour anticiper les liaisons inter-cycles.<\/strong><\/p>\n\n\n\n<p>Cet axe a \u00e9t\u00e9 travaill\u00e9 via la cr\u00e9ation de fiches pour animer des ateliers de pratique orale.<\/p>\n\n\n\n<p><\/p>\n\n\n\n<h2 class=\"wp-block-heading\">Lien vers les articles de chaque production : <\/h2>\n\n\n<ul class=\"wp-block-latest-posts__list wp-block-latest-posts\"><li><div class=\"wp-block-latest-posts__featured-image alignleft\"><img loading=\"lazy\" decoding=\"async\" width=\"150\" height=\"150\" src=\"https:\/\/pedagogie.ac-lille.fr\/prof-doc\/wp-content\/uploads\/sites\/57\/2023\/07\/ea4c1015-5db2-411e-ad13-b84860444aa5-150x150.png\" class=\"attachment-thumbnail size-thumbnail wp-post-image\" alt=\"\" style=\"max-width:150px;max-height:150px;\" srcset=\"https:\/\/pedagogie.ac-lille.fr\/prof-doc\/wp-content\/uploads\/sites\/57\/2023\/07\/ea4c1015-5db2-411e-ad13-b84860444aa5-150x150.png 150w, https:\/\/pedagogie.ac-lille.fr\/prof-doc\/wp-content\/uploads\/sites\/57\/2023\/07\/ea4c1015-5db2-411e-ad13-b84860444aa5.png 200w\" sizes=\"auto, (max-width: 150px) 100vw, 150px\" \/><\/div><a class=\"wp-block-latest-posts__post-title\" href=\"https:\/\/pedagogie.ac-lille.fr\/prof-doc\/photographie-numerique\/\">Photographie num\u00e9rique<\/a><div class=\"wp-block-latest-posts__post-excerpt\">M\u00e9lanie Serret, professeur documentaliste au lyc\u00e9e polyvalent Giraux Sannier de St Martin Boulogne, nous partage sa s\u00e9quence sur la photographie num\u00e9rique, r\u00e9alis\u00e9e dans le cadre de la SNT et des TRAAM Documentation 2019-2020. S\u00e9quence remise \u00e0 jour en juillet 2023. Contexte :&nbsp;Dans le cadre de la SNT, deux professeurs de math\u00e9matiques du lyc\u00e9e prennent en\u2026 <a class=\"wp-block-latest-posts__read-more\" href=\"https:\/\/pedagogie.ac-lille.fr\/prof-doc\/photographie-numerique\/\" rel=\"noopener noreferrer\">Lire la suite<span class=\"screen-reader-text\">\u00a0: Photographie num\u00e9rique<\/span><\/a><\/div><\/li>\n<li><div class=\"wp-block-latest-posts__featured-image alignleft\"><img loading=\"lazy\" decoding=\"async\" width=\"150\" height=\"150\" src=\"https:\/\/pedagogie.ac-lille.fr\/prof-doc\/wp-content\/uploads\/sites\/57\/2023\/08\/1618ec24-5ca7-420d-a501-86c0125ca697-150x150.png\" class=\"attachment-thumbnail size-thumbnail wp-post-image\" alt=\"\" style=\"max-width:150px;max-height:150px;\" srcset=\"https:\/\/pedagogie.ac-lille.fr\/prof-doc\/wp-content\/uploads\/sites\/57\/2023\/08\/1618ec24-5ca7-420d-a501-86c0125ca697-150x150.png 150w, https:\/\/pedagogie.ac-lille.fr\/prof-doc\/wp-content\/uploads\/sites\/57\/2023\/08\/1618ec24-5ca7-420d-a501-86c0125ca697.png 200w\" sizes=\"auto, (max-width: 150px) 100vw, 150px\" \/><\/div><a class=\"wp-block-latest-posts__post-title\" href=\"https:\/\/pedagogie.ac-lille.fr\/prof-doc\/le-prix-entre-les-bulles\/\">Le prix \u00ab\u00a0Entre les bulles\u00a0\u00bb<\/a><div class=\"wp-block-latest-posts__post-excerpt\">Blandine Tardieu, professeure documentaliste au coll\u00e8ge R\u00e9publique de Calais, nous pr\u00e9sente le d\u00e9fi litt\u00e9raire cr\u00e9\u00e9 dans le district de Calais, en partenariat avec la librairie du Channel et la sc\u00e8ne nationale. Cette mutualisation entre dans le cadre de l&rsquo;axe 1 des TRAAM Documentation 2019-2020 : \u00ab\u00a0encourager l&rsquo;interaction entre les cycles par l&rsquo;interm\u00e9diaire des lieux ressources\u2026 <a class=\"wp-block-latest-posts__read-more\" href=\"https:\/\/pedagogie.ac-lille.fr\/prof-doc\/le-prix-entre-les-bulles\/\" rel=\"noopener noreferrer\">Lire la suite<span class=\"screen-reader-text\">\u00a0: Le prix \u00ab\u00a0Entre les bulles\u00a0\u00bb<\/span><\/a><\/div><\/li>\n<li><div class=\"wp-block-latest-posts__featured-image alignleft\"><img loading=\"lazy\" decoding=\"async\" width=\"150\" height=\"150\" src=\"https:\/\/pedagogie.ac-lille.fr\/prof-doc\/wp-content\/uploads\/sites\/57\/2023\/08\/8fdc678f-6bb1-4c3f-adc7-fc9c499d5c73-150x150.png\" class=\"attachment-thumbnail size-thumbnail wp-post-image\" alt=\"\" style=\"max-width:150px;max-height:150px;\" srcset=\"https:\/\/pedagogie.ac-lille.fr\/prof-doc\/wp-content\/uploads\/sites\/57\/2023\/08\/8fdc678f-6bb1-4c3f-adc7-fc9c499d5c73-150x150.png 150w, https:\/\/pedagogie.ac-lille.fr\/prof-doc\/wp-content\/uploads\/sites\/57\/2023\/08\/8fdc678f-6bb1-4c3f-adc7-fc9c499d5c73.png 200w\" sizes=\"auto, (max-width: 150px) 100vw, 150px\" \/><\/div><a class=\"wp-block-latest-posts__post-title\" href=\"https:\/\/pedagogie.ac-lille.fr\/prof-doc\/creation-dun-kamishibai\/\">Cr\u00e9ation d&rsquo;un kamishiba\u00ef<\/a><div class=\"wp-block-latest-posts__post-excerpt\">Blandine Tardieu, professeure documentaliste au coll\u00e8ge R\u00e9publique de Calais, nous pr\u00e9sente un projet de cr\u00e9ation d&rsquo;un kamishiba\u00ef. Men\u00e9 avec une classe ULIS, le kamishiba\u00ef a pour th\u00e8me le \u00ab\u00a0dragon de Calais\u00a0\u00bb et a pour but d&rsquo;\u00eatre pr\u00e9sent\u00e9 \u00e0 des \u00e9l\u00e8ves d&rsquo;\u00e9cole primaire. Cette mutualisation entre dans le cadre de l&rsquo;axe 1 des TRAAM Documentation 2019-2020\u2026 <a class=\"wp-block-latest-posts__read-more\" href=\"https:\/\/pedagogie.ac-lille.fr\/prof-doc\/creation-dun-kamishibai\/\" rel=\"noopener noreferrer\">Lire la suite<span class=\"screen-reader-text\">\u00a0: Cr\u00e9ation d&rsquo;un kamishiba\u00ef<\/span><\/a><\/div><\/li>\n<li><div class=\"wp-block-latest-posts__featured-image alignleft\"><img loading=\"lazy\" decoding=\"async\" width=\"150\" height=\"150\" src=\"https:\/\/pedagogie.ac-lille.fr\/prof-doc\/wp-content\/uploads\/sites\/57\/2023\/07\/03b5cdb6-9f0f-4528-a8b1-6a31d093acaf-2-150x150.png\" class=\"attachment-thumbnail size-thumbnail wp-post-image\" alt=\"\" style=\"max-width:150px;max-height:150px;\" srcset=\"https:\/\/pedagogie.ac-lille.fr\/prof-doc\/wp-content\/uploads\/sites\/57\/2023\/07\/03b5cdb6-9f0f-4528-a8b1-6a31d093acaf-2-150x150.png 150w, https:\/\/pedagogie.ac-lille.fr\/prof-doc\/wp-content\/uploads\/sites\/57\/2023\/07\/03b5cdb6-9f0f-4528-a8b1-6a31d093acaf-2.png 200w\" sizes=\"auto, (max-width: 150px) 100vw, 150px\" \/><\/div><a class=\"wp-block-latest-posts__post-title\" href=\"https:\/\/pedagogie.ac-lille.fr\/prof-doc\/donnees-personnelles\/\">Donn\u00e9es personnelles<\/a><div class=\"wp-block-latest-posts__post-excerpt\">Laurent St\u00e9fani, professeur documentaliste au lyc\u00e9e Wallon de Valenciennes, nous partage sa s\u00e9ance sur les donn\u00e9es personnelles, r\u00e9alis\u00e9e dans le cadre de la SNT et des TRAAM Documentation 2019-2020.<\/div><\/li>\n<li><div class=\"wp-block-latest-posts__featured-image alignleft\"><img loading=\"lazy\" decoding=\"async\" width=\"150\" height=\"150\" src=\"https:\/\/pedagogie.ac-lille.fr\/prof-doc\/wp-content\/uploads\/sites\/57\/2023\/07\/eda6b5b2-32f2-407a-b10f-3a5e7212ace0-150x150.png\" class=\"attachment-thumbnail size-thumbnail wp-post-image\" alt=\"\" style=\"max-width:150px;max-height:150px;\" srcset=\"https:\/\/pedagogie.ac-lille.fr\/prof-doc\/wp-content\/uploads\/sites\/57\/2023\/07\/eda6b5b2-32f2-407a-b10f-3a5e7212ace0-150x150.png 150w, https:\/\/pedagogie.ac-lille.fr\/prof-doc\/wp-content\/uploads\/sites\/57\/2023\/07\/eda6b5b2-32f2-407a-b10f-3a5e7212ace0.png 200w\" sizes=\"auto, (max-width: 150px) 100vw, 150px\" \/><\/div><a class=\"wp-block-latest-posts__post-title\" href=\"https:\/\/pedagogie.ac-lille.fr\/prof-doc\/photographies-numeriques\/\">Photographies num\u00e9riques<\/a><div class=\"wp-block-latest-posts__post-excerpt\">Sophie Van Ommeslaeghe, professeure documentaliste au lyc\u00e9e Branly de Boulogne-sur-Mer, nous partage sa s\u00e9ance sur la photographie num\u00e9rique, r\u00e9alis\u00e9e dans le cadre de la SNT et des TRAAM Documentation 2019-2020.<\/div><\/li>\n<li><div class=\"wp-block-latest-posts__featured-image alignleft\"><img loading=\"lazy\" decoding=\"async\" width=\"150\" height=\"150\" src=\"https:\/\/pedagogie.ac-lille.fr\/prof-doc\/wp-content\/uploads\/sites\/57\/2023\/07\/0b7553a1-6c2c-419c-80ba-6dc0c17e0eec-150x150.png\" class=\"attachment-thumbnail size-thumbnail wp-post-image\" alt=\"\" style=\"max-width:150px;max-height:150px;\" srcset=\"https:\/\/pedagogie.ac-lille.fr\/prof-doc\/wp-content\/uploads\/sites\/57\/2023\/07\/0b7553a1-6c2c-419c-80ba-6dc0c17e0eec-150x150.png 150w, https:\/\/pedagogie.ac-lille.fr\/prof-doc\/wp-content\/uploads\/sites\/57\/2023\/07\/0b7553a1-6c2c-419c-80ba-6dc0c17e0eec.png 200w\" sizes=\"auto, (max-width: 150px) 100vw, 150px\" \/><\/div><a class=\"wp-block-latest-posts__post-title\" href=\"https:\/\/pedagogie.ac-lille.fr\/prof-doc\/neutralite-du-net\/\">Neutralit\u00e9 du net<\/a><div class=\"wp-block-latest-posts__post-excerpt\">Laurent St\u00e9fani, professeur documentaliste au lyc\u00e9e Wallon de Valenciennes, nous partage sa s\u00e9ance sur la neutralit\u00e9 du net, r\u00e9alis\u00e9e dans le cadre de la SNT et des TRAAM Documentation 2019-2020.<\/div><\/li>\n<li><div class=\"wp-block-latest-posts__featured-image alignleft\"><img loading=\"lazy\" decoding=\"async\" width=\"150\" height=\"150\" src=\"https:\/\/pedagogie.ac-lille.fr\/prof-doc\/wp-content\/uploads\/sites\/57\/2023\/07\/f996768d-10fa-4240-848b-b3bf9f5c9b3b-150x150.png\" class=\"attachment-thumbnail size-thumbnail wp-post-image\" alt=\"\" style=\"max-width:150px;max-height:150px;\" srcset=\"https:\/\/pedagogie.ac-lille.fr\/prof-doc\/wp-content\/uploads\/sites\/57\/2023\/07\/f996768d-10fa-4240-848b-b3bf9f5c9b3b-150x150.png 150w, https:\/\/pedagogie.ac-lille.fr\/prof-doc\/wp-content\/uploads\/sites\/57\/2023\/07\/f996768d-10fa-4240-848b-b3bf9f5c9b3b.png 200w\" sizes=\"auto, (max-width: 150px) 100vw, 150px\" \/><\/div><a class=\"wp-block-latest-posts__post-title\" href=\"https:\/\/pedagogie.ac-lille.fr\/prof-doc\/le-traitement-des-donnees\/\">Le traitement des donn\u00e9es<\/a><div class=\"wp-block-latest-posts__post-excerpt\">Laurent St\u00e9fani, professeur documentaliste au lyc\u00e9e Wallon de Valenciennes, nous partage sa s\u00e9ance sur le traitement des donn\u00e9es et la RGPD, r\u00e9alis\u00e9e dans le cadre de la SNT et des TRAAM Documentation 2019-2020.<\/div><\/li>\n<li><div class=\"wp-block-latest-posts__featured-image alignleft\"><img loading=\"lazy\" decoding=\"async\" width=\"150\" height=\"150\" src=\"https:\/\/pedagogie.ac-lille.fr\/prof-doc\/wp-content\/uploads\/sites\/57\/2023\/07\/848a0698-dfb6-4eb9-acd8-ea85c82674dd-150x150.png\" class=\"attachment-thumbnail size-thumbnail wp-post-image\" alt=\"\" style=\"max-width:150px;max-height:150px;\" srcset=\"https:\/\/pedagogie.ac-lille.fr\/prof-doc\/wp-content\/uploads\/sites\/57\/2023\/07\/848a0698-dfb6-4eb9-acd8-ea85c82674dd-150x150.png 150w, https:\/\/pedagogie.ac-lille.fr\/prof-doc\/wp-content\/uploads\/sites\/57\/2023\/07\/848a0698-dfb6-4eb9-acd8-ea85c82674dd.png 200w\" sizes=\"auto, (max-width: 150px) 100vw, 150px\" \/><\/div><a class=\"wp-block-latest-posts__post-title\" href=\"https:\/\/pedagogie.ac-lille.fr\/prof-doc\/le-web\/\">Le web<\/a><div class=\"wp-block-latest-posts__post-excerpt\">Sophie Van Ommeslaeghe et Nathalie Jarnier, professeurs documentalistes au lyc\u00e9e Branly de Boulogne-sur-Mer, nous partagent leur s\u00e9quence sur le web, dans le cadre de la SNT et des TRAAM Documentation 2019-2020.<\/div><\/li>\n<li><div class=\"wp-block-latest-posts__featured-image alignleft\"><img loading=\"lazy\" decoding=\"async\" width=\"150\" height=\"150\" src=\"https:\/\/pedagogie.ac-lille.fr\/prof-doc\/wp-content\/uploads\/sites\/57\/2023\/08\/30353930-f2b1-4c7b-9b7d-6abf80f11321-150x150.png\" class=\"attachment-thumbnail size-thumbnail wp-post-image\" alt=\"\" style=\"max-width:150px;max-height:150px;\" srcset=\"https:\/\/pedagogie.ac-lille.fr\/prof-doc\/wp-content\/uploads\/sites\/57\/2023\/08\/30353930-f2b1-4c7b-9b7d-6abf80f11321-150x150.png 150w, https:\/\/pedagogie.ac-lille.fr\/prof-doc\/wp-content\/uploads\/sites\/57\/2023\/08\/30353930-f2b1-4c7b-9b7d-6abf80f11321.png 200w\" sizes=\"auto, (max-width: 150px) 100vw, 150px\" \/><\/div><a class=\"wp-block-latest-posts__post-title\" href=\"https:\/\/pedagogie.ac-lille.fr\/prof-doc\/des-fiches-pour-travailler-loral\/\">Des fiches pour travailler l&rsquo;oral<\/a><div class=\"wp-block-latest-posts__post-excerpt\">Blandine Tardieu, professeur documentaliste au coll\u00e8ge R\u00e9publique de Calais nous pr\u00e9sente un support avec des fiches pour travailler l\u2019oral. Cette mutualisation entre dans le cadre de l&rsquo;axe 4 des TRAAM Documentation 2019-2020 : \u00ab d\u00e9velopper des comp\u00e9tences transversales chez les \u00e9l\u00e8ves pour anticiper les liaisons inter-cycles.\u00bb<\/div><\/li>\n<li><div class=\"wp-block-latest-posts__featured-image alignleft\"><img loading=\"lazy\" decoding=\"async\" width=\"150\" height=\"150\" src=\"https:\/\/pedagogie.ac-lille.fr\/prof-doc\/wp-content\/uploads\/sites\/57\/2023\/08\/af3467f5-842a-49dc-8854-8b64d2e6a54c-150x150.png\" class=\"attachment-thumbnail size-thumbnail wp-post-image\" alt=\"\" style=\"max-width:150px;max-height:150px;\" srcset=\"https:\/\/pedagogie.ac-lille.fr\/prof-doc\/wp-content\/uploads\/sites\/57\/2023\/08\/af3467f5-842a-49dc-8854-8b64d2e6a54c-150x150.png 150w, https:\/\/pedagogie.ac-lille.fr\/prof-doc\/wp-content\/uploads\/sites\/57\/2023\/08\/af3467f5-842a-49dc-8854-8b64d2e6a54c.png 200w\" sizes=\"auto, (max-width: 150px) 100vw, 150px\" \/><\/div><a class=\"wp-block-latest-posts__post-title\" href=\"https:\/\/pedagogie.ac-lille.fr\/prof-doc\/escapincos-et-defi-babelio\/\">Escap&rsquo;Incos et d\u00e9fi Bab\u00e9lio<\/a><div class=\"wp-block-latest-posts__post-excerpt\">M\u00e9lanie Serret, professeure documentaliste au LPO Giraux Sannier de Saint Martin Boulogne, partage une exp\u00e9rimentation men\u00e9e avec des \u00e9l\u00e8ves de seconde autour de deux prix litt\u00e9raires : les incos et le d\u00e9fi Bab\u00e9lio. Cette mutualisation entre dans le cadre de l&rsquo;axe 1 des TRAAM Documentation 2019-2020 : \u00ab\u00a0encourager l&rsquo;interaction entre les cycles par l&rsquo;interm\u00e9diaire des\u2026 <a class=\"wp-block-latest-posts__read-more\" href=\"https:\/\/pedagogie.ac-lille.fr\/prof-doc\/escapincos-et-defi-babelio\/\" rel=\"noopener noreferrer\">Lire la suite<span class=\"screen-reader-text\">\u00a0: Escap&rsquo;Incos et d\u00e9fi Bab\u00e9lio<\/span><\/a><\/div><\/li>\n<\/ul>","protected":false},"excerpt":{"rendered":"<p>L&rsquo;acad\u00e9mie de Lille a \u00e9t\u00e9 retenue pour participer aux TRaAM en documentation avec 4 autres acad\u00e9mies (Rennes, La Guyane, Limoges et Nantes). Apr\u00e8s un appel \u00e0 projet, 6 professeurs documentalistes travaillent sur des sujets vari\u00e9s. Vous pouvez en savoir plus en cliquant sur les \u00e9l\u00e9ments interactifs de l&rsquo;infographie :&nbsp; Production nationale sur les SNT :&nbsp; [&hellip;]<\/p>\n","protected":false},"author":71,"featured_media":0,"parent":0,"menu_order":0,"comment_status":"closed","ping_status":"closed","template":"","meta":{"footnotes":""},"class_list":["post-1268","page","type-page","status-publish","czr-hentry"],"publishpress_future_action":{"enabled":false,"date":"2026-04-28 16:01:48","action":"change-status","newStatus":"draft","terms":[],"taxonomy":"","extraData":[]},"publishpress_future_workflow_manual_trigger":{"enabledWorkflows":[]},"_links":{"self":[{"href":"https:\/\/pedagogie.ac-lille.fr\/prof-doc\/wp-json\/wp\/v2\/pages\/1268","targetHints":{"allow":["GET"]}}],"collection":[{"href":"https:\/\/pedagogie.ac-lille.fr\/prof-doc\/wp-json\/wp\/v2\/pages"}],"about":[{"href":"https:\/\/pedagogie.ac-lille.fr\/prof-doc\/wp-json\/wp\/v2\/types\/page"}],"author":[{"embeddable":true,"href":"https:\/\/pedagogie.ac-lille.fr\/prof-doc\/wp-json\/wp\/v2\/users\/71"}],"replies":[{"embeddable":true,"href":"https:\/\/pedagogie.ac-lille.fr\/prof-doc\/wp-json\/wp\/v2\/comments?post=1268"}],"version-history":[{"count":5,"href":"https:\/\/pedagogie.ac-lille.fr\/prof-doc\/wp-json\/wp\/v2\/pages\/1268\/revisions"}],"predecessor-version":[{"id":4231,"href":"https:\/\/pedagogie.ac-lille.fr\/prof-doc\/wp-json\/wp\/v2\/pages\/1268\/revisions\/4231"}],"wp:attachment":[{"href":"https:\/\/pedagogie.ac-lille.fr\/prof-doc\/wp-json\/wp\/v2\/media?parent=1268"}],"curies":[{"name":"wp","href":"https:\/\/api.w.org\/{rel}","templated":true}]}}