{"id":1358,"date":"2023-08-28T10:28:07","date_gmt":"2023-08-28T08:28:07","guid":{"rendered":"https:\/\/pedagogie.ac-lille.fr\/prof-doc\/?page_id=1358"},"modified":"2025-03-30T17:54:07","modified_gmt":"2025-03-30T15:54:07","slug":"traam-emi-2019-2020","status":"publish","type":"page","link":"https:\/\/pedagogie.ac-lille.fr\/prof-doc\/traam-emi-2019-2020\/","title":{"rendered":"TRaAM EMI 2019-2020"},"content":{"rendered":"\n<p>Apr\u00e8s un appel \u00e0 projet, 5 professeurs documentalistes travaillent sur des sujets vari\u00e9s. Vous pouvez en savoir plus en cliquant sur les \u00e9l\u00e9ments interactifs de l&rsquo;infographie.<\/p>\n\n\n<style>\n       .errordiv { padding:10px; margin:10px; border: 1px solid #555555;color: #000000;background-color: #f8f8f8; width:500px; }#advanced_iframe {visibility:visible;opacity:1;vertical-align:top;}.ai-info-bottom-iframe { position: fixed; z-index: 10000; bottom:0; left: 0; margin: 0px; text-align: center; width: 100%; background-color: #ff9999; padding-left: 5px;padding-bottom: 5px; border-top: 1px solid #aaa } a.ai-bold {font-weight: bold;}#ai-layer-div-advanced_iframe p {height:100%;margin:0;padding:0}<\/style><script type=\"text\/javascript\">var ai_iframe_width_advanced_iframe = 0;var ai_iframe_height_advanced_iframe = 0;function aiReceiveMessageadvanced_iframe(event) {  aiProcessMessage(event,\"advanced_iframe\", \"true\",\"\",\"false\",\"false\");}if (window.addEventListener) {  window.addEventListener(\"message\", aiReceiveMessageadvanced_iframe);} else if (el.attachEvent)  {  el.attachEvent(\"message\", aiReceiveMessageadvanced_iframe);}var aiOnloadScrollTop=\"true\";var aiShowDebug=false;\n\t\tif (typeof aiReadyCallbacks === 'undefined') {\n\t\t\tvar aiReadyCallbacks = [];\n\t\t} else if (!(aiReadyCallbacks instanceof Array)) {\n\t\t\tvar aiReadyCallbacks = [];\n\t\t}    function aiShowIframeId(id_iframe) { jQuery(\"#\"+id_iframe).css(\"visibility\", \"visible\");    }    function aiResizeIframeHeight(height) { aiResizeIframeHeight(height,advanced_iframe); }    function aiResizeIframeHeightId(height,width,id) {aiResizeIframeHeightById(id,height);}<\/script><a href=\"https:\/\/view.genial.ly\/5e25b9ff4a8aee7b1aa8f873\/horizontal-infographic-review-traam-essai1\" target=\"_blank\" rel=\"noopener\">Contenu embarqu\u00e9 non autoris\u00e9<\/a><script type=\"text\/javascript\">var ifrm_advanced_iframe = document.getElementById(\"advanced_iframe\");var hiddenTabsDoneadvanced_iframe = false;\nfunction resizeCallbackadvanced_iframe() {}<\/script><script type=\"text\/javascript\"><\/script><p style=\"display:block !important; visibility:visible !important;margin: -18px 14px 0 0;padding-left: 3px;padding-top:3px;background: white; overflow: hidden; position: relative; line-height:15px;width: fit-content;\"><small style=\"display:block !important;visibility:visible !important\">powered by Advanced iFrame<\/small><\/p>\n\n\n<h2 class=\"wp-block-heading\"><strong>Les productions r\u00e9alis\u00e9es :<\/strong><\/h2>\n\n\n<ul class=\"wp-block-latest-posts__list wp-block-latest-posts\"><li><div class=\"wp-block-latest-posts__featured-image alignleft\"><img loading=\"lazy\" decoding=\"async\" width=\"150\" height=\"150\" src=\"https:\/\/pedagogie.ac-lille.fr\/prof-doc\/wp-content\/uploads\/sites\/57\/2023\/08\/Capture-de\u0301cran-2023-08-25-a\u0300-10.50.32-150x150.png\" class=\"attachment-thumbnail size-thumbnail wp-post-image\" alt=\"\" style=\"max-width:150px;max-height:150px;\" srcset=\"https:\/\/pedagogie.ac-lille.fr\/prof-doc\/wp-content\/uploads\/sites\/57\/2023\/08\/Capture-de\u0301cran-2023-08-25-a\u0300-10.50.32-150x150.png 150w, https:\/\/pedagogie.ac-lille.fr\/prof-doc\/wp-content\/uploads\/sites\/57\/2023\/08\/Capture-de\u0301cran-2023-08-25-a\u0300-10.50.32-510x510.png 510w\" sizes=\"auto, (max-width: 150px) 100vw, 150px\" \/><\/div><a class=\"wp-block-latest-posts__post-title\" href=\"https:\/\/pedagogie.ac-lille.fr\/prof-doc\/partage-ton-savoir\/\">Partage ton savoir<\/a><div class=\"wp-block-latest-posts__post-excerpt\">Autrice : Agathe Vuattier Dujardin &#8211; Coll\u00e8ge Claude L\u00e9vi Strauss (Lille) Le projet am\u00e8ne les \u00e9l\u00e8ves \u00e0 cr\u00e9er&nbsp;des capsules vid\u00e9os \u00ab fa\u00e7on youtubeur.se \u00bb afin de partager le savoir acquis au cours de la pr\u00e9paration d\u2019expos\u00e9s th\u00e9matiques. La pr\u00e9paration des expos\u00e9s ainsi que la cr\u00e9ation des capsules seront l\u2019occasion de travailler diff\u00e9rentes comp\u00e9tences d\u2019\u00c9ducation aux\u2026 <a class=\"wp-block-latest-posts__read-more\" href=\"https:\/\/pedagogie.ac-lille.fr\/prof-doc\/partage-ton-savoir\/\" rel=\"noopener noreferrer\">Lire la suite<span class=\"screen-reader-text\">\u00a0: Partage ton savoir<\/span><\/a><\/div><\/li>\n<li><div class=\"wp-block-latest-posts__featured-image alignleft\"><img loading=\"lazy\" decoding=\"async\" width=\"150\" height=\"150\" src=\"https:\/\/pedagogie.ac-lille.fr\/prof-doc\/wp-content\/uploads\/sites\/57\/2023\/08\/e05467cf-0e98-4847-8b57-961a7df47389-150x150.png\" class=\"attachment-thumbnail size-thumbnail wp-post-image\" alt=\"\" style=\"max-width:150px;max-height:150px;\" srcset=\"https:\/\/pedagogie.ac-lille.fr\/prof-doc\/wp-content\/uploads\/sites\/57\/2023\/08\/e05467cf-0e98-4847-8b57-961a7df47389-150x150.png 150w, https:\/\/pedagogie.ac-lille.fr\/prof-doc\/wp-content\/uploads\/sites\/57\/2023\/08\/e05467cf-0e98-4847-8b57-961a7df47389.png 200w\" sizes=\"auto, (max-width: 150px) 100vw, 150px\" \/><\/div><a class=\"wp-block-latest-posts__post-title\" href=\"https:\/\/pedagogie.ac-lille.fr\/prof-doc\/metacognition-et-publication-sur-les-reseaux-sociaux\/\">M\u00e9tacognition et publication sur les r\u00e9seaux sociaux<\/a><div class=\"wp-block-latest-posts__post-excerpt\">Autrice : Isabelle P\u00e9rard &#8211; Lyc\u00e9e Professionnel Aim\u00e9 C\u00e9saire (Lille) Isabelle P\u00e9rard nous pr\u00e9sente son projet \u00ab\u00a0M\u00e9tacognition et publication sur les r\u00e9seaux sociaux\u00a0\u00bb, r\u00e9alis\u00e9 dans le cadre des TRAAM \u00c9MI 2019-2020. Avec ce projet, il s&rsquo;agit d&rsquo;anticiper&nbsp;la pr\u00e9paration des CCF de langues de la classe de terminale (partie 1 Bulletin officiel n\u00b0 21 du 27\u2026 <a class=\"wp-block-latest-posts__read-more\" href=\"https:\/\/pedagogie.ac-lille.fr\/prof-doc\/metacognition-et-publication-sur-les-reseaux-sociaux\/\" rel=\"noopener noreferrer\">Lire la suite<span class=\"screen-reader-text\">\u00a0: M\u00e9tacognition et publication sur les r\u00e9seaux sociaux<\/span><\/a><\/div><\/li>\n<li><div class=\"wp-block-latest-posts__featured-image alignleft\"><img loading=\"lazy\" decoding=\"async\" width=\"150\" height=\"150\" src=\"https:\/\/pedagogie.ac-lille.fr\/prof-doc\/wp-content\/uploads\/sites\/57\/2023\/07\/c58d4a49-00ff-4c0b-a112-ae49a77eb691-150x150.png\" class=\"attachment-thumbnail size-thumbnail wp-post-image\" alt=\"\" style=\"max-width:150px;max-height:150px;\" srcset=\"https:\/\/pedagogie.ac-lille.fr\/prof-doc\/wp-content\/uploads\/sites\/57\/2023\/07\/c58d4a49-00ff-4c0b-a112-ae49a77eb691-150x150.png 150w, https:\/\/pedagogie.ac-lille.fr\/prof-doc\/wp-content\/uploads\/sites\/57\/2023\/07\/c58d4a49-00ff-4c0b-a112-ae49a77eb691.png 200w\" sizes=\"auto, (max-width: 150px) 100vw, 150px\" \/><\/div><a class=\"wp-block-latest-posts__post-title\" href=\"https:\/\/pedagogie.ac-lille.fr\/prof-doc\/analyser-limage-en-lp\/\">Analyser l&rsquo;image en LP<\/a><div class=\"wp-block-latest-posts__post-excerpt\">Alexander Reinhardt, professeur documentaliste au lyc\u00e9e professionnel S\u00e9vign\u00e9 de Tourcoing, nous pr\u00e9sente une s\u00e9ance r\u00e9alis\u00e9e en lyc\u00e9e professionnel sur l&rsquo;analyse des images, r\u00e9alis\u00e9e dans le cadre des TRAAM \u00c9MI 2019-2020. Th\u00e8mes&nbsp;: sens critique\/esprit critique\/regard critique, lutter contre la manipulation de l&rsquo;information. Mots-clefs&nbsp;: analyse, image, information, cin\u00e9ma, manipulation, marketing Collaboration&nbsp;: eco-gestion\/eco-droit, langues\/fran\u00e7aisNiveau&nbsp;: classes des fili\u00e8res tertiaires\/CAP\/Seconde\u2026 <a class=\"wp-block-latest-posts__read-more\" href=\"https:\/\/pedagogie.ac-lille.fr\/prof-doc\/analyser-limage-en-lp\/\" rel=\"noopener noreferrer\">Lire la suite<span class=\"screen-reader-text\">\u00a0: Analyser l&rsquo;image en LP<\/span><\/a><\/div><\/li>\n<li><div class=\"wp-block-latest-posts__featured-image alignleft\"><img loading=\"lazy\" decoding=\"async\" width=\"150\" height=\"150\" src=\"https:\/\/pedagogie.ac-lille.fr\/prof-doc\/wp-content\/uploads\/sites\/57\/2023\/08\/595fd1a3-ea55-4e20-8039-c9d707279406-150x150.png\" class=\"attachment-thumbnail size-thumbnail wp-post-image\" alt=\"\" style=\"max-width:150px;max-height:150px;\" srcset=\"https:\/\/pedagogie.ac-lille.fr\/prof-doc\/wp-content\/uploads\/sites\/57\/2023\/08\/595fd1a3-ea55-4e20-8039-c9d707279406-150x150.png 150w, https:\/\/pedagogie.ac-lille.fr\/prof-doc\/wp-content\/uploads\/sites\/57\/2023\/08\/595fd1a3-ea55-4e20-8039-c9d707279406.png 200w\" sizes=\"auto, (max-width: 150px) 100vw, 150px\" \/><\/div><a class=\"wp-block-latest-posts__post-title\" href=\"https:\/\/pedagogie.ac-lille.fr\/prof-doc\/glossaire-traam-emi\/\">Glossaire TRAAM EMI<\/a><div class=\"wp-block-latest-posts__post-excerpt\">Dans le cadre des Traam EMI 2019-20, Hermance Fontenelle (lyc\u00e9e Saint -Exup\u00e9ry de Saint Dizier, acad\u00e9mie de Reims), Perrine Le D\u00fbs (centre international de Valbonne, acad\u00e9mie de Nice) et Sophie Van Ommeslaeghe (lyc\u00e9e Branly de Boulogne-sur-mer) ont travaill\u00e9 autour du th\u00e8me \u00ab\u00a0S&rsquo;informer avec les r\u00e9seaux sociaux\u00a0\u00bb. Pour pr\u00e9parer les s\u00e9ances travaill\u00e9es autour de ce th\u00e8me,\u2026 <a class=\"wp-block-latest-posts__read-more\" href=\"https:\/\/pedagogie.ac-lille.fr\/prof-doc\/glossaire-traam-emi\/\" rel=\"noopener noreferrer\">Lire la suite<span class=\"screen-reader-text\">\u00a0: Glossaire TRAAM EMI<\/span><\/a><\/div><\/li>\n<li><div class=\"wp-block-latest-posts__featured-image alignleft\"><img loading=\"lazy\" decoding=\"async\" width=\"150\" height=\"150\" src=\"https:\/\/pedagogie.ac-lille.fr\/prof-doc\/wp-content\/uploads\/sites\/57\/2023\/08\/e1510423-549f-4bc1-9af3-01661319c13f-150x150.png\" class=\"attachment-thumbnail size-thumbnail wp-post-image\" alt=\"\" style=\"max-width:150px;max-height:150px;\" srcset=\"https:\/\/pedagogie.ac-lille.fr\/prof-doc\/wp-content\/uploads\/sites\/57\/2023\/08\/e1510423-549f-4bc1-9af3-01661319c13f-150x150.png 150w, https:\/\/pedagogie.ac-lille.fr\/prof-doc\/wp-content\/uploads\/sites\/57\/2023\/08\/e1510423-549f-4bc1-9af3-01661319c13f.png 200w\" sizes=\"auto, (max-width: 150px) 100vw, 150px\" \/><\/div><a class=\"wp-block-latest-posts__post-title\" href=\"https:\/\/pedagogie.ac-lille.fr\/prof-doc\/la-presse-aujourdhui\/\">La presse aujourd&rsquo;hui<\/a><div class=\"wp-block-latest-posts__post-excerpt\">Sophie Van Ommeslaeghe et Nathalie Jarnier, professeurs documentalistes au lyc\u00e9e Branly de Boulogne-sur-Mer, nous partagent leur s\u00e9ance sur la presse d&rsquo;aujourdhui, r\u00e9alis\u00e9e dans le cadre de la SNT et des TRAAM Documentation et des TRAAM \u00c9MI 2019-2020. Pr\u00e9sentation des formats de diffusion de la presse aujourd\u2019hui, il s\u2019agit pour les \u00e9l\u00e8ves de comprendre l\u2019int\u00e9r\u00eat de\u2026 <a class=\"wp-block-latest-posts__read-more\" href=\"https:\/\/pedagogie.ac-lille.fr\/prof-doc\/la-presse-aujourdhui\/\" rel=\"noopener noreferrer\">Lire la suite<span class=\"screen-reader-text\">\u00a0: La presse aujourd&rsquo;hui<\/span><\/a><\/div><\/li>\n<\/ul>","protected":false},"excerpt":{"rendered":"<p>Apr\u00e8s un appel \u00e0 projet, 5 professeurs documentalistes travaillent sur des sujets vari\u00e9s. Vous pouvez en savoir plus en cliquant sur les \u00e9l\u00e9ments interactifs de l&rsquo;infographie. Les productions r\u00e9alis\u00e9es :<\/p>\n","protected":false},"author":71,"featured_media":0,"parent":0,"menu_order":0,"comment_status":"closed","ping_status":"closed","template":"","meta":{"footnotes":""},"class_list":["post-1358","page","type-page","status-publish","czr-hentry"],"publishpress_future_action":{"enabled":false,"date":"2026-04-28 16:01:48","action":"change-status","newStatus":"draft","terms":[],"taxonomy":"","extraData":[]},"publishpress_future_workflow_manual_trigger":{"enabledWorkflows":[]},"_links":{"self":[{"href":"https:\/\/pedagogie.ac-lille.fr\/prof-doc\/wp-json\/wp\/v2\/pages\/1358","targetHints":{"allow":["GET"]}}],"collection":[{"href":"https:\/\/pedagogie.ac-lille.fr\/prof-doc\/wp-json\/wp\/v2\/pages"}],"about":[{"href":"https:\/\/pedagogie.ac-lille.fr\/prof-doc\/wp-json\/wp\/v2\/types\/page"}],"author":[{"embeddable":true,"href":"https:\/\/pedagogie.ac-lille.fr\/prof-doc\/wp-json\/wp\/v2\/users\/71"}],"replies":[{"embeddable":true,"href":"https:\/\/pedagogie.ac-lille.fr\/prof-doc\/wp-json\/wp\/v2\/comments?post=1358"}],"version-history":[{"count":3,"href":"https:\/\/pedagogie.ac-lille.fr\/prof-doc\/wp-json\/wp\/v2\/pages\/1358\/revisions"}],"predecessor-version":[{"id":4225,"href":"https:\/\/pedagogie.ac-lille.fr\/prof-doc\/wp-json\/wp\/v2\/pages\/1358\/revisions\/4225"}],"wp:attachment":[{"href":"https:\/\/pedagogie.ac-lille.fr\/prof-doc\/wp-json\/wp\/v2\/media?parent=1358"}],"curies":[{"name":"wp","href":"https:\/\/api.w.org\/{rel}","templated":true}]}}