{"id":1374,"date":"2023-08-28T10:41:22","date_gmt":"2023-08-28T08:41:22","guid":{"rendered":"https:\/\/pedagogie.ac-lille.fr\/prof-doc\/?page_id=1374"},"modified":"2025-03-30T17:53:37","modified_gmt":"2025-03-30T15:53:37","slug":"traam-emi-2020-2021","status":"publish","type":"page","link":"https:\/\/pedagogie.ac-lille.fr\/prof-doc\/traam-emi-2020-2021\/","title":{"rendered":"TRaAM EMI 2020-2021"},"content":{"rendered":"\n<p>L\u2019acad\u00e9mie de Lille s\u2019est engag\u00e9e pour la deuxi\u00e8me ann\u00e9e cons\u00e9cutive dans les Travaux Acad\u00e9miques Mutualis\u00e9s en Education aux M\u00e9dias et \u00e0 l\u2019Information (TraAM EMI), en partenariat avec les acad\u00e9mies de Besan\u00e7on, Normandie, Nice et Toulouse, avec une \u00e9quipe en grande partie renouvel\u00e9e.&nbsp;<\/p>\n\n\n\n<p><strong>Le sujet national en 2020\/2021&nbsp;:<\/strong><\/p>\n\n\n\n<p>S\u00e9curiser son environnement num\u00e9rique&nbsp;: mobiliser des comp\u00e9tences issues du domaine 4 (\u00ab&nbsp;protection et s\u00e9curit\u00e9&nbsp;\u00bb) du cadre de r\u00e9f\u00e9rence des comp\u00e9tences num\u00e9riques (CRCN)<\/p>\n\n\n\n<p><strong>La d\u00e9clinaison propos\u00e9e par le groupe acad\u00e9mique est la suivante&nbsp;:<\/strong><\/p>\n\n\n\n<p>Intitul\u00e9&nbsp;: S\u00e9curiser son environnement num\u00e9rique, en mobilisant les comp\u00e9tences du domaine 4 DU CRCN&nbsp;<\/p>\n\n\n\n<p>\u00c9voluant dans un environnement num\u00e9rique nomade caract\u00e9ris\u00e9 par l\u2019imm\u00e9diatet\u00e9 et la facilit\u00e9 de publication, adeptes d\u2019applications requ\u00e9rant sans cesse leur attention par des notifications, coll\u00e9giens et lyc\u00e9ens se trouvent confront\u00e9s \u00e0 des risques d\u2019addictions aux \u00e9crans et aux r\u00e9seaux sociaux, ainsi qu\u2019\u00e0 des risques voire des tentations de cyberharc\u00e8lement.&nbsp; L\u2019adolescent a besoin de reconnaissance de la part de ses pairs, et si les r\u00e9seaux sociaux semblent maintenir les jeunes dans des relations sociales constantes, elles sont biais\u00e9es. Les discussions sans fin et la v\u00e9rification permanente des mouvements d\u2019humeur et r\u00e9actions des autres \u00e0 ce que l\u2019individu publie se r\u00e9percutent sur sa sant\u00e9 psychologique et physique : troubles du sommeil, d\u00e9sinsertion sociale, cr\u00e9ation d\u2019une \u201cbulle virtuelle\u201d et surexposition aux fake news. Par ailleurs, le c\u00f4t\u00e9 virtuel et impersonnel du m\u00e9dia : tablette, smartphone, ordinateur, fait perdre conscience de la r\u00e9alit\u00e9. Il n\u2019y a plus de recul dans la communication, les jeunes parlent sans filtre, sans r\u00e9fl\u00e9chir aux cons\u00e9quences des propos tenus. Enfin, le cadre familial ne peut pas toujours accompagner et aider \u00e0 comprendre ce qui se joue alors dans la vie des adolescents, les parents ayant parfois eux-m\u00eames des sages num\u00e9riques non ma\u00eetris\u00e9s.<\/p>\n\n\n\n<p><strong>Probl\u00e9matique&nbsp;:<\/strong><\/p>\n\n\n\n<p>Comment l\u2019\u00e9quipe \u00e9ducative peut-elle se saisir de l\u2019\u00e9ducation aux m\u00e9dias et \u00e0 l\u2019information pour aider les \u00e9l\u00e8ves \u00e0 comprendre et r\u00e9guler leurs pratiques num\u00e9riques, pour pr\u00e9venir les risques d\u2019addictions et de harc\u00e8lement ?<\/p>\n\n\n\n<p>Il s\u2019est agi de mener projets et s\u00e9ances en partenariat entre enseignants, enseignant documentaliste, \u00e9quipes vie scolaire et sant\u00e9, int\u00e9gr\u00e9es si possible aux parcours \u00e9ducatifs de sant\u00e9 et parcours citoyen.<\/p>\n\n\n\n<p>Deux axes ont \u00e9t\u00e9 d\u00e9gag\u00e9s pour travailler sur cette th\u00e9matique au sein de notre acad\u00e9mie&nbsp;:<\/p>\n\n\n\n<p><strong>Axe 1 :&nbsp;<\/strong><strong>Prot\u00e9ger sa vie priv\u00e9e, prot\u00e9ger celle des autres, par une compr\u00e9hension de ce qui distingue la vie priv\u00e9e de la vie publique, des donn\u00e9es personnelles, de la libert\u00e9 d\u2019expression<\/strong><\/p>\n\n\n\n<p><strong>Axe 2 :<\/strong><strong>&nbsp;Prot\u00e9ger sa sant\u00e9 par une compr\u00e9hension des r\u00e9seaux sociaux, de leur mod\u00e8le \u00e9conomique et de l\u2019\u00e9conomie de l\u2019attention.<\/strong><\/p>\n\n\n\n<h2 class=\"wp-block-heading\"><strong>Les productions r\u00e9alis\u00e9es :<\/strong><\/h2>\n\n\n\n<p>Le groupe acad\u00e9mique a pu mener \u00e0 bien sept projets p\u00e9dagogiques au sein des \u00e9tablissements scolaires en lien avec ces deux axes. Ces projets font l\u2019objet d\u2019une publication sur ce site acad\u00e9mique, \u00e0 la rubrique TRAAM EMI, ainsi que dans EduBase.<\/p>\n\n\n\n<p>Un article sur les publics atypiques a \u00e9t\u00e9 r\u00e9dig\u00e9 en collaboration entre les acad\u00e9mies de Lille, Normandie et Nice.<\/p>\n\n\n<ul class=\"wp-block-latest-posts__list wp-block-latest-posts\"><li><div class=\"wp-block-latest-posts__featured-image alignleft\"><img loading=\"lazy\" decoding=\"async\" width=\"150\" height=\"150\" src=\"https:\/\/pedagogie.ac-lille.fr\/prof-doc\/wp-content\/uploads\/sites\/57\/2023\/08\/cb559de0-c87e-44c5-8c03-1ae45abafe3c-150x150.png\" class=\"attachment-thumbnail size-thumbnail wp-post-image\" alt=\"\" style=\"max-width:150px;max-height:150px;\" srcset=\"https:\/\/pedagogie.ac-lille.fr\/prof-doc\/wp-content\/uploads\/sites\/57\/2023\/08\/cb559de0-c87e-44c5-8c03-1ae45abafe3c-150x150.png 150w, https:\/\/pedagogie.ac-lille.fr\/prof-doc\/wp-content\/uploads\/sites\/57\/2023\/08\/cb559de0-c87e-44c5-8c03-1ae45abafe3c.png 200w\" sizes=\"auto, (max-width: 150px) 100vw, 150px\" \/><\/div><a class=\"wp-block-latest-posts__post-title\" href=\"https:\/\/pedagogie.ac-lille.fr\/prof-doc\/lemi-et-les-publics-atypiques\/\">L\u2019EMI et les publics atypiques<\/a><div class=\"wp-block-latest-posts__post-excerpt\">Blandine Tardieu, coordinatrice TRAAM \u00c9MI, a particip\u00e9 \u00e0 l&rsquo;\u00e9criture d&rsquo;un article avec les acad\u00e9mies de Nice et de Normandie. Le rapport sur la recherche et le d\u00e9veloppement de l\u2019\u00e9ducation tout au long de la vie Vers une soci\u00e9t\u00e9 apprenante&nbsp;mentionne le paradigme suivant :&nbsp;&nbsp; \u00ab Dans une soci\u00e9t\u00e9 apprenante,&nbsp;chaque individu&nbsp;doit pouvoir construire et partager ses connaissances\u2026 <a class=\"wp-block-latest-posts__read-more\" href=\"https:\/\/pedagogie.ac-lille.fr\/prof-doc\/lemi-et-les-publics-atypiques\/\" rel=\"noopener noreferrer\">Lire la suite<span class=\"screen-reader-text\">\u00a0: L\u2019EMI et les publics atypiques<\/span><\/a><\/div><\/li>\n<li><div class=\"wp-block-latest-posts__featured-image alignleft\"><img loading=\"lazy\" decoding=\"async\" width=\"150\" height=\"150\" src=\"https:\/\/pedagogie.ac-lille.fr\/prof-doc\/wp-content\/uploads\/sites\/57\/2023\/08\/1719badc-e836-4446-8981-36d146504f62-150x150.png\" class=\"attachment-thumbnail size-thumbnail wp-post-image\" alt=\"\" style=\"max-width:150px;max-height:150px;\" srcset=\"https:\/\/pedagogie.ac-lille.fr\/prof-doc\/wp-content\/uploads\/sites\/57\/2023\/08\/1719badc-e836-4446-8981-36d146504f62-150x150.png 150w, https:\/\/pedagogie.ac-lille.fr\/prof-doc\/wp-content\/uploads\/sites\/57\/2023\/08\/1719badc-e836-4446-8981-36d146504f62.png 200w\" sizes=\"auto, (max-width: 150px) 100vw, 150px\" \/><\/div><a class=\"wp-block-latest-posts__post-title\" href=\"https:\/\/pedagogie.ac-lille.fr\/prof-doc\/moi-virtuel\/\">\u00ab\u00a0Moi, virtuel\u00a0\u00bb<\/a><div class=\"wp-block-latest-posts__post-excerpt\">M\u00e9lanie Serret, professeure documentaliste et La\u00ebtitia Graziato, Benjamin Taverne et Julien Tesni\u00e8re, professeurs de lettres-histoire au LPO Giraux Sannier de Saint Martin Boulogne, ont con\u00e7u cette s\u00e9rie d&rsquo;activit\u00e9s \u00c9MI s&rsquo;int\u00e8gre aux programmes de CAP : \u00ab\u00a0Se dire, s&rsquo;affirmer, s&rsquo;\u00e9manciper\u00a0\u00bb et de BAC PRO : \u00ab\u00a0Devenir soi : \u00e9critures autobiographiques\u00a0\u00bb. Ce support, qui pr\u00e9sente plusieurs activit\u00e9s,\u2026 <a class=\"wp-block-latest-posts__read-more\" href=\"https:\/\/pedagogie.ac-lille.fr\/prof-doc\/moi-virtuel\/\" rel=\"noopener noreferrer\">Lire la suite<span class=\"screen-reader-text\">\u00a0: \u00ab\u00a0Moi, virtuel\u00a0\u00bb<\/span><\/a><\/div><\/li>\n<li><div class=\"wp-block-latest-posts__featured-image alignleft\"><img loading=\"lazy\" decoding=\"async\" width=\"150\" height=\"150\" src=\"https:\/\/pedagogie.ac-lille.fr\/prof-doc\/wp-content\/uploads\/sites\/57\/2023\/08\/b026ab75-c493-421b-8dbd-1df782382449-150x150.png\" class=\"attachment-thumbnail size-thumbnail wp-post-image\" alt=\"\" style=\"max-width:150px;max-height:150px;\" srcset=\"https:\/\/pedagogie.ac-lille.fr\/prof-doc\/wp-content\/uploads\/sites\/57\/2023\/08\/b026ab75-c493-421b-8dbd-1df782382449-150x150.png 150w, https:\/\/pedagogie.ac-lille.fr\/prof-doc\/wp-content\/uploads\/sites\/57\/2023\/08\/b026ab75-c493-421b-8dbd-1df782382449.png 200w\" sizes=\"auto, (max-width: 150px) 100vw, 150px\" \/><\/div><a class=\"wp-block-latest-posts__post-title\" href=\"https:\/\/pedagogie.ac-lille.fr\/prof-doc\/identite-numerique\/\">Identit\u00e9 num\u00e9rique<\/a><div class=\"wp-block-latest-posts__post-excerpt\">Eric Glowacki, professeur documentaliste au coll\u00e8ge de l&rsquo;Europe \u00e0 Ardres, nous propose une s\u00e9ance sur l&rsquo;identit\u00e9 num\u00e9rique, valoris\u00e9e dans le cadre des TRaAM \u00c9MI 2020-2021. Mots cl\u00e9s du projet&nbsp;:&nbsp;Identit\u00e9 num\u00e9rique \/ harc\u00e8lement \/ protection des donn\u00e9es \/ oral \/ citoyennet\u00e9 num\u00e9rique Modalit\u00e9s&nbsp;p\u00e9dagogiques :&nbsp;en pr\u00e9sentiel \u00c9l\u00e8ves impliqu\u00e9s&nbsp;:&nbsp;Niveau 3\u00e8me&nbsp;en atelier sur l\u2019ann\u00e9e, de septembre 2020 \u00e0 mai\u2026 <a class=\"wp-block-latest-posts__read-more\" href=\"https:\/\/pedagogie.ac-lille.fr\/prof-doc\/identite-numerique\/\" rel=\"noopener noreferrer\">Lire la suite<span class=\"screen-reader-text\">\u00a0: Identit\u00e9 num\u00e9rique<\/span><\/a><\/div><\/li>\n<li><div class=\"wp-block-latest-posts__featured-image alignleft\"><img loading=\"lazy\" decoding=\"async\" width=\"150\" height=\"150\" src=\"https:\/\/pedagogie.ac-lille.fr\/prof-doc\/wp-content\/uploads\/sites\/57\/2023\/08\/892b562e-a502-4199-9242-b54859920066-150x150.png\" class=\"attachment-thumbnail size-thumbnail wp-post-image\" alt=\"\" style=\"max-width:150px;max-height:150px;\" srcset=\"https:\/\/pedagogie.ac-lille.fr\/prof-doc\/wp-content\/uploads\/sites\/57\/2023\/08\/892b562e-a502-4199-9242-b54859920066-150x150.png 150w, https:\/\/pedagogie.ac-lille.fr\/prof-doc\/wp-content\/uploads\/sites\/57\/2023\/08\/892b562e-a502-4199-9242-b54859920066.png 200w\" sizes=\"auto, (max-width: 150px) 100vw, 150px\" \/><\/div><a class=\"wp-block-latest-posts__post-title\" href=\"https:\/\/pedagogie.ac-lille.fr\/prof-doc\/ma-vie-en-numerique\/\">Ma vie en num\u00e9rique<\/a><div class=\"wp-block-latest-posts__post-excerpt\">Blandine Tardieu, professeure documentaliste et H\u00e9l\u00e8ne Limat, coordinatrice du dispositif ULIS au coll\u00e8ge R\u00e9publique de Calais nous pr\u00e9sentent un projet, valoris\u00e9 dans le cadre des TRaAM \u00c9MI 2020-2021. Mots-cl\u00e9s&nbsp;:&nbsp;environnement num\u00e9rique \/ mot de passe \/ donn\u00e9es personnelles \/ donn\u00e9es personnelles sensibles \/ traces \/ identit\u00e9 num\u00e9rique \/ RGPD \/ \u00e9l\u00e8ves \u00e0 BEP Contexte \u00e0 l\u2019origine\u2026 <a class=\"wp-block-latest-posts__read-more\" href=\"https:\/\/pedagogie.ac-lille.fr\/prof-doc\/ma-vie-en-numerique\/\" rel=\"noopener noreferrer\">Lire la suite<span class=\"screen-reader-text\">\u00a0: Ma vie en num\u00e9rique<\/span><\/a><\/div><\/li>\n<li><div class=\"wp-block-latest-posts__featured-image alignleft\"><img loading=\"lazy\" decoding=\"async\" width=\"150\" height=\"150\" src=\"https:\/\/pedagogie.ac-lille.fr\/prof-doc\/wp-content\/uploads\/sites\/57\/2023\/08\/9485f3e4-fd18-4e4b-8f11-362ed78dde97-150x150.png\" class=\"attachment-thumbnail size-thumbnail wp-post-image\" alt=\"\" style=\"max-width:150px;max-height:150px;\" srcset=\"https:\/\/pedagogie.ac-lille.fr\/prof-doc\/wp-content\/uploads\/sites\/57\/2023\/08\/9485f3e4-fd18-4e4b-8f11-362ed78dde97-150x150.png 150w, https:\/\/pedagogie.ac-lille.fr\/prof-doc\/wp-content\/uploads\/sites\/57\/2023\/08\/9485f3e4-fd18-4e4b-8f11-362ed78dde97.png 200w\" sizes=\"auto, (max-width: 150px) 100vw, 150px\" \/><\/div><a class=\"wp-block-latest-posts__post-title\" href=\"https:\/\/pedagogie.ac-lille.fr\/prof-doc\/identite-numerique-et-monde-professionnel\/\">Identit\u00e9 num\u00e9rique et monde professionnel<\/a><div class=\"wp-block-latest-posts__post-excerpt\">M\u00e9lanie Serret, professeure documentaliste au LPO Giraux Sannier de Saint Martin Boulogne, a con\u00e7u une s\u00e9ance \u00e0 destination des terminales BAC PRO, des BTS ou des \u00e9tudiants en DCG, dans le cadre des TRaAM \u00c9MI 2020-2021. Mots-cl\u00e9s du projet&nbsp;:&nbsp;identit\u00e9 num\u00e9rique, Linkedin. Modalit\u00e9s p\u00e9dagogiques&nbsp;:&nbsp;en pr\u00e9sentiel El\u00e8ves impliqu\u00e9s&nbsp;:&nbsp;Dipl\u00f4me de Comptabilit\u00e9 Gestion, premi\u00e8re ann\u00e9e. Une heure en \u00bd\u2026 <a class=\"wp-block-latest-posts__read-more\" href=\"https:\/\/pedagogie.ac-lille.fr\/prof-doc\/identite-numerique-et-monde-professionnel\/\" rel=\"noopener noreferrer\">Lire la suite<span class=\"screen-reader-text\">\u00a0: Identit\u00e9 num\u00e9rique et monde professionnel<\/span><\/a><\/div><\/li>\n<li><div class=\"wp-block-latest-posts__featured-image alignleft\"><img loading=\"lazy\" decoding=\"async\" width=\"150\" height=\"150\" src=\"https:\/\/pedagogie.ac-lille.fr\/prof-doc\/wp-content\/uploads\/sites\/57\/2023\/08\/168118b5-b11d-475a-9f5b-a71cbc176081-150x150.png\" class=\"attachment-thumbnail size-thumbnail wp-post-image\" alt=\"\" style=\"max-width:150px;max-height:150px;\" srcset=\"https:\/\/pedagogie.ac-lille.fr\/prof-doc\/wp-content\/uploads\/sites\/57\/2023\/08\/168118b5-b11d-475a-9f5b-a71cbc176081-150x150.png 150w, https:\/\/pedagogie.ac-lille.fr\/prof-doc\/wp-content\/uploads\/sites\/57\/2023\/08\/168118b5-b11d-475a-9f5b-a71cbc176081.png 200w\" sizes=\"auto, (max-width: 150px) 100vw, 150px\" \/><\/div><a class=\"wp-block-latest-posts__post-title\" href=\"https:\/\/pedagogie.ac-lille.fr\/prof-doc\/liberte-dexpression-et-les-reseaux-sociaux-capsule-webradio\/\">Libert\u00e9 d\u2019expression et les r\u00e9seaux sociaux \u2013 capsule Webradio<\/a><div class=\"wp-block-latest-posts__post-excerpt\">Blandine Tardieu, professeure documentaliste au coll\u00e8ge R\u00e9publique de Calais, nous pr\u00e9sente un projet de r\u00e9alisation d&rsquo;une capsule webradio. Mots-cl\u00e9s :&nbsp;libert\u00e9 d\u2019expression \/ r\u00e9seaux sociaux \/ m\u00e9dias \/ oral&nbsp; Contexte g\u00e9n\u00e9ral&nbsp;: au coll\u00e8ge R\u00e9publique, lors de la pause m\u00e9ridienne du mardi (12h-12h50), des \u00e9l\u00e8ves volontaires de 5e et 3e alimentent les deux m\u00e9dias de l\u2019\u00e9tablissement :\u2026 <a class=\"wp-block-latest-posts__read-more\" href=\"https:\/\/pedagogie.ac-lille.fr\/prof-doc\/liberte-dexpression-et-les-reseaux-sociaux-capsule-webradio\/\" rel=\"noopener noreferrer\">Lire la suite<span class=\"screen-reader-text\">\u00a0: Libert\u00e9 d\u2019expression et les r\u00e9seaux sociaux \u2013 capsule Webradio<\/span><\/a><\/div><\/li>\n<li><div class=\"wp-block-latest-posts__featured-image alignleft\"><img loading=\"lazy\" decoding=\"async\" width=\"150\" height=\"150\" src=\"https:\/\/pedagogie.ac-lille.fr\/prof-doc\/wp-content\/uploads\/sites\/57\/2023\/07\/d0e28823-a7cc-4595-a447-90773c15f5db-150x150.jpeg\" class=\"attachment-thumbnail size-thumbnail wp-post-image\" alt=\"\" style=\"max-width:150px;max-height:150px;\" \/><\/div><a class=\"wp-block-latest-posts__post-title\" href=\"https:\/\/pedagogie.ac-lille.fr\/prof-doc\/donnees-personnelles-pistes-pour-la-formation-des-eleves\/\">Donn\u00e9es personnelles : pistes pour la formation des \u00e9l\u00e8ves<\/a><div class=\"wp-block-latest-posts__post-excerpt\">Sophie Van Ommeslaeghe, professeur documentaliste au lyc\u00e9e Branly de Boulogne-sur-Mer, nous partage des pistes pour la formation des \u00e9l\u00e8ves sur la th\u00e9matique des donn\u00e9es personnelles, dans le cadre des TRAAM \u00c9MI 2020-2021. \u00ab Presque tout ce que nous faisons est conserv\u00e9 pour l\u2019\u00e9ternit\u00e9 dans la m\u00e9moire d\u2019un ordinateur qui, malgr\u00e9 nous, livrera ses secrets avec\u2026 <a class=\"wp-block-latest-posts__read-more\" href=\"https:\/\/pedagogie.ac-lille.fr\/prof-doc\/donnees-personnelles-pistes-pour-la-formation-des-eleves\/\" rel=\"noopener noreferrer\">Lire la suite<span class=\"screen-reader-text\">\u00a0: Donn\u00e9es personnelles : pistes pour la formation des \u00e9l\u00e8ves<\/span><\/a><\/div><\/li>\n<\/ul>","protected":false},"excerpt":{"rendered":"<p>L\u2019acad\u00e9mie de Lille s\u2019est engag\u00e9e pour la deuxi\u00e8me ann\u00e9e cons\u00e9cutive dans les Travaux Acad\u00e9miques Mutualis\u00e9s en Education aux M\u00e9dias et \u00e0 l\u2019Information (TraAM EMI), en partenariat avec les acad\u00e9mies de Besan\u00e7on, Normandie, Nice et Toulouse, avec une \u00e9quipe en grande partie renouvel\u00e9e.&nbsp; Le sujet national en 2020\/2021&nbsp;: S\u00e9curiser son environnement num\u00e9rique&nbsp;: mobiliser des comp\u00e9tences issues [&hellip;]<\/p>\n","protected":false},"author":71,"featured_media":0,"parent":0,"menu_order":0,"comment_status":"closed","ping_status":"closed","template":"","meta":{"footnotes":""},"class_list":["post-1374","page","type-page","status-publish","czr-hentry"],"publishpress_future_action":{"enabled":false,"date":"2026-04-28 17:43:03","action":"change-status","newStatus":"draft","terms":[],"taxonomy":"","extraData":[]},"publishpress_future_workflow_manual_trigger":{"enabledWorkflows":[]},"_links":{"self":[{"href":"https:\/\/pedagogie.ac-lille.fr\/prof-doc\/wp-json\/wp\/v2\/pages\/1374","targetHints":{"allow":["GET"]}}],"collection":[{"href":"https:\/\/pedagogie.ac-lille.fr\/prof-doc\/wp-json\/wp\/v2\/pages"}],"about":[{"href":"https:\/\/pedagogie.ac-lille.fr\/prof-doc\/wp-json\/wp\/v2\/types\/page"}],"author":[{"embeddable":true,"href":"https:\/\/pedagogie.ac-lille.fr\/prof-doc\/wp-json\/wp\/v2\/users\/71"}],"replies":[{"embeddable":true,"href":"https:\/\/pedagogie.ac-lille.fr\/prof-doc\/wp-json\/wp\/v2\/comments?post=1374"}],"version-history":[{"count":5,"href":"https:\/\/pedagogie.ac-lille.fr\/prof-doc\/wp-json\/wp\/v2\/pages\/1374\/revisions"}],"predecessor-version":[{"id":4224,"href":"https:\/\/pedagogie.ac-lille.fr\/prof-doc\/wp-json\/wp\/v2\/pages\/1374\/revisions\/4224"}],"wp:attachment":[{"href":"https:\/\/pedagogie.ac-lille.fr\/prof-doc\/wp-json\/wp\/v2\/media?parent=1374"}],"curies":[{"name":"wp","href":"https:\/\/api.w.org\/{rel}","templated":true}]}}